{"id":20871,"date":"2023-11-16T15:38:29","date_gmt":"2023-11-16T15:38:29","guid":{"rendered":"https:\/\/gimeco.com\/services\/"},"modified":"2024-06-03T09:23:34","modified_gmt":"2024-06-03T09:23:34","slug":"dienstleistungen","status":"publish","type":"page","link":"https:\/\/gimeco.com\/de\/dienstleistungen\/","title":{"rendered":"Dienstleistungen"},"content":{"rendered":"<div class=\"vgblk-rw-wrapper limit-wrapper\">\r\n\r\n\t<p>Die Philosophie von GIMECO war es immer, die Kunden w\u00e4hrend des gesamten Lebenszyklus ihrer Feuerverzinkungsausr\u00fcstung zu <strong>begleiten<\/strong>. Das bedeutet, dass unser Engagement auch nach der Inbetriebnahme einer Anlage darin besteht, Ihnen die <strong>bestm\u00f6gliche Unterst\u00fctzung<\/strong> zu bieten, um die urspr\u00fcngliche Leistung aufrechtzuerhalten und sicherzustellen, dass im Laufe der Zeit die Produktions- und wirtschaftlichen Nachhaltigkeitsziele eingehalten werden, wie urspr\u00fcnglich versprochen.<\/p>\r\n<p>Im Laufe der Jahre hat GIMECO eine Reihe von qualitativ hochwertigen <strong>technischen und Beratungsdienstleistungen<\/strong> f\u00fcr die Feuerverzinkungsindustrie entwickelt, implementiert und verfeinert, von denen viele wegweisend sind und mittlerweile zahlreiche Nachahmungen und Ableger z\u00e4hlen.<\/p>\r\n<h3>\r\n\t<b>Technische Dienstleistungen, Unterst\u00fctzung, Beratung<\/b>\r\n\t<\/h3>\r\n<h3>\r\n\t\t\t<a href=\"https:\/\/gimeco.com\/de\/dienstleistungen\/kid\/\" title=\"KID\u2122&lt;br&gt;Kesselinspektionen\" target=\"_self\" rel=\"noopener\">\r\n\tKID\u2122<br \/>Kesselinspektionen\r\n\t\t\t<\/a>\r\n\t<\/h3>\r\n\t<p>Im Jahr <strong>2006<\/strong>, nach jahrelangen Forschungs- und Studienarbeiten zusammen mit dem National Research Council of Canada&#8230;<\/p>\r\n\t<a href=\"https:\/\/gimeco.com\/de\/dienstleistungen\/kid\/\" target=\"_self\" role=\"button\" rel=\"noopener\">\r\n\t\t\t\t\tMehr <b>erfahren<\/b>\r\n\t<\/a>\r\n<h3>\r\n\t\t\t<a href=\"https:\/\/gimeco.com\/de\/dienstleistungen\/kesselmanagement\/\" title=\"Zink- und Kesselmanagement\" target=\"_self\" rel=\"noopener\">\r\n\tZink- und Kesselmanagement\r\n\t\t\t<\/a>\r\n\t<\/h3>\r\n\tUnsere modernen L\u00f6sungen f\u00fcr das<br \/>\r\n<strong>Zink- und Kesselmanagement<\/strong> sind speziell f\u00fcr die Feuerverzinkung konzipiert&#8230;\r\n\t<a href=\"https:\/\/gimeco.com\/de\/dienstleistungen\/kesselmanagement\/\" target=\"_self\" role=\"button\" rel=\"noopener\">\r\n\t\t\t\t\tMehr <b>erfahren<\/b>\r\n\t<\/a>\r\n<h3>\r\n\t\t\t<a href=\"https:\/\/gimeco.com\/de\/dienstleistungen\/spulendienstleistungen\/\" title=\"Services f\u00fcr&lt;br&gt;Coil-Linien&lt;br&gt;(Spulenlinien)\" target=\"_self\" rel=\"noopener\">\r\n\tServices f\u00fcr<br \/>Coil-Linien<br \/>(Spulenlinien)\r\n\t\t\t<\/a>\r\n\t<\/h3>\r\n\t<p><strong>Zu den neuesten<\/strong> von GIMECO angebotenen Dienstleistungen geh\u00f6ren dedizierte L\u00f6sungen f\u00fcr das Kesselmanagement, den Austausch von Induktoren&#8230;<\/p>\r\n\t<a href=\"https:\/\/gimeco.com\/de\/dienstleistungen\/spulendienstleistungen\/\" target=\"_self\" role=\"button\" rel=\"noopener\">\r\n\t\t\t\t\tMehr <b>erfahren<\/b>\r\n\t<\/a>\r\n<h3>\r\n\t\t\t<a href=\"https:\/\/gimeco.com\/de\/dienstleistungen\/erneuerungen\/\" title=\"Erneuerungen\" target=\"_self\" rel=\"noopener\">\r\n\tErneuerungen\r\n\t\t\t<\/a>\r\n\t<\/h3>\r\n\t<p>GIMECO hat sich schon immer nicht nur auf das Design neuer Anlagen spezialisiert, sondern auch auf die <strong>vollst\u00e4ndige Modernisierung<\/strong>&#8230;<\/p>\r\n\t<a href=\"https:\/\/gimeco.com\/de\/dienstleistungen\/erneuerungen\/\" target=\"_self\" role=\"button\" rel=\"noopener\">\r\n\t\t\t\t\tMehr <b>erfahren<\/b>\r\n\t<\/a>\r\n<h3>\r\n\t\t\t<a href=\"https:\/\/gimeco.com\/de\/dienstleistungen\/industrie-4-0\/\" title=\"Industrie 4.0\" target=\"_self\" rel=\"noopener\">\r\n\tIndustrie 4.0\r\n\t\t\t<\/a>\r\n\t<\/h3>\r\n\t<p>Die digitale Transformation, oder Industrie 4.0, repr\u00e4sentiert eine <strong>tiefgreifende Ver\u00e4nderung<\/strong> in der Art und Weise, wie Unternehmen und Branchen&#8230;<\/p>\r\n\t<a href=\"https:\/\/gimeco.com\/de\/dienstleistungen\/industrie-4-0\/\" target=\"_self\" role=\"button\" rel=\"noopener\">\r\n\t\t\t\t\tMehr <b>erfahren<\/b>\r\n\t<\/a>\r\n<h3>\r\n\t\t\t<a href=\"https:\/\/gimeco.com\/de\/dienstleistungen\/technischer-support-ersatzteile\/\" title=\"Technische Unterst\u00fctzung -&lt;br&gt;Ersatzteile\" target=\"_self\" rel=\"noopener\">\r\n\tTechnische Unterst\u00fctzung &#8211;<br \/>Ersatzteile\r\n\t\t\t<\/a>\r\n\t<\/h3>\r\n\t<p>Als nat\u00fcrliche Erweiterung unserer Aktivit\u00e4ten sind wir stolz darauf, eine umfassende Palette von <strong>Unterst\u00fctzungsdiensten<\/strong> anzubieten&#8230;<\/p>\r\n\t<a href=\"https:\/\/gimeco.com\/de\/dienstleistungen\/technischer-support-ersatzteile\/\" target=\"_self\" role=\"button\" rel=\"noopener\">\r\n\t\t\t\t\tMehr <b>erfahren<\/b>\r\n\t<\/a>\r\n<h3>\r\n\t\t\t<a href=\"https:\/\/gimeco.com\/de\/dienstleistungen\/chemische-produkte\/\" title=\"Chemieprodukte\" target=\"_self\" rel=\"noopener\">\r\n\tChemieprodukte\r\n\t\t\t<\/a>\r\n\t<\/h3>\r\n\t<p>Die Feuerverzinkungstechnologie entwickelt sich st\u00e4ndig weiter durch die Anforderungen an Qualit\u00e4t&#8230;<\/p>\r\n\t<a href=\"https:\/\/gimeco.com\/de\/dienstleistungen\/chemische-produkte\/\" target=\"_self\" role=\"button\" rel=\"noopener\">\r\n\t\t\t\t\tMehr <b>erfahren<\/b>\r\n\t<\/a>\r\n<h5>\r\n\tINTERNATIONALES NETZWERK\r\n\t<\/h5>\r\n<h3>\r\n\tUnsere Unterst\u00fctzung, <b>\u00fcberall<\/b>\r\n\t<\/h3>\r\n<h4>\r\n\tItalien<br \/><b>GIMECO [HQ]<\/b>\r\n\t<\/h4>\r\n\t<p>Unser Hauptsitz in Italien beantwortet Anfragen nach Unterst\u00fctzung und Hilfe \u00fcberall auf der Welt, dank unseres spezialisierten Teams von Technikern und Ingenieuren.<\/p>\r\n<h4>\r\n\tVereinigte Staaten<br \/><b>GIMECO USA<\/b>\r\n\t<\/h4>\r\n\t<p>Unsere Niederlassung in South Carolina ist dem nordamerikanischen Markt gewidmet und verf\u00fcgt \u00fcber B\u00fcros und Lager. Das Personal ist in der Lage, prompt auf Unterst\u00fctzungsanfragen von einer K\u00fcste zur anderen zu reagieren.<\/p>\r\n<h4>\r\n\tKanada<br \/><b>ZINCO TECHNOLOGIES<\/b>\r\n\t<\/h4>\r\n\t<p>Spezialabteilung f\u00fcr die Ofen- und Kesselmanagementdienste (Ultrashallinspektion der Kesselwanddicke, Auspumparbeiten, mobile Haltebeh\u00e4lter, Ofenabstimmung, Unterst\u00fctzung) f\u00fcr den nordamerikanischen Markt.<\/p>\r\n<h4>\r\n\tSchweden<br \/><b>RECYCLEAN SYSTEMS<\/b>\r\n\t<\/h4>\r\n\t<p>Unsere schwedische Schwesterfirma vervollst\u00e4ndigt unsere umfassende Unterst\u00fctzung f\u00fcr Feuerverzinker, indem sie hochwertige Produkte f\u00fcr die chemische Verarbeitung entwickelt und bereitstellt.<\/p>\r\n\t\t\t<a href=\"https:\/\/recyclean.se\/\" target=\"_blank\" rel=\"noopener\">\r\n\t\t\t\t\t\t\tBesuch\r\n\t\t\t\t\t<\/a>\r\n<h4>\r\n\tAustralien<br \/><b>FURPHY ENGINEERING<\/b>\r\n\t<\/h4>\r\n\t<p>Ultraschall-Kesselinspektionen mit der KID<sup>TM<\/sup>-Technologie sind dank unseres kompetenten Partners in Shepparton n\u00e4her an den australischen Feuerverzinkern.<\/p>\r\n\t\t\t<a href=\"https:\/\/www.furphyengineering.com.au\/\" target=\"_blank\" rel=\"noopener\">\r\n\t\t\t\t\t\t\tBesuch\r\n\t\t\t\t\t<\/a>\r\n\r\n<\/div><!-- .vgblk-rw-wrapper -->","protected":false},"excerpt":{"rendered":"<p>Die Philosophie von GIMECO war es immer, die Kunden w\u00e4hrend des gesamten Lebenszyklus ihrer Feuerverzinkungsausr\u00fcstung zu begleiten. Das bedeutet, dass unser Engagement auch nach der Inbetriebnahme einer Anlage darin besteht, Ihnen die bestm\u00f6gliche Unterst\u00fctzung zu bieten, um die urspr\u00fcngliche Leistung aufrechtzuerhalten und sicherzustellen, dass im Laufe der Zeit die Produktions- und wirtschaftlichen Nachhaltigkeitsziele eingehalten werden,&#8230;<\/p>\n","protected":false},"author":1,"featured_media":0,"parent":0,"menu_order":0,"comment_status":"closed","ping_status":"closed","template":"","meta":{"inline_featured_image":false,"footnotes":""},"class_list":["post-20871","page","type-page","status-publish","hentry"],"yoast_head":"<!-- This site is optimized with the Yoast SEO plugin v26.4 - https:\/\/yoast.com\/wordpress\/plugins\/seo\/ -->\n<title>Dienstleistungen f\u00fcr die Feuerverzinkung | GIMECO Impianti<\/title>\n<meta name=\"description\" content=\"Die Philosophie von GIMECO war schon immer, die Kunden w\u00e4hrend der gesamten Lebensdauer ihrer Verzinkungsanlagen zu begleiten.\" \/>\n<meta name=\"robots\" content=\"index, follow, max-snippet:-1, max-image-preview:large, max-video-preview:-1\" \/>\n<link rel=\"canonical\" href=\"https:\/\/gimeco.com\/services\/\" \/>\n<meta property=\"og:locale\" content=\"de_DE\" \/>\n<meta property=\"og:type\" content=\"article\" \/>\n<meta property=\"og:title\" content=\"Dienstleistungen f\u00fcr die Feuerverzinkung | GIMECO Impianti\" \/>\n<meta property=\"og:description\" content=\"Die Philosophie von GIMECO war schon immer, die Kunden w\u00e4hrend der gesamten Lebensdauer ihrer Verzinkungsanlagen zu begleiten.\" \/>\n<meta property=\"og:url\" content=\"https:\/\/gimeco.com\/services\/\" \/>\n<meta property=\"og:site_name\" content=\"GIMECO Impianti\" \/>\n<meta property=\"article:publisher\" content=\"https:\/\/www.facebook.com\/gimecogroup\" \/>\n<meta property=\"article:modified_time\" content=\"2024-06-03T09:23:34+00:00\" \/>\n<meta property=\"og:image\" content=\"https:\/\/gimeco.com\/wp-content\/uploads\/2023\/11\/Logo_GIMECO_StringNoPayoff-250.png\" \/>\n\t<meta property=\"og:image:width\" content=\"250\" \/>\n\t<meta property=\"og:image:height\" content=\"98\" \/>\n\t<meta property=\"og:image:type\" content=\"image\/png\" \/>\n<script type=\"application\/ld+json\" class=\"yoast-schema-graph\">{\"@context\":\"https:\/\/schema.org\",\"@graph\":[{\"@type\":\"WebPage\",\"@id\":\"https:\/\/gimeco.com\/services\/\",\"url\":\"https:\/\/gimeco.com\/services\/\",\"name\":\"Dienstleistungen f\u00fcr die Feuerverzinkung | GIMECO Impianti\",\"isPartOf\":{\"@id\":\"https:\/\/gimeco.com\/#website\"},\"datePublished\":\"2023-11-16T15:38:29+00:00\",\"dateModified\":\"2024-06-03T09:23:34+00:00\",\"description\":\"Die Philosophie von GIMECO war schon immer, die Kunden w\u00e4hrend der gesamten Lebensdauer ihrer Verzinkungsanlagen zu begleiten.\",\"breadcrumb\":{\"@id\":\"https:\/\/gimeco.com\/services\/#breadcrumb\"},\"inLanguage\":\"de\",\"potentialAction\":[{\"@type\":\"ReadAction\",\"target\":[\"https:\/\/gimeco.com\/services\/\"]}]},{\"@type\":\"BreadcrumbList\",\"@id\":\"https:\/\/gimeco.com\/services\/#breadcrumb\",\"itemListElement\":[{\"@type\":\"ListItem\",\"position\":1,\"name\":\"Home\",\"item\":\"https:\/\/gimeco.com\/de\/\"},{\"@type\":\"ListItem\",\"position\":2,\"name\":\"Dienstleistungen\"}]},{\"@type\":\"WebSite\",\"@id\":\"https:\/\/gimeco.com\/#website\",\"url\":\"https:\/\/gimeco.com\/\",\"name\":\"gimeco.com\",\"description\":\"Your Partner from A to Zink\",\"publisher\":{\"@id\":\"https:\/\/gimeco.com\/#organization\"},\"alternateName\":\"Gimeco\",\"potentialAction\":[{\"@type\":\"SearchAction\",\"target\":{\"@type\":\"EntryPoint\",\"urlTemplate\":\"https:\/\/gimeco.com\/?s={search_term_string}\"},\"query-input\":{\"@type\":\"PropertyValueSpecification\",\"valueRequired\":true,\"valueName\":\"search_term_string\"}}],\"inLanguage\":\"de\"},{\"@type\":\"Organization\",\"@id\":\"https:\/\/gimeco.com\/#organization\",\"name\":\"Gimeco\",\"url\":\"https:\/\/gimeco.com\/\",\"logo\":{\"@type\":\"ImageObject\",\"inLanguage\":\"de\",\"@id\":\"https:\/\/gimeco.com\/#\/schema\/logo\/image\/\",\"url\":\"https:\/\/gimeco.com\/wp-content\/uploads\/2023\/11\/Logo_GIMECO_StringNoPayoff-250.png\",\"contentUrl\":\"https:\/\/gimeco.com\/wp-content\/uploads\/2023\/11\/Logo_GIMECO_StringNoPayoff-250.png\",\"width\":250,\"height\":98,\"caption\":\"Gimeco\"},\"image\":{\"@id\":\"https:\/\/gimeco.com\/#\/schema\/logo\/image\/\"},\"sameAs\":[\"https:\/\/www.facebook.com\/gimecogroup\"]}]}<\/script>\n<!-- \/ Yoast SEO plugin. -->","yoast_head_json":{"title":"Dienstleistungen f\u00fcr die Feuerverzinkung | GIMECO Impianti","description":"Die Philosophie von GIMECO war schon immer, die Kunden w\u00e4hrend der gesamten Lebensdauer ihrer Verzinkungsanlagen zu begleiten.","robots":{"index":"index","follow":"follow","max-snippet":"max-snippet:-1","max-image-preview":"max-image-preview:large","max-video-preview":"max-video-preview:-1"},"canonical":"https:\/\/gimeco.com\/services\/","og_locale":"de_DE","og_type":"article","og_title":"Dienstleistungen f\u00fcr die Feuerverzinkung | GIMECO Impianti","og_description":"Die Philosophie von GIMECO war schon immer, die Kunden w\u00e4hrend der gesamten Lebensdauer ihrer Verzinkungsanlagen zu begleiten.","og_url":"https:\/\/gimeco.com\/services\/","og_site_name":"GIMECO Impianti","article_publisher":"https:\/\/www.facebook.com\/gimecogroup","article_modified_time":"2024-06-03T09:23:34+00:00","og_image":[{"width":250,"height":98,"url":"https:\/\/gimeco.com\/wp-content\/uploads\/2023\/11\/Logo_GIMECO_StringNoPayoff-250.png","type":"image\/png"}],"schema":{"@context":"https:\/\/schema.org","@graph":[{"@type":"WebPage","@id":"https:\/\/gimeco.com\/services\/","url":"https:\/\/gimeco.com\/services\/","name":"Dienstleistungen f\u00fcr die Feuerverzinkung | GIMECO Impianti","isPartOf":{"@id":"https:\/\/gimeco.com\/#website"},"datePublished":"2023-11-16T15:38:29+00:00","dateModified":"2024-06-03T09:23:34+00:00","description":"Die Philosophie von GIMECO war schon immer, die Kunden w\u00e4hrend der gesamten Lebensdauer ihrer Verzinkungsanlagen zu begleiten.","breadcrumb":{"@id":"https:\/\/gimeco.com\/services\/#breadcrumb"},"inLanguage":"de","potentialAction":[{"@type":"ReadAction","target":["https:\/\/gimeco.com\/services\/"]}]},{"@type":"BreadcrumbList","@id":"https:\/\/gimeco.com\/services\/#breadcrumb","itemListElement":[{"@type":"ListItem","position":1,"name":"Home","item":"https:\/\/gimeco.com\/de\/"},{"@type":"ListItem","position":2,"name":"Dienstleistungen"}]},{"@type":"WebSite","@id":"https:\/\/gimeco.com\/#website","url":"https:\/\/gimeco.com\/","name":"gimeco.com","description":"Your Partner from A to Zink","publisher":{"@id":"https:\/\/gimeco.com\/#organization"},"alternateName":"Gimeco","potentialAction":[{"@type":"SearchAction","target":{"@type":"EntryPoint","urlTemplate":"https:\/\/gimeco.com\/?s={search_term_string}"},"query-input":{"@type":"PropertyValueSpecification","valueRequired":true,"valueName":"search_term_string"}}],"inLanguage":"de"},{"@type":"Organization","@id":"https:\/\/gimeco.com\/#organization","name":"Gimeco","url":"https:\/\/gimeco.com\/","logo":{"@type":"ImageObject","inLanguage":"de","@id":"https:\/\/gimeco.com\/#\/schema\/logo\/image\/","url":"https:\/\/gimeco.com\/wp-content\/uploads\/2023\/11\/Logo_GIMECO_StringNoPayoff-250.png","contentUrl":"https:\/\/gimeco.com\/wp-content\/uploads\/2023\/11\/Logo_GIMECO_StringNoPayoff-250.png","width":250,"height":98,"caption":"Gimeco"},"image":{"@id":"https:\/\/gimeco.com\/#\/schema\/logo\/image\/"},"sameAs":["https:\/\/www.facebook.com\/gimecogroup"]}]}},"_links":{"self":[{"href":"https:\/\/gimeco.com\/de\/wp-json\/wp\/v2\/pages\/20871","targetHints":{"allow":["GET"]}}],"collection":[{"href":"https:\/\/gimeco.com\/de\/wp-json\/wp\/v2\/pages"}],"about":[{"href":"https:\/\/gimeco.com\/de\/wp-json\/wp\/v2\/types\/page"}],"author":[{"embeddable":true,"href":"https:\/\/gimeco.com\/de\/wp-json\/wp\/v2\/users\/1"}],"replies":[{"embeddable":true,"href":"https:\/\/gimeco.com\/de\/wp-json\/wp\/v2\/comments?post=20871"}],"version-history":[{"count":8,"href":"https:\/\/gimeco.com\/de\/wp-json\/wp\/v2\/pages\/20871\/revisions"}],"predecessor-version":[{"id":22526,"href":"https:\/\/gimeco.com\/de\/wp-json\/wp\/v2\/pages\/20871\/revisions\/22526"}],"wp:attachment":[{"href":"https:\/\/gimeco.com\/de\/wp-json\/wp\/v2\/media?parent=20871"}],"curies":[{"name":"wp","href":"https:\/\/api.w.org\/{rel}","templated":true}]}}