{"id":20875,"date":"2023-11-22T07:21:59","date_gmt":"2023-11-22T07:21:59","guid":{"rendered":"https:\/\/gimeco.com\/company\/"},"modified":"2025-12-23T10:51:48","modified_gmt":"2025-12-23T10:51:48","slug":"unternehmen","status":"publish","type":"page","link":"https:\/\/gimeco.com\/de\/unternehmen\/","title":{"rendered":"Unternehmen"},"content":{"rendered":"<div class=\"vgblk-rw-wrapper limit-wrapper\">\n<h2>\n\tIhr Partner, <b>von A bis Zink<\/b>\n\t<\/h2>\n\tIn <a href=\"https:\/\/de.wikipedia.org\/wiki\/Mailand\" target=\"_blank\" rel=\"noopener\"><strong>Mailand<\/strong><\/a>, <a href=\"https:\/\/de.wikipedia.org\/wiki\/Italien\" target=\"_blank\" rel=\"noopener\"><strong>Norditalien<\/strong><\/a>, gegr\u00fcndet, entwerfen, bauen, installieren und renovieren wir <a href=\"https:\/\/de.wikipedia.org\/wiki\/Feuerverzinken\" target=\"_blank\" rel=\"noopener\"><strong>Feuerverzinkungsanlagen<\/strong><\/a> seit <strong>1976<\/strong>. Durch unsere Vergangenheit als Feuerverzinker sind uns die Bed\u00fcrfnisse, spezifischen Merkmale und die Kritikalit\u00e4t der Feuerverzinkung sowie allgemein der <strong>metallurgischen Prozesse<\/strong> bestens bekannt.<br \/>\nAls <strong>erstes Unternehmen<\/strong> weltweit konnten wir ein <strong>umfassendes Angebot vorstellen<\/strong>, von Handhabung und Logistik \u00fcber Vorbehandlung, Chemikalien und Heizsysteme bis hin zu Software und Dienstleistungen, um Tausende von Anforderungen zu erf\u00fcllen. Daher sind wir der alleinige Partner und Referenz f\u00fcr jeden Feuerverzinker.<br \/>\nUnser Gr\u00fcnder <strong>Ermes Moroni<\/strong> hat immer den <strong>Instinkt f\u00fcr Innovation<\/strong> und die eingehende Analyse dessen, was wir tun, inspiriert und gen\u00e4hrt. Unsere manchmal bahnbrechenden Entscheidungen haben auch dazu beigetragen, die <em>&#8222;Art des Feuerverzinkens&#8220;<\/em> in Italien und auf der ganzen Welt zu verbessern.\nWir arbeiten in <strong>jeder Phase<\/strong> mit Ihnen zusammen und decken alle betrieblichen Anforderungen ab: von der Beratung \u00fcber die Planung bis hin zur Fertigung, Installation, Inbetriebnahme, technischen Unterst\u00fctzung und technologischen Schulung f\u00fcr diejenigen, die die Anlage bedienen werden.<br \/>\nNeben ma\u00dfgeschneiderten und hochmodernen <strong>schl\u00fcsselfertigen L\u00f6sungen<\/strong> bieten wir auch eine breite Palette von <strong>Dienstleistungen<\/strong> an, um die optimale Leistung der Anlagen in Bezug auf Produktivit\u00e4t und wirtschaftliche F\u00fchrung zu gew\u00e4hrleisten.\n<h2>\n\t <b>Missionserkl\u00e4rung<\/b>\n\t<\/h2>\n\t<p><em>&#8222;Unser blaues Logo auf jeder Feuerverzinkungsanlage platzieren, um unsere Position und Zuverl\u00e4ssigkeit weltweit zu verst\u00e4rken.&#8220;<\/em><\/p>\n\t<p><em>&#8222;Die besten integrierten, innovativen und nachhaltigen L\u00f6sungen f\u00fcr den Markt der Feuerverzinkung liefern, indem wir kontinuierlich unsere Prozesse zur Zufriedenheit der Kunden verbessern.&#8220;<\/em><\/p>\n\tKundenengagement<br \/>\nArbeitsmoral<br \/>\nNachhaltigkeit und Inklusion<br \/>\nMut zur Innovation<br \/>\nZuverl\u00e4ssigkeit<br \/>\nBesessenheit von Verbesserungen<br \/>\nRisikobasiertes Denken<br \/>\nTeamgeist\n<h2>\n\t<b>Meilensteine<\/b>\n\t<\/h2>\n\t\t\t1976-1979\n\t\t<p>\u00a0<strong>1976, Gr\u00fcndung<\/strong><br \/>Ermes Moroni gr\u00fcndet das Unternehmen in Bresso, einer kleinen Stadt in der Umgebung von Mailand, und setzt dabei die bereits gesammelte Erfahrung in der Feuerverzinkung erfolgreich ein.<strong>1979, Erstes verkaufte Projekt<\/strong><br \/>Von einer Wohnung in Bresso, in der N\u00e4he von Mailand, aus verkauft Ermes mit Unterst\u00fctzung seiner Frau Vilma die erste vollst\u00e4ndige Anlage. Diese wurde immer umfassender und enthielt L\u00f6sungen, die den traditionellen Feuerverzinkungsprozess revolutionierten.<\/p>\n\t\t\t1980-1989\n\t\t<p>\u00a0<strong>1980, \u00d6ffnung des internationalen Marktes<\/strong><br \/>Eine Bestellung wird von einem ausl\u00e4ndischen Unternehmen platziert, die erste von vielen f\u00fcr den internationalen Markt. In der Zwischenzeit w\u00e4chst GIMECO sowohl in Bezug auf Mitarbeiter als auch Struktur weiter.<strong>1985, Business in Indien<\/strong><br \/>Der positive Wachstumstrend best\u00e4tigt sich, und wir erweitern unser Gesch\u00e4ft auch in Indien.<strong>1989, Erstes schnelles Kessel-Extraktionssystem<\/strong><br \/>Wir entwerfen das erste schnelle Kessel-Extraktionssystem Kettle-out\u2122, eine L\u00f6sung, die den innovativen Ansatz von GIMECO best\u00e4tigt.<\/p>\n\t\t\t1990-1999\n\t\t<p>\u00a0<strong>1992, Ein entscheidendes Jahr<\/strong><br \/>Wir verlegen unseren Hauptsitz von Bresso nach Trezzano Rosa, ebenfalls im Umland von Mailand, in ein eigenes Geb\u00e4ude. Wissen und F\u00e4higkeiten wachsen Hand in Hand mit Ums\u00e4tzen und dem Wunsch, weiterhin zu experimentieren: wir pr\u00e4sentieren das erste automatische Gestellhandling-System.<strong>1996, Erste automatisierte Feuerverzinkungslinie f\u00fcr Rohre<\/strong><br \/>Ein weiterer technologischer Meilenstein von GIMECO. Wir entwerfen und implementieren unsere erste automatisierte Feuerverzinkungslinie f\u00fcr Rohre.<strong>1997, Management-Aufbau<\/strong><br \/>Eine neue Generation tritt dem Unternehmen bei: Ermes Tochter, Eleonora, erlernt das Handwerk und unterst\u00fctzt die interne Organisation, die sich zunehmend zu einer stabileren Struktur mit einem Manager-Aufbau entwickelt.<\/p>\n\t\t\t2000-2009\n\t\t<p>\u00a0<strong>2001, Noch mehr Innovation<\/strong><br \/>Wir erzielen zwei bedeutende technologische Erfolge mit dem Bau einer suspendierten automatischen Schleuderverzinkungsanlage und dem Entwurf des ersten automatisierten \u00dcberkopf-Transportsystems.<strong>2004, Chemikalien<\/strong><br \/>Um einen immer umfassenderen Service anzubieten und tats\u00e4chliche Kontrolle \u00fcber Qualit\u00e4t und Sicherheit zu haben, implementieren wir den Lieferdienst f\u00fcr Prozesschemikalien.<strong>2005, Weitere Expansion<\/strong><br \/>GIMECO w\u00e4chst weiter. Wir erwerben das neben unserem Geb\u00e4ude liegende Geb\u00e4ude und organisieren Abteilungen neu, um die Effizienz und Bedienbarkeit zu verbessern.<strong>2008, Zur Gruppe werden<\/strong><br \/>Die Idee, eine Gruppe zu werden, setzt sich bei GIMECO durch. Tats\u00e4chlich starten wir das Jahr mit der \u00dcbernahme von CO.T.IMP.I., einem Unternehmen, das automatisierte Feuerverzinkungsanlagen f\u00fcr Rohre entwirft. In der Zwischenzeit wird das S\u00e4ureregenerationssystem getestet und in Betrieb genommen.<strong>2009, Innovation in Ofentechnologie<\/strong><br \/>Unsere Innovationsf\u00e4higkeit setzt sich fort und wird durch zwei neue fortschrittliche L\u00f6sungen best\u00e4tigt: Wir haben den ersten Hochgeschwindigkeits-Dual-Chamber\u2122-Ofen entworfen und den ersten hocheffizienten voll elektrischen Ofen in Betrieb genommen.<\/p>\n\t\t\t2010-2019\n\t\t<p>\u00a0<strong>2013, Zinkhaltige Warmhalte\u00f6fen<\/strong><br \/>GIMECO festigt seine Servicestruktur f\u00fcr Feuerverzinker durch die Bereitstellung von transportablen fl\u00fcssigen Zink-Warmhalte\u00f6fen.<strong>2014, Die Gruppe expandiert<\/strong><br \/>Wir st\u00e4rken unsere Gruppe durch die strategischen \u00dcbernahmen von ZINCO Service, einem spezialisierten Unternehmen in Brescia, Italien, das eine fortschrittliche und pr\u00e4zise Kessel-Diagnosemethode (KID\u2122, vorgestellt auf der INTERGALVA 2006) patentiert hat, sowie dessen kanadischer Schwesterfirma Zinco Technologies und Recyclean Systems, einem schwedischen Unternehmen, das chemische L\u00f6sungen und Ausr\u00fcstungen f\u00fcr die industrielle Verarbeitung entwickelt.<strong>2015, Neue Softwarel\u00f6sungen<\/strong><br \/>Um das Paket f\u00fcr das effiziente Management von Feuerverzinkungsanlagen zu vervollst\u00e4ndigen, bringen wir zwei selbst entwickelte Software-Suiten auf den Markt: HerMES\u2122, die die vollst\u00e4ndige Anlagensteuerung und R\u00fcckverfolgbarkeit von Produkten erm\u00f6glicht, und Zephyr\u2122, eine Software zur Verwaltung des Energieverbrauchs.<strong>2016, Einf\u00fchrung von Robotertechnik<\/strong><br \/>Wir entwerfen die erste automatisierte und robotergest\u00fctzte Feuerverzinkungsanlage. Eine bemerkenswerte Anstrengung, die unsere technologischen und probleml\u00f6senden F\u00e4higkeiten weiter st\u00e4rkt. Der Hauptsitz in Trezzano Rosa erweitert sich um ein neues, modernes und funktionales Geb\u00e4ude, das ausschlie\u00dflich B\u00fcros gewidmet ist.<strong>2017, Erster Infrarottrockner<\/strong><br \/>GIMECO schl\u00e4gt erneut zu und pr\u00e4sentiert den ersten Infrarottrockner: Innovation treibt das Unternehmen stets voran.<strong>2019, GIMECO USA<\/strong><br \/>Es ist die Zeit f\u00fcr die Gr\u00fcndung von GIMECO USA, er\u00f6ffnet in Spartanburg, South Carolina, um die Aktivit\u00e4ten im Bereich Verkauf, Service und Unterst\u00fctzung n\u00e4her an den amerikanischen Kunden zu bringen.<\/p>\n\t\t\t2020-Heute\n\t\t<p>\u00a0<strong>2021, 45 &#8218;Kerzen&#8216;<\/strong><br \/>GIMECO feiert ein wichtiges Jubil\u00e4um und bl\u00e4st 45 Kerzen.<br \/>Im gleichen Jahr wird die nat\u00fcrliche Einstellung zur Qualit\u00e4t genutzt, und GIMECO erh\u00e4lt die Zertifizierung nach dem standardisierten Qualit\u00e4tsmanagementsystem ISO 9001:2015.<strong>2022, Erstes Handling-Ger\u00e4t f\u00fcr Feuerverzinker<\/strong><br \/>W\u00e4hrend der INTERGALVA 2022 in Rom wird MOVER\u2122, ein intelligentes Handling-Ger\u00e4t speziell f\u00fcr Feuerverzinkung, vorgestellt, ebenso wie die Intelligent Remote Assistance Suite, ein Remote-Support- und Ticketing-System, um unsere Unterst\u00fctzung f\u00fcr Kunden zu verbessern.<strong>2024, Vertikale Hochdichteanlagen<\/strong><br \/>GIMECO best\u00e4tigt erneut seine Einstellung zu hochmodernen L\u00f6sungen, indem es sogenannte vertikale Feuerverzinkungsanlagen entwirft und in Betrieb nimmt. Das grundlegende Prinzip des Designs besteht in der drastischen Steigerung der Dichte von eingetauchten Stahlprofilen pro Zeiteinheit mit einer Verbesserung des Produktionszeitzyklus.<strong>2026, Ein halbes Jahrhundert an L\u00f6sungen f\u00fcr Feuerverzinkung.<br \/><\/strong>F\u00fcnfzig Jahre Geschichte, ein Band, das der Zeit trotzt. Unsere Vision bleibt solide und st\u00e4ndig in Entwicklung. Ein Meilenstein, der unser Engagement f\u00fcr Innovation zeigt. Wir sind so widerstandsf\u00e4hig wie Zink.<\/p>\n<h2>\n\t<b>Weltweite<\/b> Pr\u00e4senz\n\t<\/h2>\n\t<p>\u00dcber Jahrzehnte hinweg hat sich neben dem Firmenhauptsitz in Italien eine Gruppe weltweit entwickelt, mit lokalen Niederlassungen, Schwesterunternehmen und Remote-Teams, die eine <strong>weitreichende Pr\u00e4senz<\/strong> auf verschiedenen Kontinenten gew\u00e4hrleisten.<\/p>\n\t\t\t\t\t\t\t<img loading=\"lazy\" decoding=\"async\" src=\"https:\/\/gimeco.com\/wp-content\/uploads\/2024\/01\/mappa-global-presence-sito-3.png\" alt=\"mappa-global-presence-sito\" itemprop=\"image\" height=\"1466\" width=\"2700\" title=\"mappa-global-presence-sito\" onerror=\"this.style.display='none'\"  sizes=\"auto, (max-width: 768px) 100vw, 100vw\" srcset=\"https:\/\/gimeco.com\/wp-content\/uploads\/2024\/01\/mappa-global-presence-sito-3.png 2700w, https:\/\/gimeco.com\/wp-content\/uploads\/2024\/01\/mappa-global-presence-sito-3-300x163.png 300w, https:\/\/gimeco.com\/wp-content\/uploads\/2024\/01\/mappa-global-presence-sito-3-1024x556.png 1024w, https:\/\/gimeco.com\/wp-content\/uploads\/2024\/01\/mappa-global-presence-sito-3-768x417.png 768w, https:\/\/gimeco.com\/wp-content\/uploads\/2024\/01\/mappa-global-presence-sito-3-1536x834.png 1536w, https:\/\/gimeco.com\/wp-content\/uploads\/2024\/01\/mappa-global-presence-sito-3-2048x1112.png 2048w, https:\/\/gimeco.com\/wp-content\/uploads\/2024\/01\/mappa-global-presence-sito-3-1260x684.png 1260w, https:\/\/gimeco.com\/wp-content\/uploads\/2024\/01\/mappa-global-presence-sito-3-630x342.png 630w, https:\/\/gimeco.com\/wp-content\/uploads\/2024\/01\/mappa-global-presence-sito-3-420x228.png 420w, https:\/\/gimeco.com\/wp-content\/uploads\/2024\/01\/mappa-global-presence-sito-3-840x456.png 840w, https:\/\/gimeco.com\/wp-content\/uploads\/2024\/01\/mappa-global-presence-sito-3-315x171.png 315w\" \/>\t\t\t\t\t\t\t\n<h2>\n\t<b>Verb\u00e4nde<\/b>\n\t<\/h2>\n\t<ul>\n<li><a href=\"https:\/\/www.aiz.it\/wp1\/\" target=\"_blank\" rel=\"noopener\">ASSOCIAZIONE ITALIANA ZINCATURA (AIZ)<\/a><\/li>\n<li><a href=\"https:\/\/www.ateg.es\/\" target=\"_blank\" rel=\"noopener\">ASOCIACI\u00d3N T\u00c9CNICA ESPA\u00d1OLA DE GALVANIZACI\u00d3N (ATEG)<\/a><\/li>\n<li><a href=\"https:\/\/www.galvazinc.com\/\" target=\"_blank\" rel=\"noopener\">GALVAZINC<\/a><\/li>\n<li><a href=\"https:\/\/www.feuerverzinken.com\/\" target=\"_blank\" rel=\"noopener\">INDUSTRIEVERBAND FEUERVERZINKEN<\/a><\/li>\n<li><a href=\"https:\/\/www.zinkinfobenelux.com\/\">ZINKINFO BENELUX<\/a><\/li>\n<li><a href=\"https:\/\/galvanizing.org.uk\/\" target=\"_blank\" rel=\"noopener\">GALVANIZERS ASSOCIATION (GA)<\/a><\/li>\n<li><a href=\"http:\/\/www.acsz.cz\/\" target=\"_blank\" rel=\"noopener\">ASSOCIATION OF CZECH AND SLOVAK GALVANIZERS (ACSG)<\/a><\/li>\n<li><a href=\"https:\/\/www.galvanizingeurope.org\/\" target=\"_blank\" rel=\"noopener\">EUROPEAN GENERAL GALVANIZERS ASSOCIATION (EGGA)<\/a><\/li>\n<li><a href=\"https:\/\/galvanizeit.org\/\" target=\"_blank\" rel=\"noopener\">AMERICAN GALVANIZERS ASSOCIATION (AGA)<\/a><\/li>\n<li>JAPAN GALVANIZERS ASSOCIATION (JGA)<\/li>\n<li><a href=\"https:\/\/www.hdgasa.org.za\/\" target=\"_blank\" rel=\"noopener\">HOT-DIP GALVANIZERS ASSOCIATION OF SOUTH AFRICA (HDGASA)<\/a><\/li>\n<li><a href=\"https:\/\/www.ilzda.com\/\" target=\"_blank\" rel=\"noopener\">INDIA LEAD ZINC DEVELOPMENT ASSOCIATION (ILZDA)<\/a><\/li>\n<li><a href=\"https:\/\/zdc.ru\/\" target=\"_blank\" rel=\"noopener\">ZINC DEVELOPMENT CENTER (ZDC)<\/a><\/li>\n<\/ul>\n<h3>\n\t<strong>Warum <\/strong> Feuerverzinkung?\n\t<\/h3>\n\t<p>Feuerverzinkung ist der <strong>grundlegende Prozess<\/strong> zum Schutz von Oberfl\u00e4chen metallischer Artefakte, insbesondere solcher aus Stahl. Sie entstand aus der Intuition des franz\u00f6sischen Chemikers Melouin im Jahr <strong>1740<\/strong> und anschlie\u00dfenden Experimenten im 19. Jahrhundert, einschlie\u00dflich des ersten Patents von Sorel im Jahr 1837.<\/p>\n<p>Die Feuerverzinkung beinhaltet das <strong>vollst\u00e4ndige Eintauchen <\/strong>eines ordnungsgem\u00e4\u00df vorbereiteten metallischen Materials in ein Bad aus <strong>geschmolzenem Zink<\/strong>, was zu einer Ver\u00e4nderung der Oberfl\u00e4chenzusammensetzung durch die <strong>Bildung einer Legierung<\/strong> zwischen dem Eisen im Artefakt und dem Zink f\u00fchrt. In diesem Fall, da Zink eine h\u00f6here Elektronegativit\u00e4t als Eisen hat, wirkt es im Falle von elektrolytischer Korrosion als opferanode und bildet eine Verbindung aus Oxiden und Carbonaten, die <strong>einen sicheren und dauerhaften Schutz<\/strong> f\u00fcr den Stahl bieten.<\/p>\n<p>Daher zeichnet sich die Feuerverzinkung als echter metallurgischer Prozess aus und setzt sich gegen\u00fcber anderen Oberfl\u00e4chenbehandlungen wie Beschichtungen oder Anstrichen durch, wenn es darum geht, den Schutz der Artefakte sicherzustellen.<\/p>\n\t<ul>\n<li>Bau und Architektur<br \/>\nTr\u00e4ger, S\u00e4ulen, Gel\u00e4nder, Dachbleche und Gitter, Br\u00fccken, Bewehrungsst\u00e4be<\/li>\n<li>Energie- und Telekommunikationsbranche<br \/>\nWindt\u00fcrme, Tragstrukturen f\u00fcr Solarpaneele, Gittert\u00fcrme, Kommunikationst\u00fcrme, Antennen<\/li>\n<li>Eisenbahnindustrie<br \/>\nSchienen, Strukturen f\u00fcr die Eisenbahnsignalisierung<\/li>\n<li>Automobilindustrie<\/li>\n<li>Schiffbau<\/li>\n<li>Landwirtschaftsbranche<br \/>\nLandwirtschaftliche Ger\u00e4te, Gew\u00e4chsh\u00e4user, Z\u00e4une<\/li>\n<li>Elektro- und Elektronikindustrie<\/li>\n<li>Petrochemische Industrie<br \/>\nTanks, Pipelines, Anlagenstrukturen<\/li>\n<li>Stadtm\u00f6blierung und Stra\u00dfenausstattung<br \/>\nStra\u00dfenbeleuchtungsmasten, Gel\u00e4nder, Z\u00e4une, Leitplanken, Signalstrukturen<\/li>\n<li>Montagehardware<br \/>\nSchrauben, Unterlegscheiben, Schrauben<\/li>\n<li>Rohre und Schl\u00e4uchen<\/li>\n<li>Metallurgie im Allgemeinen<\/li>\n<\/ul>\n\n<\/div><!-- .vgblk-rw-wrapper -->","protected":false},"excerpt":{"rendered":"<p>Ihr Partner, von A bis Zink In Mailand, Norditalien, gegr\u00fcndet, entwerfen, bauen, installieren und renovieren wir Feuerverzinkungsanlagen seit 1976. Durch unsere Vergangenheit als Feuerverzinker sind uns die Bed\u00fcrfnisse, spezifischen Merkmale und die Kritikalit\u00e4t der Feuerverzinkung sowie allgemein der metallurgischen Prozesse bestens bekannt. Als erstes Unternehmen weltweit konnten wir ein umfassendes Angebot vorstellen, von Handhabung und&#8230;<\/p>\n","protected":false},"author":1,"featured_media":0,"parent":0,"menu_order":0,"comment_status":"closed","ping_status":"closed","template":"","meta":{"inline_featured_image":false,"footnotes":""},"class_list":["post-20875","page","type-page","status-publish","hentry"],"yoast_head":"<!-- This site is optimized with the Yoast SEO plugin v26.4 - https:\/\/yoast.com\/wordpress\/plugins\/seo\/ -->\n<title>Unternehmen | GIMECO Impianti<\/title>\n<meta name=\"description\" content=\"Wir planen, bauen, installieren und renovieren Feuerverzinkungsanlagen seit 1976 und haben eine Vergangenheit als Verzinker...\" \/>\n<meta name=\"robots\" content=\"index, follow, max-snippet:-1, max-image-preview:large, max-video-preview:-1\" \/>\n<link rel=\"canonical\" href=\"https:\/\/gimeco.com\/de\/unternehmen\/\" \/>\n<meta property=\"og:locale\" content=\"de_DE\" \/>\n<meta property=\"og:type\" content=\"article\" \/>\n<meta property=\"og:title\" content=\"Unternehmen | GIMECO Impianti\" \/>\n<meta property=\"og:description\" content=\"Wir planen, bauen, installieren und renovieren Feuerverzinkungsanlagen seit 1976 und haben eine Vergangenheit als Verzinker...\" \/>\n<meta property=\"og:url\" content=\"https:\/\/gimeco.com\/de\/unternehmen\/\" \/>\n<meta property=\"og:site_name\" content=\"GIMECO Impianti\" \/>\n<meta property=\"article:publisher\" content=\"https:\/\/www.facebook.com\/gimecogroup\" \/>\n<meta property=\"article:modified_time\" content=\"2025-12-23T10:51:48+00:00\" \/>\n<meta property=\"og:image\" content=\"https:\/\/gimeco.com\/wp-content\/uploads\/2024\/01\/mappa-global-presence-sito-3.png\" \/>\n<script type=\"application\/ld+json\" class=\"yoast-schema-graph\">{\"@context\":\"https:\/\/schema.org\",\"@graph\":[{\"@type\":\"WebPage\",\"@id\":\"https:\/\/gimeco.com\/de\/unternehmen\/\",\"url\":\"https:\/\/gimeco.com\/de\/unternehmen\/\",\"name\":\"Unternehmen | GIMECO Impianti\",\"isPartOf\":{\"@id\":\"https:\/\/gimeco.com\/#website\"},\"primaryImageOfPage\":{\"@id\":\"https:\/\/gimeco.com\/de\/unternehmen\/#primaryimage\"},\"image\":{\"@id\":\"https:\/\/gimeco.com\/de\/unternehmen\/#primaryimage\"},\"thumbnailUrl\":\"https:\/\/gimeco.com\/wp-content\/uploads\/2024\/01\/mappa-global-presence-sito-3.png\",\"datePublished\":\"2023-11-22T07:21:59+00:00\",\"dateModified\":\"2025-12-23T10:51:48+00:00\",\"description\":\"Wir planen, bauen, installieren und renovieren Feuerverzinkungsanlagen seit 1976 und haben eine Vergangenheit als Verzinker...\",\"breadcrumb\":{\"@id\":\"https:\/\/gimeco.com\/de\/unternehmen\/#breadcrumb\"},\"inLanguage\":\"de\",\"potentialAction\":[{\"@type\":\"ReadAction\",\"target\":[\"https:\/\/gimeco.com\/de\/unternehmen\/\"]}]},{\"@type\":\"ImageObject\",\"inLanguage\":\"de\",\"@id\":\"https:\/\/gimeco.com\/de\/unternehmen\/#primaryimage\",\"url\":\"https:\/\/gimeco.com\/wp-content\/uploads\/2024\/01\/mappa-global-presence-sito-3.png\",\"contentUrl\":\"https:\/\/gimeco.com\/wp-content\/uploads\/2024\/01\/mappa-global-presence-sito-3.png\"},{\"@type\":\"BreadcrumbList\",\"@id\":\"https:\/\/gimeco.com\/de\/unternehmen\/#breadcrumb\",\"itemListElement\":[{\"@type\":\"ListItem\",\"position\":1,\"name\":\"Home\",\"item\":\"https:\/\/gimeco.com\/de\/\"},{\"@type\":\"ListItem\",\"position\":2,\"name\":\"Unternehmen\"}]},{\"@type\":\"WebSite\",\"@id\":\"https:\/\/gimeco.com\/#website\",\"url\":\"https:\/\/gimeco.com\/\",\"name\":\"gimeco.com\",\"description\":\"Your Partner from A to Zink\",\"publisher\":{\"@id\":\"https:\/\/gimeco.com\/#organization\"},\"alternateName\":\"Gimeco\",\"potentialAction\":[{\"@type\":\"SearchAction\",\"target\":{\"@type\":\"EntryPoint\",\"urlTemplate\":\"https:\/\/gimeco.com\/?s={search_term_string}\"},\"query-input\":{\"@type\":\"PropertyValueSpecification\",\"valueRequired\":true,\"valueName\":\"search_term_string\"}}],\"inLanguage\":\"de\"},{\"@type\":\"Organization\",\"@id\":\"https:\/\/gimeco.com\/#organization\",\"name\":\"Gimeco\",\"url\":\"https:\/\/gimeco.com\/\",\"logo\":{\"@type\":\"ImageObject\",\"inLanguage\":\"de\",\"@id\":\"https:\/\/gimeco.com\/#\/schema\/logo\/image\/\",\"url\":\"https:\/\/gimeco.com\/wp-content\/uploads\/2023\/11\/Logo_GIMECO_StringNoPayoff-250.png\",\"contentUrl\":\"https:\/\/gimeco.com\/wp-content\/uploads\/2023\/11\/Logo_GIMECO_StringNoPayoff-250.png\",\"width\":250,\"height\":98,\"caption\":\"Gimeco\"},\"image\":{\"@id\":\"https:\/\/gimeco.com\/#\/schema\/logo\/image\/\"},\"sameAs\":[\"https:\/\/www.facebook.com\/gimecogroup\"]}]}<\/script>\n<!-- \/ Yoast SEO plugin. -->","yoast_head_json":{"title":"Unternehmen | GIMECO Impianti","description":"Wir planen, bauen, installieren und renovieren Feuerverzinkungsanlagen seit 1976 und haben eine Vergangenheit als Verzinker...","robots":{"index":"index","follow":"follow","max-snippet":"max-snippet:-1","max-image-preview":"max-image-preview:large","max-video-preview":"max-video-preview:-1"},"canonical":"https:\/\/gimeco.com\/de\/unternehmen\/","og_locale":"de_DE","og_type":"article","og_title":"Unternehmen | GIMECO Impianti","og_description":"Wir planen, bauen, installieren und renovieren Feuerverzinkungsanlagen seit 1976 und haben eine Vergangenheit als Verzinker...","og_url":"https:\/\/gimeco.com\/de\/unternehmen\/","og_site_name":"GIMECO Impianti","article_publisher":"https:\/\/www.facebook.com\/gimecogroup","article_modified_time":"2025-12-23T10:51:48+00:00","og_image":[{"url":"https:\/\/gimeco.com\/wp-content\/uploads\/2024\/01\/mappa-global-presence-sito-3.png","type":"","width":"","height":""}],"schema":{"@context":"https:\/\/schema.org","@graph":[{"@type":"WebPage","@id":"https:\/\/gimeco.com\/de\/unternehmen\/","url":"https:\/\/gimeco.com\/de\/unternehmen\/","name":"Unternehmen | GIMECO Impianti","isPartOf":{"@id":"https:\/\/gimeco.com\/#website"},"primaryImageOfPage":{"@id":"https:\/\/gimeco.com\/de\/unternehmen\/#primaryimage"},"image":{"@id":"https:\/\/gimeco.com\/de\/unternehmen\/#primaryimage"},"thumbnailUrl":"https:\/\/gimeco.com\/wp-content\/uploads\/2024\/01\/mappa-global-presence-sito-3.png","datePublished":"2023-11-22T07:21:59+00:00","dateModified":"2025-12-23T10:51:48+00:00","description":"Wir planen, bauen, installieren und renovieren Feuerverzinkungsanlagen seit 1976 und haben eine Vergangenheit als Verzinker...","breadcrumb":{"@id":"https:\/\/gimeco.com\/de\/unternehmen\/#breadcrumb"},"inLanguage":"de","potentialAction":[{"@type":"ReadAction","target":["https:\/\/gimeco.com\/de\/unternehmen\/"]}]},{"@type":"ImageObject","inLanguage":"de","@id":"https:\/\/gimeco.com\/de\/unternehmen\/#primaryimage","url":"https:\/\/gimeco.com\/wp-content\/uploads\/2024\/01\/mappa-global-presence-sito-3.png","contentUrl":"https:\/\/gimeco.com\/wp-content\/uploads\/2024\/01\/mappa-global-presence-sito-3.png"},{"@type":"BreadcrumbList","@id":"https:\/\/gimeco.com\/de\/unternehmen\/#breadcrumb","itemListElement":[{"@type":"ListItem","position":1,"name":"Home","item":"https:\/\/gimeco.com\/de\/"},{"@type":"ListItem","position":2,"name":"Unternehmen"}]},{"@type":"WebSite","@id":"https:\/\/gimeco.com\/#website","url":"https:\/\/gimeco.com\/","name":"gimeco.com","description":"Your Partner from A to Zink","publisher":{"@id":"https:\/\/gimeco.com\/#organization"},"alternateName":"Gimeco","potentialAction":[{"@type":"SearchAction","target":{"@type":"EntryPoint","urlTemplate":"https:\/\/gimeco.com\/?s={search_term_string}"},"query-input":{"@type":"PropertyValueSpecification","valueRequired":true,"valueName":"search_term_string"}}],"inLanguage":"de"},{"@type":"Organization","@id":"https:\/\/gimeco.com\/#organization","name":"Gimeco","url":"https:\/\/gimeco.com\/","logo":{"@type":"ImageObject","inLanguage":"de","@id":"https:\/\/gimeco.com\/#\/schema\/logo\/image\/","url":"https:\/\/gimeco.com\/wp-content\/uploads\/2023\/11\/Logo_GIMECO_StringNoPayoff-250.png","contentUrl":"https:\/\/gimeco.com\/wp-content\/uploads\/2023\/11\/Logo_GIMECO_StringNoPayoff-250.png","width":250,"height":98,"caption":"Gimeco"},"image":{"@id":"https:\/\/gimeco.com\/#\/schema\/logo\/image\/"},"sameAs":["https:\/\/www.facebook.com\/gimecogroup"]}]}},"_links":{"self":[{"href":"https:\/\/gimeco.com\/de\/wp-json\/wp\/v2\/pages\/20875","targetHints":{"allow":["GET"]}}],"collection":[{"href":"https:\/\/gimeco.com\/de\/wp-json\/wp\/v2\/pages"}],"about":[{"href":"https:\/\/gimeco.com\/de\/wp-json\/wp\/v2\/types\/page"}],"author":[{"embeddable":true,"href":"https:\/\/gimeco.com\/de\/wp-json\/wp\/v2\/users\/1"}],"replies":[{"embeddable":true,"href":"https:\/\/gimeco.com\/de\/wp-json\/wp\/v2\/comments?post=20875"}],"version-history":[{"count":19,"href":"https:\/\/gimeco.com\/de\/wp-json\/wp\/v2\/pages\/20875\/revisions"}],"predecessor-version":[{"id":25779,"href":"https:\/\/gimeco.com\/de\/wp-json\/wp\/v2\/pages\/20875\/revisions\/25779"}],"wp:attachment":[{"href":"https:\/\/gimeco.com\/de\/wp-json\/wp\/v2\/media?parent=20875"}],"curies":[{"name":"wp","href":"https:\/\/api.w.org\/{rel}","templated":true}]}}