{"id":20924,"date":"2017-07-31T13:05:22","date_gmt":"2017-07-31T13:05:22","guid":{"rendered":"https:\/\/gimeco.com\/sustainability\/"},"modified":"2025-08-28T14:05:03","modified_gmt":"2025-08-28T14:05:03","slug":"nachhaltigkeit","status":"publish","type":"page","link":"https:\/\/gimeco.com\/de\/nachhaltigkeit\/","title":{"rendered":"Nachhaltigkeit"},"content":{"rendered":"<div class=\"vgblk-rw-wrapper limit-wrapper\">\n\n\t<a href=\"https:\/\/de.wikipedia.org\/wiki\/Nachhaltigkeit\" target=\"_blank\" rel=\"noopener\">Nachhaltigkeit<\/a> ist ein ganzheitlicher Ansatz, um die Bed\u00fcrfnisse der Gegenwart zu erf\u00fcllen, <strong>ohne die F\u00e4higkeit zuk\u00fcnftiger Generationen zu beeintr\u00e4chtigen<\/strong>, ihre eigenen Bed\u00fcrfnisse zu befriedigen. Der Begriff &#8222;nachhaltige Entwicklung&#8220; wurde erstmals im <a href=\"https:\/\/sustainabledevelopment.un.org\/content\/documents\/5987our-common-future.pdf\" target=\"_blank\" rel=\"noopener\">Brundtland-Bericht<\/a> von <strong>1987<\/strong> eingef\u00fchrt, und das erste Mal, dass das Konzept der intergenerativen Nachhaltigkeit erw\u00e4hnt wurde, geht auf die pastorale Verfassung <a href=\"https:\/\/www.vatican.va\/archive\/hist_councils\/ii_vatican_council\/documents\/vat-ii_const_19651207_gaudium-et-spes_en.html\" target=\"_blank\" rel=\"noopener\">Gaudium et Spes<\/a> von 1965 zur\u00fcck.<br \/>\nDieses Prinzip basiert auf nachhaltiger Entwicklung, einem vernetzten Ansatz, der drei Hauptpfeiler umfasst: die <strong>Umwelt<\/strong>, die <strong>Wirtschaft<\/strong> und die <strong>Gesellschaft<\/strong>.\n\t\t\t\t\t\t\t<img loading=\"lazy\" decoding=\"async\" src=\"https:\/\/gimeco.com\/wp-content\/uploads\/2023\/11\/venn-diagram-sustainable-development-630x630.webp\" alt=\"venn-diagram-sustainable-development\" itemprop=\"image\" height=\"630\" width=\"630\" title=\"venn-diagram-sustainable-development\" onerror=\"this.style.display='none'\"  sizes=\"auto, (max-width: 768px) 100vw, 100vw\" srcset=\"https:\/\/gimeco.com\/wp-content\/uploads\/2023\/11\/venn-diagram-sustainable-development-630x630.webp 630w, https:\/\/gimeco.com\/wp-content\/uploads\/2023\/11\/venn-diagram-sustainable-development-300x300.webp 300w, https:\/\/gimeco.com\/wp-content\/uploads\/2023\/11\/venn-diagram-sustainable-development-150x150.webp 150w, https:\/\/gimeco.com\/wp-content\/uploads\/2023\/11\/venn-diagram-sustainable-development-768x768.webp 768w, https:\/\/gimeco.com\/wp-content\/uploads\/2023\/11\/venn-diagram-sustainable-development-420x420.webp 420w, https:\/\/gimeco.com\/wp-content\/uploads\/2023\/11\/venn-diagram-sustainable-development-315x315.webp 315w, https:\/\/gimeco.com\/wp-content\/uploads\/2023\/11\/venn-diagram-sustainable-development-100x100.webp 100w, https:\/\/gimeco.com\/wp-content\/uploads\/2023\/11\/venn-diagram-sustainable-development.webp 800w\" \/>\t\t\t\t\t\t\t\n\tUmweltschutz<br \/>\nEs konzentriert sich darauf, die Auswirkungen menschlicher Aktivit\u00e4ten auf die nat\u00fcrliche Welt zu verringern. Dazu geh\u00f6ren Bem\u00fchungen um Ressourcenschonung, Reduzierung von Verschmutzung, Schutz von \u00d6kosystemen und Ma\u00dfnahmen zur Bek\u00e4mpfung des Klimawandels.\nWirtschaftliche Nachhaltigkeit<br \/>\nHierbei liegt der Schwerpunkt auf der verantwortungsbewussten Nutzung von Ressourcen zur Unterst\u00fctzung des aktuellen und zuk\u00fcnftigen wirtschaftlichen Wohlergehens. Es beinhaltet Praktiken wie verantwortungsbewussten Konsum, fairen Handel sowie Investitionen in erneuerbare Energien und Technologien.\nSoziale Nachhaltigkeit<br \/>\nHierbei geht es darum sicherzustellen, dass Gesellschaften inklusiv, gerecht und fair sind. Es befasst sich mit Themen wie Armut, soziale Ungleichheit, Zugang zu Bildung und Gesundheitsversorgung sowie dem allgemeinen Wohlbefinden und Lebensqualit\u00e4t aller Mitglieder einer Gemeinschaft.\n\t<p>Nachhaltigkeit als Ganzes strebt danach, diese <strong>drei Elemente auszubalancieren<\/strong>, um eine harmonische und dauerhafte Lebensweise zu schaffen. Oft beinhaltet dies Entscheidungen, die das langfristige Wohlbefinden f\u00f6rdern, negative Umweltauswirkungen minimieren und soziale Gerechtigkeit gew\u00e4hrleisten. Verschiedene Strategien und Initiativen, sowohl auf individueller als auch auf kollektiver Ebene, zielen darauf ab, Nachhaltigkeit in Bereichen wie pers\u00f6nlichem Lebensstil, Energie, Landwirtschaft, Industrie, Stadtplanung und <strong>Ressourcenmanagement<\/strong> zu erreichen.<\/p>\n<p>Trotz der zunehmenden Popularit\u00e4t des Begriffs &#8222;Nachhaltigkeit&#8220; bleibt die Erreichung von Zielen <strong>unsicher<\/strong> aufgrund von Umweltverschmutzung, Klimawandel, \u00dcberkonsum, Bev\u00f6lkerungswachstum und unbegrenztem wirtschaftlichem Wachstum in einem geschlossenen System.<\/p>\n<h2>\n\t<strong>Nachhaltigkeit <\/strong>in der Feuerverzinkung\n\t<\/h2>\n\t<p>Feuerverzinkung, der Korrosionsschutzprozess, bei dem die Stahloberfl\u00e4che mit Zink legiert wird, um eine starke Schicht zu erzeugen, die das Rosten des Stahls verhindert, ist von Natur aus der <strong>Nachhaltigkeit<\/strong> <strong>verpflichtet<\/strong> und erf\u00fcllt architektonische, ingenieurtechnische, bautechnische und sicherheitsrelevante Anforderungen in vielen Bereichen.<\/p>\n<p>Wenn zwei nat\u00fcrliche Rohstoffe wie Stahl und Zink miteinander verbunden werden, entsteht etwas <strong>nahezu Unverg\u00e4ngliches<\/strong>, was zur <strong>Kreislaufwirtschaft<\/strong> beitr\u00e4gt.<\/p>\n\t<p><strong>Die Nachhaltigkeit von feuerverzinktem Stahl l\u00e4sst sich wie folgt zusammenfassen:<\/strong><\/p>\n<ul>\n<li>Verwendung nat\u00fcrlicher Ressourcen<\/li>\n<li>Geringe bis vernachl\u00e4ssigbare Wasserverschmutzung<\/li>\n<li>Geringe Umweltauswirkungen dank langanhaltendem Schutz des Stahls<\/li>\n<li>Moderate anf\u00e4ngliche Investitionen mit hoher Rendite<\/li>\n<li>Recyclingf\u00e4higkeit<\/li>\n<\/ul>\n\t<p>Die Weltbev\u00f6lkerung sieht sich den <strong>gef\u00e4hrlichen Auswirkungen <\/strong>der globalen Erw\u00e4rmung gegen\u00fcber, verbunden mit damit verbundenen Gefahren, Ressourcenknappheit, Fachkr\u00e4ftemangel sowie reduzierten Bargeldfl\u00fcssen. All diese Elemente stellen <strong>bedeutende Bedrohungen<\/strong> f\u00fcr die globale Gesellschaft und Wirtschaft dar, sowohl in der Gegenwart als auch in der Zukunft.<\/p>\n<p>Da feuerverzinkter Stahl bereits von Natur aus nachhaltig ist, liegt das Potenzial nicht nur im Produktinhalt oder in der Suche nach neuen Verwendungszwecken, sondern vielmehr in der <strong>Optimierung des Prozesses<\/strong> und insbesondere der <strong>Ausr\u00fcstung<\/strong> von Feuerverzinkungsanlagen.<\/p>\n\t<p><strong>Neue und bestehende Produktionsanlagen m\u00fcssen strategische Entscheidungen treffen, um:<\/strong><\/p>\n<ul>\n<li>Die Produktion langfristig zu sichern<\/li>\n<li>Die Produktion so umweltschonend wie m\u00f6glich zu gestalten<\/li>\n<li>Den Druck auf Ressourcen zu reduzieren und die Lebensf\u00e4higkeit zu verbessern<\/li>\n<li>Die Tragf\u00e4higkeit des Arbeitsumfelds zu verbessern<\/li>\n<li>Zur Reduzierung von Klimarisiken beizutragen <em>(oder zumindest ihre Ausbreitung einzud\u00e4mmen)<\/em><\/li>\n<\/ul>\n<h5>\n\tUNSER VORSCHLAG\n\t<\/h5>\n<h3>\n\t<b>Nachhaltigkeit <\/b>nach GIMECO\n\t<\/h3>\n\t<p>Wir stehen an der Spitze der Innovationen im Bereich der Feuerverzinkung und <strong>antizipieren und begegnen<\/strong> den steigenden Anforderungen an Energieverbrauch, Dekarbonisierung, Ressourceneffizienz, einschlie\u00dflich eines Engagements f\u00fcr die Kreislaufwirtschaft und die Tragf\u00e4higkeit menschlicher Arbeit. Unser <strong>proaktiver Ansatz<\/strong> veranschaulicht wirklich unsere Hingabe zur Nachhaltigkeit.<\/p>\n\t<p><strong>Was ist das Rezept f\u00fcr Nachhaltigkeit, das wir mit unseren L\u00f6sungen f\u00f6rdern?<\/strong><\/p>\n<ul>\n<li>Optimierte Heizsysteme, auch durch ihre Umstellung auf \u00f6kologischere Energiequellen<\/li>\n<li>Rationalisierter Energieverbrauch durch digitale Synergien und modernisierte Systemdesigns<\/li>\n<li>Eind\u00e4mmung und Filterung von gef\u00e4hrlichen D\u00e4mpfen und Rauch<\/li>\n<li>Drastische Reduzierung von CO<sub>2<\/sub>-Emissionen und anderen Schadstoffen<\/li>\n<li>Dienstleistungen, die dazu beitragen, die Lebensdauer der Ausr\u00fcstung zu verl\u00e4ngern und somit Kapitalausgaben zu sparen<\/li>\n<li>Verbesserte Tragf\u00e4higkeit der menschlichen Arbeit durch Unterst\u00fctzung von Ergonomie- und Automatisierungsl\u00f6sungen<\/li>\n<li>Sicherere und sauberere Arbeitsumgebung<\/li>\n<\/ul>\n\t<ul>\n<li><a href=\"https:\/\/gimeco.com\/de\/oefen\/#4\">Elektro\u00f6fen<\/a><\/li>\n<li><a href=\"https:\/\/gimeco.com\/de\/oefen\/#3\">Hybrid-Dual-chamber\u2122-\u00d6fen<\/a><\/li>\n<li><a href=\"https:\/\/gimeco.com\/de\/oefen\/#1\">Hochgeschwindigkeits-Dual-chamber\u2122-\u00d6fen<\/a><\/li>\n<li>Wasserstoff-Heizsysteme<\/li>\n<li><a href=\"https:\/\/gimeco.com\/de\/kessel-und-hilfsausruestung\/#1\">Hilfsausr\u00fcstung f\u00fcr die W\u00e4rmer\u00fcckgewinnung<\/a><\/li>\n<\/ul>\n\t<ul>\n<li><a href=\"https:\/\/gimeco.com\/de\/software\/#2\">Productivity pack\u2122<\/a><\/li>\n<li><a href=\"https:\/\/gimeco.com\/de\/software\/#3\">herMES\u2122 Suite<\/a><\/li>\n<li><a href=\"https:\/\/gimeco.com\/de\/software\/#4\">Intelligentes Ofenmanagement<\/a><\/li>\n<li><a href=\"https:\/\/gimeco.com\/de\/software\/#5\">Ressourcenmanagement iknow\u2122<\/a><\/li>\n<\/ul>\n\t<ul>\n<li><a href=\"https:\/\/gimeco.com\/de\/bearbeitung-automatisierung\/#2\">Hochautomatisierte Systeme<\/a><\/li>\n<li><a href=\"https:\/\/gimeco.com\/de\/mover\/\">Intelligentes Handling MOVER\u2122<\/a><\/li>\n<li><a href=\"https:\/\/gimeco.com\/de\/vorbehandlung-nachbearbeitung\/#2\">Strukturen zur Eind\u00e4mmung von Rauch und sauren D\u00e4mpfen<\/a><\/li>\n<\/ul>\n\t<ul>\n<li><a href=\"https:\/\/gimeco.com\/de\/software\/#6\">Wartungsverwaltung-Suite AIM\u2122<\/a><\/li>\n<li><a href=\"https:\/\/gimeco.com\/de\/software\/#7\">Digitale Fernhilfe-Suite<\/a><\/li>\n<\/ul>\n\n<\/div><!-- .vgblk-rw-wrapper -->","protected":false},"excerpt":{"rendered":"<p>Nachhaltigkeit ist ein ganzheitlicher Ansatz, um die Bed\u00fcrfnisse der Gegenwart zu erf\u00fcllen, ohne die F\u00e4higkeit zuk\u00fcnftiger Generationen zu beeintr\u00e4chtigen, ihre eigenen Bed\u00fcrfnisse zu befriedigen. Der Begriff &#8222;nachhaltige Entwicklung&#8220; wurde erstmals im Brundtland-Bericht von 1987 eingef\u00fchrt, und das erste Mal, dass das Konzept der intergenerativen Nachhaltigkeit erw\u00e4hnt wurde, geht auf die pastorale Verfassung Gaudium et Spes&#8230;<\/p>\n","protected":false},"author":1,"featured_media":0,"parent":0,"menu_order":0,"comment_status":"closed","ping_status":"closed","template":"","meta":{"inline_featured_image":false,"footnotes":""},"class_list":["post-20924","page","type-page","status-publish","hentry"],"yoast_head":"<!-- This site is optimized with the Yoast SEO plugin v26.4 - https:\/\/yoast.com\/wordpress\/plugins\/seo\/ -->\n<title>Nachhaltigkeit | GIMECO Impianti<\/title>\n<meta name=\"description\" content=\"Nachhaltigkeit ist ein Ansatz, der darauf abzielt, die Bed\u00fcrfnisse der heutigen Generation zu befriedigen, ohne die F\u00e4higkeit k\u00fcnftiger...\" \/>\n<meta name=\"robots\" content=\"index, follow, max-snippet:-1, max-image-preview:large, max-video-preview:-1\" \/>\n<link rel=\"canonical\" href=\"https:\/\/gimeco.com\/de\/nachhaltigkeit\/\" \/>\n<meta property=\"og:locale\" content=\"de_DE\" \/>\n<meta property=\"og:type\" content=\"article\" \/>\n<meta property=\"og:title\" content=\"Nachhaltigkeit | GIMECO Impianti\" \/>\n<meta property=\"og:description\" content=\"Nachhaltigkeit ist ein Ansatz, der darauf abzielt, die Bed\u00fcrfnisse der heutigen Generation zu befriedigen, ohne die F\u00e4higkeit k\u00fcnftiger...\" \/>\n<meta property=\"og:url\" content=\"https:\/\/gimeco.com\/de\/nachhaltigkeit\/\" \/>\n<meta property=\"og:site_name\" content=\"GIMECO Impianti\" \/>\n<meta property=\"article:publisher\" content=\"https:\/\/www.facebook.com\/gimecogroup\" \/>\n<meta property=\"article:modified_time\" content=\"2025-08-28T14:05:03+00:00\" \/>\n<meta property=\"og:image\" content=\"https:\/\/gimeco.com\/wp-content\/uploads\/2023\/11\/venn-diagram-sustainable-development-630x630.webp\" \/>\n<script type=\"application\/ld+json\" class=\"yoast-schema-graph\">{\"@context\":\"https:\/\/schema.org\",\"@graph\":[{\"@type\":\"WebPage\",\"@id\":\"https:\/\/gimeco.com\/de\/nachhaltigkeit\/\",\"url\":\"https:\/\/gimeco.com\/de\/nachhaltigkeit\/\",\"name\":\"Nachhaltigkeit | GIMECO Impianti\",\"isPartOf\":{\"@id\":\"https:\/\/gimeco.com\/#website\"},\"primaryImageOfPage\":{\"@id\":\"https:\/\/gimeco.com\/de\/nachhaltigkeit\/#primaryimage\"},\"image\":{\"@id\":\"https:\/\/gimeco.com\/de\/nachhaltigkeit\/#primaryimage\"},\"thumbnailUrl\":\"https:\/\/gimeco.com\/wp-content\/uploads\/2023\/11\/venn-diagram-sustainable-development-630x630.webp\",\"datePublished\":\"2017-07-31T13:05:22+00:00\",\"dateModified\":\"2025-08-28T14:05:03+00:00\",\"description\":\"Nachhaltigkeit ist ein Ansatz, der darauf abzielt, die Bed\u00fcrfnisse der heutigen Generation zu befriedigen, ohne die F\u00e4higkeit k\u00fcnftiger...\",\"breadcrumb\":{\"@id\":\"https:\/\/gimeco.com\/de\/nachhaltigkeit\/#breadcrumb\"},\"inLanguage\":\"de\",\"potentialAction\":[{\"@type\":\"ReadAction\",\"target\":[\"https:\/\/gimeco.com\/de\/nachhaltigkeit\/\"]}]},{\"@type\":\"ImageObject\",\"inLanguage\":\"de\",\"@id\":\"https:\/\/gimeco.com\/de\/nachhaltigkeit\/#primaryimage\",\"url\":\"https:\/\/gimeco.com\/wp-content\/uploads\/2023\/11\/venn-diagram-sustainable-development-630x630.webp\",\"contentUrl\":\"https:\/\/gimeco.com\/wp-content\/uploads\/2023\/11\/venn-diagram-sustainable-development-630x630.webp\"},{\"@type\":\"BreadcrumbList\",\"@id\":\"https:\/\/gimeco.com\/de\/nachhaltigkeit\/#breadcrumb\",\"itemListElement\":[{\"@type\":\"ListItem\",\"position\":1,\"name\":\"Home\",\"item\":\"https:\/\/gimeco.com\/de\/\"},{\"@type\":\"ListItem\",\"position\":2,\"name\":\"Nachhaltigkeit\"}]},{\"@type\":\"WebSite\",\"@id\":\"https:\/\/gimeco.com\/#website\",\"url\":\"https:\/\/gimeco.com\/\",\"name\":\"gimeco.com\",\"description\":\"Your Partner from A to Zink\",\"publisher\":{\"@id\":\"https:\/\/gimeco.com\/#organization\"},\"alternateName\":\"Gimeco\",\"potentialAction\":[{\"@type\":\"SearchAction\",\"target\":{\"@type\":\"EntryPoint\",\"urlTemplate\":\"https:\/\/gimeco.com\/?s={search_term_string}\"},\"query-input\":{\"@type\":\"PropertyValueSpecification\",\"valueRequired\":true,\"valueName\":\"search_term_string\"}}],\"inLanguage\":\"de\"},{\"@type\":\"Organization\",\"@id\":\"https:\/\/gimeco.com\/#organization\",\"name\":\"Gimeco\",\"url\":\"https:\/\/gimeco.com\/\",\"logo\":{\"@type\":\"ImageObject\",\"inLanguage\":\"de\",\"@id\":\"https:\/\/gimeco.com\/#\/schema\/logo\/image\/\",\"url\":\"https:\/\/gimeco.com\/wp-content\/uploads\/2023\/11\/Logo_GIMECO_StringNoPayoff-250.png\",\"contentUrl\":\"https:\/\/gimeco.com\/wp-content\/uploads\/2023\/11\/Logo_GIMECO_StringNoPayoff-250.png\",\"width\":250,\"height\":98,\"caption\":\"Gimeco\"},\"image\":{\"@id\":\"https:\/\/gimeco.com\/#\/schema\/logo\/image\/\"},\"sameAs\":[\"https:\/\/www.facebook.com\/gimecogroup\"]}]}<\/script>\n<!-- \/ Yoast SEO plugin. -->","yoast_head_json":{"title":"Nachhaltigkeit | GIMECO Impianti","description":"Nachhaltigkeit ist ein Ansatz, der darauf abzielt, die Bed\u00fcrfnisse der heutigen Generation zu befriedigen, ohne die F\u00e4higkeit k\u00fcnftiger...","robots":{"index":"index","follow":"follow","max-snippet":"max-snippet:-1","max-image-preview":"max-image-preview:large","max-video-preview":"max-video-preview:-1"},"canonical":"https:\/\/gimeco.com\/de\/nachhaltigkeit\/","og_locale":"de_DE","og_type":"article","og_title":"Nachhaltigkeit | GIMECO Impianti","og_description":"Nachhaltigkeit ist ein Ansatz, der darauf abzielt, die Bed\u00fcrfnisse der heutigen Generation zu befriedigen, ohne die F\u00e4higkeit k\u00fcnftiger...","og_url":"https:\/\/gimeco.com\/de\/nachhaltigkeit\/","og_site_name":"GIMECO Impianti","article_publisher":"https:\/\/www.facebook.com\/gimecogroup","article_modified_time":"2025-08-28T14:05:03+00:00","og_image":[{"url":"https:\/\/gimeco.com\/wp-content\/uploads\/2023\/11\/venn-diagram-sustainable-development-630x630.webp","type":"","width":"","height":""}],"schema":{"@context":"https:\/\/schema.org","@graph":[{"@type":"WebPage","@id":"https:\/\/gimeco.com\/de\/nachhaltigkeit\/","url":"https:\/\/gimeco.com\/de\/nachhaltigkeit\/","name":"Nachhaltigkeit | GIMECO Impianti","isPartOf":{"@id":"https:\/\/gimeco.com\/#website"},"primaryImageOfPage":{"@id":"https:\/\/gimeco.com\/de\/nachhaltigkeit\/#primaryimage"},"image":{"@id":"https:\/\/gimeco.com\/de\/nachhaltigkeit\/#primaryimage"},"thumbnailUrl":"https:\/\/gimeco.com\/wp-content\/uploads\/2023\/11\/venn-diagram-sustainable-development-630x630.webp","datePublished":"2017-07-31T13:05:22+00:00","dateModified":"2025-08-28T14:05:03+00:00","description":"Nachhaltigkeit ist ein Ansatz, der darauf abzielt, die Bed\u00fcrfnisse der heutigen Generation zu befriedigen, ohne die F\u00e4higkeit k\u00fcnftiger...","breadcrumb":{"@id":"https:\/\/gimeco.com\/de\/nachhaltigkeit\/#breadcrumb"},"inLanguage":"de","potentialAction":[{"@type":"ReadAction","target":["https:\/\/gimeco.com\/de\/nachhaltigkeit\/"]}]},{"@type":"ImageObject","inLanguage":"de","@id":"https:\/\/gimeco.com\/de\/nachhaltigkeit\/#primaryimage","url":"https:\/\/gimeco.com\/wp-content\/uploads\/2023\/11\/venn-diagram-sustainable-development-630x630.webp","contentUrl":"https:\/\/gimeco.com\/wp-content\/uploads\/2023\/11\/venn-diagram-sustainable-development-630x630.webp"},{"@type":"BreadcrumbList","@id":"https:\/\/gimeco.com\/de\/nachhaltigkeit\/#breadcrumb","itemListElement":[{"@type":"ListItem","position":1,"name":"Home","item":"https:\/\/gimeco.com\/de\/"},{"@type":"ListItem","position":2,"name":"Nachhaltigkeit"}]},{"@type":"WebSite","@id":"https:\/\/gimeco.com\/#website","url":"https:\/\/gimeco.com\/","name":"gimeco.com","description":"Your Partner from A to Zink","publisher":{"@id":"https:\/\/gimeco.com\/#organization"},"alternateName":"Gimeco","potentialAction":[{"@type":"SearchAction","target":{"@type":"EntryPoint","urlTemplate":"https:\/\/gimeco.com\/?s={search_term_string}"},"query-input":{"@type":"PropertyValueSpecification","valueRequired":true,"valueName":"search_term_string"}}],"inLanguage":"de"},{"@type":"Organization","@id":"https:\/\/gimeco.com\/#organization","name":"Gimeco","url":"https:\/\/gimeco.com\/","logo":{"@type":"ImageObject","inLanguage":"de","@id":"https:\/\/gimeco.com\/#\/schema\/logo\/image\/","url":"https:\/\/gimeco.com\/wp-content\/uploads\/2023\/11\/Logo_GIMECO_StringNoPayoff-250.png","contentUrl":"https:\/\/gimeco.com\/wp-content\/uploads\/2023\/11\/Logo_GIMECO_StringNoPayoff-250.png","width":250,"height":98,"caption":"Gimeco"},"image":{"@id":"https:\/\/gimeco.com\/#\/schema\/logo\/image\/"},"sameAs":["https:\/\/www.facebook.com\/gimecogroup"]}]}},"_links":{"self":[{"href":"https:\/\/gimeco.com\/de\/wp-json\/wp\/v2\/pages\/20924","targetHints":{"allow":["GET"]}}],"collection":[{"href":"https:\/\/gimeco.com\/de\/wp-json\/wp\/v2\/pages"}],"about":[{"href":"https:\/\/gimeco.com\/de\/wp-json\/wp\/v2\/types\/page"}],"author":[{"embeddable":true,"href":"https:\/\/gimeco.com\/de\/wp-json\/wp\/v2\/users\/1"}],"replies":[{"embeddable":true,"href":"https:\/\/gimeco.com\/de\/wp-json\/wp\/v2\/comments?post=20924"}],"version-history":[{"count":23,"href":"https:\/\/gimeco.com\/de\/wp-json\/wp\/v2\/pages\/20924\/revisions"}],"predecessor-version":[{"id":25626,"href":"https:\/\/gimeco.com\/de\/wp-json\/wp\/v2\/pages\/20924\/revisions\/25626"}],"wp:attachment":[{"href":"https:\/\/gimeco.com\/de\/wp-json\/wp\/v2\/media?parent=20924"}],"curies":[{"name":"wp","href":"https:\/\/api.w.org\/{rel}","templated":true}]}}