{"id":20936,"date":"2023-09-19T12:56:57","date_gmt":"2023-09-19T12:56:57","guid":{"rendered":"https:\/\/gimeco.com\/technologie\/kettles-and-auxiliary-equipment\/"},"modified":"2025-10-29T16:01:15","modified_gmt":"2025-10-29T16:01:15","slug":"kessel-und-hilfsausruestung","status":"publish","type":"page","link":"https:\/\/gimeco.com\/de\/kessel-und-hilfsausruestung\/","title":{"rendered":"Kessel und Hilfsausr\u00fcstung"},"content":{"rendered":"<div class=\"vgblk-rw-wrapper limit-wrapper\">\n\n\t<p>Zu den Schl\u00fcsselkomponenten der gesamten Feuerverzinkungslinie spielen die Kessel und die dazugeh\u00f6rige Hilfsausr\u00fcstung eine <strong>entscheidende Rolle.<\/strong><\/p>\n<p>W\u00e4hrend Kessel intuitiv das <strong>fl\u00fcssige Zink<\/strong> <em>(oder Zinkbad) <\/em>halten, in dem Stahlartefakte eingetaucht werden, tragen andere Hilfseinheiten und Systeme dazu bei, die <strong>Produktivit\u00e4t zu steigern<\/strong>, den Wartungsaufwand zu reduzieren, <strong>Energie zu sparen<\/strong> und gleichzeitig eine <strong>sichere Umgebung<\/strong> zu gew\u00e4hrleisten.<\/p>\n<h2>\n\t<b>Kessel<\/b>\n\t<\/h2>\n\t<p>Kessel sind die Tiegel, die das <strong>fl\u00fcssige Zink<\/strong> halten und innerhalb der Ofenausr\u00fcstung montiert sind. Unsere Angebote umfassen dank der Zusammenarbeit mit dem deutschen Hersteller <a href=\"https:\/\/www.pilling.de\/\" target=\"_blank\" rel=\"noopener\">W. PILLING GmbH<\/a> modernste Kessel ohne nahezu <strong>keine Einschr\u00e4nkungen hinsichtlich Abmessungen und Formen<\/strong>.<\/p>\n<p>Die Kessel werden aus <strong>kohlenstoffarmem Stahl<\/strong> hergestellt, um sie so wenig reaktiv wie m\u00f6glich im Kontakt mit dem fl\u00fcssigen Zink zu machen. W\u00e4hrend der Herstellung werden sie nur bei erh\u00f6hten Temperaturen verformt, um die <strong>mechanische Belastung der Materialien zu minimieren<\/strong>. Dar\u00fcber hinaus wird die <strong>Elektroschlacke-Schwei\u00dfmethode<\/strong> <em>(ESW)<\/em> verwendet, wobei eine einzige Schicht verwendet wird, um durch die gesamte Kesseldicke zu schwei\u00dfen und eine gleichm\u00e4\u00dfige Integrit\u00e4t zu gew\u00e4hrleisten.<\/p>\n\t\t\t H\u00f6hepunkte\n\t\t<p><strong>Keine Dimensionsgrenzen<\/strong><br \/>Je nach Bedarf des Verzinkers kann ein spezifischer Kessel praktisch mit jeder Dimension entworfen werden.<strong>Robust<br \/><\/strong>Bis zu 70mm<em> (2,76&#8243;)<\/em> Dicke<strong>Keine mechanische Belastung<br \/><\/strong>W\u00e4hrend der Herstellung des Kessels werden Biegevorg\u00e4nge nur mit warmen Blechen durchgef\u00fchrt.<strong>Gleichm\u00e4\u00dfiges Schwei\u00dfen<br \/><\/strong>Nur eine Schicht im gesamten Schwei\u00dfprozess <em>(durch ESW)<\/em><\/p>\n<h2>\n\t <strong>Hilfsausr\u00fcstung<\/strong>\n\t<\/h2>\n\t<h3>Abluftsystem f\u00fcr wei\u00dfe D\u00e4mpfe und Abzugshaube &#8211; Gasw\u00e4scher-System<\/h3>\nWenn der Stahl im Kessel in fl\u00fcssiges Zink getaucht wird, wird dichter wei\u00dfer Rauch freigesetzt, der reich an winzigen Partikeln ist, aufgrund der Bildung von Zinkoxid und der Verbrennung von Ammoniumchlorid des Flussmittels.<br \/>\nDer Kessel kann mit einer <strong>auslaufsicheren Wandhaube <\/strong>mit <strong>mechanisierten Fenstern<\/strong> und <strong>Schwingt\u00fcren<\/strong> ausgestattet werden. Sie umfasst <strong>Rohre<\/strong>, <strong>Kan\u00e4le<\/strong>, <strong>Filter<\/strong> und <strong>Bel\u00fcftung<\/strong> f\u00fcr die ordnungsgem\u00e4\u00dfe <strong>Absaugung von D\u00e4mpfen<\/strong>, die durch den Schornsteineffekt zum <strong>Gasw\u00e4scher-System<\/strong> geleitet werden.<br \/>\nSchlie\u00dflich bietet die Haube den Bedienern Schutz vor Spritzern von fl\u00fcssigem Zink.<br \/>\nStatus und Betrieb des <strong>Gasw\u00e4scher-Systems<\/strong> k\u00f6nnen in Echtzeit \u00fcber ein dediziertes digitales System \u00fcberpr\u00fcft und gesteuert werden.\n<h3>Mechanisiertes System zur Entfernung von Schlacken und Asche<\/h3>\nIn der Regel erfordert die Wartung des Zinkbads das manuelle Entfernen von Schlacken <em>(typischerweise alle zwei Wochen),<\/em> unterst\u00fctzt durch Werkzeuge, die an einem \u00dcberkopfkran befestigt sind.<br \/>\nDieser Prozess ist oft anstrengend, gef\u00e4hrlich und unsicher und f\u00fchrt zu einer schmutzigen und unangenehmen Arbeitsumgebung mit mangelnder Sauberkeit des Zinkbads.<br \/>\nDas Ziel eines Ger\u00e4ts zur Entfernung von Schlacken und Asche ist es, die <strong>Schlacken- und Ascher\u00fcckgewinnungsoperationen zu vereinfachen und zu mechanisieren<\/strong>, um sie <strong>einfacher<\/strong>, <strong>sicherer<\/strong> und <strong>effektiver<\/strong> zu gestalten.<br \/>\nDas System umfasst einen robusten Stahlshuttle, der auf Laufbahnen \u00fcber dem Kessel f\u00e4hrt und mit einem Eimer ausgestattet ist, der an die Form des Kessels angepasst ist, w\u00e4hrend am anderen Ende eine Metallklinge die Oberfl\u00e4che des fl\u00fcssigen Zinks reinigt und Asche entfernt. Gesammelte Schlacken und Asche werden au\u00dferhalb der Struktur zur Begrenzung wei\u00dfer D\u00e4mpfe zur ordnungsgem\u00e4\u00dfen Entsorgung abgelegt.\n<h3>Schnelles Extraktionssystem Kettle-out\u2122<\/h3>\nEs erm\u00f6glicht das Ausziehen des Kessels, indem es ihn einfach auf dedizierten Wegen oder Schienen bewegt <em>(und ebenso das Positionieren des neuen).<\/em> Das System <strong>beseitigt die Notwendigkeit von Kransoperationen,<\/strong> um den alten Kessel zu entfernen, unter Verwendung von Kr\u00e4nen oder \u00e4hnlicher Ausr\u00fcstung.<br \/>\nEs erm\u00f6glicht <strong>Zeit- und Kosteneinsparungen<\/strong> im Falle eines Kesselaustauschs und gew\u00e4hrleistet eine baldige Wiederaufnahme des Betriebs.\n<h3>Automatisches Kesselabdeckungssystem<\/h3>\n<p>Es erm\u00f6glicht die automatische Positionierung einer Kesselabdeckung, um <strong>W\u00e4rmeverluste w\u00e4hrend <\/strong>Stillstands- und Leerlaufzeiten zu verhindern und Energie zu sparen.<\/p>\n<h3>Automatischer Zinkbarrenzuf\u00fchrenssystem Jumbo-feeder\u2122<\/h3>\n<p>Das <strong>Nachf\u00fcllen des Kessels<\/strong> mit Zinkbarren wird f\u00fcr die Bediener einfacher, schneller und sicherer gemacht.<\/p>\n\t\t\t\t\t\t\t<img loading=\"lazy\" decoding=\"async\" src=\"https:\/\/gimeco.com\/wp-content\/uploads\/2024\/01\/ingots-feeder-2.jpg\" alt=\"ingots-feeder\" itemprop=\"image\" height=\"822\" width=\"1096\" title=\"ingots-feeder\" onerror=\"this.style.display='none'\"  sizes=\"auto, (max-width: 768px) 100vw, 100vw\" srcset=\"https:\/\/gimeco.com\/wp-content\/uploads\/2024\/01\/ingots-feeder-2.jpg 1096w, https:\/\/gimeco.com\/wp-content\/uploads\/2024\/01\/ingots-feeder-2-300x225.jpg 300w, https:\/\/gimeco.com\/wp-content\/uploads\/2024\/01\/ingots-feeder-2-1024x768.jpg 1024w, https:\/\/gimeco.com\/wp-content\/uploads\/2024\/01\/ingots-feeder-2-768x576.jpg 768w, https:\/\/gimeco.com\/wp-content\/uploads\/2024\/01\/ingots-feeder-2-630x473.jpg 630w, https:\/\/gimeco.com\/wp-content\/uploads\/2024\/01\/ingots-feeder-2-420x315.jpg 420w, https:\/\/gimeco.com\/wp-content\/uploads\/2024\/01\/ingots-feeder-2-840x630.jpg 840w, https:\/\/gimeco.com\/wp-content\/uploads\/2024\/01\/ingots-feeder-2-315x236.jpg 315w\" \/>\t\t\t\t\t\t\t\n\t\t\t\t\t\t\t<img loading=\"lazy\" decoding=\"async\" src=\"https:\/\/gimeco.com\/wp-content\/uploads\/2024\/05\/IMG20230331111129-new.jpg\" alt=\"IMG20230331111129-new\" itemprop=\"image\" height=\"1920\" width=\"2560\" title=\"IMG20230331111129-new\" onerror=\"this.style.display='none'\"  sizes=\"auto, (max-width: 768px) 100vw, 100vw\" srcset=\"https:\/\/gimeco.com\/wp-content\/uploads\/2024\/05\/IMG20230331111129-new.jpg 2560w, https:\/\/gimeco.com\/wp-content\/uploads\/2024\/05\/IMG20230331111129-new-300x225.jpg 300w, https:\/\/gimeco.com\/wp-content\/uploads\/2024\/05\/IMG20230331111129-new-1024x768.jpg 1024w, https:\/\/gimeco.com\/wp-content\/uploads\/2024\/05\/IMG20230331111129-new-768x576.jpg 768w, https:\/\/gimeco.com\/wp-content\/uploads\/2024\/05\/IMG20230331111129-new-1536x1152.jpg 1536w, https:\/\/gimeco.com\/wp-content\/uploads\/2024\/05\/IMG20230331111129-new-2048x1536.jpg 2048w, https:\/\/gimeco.com\/wp-content\/uploads\/2024\/05\/IMG20230331111129-new-200x150.jpg 200w, https:\/\/gimeco.com\/wp-content\/uploads\/2024\/05\/IMG20230331111129-new-1260x945.jpg 1260w, https:\/\/gimeco.com\/wp-content\/uploads\/2024\/05\/IMG20230331111129-new-630x473.jpg 630w, https:\/\/gimeco.com\/wp-content\/uploads\/2024\/05\/IMG20230331111129-new-420x315.jpg 420w, https:\/\/gimeco.com\/wp-content\/uploads\/2024\/05\/IMG20230331111129-new-840x630.jpg 840w, https:\/\/gimeco.com\/wp-content\/uploads\/2024\/05\/IMG20230331111129-new-315x236.jpg 315w\" \/>\t\t\t\t\t\t\t\n\t\t\t\t\t\t\t<img loading=\"lazy\" decoding=\"async\" src=\"https:\/\/gimeco.com\/wp-content\/uploads\/2024\/01\/IMG20230331101129_01.jpg\" alt=\"IMG20230331101129_01\" itemprop=\"image\" height=\"1080\" width=\"1920\" title=\"IMG20230331101129_01\" onerror=\"this.style.display='none'\"  sizes=\"auto, (max-width: 768px) 100vw, 100vw\" srcset=\"https:\/\/gimeco.com\/wp-content\/uploads\/2024\/01\/IMG20230331101129_01.jpg 1920w, https:\/\/gimeco.com\/wp-content\/uploads\/2024\/01\/IMG20230331101129_01-300x169.jpg 300w, https:\/\/gimeco.com\/wp-content\/uploads\/2024\/01\/IMG20230331101129_01-1024x576.jpg 1024w, https:\/\/gimeco.com\/wp-content\/uploads\/2024\/01\/IMG20230331101129_01-768x432.jpg 768w, https:\/\/gimeco.com\/wp-content\/uploads\/2024\/01\/IMG20230331101129_01-1536x864.jpg 1536w, https:\/\/gimeco.com\/wp-content\/uploads\/2024\/01\/IMG20230331101129_01-1260x709.jpg 1260w, https:\/\/gimeco.com\/wp-content\/uploads\/2024\/01\/IMG20230331101129_01-630x354.jpg 630w, https:\/\/gimeco.com\/wp-content\/uploads\/2024\/01\/IMG20230331101129_01-420x236.jpg 420w, https:\/\/gimeco.com\/wp-content\/uploads\/2024\/01\/IMG20230331101129_01-840x473.jpg 840w, https:\/\/gimeco.com\/wp-content\/uploads\/2024\/01\/IMG20230331101129_01-315x177.jpg 315w\" \/>\t\t\t\t\t\t\t\n\n<\/div><!-- .vgblk-rw-wrapper -->","protected":false},"excerpt":{"rendered":"<p>Zu den Schl\u00fcsselkomponenten der gesamten Feuerverzinkungslinie spielen die Kessel und die dazugeh\u00f6rige Hilfsausr\u00fcstung eine entscheidende Rolle. W\u00e4hrend Kessel intuitiv das fl\u00fcssige Zink (oder Zinkbad) halten, in dem Stahlartefakte eingetaucht werden, tragen andere Hilfseinheiten und Systeme dazu bei, die Produktivit\u00e4t zu steigern, den Wartungsaufwand zu reduzieren, Energie zu sparen und gleichzeitig eine sichere Umgebung zu gew\u00e4hrleisten&#8230;.<\/p>\n","protected":false},"author":1,"featured_media":0,"parent":0,"menu_order":0,"comment_status":"closed","ping_status":"closed","template":"","meta":{"inline_featured_image":false,"footnotes":""},"class_list":["post-20936","page","type-page","status-publish","hentry"],"yoast_head":"<!-- This site is optimized with the Yoast SEO plugin v26.4 - https:\/\/yoast.com\/wordpress\/plugins\/seo\/ -->\n<title>Kessel und Hilfsausr\u00fcstung | GIMECO Impianti<\/title>\n<meta name=\"description\" content=\"Unter den Schl\u00fcsselkomponenten der gesamten Feuerverzinkungsanlage spielen die Kessel und die dazugeh\u00f6rigen Hilfseinrichtungen eine...\" \/>\n<meta name=\"robots\" content=\"index, follow, max-snippet:-1, max-image-preview:large, max-video-preview:-1\" \/>\n<link rel=\"canonical\" href=\"https:\/\/gimeco.com\/de\/kessel-und-hilfsausruestung\/\" \/>\n<meta property=\"og:locale\" content=\"de_DE\" \/>\n<meta property=\"og:type\" content=\"article\" \/>\n<meta property=\"og:title\" content=\"Kessel und Hilfsausr\u00fcstung | GIMECO Impianti\" \/>\n<meta property=\"og:description\" content=\"Unter den Schl\u00fcsselkomponenten der gesamten Feuerverzinkungsanlage spielen die Kessel und die dazugeh\u00f6rigen Hilfseinrichtungen eine...\" \/>\n<meta property=\"og:url\" content=\"https:\/\/gimeco.com\/de\/kessel-und-hilfsausruestung\/\" \/>\n<meta property=\"og:site_name\" content=\"GIMECO Impianti\" \/>\n<meta property=\"article:publisher\" content=\"https:\/\/www.facebook.com\/gimecogroup\" \/>\n<meta property=\"article:modified_time\" content=\"2025-10-29T16:01:15+00:00\" \/>\n<meta property=\"og:image\" content=\"https:\/\/gimeco.com\/wp-content\/uploads\/2024\/01\/ingots-feeder-2.jpg\" \/>\n<script type=\"application\/ld+json\" class=\"yoast-schema-graph\">{\"@context\":\"https:\/\/schema.org\",\"@graph\":[{\"@type\":\"WebPage\",\"@id\":\"https:\/\/gimeco.com\/de\/kessel-und-hilfsausruestung\/\",\"url\":\"https:\/\/gimeco.com\/de\/kessel-und-hilfsausruestung\/\",\"name\":\"Kessel und Hilfsausr\u00fcstung | GIMECO Impianti\",\"isPartOf\":{\"@id\":\"https:\/\/gimeco.com\/#website\"},\"primaryImageOfPage\":{\"@id\":\"https:\/\/gimeco.com\/de\/kessel-und-hilfsausruestung\/#primaryimage\"},\"image\":{\"@id\":\"https:\/\/gimeco.com\/de\/kessel-und-hilfsausruestung\/#primaryimage\"},\"thumbnailUrl\":\"https:\/\/gimeco.com\/wp-content\/uploads\/2024\/01\/ingots-feeder-2.jpg\",\"datePublished\":\"2023-09-19T12:56:57+00:00\",\"dateModified\":\"2025-10-29T16:01:15+00:00\",\"description\":\"Unter den Schl\u00fcsselkomponenten der gesamten Feuerverzinkungsanlage spielen die Kessel und die dazugeh\u00f6rigen Hilfseinrichtungen eine...\",\"breadcrumb\":{\"@id\":\"https:\/\/gimeco.com\/de\/kessel-und-hilfsausruestung\/#breadcrumb\"},\"inLanguage\":\"de\",\"potentialAction\":[{\"@type\":\"ReadAction\",\"target\":[\"https:\/\/gimeco.com\/de\/kessel-und-hilfsausruestung\/\"]}]},{\"@type\":\"ImageObject\",\"inLanguage\":\"de\",\"@id\":\"https:\/\/gimeco.com\/de\/kessel-und-hilfsausruestung\/#primaryimage\",\"url\":\"https:\/\/gimeco.com\/wp-content\/uploads\/2024\/01\/ingots-feeder-2.jpg\",\"contentUrl\":\"https:\/\/gimeco.com\/wp-content\/uploads\/2024\/01\/ingots-feeder-2.jpg\"},{\"@type\":\"BreadcrumbList\",\"@id\":\"https:\/\/gimeco.com\/de\/kessel-und-hilfsausruestung\/#breadcrumb\",\"itemListElement\":[{\"@type\":\"ListItem\",\"position\":1,\"name\":\"Home\",\"item\":\"https:\/\/gimeco.com\/de\/\"},{\"@type\":\"ListItem\",\"position\":2,\"name\":\"Kessel und Hilfsausr\u00fcstung\"}]},{\"@type\":\"WebSite\",\"@id\":\"https:\/\/gimeco.com\/#website\",\"url\":\"https:\/\/gimeco.com\/\",\"name\":\"gimeco.com\",\"description\":\"Your Partner from A to Zink\",\"publisher\":{\"@id\":\"https:\/\/gimeco.com\/#organization\"},\"alternateName\":\"Gimeco\",\"potentialAction\":[{\"@type\":\"SearchAction\",\"target\":{\"@type\":\"EntryPoint\",\"urlTemplate\":\"https:\/\/gimeco.com\/?s={search_term_string}\"},\"query-input\":{\"@type\":\"PropertyValueSpecification\",\"valueRequired\":true,\"valueName\":\"search_term_string\"}}],\"inLanguage\":\"de\"},{\"@type\":\"Organization\",\"@id\":\"https:\/\/gimeco.com\/#organization\",\"name\":\"Gimeco\",\"url\":\"https:\/\/gimeco.com\/\",\"logo\":{\"@type\":\"ImageObject\",\"inLanguage\":\"de\",\"@id\":\"https:\/\/gimeco.com\/#\/schema\/logo\/image\/\",\"url\":\"https:\/\/gimeco.com\/wp-content\/uploads\/2023\/11\/Logo_GIMECO_StringNoPayoff-250.png\",\"contentUrl\":\"https:\/\/gimeco.com\/wp-content\/uploads\/2023\/11\/Logo_GIMECO_StringNoPayoff-250.png\",\"width\":250,\"height\":98,\"caption\":\"Gimeco\"},\"image\":{\"@id\":\"https:\/\/gimeco.com\/#\/schema\/logo\/image\/\"},\"sameAs\":[\"https:\/\/www.facebook.com\/gimecogroup\"]}]}<\/script>\n<!-- \/ Yoast SEO plugin. -->","yoast_head_json":{"title":"Kessel und Hilfsausr\u00fcstung | GIMECO Impianti","description":"Unter den Schl\u00fcsselkomponenten der gesamten Feuerverzinkungsanlage spielen die Kessel und die dazugeh\u00f6rigen Hilfseinrichtungen eine...","robots":{"index":"index","follow":"follow","max-snippet":"max-snippet:-1","max-image-preview":"max-image-preview:large","max-video-preview":"max-video-preview:-1"},"canonical":"https:\/\/gimeco.com\/de\/kessel-und-hilfsausruestung\/","og_locale":"de_DE","og_type":"article","og_title":"Kessel und Hilfsausr\u00fcstung | GIMECO Impianti","og_description":"Unter den Schl\u00fcsselkomponenten der gesamten Feuerverzinkungsanlage spielen die Kessel und die dazugeh\u00f6rigen Hilfseinrichtungen eine...","og_url":"https:\/\/gimeco.com\/de\/kessel-und-hilfsausruestung\/","og_site_name":"GIMECO Impianti","article_publisher":"https:\/\/www.facebook.com\/gimecogroup","article_modified_time":"2025-10-29T16:01:15+00:00","og_image":[{"url":"https:\/\/gimeco.com\/wp-content\/uploads\/2024\/01\/ingots-feeder-2.jpg","type":"","width":"","height":""}],"schema":{"@context":"https:\/\/schema.org","@graph":[{"@type":"WebPage","@id":"https:\/\/gimeco.com\/de\/kessel-und-hilfsausruestung\/","url":"https:\/\/gimeco.com\/de\/kessel-und-hilfsausruestung\/","name":"Kessel und Hilfsausr\u00fcstung | GIMECO Impianti","isPartOf":{"@id":"https:\/\/gimeco.com\/#website"},"primaryImageOfPage":{"@id":"https:\/\/gimeco.com\/de\/kessel-und-hilfsausruestung\/#primaryimage"},"image":{"@id":"https:\/\/gimeco.com\/de\/kessel-und-hilfsausruestung\/#primaryimage"},"thumbnailUrl":"https:\/\/gimeco.com\/wp-content\/uploads\/2024\/01\/ingots-feeder-2.jpg","datePublished":"2023-09-19T12:56:57+00:00","dateModified":"2025-10-29T16:01:15+00:00","description":"Unter den Schl\u00fcsselkomponenten der gesamten Feuerverzinkungsanlage spielen die Kessel und die dazugeh\u00f6rigen Hilfseinrichtungen eine...","breadcrumb":{"@id":"https:\/\/gimeco.com\/de\/kessel-und-hilfsausruestung\/#breadcrumb"},"inLanguage":"de","potentialAction":[{"@type":"ReadAction","target":["https:\/\/gimeco.com\/de\/kessel-und-hilfsausruestung\/"]}]},{"@type":"ImageObject","inLanguage":"de","@id":"https:\/\/gimeco.com\/de\/kessel-und-hilfsausruestung\/#primaryimage","url":"https:\/\/gimeco.com\/wp-content\/uploads\/2024\/01\/ingots-feeder-2.jpg","contentUrl":"https:\/\/gimeco.com\/wp-content\/uploads\/2024\/01\/ingots-feeder-2.jpg"},{"@type":"BreadcrumbList","@id":"https:\/\/gimeco.com\/de\/kessel-und-hilfsausruestung\/#breadcrumb","itemListElement":[{"@type":"ListItem","position":1,"name":"Home","item":"https:\/\/gimeco.com\/de\/"},{"@type":"ListItem","position":2,"name":"Kessel und Hilfsausr\u00fcstung"}]},{"@type":"WebSite","@id":"https:\/\/gimeco.com\/#website","url":"https:\/\/gimeco.com\/","name":"gimeco.com","description":"Your Partner from A to Zink","publisher":{"@id":"https:\/\/gimeco.com\/#organization"},"alternateName":"Gimeco","potentialAction":[{"@type":"SearchAction","target":{"@type":"EntryPoint","urlTemplate":"https:\/\/gimeco.com\/?s={search_term_string}"},"query-input":{"@type":"PropertyValueSpecification","valueRequired":true,"valueName":"search_term_string"}}],"inLanguage":"de"},{"@type":"Organization","@id":"https:\/\/gimeco.com\/#organization","name":"Gimeco","url":"https:\/\/gimeco.com\/","logo":{"@type":"ImageObject","inLanguage":"de","@id":"https:\/\/gimeco.com\/#\/schema\/logo\/image\/","url":"https:\/\/gimeco.com\/wp-content\/uploads\/2023\/11\/Logo_GIMECO_StringNoPayoff-250.png","contentUrl":"https:\/\/gimeco.com\/wp-content\/uploads\/2023\/11\/Logo_GIMECO_StringNoPayoff-250.png","width":250,"height":98,"caption":"Gimeco"},"image":{"@id":"https:\/\/gimeco.com\/#\/schema\/logo\/image\/"},"sameAs":["https:\/\/www.facebook.com\/gimecogroup"]}]}},"_links":{"self":[{"href":"https:\/\/gimeco.com\/de\/wp-json\/wp\/v2\/pages\/20936","targetHints":{"allow":["GET"]}}],"collection":[{"href":"https:\/\/gimeco.com\/de\/wp-json\/wp\/v2\/pages"}],"about":[{"href":"https:\/\/gimeco.com\/de\/wp-json\/wp\/v2\/types\/page"}],"author":[{"embeddable":true,"href":"https:\/\/gimeco.com\/de\/wp-json\/wp\/v2\/users\/1"}],"replies":[{"embeddable":true,"href":"https:\/\/gimeco.com\/de\/wp-json\/wp\/v2\/comments?post=20936"}],"version-history":[{"count":12,"href":"https:\/\/gimeco.com\/de\/wp-json\/wp\/v2\/pages\/20936\/revisions"}],"predecessor-version":[{"id":25699,"href":"https:\/\/gimeco.com\/de\/wp-json\/wp\/v2\/pages\/20936\/revisions\/25699"}],"wp:attachment":[{"href":"https:\/\/gimeco.com\/de\/wp-json\/wp\/v2\/media?parent=20936"}],"curies":[{"name":"wp","href":"https:\/\/api.w.org\/{rel}","templated":true}]}}