{"id":20938,"date":"2023-09-19T12:52:43","date_gmt":"2023-09-19T12:52:43","guid":{"rendered":"https:\/\/gimeco.com\/technologie\/dryers\/"},"modified":"2024-06-03T09:13:13","modified_gmt":"2024-06-03T09:13:13","slug":"trockner","status":"publish","type":"page","link":"https:\/\/gimeco.com\/de\/trockner\/","title":{"rendered":"Trockner"},"content":{"rendered":"<div class=\"vgblk-rw-wrapper limit-wrapper\">\r\n\r\n\t<p>Der Trockner, auch als Vorw\u00e4rmofen bekannt, ist eine entscheidende Phase im Prozess der Verzinkung von Metallteilen. Vor dem Eintauchen in die Zinkb\u00e4der beinhaltet diese Phase das <strong>Trocknen und Vorheizen des Materials<\/strong> auf eine Temperatur im Bereich von 60 bis 80\u00b0C<em> (140 bis 176\u00b0F).<\/em> Seine Hauptfunktion besteht darin, die <strong>Teile vorzubereiten<\/strong>, um Spritzer und Ausw\u00fcrfe w\u00e4hrend des Abstiegs in das Zinkbad zu reduzieren und somit den <strong>thermischen Schock und die Belastung der \u00d6fen zu minimieren<\/strong>.<\/p>\r\n<p>Die von GIMECO eingef\u00fchrte <strong>Infrarottechnologie<\/strong> tr\u00e4gt erheblich zur Optimierung der Trocknungsprozesse bei.<\/p>\r\n<p>Die Haupttypen von Trocknern werden ma\u00dfgeschneidert nach den Anforderungen und Spezifikationen der Anlage gestaltet. Trockner k\u00f6nnen <strong>statisch oder dynamisch sein<\/strong>, wobei ersterer traditionell und h\u00e4ufig ist, w\u00e4hrend letzterer flexibler ist, wenn unterschiedliche Abmessungen vorliegen.<\/p>\r\n<p>Zusammenfassend ist der Trockner unerl\u00e4sslich, um die <strong>Teile vor dem Eintauchen vorzubereiten<\/strong> und so eine hohe Qualit\u00e4t des Endprodukts sicherzustellen.<\/p>\r\n<h3>\r\n\t<b>Direkte Beheizung<\/b>\r\n\t<\/h3>\r\n\t<ul>\r\n<li>Einfacheres Design und Inbetriebnahme<\/li>\r\n<li>Ideal bei beengten Platzverh\u00e4ltnissen<\/li>\r\n<li>Geeignet f\u00fcr kleine Budgets<\/li>\r\n<li>W\u00e4rmer\u00fcckgewinnung einfach in einer sp\u00e4teren Phase installierbar<\/li>\r\n<li>Hochleistungsgebl\u00e4se<\/li>\r\n<li>Nur gasf\u00f6rmiger Brennstoff<\/li>\r\n<li>Wasserverteilung im Inneren des Trockners<\/li>\r\n<li>Hohe Temperaturtr\u00e4gheit<\/li>\r\n<\/ul>\r\n<h3>\r\n\t<b>Indirekte Beheizung<\/b><br \/>Infrarot-Technologie\r\n\t<\/h3>\r\n\t<ul>\r\n<li>Keine Wasser- oder andere Materialverunreinigung<\/li>\r\n<li>Reichlicher Umlaufdurchfluss<\/li>\r\n<li>Hohe Effizienz<\/li>\r\n<li>Infrarotbeitrag zur Vorw\u00e4rmung<\/li>\r\n<li>Kann mit unserem W\u00e4rmer\u00fcckgewinnungssystem betrieben werden, das die gesamte W\u00e4rmer\u00fcckgewinnung optimiert<\/li>\r\n<li>Das isolierte System gew\u00e4hrleistet eine sichere Umgebung ohne Kontamination<\/li>\r\n<\/ul>\r\n<h3>\r\n\t<b>Indirekte Beheizung<\/b><br \/>Thermisches \u00d6l\r\n\t<\/h3>\r\n\t<ul>\r\n<li>Keine Wasser- oder andere Materialverunreinigung<\/li>\r\n<li>Reichlicher Umlaufdurchfluss<\/li>\r\n<li>H\u00f6here Effizienz<\/li>\r\n<li>Thermisches \u00d6l als Medium<\/li>\r\n<li>Kann mit unserem W\u00e4rmer\u00fcckgewinnungssystem betrieben werden, das die gesamte W\u00e4rmer\u00fcckgewinnung optimiert<\/li>\r\n<li>Das isolierte System gew\u00e4hrleistet eine sichere Umgebung ohne Kontamination<\/li>\r\n<\/ul>\r\n<h3>\r\n\t<b>Bauausf\u00fchrungen<\/b>\r\n\t<\/h3>\r\n\t<p>Mit Beton- oder Stahlw\u00e4nden gebaut, sind Grubentrockner mit Rollabdeckungen ausgestattet. Das Material wird mit Kr\u00e4nen oder Kettenf\u00f6rderern gehandhabt.<\/p>\r\n\t<p>In hochautomatisierten Anlagen installiert, gew\u00e4hrleistet er eine h\u00f6here Effizienz und weniger W\u00e4rmeverlust am Auslass. Das Material wird vom internen Logistiksystem gehandhabt.<\/p>\r\n\tDieser Hochtemperaturtrockner ist speziell f\u00fcr gr\u00fcndliches und schnelles Trocknen und Vorheizen von Kleinteilen in der automatischen Tauchverzinkung konzipiert. Das Material wird entweder von einem F\u00f6rderband oder einem Drehrohr mit einer Schneckenarchimedes-<br \/>\r\nschraubenkonstruktion gehandhabt.\r\n\t<p>Dieser Hochtemperaturtrockner, der speziell f\u00fcr das effektive Trocknen und Vorheizen von Schl\u00e4uche und Rohre entwickelt wurde, verwendet ein Hochvolumen-Trockenluftsystem, sodass keine \u00fcberm\u00e4\u00dfigen Temperaturen erforderlich sind. Das Material wird w\u00e4hrend des gesamten Trockners von einem Kettenf\u00f6rderer gehandhabt.<\/p>\r\n\r\n<\/div><!-- .vgblk-rw-wrapper -->","protected":false},"excerpt":{"rendered":"<p>Der Trockner, auch als Vorw\u00e4rmofen bekannt, ist eine entscheidende Phase im Prozess der Verzinkung von Metallteilen. Vor dem Eintauchen in die Zinkb\u00e4der beinhaltet diese Phase das Trocknen und Vorheizen des Materials auf eine Temperatur im Bereich von 60 bis 80\u00b0C (140 bis 176\u00b0F). Seine Hauptfunktion besteht darin, die Teile vorzubereiten, um Spritzer und Ausw\u00fcrfe w\u00e4hrend&#8230;<\/p>\n","protected":false},"author":1,"featured_media":0,"parent":0,"menu_order":0,"comment_status":"closed","ping_status":"closed","template":"","meta":{"inline_featured_image":false,"footnotes":""},"class_list":["post-20938","page","type-page","status-publish","hentry"],"yoast_head":"<!-- This site is optimized with the Yoast SEO plugin v26.4 - https:\/\/yoast.com\/wordpress\/plugins\/seo\/ -->\n<title>Trockner | GIMECO Impianti<\/title>\n<meta name=\"description\" content=\"Die Haupttypen von Trocknern werden auf die Anforderungen und Spezifikationen der Anlage zugeschnitten. Trockner k\u00f6nnen statisch (oder...\" \/>\n<meta name=\"robots\" content=\"index, follow, max-snippet:-1, max-image-preview:large, max-video-preview:-1\" \/>\n<link rel=\"canonical\" href=\"https:\/\/gimeco.com\/dryers\/\" \/>\n<meta property=\"og:locale\" content=\"de_DE\" \/>\n<meta property=\"og:type\" content=\"article\" \/>\n<meta property=\"og:title\" content=\"Trockner | GIMECO Impianti\" \/>\n<meta property=\"og:description\" content=\"Die Haupttypen von Trocknern werden auf die Anforderungen und Spezifikationen der Anlage zugeschnitten. Trockner k\u00f6nnen statisch (oder...\" \/>\n<meta property=\"og:url\" content=\"https:\/\/gimeco.com\/dryers\/\" \/>\n<meta property=\"og:site_name\" content=\"GIMECO Impianti\" \/>\n<meta property=\"article:publisher\" content=\"https:\/\/www.facebook.com\/gimecogroup\" \/>\n<meta property=\"article:modified_time\" content=\"2024-06-03T09:13:13+00:00\" \/>\n<meta property=\"og:image\" content=\"https:\/\/gimeco.com\/wp-content\/uploads\/2023\/11\/Logo_GIMECO_StringNoPayoff-250.png\" \/>\n\t<meta property=\"og:image:width\" content=\"250\" \/>\n\t<meta property=\"og:image:height\" content=\"98\" \/>\n\t<meta property=\"og:image:type\" content=\"image\/png\" \/>\n<script type=\"application\/ld+json\" class=\"yoast-schema-graph\">{\"@context\":\"https:\/\/schema.org\",\"@graph\":[{\"@type\":\"WebPage\",\"@id\":\"https:\/\/gimeco.com\/dryers\/\",\"url\":\"https:\/\/gimeco.com\/dryers\/\",\"name\":\"Trockner | GIMECO Impianti\",\"isPartOf\":{\"@id\":\"https:\/\/gimeco.com\/#website\"},\"datePublished\":\"2023-09-19T12:52:43+00:00\",\"dateModified\":\"2024-06-03T09:13:13+00:00\",\"description\":\"Die Haupttypen von Trocknern werden auf die Anforderungen und Spezifikationen der Anlage zugeschnitten. Trockner k\u00f6nnen statisch (oder...\",\"breadcrumb\":{\"@id\":\"https:\/\/gimeco.com\/dryers\/#breadcrumb\"},\"inLanguage\":\"de\",\"potentialAction\":[{\"@type\":\"ReadAction\",\"target\":[\"https:\/\/gimeco.com\/dryers\/\"]}]},{\"@type\":\"BreadcrumbList\",\"@id\":\"https:\/\/gimeco.com\/dryers\/#breadcrumb\",\"itemListElement\":[{\"@type\":\"ListItem\",\"position\":1,\"name\":\"Home\",\"item\":\"https:\/\/gimeco.com\/de\/\"},{\"@type\":\"ListItem\",\"position\":2,\"name\":\"Trockner\"}]},{\"@type\":\"WebSite\",\"@id\":\"https:\/\/gimeco.com\/#website\",\"url\":\"https:\/\/gimeco.com\/\",\"name\":\"gimeco.com\",\"description\":\"Your Partner from A to Zink\",\"publisher\":{\"@id\":\"https:\/\/gimeco.com\/#organization\"},\"alternateName\":\"Gimeco\",\"potentialAction\":[{\"@type\":\"SearchAction\",\"target\":{\"@type\":\"EntryPoint\",\"urlTemplate\":\"https:\/\/gimeco.com\/?s={search_term_string}\"},\"query-input\":{\"@type\":\"PropertyValueSpecification\",\"valueRequired\":true,\"valueName\":\"search_term_string\"}}],\"inLanguage\":\"de\"},{\"@type\":\"Organization\",\"@id\":\"https:\/\/gimeco.com\/#organization\",\"name\":\"Gimeco\",\"url\":\"https:\/\/gimeco.com\/\",\"logo\":{\"@type\":\"ImageObject\",\"inLanguage\":\"de\",\"@id\":\"https:\/\/gimeco.com\/#\/schema\/logo\/image\/\",\"url\":\"https:\/\/gimeco.com\/wp-content\/uploads\/2023\/11\/Logo_GIMECO_StringNoPayoff-250.png\",\"contentUrl\":\"https:\/\/gimeco.com\/wp-content\/uploads\/2023\/11\/Logo_GIMECO_StringNoPayoff-250.png\",\"width\":250,\"height\":98,\"caption\":\"Gimeco\"},\"image\":{\"@id\":\"https:\/\/gimeco.com\/#\/schema\/logo\/image\/\"},\"sameAs\":[\"https:\/\/www.facebook.com\/gimecogroup\"]}]}<\/script>\n<!-- \/ Yoast SEO plugin. -->","yoast_head_json":{"title":"Trockner | GIMECO Impianti","description":"Die Haupttypen von Trocknern werden auf die Anforderungen und Spezifikationen der Anlage zugeschnitten. Trockner k\u00f6nnen statisch (oder...","robots":{"index":"index","follow":"follow","max-snippet":"max-snippet:-1","max-image-preview":"max-image-preview:large","max-video-preview":"max-video-preview:-1"},"canonical":"https:\/\/gimeco.com\/dryers\/","og_locale":"de_DE","og_type":"article","og_title":"Trockner | GIMECO Impianti","og_description":"Die Haupttypen von Trocknern werden auf die Anforderungen und Spezifikationen der Anlage zugeschnitten. Trockner k\u00f6nnen statisch (oder...","og_url":"https:\/\/gimeco.com\/dryers\/","og_site_name":"GIMECO Impianti","article_publisher":"https:\/\/www.facebook.com\/gimecogroup","article_modified_time":"2024-06-03T09:13:13+00:00","og_image":[{"width":250,"height":98,"url":"https:\/\/gimeco.com\/wp-content\/uploads\/2023\/11\/Logo_GIMECO_StringNoPayoff-250.png","type":"image\/png"}],"schema":{"@context":"https:\/\/schema.org","@graph":[{"@type":"WebPage","@id":"https:\/\/gimeco.com\/dryers\/","url":"https:\/\/gimeco.com\/dryers\/","name":"Trockner | GIMECO Impianti","isPartOf":{"@id":"https:\/\/gimeco.com\/#website"},"datePublished":"2023-09-19T12:52:43+00:00","dateModified":"2024-06-03T09:13:13+00:00","description":"Die Haupttypen von Trocknern werden auf die Anforderungen und Spezifikationen der Anlage zugeschnitten. Trockner k\u00f6nnen statisch (oder...","breadcrumb":{"@id":"https:\/\/gimeco.com\/dryers\/#breadcrumb"},"inLanguage":"de","potentialAction":[{"@type":"ReadAction","target":["https:\/\/gimeco.com\/dryers\/"]}]},{"@type":"BreadcrumbList","@id":"https:\/\/gimeco.com\/dryers\/#breadcrumb","itemListElement":[{"@type":"ListItem","position":1,"name":"Home","item":"https:\/\/gimeco.com\/de\/"},{"@type":"ListItem","position":2,"name":"Trockner"}]},{"@type":"WebSite","@id":"https:\/\/gimeco.com\/#website","url":"https:\/\/gimeco.com\/","name":"gimeco.com","description":"Your Partner from A to Zink","publisher":{"@id":"https:\/\/gimeco.com\/#organization"},"alternateName":"Gimeco","potentialAction":[{"@type":"SearchAction","target":{"@type":"EntryPoint","urlTemplate":"https:\/\/gimeco.com\/?s={search_term_string}"},"query-input":{"@type":"PropertyValueSpecification","valueRequired":true,"valueName":"search_term_string"}}],"inLanguage":"de"},{"@type":"Organization","@id":"https:\/\/gimeco.com\/#organization","name":"Gimeco","url":"https:\/\/gimeco.com\/","logo":{"@type":"ImageObject","inLanguage":"de","@id":"https:\/\/gimeco.com\/#\/schema\/logo\/image\/","url":"https:\/\/gimeco.com\/wp-content\/uploads\/2023\/11\/Logo_GIMECO_StringNoPayoff-250.png","contentUrl":"https:\/\/gimeco.com\/wp-content\/uploads\/2023\/11\/Logo_GIMECO_StringNoPayoff-250.png","width":250,"height":98,"caption":"Gimeco"},"image":{"@id":"https:\/\/gimeco.com\/#\/schema\/logo\/image\/"},"sameAs":["https:\/\/www.facebook.com\/gimecogroup"]}]}},"_links":{"self":[{"href":"https:\/\/gimeco.com\/de\/wp-json\/wp\/v2\/pages\/20938","targetHints":{"allow":["GET"]}}],"collection":[{"href":"https:\/\/gimeco.com\/de\/wp-json\/wp\/v2\/pages"}],"about":[{"href":"https:\/\/gimeco.com\/de\/wp-json\/wp\/v2\/types\/page"}],"author":[{"embeddable":true,"href":"https:\/\/gimeco.com\/de\/wp-json\/wp\/v2\/users\/1"}],"replies":[{"embeddable":true,"href":"https:\/\/gimeco.com\/de\/wp-json\/wp\/v2\/comments?post=20938"}],"version-history":[{"count":7,"href":"https:\/\/gimeco.com\/de\/wp-json\/wp\/v2\/pages\/20938\/revisions"}],"predecessor-version":[{"id":22440,"href":"https:\/\/gimeco.com\/de\/wp-json\/wp\/v2\/pages\/20938\/revisions\/22440"}],"wp:attachment":[{"href":"https:\/\/gimeco.com\/de\/wp-json\/wp\/v2\/media?parent=20938"}],"curies":[{"name":"wp","href":"https:\/\/api.w.org\/{rel}","templated":true}]}}