{"id":20940,"date":"2023-10-16T12:59:45","date_gmt":"2023-10-16T12:59:45","guid":{"rendered":"https:\/\/gimeco.com\/technologie\/furnaces\/"},"modified":"2025-10-29T15:40:24","modified_gmt":"2025-10-29T15:40:24","slug":"oefen","status":"publish","type":"page","link":"https:\/\/gimeco.com\/de\/oefen\/","title":{"rendered":"\u00d6fen"},"content":{"rendered":"<div class=\"vgblk-rw-wrapper limit-wrapper\">\n<h2>\n\t <b>Im Herzen <\/b>der Anlage\n\t<\/h2>\n\tDer Ofen ist das <strong>schlagende Herz<\/strong> der gesamten Galvanikanlage und ist entscheidend sowohl f\u00fcr die Aufrechterhaltung von fl\u00fcssigem Zink, das sofort einsatzbereit ist, als auch f\u00fcr die Materialvorbereitungsprozesse dank <strong>W\u00e4rme- und R\u00fcckgewinnungsmanagement<\/strong>.<br \/>\nDie <strong>Ingenieursqualit\u00e4t<\/strong>, die in diesem kritischen Teil des Systems umgesetzt wird, beeinflusst eine Reihe von Schl\u00fcsselfaktoren, die weit \u00fcber seine Struktur hinausgehen, wie die <strong>Gesamteffizienz<\/strong> der Anlage, die <strong>Lebensdauer des Feuerverzinkungskessels<\/strong>, die inh\u00e4rente <strong>Qualit\u00e4t des Endprodukts<\/strong> und die <strong>globale Wirtschaftlichkeit<\/strong> der Anlage. Die isolierte Kammer wird mit pr\u00e4zise ausgew\u00e4hlten Materialien montiert, und die W\u00e4rmeinheit ist mit \u00e4u\u00dferster Pr\u00e4zision konzipiert, um sowohl Langlebigkeit als auch hohe Effizienz zu gew\u00e4hrleisten.\nIn der Tat ist dies der Ort, an dem innovative technologische L\u00f6sungen in Bezug auf Effizienzverbesserung, digitale Automatisierung und Energieeinsparungen zusammenkommen und dazu beitragen, <a href=\"https:\/\/gimeco.com\/de\/nachhaltigkeit\/\">Nachhaltigkeit<\/a> bei gleichzeitig kompromissloser Qualit\u00e4t zu bewahren.<br \/>\nIm Laufe der Zeit hat GIMECO <strong>revolution\u00e4re Schritte <\/strong>unternommen, mit der Einf\u00fchrung der Dual-Chamber\u2122-Technologie, einem innovativen Ofen, der einen Generationswechsel in der Verbrennungssteuerung darstellt. Ebenso wurden elektrische und Hybrid-Gas-Elektro-\u00d6fen eingef\u00fchrt, um spezifischen Anforderungen im Hinblick auf <strong>Energie- und Umweltpolitik gerecht<\/strong> zu werden. In diesem Fall war GIMECO eines der ersten Unternehmen, das seit Anfang der 2000er Jahre operative elektrische \u00d6fen in der Feuerverzinkungsindustrie eingef\u00fchrt hat.\n<h4>\n\tW\u00e4hlen Sie unsere \u00d6fen\n\t<\/h4>\n\t<a href=\"https:\/\/gimeco.com\/de\/oefen\/#1\" target=\"_self\" role=\"button\">\n\t\t\t\t\tHochgeschwindigkeits- und Flachflammen\u00f6fen\n\t<\/a>\n\t<a href=\"https:\/\/gimeco.com\/de\/oefen\/#3\" target=\"_self\" role=\"button\">\n\t\t\t\t\tHybrid- und Elektr\u00f6fen\n\t<\/a>\n\t<a href=\"https:\/\/gimeco.com\/de\/oefen\/#6\" target=\"_self\" role=\"button\">\n\t\t\t\t\tHochtemperatur\u00f6fen\n\t<\/a>\n<h5>\n\tKLASSISCH\n\t<\/h5>\n<h3>\n\t<strong>Hochgeschwindigkeits-<br \/>Dual-Chamber\u2122<\/strong>\n\t<\/h3>\n\t<h3>Gleich zwei \u00d6fen in einem<\/h3>\n<p>Die im Laufe der Jahre gesammelte Erfahrung in Heiztechnologien und eine nat\u00fcrliche Neigung zur Innovation f\u00fchrten GIMECO zur Einf\u00fchrung eines Ofens, der in der Lage ist, die Grenzen des herk\u00f6mmlichen Hochgeschwindigkeits\u00f6fens zu \u00fcberwinden.<\/p>\n\t\t\tH\u00f6hepunkte\n\t\t<p><strong>Doppelkammer-Design<br \/><\/strong>Urspr\u00fcnglich von GIMECO, es ist, als h\u00e4tte man zwei unabh\u00e4ngige \u00d6fen f\u00fcr jeden Kessel.<strong>K\u00e4lterer Boden<br \/><\/strong>Dieser Ofen gew\u00e4hrleistet einen sp\u00fcrbaren Temperaturunterschied zwischen der unteren und oberen Seite des Zinkbads. Dies gilt als positiver Faktor, um die Schlacke vom Rest des Zinks getrennt zu halten und ihre Zirkulation im Bad aufgrund thermischer Konvektion drastisch zu reduzieren.<strong>Umschalten der Brenner<br \/><\/strong>Erm\u00f6glicht das periodische Umschalten der Brenner, um die Belastung des Kessels so gleichm\u00e4\u00dfig wie m\u00f6glich zu gestalten.<strong>Doppelte Temperaturkontrolle<br \/><\/strong>Jede Kammer hat ihre eigene PID-Regelung.<strong>Touchscreen-Schnittstelle<br \/><\/strong>Temperaturdelta-Steuerung &#8211; Adaptiver und vorhersagender Algorithmus &#8211; Alarmprotokoll &#8211; Fernbehebung.<strong>W\u00e4rmer\u00fcckgewinnung<\/strong><strong>Temperaturdelta<br \/><\/strong>Die Temperaturen der oberen und unteren Kammer werden auf einem guten und konstanten Gradunterschied gehalten, was einen k\u00e4lteren Boden erm\u00f6glicht. Der Unterschied zwischen dem oberen und unteren Zinkbad kann mehr als 15\u00b0C <em>(59\u00b0F)<\/em> betragen.<strong>Einstellung des Temperaturdeltas<br \/><\/strong>Dank separater Messungen kann der Verzinker den bevorzugten Temperaturgradienten zwischen dem oberen und unteren Teil des Kessels einstellen und aufrechterhalten.<strong>Einfache Installation<br \/><\/strong>Falls ein Ersatz des aktuellen Ofens erforderlich ist, kann ein Hochgeschwindigkeits-Doppelkammer\u2122-Ofen problemlos anstelle eines herk\u00f6mmlichen Standardofens installiert werden, wenn der Abstand zwischen dem alten Ofen und der Wandseite 30 cm<em> (12&#8243;)<\/em> betr\u00e4gt.<strong>Modernisiert<br \/><\/strong>Neue Positionierung der Brenner &#8211; Neuer gepulster Brenneralgorithmus &#8211; Neuer Weg f\u00fcr die Abfuhr der Rauchgase.<\/p>\n\t\t\tVorteile\n\t\t<p><strong>Verbesserte Qualit\u00e4t des Endprodukts<br \/><\/strong>GIMECO hat das Paradigma verschoben, sich von der Fokussierung auf die Ofentechnologie hin zu der \u00dcberlegung nach dem am meisten gew\u00fcnschten Endprodukt. Dies ist das erste Mal, dass ein Ofen um das Endprodukt herum entworfen wurde, anstatt sich selbst auf die Leistung zu beziehen, selbst wenn eine hohe Effizienz gezeigt wird. Das Prinzip des k\u00e4lteren Bodens gew\u00e4hrleistet, dass die Schlacke besser vom restlichen Zink getrennt wird. Gem\u00e4\u00df einer Umfrage unter Verzinkern wird die schwebende Schlacke um faire 50% reduziert, was eine Halbierung der Ausschussrate bei den Endprodukten erm\u00f6glicht.<strong>Energieeinsparung<br \/><\/strong>Dank des Doppelkammer-Konzepts greifen Sie nur dann auf Energie zu, wenn Sie sie ben\u00f6tigen. Unser Algorithmus reagiert auf den Energiebedarf, indem er die Brennfolgen zwischen den beiden getrennten Kammern anpasst und Ihnen jedes Mal genau das gibt, was Sie brauchen. Gem\u00e4\u00df einer Umfrage unter Verzinkern liegen die Einsparungen bei etwa 15% im Vergleich zu traditionellen Hochgeschwindigkeits\u00f6fen.<strong>Benutzerfreundlich<\/strong><strong>Weniger Kesselkorrosion<\/strong><\/p>\n\t\t\tKesselskorrosion\n\t\t<p>Hochgeschwindigkeits-Dual-Chamber\u2122-\u00d6fen erzeugen Spannungen, die auf bestimmte Bereiche des Kessels lokalisiert sind. Die Dualkammer-Konstruktion und die Installation geeigneter L\u00f6sungen f\u00fchren jedoch zu einer deutlich geringeren Korrosion im Vergleich zu herk\u00f6mmlichen Hochgeschwindigkeits\u00f6fen.<br \/>Dual-Chamber\u2122-\u00d6fen bieten auch die M\u00f6glichkeit, dass die Brenner periodisch umgekehrt werden k\u00f6nnen, mit dem Ziel, eine homogenere Verteilung der Belastung auf der Oberfl\u00e4che des Kessels zu erreichen und somit seine Lebensdauer zu verl\u00e4ngern.<\/p>\n\t\t\t\t\t\t\t<img decoding=\"async\" src=\"https:\/\/gimeco.com\/wp-content\/plugins\/beaver-builder-lite-version\/img\/pixel.png\" alt=\"\" itemprop=\"image\" onerror=\"this.style.display='none'\"  \/>\n<h5>\n\tKLASSISCH\n\t<\/h5>\n<h3>\n\t<strong> Flachflamme<\/strong>\n\t<\/h3>\n\t<h3>F\u00fcr hohe Produktionsanforderungen<\/h3>\n\t\t\tH\u00f6hepunkte\n\t\t<ul><li>Beheizt durch Strahlung<\/li><li>Nur gasf\u00f6rmiger Brennstoff<\/li><li>Schwierige Einstellung der Brenner<\/li><li>Keine Kontrolle \u00fcber den Temperaturgradienten<\/li><li>Keine Trennung der Brennkammer<\/li><\/ul>\n\t\t\tVorteile\n\t\t<ul><li>Erm\u00f6glicht die Installation gr\u00f6\u00dferer Leistung bei Bedarf <em>(mehr Platz an den langen Seiten des Ofens)<\/em><\/li><li>Passt zu hohen Produktivit\u00e4tsanforderungen<\/li><\/ul>\n\t\t\tKesselskorrosion\n\t\t<p>Flachflamme-\u00d6fen erzeugen Spannungen am Kessel entsprechend der Position der Brenner, was zu einem punktf\u00f6rmigen Muster von Korrosion entlang der Kesselw\u00e4nde f\u00fchrt.<\/p>\n\t\t\t\t\t\t\t<img decoding=\"async\" src=\"https:\/\/gimeco.com\/wp-content\/plugins\/beaver-builder-lite-version\/img\/pixel.png\" alt=\"\" itemprop=\"image\" onerror=\"this.style.display='none'\"  \/>\n<h5>\n\tGERINGE EMISSIONEN\n\t<\/h5>\n<h3>\n\t<strong>Hybrid<\/strong> Dual-Chamber\u2122\n\t<\/h3>\n\t<h3>Nachhaltigkeit durch Flexibilit\u00e4t<\/h3>\n<p>Die Vielseitigkeit des Dual-Chamber\u2122-Ofens vereint die Flexibilit\u00e4t und Machbarkeit des elektrischen Ofens.<\/p>\n\t\t\tH\u00f6hepunkte\n\t\t<ul><li>Optimiertes Gas-Elektrosystem<\/li><li>Ausf\u00fchrungen als Mild-Hybrid oder Voll-Hybrid<\/li><li>Elektrische <em>(oder Gas-)<\/em> Versorgung als Backup-Strom <em>(Leerlaufzeit)<\/em> oder Vollstrom<\/li><li>Backup-Modus \u00fcber Nachtschichten oder Wochenenden<\/li><li>Redundanz von Heizwiderst\u00e4nden zur Reduzierung der Belastung auf die Ausr\u00fcstung<\/li><li>Geeignet f\u00fcr erneuerbare Energien <em>(Photovoltaik oder Wind)<\/em><\/li><\/ul>\n\t\t\tVorteile\n\t\t<ul><li>Hohe Flexibilit\u00e4t des Systems *<\/li><li>Reduzierter Gasverbrauch *<\/li><li>Geringere Belastung auf den Kessel *<\/li><li>Energieeinsparung *<\/li><li>Weniger Abgase *<\/li><li>Reduzierte CO<sub>2<\/sub>-Emissionen *<\/li><\/ul><p>(*) im Vergleich zu traditionellen gasbefeuerten \u00d6fen<\/p>\n\t\t\tKesselskorrosion\n\t\t<p>Hybrid-Gas-Elektro-\u00d6fen erzeugen Spannungen am Kessel, die typisch f\u00fcr den Betriebsmodus sind, f\u00fcr den sie haupts\u00e4chlich verwendet werden: h\u00f6here Belastung an den Ecken, wenn der Betrieb haupts\u00e4chlich gasbasiert ist, gleichm\u00e4\u00dfig und mild, wenn der Betrieb haupts\u00e4chlich elektrisch ist.<br \/>In beiden F\u00e4llen wird jedoch die Kesselskorrosion durch Hybrid\u00f6fen gemildert.<\/p>\n\t\t\t\t\t\t\t<img decoding=\"async\" src=\"https:\/\/gimeco.com\/wp-content\/plugins\/beaver-builder-lite-version\/img\/pixel.png\" alt=\"\" itemprop=\"image\" onerror=\"this.style.display='none'\"  \/>\n<h5>\n\tKEINE EMISSIONEN\n\t<\/h5>\n<h3>\n\t<strong>Elektrisch<\/strong> mit Plattenwiderst\u00e4nden\n\t<\/h3>\n\t<h3>Produktqualit\u00e4t ohne CO<sub>2<\/sub><\/h3>\n\t\t\tH\u00f6hepunkte\n\t\t<ul><li>Kontrollierbare Temperaturschichtung des Bades<\/li><li>Redundanz von Heizwiderst\u00e4nden zur Reduzierung der Belastung auf die Ausr\u00fcstung<\/li><li>Niedrigere und stabile Kammertemperatur *<\/li><li>Geeignet f\u00fcr erneuerbare Energiequellen <em>(Photovoltaik oder Wind)<\/em><\/li><\/ul><p>(*) im Vergleich zu traditionellen gasbefeuerten \u00d6fen<br \/><\/p>\n\t\t\tVorteile\n\t\t<ul><li>Einfachere Gesamtinstallation *<\/li><li>Geringere installierte Leistung <em>(bis zu -30%) *<\/em><\/li><li>Wesentlich niedrigerer Energieverbrauch <em>(-35\/40%) *<\/em><\/li><li>Geringe Belastung auf den Kessel <em>(signifikante Verl\u00e4ngerung der Kessellebensdauer) *<\/em><\/li><li>Geringer Wartungsaufwand<\/li><li>Keine lokalen CO<sub>2<\/sub>-Emissionen *<\/li><li>Keine Gasabgase *<\/li><li>Kein Staub, kein L\u00e4rm *<\/li><\/ul><p>(*) im Vergleich zu traditionellen gasbefeuerten \u00d6fen<br \/><\/p>\n\t\t\tKesselskorrosion\n\t\t<p>Elektrische \u00d6fen erzeugen eine geringere Belastung auf den Kessel mit einem gleichm\u00e4\u00dfigen und geschichteten Korrosionsmuster. Dies erm\u00f6glicht eine dramatische Verl\u00e4ngerung der Kessellebensdauer, wobei die Wanddicke des Kessels im Durchschnitt weniger als 2 mm<em> (0.07&#8243;)<\/em> pro Jahr abnimmt.<\/p>\n<h5>\n\tKEINE EMISSIONEN &#8211; HOHE TEMPERATUR\n\t<\/h5>\n<h3>\n\t<strong>Elektrische<\/strong> mit Hochtemperatur-Kessel\n\t<\/h3>\n\t<h3>Kein CO<sub>2<\/sub>, hohe Temperatur<\/h3>\n\t\t\tH\u00f6hepunkte\n\t\t<ul><li data-start=\"129\" data-end=\"222\">Hohe Temperatur bis zu 550\u00b0C <em>(1022\u00b0F)<\/em>, ideal zum Behandeln von hochsiliziumhaltigen St\u00e4hlen<\/li><li data-start=\"129\" data-end=\"222\">Hochwertige keramische Tauchheizelemente<\/li><li data-start=\"129\" data-end=\"222\">H\u00f6here Best\u00e4ndigkeit gegen Temperaturschocks<\/li><li data-start=\"129\" data-end=\"222\">Redundanz der Heizelemente zur Reduzierung der Belastung der Anlage<\/li><li data-start=\"389\" data-end=\"431\">Einfach austauschbare K-Thermoelemente<\/li><li data-start=\"389\" data-end=\"431\">Niedrigere, gleichm\u00e4\u00dfige und stabile Kammertemperatur *<\/li><li data-start=\"389\" data-end=\"431\">Geeignet f\u00fcr erneuerbare Energien <em>(Photovoltaik oder Windkraft)<\/em><\/li><\/ul><p>(*) im Vergleich zu traditionellen gasbefeuerten \u00d6fen<br \/><\/p>\n\t\t\tVorteile\n\t\t<ul><li>Geringere installierte Leistung<em> (bis zu -30%) *<\/em><\/li><li>Wesentlich niedrigerer Energieverbrauch <em>(-35\/40%) *<\/em><\/li><li>Sehr hohe Effizienz der Heizelemente <em>(geringe W\u00e4rmeverluste)<br \/><\/em><\/li><li>Geringer Wartungsaufwand<\/li><li>Keine lokalen CO<sub>2<\/sub>-Emissionen *<\/li><li>Keine Gasabgase *<\/li><li>Kein Staub, kein L\u00e4rm *<\/li><\/ul><p>(*) im Vergleich zu traditionellen gasbefeuerten \u00d6fen<br \/><\/p>\n<h5>\n\tHOHE TEMPERATUR\n\t<\/h5>\n<h3>\n\t<strong>Obere Heizkuppel<\/strong>\n\t<\/h3>\n\t<h3>Langlebig, f\u00fcr spezifische Anwendungen<\/h3>\n\t\t\tH\u00f6hepunkte\n\t\t<ul><li>Hohe Temperatur von 520\u00b0C <em>(968\u00b0F)<\/em><\/li><li>Langlebiger Keramikkessel <em>(kein Stahlkessel)<\/em><\/li><li>Sorgf\u00e4ltige Inbetriebnahme erforderlich<\/li><\/ul>\n\t\t\tVorteile\n\t\t<ul><li>Ideal f\u00fcr das Baden bestimmter Profile<\/li><li>Sehr geringer Wartungsaufwand<\/li><\/ul>\n<h5>\n\tHOHE TEMPERATUR\n\t<\/h5>\n<h3>\n\t<b>Eingetauchte Strahlrohre<\/b>\n\t<\/h3>\n\t<h3>Ideal f\u00fcr die Feuerverzinkung von hochsiliziumhaltigen St\u00e4hlen<\/h3>\n\t\t\tH\u00f6hepunkte\n\t\t<ul><li>Hohe Temperatur von bis zu 530\u00b0C <em>(986\u00b0F)<\/em><\/li><li>Effiziente Vorw\u00e4rmung<\/li><li>Eingetauchte selbstregenerative Strahl-Siliziumkarbid <em>(SiC)<\/em>-Rohrbrenner<\/li><li>Langlebiges feuerfestes Material im Kessel <em>(kein Stahlkessel)<\/em><\/li><\/ul>\n\t\t\tVorteile\n\t\t<ul><li>Hohe Temperatur von bis zu 530\u00b0C (986\u00b0F)<\/li><li>Effiziente Vorw\u00e4rmung<\/li><li>Eingetauchte selbstregenerative Strahl-SiC (Siliziumkarbid) -Rohrbrenner<\/li><li>Langlebiges feuerfestes Material im Kessel (kein Stahlkessel)<\/li><\/ul>\n<h3>\n\t<b>Ofen-Smart-Management-<\/b> <br \/>und \u00dcberwachungssoftware\n\t<\/h3>\n\t<a href=\"https:\/\/gimeco.com\/de\/software\/#4\" target=\"_self\" role=\"button\">\n\t\t\t\t\tMehr <b>erfahren<\/b>\n\t<\/a>\n\n<\/div><!-- .vgblk-rw-wrapper -->","protected":false},"excerpt":{"rendered":"<p>Im Herzen der Anlage Der Ofen ist das schlagende Herz der gesamten Galvanikanlage und ist entscheidend sowohl f\u00fcr die Aufrechterhaltung von fl\u00fcssigem Zink, das sofort einsatzbereit ist, als auch f\u00fcr die Materialvorbereitungsprozesse dank W\u00e4rme- und R\u00fcckgewinnungsmanagement. Die Ingenieursqualit\u00e4t, die in diesem kritischen Teil des Systems umgesetzt wird, beeinflusst eine Reihe von Schl\u00fcsselfaktoren, die weit \u00fcber&#8230;<\/p>\n","protected":false},"author":1,"featured_media":0,"parent":0,"menu_order":0,"comment_status":"closed","ping_status":"closed","template":"","meta":{"inline_featured_image":false,"footnotes":""},"class_list":["post-20940","page","type-page","status-publish","hentry"],"yoast_head":"<!-- This site is optimized with the Yoast SEO plugin v26.4 - https:\/\/yoast.com\/wordpress\/plugins\/seo\/ -->\n<title>\u00d6fen | GIMECO Impianti<\/title>\n<meta name=\"description\" content=\"Der Ofen ist das Herzst\u00fcck der gesamten Verzinkungsanlage und ist sowohl f\u00fcr die Aufrechterhaltung der Zinkschmelze als auch f\u00fcr die...\" \/>\n<meta name=\"robots\" content=\"index, follow, max-snippet:-1, max-image-preview:large, max-video-preview:-1\" \/>\n<link rel=\"canonical\" href=\"https:\/\/gimeco.com\/de\/oefen\/\" \/>\n<meta property=\"og:locale\" content=\"de_DE\" \/>\n<meta property=\"og:type\" content=\"article\" \/>\n<meta property=\"og:title\" content=\"\u00d6fen | GIMECO Impianti\" \/>\n<meta property=\"og:description\" content=\"Der Ofen ist das Herzst\u00fcck der gesamten Verzinkungsanlage und ist sowohl f\u00fcr die Aufrechterhaltung der Zinkschmelze als auch f\u00fcr die...\" \/>\n<meta property=\"og:url\" content=\"https:\/\/gimeco.com\/de\/oefen\/\" \/>\n<meta property=\"og:site_name\" content=\"GIMECO Impianti\" \/>\n<meta property=\"article:publisher\" content=\"https:\/\/www.facebook.com\/gimecogroup\" \/>\n<meta property=\"article:modified_time\" content=\"2025-10-29T15:40:24+00:00\" \/>\n<meta property=\"og:image\" content=\"https:\/\/gimeco.com\/wp-content\/plugins\/beaver-builder-lite-version\/img\/pixel.png\" \/>\n<script type=\"application\/ld+json\" class=\"yoast-schema-graph\">{\"@context\":\"https:\/\/schema.org\",\"@graph\":[{\"@type\":\"WebPage\",\"@id\":\"https:\/\/gimeco.com\/de\/oefen\/\",\"url\":\"https:\/\/gimeco.com\/de\/oefen\/\",\"name\":\"\u00d6fen | GIMECO Impianti\",\"isPartOf\":{\"@id\":\"https:\/\/gimeco.com\/#website\"},\"primaryImageOfPage\":{\"@id\":\"https:\/\/gimeco.com\/de\/oefen\/#primaryimage\"},\"image\":{\"@id\":\"https:\/\/gimeco.com\/de\/oefen\/#primaryimage\"},\"thumbnailUrl\":\"https:\/\/gimeco.com\/wp-content\/plugins\/beaver-builder-lite-version\/img\/pixel.png\",\"datePublished\":\"2023-10-16T12:59:45+00:00\",\"dateModified\":\"2025-10-29T15:40:24+00:00\",\"description\":\"Der Ofen ist das Herzst\u00fcck der gesamten Verzinkungsanlage und ist sowohl f\u00fcr die Aufrechterhaltung der Zinkschmelze als auch f\u00fcr die...\",\"breadcrumb\":{\"@id\":\"https:\/\/gimeco.com\/de\/oefen\/#breadcrumb\"},\"inLanguage\":\"de\",\"potentialAction\":[{\"@type\":\"ReadAction\",\"target\":[\"https:\/\/gimeco.com\/de\/oefen\/\"]}]},{\"@type\":\"ImageObject\",\"inLanguage\":\"de\",\"@id\":\"https:\/\/gimeco.com\/de\/oefen\/#primaryimage\",\"url\":\"https:\/\/gimeco.com\/wp-content\/plugins\/beaver-builder-lite-version\/img\/pixel.png\",\"contentUrl\":\"https:\/\/gimeco.com\/wp-content\/plugins\/beaver-builder-lite-version\/img\/pixel.png\"},{\"@type\":\"BreadcrumbList\",\"@id\":\"https:\/\/gimeco.com\/de\/oefen\/#breadcrumb\",\"itemListElement\":[{\"@type\":\"ListItem\",\"position\":1,\"name\":\"Home\",\"item\":\"https:\/\/gimeco.com\/de\/\"},{\"@type\":\"ListItem\",\"position\":2,\"name\":\"\u00d6fen\"}]},{\"@type\":\"WebSite\",\"@id\":\"https:\/\/gimeco.com\/#website\",\"url\":\"https:\/\/gimeco.com\/\",\"name\":\"gimeco.com\",\"description\":\"Your Partner from A to Zink\",\"publisher\":{\"@id\":\"https:\/\/gimeco.com\/#organization\"},\"alternateName\":\"Gimeco\",\"potentialAction\":[{\"@type\":\"SearchAction\",\"target\":{\"@type\":\"EntryPoint\",\"urlTemplate\":\"https:\/\/gimeco.com\/?s={search_term_string}\"},\"query-input\":{\"@type\":\"PropertyValueSpecification\",\"valueRequired\":true,\"valueName\":\"search_term_string\"}}],\"inLanguage\":\"de\"},{\"@type\":\"Organization\",\"@id\":\"https:\/\/gimeco.com\/#organization\",\"name\":\"Gimeco\",\"url\":\"https:\/\/gimeco.com\/\",\"logo\":{\"@type\":\"ImageObject\",\"inLanguage\":\"de\",\"@id\":\"https:\/\/gimeco.com\/#\/schema\/logo\/image\/\",\"url\":\"https:\/\/gimeco.com\/wp-content\/uploads\/2023\/11\/Logo_GIMECO_StringNoPayoff-250.png\",\"contentUrl\":\"https:\/\/gimeco.com\/wp-content\/uploads\/2023\/11\/Logo_GIMECO_StringNoPayoff-250.png\",\"width\":250,\"height\":98,\"caption\":\"Gimeco\"},\"image\":{\"@id\":\"https:\/\/gimeco.com\/#\/schema\/logo\/image\/\"},\"sameAs\":[\"https:\/\/www.facebook.com\/gimecogroup\"]}]}<\/script>\n<!-- \/ Yoast SEO plugin. -->","yoast_head_json":{"title":"\u00d6fen | GIMECO Impianti","description":"Der Ofen ist das Herzst\u00fcck der gesamten Verzinkungsanlage und ist sowohl f\u00fcr die Aufrechterhaltung der Zinkschmelze als auch f\u00fcr die...","robots":{"index":"index","follow":"follow","max-snippet":"max-snippet:-1","max-image-preview":"max-image-preview:large","max-video-preview":"max-video-preview:-1"},"canonical":"https:\/\/gimeco.com\/de\/oefen\/","og_locale":"de_DE","og_type":"article","og_title":"\u00d6fen | GIMECO Impianti","og_description":"Der Ofen ist das Herzst\u00fcck der gesamten Verzinkungsanlage und ist sowohl f\u00fcr die Aufrechterhaltung der Zinkschmelze als auch f\u00fcr die...","og_url":"https:\/\/gimeco.com\/de\/oefen\/","og_site_name":"GIMECO Impianti","article_publisher":"https:\/\/www.facebook.com\/gimecogroup","article_modified_time":"2025-10-29T15:40:24+00:00","og_image":[{"url":"https:\/\/gimeco.com\/wp-content\/plugins\/beaver-builder-lite-version\/img\/pixel.png","type":"","width":"","height":""}],"schema":{"@context":"https:\/\/schema.org","@graph":[{"@type":"WebPage","@id":"https:\/\/gimeco.com\/de\/oefen\/","url":"https:\/\/gimeco.com\/de\/oefen\/","name":"\u00d6fen | GIMECO Impianti","isPartOf":{"@id":"https:\/\/gimeco.com\/#website"},"primaryImageOfPage":{"@id":"https:\/\/gimeco.com\/de\/oefen\/#primaryimage"},"image":{"@id":"https:\/\/gimeco.com\/de\/oefen\/#primaryimage"},"thumbnailUrl":"https:\/\/gimeco.com\/wp-content\/plugins\/beaver-builder-lite-version\/img\/pixel.png","datePublished":"2023-10-16T12:59:45+00:00","dateModified":"2025-10-29T15:40:24+00:00","description":"Der Ofen ist das Herzst\u00fcck der gesamten Verzinkungsanlage und ist sowohl f\u00fcr die Aufrechterhaltung der Zinkschmelze als auch f\u00fcr die...","breadcrumb":{"@id":"https:\/\/gimeco.com\/de\/oefen\/#breadcrumb"},"inLanguage":"de","potentialAction":[{"@type":"ReadAction","target":["https:\/\/gimeco.com\/de\/oefen\/"]}]},{"@type":"ImageObject","inLanguage":"de","@id":"https:\/\/gimeco.com\/de\/oefen\/#primaryimage","url":"https:\/\/gimeco.com\/wp-content\/plugins\/beaver-builder-lite-version\/img\/pixel.png","contentUrl":"https:\/\/gimeco.com\/wp-content\/plugins\/beaver-builder-lite-version\/img\/pixel.png"},{"@type":"BreadcrumbList","@id":"https:\/\/gimeco.com\/de\/oefen\/#breadcrumb","itemListElement":[{"@type":"ListItem","position":1,"name":"Home","item":"https:\/\/gimeco.com\/de\/"},{"@type":"ListItem","position":2,"name":"\u00d6fen"}]},{"@type":"WebSite","@id":"https:\/\/gimeco.com\/#website","url":"https:\/\/gimeco.com\/","name":"gimeco.com","description":"Your Partner from A to Zink","publisher":{"@id":"https:\/\/gimeco.com\/#organization"},"alternateName":"Gimeco","potentialAction":[{"@type":"SearchAction","target":{"@type":"EntryPoint","urlTemplate":"https:\/\/gimeco.com\/?s={search_term_string}"},"query-input":{"@type":"PropertyValueSpecification","valueRequired":true,"valueName":"search_term_string"}}],"inLanguage":"de"},{"@type":"Organization","@id":"https:\/\/gimeco.com\/#organization","name":"Gimeco","url":"https:\/\/gimeco.com\/","logo":{"@type":"ImageObject","inLanguage":"de","@id":"https:\/\/gimeco.com\/#\/schema\/logo\/image\/","url":"https:\/\/gimeco.com\/wp-content\/uploads\/2023\/11\/Logo_GIMECO_StringNoPayoff-250.png","contentUrl":"https:\/\/gimeco.com\/wp-content\/uploads\/2023\/11\/Logo_GIMECO_StringNoPayoff-250.png","width":250,"height":98,"caption":"Gimeco"},"image":{"@id":"https:\/\/gimeco.com\/#\/schema\/logo\/image\/"},"sameAs":["https:\/\/www.facebook.com\/gimecogroup"]}]}},"_links":{"self":[{"href":"https:\/\/gimeco.com\/de\/wp-json\/wp\/v2\/pages\/20940","targetHints":{"allow":["GET"]}}],"collection":[{"href":"https:\/\/gimeco.com\/de\/wp-json\/wp\/v2\/pages"}],"about":[{"href":"https:\/\/gimeco.com\/de\/wp-json\/wp\/v2\/types\/page"}],"author":[{"embeddable":true,"href":"https:\/\/gimeco.com\/de\/wp-json\/wp\/v2\/users\/1"}],"replies":[{"embeddable":true,"href":"https:\/\/gimeco.com\/de\/wp-json\/wp\/v2\/comments?post=20940"}],"version-history":[{"count":21,"href":"https:\/\/gimeco.com\/de\/wp-json\/wp\/v2\/pages\/20940\/revisions"}],"predecessor-version":[{"id":25682,"href":"https:\/\/gimeco.com\/de\/wp-json\/wp\/v2\/pages\/20940\/revisions\/25682"}],"wp:attachment":[{"href":"https:\/\/gimeco.com\/de\/wp-json\/wp\/v2\/media?parent=20940"}],"curies":[{"name":"wp","href":"https:\/\/api.w.org\/{rel}","templated":true}]}}