{"id":20946,"date":"2023-10-03T09:41:44","date_gmt":"2023-10-03T09:41:44","guid":{"rendered":"https:\/\/gimeco.com\/technologie\/tubes-and-pipes-galvanizing\/"},"modified":"2024-06-03T09:52:14","modified_gmt":"2024-06-03T09:52:14","slug":"rohre-und-schlaeuche-feuerverzinkung","status":"publish","type":"page","link":"https:\/\/gimeco.com\/de\/rohre-und-schlaeuche-feuerverzinkung\/","title":{"rendered":"Rohre und Schl\u00e4uche Feuerverzinkung"},"content":{"rendered":"<div class=\"vgblk-rw-wrapper limit-wrapper\">\r\n\r\n\t<p>\u00dcber die Jahre und mit erweitertem Know-how nach der \u00dcbernahme des Unternehmens CO.T.IMP.I haben wir bei GIMECO Ausr\u00fcstung f\u00fcr komplette Feuerverzinkungslinien f\u00fcr Rohre und Schl\u00e4uche entwickelt, die \u00e4u\u00dferst zuverl\u00e4ssig sind. Unser Ziel ist es, den Produktionsprozess auf einem qualitativ hochwertigen Niveau zu optimieren und zu <strong>standardisieren<\/strong>, indem wir die verschiedenen Phasen kontrollieren und verwalten.<\/p>\r\n<p>Wir bieten eine <strong>hochautomatisierte<\/strong> Anlage f\u00fcr die Feuerverzinkung von Rohren und Schl\u00e4uchen. Von der chemischen Vorbehandlungsphase bis zur Passivierungsphase werden alle Operationen vollst\u00e4ndig automatisch durchgef\u00fchrt, gelegentlich unter Aufsicht des Bedieners. Gro\u00dfe Aufmerksamkeit wurde der Linienf\u00fchrung gewidmet, um die <strong>umgebende Arbeitsumgebung zu sch\u00fctzen<\/strong> und die strengsten von den relevanten Beh\u00f6rden auferlegten Grenzwerte einzuhalten.<\/p>\r\n<p>Die gesamte Feuerverzinkungslinie f\u00fcr Rohre und Schl\u00e4uche ist darauf ausgelegt, mit hoher Effizienz zu arbeiten und eine <strong>hohe Produktivit\u00e4t sowie Qualit\u00e4tsleistung<\/strong> zu erreichen. Diese Faktoren, kombiniert mit einer umfassenden Produktionskontrolle, haben zu signifikanten Ergebnissen in Bezug auf Energie- und Rohstoffeffizienz gef\u00fchrt.<\/p>\r\n<h3>\r\n\t<strong>Durchlaufende Rohrb\u00fcndel-F\u00f6rderer<\/strong>\r\n\t<\/h3>\r\n<h3>\r\n\t<strong>B\u00fcndelentwirrmaskinen<\/strong>\r\n\t<\/h3>\r\n<h3>\r\n\t<strong>Trocknerzuf\u00fchrungs-<br \/>maschinen<\/strong>\r\n\t<\/h3>\r\n\tRohre und Schl\u00e4uche werden in B\u00fcndeln in die Linie eingebracht und direkt an die Universaltraverse geh\u00e4ngt, um sie w\u00e4hrend des Vorbehandlungsprozesses zu handhaben.<br \/>\r\nDie aus dem Flussmittelbeh\u00e4lter kommenden B\u00fcndel werden auf ein geneigtes F\u00f6rderband gelegt, das dimensioniert ist, um mehrere B\u00fcndel gleichzeitig aufzunehmen und dabei die vollst\u00e4ndige R\u00fcckverfolgbarkeit zu gew\u00e4hrleisten. Die B\u00fcndel bewegen sich auf das Ger\u00e4t zu, das sie \u00f6ffnet und dann die einzelnen Rohre ausrichtet. Diese werden dann in den Einlass des Trockners geschickt.<br \/>\r\nDiese Ausr\u00fcstung ist vollautomatisch und erfordert gelegentlichen Bedienereingriff.\r\n\t\t\t\t\t\t\t<img decoding=\"async\" src=\"https:\/\/gimeco.com\/wp-content\/plugins\/beaver-builder-lite-version\/img\/pixel.png\" alt=\"\" itemprop=\"image\" onerror=\"this.style.display='none'\"  \/>\r\n<h3>\r\n\t<b>Kettenf\u00f6rderer-Trockner<\/b>\r\n\t<\/h3>\r\n\tUnsere Trockner gew\u00e4hrleisten eine vollst\u00e4ndige Trocknung und sinnvolle Vorw\u00e4rmung von Rohren, indem sie hohe Eintauchraten in geschmolzenes Zink erm\u00f6glichen, das Verbrennen des Flussmittels vermeiden und die Verformung durch Hitzeschock begrenzen.<br \/>\r\nDie Trocknungsleistung ist hoch dank der gro\u00dfen Menge an umlaufendem Durchfluss und Luftstrom, der um und durch die zu trocknenden Rohre str\u00f6mt, <strong>ohne eine \u00dcberschreitung des Temperatursollwerts zu verursachen<\/strong>.<br \/>\r\nDie Trocknungsluft wird bis zur gew\u00fcnschten Temperatur durch einen indirekten W\u00e4rmetauscher erw\u00e4rmt, der in der Regel mit Dampf gespeist wird.\r\n<h3>\r\n\t<strong>Continuierliche <br \/>Zuf\u00fchrsysteme zur Eintauch<\/strong>\r\n\t<\/h3>\r\n\tDie getrockneten Rohre werden von einer Pilgerschritt-Vorrichtung aufgenommen, die die Rohre auf Abschussbahnen bef\u00f6rdert, um die Eintauchlinie kontinuierlich zu speisen.<br \/>\r\nDiese Ausr\u00fcstung ist vollst\u00e4ndig automatisch und erfordert gelegentliche Unterst\u00fctzung durch einen kontrollierenden Bediener.\r\n<h3>\r\n\t<strong>Eintauch- und Entnahmemaschinen<\/strong>\r\n\t<\/h3>\r\n\tDiese Eintauchmaschine ist mit einem doppelten Satz synchronisierter Eintauchschrauben ausgestattet, um Rohre paarweise einzutauchen und zu entnehmen, was eine effiziente Anordnung und Platzersparnis erm\u00f6glicht.<br \/>\r\nDie Eintauchschraubens\u00e4tze k\u00f6nnen verschiedene Rohrgr\u00f6\u00dfen verarbeiten, wobei ein Satz f\u00fcr Wartungsarbeiten verf\u00fcgbar ist, w\u00e4hrend der andere in Betrieb ist. Die Technologie der Wendelschrauben gew\u00e4hrleistet die Gleichm\u00e4\u00dfigkeit der Zinkdicke <em>(automatisch durch Arbeitsrezepte gesteuert).<br \/>\r\n<\/em>Nach dem Eintauchen werden die Rohre mithilfe vertikaler Haken entnommen. Die Maschine ist leicht entfernbar f\u00fcr Modifikationen oder Reparaturen.<br \/>\r\nDiese Ausr\u00fcstung ist vollst\u00e4ndig automatisch und erfordert gelegentliche Unterst\u00fctzung durch einen kontrollierenden Bediener.\r\n<h3>\r\n\t<b>Abwisch- und Blasnahmemaschinen <\/b>\r\n\t<\/h3>\r\n<h3>\r\n\t<b>R\u00fcckgewinnung und Filtration <br \/>von Zinkoxiden<\/b>\r\n\t<\/h3>\r\n\tDiese Maschine erm\u00f6glicht das Reinigen von Rohren von \u00fcbersch\u00fcssigem Zink nach dem Entnehmen aus dem Kessel, sowohl extern als auch intern.<br \/>\r\nDie Maschine eignet sich f\u00fcr Rohre mit kleinem bis gro\u00dfem Durchmesser <em>(im Falle gr\u00f6\u00dferer Durchmesser ist die Maschine mit einem herausragenden Blas-Mandrel ausgestattet)<\/em> und sieht die R\u00fcckgewinnung und Sammlung der wei\u00dfen D\u00e4mpfe in Richtung des Anlagenfilters vor.<br \/>\r\nDiese Ausr\u00fcstung ist vollst\u00e4ndig automatisch und erfordert gelegentliche Eingriffe eines Bedieners.\r\n<h3>\r\n\t<b>Zahnr\u00e4der f\u00fcr Abschrecktanks<\/b>\r\n\t<\/h3>\r\n<h3>\r\n\t<b>Dampfsammelhauben<\/b>\r\n\t<\/h3>\r\n\t<p>Nach den Eintauchvorg\u00e4ngen werden Rohre in einen Wasserabschrecktank entlassen, der ein Zahnrad-Element aufweist <em>(leicht aus dem Tank zu entfernen f\u00fcr Inspektionen und Wartungsarbeiten),<\/em> das die Betriebseffizienz steigert, indem es das Material aus dem Bad f\u00fchrt und extrahiert. D\u00e4mpfe, die durch das Abschrecken hei\u00dfer Rohre entstehen, werden von einer speziellen Haube gesammelt.<\/p>\r\n<h3>\r\n\t<strong>Kettenf\u00f6rderer und <br \/>Puffertische f\u00fcr Inspektionen <\/strong>\r\n\t<\/h3>\r\n<h3>\r\n\t<b>\u00dcbertragende Rollbahnen<\/b>\r\n\t<\/h3>\r\n<h3>\r\n\t<b>Trennkrippen f\u00fcr fehlerhafte Rohre<\/b>\r\n\t<\/h3>\r\n\r\n<\/div><!-- .vgblk-rw-wrapper -->","protected":false},"excerpt":{"rendered":"<p>\u00dcber die Jahre und mit erweitertem Know-how nach der \u00dcbernahme des Unternehmens CO.T.IMP.I haben wir bei GIMECO Ausr\u00fcstung f\u00fcr komplette Feuerverzinkungslinien f\u00fcr Rohre und Schl\u00e4uche entwickelt, die \u00e4u\u00dferst zuverl\u00e4ssig sind. Unser Ziel ist es, den Produktionsprozess auf einem qualitativ hochwertigen Niveau zu optimieren und zu standardisieren, indem wir die verschiedenen Phasen kontrollieren und verwalten. Wir&#8230;<\/p>\n","protected":false},"author":1,"featured_media":0,"parent":0,"menu_order":0,"comment_status":"closed","ping_status":"closed","template":"","meta":{"inline_featured_image":false,"footnotes":""},"class_list":["post-20946","page","type-page","status-publish","hentry"],"yoast_head":"<!-- This site is optimized with the Yoast SEO plugin v26.4 - https:\/\/yoast.com\/wordpress\/plugins\/seo\/ -->\n<title>Rohre und Schl\u00e4uche Feuerverzinkung | GIMECO Impianti<\/title>\n<meta name=\"description\" content=\"Im Laufe der Jahre und mit einem erweiterten Know-how nach der \u00dcbernahme der Firma CO.T.IMP.I.\" \/>\n<meta name=\"robots\" content=\"index, follow, max-snippet:-1, max-image-preview:large, max-video-preview:-1\" \/>\n<link rel=\"canonical\" href=\"https:\/\/gimeco.com\/tubes-and-pipes-galvanizing\/\" \/>\n<meta property=\"og:locale\" content=\"de_DE\" \/>\n<meta property=\"og:type\" content=\"article\" \/>\n<meta property=\"og:title\" content=\"Rohre und Schl\u00e4uche Feuerverzinkung | GIMECO Impianti\" \/>\n<meta property=\"og:description\" content=\"Im Laufe der Jahre und mit einem erweiterten Know-how nach der \u00dcbernahme der Firma CO.T.IMP.I.\" \/>\n<meta property=\"og:url\" content=\"https:\/\/gimeco.com\/tubes-and-pipes-galvanizing\/\" \/>\n<meta property=\"og:site_name\" content=\"GIMECO Impianti\" \/>\n<meta property=\"article:publisher\" content=\"https:\/\/www.facebook.com\/gimecogroup\" \/>\n<meta property=\"article:modified_time\" content=\"2024-06-03T09:52:14+00:00\" \/>\n<meta property=\"og:image\" content=\"https:\/\/gimeco.com\/wp-content\/plugins\/beaver-builder-lite-version\/img\/pixel.png\" \/>\n<script type=\"application\/ld+json\" class=\"yoast-schema-graph\">{\"@context\":\"https:\/\/schema.org\",\"@graph\":[{\"@type\":\"WebPage\",\"@id\":\"https:\/\/gimeco.com\/tubes-and-pipes-galvanizing\/\",\"url\":\"https:\/\/gimeco.com\/tubes-and-pipes-galvanizing\/\",\"name\":\"Rohre und Schl\u00e4uche Feuerverzinkung | GIMECO Impianti\",\"isPartOf\":{\"@id\":\"https:\/\/gimeco.com\/#website\"},\"primaryImageOfPage\":{\"@id\":\"https:\/\/gimeco.com\/tubes-and-pipes-galvanizing\/#primaryimage\"},\"image\":{\"@id\":\"https:\/\/gimeco.com\/tubes-and-pipes-galvanizing\/#primaryimage\"},\"thumbnailUrl\":\"https:\/\/gimeco.com\/wp-content\/plugins\/beaver-builder-lite-version\/img\/pixel.png\",\"datePublished\":\"2023-10-03T09:41:44+00:00\",\"dateModified\":\"2024-06-03T09:52:14+00:00\",\"description\":\"Im Laufe der Jahre und mit einem erweiterten Know-how nach der \u00dcbernahme der Firma CO.T.IMP.I.\",\"breadcrumb\":{\"@id\":\"https:\/\/gimeco.com\/tubes-and-pipes-galvanizing\/#breadcrumb\"},\"inLanguage\":\"de\",\"potentialAction\":[{\"@type\":\"ReadAction\",\"target\":[\"https:\/\/gimeco.com\/tubes-and-pipes-galvanizing\/\"]}]},{\"@type\":\"ImageObject\",\"inLanguage\":\"de\",\"@id\":\"https:\/\/gimeco.com\/tubes-and-pipes-galvanizing\/#primaryimage\",\"url\":\"https:\/\/gimeco.com\/wp-content\/plugins\/beaver-builder-lite-version\/img\/pixel.png\",\"contentUrl\":\"https:\/\/gimeco.com\/wp-content\/plugins\/beaver-builder-lite-version\/img\/pixel.png\"},{\"@type\":\"BreadcrumbList\",\"@id\":\"https:\/\/gimeco.com\/tubes-and-pipes-galvanizing\/#breadcrumb\",\"itemListElement\":[{\"@type\":\"ListItem\",\"position\":1,\"name\":\"Home\",\"item\":\"https:\/\/gimeco.com\/de\/\"},{\"@type\":\"ListItem\",\"position\":2,\"name\":\"Rohre und Schl\u00e4uche Feuerverzinkung\"}]},{\"@type\":\"WebSite\",\"@id\":\"https:\/\/gimeco.com\/#website\",\"url\":\"https:\/\/gimeco.com\/\",\"name\":\"gimeco.com\",\"description\":\"Your Partner from A to Zink\",\"publisher\":{\"@id\":\"https:\/\/gimeco.com\/#organization\"},\"alternateName\":\"Gimeco\",\"potentialAction\":[{\"@type\":\"SearchAction\",\"target\":{\"@type\":\"EntryPoint\",\"urlTemplate\":\"https:\/\/gimeco.com\/?s={search_term_string}\"},\"query-input\":{\"@type\":\"PropertyValueSpecification\",\"valueRequired\":true,\"valueName\":\"search_term_string\"}}],\"inLanguage\":\"de\"},{\"@type\":\"Organization\",\"@id\":\"https:\/\/gimeco.com\/#organization\",\"name\":\"Gimeco\",\"url\":\"https:\/\/gimeco.com\/\",\"logo\":{\"@type\":\"ImageObject\",\"inLanguage\":\"de\",\"@id\":\"https:\/\/gimeco.com\/#\/schema\/logo\/image\/\",\"url\":\"https:\/\/gimeco.com\/wp-content\/uploads\/2023\/11\/Logo_GIMECO_StringNoPayoff-250.png\",\"contentUrl\":\"https:\/\/gimeco.com\/wp-content\/uploads\/2023\/11\/Logo_GIMECO_StringNoPayoff-250.png\",\"width\":250,\"height\":98,\"caption\":\"Gimeco\"},\"image\":{\"@id\":\"https:\/\/gimeco.com\/#\/schema\/logo\/image\/\"},\"sameAs\":[\"https:\/\/www.facebook.com\/gimecogroup\"]}]}<\/script>\n<!-- \/ Yoast SEO plugin. -->","yoast_head_json":{"title":"Rohre und Schl\u00e4uche Feuerverzinkung | GIMECO Impianti","description":"Im Laufe der Jahre und mit einem erweiterten Know-how nach der \u00dcbernahme der Firma CO.T.IMP.I.","robots":{"index":"index","follow":"follow","max-snippet":"max-snippet:-1","max-image-preview":"max-image-preview:large","max-video-preview":"max-video-preview:-1"},"canonical":"https:\/\/gimeco.com\/tubes-and-pipes-galvanizing\/","og_locale":"de_DE","og_type":"article","og_title":"Rohre und Schl\u00e4uche Feuerverzinkung | GIMECO Impianti","og_description":"Im Laufe der Jahre und mit einem erweiterten Know-how nach der \u00dcbernahme der Firma CO.T.IMP.I.","og_url":"https:\/\/gimeco.com\/tubes-and-pipes-galvanizing\/","og_site_name":"GIMECO Impianti","article_publisher":"https:\/\/www.facebook.com\/gimecogroup","article_modified_time":"2024-06-03T09:52:14+00:00","og_image":[{"url":"https:\/\/gimeco.com\/wp-content\/plugins\/beaver-builder-lite-version\/img\/pixel.png","type":"","width":"","height":""}],"schema":{"@context":"https:\/\/schema.org","@graph":[{"@type":"WebPage","@id":"https:\/\/gimeco.com\/tubes-and-pipes-galvanizing\/","url":"https:\/\/gimeco.com\/tubes-and-pipes-galvanizing\/","name":"Rohre und Schl\u00e4uche Feuerverzinkung | GIMECO Impianti","isPartOf":{"@id":"https:\/\/gimeco.com\/#website"},"primaryImageOfPage":{"@id":"https:\/\/gimeco.com\/tubes-and-pipes-galvanizing\/#primaryimage"},"image":{"@id":"https:\/\/gimeco.com\/tubes-and-pipes-galvanizing\/#primaryimage"},"thumbnailUrl":"https:\/\/gimeco.com\/wp-content\/plugins\/beaver-builder-lite-version\/img\/pixel.png","datePublished":"2023-10-03T09:41:44+00:00","dateModified":"2024-06-03T09:52:14+00:00","description":"Im Laufe der Jahre und mit einem erweiterten Know-how nach der \u00dcbernahme der Firma CO.T.IMP.I.","breadcrumb":{"@id":"https:\/\/gimeco.com\/tubes-and-pipes-galvanizing\/#breadcrumb"},"inLanguage":"de","potentialAction":[{"@type":"ReadAction","target":["https:\/\/gimeco.com\/tubes-and-pipes-galvanizing\/"]}]},{"@type":"ImageObject","inLanguage":"de","@id":"https:\/\/gimeco.com\/tubes-and-pipes-galvanizing\/#primaryimage","url":"https:\/\/gimeco.com\/wp-content\/plugins\/beaver-builder-lite-version\/img\/pixel.png","contentUrl":"https:\/\/gimeco.com\/wp-content\/plugins\/beaver-builder-lite-version\/img\/pixel.png"},{"@type":"BreadcrumbList","@id":"https:\/\/gimeco.com\/tubes-and-pipes-galvanizing\/#breadcrumb","itemListElement":[{"@type":"ListItem","position":1,"name":"Home","item":"https:\/\/gimeco.com\/de\/"},{"@type":"ListItem","position":2,"name":"Rohre und Schl\u00e4uche Feuerverzinkung"}]},{"@type":"WebSite","@id":"https:\/\/gimeco.com\/#website","url":"https:\/\/gimeco.com\/","name":"gimeco.com","description":"Your Partner from A to Zink","publisher":{"@id":"https:\/\/gimeco.com\/#organization"},"alternateName":"Gimeco","potentialAction":[{"@type":"SearchAction","target":{"@type":"EntryPoint","urlTemplate":"https:\/\/gimeco.com\/?s={search_term_string}"},"query-input":{"@type":"PropertyValueSpecification","valueRequired":true,"valueName":"search_term_string"}}],"inLanguage":"de"},{"@type":"Organization","@id":"https:\/\/gimeco.com\/#organization","name":"Gimeco","url":"https:\/\/gimeco.com\/","logo":{"@type":"ImageObject","inLanguage":"de","@id":"https:\/\/gimeco.com\/#\/schema\/logo\/image\/","url":"https:\/\/gimeco.com\/wp-content\/uploads\/2023\/11\/Logo_GIMECO_StringNoPayoff-250.png","contentUrl":"https:\/\/gimeco.com\/wp-content\/uploads\/2023\/11\/Logo_GIMECO_StringNoPayoff-250.png","width":250,"height":98,"caption":"Gimeco"},"image":{"@id":"https:\/\/gimeco.com\/#\/schema\/logo\/image\/"},"sameAs":["https:\/\/www.facebook.com\/gimecogroup"]}]}},"_links":{"self":[{"href":"https:\/\/gimeco.com\/de\/wp-json\/wp\/v2\/pages\/20946","targetHints":{"allow":["GET"]}}],"collection":[{"href":"https:\/\/gimeco.com\/de\/wp-json\/wp\/v2\/pages"}],"about":[{"href":"https:\/\/gimeco.com\/de\/wp-json\/wp\/v2\/types\/page"}],"author":[{"embeddable":true,"href":"https:\/\/gimeco.com\/de\/wp-json\/wp\/v2\/users\/1"}],"replies":[{"embeddable":true,"href":"https:\/\/gimeco.com\/de\/wp-json\/wp\/v2\/comments?post=20946"}],"version-history":[{"count":8,"href":"https:\/\/gimeco.com\/de\/wp-json\/wp\/v2\/pages\/20946\/revisions"}],"predecessor-version":[{"id":22455,"href":"https:\/\/gimeco.com\/de\/wp-json\/wp\/v2\/pages\/20946\/revisions\/22455"}],"wp:attachment":[{"href":"https:\/\/gimeco.com\/de\/wp-json\/wp\/v2\/media?parent=20946"}],"curies":[{"name":"wp","href":"https:\/\/api.w.org\/{rel}","templated":true}]}}