{"id":21033,"date":"2023-10-03T10:16:26","date_gmt":"2023-10-03T10:16:26","guid":{"rendered":"https:\/\/gimeco.com\/technologie\/spin-galvanizing\/"},"modified":"2024-06-03T09:11:17","modified_gmt":"2024-06-03T09:11:17","slug":"tauchschleuderverzinkung","status":"publish","type":"page","link":"https:\/\/gimeco.com\/de\/tauchschleuderverzinkung\/","title":{"rendered":"Tauchschleuderverzinkung"},"content":{"rendered":"<div class=\"vgblk-rw-wrapper limit-wrapper\">\r\n<h2>\r\n\tSysteme f\u00fcr die <strong>automatische <br \/>Feuerverzinkung von Kleinteilen<\/strong>\r\n\t<\/h2>\r\n\t<p>Automatische Tauchschleuderverzinkungslinien f\u00fcr Metallkleinteile sind darauf ausgerichtet, <strong>kleine Teile und Komponenten <\/strong>zu verzinken, wie N\u00e4gel, Schrauben, Armaturen, Muttern und Bolzen, Unterlegscheiben, allgemeines Montagematerial oder einfach nur einzigartig geformte Objekte.<\/p>\r\n<p>Im Allgemeinen durchlaufen kleine Hardwareprodukte die gleichen Stadien wie gr\u00f6\u00dfere Artikel, profitieren jedoch von dedizierter Ausr\u00fcstung, die durch <strong>hohe<\/strong> <strong>Automatisierung<\/strong> eine Standardisierung der Produktion auf qualitativ hohem Niveau erm\u00f6glicht und <strong>Wiederholbarkeit<\/strong> gew\u00e4hrleistet.<\/p>\r\n<p>Dar\u00fcber hinaus bieten wir <strong>hybride L\u00f6sungen <\/strong>oder Mehrzweckanlagen, die es erm\u00f6glichen, sowohl mit kleinen Hardwareprodukten als auch mit allgemeiner Metallverarbeitung zu arbeiten und dabei m\u00f6glicherweise dieselbe Ausr\u00fcstung je nach Ihren Anforderungen zu nutzen.<\/p>\r\n<h3>\r\n\t<strong>Vibrationsf\u00f6rderer <\/strong>\r\n\t<\/h3>\r\n\t<p>Vibrationsf\u00f6rderer oder Schwingf\u00f6rdereinrichtungen werden h\u00e4ufig in Tauchschleuderverzinkungsanlagen eingesetzt, um kleine Teile zu handhaben. Sie sind einfache und effiziente L\u00f6sungen mit geringem Wartungsaufwand und finden daher weite Anwendung in der Industrie. Unser Unternehmen verf\u00fcgt \u00fcber umfangreiche Erfahrung in der Optimierung der Leistung und Robustheit dieser F\u00f6rderer.<\/p>\r\n<p>Wir haben ein <strong>bedeutendes Gleichgewicht zwischen Geschwindigkeit, geringer Ger\u00e4uschentwicklung und verbesserter Ergonomie<\/strong> in Produktionsumgebungen erreicht, was den Bedienern zugutekommt. Diese F\u00f6rderer werden verwendet, um den Prozess zu speisen, die Teile vom Trommel in den Korb zu \u00fcbertragen und dem Bediener w\u00e4hrend der visuellen Qualit\u00e4tskontrolle zu helfen. Sie k\u00f6nnen nahtlos mit verschiedenen Handhabungswerkzeugen und automatisierten Systemen integriert werden, wie z. B. Lastwiegen, um manuelle Arbeit und Variabilit\u00e4t aufgrund fehlender Schulung oder Abwesenheit von Personal zu minimieren.<\/p>\r\n<h3>\r\n\t<strong>Automatische Trommelf\u00fcllvorrichtungen<\/strong>\r\n\t<\/h3>\r\n\t<p>Die kleinen Hardwareteile, die verzinkt werden sollen, werden in Beh\u00e4ltern geliefert, deren Inhalt auf einen schr\u00e4gen Tisch \u00fcbertragen wird, der in die Lade\u00f6ffnung der Vorbehandlungstrommeln f\u00fchrt. Jeder Beh\u00e4lter wird in eine einzelne entsprechende Trommel entleert, um gleichbleibende <strong>Produktionschargen und R\u00fcckverfolgbarkeit<\/strong> zu gew\u00e4hrleisten. Ein einzelner Bediener gen\u00fcgt, um die F\u00fcllvorg\u00e4nge zu unterst\u00fctzen und zu verwalten.<\/p>\r\n<h3>\r\n\t<strong>Vorbehandlungstrommeln <br \/>und K\u00e4fige<\/strong>\r\n\t<\/h3>\r\n\t<p>Je nach Produkttyp liefern wir ma\u00dfgeschneiderte rotierende Trommeln oder K\u00e4fige, um die Materialhandhabung zu vereinfachen, die Konsistenz der Vorbehandlung zu optimieren und die Vielfalt der verarbeitbaren Produkte zu erh\u00f6hen.<\/p>\r\n<h3>\r\n\t<b>Rotierende Ausr\u00fcstung f\u00fcr Vorbehandlungstrommeln<\/b>\r\n\t<\/h3>\r\n\t<p>In der Vorbehandlungsabteilung rotieren Trommeln in Tanks, um die <strong>Oberfl\u00e4chenvorbereitung zu verbessern<\/strong>. Die Rotation wird durch ein wartungsarmes, spezielles motorisiertes System sichergestellt und sie setzt sich auch w\u00e4hrend des Anhebens fort, um das Abflie\u00dfen der Vorbehandlungsl\u00f6sungen von den Oberfl\u00e4chen zu unterst\u00fctzen.<\/p>\r\n<h3>\r\n\t<strong>Drehtrommeltrockner<\/strong>\r\n\t<\/h3>\r\n<h3>\r\n\t<strong>Bandtrockner<\/strong>\r\n\t<\/h3>\r\n\t<p>Je nach Produktionsanforderungen kann der Trockner mit einem F\u00f6rderband oder einer rotierenden Trommel mit einer Archimedesschraube ausgestattet werden, um das Material durch einen Stahltunnel zu transportieren und eine vollst\u00e4ndige Trocknung zu gew\u00e4hrleisten.<\/p>\r\n<h3>\r\n\t<strong>Einheiten f\u00fcr Wiegen, Dosieren und Bef\u00fcllen von K\u00f6rben<\/strong>\r\n\t<\/h3>\r\n\tDieses hochautomatisierte mechanisierte System erm\u00f6glicht das genaue Sortieren und Wiegen kleiner Teile und erleichtert das Beladen von K\u00f6rben f\u00fcr den Galvanisierungsprozess. W\u00e4hrend diese Einheit automatisch f\u00fcr kleinere Teile arbeitet, kann sie bei anderen Arten von Materialien m\u00f6glicherweise die Aufsicht durch einen Bediener erfordern.<br \/>\r\nDie Auswahl eines einheitlichen Materialtyps f\u00fcr jeden Korb erm\u00f6glicht es, spezifische Rezepte zu definieren und eine gleichbleibende Qualit\u00e4t zwischen den Produktionschargen sicherzustellen.\r\n<h3>\r\n\t<b>Tauchschleuderverzinkungs-<br \/>maschinen<\/b>\r\n\t<\/h3>\r\n\t<p>Es handelt sich um hochautomatisierte Maschinen, die f\u00fcr die Handhabung von K\u00f6rben im Zinkbad und die Durchf\u00fchrung des abschlie\u00dfenden Spinnprozesses konzipiert sind. Sie arbeiten automatisch gem\u00e4\u00df <strong>vordefinierten Vorschriften<\/strong>, die \u00fcber Software angeordnet und gesteuert werden.<\/p>\r\n<p>In zwei Versionen erh\u00e4ltlich: <strong>h\u00e4ngend<\/strong> oder als <strong>Portalkran<\/strong>.<\/p>\r\nDas System besteht aus mehreren Komponenten, um die <strong>Handhabung und das Drehen von K\u00f6rben<\/strong>, das <strong>Schwingen<\/strong> von eingetauchten K\u00f6rben, das <strong>Absch\u00f6pfen der Zinkbadoberfl\u00e4che<\/strong> und das <strong>Sammeln von Asche<\/strong> zu erm\u00f6glichen. Abh\u00e4ngig von den zu erreichenden Produktivit\u00e4tsniveaus kann es mit einem bis drei unabh\u00e4ngigen Handhabungsrobotern ausgestattet werden.<br \/>\r\nDiese L\u00f6sung <strong>reduziert die Energiekosten<\/strong>, indem sie die Notwendigkeit eliminiert, jeden Korb zu k\u00fchlen, und erm\u00f6glicht eine erhebliche Reduzierung der ben\u00f6tigten K\u00f6rbe.<br \/>\r\nDie Integration mit einem <strong>anthropomorphen Roboter<\/strong>, wie es bei der neuesten L\u00f6sung von GIMECO der Fall ist, gew\u00e4hrleistet eine noch bessere Optimierung der Zeitzyklen und eine erh\u00f6hte Produktivit\u00e4t.<br \/>\r\nIm Allgemeinen stellen diese Maschinen ein hohes Ma\u00df an <strong>Standardisierung<\/strong> der Produktion und <strong>absolute Sicherheit<\/strong> f\u00fcr die Bediener sicher.\r\n<h3>\r\n\t<strong>Korbschnellentleerungs-<br \/>vorrichtungen<\/strong>\r\n\t<\/h3>\r\n\t<p>Nach der Zinkentfernung beschleunigt diese L\u00f6sung den Beginn der Abk\u00fchlphase der galvanisierten Teile und kontrolliert die Qualit\u00e4t des Endprodukts<\/p>\r\n<h3>\r\n\t<strong>Intelligente Korb-Rollverteiler<\/strong>\r\n\t<\/h3>\r\n\t<p>Diese Systeme erm\u00f6glichen eine pr\u00e4zise Handhabung, passen sich den Materialeigenschaften und Produktionsanforderungen an und gew\u00e4hrleisten eine vollst\u00e4ndige R\u00fcckverfolgbarkeit.<\/p>\r\n\r\n<\/div><!-- .vgblk-rw-wrapper -->","protected":false},"excerpt":{"rendered":"<p>Systeme f\u00fcr die automatische Feuerverzinkung von Kleinteilen Automatische Tauchschleuderverzinkungslinien f\u00fcr Metallkleinteile sind darauf ausgerichtet, kleine Teile und Komponenten zu verzinken, wie N\u00e4gel, Schrauben, Armaturen, Muttern und Bolzen, Unterlegscheiben, allgemeines Montagematerial oder einfach nur einzigartig geformte Objekte. Im Allgemeinen durchlaufen kleine Hardwareprodukte die gleichen Stadien wie gr\u00f6\u00dfere Artikel, profitieren jedoch von dedizierter Ausr\u00fcstung, die durch hohe&#8230;<\/p>\n","protected":false},"author":1,"featured_media":0,"parent":0,"menu_order":0,"comment_status":"closed","ping_status":"closed","template":"","meta":{"inline_featured_image":false,"footnotes":""},"class_list":["post-21033","page","type-page","status-publish","hentry"],"yoast_head":"<!-- This site is optimized with the Yoast SEO plugin v26.4 - https:\/\/yoast.com\/wordpress\/plugins\/seo\/ -->\n<title>Tauchschleuderverzinkung | GIMECO Impianti<\/title>\n<meta name=\"description\" content=\"Tauchschleuderverzinkungsanlagen f\u00fcr Metallbeschl\u00e4ge sind f\u00fcr die Bearbeitung von kleinen Teilen und Komponenten bestimmt, die verzinkt...\" \/>\n<meta name=\"robots\" content=\"index, follow, max-snippet:-1, max-image-preview:large, max-video-preview:-1\" \/>\n<link rel=\"canonical\" href=\"https:\/\/gimeco.com\/de\/tauchschleuderverzinkung\/\" \/>\n<meta property=\"og:locale\" content=\"de_DE\" \/>\n<meta property=\"og:type\" content=\"article\" \/>\n<meta property=\"og:title\" content=\"Tauchschleuderverzinkung | GIMECO Impianti\" \/>\n<meta property=\"og:description\" content=\"Tauchschleuderverzinkungsanlagen f\u00fcr Metallbeschl\u00e4ge sind f\u00fcr die Bearbeitung von kleinen Teilen und Komponenten bestimmt, die verzinkt...\" \/>\n<meta property=\"og:url\" content=\"https:\/\/gimeco.com\/de\/tauchschleuderverzinkung\/\" \/>\n<meta property=\"og:site_name\" content=\"GIMECO Impianti\" \/>\n<meta property=\"article:publisher\" content=\"https:\/\/www.facebook.com\/gimecogroup\" \/>\n<meta property=\"article:modified_time\" content=\"2024-06-03T09:11:17+00:00\" \/>\n<meta property=\"og:image\" content=\"https:\/\/gimeco.com\/wp-content\/uploads\/2023\/11\/Logo_GIMECO_StringNoPayoff-250.png\" \/>\n\t<meta property=\"og:image:width\" content=\"250\" \/>\n\t<meta property=\"og:image:height\" content=\"98\" \/>\n\t<meta property=\"og:image:type\" content=\"image\/png\" \/>\n<script type=\"application\/ld+json\" class=\"yoast-schema-graph\">{\"@context\":\"https:\/\/schema.org\",\"@graph\":[{\"@type\":\"WebPage\",\"@id\":\"https:\/\/gimeco.com\/de\/tauchschleuderverzinkung\/\",\"url\":\"https:\/\/gimeco.com\/de\/tauchschleuderverzinkung\/\",\"name\":\"Tauchschleuderverzinkung | GIMECO Impianti\",\"isPartOf\":{\"@id\":\"https:\/\/gimeco.com\/#website\"},\"datePublished\":\"2023-10-03T10:16:26+00:00\",\"dateModified\":\"2024-06-03T09:11:17+00:00\",\"description\":\"Tauchschleuderverzinkungsanlagen f\u00fcr Metallbeschl\u00e4ge sind f\u00fcr die Bearbeitung von kleinen Teilen und Komponenten bestimmt, die verzinkt...\",\"breadcrumb\":{\"@id\":\"https:\/\/gimeco.com\/de\/tauchschleuderverzinkung\/#breadcrumb\"},\"inLanguage\":\"de\",\"potentialAction\":[{\"@type\":\"ReadAction\",\"target\":[\"https:\/\/gimeco.com\/de\/tauchschleuderverzinkung\/\"]}]},{\"@type\":\"BreadcrumbList\",\"@id\":\"https:\/\/gimeco.com\/de\/tauchschleuderverzinkung\/#breadcrumb\",\"itemListElement\":[{\"@type\":\"ListItem\",\"position\":1,\"name\":\"Home\",\"item\":\"https:\/\/gimeco.com\/de\/\"},{\"@type\":\"ListItem\",\"position\":2,\"name\":\"Tauchschleuderverzinkung\"}]},{\"@type\":\"WebSite\",\"@id\":\"https:\/\/gimeco.com\/#website\",\"url\":\"https:\/\/gimeco.com\/\",\"name\":\"gimeco.com\",\"description\":\"Your Partner from A to Zink\",\"publisher\":{\"@id\":\"https:\/\/gimeco.com\/#organization\"},\"alternateName\":\"Gimeco\",\"potentialAction\":[{\"@type\":\"SearchAction\",\"target\":{\"@type\":\"EntryPoint\",\"urlTemplate\":\"https:\/\/gimeco.com\/?s={search_term_string}\"},\"query-input\":{\"@type\":\"PropertyValueSpecification\",\"valueRequired\":true,\"valueName\":\"search_term_string\"}}],\"inLanguage\":\"de\"},{\"@type\":\"Organization\",\"@id\":\"https:\/\/gimeco.com\/#organization\",\"name\":\"Gimeco\",\"url\":\"https:\/\/gimeco.com\/\",\"logo\":{\"@type\":\"ImageObject\",\"inLanguage\":\"de\",\"@id\":\"https:\/\/gimeco.com\/#\/schema\/logo\/image\/\",\"url\":\"https:\/\/gimeco.com\/wp-content\/uploads\/2023\/11\/Logo_GIMECO_StringNoPayoff-250.png\",\"contentUrl\":\"https:\/\/gimeco.com\/wp-content\/uploads\/2023\/11\/Logo_GIMECO_StringNoPayoff-250.png\",\"width\":250,\"height\":98,\"caption\":\"Gimeco\"},\"image\":{\"@id\":\"https:\/\/gimeco.com\/#\/schema\/logo\/image\/\"},\"sameAs\":[\"https:\/\/www.facebook.com\/gimecogroup\"]}]}<\/script>\n<!-- \/ Yoast SEO plugin. -->","yoast_head_json":{"title":"Tauchschleuderverzinkung | GIMECO Impianti","description":"Tauchschleuderverzinkungsanlagen f\u00fcr Metallbeschl\u00e4ge sind f\u00fcr die Bearbeitung von kleinen Teilen und Komponenten bestimmt, die verzinkt...","robots":{"index":"index","follow":"follow","max-snippet":"max-snippet:-1","max-image-preview":"max-image-preview:large","max-video-preview":"max-video-preview:-1"},"canonical":"https:\/\/gimeco.com\/de\/tauchschleuderverzinkung\/","og_locale":"de_DE","og_type":"article","og_title":"Tauchschleuderverzinkung | GIMECO Impianti","og_description":"Tauchschleuderverzinkungsanlagen f\u00fcr Metallbeschl\u00e4ge sind f\u00fcr die Bearbeitung von kleinen Teilen und Komponenten bestimmt, die verzinkt...","og_url":"https:\/\/gimeco.com\/de\/tauchschleuderverzinkung\/","og_site_name":"GIMECO Impianti","article_publisher":"https:\/\/www.facebook.com\/gimecogroup","article_modified_time":"2024-06-03T09:11:17+00:00","og_image":[{"width":250,"height":98,"url":"https:\/\/gimeco.com\/wp-content\/uploads\/2023\/11\/Logo_GIMECO_StringNoPayoff-250.png","type":"image\/png"}],"schema":{"@context":"https:\/\/schema.org","@graph":[{"@type":"WebPage","@id":"https:\/\/gimeco.com\/de\/tauchschleuderverzinkung\/","url":"https:\/\/gimeco.com\/de\/tauchschleuderverzinkung\/","name":"Tauchschleuderverzinkung | GIMECO Impianti","isPartOf":{"@id":"https:\/\/gimeco.com\/#website"},"datePublished":"2023-10-03T10:16:26+00:00","dateModified":"2024-06-03T09:11:17+00:00","description":"Tauchschleuderverzinkungsanlagen f\u00fcr Metallbeschl\u00e4ge sind f\u00fcr die Bearbeitung von kleinen Teilen und Komponenten bestimmt, die verzinkt...","breadcrumb":{"@id":"https:\/\/gimeco.com\/de\/tauchschleuderverzinkung\/#breadcrumb"},"inLanguage":"de","potentialAction":[{"@type":"ReadAction","target":["https:\/\/gimeco.com\/de\/tauchschleuderverzinkung\/"]}]},{"@type":"BreadcrumbList","@id":"https:\/\/gimeco.com\/de\/tauchschleuderverzinkung\/#breadcrumb","itemListElement":[{"@type":"ListItem","position":1,"name":"Home","item":"https:\/\/gimeco.com\/de\/"},{"@type":"ListItem","position":2,"name":"Tauchschleuderverzinkung"}]},{"@type":"WebSite","@id":"https:\/\/gimeco.com\/#website","url":"https:\/\/gimeco.com\/","name":"gimeco.com","description":"Your Partner from A to Zink","publisher":{"@id":"https:\/\/gimeco.com\/#organization"},"alternateName":"Gimeco","potentialAction":[{"@type":"SearchAction","target":{"@type":"EntryPoint","urlTemplate":"https:\/\/gimeco.com\/?s={search_term_string}"},"query-input":{"@type":"PropertyValueSpecification","valueRequired":true,"valueName":"search_term_string"}}],"inLanguage":"de"},{"@type":"Organization","@id":"https:\/\/gimeco.com\/#organization","name":"Gimeco","url":"https:\/\/gimeco.com\/","logo":{"@type":"ImageObject","inLanguage":"de","@id":"https:\/\/gimeco.com\/#\/schema\/logo\/image\/","url":"https:\/\/gimeco.com\/wp-content\/uploads\/2023\/11\/Logo_GIMECO_StringNoPayoff-250.png","contentUrl":"https:\/\/gimeco.com\/wp-content\/uploads\/2023\/11\/Logo_GIMECO_StringNoPayoff-250.png","width":250,"height":98,"caption":"Gimeco"},"image":{"@id":"https:\/\/gimeco.com\/#\/schema\/logo\/image\/"},"sameAs":["https:\/\/www.facebook.com\/gimecogroup"]}]}},"_links":{"self":[{"href":"https:\/\/gimeco.com\/de\/wp-json\/wp\/v2\/pages\/21033","targetHints":{"allow":["GET"]}}],"collection":[{"href":"https:\/\/gimeco.com\/de\/wp-json\/wp\/v2\/pages"}],"about":[{"href":"https:\/\/gimeco.com\/de\/wp-json\/wp\/v2\/types\/page"}],"author":[{"embeddable":true,"href":"https:\/\/gimeco.com\/de\/wp-json\/wp\/v2\/users\/1"}],"replies":[{"embeddable":true,"href":"https:\/\/gimeco.com\/de\/wp-json\/wp\/v2\/comments?post=21033"}],"version-history":[{"count":8,"href":"https:\/\/gimeco.com\/de\/wp-json\/wp\/v2\/pages\/21033\/revisions"}],"predecessor-version":[{"id":22456,"href":"https:\/\/gimeco.com\/de\/wp-json\/wp\/v2\/pages\/21033\/revisions\/22456"}],"wp:attachment":[{"href":"https:\/\/gimeco.com\/de\/wp-json\/wp\/v2\/media?parent=21033"}],"curies":[{"name":"wp","href":"https:\/\/api.w.org\/{rel}","templated":true}]}}