{"id":21117,"date":"2023-10-03T12:21:16","date_gmt":"2023-10-03T12:21:16","guid":{"rendered":"https:\/\/gimeco.com\/dienstleistungen\/kettle-management\/"},"modified":"2024-06-03T09:27:35","modified_gmt":"2024-06-03T09:27:35","slug":"kesselmanagement","status":"publish","type":"page","link":"https:\/\/gimeco.com\/de\/dienstleistungen\/kesselmanagement\/","title":{"rendered":"Kesselmanagement"},"content":{"rendered":"<div class=\"vgblk-rw-wrapper limit-wrapper\">\r\n\r\n\t<p>Unsere hochmodernen L\u00f6sungen f\u00fcr das Zink- und Kesselmanagement sind speziell f\u00fcr Feuerverzinkungsanlagen konzipiert und zielen darauf ab, <strong>Kesseltauschvorg\u00e4nge<\/strong> zu optimieren und erhebliche <strong>Kosteneinsparungen<\/strong> zu erzielen. Wir verstehen die entscheidende Bedeutung der Minimierung von Stillstandszeiten, und unsere innovativen Dienstleistungen sind darauf ausgerichtet, diesen Prozess f\u00fcr Sie <strong>schneller und kosteng\u00fcnstiger <\/strong>zu gestalten.<\/p>\r\n<h2>\r\n\tKesselwechsel \r\n\t<\/h2>\r\n<h2>\r\n\t\u00dcbertragungen von Schmelzzink  \r\n\t<\/h2>\r\n<h2>\r\n\tWarmhalte\u00f6fen\r\n\t<\/h2>\r\n<h3>\r\n\tAusr\u00fcstung\r\n\t<\/h3>\r\n\t\t\t\t\t\t\t<img loading=\"lazy\" decoding=\"async\" src=\"https:\/\/gimeco.com\/wp-content\/uploads\/2024\/01\/Immagine3-1.jpg\" alt=\"Immagine3\" itemprop=\"image\" height=\"387\" width=\"590\" title=\"Immagine3\" onerror=\"this.style.display='none'\"  sizes=\"auto, (max-width: 768px) 100vw, 100vw\" srcset=\"https:\/\/gimeco.com\/wp-content\/uploads\/2024\/01\/Immagine3-1.jpg 590w, https:\/\/gimeco.com\/wp-content\/uploads\/2024\/01\/Immagine3-1-300x197.jpg 300w, https:\/\/gimeco.com\/wp-content\/uploads\/2024\/01\/Immagine3-1-420x275.jpg 420w, https:\/\/gimeco.com\/wp-content\/uploads\/2024\/01\/Immagine3-1-315x207.jpg 315w\" \/>\t\t\t\t\t\t\t\r\n\t<p><strong>Mobile Warmhalte\u00f6fen<\/strong><\/p>\r\n<p>Transportable Einheiten, um das Zink w\u00e4hrend des Auswechselns der Kessel in <strong>geschmolzenem Zustand<\/strong> bei 450\u00b0C <em>(842\u00b0F)<\/em> zu halten. Erh\u00e4ltlich in verschiedenen Versionen mit einer Kapazit\u00e4t von bis zu 90 Tonnen <em>(200000 lbs)<\/em> pro Einheit.<\/p>\r\n\t\t\t\t\t\t\t<img loading=\"lazy\" decoding=\"async\" src=\"https:\/\/gimeco.com\/wp-content\/uploads\/2023\/12\/pompeg.jpg\" alt=\"pompeg\" itemprop=\"image\" height=\"420\" width=\"640\" title=\"pompeg\" onerror=\"this.style.display='none'\"  sizes=\"auto, (max-width: 768px) 100vw, 100vw\" srcset=\"https:\/\/gimeco.com\/wp-content\/uploads\/2023\/12\/pompeg.jpg 640w, https:\/\/gimeco.com\/wp-content\/uploads\/2023\/12\/pompeg-300x197.jpg 300w, https:\/\/gimeco.com\/wp-content\/uploads\/2023\/12\/pompeg-630x413.jpg 630w, https:\/\/gimeco.com\/wp-content\/uploads\/2023\/12\/pompeg-420x276.jpg 420w, https:\/\/gimeco.com\/wp-content\/uploads\/2023\/12\/pompeg-315x207.jpg 315w\" \/>\t\t\t\t\t\t\t\r\n\t<p><strong>Elektrische Pumpen<\/strong><\/p>\r\n<p>Ausgesprochen <strong>leise<\/strong> f\u00fcr diese Aufgabe und komplett in-house entwickelt, sind sie in vier Gr\u00f6\u00dfen erh\u00e4ltlich und erm\u00f6glichen <strong>schnelle Pumpvorg\u00e4nge<\/strong> mit einer Durchflussrate von bis zu 4,5 Tonnen <em>(9920 lbs)<\/em> pro Minute.<\/p>\r\n\t\t\t\t\t\t\t<img loading=\"lazy\" decoding=\"async\" src=\"https:\/\/gimeco.com\/wp-content\/uploads\/2023\/12\/heated-pipes-1.jpg\" alt=\"heated-pipes\" itemprop=\"image\" height=\"420\" width=\"640\" title=\"heated-pipes\" onerror=\"this.style.display='none'\"  sizes=\"auto, (max-width: 768px) 100vw, 100vw\" srcset=\"https:\/\/gimeco.com\/wp-content\/uploads\/2023\/12\/heated-pipes-1.jpg 640w, https:\/\/gimeco.com\/wp-content\/uploads\/2023\/12\/heated-pipes-1-300x197.jpg 300w, https:\/\/gimeco.com\/wp-content\/uploads\/2023\/12\/heated-pipes-1-630x413.jpg 630w, https:\/\/gimeco.com\/wp-content\/uploads\/2023\/12\/heated-pipes-1-420x276.jpg 420w, https:\/\/gimeco.com\/wp-content\/uploads\/2023\/12\/heated-pipes-1-315x207.jpg 315w\" \/>\t\t\t\t\t\t\t\r\n\t<p><strong>Elektrisch beheizte Rohre<\/strong><\/p>\r\n\t\t\t\t\t\t\t<img loading=\"lazy\" decoding=\"async\" src=\"https:\/\/gimeco.com\/wp-content\/uploads\/2023\/11\/easy.jpg\" alt=\"easy\" itemprop=\"image\" height=\"420\" width=\"640\" title=\"easy\" onerror=\"this.style.display='none'\"  sizes=\"auto, (max-width: 768px) 100vw, 100vw\" srcset=\"https:\/\/gimeco.com\/wp-content\/uploads\/2023\/11\/easy.jpg 640w, https:\/\/gimeco.com\/wp-content\/uploads\/2023\/11\/easy-300x197.jpg 300w, https:\/\/gimeco.com\/wp-content\/uploads\/2023\/11\/easy-630x413.jpg 630w, https:\/\/gimeco.com\/wp-content\/uploads\/2023\/11\/easy-420x276.jpg 420w, https:\/\/gimeco.com\/wp-content\/uploads\/2023\/11\/easy-315x207.jpg 315w\" \/>\t\t\t\t\t\t\t\r\n\t<p><strong>Formen<\/strong><\/p>\r\n<p>Bis zu 2,2 Tonnen <em>(4850 lbs)<\/em> Zink pro St\u00fcck<\/p>\r\n<h3>\r\n\tBetrieb\r\n\t<\/h3>\r\n\t<ol>\r\n<li><strong>Zeitplanung<\/strong><\/li>\r\n<li><strong>Vorbereitung und Koordination<\/strong><\/li>\r\n<li><strong>Ausbau des alten Kessels<\/strong><\/li>\r\n<li><strong>Erneuerung von Geh\u00e4usen und Schreinereiarbeiten<\/strong><\/li>\r\n<li><strong>Erneuerung von Feuerfestmaterialien und Isolierung<\/strong><\/li>\r\n<li><strong>Installation des neuen Kessels<\/strong><\/li>\r\n<li><strong>\u00dcberpr\u00fcfung des Ofens<\/strong><\/li>\r\n<li><strong>Wiederaufnahme der Verzinkungsarbeiten<\/strong><\/li>\r\n<\/ol>\r\n\t<h4><strong>Schnelligkeit<\/strong><\/h4>\r\n<p>Sorgf\u00e4ltig entwickelte und koordinierte Operationen, effiziente Ausr\u00fcstung und spezialisierte Fachleute gew\u00e4hrleisten, dass der Service in k\u00fcrzester Zeit durchgef\u00fchrt wird, um die Produktionsausfallzeiten zu reduzieren.<\/p>\r\n<h4><strong>Vielseitigkeit<\/strong><\/h4>\r\n<p>Dank unserer Warmhalte\u00f6fen kann bis zu Hunderten von Tonnen Zink bei 450\u00b0C <em>(842\u00b0F)<\/em> in geschmolzenem Zustand gehalten werden, was die Wiederinbetriebnahmezeit nach dem Austausch des Kessels verk\u00fcrzt.<\/p>\r\n<h4><strong>Geldersparnis<\/strong><\/h4>\r\n<p>Der gesamte Prozess erm\u00f6glicht es, die Ausfallzeit um 3 bis 7 Tage zu verk\u00fcrzen, sodass der Galvanisierer seine Aktivit\u00e4ten kurzfristig wieder aufnehmen kann.<\/p>\r\n<h4><strong>Kein Verlust<\/strong><\/h4>\r\n<p>Unsere erfahrenen Mitarbeiter und unsere leistungsstarken Pumpen trocknen den Kessel auf nur 4 cm <em>(1,5&#8220;)<\/em> Restzink aus; praktisch kein Zink geht verloren.<\/p>\r\n<h4><strong>Totale Sicherheit<\/strong><\/h4>\r\n<p>Die Operationen sind sorgf\u00e4ltig geplant und gew\u00e4hrleisten den sichersten Prozess f\u00fcr Mitarbeiter und Ausr\u00fcstung. Lokale Galvaniseure werden mit verschiedenen Medien geschult.<\/p>\r\n<h4><strong>Schl\u00fcsselfertig<\/strong><\/h4>\r\n<h4>\r\n\t<b>Ultraschallkesselinspektionen<\/b><br \/>\u00dcberpr\u00fcfen Sie Ihren Kessel mit dem KID\u2122\r\n\t<\/h4>\r\n\t<a href=\"https:\/\/gimeco.com\/de\/dienstleistungen\/kid\/\" target=\"_self\" role=\"button\" rel=\"noopener\">\r\n\t\t\t\t\tMehr <b>erfahren<\/b>\r\n\t<\/a>\r\n\r\n<\/div><!-- .vgblk-rw-wrapper -->","protected":false},"excerpt":{"rendered":"<p>Unsere hochmodernen L\u00f6sungen f\u00fcr das Zink- und Kesselmanagement sind speziell f\u00fcr Feuerverzinkungsanlagen konzipiert und zielen darauf ab, Kesseltauschvorg\u00e4nge zu optimieren und erhebliche Kosteneinsparungen zu erzielen. Wir verstehen die entscheidende Bedeutung der Minimierung von Stillstandszeiten, und unsere innovativen Dienstleistungen sind darauf ausgerichtet, diesen Prozess f\u00fcr Sie schneller und kosteng\u00fcnstiger zu gestalten. Kesselwechsel \u00dcbertragungen von Schmelzzink Warmhalte\u00f6fen&#8230;<\/p>\n","protected":false},"author":1,"featured_media":0,"parent":20871,"menu_order":0,"comment_status":"closed","ping_status":"closed","template":"","meta":{"inline_featured_image":false,"footnotes":""},"class_list":["post-21117","page","type-page","status-publish","hentry"],"yoast_head":"<!-- This site is optimized with the Yoast SEO plugin v26.4 - https:\/\/yoast.com\/wordpress\/plugins\/seo\/ -->\n<title>Kesselmanagement | GIMECO Impianti<\/title>\n<meta name=\"description\" content=\"Kesselwechsel, Auspumpen und Vorratsbeh\u00e4lter: Unsere modernen Kesselmanagement-L\u00f6sungen sind f\u00fcr Feuerverzinkungsanlagen konzipiert...\" \/>\n<meta name=\"robots\" content=\"index, follow, max-snippet:-1, max-image-preview:large, max-video-preview:-1\" \/>\n<link rel=\"canonical\" href=\"https:\/\/gimeco.com\/de\/dienstleistungen\/kesselmanagement\/\" \/>\n<meta property=\"og:locale\" content=\"de_DE\" \/>\n<meta property=\"og:type\" content=\"article\" \/>\n<meta property=\"og:title\" content=\"Kesselmanagement | GIMECO Impianti\" \/>\n<meta property=\"og:description\" content=\"Kesselwechsel, Auspumpen und Vorratsbeh\u00e4lter: Unsere modernen Kesselmanagement-L\u00f6sungen sind f\u00fcr Feuerverzinkungsanlagen konzipiert...\" \/>\n<meta property=\"og:url\" content=\"https:\/\/gimeco.com\/de\/dienstleistungen\/kesselmanagement\/\" \/>\n<meta property=\"og:site_name\" content=\"GIMECO Impianti\" \/>\n<meta property=\"article:publisher\" content=\"https:\/\/www.facebook.com\/gimecogroup\" \/>\n<meta property=\"article:modified_time\" content=\"2024-06-03T09:27:35+00:00\" \/>\n<meta property=\"og:image\" content=\"https:\/\/gimeco.com\/wp-content\/uploads\/2024\/01\/Immagine3-1.jpg\" \/>\n<script type=\"application\/ld+json\" class=\"yoast-schema-graph\">{\"@context\":\"https:\/\/schema.org\",\"@graph\":[{\"@type\":\"WebPage\",\"@id\":\"https:\/\/gimeco.com\/de\/dienstleistungen\/kesselmanagement\/\",\"url\":\"https:\/\/gimeco.com\/de\/dienstleistungen\/kesselmanagement\/\",\"name\":\"Kesselmanagement | GIMECO Impianti\",\"isPartOf\":{\"@id\":\"https:\/\/gimeco.com\/#website\"},\"primaryImageOfPage\":{\"@id\":\"https:\/\/gimeco.com\/de\/dienstleistungen\/kesselmanagement\/#primaryimage\"},\"image\":{\"@id\":\"https:\/\/gimeco.com\/de\/dienstleistungen\/kesselmanagement\/#primaryimage\"},\"thumbnailUrl\":\"https:\/\/gimeco.com\/wp-content\/uploads\/2024\/01\/Immagine3-1.jpg\",\"datePublished\":\"2023-10-03T12:21:16+00:00\",\"dateModified\":\"2024-06-03T09:27:35+00:00\",\"description\":\"Kesselwechsel, Auspumpen und Vorratsbeh\u00e4lter: Unsere modernen Kesselmanagement-L\u00f6sungen sind f\u00fcr Feuerverzinkungsanlagen konzipiert...\",\"breadcrumb\":{\"@id\":\"https:\/\/gimeco.com\/de\/dienstleistungen\/kesselmanagement\/#breadcrumb\"},\"inLanguage\":\"de\",\"potentialAction\":[{\"@type\":\"ReadAction\",\"target\":[\"https:\/\/gimeco.com\/de\/dienstleistungen\/kesselmanagement\/\"]}]},{\"@type\":\"ImageObject\",\"inLanguage\":\"de\",\"@id\":\"https:\/\/gimeco.com\/de\/dienstleistungen\/kesselmanagement\/#primaryimage\",\"url\":\"https:\/\/gimeco.com\/wp-content\/uploads\/2024\/01\/Immagine3-1.jpg\",\"contentUrl\":\"https:\/\/gimeco.com\/wp-content\/uploads\/2024\/01\/Immagine3-1.jpg\"},{\"@type\":\"BreadcrumbList\",\"@id\":\"https:\/\/gimeco.com\/de\/dienstleistungen\/kesselmanagement\/#breadcrumb\",\"itemListElement\":[{\"@type\":\"ListItem\",\"position\":1,\"name\":\"Home\",\"item\":\"https:\/\/gimeco.com\/de\/\"},{\"@type\":\"ListItem\",\"position\":2,\"name\":\"Dienstleistungen\",\"item\":\"https:\/\/gimeco.com\/services\/\"},{\"@type\":\"ListItem\",\"position\":3,\"name\":\"Kesselmanagement\"}]},{\"@type\":\"WebSite\",\"@id\":\"https:\/\/gimeco.com\/#website\",\"url\":\"https:\/\/gimeco.com\/\",\"name\":\"gimeco.com\",\"description\":\"Your Partner from A to Zink\",\"publisher\":{\"@id\":\"https:\/\/gimeco.com\/#organization\"},\"alternateName\":\"Gimeco\",\"potentialAction\":[{\"@type\":\"SearchAction\",\"target\":{\"@type\":\"EntryPoint\",\"urlTemplate\":\"https:\/\/gimeco.com\/?s={search_term_string}\"},\"query-input\":{\"@type\":\"PropertyValueSpecification\",\"valueRequired\":true,\"valueName\":\"search_term_string\"}}],\"inLanguage\":\"de\"},{\"@type\":\"Organization\",\"@id\":\"https:\/\/gimeco.com\/#organization\",\"name\":\"Gimeco\",\"url\":\"https:\/\/gimeco.com\/\",\"logo\":{\"@type\":\"ImageObject\",\"inLanguage\":\"de\",\"@id\":\"https:\/\/gimeco.com\/#\/schema\/logo\/image\/\",\"url\":\"https:\/\/gimeco.com\/wp-content\/uploads\/2023\/11\/Logo_GIMECO_StringNoPayoff-250.png\",\"contentUrl\":\"https:\/\/gimeco.com\/wp-content\/uploads\/2023\/11\/Logo_GIMECO_StringNoPayoff-250.png\",\"width\":250,\"height\":98,\"caption\":\"Gimeco\"},\"image\":{\"@id\":\"https:\/\/gimeco.com\/#\/schema\/logo\/image\/\"},\"sameAs\":[\"https:\/\/www.facebook.com\/gimecogroup\"]}]}<\/script>\n<!-- \/ Yoast SEO plugin. -->","yoast_head_json":{"title":"Kesselmanagement | GIMECO Impianti","description":"Kesselwechsel, Auspumpen und Vorratsbeh\u00e4lter: Unsere modernen Kesselmanagement-L\u00f6sungen sind f\u00fcr Feuerverzinkungsanlagen konzipiert...","robots":{"index":"index","follow":"follow","max-snippet":"max-snippet:-1","max-image-preview":"max-image-preview:large","max-video-preview":"max-video-preview:-1"},"canonical":"https:\/\/gimeco.com\/de\/dienstleistungen\/kesselmanagement\/","og_locale":"de_DE","og_type":"article","og_title":"Kesselmanagement | GIMECO Impianti","og_description":"Kesselwechsel, Auspumpen und Vorratsbeh\u00e4lter: Unsere modernen Kesselmanagement-L\u00f6sungen sind f\u00fcr Feuerverzinkungsanlagen konzipiert...","og_url":"https:\/\/gimeco.com\/de\/dienstleistungen\/kesselmanagement\/","og_site_name":"GIMECO Impianti","article_publisher":"https:\/\/www.facebook.com\/gimecogroup","article_modified_time":"2024-06-03T09:27:35+00:00","og_image":[{"url":"https:\/\/gimeco.com\/wp-content\/uploads\/2024\/01\/Immagine3-1.jpg","type":"","width":"","height":""}],"schema":{"@context":"https:\/\/schema.org","@graph":[{"@type":"WebPage","@id":"https:\/\/gimeco.com\/de\/dienstleistungen\/kesselmanagement\/","url":"https:\/\/gimeco.com\/de\/dienstleistungen\/kesselmanagement\/","name":"Kesselmanagement | GIMECO Impianti","isPartOf":{"@id":"https:\/\/gimeco.com\/#website"},"primaryImageOfPage":{"@id":"https:\/\/gimeco.com\/de\/dienstleistungen\/kesselmanagement\/#primaryimage"},"image":{"@id":"https:\/\/gimeco.com\/de\/dienstleistungen\/kesselmanagement\/#primaryimage"},"thumbnailUrl":"https:\/\/gimeco.com\/wp-content\/uploads\/2024\/01\/Immagine3-1.jpg","datePublished":"2023-10-03T12:21:16+00:00","dateModified":"2024-06-03T09:27:35+00:00","description":"Kesselwechsel, Auspumpen und Vorratsbeh\u00e4lter: Unsere modernen Kesselmanagement-L\u00f6sungen sind f\u00fcr Feuerverzinkungsanlagen konzipiert...","breadcrumb":{"@id":"https:\/\/gimeco.com\/de\/dienstleistungen\/kesselmanagement\/#breadcrumb"},"inLanguage":"de","potentialAction":[{"@type":"ReadAction","target":["https:\/\/gimeco.com\/de\/dienstleistungen\/kesselmanagement\/"]}]},{"@type":"ImageObject","inLanguage":"de","@id":"https:\/\/gimeco.com\/de\/dienstleistungen\/kesselmanagement\/#primaryimage","url":"https:\/\/gimeco.com\/wp-content\/uploads\/2024\/01\/Immagine3-1.jpg","contentUrl":"https:\/\/gimeco.com\/wp-content\/uploads\/2024\/01\/Immagine3-1.jpg"},{"@type":"BreadcrumbList","@id":"https:\/\/gimeco.com\/de\/dienstleistungen\/kesselmanagement\/#breadcrumb","itemListElement":[{"@type":"ListItem","position":1,"name":"Home","item":"https:\/\/gimeco.com\/de\/"},{"@type":"ListItem","position":2,"name":"Dienstleistungen","item":"https:\/\/gimeco.com\/services\/"},{"@type":"ListItem","position":3,"name":"Kesselmanagement"}]},{"@type":"WebSite","@id":"https:\/\/gimeco.com\/#website","url":"https:\/\/gimeco.com\/","name":"gimeco.com","description":"Your Partner from A to Zink","publisher":{"@id":"https:\/\/gimeco.com\/#organization"},"alternateName":"Gimeco","potentialAction":[{"@type":"SearchAction","target":{"@type":"EntryPoint","urlTemplate":"https:\/\/gimeco.com\/?s={search_term_string}"},"query-input":{"@type":"PropertyValueSpecification","valueRequired":true,"valueName":"search_term_string"}}],"inLanguage":"de"},{"@type":"Organization","@id":"https:\/\/gimeco.com\/#organization","name":"Gimeco","url":"https:\/\/gimeco.com\/","logo":{"@type":"ImageObject","inLanguage":"de","@id":"https:\/\/gimeco.com\/#\/schema\/logo\/image\/","url":"https:\/\/gimeco.com\/wp-content\/uploads\/2023\/11\/Logo_GIMECO_StringNoPayoff-250.png","contentUrl":"https:\/\/gimeco.com\/wp-content\/uploads\/2023\/11\/Logo_GIMECO_StringNoPayoff-250.png","width":250,"height":98,"caption":"Gimeco"},"image":{"@id":"https:\/\/gimeco.com\/#\/schema\/logo\/image\/"},"sameAs":["https:\/\/www.facebook.com\/gimecogroup"]}]}},"_links":{"self":[{"href":"https:\/\/gimeco.com\/de\/wp-json\/wp\/v2\/pages\/21117","targetHints":{"allow":["GET"]}}],"collection":[{"href":"https:\/\/gimeco.com\/de\/wp-json\/wp\/v2\/pages"}],"about":[{"href":"https:\/\/gimeco.com\/de\/wp-json\/wp\/v2\/types\/page"}],"author":[{"embeddable":true,"href":"https:\/\/gimeco.com\/de\/wp-json\/wp\/v2\/users\/1"}],"replies":[{"embeddable":true,"href":"https:\/\/gimeco.com\/de\/wp-json\/wp\/v2\/comments?post=21117"}],"version-history":[{"count":12,"href":"https:\/\/gimeco.com\/de\/wp-json\/wp\/v2\/pages\/21117\/revisions"}],"predecessor-version":[{"id":22575,"href":"https:\/\/gimeco.com\/de\/wp-json\/wp\/v2\/pages\/21117\/revisions\/22575"}],"up":[{"embeddable":true,"href":"https:\/\/gimeco.com\/de\/wp-json\/wp\/v2\/pages\/20871"}],"wp:attachment":[{"href":"https:\/\/gimeco.com\/de\/wp-json\/wp\/v2\/media?parent=21117"}],"curies":[{"name":"wp","href":"https:\/\/api.w.org\/{rel}","templated":true}]}}