{"id":21121,"date":"2023-09-19T12:36:45","date_gmt":"2023-09-19T12:36:45","guid":{"rendered":"https:\/\/gimeco.com\/dienstleistungen\/revamping-of-equipments\/"},"modified":"2024-06-03T09:25:18","modified_gmt":"2024-06-03T09:25:18","slug":"erneuerungen","status":"publish","type":"page","link":"https:\/\/gimeco.com\/de\/dienstleistungen\/erneuerungen\/","title":{"rendered":"Erneuerungen"},"content":{"rendered":"<div class=\"vgblk-rw-wrapper limit-wrapper\">\r\n<h2>\r\n\tGeben bestehenden Equipment<strong> neues Leben<\/strong>  \r\n\t<\/h2>\r\n\t<p>GIMECO hat sich schon immer darauf spezialisiert, nicht nur neue Anlagen zu entwerfen, sondern auch bestehende Linien, dazugeh\u00f6rige Komponenten und Ausr\u00fcstungen komplett zu \u00fcberholen und so hohe <strong>Effizienz<\/strong> in Bezug auf <strong>Produktivit\u00e4t<\/strong> und <strong>Nachhaltigkeit<\/strong> f\u00fcr gealterte Anlagen zu gew\u00e4hrleisten.<\/p>\r\n<p>Unser hochqualifiziertes Ingenieurteam verf\u00fcgt \u00fcber umfangreiche Erfahrung in der Modernisierung und Aufr\u00fcstung von Feuerverzinkungsanlagen, um sicherzustellen, dass sie den <strong>neuesten Standards<\/strong> entsprechen.<\/p>\r\n<p>Mit unseren Erneuerung-Dienstleistungen k\u00f6nnen Sie Ihre <strong>bestehende Anlage<\/strong> effizient und nachhaltig optimieren und dabei wertvolle Zeit und Ressourcen sparen.<\/p>\r\n\t<h4>Entwurf einer neuen Vorbehandlungsabteilung mit Tunnelumhausung<\/h4>\r\n<h4>Verbesserung des Trockners<\/h4>\r\n<h4>Austausch oder Optimierung des Ofens und des Heizsystems<\/h4>\r\n<h4>Neues oder verbessertes Handling- und Logistiksystem<\/h4>\r\n<h4>Implementierung von Sicherheitsausr\u00fcstung<\/h4>\r\n<h4>Optimierung des Materialflusses<\/h4>\r\n<h4>Sonstige Ma\u00dfnahmen<\/h4>\r\n\t\t\t\t\t\t\t<img loading=\"lazy\" decoding=\"async\" src=\"https:\/\/gimeco.com\/wp-content\/uploads\/2023\/12\/Immagine3.png\" alt=\"Immagine3\" itemprop=\"image\" height=\"982\" width=\"2791\" title=\"Immagine3\" onerror=\"this.style.display='none'\"  sizes=\"auto, (max-width: 768px) 100vw, 100vw\" srcset=\"https:\/\/gimeco.com\/wp-content\/uploads\/2023\/12\/Immagine3.png 2791w, https:\/\/gimeco.com\/wp-content\/uploads\/2023\/12\/Immagine3-300x106.png 300w, https:\/\/gimeco.com\/wp-content\/uploads\/2023\/12\/Immagine3-1024x360.png 1024w, https:\/\/gimeco.com\/wp-content\/uploads\/2023\/12\/Immagine3-768x270.png 768w, https:\/\/gimeco.com\/wp-content\/uploads\/2023\/12\/Immagine3-1536x540.png 1536w, https:\/\/gimeco.com\/wp-content\/uploads\/2023\/12\/Immagine3-2048x721.png 2048w, https:\/\/gimeco.com\/wp-content\/uploads\/2023\/12\/Immagine3-1260x443.png 1260w, https:\/\/gimeco.com\/wp-content\/uploads\/2023\/12\/Immagine3-630x222.png 630w, https:\/\/gimeco.com\/wp-content\/uploads\/2023\/12\/Immagine3-420x148.png 420w, https:\/\/gimeco.com\/wp-content\/uploads\/2023\/12\/Immagine3-840x296.png 840w, https:\/\/gimeco.com\/wp-content\/uploads\/2023\/12\/Immagine3-315x111.png 315w\" \/>\t\t\t\t\t\t\t\r\n\t\t\t\t\t\t\t<img loading=\"lazy\" decoding=\"async\" src=\"https:\/\/gimeco.com\/wp-content\/uploads\/2023\/12\/Immagine4.png\" alt=\"Immagine4\" itemprop=\"image\" height=\"884\" width=\"3126\" title=\"Immagine4\" onerror=\"this.style.display='none'\"  sizes=\"auto, (max-width: 768px) 100vw, 100vw\" srcset=\"https:\/\/gimeco.com\/wp-content\/uploads\/2023\/12\/Immagine4.png 3126w, https:\/\/gimeco.com\/wp-content\/uploads\/2023\/12\/Immagine4-300x85.png 300w, https:\/\/gimeco.com\/wp-content\/uploads\/2023\/12\/Immagine4-1024x290.png 1024w, https:\/\/gimeco.com\/wp-content\/uploads\/2023\/12\/Immagine4-768x217.png 768w, https:\/\/gimeco.com\/wp-content\/uploads\/2023\/12\/Immagine4-1536x434.png 1536w, https:\/\/gimeco.com\/wp-content\/uploads\/2023\/12\/Immagine4-2048x579.png 2048w, https:\/\/gimeco.com\/wp-content\/uploads\/2023\/12\/Immagine4-1260x356.png 1260w, https:\/\/gimeco.com\/wp-content\/uploads\/2023\/12\/Immagine4-630x178.png 630w, https:\/\/gimeco.com\/wp-content\/uploads\/2023\/12\/Immagine4-420x119.png 420w, https:\/\/gimeco.com\/wp-content\/uploads\/2023\/12\/Immagine4-840x238.png 840w, https:\/\/gimeco.com\/wp-content\/uploads\/2023\/12\/Immagine4-315x89.png 315w\" \/>\t\t\t\t\t\t\t\r\n\t\t\t\t\t\t\t<img loading=\"lazy\" decoding=\"async\" src=\"https:\/\/gimeco.com\/wp-content\/uploads\/2023\/12\/Immagine5.png\" alt=\"Immagine5\" itemprop=\"image\" height=\"879\" width=\"2780\" title=\"Immagine5\" onerror=\"this.style.display='none'\"  sizes=\"auto, (max-width: 768px) 100vw, 100vw\" srcset=\"https:\/\/gimeco.com\/wp-content\/uploads\/2023\/12\/Immagine5.png 2780w, https:\/\/gimeco.com\/wp-content\/uploads\/2023\/12\/Immagine5-300x95.png 300w, https:\/\/gimeco.com\/wp-content\/uploads\/2023\/12\/Immagine5-1024x324.png 1024w, https:\/\/gimeco.com\/wp-content\/uploads\/2023\/12\/Immagine5-768x243.png 768w, https:\/\/gimeco.com\/wp-content\/uploads\/2023\/12\/Immagine5-1536x486.png 1536w, https:\/\/gimeco.com\/wp-content\/uploads\/2023\/12\/Immagine5-2048x648.png 2048w, https:\/\/gimeco.com\/wp-content\/uploads\/2023\/12\/Immagine5-1260x398.png 1260w, https:\/\/gimeco.com\/wp-content\/uploads\/2023\/12\/Immagine5-630x199.png 630w, https:\/\/gimeco.com\/wp-content\/uploads\/2023\/12\/Immagine5-420x133.png 420w, https:\/\/gimeco.com\/wp-content\/uploads\/2023\/12\/Immagine5-840x266.png 840w, https:\/\/gimeco.com\/wp-content\/uploads\/2023\/12\/Immagine5-315x100.png 315w\" \/>\t\t\t\t\t\t\t\r\n\t\t\t\t\t\t\t<img loading=\"lazy\" decoding=\"async\" src=\"https:\/\/gimeco.com\/wp-content\/uploads\/2023\/12\/Immagine2.png\" alt=\"Immagine2\" itemprop=\"image\" height=\"1147\" width=\"3653\" title=\"Immagine2\" onerror=\"this.style.display='none'\"  sizes=\"auto, (max-width: 768px) 100vw, 100vw\" srcset=\"https:\/\/gimeco.com\/wp-content\/uploads\/2023\/12\/Immagine2.png 3653w, https:\/\/gimeco.com\/wp-content\/uploads\/2023\/12\/Immagine2-300x94.png 300w, https:\/\/gimeco.com\/wp-content\/uploads\/2023\/12\/Immagine2-1024x322.png 1024w, https:\/\/gimeco.com\/wp-content\/uploads\/2023\/12\/Immagine2-768x241.png 768w, https:\/\/gimeco.com\/wp-content\/uploads\/2023\/12\/Immagine2-1536x482.png 1536w, https:\/\/gimeco.com\/wp-content\/uploads\/2023\/12\/Immagine2-2048x643.png 2048w, https:\/\/gimeco.com\/wp-content\/uploads\/2023\/12\/Immagine2-1260x396.png 1260w, https:\/\/gimeco.com\/wp-content\/uploads\/2023\/12\/Immagine2-630x198.png 630w, https:\/\/gimeco.com\/wp-content\/uploads\/2023\/12\/Immagine2-420x132.png 420w, https:\/\/gimeco.com\/wp-content\/uploads\/2023\/12\/Immagine2-840x264.png 840w, https:\/\/gimeco.com\/wp-content\/uploads\/2023\/12\/Immagine2-315x99.png 315w\" \/>\t\t\t\t\t\t\t\r\n\r\n<\/div><!-- .vgblk-rw-wrapper -->","protected":false},"excerpt":{"rendered":"<p>Geben bestehenden Equipment neues Leben GIMECO hat sich schon immer darauf spezialisiert, nicht nur neue Anlagen zu entwerfen, sondern auch bestehende Linien, dazugeh\u00f6rige Komponenten und Ausr\u00fcstungen komplett zu \u00fcberholen und so hohe Effizienz in Bezug auf Produktivit\u00e4t und Nachhaltigkeit f\u00fcr gealterte Anlagen zu gew\u00e4hrleisten. Unser hochqualifiziertes Ingenieurteam verf\u00fcgt \u00fcber umfangreiche Erfahrung in der Modernisierung und&#8230;<\/p>\n","protected":false},"author":1,"featured_media":0,"parent":20871,"menu_order":0,"comment_status":"closed","ping_status":"closed","template":"","meta":{"inline_featured_image":false,"footnotes":""},"class_list":["post-21121","page","type-page","status-publish","hentry"],"yoast_head":"<!-- This site is optimized with the Yoast SEO plugin v26.4 - https:\/\/yoast.com\/wordpress\/plugins\/seo\/ -->\n<title>Erneuerungen | GIMECO Impianti<\/title>\n<meta name=\"description\" content=\"GIMECO hat sich seit jeher nicht nur auf die Planung neuer Anlagen, sondern auch auf die komplette Modernisierung bestehender Anlagen...\" \/>\n<meta name=\"robots\" content=\"index, follow, max-snippet:-1, max-image-preview:large, max-video-preview:-1\" \/>\n<link rel=\"canonical\" href=\"https:\/\/gimeco.com\/services\/revamping-of-equipments\/\" \/>\n<meta property=\"og:locale\" content=\"de_DE\" \/>\n<meta property=\"og:type\" content=\"article\" \/>\n<meta property=\"og:title\" content=\"Erneuerungen | GIMECO Impianti\" \/>\n<meta property=\"og:description\" content=\"GIMECO hat sich seit jeher nicht nur auf die Planung neuer Anlagen, sondern auch auf die komplette Modernisierung bestehender Anlagen...\" \/>\n<meta property=\"og:url\" content=\"https:\/\/gimeco.com\/services\/revamping-of-equipments\/\" \/>\n<meta property=\"og:site_name\" content=\"GIMECO Impianti\" \/>\n<meta property=\"article:publisher\" content=\"https:\/\/www.facebook.com\/gimecogroup\" \/>\n<meta property=\"article:modified_time\" content=\"2024-06-03T09:25:18+00:00\" \/>\n<meta property=\"og:image\" content=\"https:\/\/gimeco.com\/wp-content\/uploads\/2023\/12\/Immagine3.png\" \/>\n<script type=\"application\/ld+json\" class=\"yoast-schema-graph\">{\"@context\":\"https:\/\/schema.org\",\"@graph\":[{\"@type\":\"WebPage\",\"@id\":\"https:\/\/gimeco.com\/services\/revamping-of-equipments\/\",\"url\":\"https:\/\/gimeco.com\/services\/revamping-of-equipments\/\",\"name\":\"Erneuerungen | GIMECO Impianti\",\"isPartOf\":{\"@id\":\"https:\/\/gimeco.com\/#website\"},\"primaryImageOfPage\":{\"@id\":\"https:\/\/gimeco.com\/services\/revamping-of-equipments\/#primaryimage\"},\"image\":{\"@id\":\"https:\/\/gimeco.com\/services\/revamping-of-equipments\/#primaryimage\"},\"thumbnailUrl\":\"https:\/\/gimeco.com\/wp-content\/uploads\/2023\/12\/Immagine3.png\",\"datePublished\":\"2023-09-19T12:36:45+00:00\",\"dateModified\":\"2024-06-03T09:25:18+00:00\",\"description\":\"GIMECO hat sich seit jeher nicht nur auf die Planung neuer Anlagen, sondern auch auf die komplette Modernisierung bestehender Anlagen...\",\"breadcrumb\":{\"@id\":\"https:\/\/gimeco.com\/services\/revamping-of-equipments\/#breadcrumb\"},\"inLanguage\":\"de\",\"potentialAction\":[{\"@type\":\"ReadAction\",\"target\":[\"https:\/\/gimeco.com\/services\/revamping-of-equipments\/\"]}]},{\"@type\":\"ImageObject\",\"inLanguage\":\"de\",\"@id\":\"https:\/\/gimeco.com\/services\/revamping-of-equipments\/#primaryimage\",\"url\":\"https:\/\/gimeco.com\/wp-content\/uploads\/2023\/12\/Immagine3.png\",\"contentUrl\":\"https:\/\/gimeco.com\/wp-content\/uploads\/2023\/12\/Immagine3.png\"},{\"@type\":\"BreadcrumbList\",\"@id\":\"https:\/\/gimeco.com\/services\/revamping-of-equipments\/#breadcrumb\",\"itemListElement\":[{\"@type\":\"ListItem\",\"position\":1,\"name\":\"Home\",\"item\":\"https:\/\/gimeco.com\/de\/\"},{\"@type\":\"ListItem\",\"position\":2,\"name\":\"Dienstleistungen\",\"item\":\"https:\/\/gimeco.com\/services\/\"},{\"@type\":\"ListItem\",\"position\":3,\"name\":\"Erneuerungen\"}]},{\"@type\":\"WebSite\",\"@id\":\"https:\/\/gimeco.com\/#website\",\"url\":\"https:\/\/gimeco.com\/\",\"name\":\"gimeco.com\",\"description\":\"Your Partner from A to Zink\",\"publisher\":{\"@id\":\"https:\/\/gimeco.com\/#organization\"},\"alternateName\":\"Gimeco\",\"potentialAction\":[{\"@type\":\"SearchAction\",\"target\":{\"@type\":\"EntryPoint\",\"urlTemplate\":\"https:\/\/gimeco.com\/?s={search_term_string}\"},\"query-input\":{\"@type\":\"PropertyValueSpecification\",\"valueRequired\":true,\"valueName\":\"search_term_string\"}}],\"inLanguage\":\"de\"},{\"@type\":\"Organization\",\"@id\":\"https:\/\/gimeco.com\/#organization\",\"name\":\"Gimeco\",\"url\":\"https:\/\/gimeco.com\/\",\"logo\":{\"@type\":\"ImageObject\",\"inLanguage\":\"de\",\"@id\":\"https:\/\/gimeco.com\/#\/schema\/logo\/image\/\",\"url\":\"https:\/\/gimeco.com\/wp-content\/uploads\/2023\/11\/Logo_GIMECO_StringNoPayoff-250.png\",\"contentUrl\":\"https:\/\/gimeco.com\/wp-content\/uploads\/2023\/11\/Logo_GIMECO_StringNoPayoff-250.png\",\"width\":250,\"height\":98,\"caption\":\"Gimeco\"},\"image\":{\"@id\":\"https:\/\/gimeco.com\/#\/schema\/logo\/image\/\"},\"sameAs\":[\"https:\/\/www.facebook.com\/gimecogroup\"]}]}<\/script>\n<!-- \/ Yoast SEO plugin. -->","yoast_head_json":{"title":"Erneuerungen | GIMECO Impianti","description":"GIMECO hat sich seit jeher nicht nur auf die Planung neuer Anlagen, sondern auch auf die komplette Modernisierung bestehender Anlagen...","robots":{"index":"index","follow":"follow","max-snippet":"max-snippet:-1","max-image-preview":"max-image-preview:large","max-video-preview":"max-video-preview:-1"},"canonical":"https:\/\/gimeco.com\/services\/revamping-of-equipments\/","og_locale":"de_DE","og_type":"article","og_title":"Erneuerungen | GIMECO Impianti","og_description":"GIMECO hat sich seit jeher nicht nur auf die Planung neuer Anlagen, sondern auch auf die komplette Modernisierung bestehender Anlagen...","og_url":"https:\/\/gimeco.com\/services\/revamping-of-equipments\/","og_site_name":"GIMECO Impianti","article_publisher":"https:\/\/www.facebook.com\/gimecogroup","article_modified_time":"2024-06-03T09:25:18+00:00","og_image":[{"url":"https:\/\/gimeco.com\/wp-content\/uploads\/2023\/12\/Immagine3.png","type":"","width":"","height":""}],"schema":{"@context":"https:\/\/schema.org","@graph":[{"@type":"WebPage","@id":"https:\/\/gimeco.com\/services\/revamping-of-equipments\/","url":"https:\/\/gimeco.com\/services\/revamping-of-equipments\/","name":"Erneuerungen | GIMECO Impianti","isPartOf":{"@id":"https:\/\/gimeco.com\/#website"},"primaryImageOfPage":{"@id":"https:\/\/gimeco.com\/services\/revamping-of-equipments\/#primaryimage"},"image":{"@id":"https:\/\/gimeco.com\/services\/revamping-of-equipments\/#primaryimage"},"thumbnailUrl":"https:\/\/gimeco.com\/wp-content\/uploads\/2023\/12\/Immagine3.png","datePublished":"2023-09-19T12:36:45+00:00","dateModified":"2024-06-03T09:25:18+00:00","description":"GIMECO hat sich seit jeher nicht nur auf die Planung neuer Anlagen, sondern auch auf die komplette Modernisierung bestehender Anlagen...","breadcrumb":{"@id":"https:\/\/gimeco.com\/services\/revamping-of-equipments\/#breadcrumb"},"inLanguage":"de","potentialAction":[{"@type":"ReadAction","target":["https:\/\/gimeco.com\/services\/revamping-of-equipments\/"]}]},{"@type":"ImageObject","inLanguage":"de","@id":"https:\/\/gimeco.com\/services\/revamping-of-equipments\/#primaryimage","url":"https:\/\/gimeco.com\/wp-content\/uploads\/2023\/12\/Immagine3.png","contentUrl":"https:\/\/gimeco.com\/wp-content\/uploads\/2023\/12\/Immagine3.png"},{"@type":"BreadcrumbList","@id":"https:\/\/gimeco.com\/services\/revamping-of-equipments\/#breadcrumb","itemListElement":[{"@type":"ListItem","position":1,"name":"Home","item":"https:\/\/gimeco.com\/de\/"},{"@type":"ListItem","position":2,"name":"Dienstleistungen","item":"https:\/\/gimeco.com\/services\/"},{"@type":"ListItem","position":3,"name":"Erneuerungen"}]},{"@type":"WebSite","@id":"https:\/\/gimeco.com\/#website","url":"https:\/\/gimeco.com\/","name":"gimeco.com","description":"Your Partner from A to Zink","publisher":{"@id":"https:\/\/gimeco.com\/#organization"},"alternateName":"Gimeco","potentialAction":[{"@type":"SearchAction","target":{"@type":"EntryPoint","urlTemplate":"https:\/\/gimeco.com\/?s={search_term_string}"},"query-input":{"@type":"PropertyValueSpecification","valueRequired":true,"valueName":"search_term_string"}}],"inLanguage":"de"},{"@type":"Organization","@id":"https:\/\/gimeco.com\/#organization","name":"Gimeco","url":"https:\/\/gimeco.com\/","logo":{"@type":"ImageObject","inLanguage":"de","@id":"https:\/\/gimeco.com\/#\/schema\/logo\/image\/","url":"https:\/\/gimeco.com\/wp-content\/uploads\/2023\/11\/Logo_GIMECO_StringNoPayoff-250.png","contentUrl":"https:\/\/gimeco.com\/wp-content\/uploads\/2023\/11\/Logo_GIMECO_StringNoPayoff-250.png","width":250,"height":98,"caption":"Gimeco"},"image":{"@id":"https:\/\/gimeco.com\/#\/schema\/logo\/image\/"},"sameAs":["https:\/\/www.facebook.com\/gimecogroup"]}]}},"_links":{"self":[{"href":"https:\/\/gimeco.com\/de\/wp-json\/wp\/v2\/pages\/21121","targetHints":{"allow":["GET"]}}],"collection":[{"href":"https:\/\/gimeco.com\/de\/wp-json\/wp\/v2\/pages"}],"about":[{"href":"https:\/\/gimeco.com\/de\/wp-json\/wp\/v2\/types\/page"}],"author":[{"embeddable":true,"href":"https:\/\/gimeco.com\/de\/wp-json\/wp\/v2\/users\/1"}],"replies":[{"embeddable":true,"href":"https:\/\/gimeco.com\/de\/wp-json\/wp\/v2\/comments?post=21121"}],"version-history":[{"count":5,"href":"https:\/\/gimeco.com\/de\/wp-json\/wp\/v2\/pages\/21121\/revisions"}],"predecessor-version":[{"id":21802,"href":"https:\/\/gimeco.com\/de\/wp-json\/wp\/v2\/pages\/21121\/revisions\/21802"}],"up":[{"embeddable":true,"href":"https:\/\/gimeco.com\/de\/wp-json\/wp\/v2\/pages\/20871"}],"wp:attachment":[{"href":"https:\/\/gimeco.com\/de\/wp-json\/wp\/v2\/media?parent=21121"}],"curies":[{"name":"wp","href":"https:\/\/api.w.org\/{rel}","templated":true}]}}