{"id":21123,"date":"2023-09-19T12:28:47","date_gmt":"2023-09-19T12:28:47","guid":{"rendered":"https:\/\/gimeco.com\/dienstleistungen\/industry-4-0\/"},"modified":"2024-06-03T09:26:19","modified_gmt":"2024-06-03T09:26:19","slug":"industrie-4-0","status":"publish","type":"page","link":"https:\/\/gimeco.com\/de\/dienstleistungen\/industrie-4-0\/","title":{"rendered":"Industrie 4.0"},"content":{"rendered":"<div class=\"vgblk-rw-wrapper limit-wrapper\">\r\n<h2>\r\n\t<strong>Die digitale Transformation<\/strong> im Feuerverzinken\r\n\t<\/h2>\r\n\tDie digitale Transformation oder Industrie 4.0 repr\u00e4sentiert einen <strong>tiefgreifenden Wandel<\/strong> in der Art und Weise, wie Unternehmen und Branchen modernste digitale Technologien nutzen, um Operationen neu zu definieren, die Effizienz zu steigern und Innovationen zu f\u00f6rdern. Dies beinhaltet die Integration von Technologien wie dem Internet der Dinge <em>(IoT),<\/em> Big-Data-Analyse, k\u00fcnstlicher Intelligenz und Cloud-Computing.<br \/>\r\nIm Kontext der Fertigung und Industrie 4.0 steht der Kern um die <strong>&#8222;Smart Factory&#8220;<\/strong>, ausgestattet mit Sensoren und Ger\u00e4ten, die Echtzeitdaten von Maschinen und Prozessen sammeln. Algorithmen analysieren dann diese Daten, um die <strong>Produktion zu optimieren, Wartungen vorherzusagen und Ausfallzeiten zu reduzieren<\/strong>, was zu einer erh\u00f6hten Produktivit\u00e4t, Kosteneinsparungen und verbesserter Produktqualit\u00e4t f\u00fchrt.<br \/>\r\nIndustrie 4.0 f\u00f6rdert auch die <strong>Flexibilit\u00e4t<\/strong> und <strong>Anpassungsf\u00e4higkeit<\/strong> der Fertigung, sodass Unternehmen sich in Echtzeit an Marktanforderungen anpassen k\u00f6nnen.<br \/>\r\nDie Akzeptanz der digitalen Transformation ist entscheidend, um in unserer schnelllebigen Welt <strong>wettbewerbsf\u00e4hig<\/strong> zu bleiben. Sie birgt jedoch Herausforderungen, einschlie\u00dflich Cybersicherheitsbedenken und der Notwendigkeit, die Arbeitskr\u00e4fte weiterzubilden.\r\n<p>Da wir die Bedeutung dieses Themas auch f\u00fcr den Markt der Feuerverzinkung kennen, unterst\u00fctzen wir bei GIMECO Sie bei der Entwicklung von L\u00f6sungen f\u00fcr <strong>Automatisierung<\/strong>, Information, <strong>Vernetzung<\/strong> und <strong>Planung<\/strong>, die im Einklang mit der vierten industriellen Revolution stehen, indem wir unseren nat\u00fcrlichen Innovationsgeist mit Erfahrung und technologischer Kapazit\u00e4t kombinieren.<\/p>\r\n<h3>\r\n\tElemente f\u00fcr <b>Feuerverzinkung 4.0<\/b>\r\n\t<\/h3>\r\n\t<h4><strong>Vollst\u00e4ndige Kontrolle<\/strong><\/h4>\r\n<p>Automatisierung und Steuerung \u00fcber PLC von Sensoren wie Thermoelementen, Druckschaltern, W\u00e4gesystemen, Endschaltern, Datamatrix-Kameras, fotoelektrischen Barrierschaltern, usw.<\/p>\r\n<h4><strong>Vollst\u00e4ndige Vernetzung<\/strong><\/h4>\r\n<p>Mit betriebsinternen Informationssystemen wie Managementsoftware, ERP, &#8230;<\/p>\r\n<h4><strong>Reibungslose Integration<\/strong><\/h4>\r\n<p>Zwischen Komponenten und Maschinen durch TCP-IP-Protokolle<\/p>\r\n<h4><strong>Intelligente Mensch-Maschine-Schnittstelle<\/strong><\/h4>\r\n<p>Durch hochgradig digitalisierte SCADA-Systeme<\/p>\r\n<h4><strong>Sicherheitsorientierte Prozesse<\/strong><\/h4>\r\n<p>Durch ausfallsichere PLCs von renommierten Marken f\u00fcr sichere Programmierung von Prozesslogiken<\/p>\r\n<h4><strong>Fernsteuerung<\/strong><\/h4>\r\n<p>Jedes Elements und jeder Komponente, die am Produktionsprozess beteiligt sind, kann ferngesteuert werden.<\/p>\r\n<h4><strong>Kontinuierliche \u00dcberwachung<\/strong><\/h4>\r\n<p>Von Prozessparametern<\/p>\r\n<h4><strong>Steigerung der Produktivit\u00e4t, R\u00fcckverfolgbarkeit und Kundenerfahrung<\/strong><\/h4>\r\n<p>Dank Software-Suiten Productivity Pack\u2122 und herMES\u2122, entwickelt auf Microsoft SQL Server<\/p>\r\n<h4><strong>Steuerliche Vorteile und fiskalische Anreize<\/strong><\/h4>\r\n<p>Die Entscheidung f\u00fcr die Implementierung von L\u00f6sungen, die auf die digitale Transformation ausgerichtet sind, bringt Vorteile durch Anreize und Steuererleichterungen gem\u00e4\u00df der lokalen Gesetzgebung.<\/p>\r\n\r\n<\/div><!-- .vgblk-rw-wrapper -->","protected":false},"excerpt":{"rendered":"<p>Die digitale Transformation im Feuerverzinken Die digitale Transformation oder Industrie 4.0 repr\u00e4sentiert einen tiefgreifenden Wandel in der Art und Weise, wie Unternehmen und Branchen modernste digitale Technologien nutzen, um Operationen neu zu definieren, die Effizienz zu steigern und Innovationen zu f\u00f6rdern. Dies beinhaltet die Integration von Technologien wie dem Internet der Dinge (IoT), Big-Data-Analyse, k\u00fcnstlicher&#8230;<\/p>\n","protected":false},"author":1,"featured_media":0,"parent":20871,"menu_order":0,"comment_status":"closed","ping_status":"closed","template":"","meta":{"inline_featured_image":false,"footnotes":""},"class_list":["post-21123","page","type-page","status-publish","hentry"],"yoast_head":"<!-- This site is optimized with the Yoast SEO plugin v26.4 - https:\/\/yoast.com\/wordpress\/plugins\/seo\/ -->\n<title>Industrie 4.0 | GIMECO Impianti<\/title>\n<meta name=\"description\" content=\"Die digitale Transformation, oder Industrie 4.0, stellt einen Wandel in der Art und Weise dar, wie Unternehmen und Branchen modernste...\" \/>\n<meta name=\"robots\" content=\"index, follow, max-snippet:-1, max-image-preview:large, max-video-preview:-1\" \/>\n<link rel=\"canonical\" href=\"https:\/\/gimeco.com\/services\/industry-4-0\/\" \/>\n<meta property=\"og:locale\" content=\"de_DE\" \/>\n<meta property=\"og:type\" content=\"article\" \/>\n<meta property=\"og:title\" content=\"Industrie 4.0 | GIMECO Impianti\" \/>\n<meta property=\"og:description\" content=\"Die digitale Transformation, oder Industrie 4.0, stellt einen Wandel in der Art und Weise dar, wie Unternehmen und Branchen modernste...\" \/>\n<meta property=\"og:url\" content=\"https:\/\/gimeco.com\/services\/industry-4-0\/\" \/>\n<meta property=\"og:site_name\" content=\"GIMECO Impianti\" \/>\n<meta property=\"article:publisher\" content=\"https:\/\/www.facebook.com\/gimecogroup\" \/>\n<meta property=\"article:modified_time\" content=\"2024-06-03T09:26:19+00:00\" \/>\n<meta property=\"og:image\" content=\"https:\/\/gimeco.com\/wp-content\/uploads\/2023\/11\/Logo_GIMECO_StringNoPayoff-250.png\" \/>\n\t<meta property=\"og:image:width\" content=\"250\" \/>\n\t<meta property=\"og:image:height\" content=\"98\" \/>\n\t<meta property=\"og:image:type\" content=\"image\/png\" \/>\n<script type=\"application\/ld+json\" class=\"yoast-schema-graph\">{\"@context\":\"https:\/\/schema.org\",\"@graph\":[{\"@type\":\"WebPage\",\"@id\":\"https:\/\/gimeco.com\/services\/industry-4-0\/\",\"url\":\"https:\/\/gimeco.com\/services\/industry-4-0\/\",\"name\":\"Industrie 4.0 | GIMECO Impianti\",\"isPartOf\":{\"@id\":\"https:\/\/gimeco.com\/#website\"},\"datePublished\":\"2023-09-19T12:28:47+00:00\",\"dateModified\":\"2024-06-03T09:26:19+00:00\",\"description\":\"Die digitale Transformation, oder Industrie 4.0, stellt einen Wandel in der Art und Weise dar, wie Unternehmen und Branchen modernste...\",\"breadcrumb\":{\"@id\":\"https:\/\/gimeco.com\/services\/industry-4-0\/#breadcrumb\"},\"inLanguage\":\"de\",\"potentialAction\":[{\"@type\":\"ReadAction\",\"target\":[\"https:\/\/gimeco.com\/services\/industry-4-0\/\"]}]},{\"@type\":\"BreadcrumbList\",\"@id\":\"https:\/\/gimeco.com\/services\/industry-4-0\/#breadcrumb\",\"itemListElement\":[{\"@type\":\"ListItem\",\"position\":1,\"name\":\"Home\",\"item\":\"https:\/\/gimeco.com\/de\/\"},{\"@type\":\"ListItem\",\"position\":2,\"name\":\"Dienstleistungen\",\"item\":\"https:\/\/gimeco.com\/services\/\"},{\"@type\":\"ListItem\",\"position\":3,\"name\":\"Industrie 4.0\"}]},{\"@type\":\"WebSite\",\"@id\":\"https:\/\/gimeco.com\/#website\",\"url\":\"https:\/\/gimeco.com\/\",\"name\":\"gimeco.com\",\"description\":\"Your Partner from A to Zink\",\"publisher\":{\"@id\":\"https:\/\/gimeco.com\/#organization\"},\"alternateName\":\"Gimeco\",\"potentialAction\":[{\"@type\":\"SearchAction\",\"target\":{\"@type\":\"EntryPoint\",\"urlTemplate\":\"https:\/\/gimeco.com\/?s={search_term_string}\"},\"query-input\":{\"@type\":\"PropertyValueSpecification\",\"valueRequired\":true,\"valueName\":\"search_term_string\"}}],\"inLanguage\":\"de\"},{\"@type\":\"Organization\",\"@id\":\"https:\/\/gimeco.com\/#organization\",\"name\":\"Gimeco\",\"url\":\"https:\/\/gimeco.com\/\",\"logo\":{\"@type\":\"ImageObject\",\"inLanguage\":\"de\",\"@id\":\"https:\/\/gimeco.com\/#\/schema\/logo\/image\/\",\"url\":\"https:\/\/gimeco.com\/wp-content\/uploads\/2023\/11\/Logo_GIMECO_StringNoPayoff-250.png\",\"contentUrl\":\"https:\/\/gimeco.com\/wp-content\/uploads\/2023\/11\/Logo_GIMECO_StringNoPayoff-250.png\",\"width\":250,\"height\":98,\"caption\":\"Gimeco\"},\"image\":{\"@id\":\"https:\/\/gimeco.com\/#\/schema\/logo\/image\/\"},\"sameAs\":[\"https:\/\/www.facebook.com\/gimecogroup\"]}]}<\/script>\n<!-- \/ Yoast SEO plugin. -->","yoast_head_json":{"title":"Industrie 4.0 | GIMECO Impianti","description":"Die digitale Transformation, oder Industrie 4.0, stellt einen Wandel in der Art und Weise dar, wie Unternehmen und Branchen modernste...","robots":{"index":"index","follow":"follow","max-snippet":"max-snippet:-1","max-image-preview":"max-image-preview:large","max-video-preview":"max-video-preview:-1"},"canonical":"https:\/\/gimeco.com\/services\/industry-4-0\/","og_locale":"de_DE","og_type":"article","og_title":"Industrie 4.0 | GIMECO Impianti","og_description":"Die digitale Transformation, oder Industrie 4.0, stellt einen Wandel in der Art und Weise dar, wie Unternehmen und Branchen modernste...","og_url":"https:\/\/gimeco.com\/services\/industry-4-0\/","og_site_name":"GIMECO Impianti","article_publisher":"https:\/\/www.facebook.com\/gimecogroup","article_modified_time":"2024-06-03T09:26:19+00:00","og_image":[{"width":250,"height":98,"url":"https:\/\/gimeco.com\/wp-content\/uploads\/2023\/11\/Logo_GIMECO_StringNoPayoff-250.png","type":"image\/png"}],"schema":{"@context":"https:\/\/schema.org","@graph":[{"@type":"WebPage","@id":"https:\/\/gimeco.com\/services\/industry-4-0\/","url":"https:\/\/gimeco.com\/services\/industry-4-0\/","name":"Industrie 4.0 | GIMECO Impianti","isPartOf":{"@id":"https:\/\/gimeco.com\/#website"},"datePublished":"2023-09-19T12:28:47+00:00","dateModified":"2024-06-03T09:26:19+00:00","description":"Die digitale Transformation, oder Industrie 4.0, stellt einen Wandel in der Art und Weise dar, wie Unternehmen und Branchen modernste...","breadcrumb":{"@id":"https:\/\/gimeco.com\/services\/industry-4-0\/#breadcrumb"},"inLanguage":"de","potentialAction":[{"@type":"ReadAction","target":["https:\/\/gimeco.com\/services\/industry-4-0\/"]}]},{"@type":"BreadcrumbList","@id":"https:\/\/gimeco.com\/services\/industry-4-0\/#breadcrumb","itemListElement":[{"@type":"ListItem","position":1,"name":"Home","item":"https:\/\/gimeco.com\/de\/"},{"@type":"ListItem","position":2,"name":"Dienstleistungen","item":"https:\/\/gimeco.com\/services\/"},{"@type":"ListItem","position":3,"name":"Industrie 4.0"}]},{"@type":"WebSite","@id":"https:\/\/gimeco.com\/#website","url":"https:\/\/gimeco.com\/","name":"gimeco.com","description":"Your Partner from A to Zink","publisher":{"@id":"https:\/\/gimeco.com\/#organization"},"alternateName":"Gimeco","potentialAction":[{"@type":"SearchAction","target":{"@type":"EntryPoint","urlTemplate":"https:\/\/gimeco.com\/?s={search_term_string}"},"query-input":{"@type":"PropertyValueSpecification","valueRequired":true,"valueName":"search_term_string"}}],"inLanguage":"de"},{"@type":"Organization","@id":"https:\/\/gimeco.com\/#organization","name":"Gimeco","url":"https:\/\/gimeco.com\/","logo":{"@type":"ImageObject","inLanguage":"de","@id":"https:\/\/gimeco.com\/#\/schema\/logo\/image\/","url":"https:\/\/gimeco.com\/wp-content\/uploads\/2023\/11\/Logo_GIMECO_StringNoPayoff-250.png","contentUrl":"https:\/\/gimeco.com\/wp-content\/uploads\/2023\/11\/Logo_GIMECO_StringNoPayoff-250.png","width":250,"height":98,"caption":"Gimeco"},"image":{"@id":"https:\/\/gimeco.com\/#\/schema\/logo\/image\/"},"sameAs":["https:\/\/www.facebook.com\/gimecogroup"]}]}},"_links":{"self":[{"href":"https:\/\/gimeco.com\/de\/wp-json\/wp\/v2\/pages\/21123","targetHints":{"allow":["GET"]}}],"collection":[{"href":"https:\/\/gimeco.com\/de\/wp-json\/wp\/v2\/pages"}],"about":[{"href":"https:\/\/gimeco.com\/de\/wp-json\/wp\/v2\/types\/page"}],"author":[{"embeddable":true,"href":"https:\/\/gimeco.com\/de\/wp-json\/wp\/v2\/users\/1"}],"replies":[{"embeddable":true,"href":"https:\/\/gimeco.com\/de\/wp-json\/wp\/v2\/comments?post=21123"}],"version-history":[{"count":8,"href":"https:\/\/gimeco.com\/de\/wp-json\/wp\/v2\/pages\/21123\/revisions"}],"predecessor-version":[{"id":22584,"href":"https:\/\/gimeco.com\/de\/wp-json\/wp\/v2\/pages\/21123\/revisions\/22584"}],"up":[{"embeddable":true,"href":"https:\/\/gimeco.com\/de\/wp-json\/wp\/v2\/pages\/20871"}],"wp:attachment":[{"href":"https:\/\/gimeco.com\/de\/wp-json\/wp\/v2\/media?parent=21123"}],"curies":[{"name":"wp","href":"https:\/\/api.w.org\/{rel}","templated":true}]}}