{"id":21127,"date":"2023-11-03T06:57:00","date_gmt":"2023-11-03T06:57:00","guid":{"rendered":"https:\/\/gimeco.com\/dienstleistungen\/chemical-products\/"},"modified":"2025-10-22T13:57:54","modified_gmt":"2025-10-22T13:57:54","slug":"chemische-produkte","status":"publish","type":"page","link":"https:\/\/gimeco.com\/de\/dienstleistungen\/chemische-produkte\/","title":{"rendered":"Chemische Produkte"},"content":{"rendered":"<div class=\"vgblk-rw-wrapper limit-wrapper\">\n\n\t<p>Die Technologie des Feuerverzinkens entwickelt sich st\u00e4ndig weiter, basierend auf Anforderungen an Qualit\u00e4t, Wirtschaftlichkeit, Umwelt und Arbeitsbedingungen. All dies ist ohne den Einsatz <strong>spezifischer chemischer Produkte<\/strong> und Zusatzstoffe in den verschiedenen Schritten des Prozesses nicht m\u00f6glich.<\/p>\n<p>Um Ihnen <strong>umfassende Unterst\u00fctzung<\/strong> f\u00fcr Ihre Produktionsaufgaben zu bieten, umfasst unser L\u00f6sungsportfolio chemische Produkte, die speziell von der schwedischen Firma <a href=\"https:\/\/www.recyclean.se\/\" target=\"_blank\" rel=\"noopener\">RECYCLEAN SYSTEMS AB<\/a> studiert und entwickelt wurden. Wir haben eine starke und gegenseitig vorteilhafte Partnerschaft mit diesem Unternehmen aufgebaut.<\/p>\n<p>W\u00e4hrend seiner mehr als f\u00fcnfundzwanzigj\u00e4hrigen Erfahrung hat <a href=\"https:\/\/www.recyclean.se\/\" target=\"_blank\" rel=\"noopener\">RECYCLEAN SYSTEMS AB<\/a> stets das Ziel verfolgt, den <strong>steigenden<\/strong> <strong>Anforderungen an Qualit\u00e4t und Produktivit\u00e4t<\/strong> von Feuerverzinkern gerecht zu werden. Dabei wurde ber\u00fccksichtigt, dass die Wirkungen von Zusatzstoffen und chemischen Produkten den gesamten Prozess ma\u00dfgeblich beeinflussen.<\/p>\n\t\t\t\t<a href=\"https:\/\/recyclean.se\/\" target=\"_blank\" rel=\"noopener\"  itemprop=\"url\" title=\"rect1388\">\n\t\t\t\t\t\t\t<img loading=\"lazy\" decoding=\"async\" src=\"https:\/\/gimeco.com\/wp-content\/uploads\/2023\/12\/rect1388.png\" alt=\"rect1388\" itemprop=\"image\" height=\"100\" width=\"340\" data-link-type=\"url\" title=\"rect1388\" onerror=\"this.style.display='none'\"  sizes=\"auto, (max-width: 768px) 100vw, 100vw\" srcset=\"https:\/\/gimeco.com\/wp-content\/uploads\/2023\/12\/rect1388.png 340w, https:\/\/gimeco.com\/wp-content\/uploads\/2023\/12\/rect1388-300x88.png 300w, https:\/\/gimeco.com\/wp-content\/uploads\/2023\/12\/rect1388-315x93.png 315w\" \/>\t\t\t\t\t\t<\/a>\n<h3>\n\t<b>Entfettungsprodukte<\/b>\n\t<\/h3>\n\t<p>Lassen Sie die Produkte, die behandelt werden sollen, die Entfettungsmethode w\u00e4hlen! Bearbeitete Teile k\u00f6nnen eine gro\u00dfe Menge an Fettbearbeitungs\u00f6len enthalten, die einen leistungsstarken Entfetter mit guten Trenneigenschaften ben\u00f6tigen.<\/p>\n\t<ul>\n<li>Hochwirksamer biologischer Entfetter<\/li>\n<li>Temperatur 25-50\u00b0C <em>(77-122\u00b0F)<\/em><\/li>\n<li>Kein anschlie\u00dfendes Sp\u00fclen erforderlich<\/li>\n<li>Sehr lange Lebensdauer <em>(bis zu 10 Jahre)<\/em><\/li>\n<li>Bietet die beste Qualit\u00e4t<\/li>\n<li>Bestes Entfettungsergebnis<\/li>\n<\/ul>\n\t<ul>\n<li>Niedrig alkalisch<\/li>\n<li>Temperatur 25-70\u00b0C <em>(77-158\u00b0F)<\/em><\/li>\n<li>Kein anschlie\u00dfendes Sp\u00fclen erforderlich<\/li>\n<li>Hervorragendes Entfettungsergebnis<\/li>\n<li>Erschwinglich<\/li>\n<\/ul>\n\t<ul>\n<li>Erm\u00f6glicht ein schnelles Beizen<\/li>\n<li>Unterst\u00fctzt begrenzte Beizf\u00e4higkeiten<\/li>\n<li>Saurer Entfetter<\/li>\n<li>Temperatur 25-70\u00b0C <em>(77-158\u00b0F)<\/em><\/li>\n<li>Kein anschlie\u00dfendes Sp\u00fclen erforderlich<\/li>\n<li>Hervorragendes Entfettungsergebnis<\/li>\n<\/ul>\n<h3>\n\t<b>Beizadditive<\/b>\n\t<\/h3>\n\t<p>Metallisches Material, das Oxidation <em>(Rost)<\/em> zeigt, muss von Oxidation gereinigt werden, indem Salzs\u00e4ure verwendet wird. Auch Phosphor- oder Schwefels\u00e4uren k\u00f6nnen verwendet werden. Der Prozess kann mit Beizadditiven kombiniert werden, die dazu beitragen, den S\u00e4ureverbrauch zu reduzieren und die Arbeitsbedingungen zu verbessern.<\/p>\n\t<p>Sch\u00fctzt das Metall, reduziert den S\u00e4ureverbrauch, beschleunigt das Beizen von Waren, verringert das Risiko der Wasserstoffverspr\u00f6dung von Fertigwaren.<\/p>\n\t<p>Hilft, eine Arbeitsumgebung frei von sauren D\u00e4mpfen zu schaffen, verleiht Anlagen und Ausr\u00fcstungen eine l\u00e4ngere Lebensdauer und reduziert die Wartungskosten.<\/p>\n<h3>\n\t<b>Flussmittelprodukte<\/b> \n\t<\/h3>\n\t<p>Modernes Flussmittel besteht nicht nur aus Doppelsalz, sondern kann auch Zus\u00e4tze enthalten, um mit Stahl mit hohem Siliziumgehalt oder Zinkb\u00e4dern mit hohem Aluminiumgehalt besser zurechtzukommen, damit die Oberfl\u00e4chen gl\u00e4nzender und glatter werden oder, was vielleicht am wichtigsten ist, um das Verzinken durch schwarze Flecken zu vermeiden.<\/p>\n\t<p>Ein Zusatz zum Flussmittelbad, um die Benetzung des Flussmittels zu erh\u00f6hen und die Effizienz der Behandlung zu steigern. Es hilft, den anschlie\u00dfenden Trocknungsprozess zu beschleunigen, da behandelte Oberfl\u00e4chen Fl\u00fcssigkeiten leichter abflie\u00dfen lassen.<\/p>\n\t<p>Eine Flussmittelpaste mit 85% Inhalt an Doppelsalz. Hervorragend geeignet, um Staubbildung zu verhindern, und einfach zu dosieren durch Pumpen oder einfaches Eingie\u00dfen in das Flussmittelbad.<\/p>\n\t<p>Ein Flussmittelzusatz, der ein problemloses Verzinken gew\u00e4hrleistet und das Risiko von schwarzen Flecken reduziert. Es eignet sich f\u00fcr Zinkb\u00e4der mit hohem Aluminiumgehalt. Gew\u00e4hrleistet gl\u00e4nzendere Oberfl\u00e4chen und reduziert radikal das Wiederverzinken.<\/p>\n\t<p>Wir k\u00f6nnen sowohl traditionelle Flussmittelsalze in trockener Form als auch wasserbasierte Flussmittelsalze f\u00fcr staubfreie und automatisierte Dosierung liefern.<\/p>\n<h3>\n\t<b>Passivierungs- und Versiegelungsprodukte<\/b> \n\t<\/h3>\n\t<p>Die Notwendigkeit von fertigen Produkten ohne Wei\u00dfrost erfordert einen zus\u00e4tzlichen Schritt, um langfristigen Schutz zu bieten: Unsere Passivierungsprodukte schaffen eine echte Schutzbarriere f\u00fcr die Oberfl\u00e4chen von feuerverzinktem Material und verl\u00e4ngern deren Best\u00e4ndigkeit gegen\u00fcber Umwelteinfl\u00fcssen.<\/p>\n\t<p>Sehr effektiver anorganischer Wei\u00dfrostschutz, der lange anh\u00e4lt. Vollst\u00e4ndig chromfrei. Hervorragend als Schutz f\u00fcr Transport und Lagerung im Freien geeignet.<\/p>\n<h3>\n\t<b>Zinkbad<\/b>-Additive\n\t<\/h3>\n\t<p>Die moderne Zinkmetallurgie hat Legierungen mit Aluminium und Nickel entwickelt, die den Zinkverbrauch reduzieren sowie gl\u00e4nzendere Oberfl\u00e4chen erzeugen. Zusatzstoffe zum Recycling von Zink aus Asche und Schlacke k\u00f6nnen erhebliche weitere Einsparungen beim Zinkverbrauch erm\u00f6glichen.<\/p>\n\t<p>Das Produkt wird zu den gesammelten Aschen hinzugef\u00fcgt. Durch eine Reaktion werden 60-70% des im Asche enthaltenen Zinks recycelt.<\/p>\n<h3>\n\t<b>Neutralisation &#8211; Regeneration<\/b><br \/>spezifische Ausr\u00fcstung\n\t<\/h3>\n\t<a href=\"https:\/\/gimeco.com\/de\/neutralisation-regeneration\/\" target=\"_self\" role=\"button\">\n\t\t\t\t\tMehr <b>erfahren<\/b>\n\t<\/a>\n\n<\/div><!-- .vgblk-rw-wrapper -->","protected":false},"excerpt":{"rendered":"<p>Die Technologie des Feuerverzinkens entwickelt sich st\u00e4ndig weiter, basierend auf Anforderungen an Qualit\u00e4t, Wirtschaftlichkeit, Umwelt und Arbeitsbedingungen. All dies ist ohne den Einsatz spezifischer chemischer Produkte und Zusatzstoffe in den verschiedenen Schritten des Prozesses nicht m\u00f6glich. Um Ihnen umfassende Unterst\u00fctzung f\u00fcr Ihre Produktionsaufgaben zu bieten, umfasst unser L\u00f6sungsportfolio chemische Produkte, die speziell von der schwedischen&#8230;<\/p>\n","protected":false},"author":1,"featured_media":0,"parent":20871,"menu_order":0,"comment_status":"closed","ping_status":"closed","template":"","meta":{"inline_featured_image":false,"footnotes":""},"class_list":["post-21127","page","type-page","status-publish","hentry"],"yoast_head":"<!-- This site is optimized with the Yoast SEO plugin v26.4 - https:\/\/yoast.com\/wordpress\/plugins\/seo\/ -->\n<title>Chemische Produkte | GIMECO Impianti<\/title>\n<meta name=\"description\" content=\"Die Feuerverzinkungstechnologie entwickelt sich durch die Anforderungen an Qualit\u00e4t, Wirtschaftlichkeit, Umwelt und Arbeitsbedingungen...\" \/>\n<meta name=\"robots\" content=\"index, follow, max-snippet:-1, max-image-preview:large, max-video-preview:-1\" \/>\n<link rel=\"canonical\" href=\"https:\/\/gimeco.com\/de\/dienstleistungen\/chemische-produkte\/\" \/>\n<meta property=\"og:locale\" content=\"de_DE\" \/>\n<meta property=\"og:type\" content=\"article\" \/>\n<meta property=\"og:title\" content=\"Chemische Produkte | GIMECO Impianti\" \/>\n<meta property=\"og:description\" content=\"Die Feuerverzinkungstechnologie entwickelt sich durch die Anforderungen an Qualit\u00e4t, Wirtschaftlichkeit, Umwelt und Arbeitsbedingungen...\" \/>\n<meta property=\"og:url\" content=\"https:\/\/gimeco.com\/de\/dienstleistungen\/chemische-produkte\/\" \/>\n<meta property=\"og:site_name\" content=\"GIMECO Impianti\" \/>\n<meta property=\"article:publisher\" content=\"https:\/\/www.facebook.com\/gimecogroup\" \/>\n<meta property=\"article:modified_time\" content=\"2025-10-22T13:57:54+00:00\" \/>\n<meta property=\"og:image\" content=\"https:\/\/gimeco.com\/wp-content\/uploads\/2023\/12\/rect1388.png\" \/>\n<script type=\"application\/ld+json\" class=\"yoast-schema-graph\">{\"@context\":\"https:\/\/schema.org\",\"@graph\":[{\"@type\":\"WebPage\",\"@id\":\"https:\/\/gimeco.com\/de\/dienstleistungen\/chemische-produkte\/\",\"url\":\"https:\/\/gimeco.com\/de\/dienstleistungen\/chemische-produkte\/\",\"name\":\"Chemische Produkte | GIMECO Impianti\",\"isPartOf\":{\"@id\":\"https:\/\/gimeco.com\/#website\"},\"primaryImageOfPage\":{\"@id\":\"https:\/\/gimeco.com\/de\/dienstleistungen\/chemische-produkte\/#primaryimage\"},\"image\":{\"@id\":\"https:\/\/gimeco.com\/de\/dienstleistungen\/chemische-produkte\/#primaryimage\"},\"thumbnailUrl\":\"https:\/\/gimeco.com\/wp-content\/uploads\/2023\/12\/rect1388.png\",\"datePublished\":\"2023-11-03T06:57:00+00:00\",\"dateModified\":\"2025-10-22T13:57:54+00:00\",\"description\":\"Die Feuerverzinkungstechnologie entwickelt sich durch die Anforderungen an Qualit\u00e4t, Wirtschaftlichkeit, Umwelt und Arbeitsbedingungen...\",\"breadcrumb\":{\"@id\":\"https:\/\/gimeco.com\/de\/dienstleistungen\/chemische-produkte\/#breadcrumb\"},\"inLanguage\":\"de\",\"potentialAction\":[{\"@type\":\"ReadAction\",\"target\":[\"https:\/\/gimeco.com\/de\/dienstleistungen\/chemische-produkte\/\"]}]},{\"@type\":\"ImageObject\",\"inLanguage\":\"de\",\"@id\":\"https:\/\/gimeco.com\/de\/dienstleistungen\/chemische-produkte\/#primaryimage\",\"url\":\"https:\/\/gimeco.com\/wp-content\/uploads\/2023\/12\/rect1388.png\",\"contentUrl\":\"https:\/\/gimeco.com\/wp-content\/uploads\/2023\/12\/rect1388.png\"},{\"@type\":\"BreadcrumbList\",\"@id\":\"https:\/\/gimeco.com\/de\/dienstleistungen\/chemische-produkte\/#breadcrumb\",\"itemListElement\":[{\"@type\":\"ListItem\",\"position\":1,\"name\":\"Home\",\"item\":\"https:\/\/gimeco.com\/de\/\"},{\"@type\":\"ListItem\",\"position\":2,\"name\":\"Dienstleistungen\",\"item\":\"https:\/\/gimeco.com\/services\/\"},{\"@type\":\"ListItem\",\"position\":3,\"name\":\"Chemische Produkte\"}]},{\"@type\":\"WebSite\",\"@id\":\"https:\/\/gimeco.com\/#website\",\"url\":\"https:\/\/gimeco.com\/\",\"name\":\"gimeco.com\",\"description\":\"Your Partner from A to Zink\",\"publisher\":{\"@id\":\"https:\/\/gimeco.com\/#organization\"},\"alternateName\":\"Gimeco\",\"potentialAction\":[{\"@type\":\"SearchAction\",\"target\":{\"@type\":\"EntryPoint\",\"urlTemplate\":\"https:\/\/gimeco.com\/?s={search_term_string}\"},\"query-input\":{\"@type\":\"PropertyValueSpecification\",\"valueRequired\":true,\"valueName\":\"search_term_string\"}}],\"inLanguage\":\"de\"},{\"@type\":\"Organization\",\"@id\":\"https:\/\/gimeco.com\/#organization\",\"name\":\"Gimeco\",\"url\":\"https:\/\/gimeco.com\/\",\"logo\":{\"@type\":\"ImageObject\",\"inLanguage\":\"de\",\"@id\":\"https:\/\/gimeco.com\/#\/schema\/logo\/image\/\",\"url\":\"https:\/\/gimeco.com\/wp-content\/uploads\/2023\/11\/Logo_GIMECO_StringNoPayoff-250.png\",\"contentUrl\":\"https:\/\/gimeco.com\/wp-content\/uploads\/2023\/11\/Logo_GIMECO_StringNoPayoff-250.png\",\"width\":250,\"height\":98,\"caption\":\"Gimeco\"},\"image\":{\"@id\":\"https:\/\/gimeco.com\/#\/schema\/logo\/image\/\"},\"sameAs\":[\"https:\/\/www.facebook.com\/gimecogroup\"]}]}<\/script>\n<!-- \/ Yoast SEO plugin. -->","yoast_head_json":{"title":"Chemische Produkte | GIMECO Impianti","description":"Die Feuerverzinkungstechnologie entwickelt sich durch die Anforderungen an Qualit\u00e4t, Wirtschaftlichkeit, Umwelt und Arbeitsbedingungen...","robots":{"index":"index","follow":"follow","max-snippet":"max-snippet:-1","max-image-preview":"max-image-preview:large","max-video-preview":"max-video-preview:-1"},"canonical":"https:\/\/gimeco.com\/de\/dienstleistungen\/chemische-produkte\/","og_locale":"de_DE","og_type":"article","og_title":"Chemische Produkte | GIMECO Impianti","og_description":"Die Feuerverzinkungstechnologie entwickelt sich durch die Anforderungen an Qualit\u00e4t, Wirtschaftlichkeit, Umwelt und Arbeitsbedingungen...","og_url":"https:\/\/gimeco.com\/de\/dienstleistungen\/chemische-produkte\/","og_site_name":"GIMECO Impianti","article_publisher":"https:\/\/www.facebook.com\/gimecogroup","article_modified_time":"2025-10-22T13:57:54+00:00","og_image":[{"url":"https:\/\/gimeco.com\/wp-content\/uploads\/2023\/12\/rect1388.png","type":"","width":"","height":""}],"schema":{"@context":"https:\/\/schema.org","@graph":[{"@type":"WebPage","@id":"https:\/\/gimeco.com\/de\/dienstleistungen\/chemische-produkte\/","url":"https:\/\/gimeco.com\/de\/dienstleistungen\/chemische-produkte\/","name":"Chemische Produkte | GIMECO Impianti","isPartOf":{"@id":"https:\/\/gimeco.com\/#website"},"primaryImageOfPage":{"@id":"https:\/\/gimeco.com\/de\/dienstleistungen\/chemische-produkte\/#primaryimage"},"image":{"@id":"https:\/\/gimeco.com\/de\/dienstleistungen\/chemische-produkte\/#primaryimage"},"thumbnailUrl":"https:\/\/gimeco.com\/wp-content\/uploads\/2023\/12\/rect1388.png","datePublished":"2023-11-03T06:57:00+00:00","dateModified":"2025-10-22T13:57:54+00:00","description":"Die Feuerverzinkungstechnologie entwickelt sich durch die Anforderungen an Qualit\u00e4t, Wirtschaftlichkeit, Umwelt und Arbeitsbedingungen...","breadcrumb":{"@id":"https:\/\/gimeco.com\/de\/dienstleistungen\/chemische-produkte\/#breadcrumb"},"inLanguage":"de","potentialAction":[{"@type":"ReadAction","target":["https:\/\/gimeco.com\/de\/dienstleistungen\/chemische-produkte\/"]}]},{"@type":"ImageObject","inLanguage":"de","@id":"https:\/\/gimeco.com\/de\/dienstleistungen\/chemische-produkte\/#primaryimage","url":"https:\/\/gimeco.com\/wp-content\/uploads\/2023\/12\/rect1388.png","contentUrl":"https:\/\/gimeco.com\/wp-content\/uploads\/2023\/12\/rect1388.png"},{"@type":"BreadcrumbList","@id":"https:\/\/gimeco.com\/de\/dienstleistungen\/chemische-produkte\/#breadcrumb","itemListElement":[{"@type":"ListItem","position":1,"name":"Home","item":"https:\/\/gimeco.com\/de\/"},{"@type":"ListItem","position":2,"name":"Dienstleistungen","item":"https:\/\/gimeco.com\/services\/"},{"@type":"ListItem","position":3,"name":"Chemische Produkte"}]},{"@type":"WebSite","@id":"https:\/\/gimeco.com\/#website","url":"https:\/\/gimeco.com\/","name":"gimeco.com","description":"Your Partner from A to Zink","publisher":{"@id":"https:\/\/gimeco.com\/#organization"},"alternateName":"Gimeco","potentialAction":[{"@type":"SearchAction","target":{"@type":"EntryPoint","urlTemplate":"https:\/\/gimeco.com\/?s={search_term_string}"},"query-input":{"@type":"PropertyValueSpecification","valueRequired":true,"valueName":"search_term_string"}}],"inLanguage":"de"},{"@type":"Organization","@id":"https:\/\/gimeco.com\/#organization","name":"Gimeco","url":"https:\/\/gimeco.com\/","logo":{"@type":"ImageObject","inLanguage":"de","@id":"https:\/\/gimeco.com\/#\/schema\/logo\/image\/","url":"https:\/\/gimeco.com\/wp-content\/uploads\/2023\/11\/Logo_GIMECO_StringNoPayoff-250.png","contentUrl":"https:\/\/gimeco.com\/wp-content\/uploads\/2023\/11\/Logo_GIMECO_StringNoPayoff-250.png","width":250,"height":98,"caption":"Gimeco"},"image":{"@id":"https:\/\/gimeco.com\/#\/schema\/logo\/image\/"},"sameAs":["https:\/\/www.facebook.com\/gimecogroup"]}]}},"_links":{"self":[{"href":"https:\/\/gimeco.com\/de\/wp-json\/wp\/v2\/pages\/21127","targetHints":{"allow":["GET"]}}],"collection":[{"href":"https:\/\/gimeco.com\/de\/wp-json\/wp\/v2\/pages"}],"about":[{"href":"https:\/\/gimeco.com\/de\/wp-json\/wp\/v2\/types\/page"}],"author":[{"embeddable":true,"href":"https:\/\/gimeco.com\/de\/wp-json\/wp\/v2\/users\/1"}],"replies":[{"embeddable":true,"href":"https:\/\/gimeco.com\/de\/wp-json\/wp\/v2\/comments?post=21127"}],"version-history":[{"count":10,"href":"https:\/\/gimeco.com\/de\/wp-json\/wp\/v2\/pages\/21127\/revisions"}],"predecessor-version":[{"id":25653,"href":"https:\/\/gimeco.com\/de\/wp-json\/wp\/v2\/pages\/21127\/revisions\/25653"}],"up":[{"embeddable":true,"href":"https:\/\/gimeco.com\/de\/wp-json\/wp\/v2\/pages\/20871"}],"wp:attachment":[{"href":"https:\/\/gimeco.com\/de\/wp-json\/wp\/v2\/media?parent=21127"}],"curies":[{"name":"wp","href":"https:\/\/api.w.org\/{rel}","templated":true}]}}