{"id":22098,"date":"2024-05-17T09:10:06","date_gmt":"2024-05-17T09:10:06","guid":{"rendered":"https:\/\/gimeco.com\/technologies\/"},"modified":"2026-03-13T09:15:51","modified_gmt":"2026-03-13T09:15:51","slug":"technologien","status":"publish","type":"page","link":"https:\/\/gimeco.com\/de\/technologien\/","title":{"rendered":"Technologien"},"content":{"rendered":"<div class=\"vgblk-rw-wrapper limit-wrapper\">\n\n\t<p>Das Kerngesch\u00e4ft von GIMECO seit seiner Gr\u00fcndung ist die Konzeption und Inbetriebnahme <strong>schl\u00fcsselfertiger<\/strong> kompletter Feuerverzinkungslinien, einschlie\u00dflich Systemen und Maschinen, Nebenausr\u00fcstungen und digitalen L\u00f6sungen f\u00fcr jeden Verarbeitungsschritt.<\/p>\nUnsere L\u00f6sungen umfassen Standardkonfigurationen mit <strong>thermischen <\/strong>Einheiten <em>(Ofen-Trockner)<\/em> und <strong>chemischen Prozessen<\/strong> <em>(Entfettung, Beizen, Flussmittel),<\/em> ebenso wie komplexere Setups, die <strong>Handhabung und Logistik<\/strong> sowie <strong>Hebeautomatisierung<\/strong> integrieren.<br \/>\nEine industrielle Anlage von GIMECO wird immer tiefgreifend nach Ihren spezifischen Anforderungen <strong>ma\u00dfgeschneidert<\/strong> und bis ins letzte Detail sorgf\u00e4ltig entworfen. Wir stehen Ihnen sogar bei Investitionen, operativen Ausgaben und der Bewertung des Energieverbrauchs zur Seite.\n<p>Unsere Techniker k\u00f6nnen mit Ihnen zusammenarbeiten, um die f\u00fcr Ihr Unternehmen geeignetste L\u00f6sung zu finden, sei es der <strong>Bau auf einem unbebauten Grundst\u00fcck <\/strong>oder innerhalb eines bereits entworfenen Geb\u00e4udes, sowie die komplette <strong>Modernisierung bestehender industrieller Anlagen<\/strong>.<\/p>\n<p>Eine industrielle Feuerverzinkungsanlage von GIMECO ist so konfiguriert, dass der gesamte Produktionsablauf mit <strong>maximaler Effizienz<\/strong>, minimalen Kosten, geringstm\u00f6glichen <strong>Umweltauswirkungen<\/strong> und dem h\u00f6chsten <strong>wirtschaftlichen Ertrag<\/strong> funktioniert.<\/p>\n<h3>\n\t<strong>Wie <\/strong>wir arbeiten\n\t<\/h3>\n\t<p>GIMECO hat einen <strong>ganzheitlichen<\/strong> Blick auf jedes Projekt. Alles wird sorgf\u00e4ltig geplant, \u00fcberpr\u00fcft und umgesetzt, beginnend mit der <strong>ersten Anfrage<\/strong>, wobei auch <strong>unausgesprochene Bed\u00fcrfnisse<\/strong> hervorgehoben werden, und unterst\u00fctzt Sie von der <strong>Installation<\/strong> bis zum gesamten <strong>Lebenszyklus der Anlage.<\/strong><\/p>\n<ol>\n<li><strong>Angebot + Layout<\/strong><\/li>\n<li><strong>Projektmanagement<\/strong><\/li>\n<li><strong>In-house-Engineering<\/strong><\/li>\n<li><strong>Fertigung<\/strong><\/li>\n<li><strong>Vor-Ort-Installation<\/strong><\/li>\n<li><strong>Inbetriebnahme, Abstimmung, Schulung<\/strong><\/li>\n<li><strong>Sicherheit und Prozesskontrolle &#8211; Entwicklung von Inhouse-Software und digitalen L\u00f6sungen<\/strong><\/li>\n<li><strong>Dienstleistungen, technische Unterst\u00fctzung und Ersatzteile<\/strong><\/li>\n<\/ol>\n<h3>\n\tArtes von <b>Anlage<\/b>\n\t<\/h3>\n<h3>\n\t<strong>Layout<\/strong> und Design\n\t<\/h3>\n\tBeim Entwerfen von Produktionslinien ist ein <strong>korrektes Layouten<\/strong> eine grundlegende Voraussetzung, um festzustellen, ob die Anlage in Bezug auf Produktivit\u00e4t erfolgreich sein wird, eine effektive <strong>Kapitalrendite gew\u00e4hrleistet<\/strong> und den Bedienern <strong>Komfort<\/strong> bietet.<br \/>\nDie erfolgreiche Umsetzung einer Feuerverzinkungslinie erfordert die richtige und <strong>nahtlose Integration verschiedener Elemente<\/strong> wie geografische Merkmale des Bauplatzes und Zug\u00e4nglichkeit, Materialien, Ressourcen und Energie. Dabei wird der <strong>beste Kompromiss<\/strong> geschaffen, um die Bed\u00fcrfnisse zu erf\u00fcllen und letztendlich die Optimierung der Produktionsabl\u00e4ufe zu gew\u00e4hrleisten, auch durch die Analyse der Produktionszeiten.<br \/>\nMit jahrzehntelanger Erfahrung, aufgebaut durch kontinuierliche technologische Innovation und die F\u00e4higkeit, den Anforderungen von Partnerunternehmen gerecht zu werden, bietet GIMECO acht <strong>Masterlayouts<\/strong>, die entsprechend spezifischer Anforderungen <strong>hochgradig personalisiert<\/strong> werden k\u00f6nnen:\n<h3>\n\t<b>Systeme <\/b>und Ausr\u00fcstungen\n\t<\/h3>\n<h3>\n\t\t\t<a href=\"https:\/\/gimeco.com\/de\/vorbehandlung-nachbearbeitung\/\" title=\"Vorbehandlung und Nachbearbeitung\" target=\"_self\">\n\tVorbehandlung und Nachbearbeitung\n\t\t\t<\/a>\n\t<\/h3>\n\t<p>Die <strong>genaue Vorbereitung<\/strong> von Metalloberfl\u00e4chen ist entscheidend, um die Zuverl\u00e4ssigkeit und Haltbarkeit der sch\u00fctzenden Stahl-Zink-Legierung zu gew\u00e4hrleisten&#8230;<\/p>\n\t<a href=\"https:\/\/gimeco.com\/de\/vorbehandlung-nachbearbeitung\/\" target=\"_self\" role=\"button\">\n\t\t\t\t\t<b>Mehr <\/b>erfahren \n\t<\/a>\n<h3>\n\t\t\t<a href=\"https:\/\/gimeco.com\/de\/trockner\/\" title=\"Trockner\" target=\"_self\">\n\tTrockner\n\t\t\t<\/a>\n\t<\/h3>\n\t<p>Der Trockner, auch als Vorw\u00e4rmofen bekannt, ist eine <strong>entscheidende Phase<\/strong> im Prozess der Feuerverzinkung von Metallteilen&#8230;<\/p>\n\t<a href=\"https:\/\/gimeco.com\/de\/trockner\/\" target=\"_self\" role=\"button\">\n\t\t\t\t\t<b>Mehr <\/b>erfahren \n\t<\/a>\n<h3>\n\t\t\t<a href=\"https:\/\/gimeco.com\/de\/oefen\/\" title=\"\u00d6fen\" target=\"_self\">\n\t\u00d6fen\n\t\t\t<\/a>\n\t<\/h3>\n\t<p>Der Ofen ist das <strong>Herzst\u00fcck der gesamten Feuerverzinkungsanlage<\/strong> und ist entscheidend sowohl f\u00fcr&#8230;<\/p>\n\t<a href=\"https:\/\/gimeco.com\/de\/oefen\/\" target=\"_self\" role=\"button\">\n\t\t\t\t\t<b>Mehr <\/b>erfahren \n\t<\/a>\n<h3>\n\t\t\t<a href=\"https:\/\/gimeco.com\/de\/kessel-und-hilfsausruestung\/\" title=\"Kessel und Nebenausr\u00fcstung\" target=\"_self\">\n\tKessel und Nebenausr\u00fcstung\n\t\t\t<\/a>\n\t<\/h3>\n\t<p>Zu den <strong>wichtigen Komponenten<\/strong> der gesamten Feuerverzinkungslinie geh\u00f6ren&#8230;<\/p>\n\t<a href=\"https:\/\/gimeco.com\/de\/kessel-und-hilfsausruestung\/\" target=\"_self\" role=\"button\">\n\t\t\t\t\t<b>Mehr <\/b>erfahren \n\t<\/a>\n<h3>\n\t\t\t<a href=\"https:\/\/gimeco.com\/de\/bearbeitung-automatisierung\/\" title=\"Handhabung - Automation\" target=\"_self\">\n\tHandhabung &#8211; Automation\n\t\t\t<\/a>\n\t<\/h3>\n\t<p>Unsere Handling-Vorschl\u00e4ge stellen eine <strong>entscheidende Innovation<\/strong> f\u00fcr industrielle Effizienz dar&#8230;<\/p>\n\t<a href=\"https:\/\/gimeco.com\/de\/bearbeitung-automatisierung\/\" target=\"_self\" role=\"button\">\n\t\t\t\t\t<b>Mehr <\/b>erfahren \n\t<\/a>\n<h3>\n\t\t\t<a href=\"https:\/\/gimeco.com\/de\/rohre-und-schlaeuche-feuerverzinkung\/\" title=\"Verzinkung von Rohren und Schl\u00e4uchen\" target=\"_self\">\n\tVerzinkung von Rohren und Schl\u00e4uchen\n\t\t\t<\/a>\n\t<\/h3>\n\t<p>Im Laufe der Jahre und mit einem <strong>verbesserten Know-how<\/strong> nach der \u00dcbernahme des Unternehmens CO.T.IMP.I haben wir&#8230;<\/p>\n\t<a href=\"https:\/\/gimeco.com\/de\/rohre-und-schlaeuche-feuerverzinkung\/\" target=\"_self\" role=\"button\">\n\t\t\t\t\t<b>Mehr <\/b>erfahren \n\t<\/a>\n<h3>\n\t\t\t<a href=\"https:\/\/gimeco.com\/de\/tauchschleuderverzinkung\/\" title=\"Automatische Schleuderverzinkung\" target=\"_self\">\n\tAutomatische Schleuderverzinkung\n\t\t\t<\/a>\n\t<\/h3>\n\t<p>Automatische Schleuderverzinkungslinien f\u00fcr Metallbauteile sind darauf spezialisiert, <strong>kleine Teile und Komponenten zu behandeln<\/strong>&#8230;<\/p>\n\t<a href=\"https:\/\/gimeco.com\/de\/tauchschleuderverzinkung\/\" target=\"_self\" role=\"button\">\n\t\t\t\t\t<b>Mehr <\/b>erfahren \n\t<\/a>\n<h3>\n\t\t\t<a href=\"https:\/\/gimeco.com\/de\/mover\/\" title=\"MOVER\u2122&lt;br&gt;Intelligentes Handhabung\" target=\"_self\">\n\tMOVER\u2122<br \/>Intelligentes Handhabung\n\t\t\t<\/a>\n\t<\/h3>\n\t<p>In vielen <strong>Fertigungsindustrien<\/strong>, insbesondere in der Feuerverzinkung, die das Haupt&#8230;<\/p>\n\t<a href=\"https:\/\/gimeco.com\/de\/mover\/\" target=\"_self\" role=\"button\">\n\t\t\t\t\t<b>Mehr <\/b>erfahren \n\t<\/a>\n<h3>\n\t\t\t<a href=\"https:\/\/gimeco.com\/de\/neutralisation-regeneration\/\" title=\"Neutralisation und Regeneration\" target=\"_self\">\n\tNeutralisation und Regeneration\n\t\t\t<\/a>\n\t<\/h3>\n\t<p>S\u00e4ureregeneration, Flussmittelregeneration und S\u00e4ureneutralisationsysteme stellen die logische Erg\u00e4nzung einer Feuerverzinkungsanlage dar&#8230;<\/p>\n\t<a href=\"https:\/\/gimeco.com\/de\/neutralisation-regeneration\/\" target=\"_self\" role=\"button\">\n\t\t\t\t\t<b>Mehr <\/b>erfahren \n\t<\/a>\n<h3>\n\t\t\t<a href=\"https:\/\/gimeco.com\/de\/software\/\" title=\"Software\" target=\"_self\">\n\tSoftware\n\t\t\t<\/a>\n\t<\/h3>\n\t<p>GIMECO bietet selbstentwickelte und <strong>anpassbare Softwarel\u00f6sungen<\/strong> f\u00fcr die Feuerverzinkungsindustrie an&#8230;<\/p>\n\t<a href=\"https:\/\/gimeco.com\/de\/software\/\" target=\"_self\" role=\"button\">\n\t\t\t\t\t<b>Mehr <\/b>erfahren \n\t<\/a>\n\n<\/div><!-- .vgblk-rw-wrapper -->","protected":false},"excerpt":{"rendered":"<p>Das Kerngesch\u00e4ft von GIMECO seit seiner Gr\u00fcndung ist die Konzeption und Inbetriebnahme schl\u00fcsselfertiger kompletter Feuerverzinkungslinien, einschlie\u00dflich Systemen und Maschinen, Nebenausr\u00fcstungen und digitalen L\u00f6sungen f\u00fcr jeden Verarbeitungsschritt. Unsere L\u00f6sungen umfassen Standardkonfigurationen mit thermischen Einheiten (Ofen-Trockner) und chemischen Prozessen (Entfettung, Beizen, Flussmittel), ebenso wie komplexere Setups, die Handhabung und Logistik sowie Hebeautomatisierung integrieren. Eine industrielle Anlage von&#8230;<\/p>\n","protected":false},"author":1,"featured_media":0,"parent":0,"menu_order":0,"comment_status":"closed","ping_status":"closed","template":"","meta":{"inline_featured_image":false,"footnotes":""},"class_list":["post-22098","page","type-page","status-publish","hentry"],"yoast_head":"<!-- This site is optimized with the Yoast SEO plugin v26.4 - https:\/\/yoast.com\/wordpress\/plugins\/seo\/ -->\n<title>Technologien f\u00fcr die Feuerverzinkung | GIMECO Impianti<\/title>\n<meta name=\"description\" content=\"Das Kerngesch\u00e4ft von GIMECO ist die Planung und Inbetriebnahme kompletter Feuerverzinkungslinien einschlie\u00dflich Anlagen und Maschinen\" \/>\n<meta name=\"robots\" content=\"index, follow, max-snippet:-1, max-image-preview:large, max-video-preview:-1\" \/>\n<link rel=\"canonical\" href=\"https:\/\/gimeco.com\/de\/technologien\/\" \/>\n<meta property=\"og:locale\" content=\"de_DE\" \/>\n<meta property=\"og:type\" content=\"article\" \/>\n<meta property=\"og:title\" content=\"Technologien f\u00fcr die Feuerverzinkung | GIMECO Impianti\" \/>\n<meta property=\"og:description\" content=\"Das Kerngesch\u00e4ft von GIMECO ist die Planung und Inbetriebnahme kompletter Feuerverzinkungslinien einschlie\u00dflich Anlagen und Maschinen\" \/>\n<meta property=\"og:url\" content=\"https:\/\/gimeco.com\/de\/technologien\/\" \/>\n<meta property=\"og:site_name\" content=\"GIMECO Impianti\" \/>\n<meta property=\"article:publisher\" content=\"https:\/\/www.facebook.com\/gimecogroup\" \/>\n<meta property=\"article:modified_time\" content=\"2026-03-13T09:15:51+00:00\" \/>\n<meta property=\"og:image\" content=\"https:\/\/gimeco.com\/wp-content\/uploads\/2023\/11\/Logo_GIMECO_StringNoPayoff-250.png\" \/>\n\t<meta property=\"og:image:width\" content=\"250\" \/>\n\t<meta property=\"og:image:height\" content=\"98\" \/>\n\t<meta property=\"og:image:type\" content=\"image\/png\" \/>\n<script type=\"application\/ld+json\" class=\"yoast-schema-graph\">{\"@context\":\"https:\/\/schema.org\",\"@graph\":[{\"@type\":\"WebPage\",\"@id\":\"https:\/\/gimeco.com\/de\/technologien\/\",\"url\":\"https:\/\/gimeco.com\/de\/technologien\/\",\"name\":\"Technologien f\u00fcr die Feuerverzinkung | GIMECO Impianti\",\"isPartOf\":{\"@id\":\"https:\/\/gimeco.com\/#website\"},\"datePublished\":\"2024-05-17T09:10:06+00:00\",\"dateModified\":\"2026-03-13T09:15:51+00:00\",\"description\":\"Das Kerngesch\u00e4ft von GIMECO ist die Planung und Inbetriebnahme kompletter Feuerverzinkungslinien einschlie\u00dflich Anlagen und Maschinen\",\"breadcrumb\":{\"@id\":\"https:\/\/gimeco.com\/de\/technologien\/#breadcrumb\"},\"inLanguage\":\"de\",\"potentialAction\":[{\"@type\":\"ReadAction\",\"target\":[\"https:\/\/gimeco.com\/de\/technologien\/\"]}]},{\"@type\":\"BreadcrumbList\",\"@id\":\"https:\/\/gimeco.com\/de\/technologien\/#breadcrumb\",\"itemListElement\":[{\"@type\":\"ListItem\",\"position\":1,\"name\":\"Home\",\"item\":\"https:\/\/gimeco.com\/de\/\"},{\"@type\":\"ListItem\",\"position\":2,\"name\":\"Technologien\"}]},{\"@type\":\"WebSite\",\"@id\":\"https:\/\/gimeco.com\/#website\",\"url\":\"https:\/\/gimeco.com\/\",\"name\":\"gimeco.com\",\"description\":\"Your Partner from A to Zink\",\"publisher\":{\"@id\":\"https:\/\/gimeco.com\/#organization\"},\"alternateName\":\"Gimeco\",\"potentialAction\":[{\"@type\":\"SearchAction\",\"target\":{\"@type\":\"EntryPoint\",\"urlTemplate\":\"https:\/\/gimeco.com\/?s={search_term_string}\"},\"query-input\":{\"@type\":\"PropertyValueSpecification\",\"valueRequired\":true,\"valueName\":\"search_term_string\"}}],\"inLanguage\":\"de\"},{\"@type\":\"Organization\",\"@id\":\"https:\/\/gimeco.com\/#organization\",\"name\":\"Gimeco\",\"url\":\"https:\/\/gimeco.com\/\",\"logo\":{\"@type\":\"ImageObject\",\"inLanguage\":\"de\",\"@id\":\"https:\/\/gimeco.com\/#\/schema\/logo\/image\/\",\"url\":\"https:\/\/gimeco.com\/wp-content\/uploads\/2023\/11\/Logo_GIMECO_StringNoPayoff-250.png\",\"contentUrl\":\"https:\/\/gimeco.com\/wp-content\/uploads\/2023\/11\/Logo_GIMECO_StringNoPayoff-250.png\",\"width\":250,\"height\":98,\"caption\":\"Gimeco\"},\"image\":{\"@id\":\"https:\/\/gimeco.com\/#\/schema\/logo\/image\/\"},\"sameAs\":[\"https:\/\/www.facebook.com\/gimecogroup\"]}]}<\/script>\n<!-- \/ Yoast SEO plugin. -->","yoast_head_json":{"title":"Technologien f\u00fcr die Feuerverzinkung | GIMECO Impianti","description":"Das Kerngesch\u00e4ft von GIMECO ist die Planung und Inbetriebnahme kompletter Feuerverzinkungslinien einschlie\u00dflich Anlagen und Maschinen","robots":{"index":"index","follow":"follow","max-snippet":"max-snippet:-1","max-image-preview":"max-image-preview:large","max-video-preview":"max-video-preview:-1"},"canonical":"https:\/\/gimeco.com\/de\/technologien\/","og_locale":"de_DE","og_type":"article","og_title":"Technologien f\u00fcr die Feuerverzinkung | GIMECO Impianti","og_description":"Das Kerngesch\u00e4ft von GIMECO ist die Planung und Inbetriebnahme kompletter Feuerverzinkungslinien einschlie\u00dflich Anlagen und Maschinen","og_url":"https:\/\/gimeco.com\/de\/technologien\/","og_site_name":"GIMECO Impianti","article_publisher":"https:\/\/www.facebook.com\/gimecogroup","article_modified_time":"2026-03-13T09:15:51+00:00","og_image":[{"width":250,"height":98,"url":"https:\/\/gimeco.com\/wp-content\/uploads\/2023\/11\/Logo_GIMECO_StringNoPayoff-250.png","type":"image\/png"}],"schema":{"@context":"https:\/\/schema.org","@graph":[{"@type":"WebPage","@id":"https:\/\/gimeco.com\/de\/technologien\/","url":"https:\/\/gimeco.com\/de\/technologien\/","name":"Technologien f\u00fcr die Feuerverzinkung | GIMECO Impianti","isPartOf":{"@id":"https:\/\/gimeco.com\/#website"},"datePublished":"2024-05-17T09:10:06+00:00","dateModified":"2026-03-13T09:15:51+00:00","description":"Das Kerngesch\u00e4ft von GIMECO ist die Planung und Inbetriebnahme kompletter Feuerverzinkungslinien einschlie\u00dflich Anlagen und Maschinen","breadcrumb":{"@id":"https:\/\/gimeco.com\/de\/technologien\/#breadcrumb"},"inLanguage":"de","potentialAction":[{"@type":"ReadAction","target":["https:\/\/gimeco.com\/de\/technologien\/"]}]},{"@type":"BreadcrumbList","@id":"https:\/\/gimeco.com\/de\/technologien\/#breadcrumb","itemListElement":[{"@type":"ListItem","position":1,"name":"Home","item":"https:\/\/gimeco.com\/de\/"},{"@type":"ListItem","position":2,"name":"Technologien"}]},{"@type":"WebSite","@id":"https:\/\/gimeco.com\/#website","url":"https:\/\/gimeco.com\/","name":"gimeco.com","description":"Your Partner from A to Zink","publisher":{"@id":"https:\/\/gimeco.com\/#organization"},"alternateName":"Gimeco","potentialAction":[{"@type":"SearchAction","target":{"@type":"EntryPoint","urlTemplate":"https:\/\/gimeco.com\/?s={search_term_string}"},"query-input":{"@type":"PropertyValueSpecification","valueRequired":true,"valueName":"search_term_string"}}],"inLanguage":"de"},{"@type":"Organization","@id":"https:\/\/gimeco.com\/#organization","name":"Gimeco","url":"https:\/\/gimeco.com\/","logo":{"@type":"ImageObject","inLanguage":"de","@id":"https:\/\/gimeco.com\/#\/schema\/logo\/image\/","url":"https:\/\/gimeco.com\/wp-content\/uploads\/2023\/11\/Logo_GIMECO_StringNoPayoff-250.png","contentUrl":"https:\/\/gimeco.com\/wp-content\/uploads\/2023\/11\/Logo_GIMECO_StringNoPayoff-250.png","width":250,"height":98,"caption":"Gimeco"},"image":{"@id":"https:\/\/gimeco.com\/#\/schema\/logo\/image\/"},"sameAs":["https:\/\/www.facebook.com\/gimecogroup"]}]}},"_links":{"self":[{"href":"https:\/\/gimeco.com\/de\/wp-json\/wp\/v2\/pages\/22098","targetHints":{"allow":["GET"]}}],"collection":[{"href":"https:\/\/gimeco.com\/de\/wp-json\/wp\/v2\/pages"}],"about":[{"href":"https:\/\/gimeco.com\/de\/wp-json\/wp\/v2\/types\/page"}],"author":[{"embeddable":true,"href":"https:\/\/gimeco.com\/de\/wp-json\/wp\/v2\/users\/1"}],"replies":[{"embeddable":true,"href":"https:\/\/gimeco.com\/de\/wp-json\/wp\/v2\/comments?post=22098"}],"version-history":[{"count":16,"href":"https:\/\/gimeco.com\/de\/wp-json\/wp\/v2\/pages\/22098\/revisions"}],"predecessor-version":[{"id":25829,"href":"https:\/\/gimeco.com\/de\/wp-json\/wp\/v2\/pages\/22098\/revisions\/25829"}],"wp:attachment":[{"href":"https:\/\/gimeco.com\/de\/wp-json\/wp\/v2\/media?parent=22098"}],"curies":[{"name":"wp","href":"https:\/\/api.w.org\/{rel}","templated":true}]}}