{"id":20489,"date":"2023-06-30T12:54:58","date_gmt":"2023-06-30T12:54:58","guid":{"rendered":"https:\/\/gimeco.com\/home\/"},"modified":"2025-12-23T14:44:59","modified_gmt":"2025-12-23T14:44:59","slug":"home","status":"publish","type":"page","link":"https:\/\/gimeco.com\/es\/","title":{"rendered":"Home"},"content":{"rendered":"<div class=\"vgblk-rw-wrapper limit-wrapper\">\n<h2>\n\tPlantas de galvanizado en caliente <br \/>y conocimiento del proceso<br \/><b>de la A al Zinc<\/b>\n\t<\/h2>\n\t<a href=\"https:\/\/gimeco.com\/es\/#3\" target=\"_self\" role=\"button\">\n\t\t\t\t\tEncuentre su soluci\u00f3n\n\t<\/a>\n<h5>\n\tQUI\u00c9NES SOMOS\n\t<\/h5>\n<h2>\n\tTan resistente <b>como el zinc<\/b>\n\t<\/h2>\n\t<p>Nacimos en <strong>1976<\/strong> en Mil\u00e1n, en el norte de <strong>Italia<\/strong>, y crecimos haciendo lo que mejor sabemos hacer: <strong>dise\u00f1ar e instalar equipos y plantas<\/strong> para la galvanizaci\u00f3n en caliente y ofrecer una <strong>gama de servicios<\/strong> dedicados.<\/p>\n<p>Nuestro instinto natural para la <strong>innovaci\u00f3n<\/strong> y el an\u00e1lisis en profundidad siempre nos ha guiado, y nuestras elecciones a veces pioneras han ayudado a mejorar la forma de \u00abser galvanizador\u00bb en Italia y en el mundo, incluso estableciendo nuevos est\u00e1ndares.<\/p>\n<p>Con el paso de los a\u00f1os, hemos adquirido un <strong>conocimiento global<\/strong>, implementando cientos de l\u00edneas completas en todo el mundo y tejiendo una red de socios para estrechar relaciones y acortar las distancias entre los galvanizadores y nosotros.<\/p>\n\t<a href=\"https:\/\/gimeco.com\/es\/empresa\/\" target=\"_self\" role=\"button\">\n\t\t\t\t\tSobre nosotros\n\t<\/a>\n\t<strong>PERSONAS<\/strong><br \/>\nDE GIMECO\n\t\t\t70\n\t<strong>CLIENTES<\/strong><br \/>\nACTIVOS\n\t\t\t308\n\t<strong>FACTURACI\u00d3N<br \/>\n<\/strong>EXTRANJERA\n\t\t\t82%\n\t<strong>PA\u00cdSES<br \/>\n<\/strong>ATENDIDOS\n\t\t\t49\n\t<strong>INSTALACIONES<\/strong><br \/>\n COMPLETAS DE HDG\n\t\t\t151\n\t<strong>ASOCIACIONES<\/strong><br \/>\n DE GALVANIZ.RES\n\t\t\t13\n<h5>\n\tNUESTRAS TECNOLOG\u00cdAS\n\t<\/h5>\n<h2>\n\t<b>Si necesita <\/b><br \/>una planta\n\t<\/h2>\n\t<p><strong>Soluciones llave en mano<\/strong> para galvanizaci\u00f3n en caliente, que abarcan equipos individuales, sistemas y <strong>lineas completas<\/strong>.<\/p>\n\t<a href=\"https:\/\/gimeco.com\/es\/tecnologias\/\" target=\"_self\" role=\"button\">\n\t\t\t\t\tTecnolog\u00edas\n\t<\/a>\n<h5>\n\tNUESTROS SERVICIOS\n\t<\/h5>\n<h2>\n\t<b>Si tiene <\/b><br \/>una planta\n\t<\/h2>\n\t<p><strong>Servicios t\u00e9cnicos<\/strong> de valor agregado para mantener los niveles de productividad de su planta siempre lo m\u00e1s altos posibles.<\/p>\n\t<a href=\"https:\/\/gimeco.com\/es\/servicios\/\" target=\"_self\" role=\"button\">\n\t\t\t\t\tServicios\n\t<\/a>\n<h2>\n\tS\u00e9 el futuro,<br \/><b>s\u00e9 sostenible<\/b>\n\t<\/h2>\n\t<a href=\"https:\/\/gimeco.com\/es\/sostenibilidad\/\" target=\"_self\" role=\"button\">\n\t\t\t\t\tDescubre m\u00e1s\n\t<\/a>\n<h2>\n\t<b>Noticias<\/b> de la A a la Zinc\n\t<\/h2>\n<h2>\n\t<b>Alguien<\/b> que nos eligi\u00f3\n\t<\/h2>\n\t<div class='white' style='background:rgba(0,0,0,0); border:solid 0px rgba(0,0,0,0); border-radius:0px; padding:0px 0px 0px 0px;'>\n<div id='slider_21334' class='owl-carousel sa_owl_theme owl-pagination-true autohide-arrows' data-slider-id='slider_21334' style='visibility:hidden;'>\n<div id='slider_21334_slide01' class='sa_hover_container' style='padding:5% 5%; margin:0px 0%; background-image:url(&quot;https:\/\/gimeco.com\/wp-content\/uploads\/2025\/08\/bordj-steel-logo-BLU-08.2025.png&quot;); background-position:center center; background-size:contain; background-repeat:no-repeat; '><div class='sa_hover_buttons' style='top:50%; left:50%; margin-top:-20px; margin-left:-20px;'><a class='sa_slide_link_icon' href='https:\/\/www.bordjsteel.dz\/' target='_blank' title='' aria-label=''><\/a><\/div>\n<\/div>\n<div id='slider_21334_slide02' class='sa_hover_container' style='padding:5% 5%; margin:0px 0%; background-image:url(&quot;https:\/\/gimeco.com\/wp-content\/uploads\/2018\/01\/dsi.png&quot;); background-position:center center; background-size:contain; background-repeat:no-repeat; '><div class='sa_hover_buttons' style='top:50%; left:50%; margin-top:-20px; margin-left:-20px;'><a class='sa_slide_link_icon' href='https:\/\/www.dsiunderground.com.au\/' target='_blank' title='' aria-label=''><\/a><\/div>\n<\/div>\n<div id='slider_21334_slide03' class='sa_hover_container' style='padding:5% 5%; margin:0px 0%; background-image:url(&quot;https:\/\/gimeco.com\/wp-content\/uploads\/2018\/01\/metal.png&quot;); background-position:left top; background-size:contain; background-repeat:no-repeat; '><div class='sa_hover_buttons' style='top:50%; left:50%; margin-top:-20px; margin-left:-20px;'><a class='sa_slide_link_icon' href='https:\/\/www.metaltech.pl\/en\/' target='_blank' title='' aria-label=''><\/a><\/div>\n<\/div>\n<div id='slider_21334_slide04' class='sa_hover_container' style='padding:5% 5%; margin:0px 0%; background-image:url(&quot;https:\/\/gimeco.com\/wp-content\/uploads\/2018\/01\/thielco.png&quot;); background-position:center center; background-size:contain; background-repeat:no-repeat; '><div class='sa_hover_buttons' style='top:50%; left:50%; margin-top:-20px; margin-left:-20px;'><a class='sa_slide_link_icon' href='https:\/\/www.thielco.nl\/home' target='_blank' title='' aria-label=''><\/a><\/div>\n<\/div>\n<div id='slider_21334_slide05' class='sa_hover_container' style='padding:5% 5%; margin:0px 0%; background-image:url(&quot;https:\/\/gimeco.com\/wp-content\/uploads\/2018\/01\/vm.png&quot;); background-position:center center; background-size:contain; background-repeat:no-repeat; '><div class='sa_hover_buttons' style='top:50%; left:50%; margin-top:-20px; margin-left:-20px;'><a class='sa_slide_link_icon' href='https:\/\/centrumvoorverduurzamen.nl\/verzinkerij-meerveldhoven\/' target='_blank' title='' aria-label=''><\/a><\/div>\n<\/div>\n<div id='slider_21334_slide06' class='sa_hover_container' style='padding:5% 5%; margin:0px 0%; background-image:url(&quot;https:\/\/gimeco.com\/wp-content\/uploads\/2018\/01\/cordivari.png&quot;); background-position:center center; background-size:contain; background-repeat:no-repeat; '><div class='sa_hover_buttons' style='top:50%; left:50%; margin-top:-20px; margin-left:-20px;'><a class='sa_slide_link_icon' href='https:\/\/www.cordivari.it\/' target='_blank' title='' aria-label=''><\/a><\/div>\n<\/div>\n<div id='slider_21334_slide07' class='sa_hover_container' style='padding:5% 5%; margin:0px 0%; background-image:url(&quot;https:\/\/gimeco.com\/wp-content\/uploads\/2018\/01\/zincol.png&quot;); background-position:left top; background-size:contain; background-repeat:no-repeat; '><div class='sa_hover_buttons' style='top:50%; left:50%; margin-top:-20px; margin-left:-20px;'><a class='sa_slide_link_icon' href='https:\/\/www.zincolitalia.it\/' target='_blank' title='' aria-label=''><\/a><\/div>\n<\/div>\n<div id='slider_21334_slide08' class='sa_hover_container' style='padding:5% 5%; margin:0px 0%; background-image:url(&quot;https:\/\/gimeco.com\/wp-content\/uploads\/2018\/01\/maksim.png&quot;); background-position:center center; background-size:contain; background-repeat:no-repeat; '><div class='sa_hover_buttons' style='top:50%; left:50%; margin-top:-20px; margin-left:-20px;'><a class='sa_slide_link_icon' href='http:\/\/www.maksim.si\/en\/home\/' target='_blank' title='' aria-label=''><\/a><\/div>\n<\/div>\n<div id='slider_21334_slide09' class='sa_hover_container' style='padding:5% 5%; margin:0px 0%; background-image:url(&quot;https:\/\/gimeco.com\/wp-content\/uploads\/2018\/01\/nucor.png&quot;); background-position:center center; background-size:contain; background-repeat:no-repeat; '><div class='sa_hover_buttons' style='top:50%; left:50%; margin-top:-20px; margin-left:-20px;'><a class='sa_slide_link_icon' href='https:\/\/nucor.com\/' target='_blank' title='' aria-label=''><\/a><\/div>\n<\/div>\n<div id='slider_21334_slide10' class='sa_hover_container' style='padding:5% 5%; margin:0px 0%; background-image:url(&quot;https:\/\/gimeco.com\/wp-content\/uploads\/2018\/01\/saferod.png&quot;); background-position:center center; background-size:contain; background-repeat:no-repeat; '><div class='sa_hover_buttons' style='top:50%; left:50%; margin-top:-20px; margin-left:-20px;'><a class='sa_slide_link_icon' href='https:\/\/www.saferoad.com\/' target='_blank' title='' aria-label=''><\/a><\/div>\n<\/div>\n<div id='slider_21334_slide11' class='sa_hover_container' style='padding:5% 5%; margin:0px 0%; background-image:url(&quot;https:\/\/gimeco.com\/wp-content\/uploads\/2024\/05\/Logo-Meiser-Aximum-2024-BLU.png&quot;); background-position:center center; background-size:contain; background-repeat:no-repeat; '><div class='sa_hover_buttons' style='top:50%; left:50%; margin-top:-20px; margin-left:-20px;'><a class='sa_slide_link_icon' href='https:\/\/www.meiser-group.com\/en\/' target='_blank' title='' aria-label=''><\/a><\/div>\n<\/div>\n<div id='slider_21334_slide12' class='sa_hover_container' style='padding:5% 5%; margin:0px 0%; background-image:url(&quot;https:\/\/gimeco.com\/wp-content\/uploads\/2024\/06\/gm-zincatura-LOGO-1.png&quot;); background-position:center center; background-size:contain; background-repeat:no-repeat; '><div class='sa_hover_buttons' style='top:50%; left:50%; margin-top:-20px; margin-left:-20px;'><a class='sa_slide_link_icon' href='https:\/\/www.gmzincatura.it\/' target='_blank' title='' aria-label=''><\/a><\/div>\n<\/div>\n<div id='slider_21334_slide13' class='sa_hover_container' style='padding:5% 5%; margin:0px 0%; background-image:url(&quot;https:\/\/gimeco.com\/wp-content\/uploads\/2024\/07\/Logo-Collini-2024-BLU.png&quot;); background-position:center center; background-size:contain; background-repeat:no-repeat; '><div class='sa_hover_buttons' style='top:50%; left:50%; margin-top:-20px; margin-left:-20px;'><a class='sa_slide_link_icon' href='https:\/\/www.collini.eu\/en\/' target='_blank' title='' aria-label=''><\/a><\/div>\n<\/div>\n<\/div>\n<\/div>\n<script type='text\/javascript'>\n\tjQuery(document).ready(function() {\n\t\tjQuery('#slider_21334').owlCarousel({\n\t\t\tresponsive:{\n\t\t\t\t0:{ items:2 },\n\t\t\t\t480:{ items:2 },\n\t\t\t\t768:{ items:3 },\n\t\t\t\t980:{ items:5 },\n\t\t\t\t1200:{ items:5 },\n\t\t\t\t1500:{ items:5 }\n\t\t\t},\n\t\t\tautoplay : true,\n\t\t\tautoplayTimeout : 5000,\n\t\t\tautoplayHoverPause : true,\n\t\t\tsmartSpeed : 200,\n\t\t\tfluidSpeed : 200,\n\t\t\tautoplaySpeed : 200,\n\t\t\tnavSpeed : 200,\n\t\t\tdotsSpeed : 200,\n\t\t\tloop : true,\n\t\t\tnav : true,\n\t\t\tnavText : ['Previous','Next'],\n\t\t\tdots : true,\n\t\t\tresponsiveRefreshRate : 200,\n\t\t\tslideBy : 1,\n\t\t\tmergeFit : true,\n\t\t\tautoHeight : false,\n\t\t\tmouseDrag : false,\n\t\t\ttouchDrag : true\n\t\t});\n\t\tjQuery('#slider_21334').css('visibility', 'visible');\n\t\tsa_resize_slider_21334();\n\t\twindow.addEventListener('resize', sa_resize_slider_21334);\n\t\tfunction sa_resize_slider_21334() {\n\t\t\tvar min_height = '50';\n\t\t\tvar win_width = jQuery(window).width();\n\t\t\tvar slider_width = jQuery('#slider_21334').width();\n\t\t\tif (win_width < 480) {\n\t\t\t\tvar slide_width = slider_width \/ 2;\n\t\t\t} else if (win_width < 768) {\n\t\t\t\tvar slide_width = slider_width \/ 2;\n\t\t\t} else if (win_width < 980) {\n\t\t\t\tvar slide_width = slider_width \/ 3;\n\t\t\t} else if (win_width < 1200) {\n\t\t\t\tvar slide_width = slider_width \/ 5;\n\t\t\t} else if (win_width < 1500) {\n\t\t\t\tvar slide_width = slider_width \/ 5;\n\t\t\t} else {\n\t\t\t\tvar slide_width = slider_width \/ 5;\n\t\t\t}\n\t\t\tslide_width = Math.round(slide_width);\n\t\t\tvar slide_height = '0';\n\t\t\tif (min_height == 'aspect43') {\n\t\t\t\tslide_height = (slide_width \/ 4) * 3;\t\t\t\tslide_height = Math.round(slide_height);\n\t\t\t} else if (min_height == 'aspect169') {\n\t\t\t\tslide_height = (slide_width \/ 16) * 9;\t\t\t\tslide_height = Math.round(slide_height);\n\t\t\t} else {\n\t\t\t\tslide_height = (slide_width \/ 100) * min_height;\t\t\t\tslide_height = Math.round(slide_height);\n\t\t\t}\n\t\t\tjQuery('#slider_21334 .owl-item .sa_hover_container').css('min-height', slide_height+'px');\n\t\t}\n\t\tvar owl_goto = jQuery('#slider_21334');\n\t\tjQuery('.slider_21334_goto1').click(function(event){\n\t\t\towl_goto.trigger('to.owl.carousel', 0);\n\t\t});\n\t\tjQuery('.slider_21334_goto2').click(function(event){\n\t\t\towl_goto.trigger('to.owl.carousel', 1);\n\t\t});\n\t\tjQuery('.slider_21334_goto3').click(function(event){\n\t\t\towl_goto.trigger('to.owl.carousel', 2);\n\t\t});\n\t\tjQuery('.slider_21334_goto4').click(function(event){\n\t\t\towl_goto.trigger('to.owl.carousel', 3);\n\t\t});\n\t\tjQuery('.slider_21334_goto5').click(function(event){\n\t\t\towl_goto.trigger('to.owl.carousel', 4);\n\t\t});\n\t\tjQuery('.slider_21334_goto6').click(function(event){\n\t\t\towl_goto.trigger('to.owl.carousel', 5);\n\t\t});\n\t\tjQuery('.slider_21334_goto7').click(function(event){\n\t\t\towl_goto.trigger('to.owl.carousel', 6);\n\t\t});\n\t\tjQuery('.slider_21334_goto8').click(function(event){\n\t\t\towl_goto.trigger('to.owl.carousel', 7);\n\t\t});\n\t\tjQuery('.slider_21334_goto9').click(function(event){\n\t\t\towl_goto.trigger('to.owl.carousel', 8);\n\t\t});\n\t\tjQuery('.slider_21334_goto10').click(function(event){\n\t\t\towl_goto.trigger('to.owl.carousel', 9);\n\t\t});\n\t\tjQuery('.slider_21334_goto11').click(function(event){\n\t\t\towl_goto.trigger('to.owl.carousel', 10);\n\t\t});\n\t\tjQuery('.slider_21334_goto12').click(function(event){\n\t\t\towl_goto.trigger('to.owl.carousel', 11);\n\t\t});\n\t\tjQuery('.slider_21334_goto13').click(function(event){\n\t\t\towl_goto.trigger('to.owl.carousel', 12);\n\t\t});\n\t\tvar resize_21334 = jQuery('.owl-carousel');\n\t\tresize_21334.on('initialized.owl.carousel', function(e) {\n\t\t\tif (typeof(Event) === 'function') {\n\t\t\t\twindow.dispatchEvent(new Event('resize'));\n\t\t\t} else {\n\t\t\t\tvar evt = window.document.createEvent('UIEvents');\n\t\t\t\tevt.initUIEvent('resize', true, false, window, 0);\n\t\t\t\twindow.dispatchEvent(evt);\n\t\t\t}\n\t\t});\n\t});\n<\/script>\n\n\n<\/div><!-- .vgblk-rw-wrapper -->","protected":false},"excerpt":{"rendered":"<p>Plantas de galvanizado en caliente y conocimiento del procesode la A al Zinc Encuentre su soluci\u00f3n QUI\u00c9NES SOMOS Tan resistente como el zinc Nacimos en 1976 en Mil\u00e1n, en el norte de Italia, y crecimos haciendo lo que mejor sabemos hacer: dise\u00f1ar e instalar equipos y plantas para la galvanizaci\u00f3n en caliente y ofrecer una&#8230;<\/p>\n","protected":false},"author":1,"featured_media":0,"parent":0,"menu_order":0,"comment_status":"closed","ping_status":"closed","template":"","meta":{"inline_featured_image":false,"footnotes":""},"class_list":["post-20489","page","type-page","status-publish","hentry"],"yoast_head":"<!-- This site is optimized with the Yoast SEO plugin v26.4 - https:\/\/yoast.com\/wordpress\/plugins\/seo\/ -->\n<title>Galvanizaci\u00f3n en caliente: su socio de la A al Zinc | GIMECO Impianti<\/title>\n<meta name=\"description\" content=\"Plantas completas, equipos, sistemas, software, servicios y conocimientos del proceso de galvanizado en caliente.\" \/>\n<meta name=\"robots\" content=\"index, follow, max-snippet:-1, max-image-preview:large, max-video-preview:-1\" \/>\n<link rel=\"canonical\" href=\"https:\/\/gimeco.com\/es\/\" \/>\n<meta property=\"og:locale\" content=\"es_ES\" \/>\n<meta property=\"og:type\" content=\"article\" \/>\n<meta property=\"og:title\" content=\"Galvanizaci\u00f3n en caliente: su socio de la A al Zinc | GIMECO Impianti\" \/>\n<meta property=\"og:description\" content=\"Plantas completas, equipos, sistemas, software, servicios y conocimientos del proceso de galvanizado en caliente.\" \/>\n<meta property=\"og:url\" content=\"https:\/\/gimeco.com\/es\/\" \/>\n<meta property=\"og:site_name\" content=\"GIMECO Impianti\" \/>\n<meta property=\"article:publisher\" content=\"https:\/\/www.facebook.com\/gimecogroup\" \/>\n<meta property=\"article:modified_time\" content=\"2025-12-23T14:44:59+00:00\" \/>\n<meta property=\"og:image\" content=\"https:\/\/gimeco.com\/wp-content\/uploads\/2023\/11\/Logo_GIMECO_StringNoPayoff-250.png\" \/>\n\t<meta property=\"og:image:width\" content=\"250\" \/>\n\t<meta property=\"og:image:height\" content=\"98\" \/>\n\t<meta property=\"og:image:type\" content=\"image\/png\" \/>\n<script type=\"application\/ld+json\" class=\"yoast-schema-graph\">{\"@context\":\"https:\/\/schema.org\",\"@graph\":[{\"@type\":\"WebPage\",\"@id\":\"https:\/\/gimeco.com\/es\/\",\"url\":\"https:\/\/gimeco.com\/es\/\",\"name\":\"Galvanizaci\u00f3n en caliente: su socio de la A al Zinc | GIMECO Impianti\",\"isPartOf\":{\"@id\":\"https:\/\/gimeco.com\/#website\"},\"datePublished\":\"2023-06-30T12:54:58+00:00\",\"dateModified\":\"2025-12-23T14:44:59+00:00\",\"description\":\"Plantas completas, equipos, sistemas, software, servicios y conocimientos del proceso de galvanizado en caliente.\",\"breadcrumb\":{\"@id\":\"https:\/\/gimeco.com\/es\/#breadcrumb\"},\"inLanguage\":\"es\",\"potentialAction\":[{\"@type\":\"ReadAction\",\"target\":[\"https:\/\/gimeco.com\/es\/\"]}]},{\"@type\":\"BreadcrumbList\",\"@id\":\"https:\/\/gimeco.com\/es\/#breadcrumb\",\"itemListElement\":[{\"@type\":\"ListItem\",\"position\":1,\"name\":\"Home\",\"item\":\"https:\/\/gimeco.com\/es\/\"},{\"@type\":\"ListItem\",\"position\":2,\"name\":\"Home\"}]},{\"@type\":\"WebSite\",\"@id\":\"https:\/\/gimeco.com\/#website\",\"url\":\"https:\/\/gimeco.com\/\",\"name\":\"gimeco.com\",\"description\":\"Your Partner from A to Zink\",\"publisher\":{\"@id\":\"https:\/\/gimeco.com\/#organization\"},\"alternateName\":\"Gimeco\",\"potentialAction\":[{\"@type\":\"SearchAction\",\"target\":{\"@type\":\"EntryPoint\",\"urlTemplate\":\"https:\/\/gimeco.com\/?s={search_term_string}\"},\"query-input\":{\"@type\":\"PropertyValueSpecification\",\"valueRequired\":true,\"valueName\":\"search_term_string\"}}],\"inLanguage\":\"es\"},{\"@type\":\"Organization\",\"@id\":\"https:\/\/gimeco.com\/#organization\",\"name\":\"Gimeco\",\"url\":\"https:\/\/gimeco.com\/\",\"logo\":{\"@type\":\"ImageObject\",\"inLanguage\":\"es\",\"@id\":\"https:\/\/gimeco.com\/#\/schema\/logo\/image\/\",\"url\":\"https:\/\/gimeco.com\/wp-content\/uploads\/2023\/11\/Logo_GIMECO_StringNoPayoff-250.png\",\"contentUrl\":\"https:\/\/gimeco.com\/wp-content\/uploads\/2023\/11\/Logo_GIMECO_StringNoPayoff-250.png\",\"width\":250,\"height\":98,\"caption\":\"Gimeco\"},\"image\":{\"@id\":\"https:\/\/gimeco.com\/#\/schema\/logo\/image\/\"},\"sameAs\":[\"https:\/\/www.facebook.com\/gimecogroup\"]}]}<\/script>\n<!-- \/ Yoast SEO plugin. -->","yoast_head_json":{"title":"Galvanizaci\u00f3n en caliente: su socio de la A al Zinc | GIMECO Impianti","description":"Plantas completas, equipos, sistemas, software, servicios y conocimientos del proceso de galvanizado en caliente.","robots":{"index":"index","follow":"follow","max-snippet":"max-snippet:-1","max-image-preview":"max-image-preview:large","max-video-preview":"max-video-preview:-1"},"canonical":"https:\/\/gimeco.com\/es\/","og_locale":"es_ES","og_type":"article","og_title":"Galvanizaci\u00f3n en caliente: su socio de la A al Zinc | GIMECO Impianti","og_description":"Plantas completas, equipos, sistemas, software, servicios y conocimientos del proceso de galvanizado en caliente.","og_url":"https:\/\/gimeco.com\/es\/","og_site_name":"GIMECO Impianti","article_publisher":"https:\/\/www.facebook.com\/gimecogroup","article_modified_time":"2025-12-23T14:44:59+00:00","og_image":[{"width":250,"height":98,"url":"https:\/\/gimeco.com\/wp-content\/uploads\/2023\/11\/Logo_GIMECO_StringNoPayoff-250.png","type":"image\/png"}],"schema":{"@context":"https:\/\/schema.org","@graph":[{"@type":"WebPage","@id":"https:\/\/gimeco.com\/es\/","url":"https:\/\/gimeco.com\/es\/","name":"Galvanizaci\u00f3n en caliente: su socio de la A al Zinc | GIMECO Impianti","isPartOf":{"@id":"https:\/\/gimeco.com\/#website"},"datePublished":"2023-06-30T12:54:58+00:00","dateModified":"2025-12-23T14:44:59+00:00","description":"Plantas completas, equipos, sistemas, software, servicios y conocimientos del proceso de galvanizado en caliente.","breadcrumb":{"@id":"https:\/\/gimeco.com\/es\/#breadcrumb"},"inLanguage":"es","potentialAction":[{"@type":"ReadAction","target":["https:\/\/gimeco.com\/es\/"]}]},{"@type":"BreadcrumbList","@id":"https:\/\/gimeco.com\/es\/#breadcrumb","itemListElement":[{"@type":"ListItem","position":1,"name":"Home","item":"https:\/\/gimeco.com\/es\/"},{"@type":"ListItem","position":2,"name":"Home"}]},{"@type":"WebSite","@id":"https:\/\/gimeco.com\/#website","url":"https:\/\/gimeco.com\/","name":"gimeco.com","description":"Your Partner from A to Zink","publisher":{"@id":"https:\/\/gimeco.com\/#organization"},"alternateName":"Gimeco","potentialAction":[{"@type":"SearchAction","target":{"@type":"EntryPoint","urlTemplate":"https:\/\/gimeco.com\/?s={search_term_string}"},"query-input":{"@type":"PropertyValueSpecification","valueRequired":true,"valueName":"search_term_string"}}],"inLanguage":"es"},{"@type":"Organization","@id":"https:\/\/gimeco.com\/#organization","name":"Gimeco","url":"https:\/\/gimeco.com\/","logo":{"@type":"ImageObject","inLanguage":"es","@id":"https:\/\/gimeco.com\/#\/schema\/logo\/image\/","url":"https:\/\/gimeco.com\/wp-content\/uploads\/2023\/11\/Logo_GIMECO_StringNoPayoff-250.png","contentUrl":"https:\/\/gimeco.com\/wp-content\/uploads\/2023\/11\/Logo_GIMECO_StringNoPayoff-250.png","width":250,"height":98,"caption":"Gimeco"},"image":{"@id":"https:\/\/gimeco.com\/#\/schema\/logo\/image\/"},"sameAs":["https:\/\/www.facebook.com\/gimecogroup"]}]}},"_links":{"self":[{"href":"https:\/\/gimeco.com\/es\/wp-json\/wp\/v2\/pages\/20489","targetHints":{"allow":["GET"]}}],"collection":[{"href":"https:\/\/gimeco.com\/es\/wp-json\/wp\/v2\/pages"}],"about":[{"href":"https:\/\/gimeco.com\/es\/wp-json\/wp\/v2\/types\/page"}],"author":[{"embeddable":true,"href":"https:\/\/gimeco.com\/es\/wp-json\/wp\/v2\/users\/1"}],"replies":[{"embeddable":true,"href":"https:\/\/gimeco.com\/es\/wp-json\/wp\/v2\/comments?post=20489"}],"version-history":[{"count":23,"href":"https:\/\/gimeco.com\/es\/wp-json\/wp\/v2\/pages\/20489\/revisions"}],"predecessor-version":[{"id":25789,"href":"https:\/\/gimeco.com\/es\/wp-json\/wp\/v2\/pages\/20489\/revisions\/25789"}],"wp:attachment":[{"href":"https:\/\/gimeco.com\/es\/wp-json\/wp\/v2\/media?parent=20489"}],"curies":[{"name":"wp","href":"https:\/\/api.w.org\/{rel}","templated":true}]}}