{"id":20519,"date":"2023-11-22T07:21:59","date_gmt":"2023-11-22T07:21:59","guid":{"rendered":"https:\/\/gimeco.com\/company\/"},"modified":"2025-12-23T10:49:23","modified_gmt":"2025-12-23T10:49:23","slug":"empresa","status":"publish","type":"page","link":"https:\/\/gimeco.com\/es\/empresa\/","title":{"rendered":"Empresa"},"content":{"rendered":"<div class=\"vgblk-rw-wrapper limit-wrapper\">\n<h2>\n\tTu socio, <b>de la A al Zinc<\/b>\n\t<\/h2>\n\tNacimos en <a href=\"https:\/\/es.wikipedia.org\/wiki\/Mil%C3%A1n\" target=\"_blank\" rel=\"noopener\"><strong>Mil\u00e1n<\/strong><\/a>, en el norte de <a href=\"https:\/\/es.wikipedia.org\/wiki\/Italia\" target=\"_blank\" rel=\"noopener\"><strong>Italia<\/strong><\/a>, en <strong>1976<\/strong> y hemos estado dise\u00f1ando, construyendo, instalando y renovando <a href=\"https:\/\/es.wikipedia.org\/wiki\/Galvanizado#Galvanizaci%C3%B3n_en_caliente\" target=\"_blank\" rel=\"noopener\"><strong>plantas de galvanizado en caliente<\/strong><\/a> desde entonces. Con un pasado como galvanizadores, conocemos bien las necesidades, caracter\u00edsticas espec\u00edficas y criticidades del galvanizado y, m\u00e1s en general, de los<strong> procesos metal\u00fargicos.<br \/>\n<\/strong>Fuimos la <strong>primera empresa<\/strong> en el mundo capaz de <strong>proponer una oferta completa<\/strong>, desde manipulaci\u00f3n y log\u00edstica hasta pretratamiento, productos qu\u00edmicos y sistemas de calentamiento, y desde software hasta servicios, satisfaciendo miles de requisitos. Por eso somos el \u00fanico socio de los galvanizadores y una referencia para cualquier soluci\u00f3n de galvanizado.<br \/>\nNuestro fundador, <strong>Ermes Moroni<\/strong>, siempre inspir\u00f3 y aliment\u00f3 el <strong>instinto por la innovaci\u00f3n<\/strong> y el an\u00e1lisis profundo de lo que hacemos, y nuestras elecciones a veces pioneras tambi\u00e9n han ayudado a mejorar la forma de<em> \u00abser un galvanizador\u00bb<\/em> en Italia y en el mundo.\n<p>Colaboramos con usted en <strong>cada paso<\/strong> del camino, cubriendo todas las necesidades operativas: desde consultor\u00eda hasta ingenier\u00eda, desde fabricaci\u00f3n hasta instalaci\u00f3n, puesta en marcha, asistencia t\u00e9cnica y formaci\u00f3n tecnol\u00f3gica para quienes operar\u00e1n la l\u00ednea. Adem\u00e1s de <strong>soluciones llave en mano<\/strong>, estrictamente personalizadas y de \u00faltima generaci\u00f3n, ofrecemos una amplia gama de <strong>servicios<\/strong> adicionales que tienen como objetivo garantizar el mejor rendimiento del equipo en t\u00e9rminos de productividad y gesti\u00f3n econ\u00f3mica.<\/p>\n<h2>\n\t<b>Declaraci\u00f3n <\/b>de misi\u00f3n\n\t<\/h2>\n\t<p><em>\u00abColocar nuestro logo azul en cualquier planta de galvanizado en caliente, fortaleciendo nuestra posici\u00f3n y confiabilidad en todo el mundo.\u00bb<\/em><\/p>\n\t<p><em>\u00abOfrecer las mejores soluciones integradas, innovadoras y sostenibles para el mercado de galvanizado en caliente, mejorando continuamente nuestros procesos para la satisfacci\u00f3n de los clientes.\u00bb<\/em><\/p>\n\tCompromiso con los clientes<br \/>\n\u00c9tica laboral<br \/>\nSostenibilidad y inclusi\u00f3n<br \/>\nAtreverse a innovar<br \/>\nFiabilidad<br \/>\nObsesi\u00f3n por la mejora<br \/>\nPensamiento basado en el riesgo<br \/>\nEsp\u00edritu de equipo\n<h2>\n\t<b>Hitos<\/b>\n\t<\/h2>\n\t\t\t1976-1979\n\t\t<p>\u00a0<strong>1976, Constituci\u00f3n<\/strong><br \/>Ermes Moroni establece la empresa en Bresso, una peque\u00f1a ciudad en las afueras de Mil\u00e1n, aprovechando la experiencia ya adquirida en galvanizaci\u00f3n en caliente.<strong>1979, Primer proyecto vendido<\/strong><br \/>Desde un apartamento en Bresso, cerca de Mil\u00e1n, con el apoyo de su esposa Vilma, Ermes vende la primera planta completa, cada vez m\u00e1s completa y con soluciones que revolucionaron el proceso tradicional de galvanizado en caliente.<\/p>\n\t\t\t1980-1989\n\t\t<p>\u00a0<strong>1980, Apertura del mercado internacional<\/strong><br \/>Se realiza un pedido por parte de una empresa extranjera, el primero de una larga serie para el mercado internacional. Mientras tanto, GIMECO crece tanto en t\u00e9rminos de personal como de estructura.<strong>1985, Negocios en India<\/strong><br \/>La tendencia de crecimiento positivo se confirma y expandimos nuestro negocio tambi\u00e9n en India.<strong>1989, Primer sistema de extracci\u00f3n r\u00e1pida de calderas<\/strong><br \/>Dise\u00f1amos el primer sistema de extracci\u00f3n r\u00e1pida de calderas kettle-out\u2122, una soluci\u00f3n que confirma el impulso innovador de GIMECO.<\/p>\n\t\t\t1990-1999\n\t\t<p>\u00a0<strong>1992, Un a\u00f1o crucial<\/strong><br \/>Trasladamos nuestra sede de Bresso a Trezzano Rosa, tambi\u00e9n en las afueras de Mil\u00e1n, a un edificio propio. El conocimiento y las habilidades crecen de la mano con los ingresos y el deseo de seguir experimentando: presentamos el primer sistema autom\u00e1tico de manipulaci\u00f3n de bastidores.<strong>1996, Primera l\u00ednea automatizada de galvanizado en caliente para tubos<\/strong><br \/>Otro r\u00e9cord tecnol\u00f3gico de GIMECO. Dise\u00f1amos e implementamos nuestra primera l\u00ednea automatizada de galvanizado en caliente para tubos.<strong>1997, Estructura directiva<\/strong><br \/>Una nueva generaci\u00f3n se une a la empresa: la hija de Ermes, Eleonora, aprende el oficio y apoya la organizaci\u00f3n interna, que cada vez se orienta hacia una estructura m\u00e1s s\u00f3lida y con una configuraci\u00f3n directiva.<\/p>\n\t\t\t2000-2009\n\t\t<p>\u00a0<strong>2001, A\u00fan m\u00e1s innovaci\u00f3n<\/strong><br \/>Logramos dos importantes avances tecnol\u00f3gicos con la construcci\u00f3n de una planta de galvanizado en suspensi\u00f3n y el dise\u00f1o del primer sistema automatizado de transporte a\u00e9reo de manipulaci\u00f3n.<strong>2004, Productos qu\u00edmicos<\/strong><br \/>Para ofrecer un servicio cada vez m\u00e1s completo y tener un control real sobre la calidad y la seguridad, implementamos el servicio de suministro de productos qu\u00edmicos para el proceso.<strong>2005, Una expansi\u00f3n adicional<\/strong><br \/>GIMECO se expande a\u00fan m\u00e1s. Adquirimos el edificio contiguo al nuestro y reorganizamos los departamentos para mejorar la eficiencia y operatividad.<strong>2008, Convertirse en un grupo<\/strong><br \/>La idea de convertirse en un grupo avanza en GIMECO. De hecho, comenzamos el a\u00f1o con la adquisici\u00f3n de CO.T.IMP.I., una empresa que dise\u00f1a plantas automatizadas de galvanizado en caliente para tubos. Mientras tanto, se prueba y se pone en marcha el sistema de regeneraci\u00f3n de \u00e1cido.<strong>2009, Innovaci\u00f3n en tecnolog\u00eda de hornos<\/strong><br \/>Nuestra capacidad para innovar contin\u00faa y se confirma con dos nuevas soluciones avanzadas: dise\u00f1amos el primer horno dual-chamber\u2122 de alta velocidad y se pone en funcionamiento el primer horno el\u00e9ctrico de alta eficiencia.<\/p>\n\t\t\t2010-2019\n\t\t<p>\u00a0<strong>2013, Hornos de estacionamento<\/strong><br \/>GIMECO consolida su estructura de servicio para galvanizadores con el suministro de recipientes de retenci\u00f3n de zinc l\u00edquido transportables.<strong>2014, La expansi\u00f3n del Grupo<\/strong><br \/>Fortalecemos nuestro grupo con las adquisiciones clave de ZINCO Service, una empresa especializada en Brescia, Italia, que patent\u00f3 un m\u00e9todo avanzado y preciso de diagn\u00f3stico de calderas (KID\u2122, presentado en INTERGALVA 2006), su empresa hermana canadiense Zinco Technologies y Recyclean Systems, una empresa sueca que desarrolla soluciones qu\u00edmicas y equipos para el procesamiento industrial.<strong>2015, Nuevas soluciones de software<\/strong><br \/>Para completar el paquete para la gesti\u00f3n eficiente de plantas de galvanizado en caliente, lanzamos dos suites de software propietarias dise\u00f1adas internamente: HerMES\u2122, que proporciona el control completo de la planta y la trazabilidad de los productos, y Zephyr\u2122, un software de gesti\u00f3n del consumo de energ\u00eda.<strong>2016, Introducci\u00f3n de la rob\u00f3tica<\/strong><br \/>Dise\u00f1amos la primera planta de galvanizado en caliente automatizada y asistida por robots. Un esfuerzo notable que mejora a\u00fan m\u00e1s nuestras habilidades tecnol\u00f3gicas y de resoluci\u00f3n de problemas.<br \/>La sede en Trezzano Rosa se expande con un nuevo edificio moderno y funcional exclusivamente dedicado a oficinas.<strong>2017, Primer secador a infrarrojo<\/strong><br \/>GIMECO vuelve a destacar e introduce el primer secador infrarrojo: la innovaci\u00f3n siempre impulsa a la empresa.<strong>2019, GIMECO USA<\/strong><br \/>Este es el momento de la creaci\u00f3n de GIMECO USA, inaugurada en Spartanburg, Carolina del Sur, para impulsar las actividades de ventas, servicios y soporte m\u00e1s cerca de los clientes estadounidenses.<\/p>\n\t\t\t2020-Hoy\n\t\t<p>\u00a0<strong>2021, 45 &#8216;velas&#8217;<\/strong><br \/>GIMECO llega a un aniversario importante, apagando 45 velas.<br \/>En el mismo a\u00f1o, la actitud natural hacia la calidad se pone en pr\u00e1ctica y GIMECO recibe la certificaci\u00f3n del sistema estandarizado de gesti\u00f3n de calidad ISO 9001:2015.<strong>2022, Primer dispositivo de manipulaci\u00f3n dedicado a galvanizadores<\/strong><br \/>Durante INTERGALVA 2022 en Roma, se presenta MOVER\u2122, un dispositivo de manipulaci\u00f3n inteligente dedicado a galvanizadores, as\u00ed como la suite de Asistencia Remota Inteligente, un sistema de asistencia remota y gesti\u00f3n de tickets para mejorar nuestro soporte a los clientes.<strong>2024, Plantas verticales de alta densidad<\/strong><br \/>Una vez m\u00e1s, GIMECO confirma su actitud hacia soluciones de vanguardia al dise\u00f1ar y poner en marcha las llamadas plantas de galvanizado en caliente verticales. El principio fundamental del dise\u00f1o es el aumento dr\u00e1stico de la densidad de perfiles de acero sumergidos por tiempo con un impulso al ciclo de producci\u00f3n.<strong>2026, Medio siglo de soluciones para el galvanizado en caliente<br \/><\/strong>Cincuenta a\u00f1os de historia, un lazo que desaf\u00eda al tiempo. Nuestra visi\u00f3n permanece s\u00f3lida y en constante evoluci\u00f3n. Un hito que marca nuestro compromiso con la innovaci\u00f3n. Somos tan resistentes como el zinc.<\/p>\n<h2>\n\tPresencia<b> global<\/b> \n\t<\/h2>\n\t<p>Durante d\u00e9cadas, junto con la sede de la empresa en Italia, se ha desarrollado un grupo a nivel mundial con sucursales locales, empresas hermanas y equipos remotos que aseguran una <strong>presencia extendida<\/strong> en diferentes continentes.<\/p>\n\t\t\t\t\t\t\t<img loading=\"lazy\" decoding=\"async\" src=\"https:\/\/gimeco.com\/wp-content\/uploads\/2024\/01\/mappa-global-presence-sito-3.png\" alt=\"mappa-global-presence-sito\" itemprop=\"image\" height=\"1466\" width=\"2700\" title=\"mappa-global-presence-sito\" onerror=\"this.style.display='none'\"  sizes=\"auto, (max-width: 768px) 100vw, 100vw\" srcset=\"https:\/\/gimeco.com\/wp-content\/uploads\/2024\/01\/mappa-global-presence-sito-3.png 2700w, https:\/\/gimeco.com\/wp-content\/uploads\/2024\/01\/mappa-global-presence-sito-3-300x163.png 300w, https:\/\/gimeco.com\/wp-content\/uploads\/2024\/01\/mappa-global-presence-sito-3-1024x556.png 1024w, https:\/\/gimeco.com\/wp-content\/uploads\/2024\/01\/mappa-global-presence-sito-3-768x417.png 768w, https:\/\/gimeco.com\/wp-content\/uploads\/2024\/01\/mappa-global-presence-sito-3-1536x834.png 1536w, https:\/\/gimeco.com\/wp-content\/uploads\/2024\/01\/mappa-global-presence-sito-3-2048x1112.png 2048w, https:\/\/gimeco.com\/wp-content\/uploads\/2024\/01\/mappa-global-presence-sito-3-1260x684.png 1260w, https:\/\/gimeco.com\/wp-content\/uploads\/2024\/01\/mappa-global-presence-sito-3-630x342.png 630w, https:\/\/gimeco.com\/wp-content\/uploads\/2024\/01\/mappa-global-presence-sito-3-420x228.png 420w, https:\/\/gimeco.com\/wp-content\/uploads\/2024\/01\/mappa-global-presence-sito-3-840x456.png 840w, https:\/\/gimeco.com\/wp-content\/uploads\/2024\/01\/mappa-global-presence-sito-3-315x171.png 315w\" \/>\t\t\t\t\t\t\t\n<h2>\n\t<b>Asociaciones<\/b>\n\t<\/h2>\n\t<ul>\n<li><a href=\"https:\/\/www.aiz.it\/wp1\/\" target=\"_blank\" rel=\"noopener\">ASSOCIAZIONE ITALIANA ZINCATURA (AIZ)<\/a><\/li>\n<li><a href=\"https:\/\/www.ateg.es\/\" target=\"_blank\" rel=\"noopener\">ASOCIACI\u00d3N T\u00c9CNICA ESPA\u00d1OLA DE GALVANIZACI\u00d3N (ATEG)<\/a><\/li>\n<li><a href=\"https:\/\/www.galvazinc.com\/\" target=\"_blank\" rel=\"noopener\">GALVAZINC<\/a><\/li>\n<li><a href=\"https:\/\/www.feuerverzinken.com\/\" target=\"_blank\" rel=\"noopener\">INDUSTRIEVERBAND FEUERVERZINKEN<\/a><\/li>\n<li><a href=\"https:\/\/www.zinkinfobenelux.com\/\">ZINKINFO BENELUX<\/a><\/li>\n<li><a href=\"https:\/\/galvanizing.org.uk\/\" target=\"_blank\" rel=\"noopener\">GALVANIZERS ASSOCIATION (GA)<\/a><\/li>\n<li><a href=\"http:\/\/www.acsz.cz\/\" target=\"_blank\" rel=\"noopener\">ASSOCIATION OF CZECH AND SLOVAK GALVANIZERS (ACSG)<\/a><\/li>\n<li><a href=\"https:\/\/www.galvanizingeurope.org\/\" target=\"_blank\" rel=\"noopener\">EUROPEAN GENERAL GALVANIZERS ASSOCIATION (EGGA)<\/a><\/li>\n<li><a href=\"https:\/\/galvanizeit.org\/\" target=\"_blank\" rel=\"noopener\">AMERICAN GALVANIZERS ASSOCIATION (AGA)<\/a><\/li>\n<li>JAPAN GALVANIZERS ASSOCIATION (JGA)<\/li>\n<li><a href=\"https:\/\/www.hdgasa.org.za\/\" target=\"_blank\" rel=\"noopener\">HOT-DIP GALVANIZERS ASSOCIATION OF SOUTH AFRICA (HDGASA)<\/a><\/li>\n<li><a href=\"https:\/\/www.ilzda.com\/\" target=\"_blank\" rel=\"noopener\">INDIA LEAD ZINC DEVELOPMENT ASSOCIATION (ILZDA)<\/a><\/li>\n<li><a href=\"https:\/\/zdc.ru\/\" target=\"_blank\" rel=\"noopener\">ZINC DEVELOPMENT CENTER (ZDC)<\/a><\/li>\n<\/ul>\n<h3>\n\t<strong>\u00bfPorqu\u00e9<\/strong> galvanizado en caliente?\n\t<\/h3>\n\t<p>El galvanizado en caliente es el proceso fundamental para <strong>proteger las superficies<\/strong> de artefactos met\u00e1licos, especialmente aquellos de acero. Surgi\u00f3 a partir de la intuici\u00f3n del qu\u00edmico franc\u00e9s Melouin en <strong>1740<\/strong> y experimentos posteriores durante el siglo XIX, incluida la primera patente de Sorel en 1837.<\/p>\n<p>El galvanizado en caliente implica la <strong>inmersi\u00f3n completa<\/strong> de un material met\u00e1lico adecuadamente preparado en un ba\u00f1o de <strong>zinc fundido<\/strong>, lo que resulta en una modificaci\u00f3n de la composici\u00f3n superficial a trav\u00e9s de la <strong>formaci\u00f3n de una aleaci\u00f3n<\/strong> entre el hierro en el artefacto y el zinc. En este caso, dado que el zinc tiene una electronegatividad m\u00e1s alta que el hierro, act\u00faa como un <strong>\u00e1nodo sacrificado<\/strong> en caso de corrosi\u00f3n electrol\u00edtica, formando un compuesto de \u00f3xidos y carbonatos que proporcionan una <strong>protecci\u00f3n segura y duradera<\/strong> para el acero.<\/p>\n<p>Por lo tanto, al ser un <strong>proceso genuinamente metal\u00fargico<\/strong>, el galvanizado en caliente destaca y <strong>prevalece<\/strong> sobre cualquier otro tratamiento de superficie como revestimientos o pinturas cuando se trata de garantizar la protecci\u00f3n de los artefactos.<\/p>\n\t<ul>\n<li>Construcci\u00f3n y arquitectura<br \/>\nVigas, columnas, barandillas, l\u00e1minas para techos y rejillas, puentes, barras de refuerzo<\/li>\n<li>Industria energ\u00e9tica y de telecomunicaciones<br \/>\nTorres e\u00f3licas, estructuras de soporte para paneles solares, torres de celos\u00eda, torres de comunicaci\u00f3n, antenas<\/li>\n<li>Industria ferroviaria<br \/>\nRieles, estructuras para se\u00f1alizaci\u00f3n ferroviaria<\/li>\n<li>Industria automotriz<\/li>\n<li>Construcci\u00f3n naval<\/li>\n<li>Industria agr\u00edcola<br \/>\nEquipos agr\u00edcolas, invernaderos, cercas<\/li>\n<li>Industria el\u00e9ctrica y electr\u00f3nica<\/li>\n<li>Industria petroqu\u00edmica<br \/>\nTanques, tuber\u00edas, estructuras de plantas<\/li>\n<li>Equipamiento urbano y vial<br \/>\nPostes de iluminaci\u00f3n, barandas, cercas, barandillas, estructuras de se\u00f1alizaci\u00f3n<\/li>\n<li>Hardware de montaje<br \/>\nTornillos, arandelas, tornillos<\/li>\n<li>Tuber\u00edas y tubos<\/li>\n<li>Metalurgia en general<\/li>\n<\/ul>\n\n<\/div><!-- .vgblk-rw-wrapper -->","protected":false},"excerpt":{"rendered":"<p>Tu socio, de la A al Zinc Nacimos en Mil\u00e1n, en el norte de Italia, en 1976 y hemos estado dise\u00f1ando, construyendo, instalando y renovando plantas de galvanizado en caliente desde entonces. Con un pasado como galvanizadores, conocemos bien las necesidades, caracter\u00edsticas espec\u00edficas y criticidades del galvanizado y, m\u00e1s en general, de los procesos metal\u00fargicos&#8230;.<\/p>\n","protected":false},"author":1,"featured_media":0,"parent":0,"menu_order":0,"comment_status":"closed","ping_status":"closed","template":"","meta":{"inline_featured_image":false,"footnotes":""},"class_list":["post-20519","page","type-page","status-publish","hentry"],"yoast_head":"<!-- This site is optimized with the Yoast SEO plugin v26.4 - https:\/\/yoast.com\/wordpress\/plugins\/seo\/ -->\n<title>Your partner, from A to Zinc | GIMECO Impianti<\/title>\n<meta name=\"description\" content=\"We have been designing, building, installing and renovating hot dip galvanizing plants since 1976 and, having a past as galvanizers...\" \/>\n<meta name=\"robots\" content=\"index, follow, max-snippet:-1, max-image-preview:large, max-video-preview:-1\" \/>\n<link rel=\"canonical\" href=\"https:\/\/gimeco.com\/es\/empresa\/\" \/>\n<meta property=\"og:locale\" content=\"es_ES\" \/>\n<meta property=\"og:type\" content=\"article\" \/>\n<meta property=\"og:title\" content=\"Your partner, from A to Zinc | GIMECO Impianti\" \/>\n<meta property=\"og:description\" content=\"We have been designing, building, installing and renovating hot dip galvanizing plants since 1976 and, having a past as galvanizers...\" \/>\n<meta property=\"og:url\" content=\"https:\/\/gimeco.com\/es\/empresa\/\" \/>\n<meta property=\"og:site_name\" content=\"GIMECO Impianti\" \/>\n<meta property=\"article:publisher\" content=\"https:\/\/www.facebook.com\/gimecogroup\" \/>\n<meta property=\"article:modified_time\" content=\"2025-12-23T10:49:23+00:00\" \/>\n<meta property=\"og:image\" content=\"https:\/\/gimeco.com\/wp-content\/uploads\/2024\/01\/mappa-global-presence-sito-3.png\" \/>\n<script type=\"application\/ld+json\" class=\"yoast-schema-graph\">{\"@context\":\"https:\/\/schema.org\",\"@graph\":[{\"@type\":\"WebPage\",\"@id\":\"https:\/\/gimeco.com\/es\/empresa\/\",\"url\":\"https:\/\/gimeco.com\/es\/empresa\/\",\"name\":\"Your partner, from A to Zinc | GIMECO Impianti\",\"isPartOf\":{\"@id\":\"https:\/\/gimeco.com\/#website\"},\"primaryImageOfPage\":{\"@id\":\"https:\/\/gimeco.com\/es\/empresa\/#primaryimage\"},\"image\":{\"@id\":\"https:\/\/gimeco.com\/es\/empresa\/#primaryimage\"},\"thumbnailUrl\":\"https:\/\/gimeco.com\/wp-content\/uploads\/2024\/01\/mappa-global-presence-sito-3.png\",\"datePublished\":\"2023-11-22T07:21:59+00:00\",\"dateModified\":\"2025-12-23T10:49:23+00:00\",\"description\":\"We have been designing, building, installing and renovating hot dip galvanizing plants since 1976 and, having a past as galvanizers...\",\"breadcrumb\":{\"@id\":\"https:\/\/gimeco.com\/es\/empresa\/#breadcrumb\"},\"inLanguage\":\"es\",\"potentialAction\":[{\"@type\":\"ReadAction\",\"target\":[\"https:\/\/gimeco.com\/es\/empresa\/\"]}]},{\"@type\":\"ImageObject\",\"inLanguage\":\"es\",\"@id\":\"https:\/\/gimeco.com\/es\/empresa\/#primaryimage\",\"url\":\"https:\/\/gimeco.com\/wp-content\/uploads\/2024\/01\/mappa-global-presence-sito-3.png\",\"contentUrl\":\"https:\/\/gimeco.com\/wp-content\/uploads\/2024\/01\/mappa-global-presence-sito-3.png\"},{\"@type\":\"BreadcrumbList\",\"@id\":\"https:\/\/gimeco.com\/es\/empresa\/#breadcrumb\",\"itemListElement\":[{\"@type\":\"ListItem\",\"position\":1,\"name\":\"Home\",\"item\":\"https:\/\/gimeco.com\/es\/\"},{\"@type\":\"ListItem\",\"position\":2,\"name\":\"Empresa\"}]},{\"@type\":\"WebSite\",\"@id\":\"https:\/\/gimeco.com\/#website\",\"url\":\"https:\/\/gimeco.com\/\",\"name\":\"gimeco.com\",\"description\":\"Your Partner from A to Zink\",\"publisher\":{\"@id\":\"https:\/\/gimeco.com\/#organization\"},\"alternateName\":\"Gimeco\",\"potentialAction\":[{\"@type\":\"SearchAction\",\"target\":{\"@type\":\"EntryPoint\",\"urlTemplate\":\"https:\/\/gimeco.com\/?s={search_term_string}\"},\"query-input\":{\"@type\":\"PropertyValueSpecification\",\"valueRequired\":true,\"valueName\":\"search_term_string\"}}],\"inLanguage\":\"es\"},{\"@type\":\"Organization\",\"@id\":\"https:\/\/gimeco.com\/#organization\",\"name\":\"Gimeco\",\"url\":\"https:\/\/gimeco.com\/\",\"logo\":{\"@type\":\"ImageObject\",\"inLanguage\":\"es\",\"@id\":\"https:\/\/gimeco.com\/#\/schema\/logo\/image\/\",\"url\":\"https:\/\/gimeco.com\/wp-content\/uploads\/2023\/11\/Logo_GIMECO_StringNoPayoff-250.png\",\"contentUrl\":\"https:\/\/gimeco.com\/wp-content\/uploads\/2023\/11\/Logo_GIMECO_StringNoPayoff-250.png\",\"width\":250,\"height\":98,\"caption\":\"Gimeco\"},\"image\":{\"@id\":\"https:\/\/gimeco.com\/#\/schema\/logo\/image\/\"},\"sameAs\":[\"https:\/\/www.facebook.com\/gimecogroup\"]}]}<\/script>\n<!-- \/ Yoast SEO plugin. -->","yoast_head_json":{"title":"Your partner, from A to Zinc | GIMECO Impianti","description":"We have been designing, building, installing and renovating hot dip galvanizing plants since 1976 and, having a past as galvanizers...","robots":{"index":"index","follow":"follow","max-snippet":"max-snippet:-1","max-image-preview":"max-image-preview:large","max-video-preview":"max-video-preview:-1"},"canonical":"https:\/\/gimeco.com\/es\/empresa\/","og_locale":"es_ES","og_type":"article","og_title":"Your partner, from A to Zinc | GIMECO Impianti","og_description":"We have been designing, building, installing and renovating hot dip galvanizing plants since 1976 and, having a past as galvanizers...","og_url":"https:\/\/gimeco.com\/es\/empresa\/","og_site_name":"GIMECO Impianti","article_publisher":"https:\/\/www.facebook.com\/gimecogroup","article_modified_time":"2025-12-23T10:49:23+00:00","og_image":[{"url":"https:\/\/gimeco.com\/wp-content\/uploads\/2024\/01\/mappa-global-presence-sito-3.png","type":"","width":"","height":""}],"schema":{"@context":"https:\/\/schema.org","@graph":[{"@type":"WebPage","@id":"https:\/\/gimeco.com\/es\/empresa\/","url":"https:\/\/gimeco.com\/es\/empresa\/","name":"Your partner, from A to Zinc | GIMECO Impianti","isPartOf":{"@id":"https:\/\/gimeco.com\/#website"},"primaryImageOfPage":{"@id":"https:\/\/gimeco.com\/es\/empresa\/#primaryimage"},"image":{"@id":"https:\/\/gimeco.com\/es\/empresa\/#primaryimage"},"thumbnailUrl":"https:\/\/gimeco.com\/wp-content\/uploads\/2024\/01\/mappa-global-presence-sito-3.png","datePublished":"2023-11-22T07:21:59+00:00","dateModified":"2025-12-23T10:49:23+00:00","description":"We have been designing, building, installing and renovating hot dip galvanizing plants since 1976 and, having a past as galvanizers...","breadcrumb":{"@id":"https:\/\/gimeco.com\/es\/empresa\/#breadcrumb"},"inLanguage":"es","potentialAction":[{"@type":"ReadAction","target":["https:\/\/gimeco.com\/es\/empresa\/"]}]},{"@type":"ImageObject","inLanguage":"es","@id":"https:\/\/gimeco.com\/es\/empresa\/#primaryimage","url":"https:\/\/gimeco.com\/wp-content\/uploads\/2024\/01\/mappa-global-presence-sito-3.png","contentUrl":"https:\/\/gimeco.com\/wp-content\/uploads\/2024\/01\/mappa-global-presence-sito-3.png"},{"@type":"BreadcrumbList","@id":"https:\/\/gimeco.com\/es\/empresa\/#breadcrumb","itemListElement":[{"@type":"ListItem","position":1,"name":"Home","item":"https:\/\/gimeco.com\/es\/"},{"@type":"ListItem","position":2,"name":"Empresa"}]},{"@type":"WebSite","@id":"https:\/\/gimeco.com\/#website","url":"https:\/\/gimeco.com\/","name":"gimeco.com","description":"Your Partner from A to Zink","publisher":{"@id":"https:\/\/gimeco.com\/#organization"},"alternateName":"Gimeco","potentialAction":[{"@type":"SearchAction","target":{"@type":"EntryPoint","urlTemplate":"https:\/\/gimeco.com\/?s={search_term_string}"},"query-input":{"@type":"PropertyValueSpecification","valueRequired":true,"valueName":"search_term_string"}}],"inLanguage":"es"},{"@type":"Organization","@id":"https:\/\/gimeco.com\/#organization","name":"Gimeco","url":"https:\/\/gimeco.com\/","logo":{"@type":"ImageObject","inLanguage":"es","@id":"https:\/\/gimeco.com\/#\/schema\/logo\/image\/","url":"https:\/\/gimeco.com\/wp-content\/uploads\/2023\/11\/Logo_GIMECO_StringNoPayoff-250.png","contentUrl":"https:\/\/gimeco.com\/wp-content\/uploads\/2023\/11\/Logo_GIMECO_StringNoPayoff-250.png","width":250,"height":98,"caption":"Gimeco"},"image":{"@id":"https:\/\/gimeco.com\/#\/schema\/logo\/image\/"},"sameAs":["https:\/\/www.facebook.com\/gimecogroup"]}]}},"_links":{"self":[{"href":"https:\/\/gimeco.com\/es\/wp-json\/wp\/v2\/pages\/20519","targetHints":{"allow":["GET"]}}],"collection":[{"href":"https:\/\/gimeco.com\/es\/wp-json\/wp\/v2\/pages"}],"about":[{"href":"https:\/\/gimeco.com\/es\/wp-json\/wp\/v2\/types\/page"}],"author":[{"embeddable":true,"href":"https:\/\/gimeco.com\/es\/wp-json\/wp\/v2\/users\/1"}],"replies":[{"embeddable":true,"href":"https:\/\/gimeco.com\/es\/wp-json\/wp\/v2\/comments?post=20519"}],"version-history":[{"count":19,"href":"https:\/\/gimeco.com\/es\/wp-json\/wp\/v2\/pages\/20519\/revisions"}],"predecessor-version":[{"id":25776,"href":"https:\/\/gimeco.com\/es\/wp-json\/wp\/v2\/pages\/20519\/revisions\/25776"}],"wp:attachment":[{"href":"https:\/\/gimeco.com\/es\/wp-json\/wp\/v2\/media?parent=20519"}],"curies":[{"name":"wp","href":"https:\/\/api.w.org\/{rel}","templated":true}]}}