{"id":20571,"date":"2017-07-31T13:05:22","date_gmt":"2017-07-31T13:05:22","guid":{"rendered":"https:\/\/gimeco.com\/sustainability\/"},"modified":"2025-08-28T14:04:27","modified_gmt":"2025-08-28T14:04:27","slug":"sostenibilidad","status":"publish","type":"page","link":"https:\/\/gimeco.com\/es\/sostenibilidad\/","title":{"rendered":"Sostenibilidad"},"content":{"rendered":"<div class=\"vgblk-rw-wrapper limit-wrapper\">\n\n\tLa <a href=\"https:\/\/es.wikipedia.org\/wiki\/Sostenibilidad\" target=\"_blank\" rel=\"noopener\">sostenibilidad<\/a> es un enfoque hol\u00edstico para satisfacer las necesidades del <strong>presente sin comprometer la capacidad<\/strong> de las futuras generaciones para satisfacer sus propias necesidades. El t\u00e9rmino \u00abdesarrollo sostenible\u00bb fue introducido por primera vez en el <a href=\"https:\/\/sustainabledevelopment.un.org\/content\/documents\/5987our-common-future.pdf\" target=\"_blank\" rel=\"noopener\">Informe Brundtland<\/a> de <strong>1987<\/strong>, y la primera vez que se mencion\u00f3 el concepto de sostenibilidad intergeneracional se remonta a la constituci\u00f3n pastoral <a href=\"https:\/\/www.vatican.va\/archive\/hist_councils\/ii_vatican_council\/documents\/vat-ii_const_19651207_gaudium-et-spes_en.html\" target=\"_blank\" rel=\"noopener\">Gaudium et Spes<\/a> de 1965.<br \/>\nEste principio se basa en el desarrollo sostenible, un enfoque interconectado que implica tres pilares principales: el medio ambiente, la econom\u00eda y la sociedad.\n\t\t\t\t\t\t\t<img loading=\"lazy\" decoding=\"async\" src=\"https:\/\/gimeco.com\/wp-content\/uploads\/2023\/11\/venn-diagram-sustainable-development-630x630.webp\" alt=\"venn-diagram-sustainable-development\" itemprop=\"image\" height=\"630\" width=\"630\" title=\"venn-diagram-sustainable-development\" onerror=\"this.style.display='none'\"  sizes=\"auto, (max-width: 768px) 100vw, 100vw\" srcset=\"https:\/\/gimeco.com\/wp-content\/uploads\/2023\/11\/venn-diagram-sustainable-development-630x630.webp 630w, https:\/\/gimeco.com\/wp-content\/uploads\/2023\/11\/venn-diagram-sustainable-development-300x300.webp 300w, https:\/\/gimeco.com\/wp-content\/uploads\/2023\/11\/venn-diagram-sustainable-development-150x150.webp 150w, https:\/\/gimeco.com\/wp-content\/uploads\/2023\/11\/venn-diagram-sustainable-development-768x768.webp 768w, https:\/\/gimeco.com\/wp-content\/uploads\/2023\/11\/venn-diagram-sustainable-development-420x420.webp 420w, https:\/\/gimeco.com\/wp-content\/uploads\/2023\/11\/venn-diagram-sustainable-development-315x315.webp 315w, https:\/\/gimeco.com\/wp-content\/uploads\/2023\/11\/venn-diagram-sustainable-development-100x100.webp 100w, https:\/\/gimeco.com\/wp-content\/uploads\/2023\/11\/venn-diagram-sustainable-development.webp 800w\" \/>\t\t\t\t\t\t\t\n\tSostenibilidad ambiental<br \/>\nSe enfoca en reducir el impacto de las actividades humanas en el mundo natural. Incluye esfuerzos para conservar recursos, reducir la contaminaci\u00f3n, proteger los ecosistemas y mitigar el cambio clim\u00e1tico.\nSostenibilidad econ\u00f3mica<br \/>\nHace hincapi\u00e9 en el uso responsable de los recursos para apoyar el bienestar econ\u00f3mico actual y futuro. Involucra pr\u00e1cticas como el consumo responsable, el comercio justo y las inversiones en energ\u00eda renovable y tecnolog\u00eda.\nSostenibilidad social<br \/>\nSe centra en garantizar que las sociedades sean inclusivas, equitativas y justas. Aborda problemas como la pobreza, la desigualdad social, el acceso a la educaci\u00f3n y la atenci\u00f3n m\u00e9dica, y el bienestar general y la calidad de vida de todos los miembros de una comunidad.\n\tLa sostenibilidad en su totalidad busca <strong>equilibrar estos tres elementos<\/strong> para crear una forma de vida armoniosa y perdurable. A menudo implica tomar decisiones que promuevan el bienestar a largo plazo, minimicen los impactos ambientales negativos y garanticen la equidad social. Diversas estrategias e iniciativas, tanto a nivel individual como colectivo, tienen como objetivo lograr la sostenibilidad en \u00e1reas como el estilo de vida personal, la energ\u00eda, la agricultura, la industria, la planificaci\u00f3n urbana y la <strong>gesti\u00f3n de recursos.<br \/>\n<\/strong>A pesar de la creciente popularidad del t\u00e9rmino <em>\u00absostenibilidad\u00bb,<\/em> alcanzar los objetivos <strong>sigue siendo incierto<\/strong> debido a la degradaci\u00f3n ambiental, el cambio clim\u00e1tico, el consumo excesivo, el crecimiento demogr\u00e1fico y el crecimiento econ\u00f3mico ilimitado en un sistema cerrado.\n<h2>\n\t<strong>La sostenibilidad <\/strong>en la galvanizaci\u00f3n en caliente\n\t<\/h2>\n\t<p>La galvanizaci\u00f3n, el proceso de protecci\u00f3n contra la corrosi\u00f3n en el cual la superficie de acero se alea con zinc generando una capa fuerte que previene la oxidaci\u00f3n del acero, est\u00e1 <strong>naturalmente comprometida con la sostenibilidad<\/strong> y responde a necesidades arquitect\u00f3nicas, de ingenier\u00eda, construcci\u00f3n y salvaguarda en muchos campos.<\/p>\n<p>Al unir dos materias primas naturales como el acero y el zinc, se origina algo <strong>casi eterno<\/strong> que contribuye a la <strong>econom\u00eda circular<\/strong>.<\/p>\n<p>&nbsp;<\/p>\n\t<p><strong>La sostenibilidad del acero galvanizado se puede resumir en:<\/strong><\/p>\n<ul>\n<li>Uso de recursos naturales<\/li>\n<li>No o m\u00ednima contaminaci\u00f3n h\u00eddrica<\/li>\n<li>Bajo impacto ambiental gracias a la protecci\u00f3n duradera del acero<\/li>\n<li>Inversiones iniciales moderadas con alto retorno<\/li>\n<li>Reciclabilidad<\/li>\n<\/ul>\n\t<p>La poblaci\u00f3n mundial se enfrenta a los <strong>peligrosos efectos<\/strong> del calentamiento global, junto con riesgos relacionados, escasez de recursos y mano de obra especializada, as\u00ed como flujos de efectivo reducidos: todos estos elementos representan <strong>grandes amenazas<\/strong> para la sociedad y la econom\u00eda global, tanto ahora como en el futuro.<\/p>\n<p>Siendo el acero galvanizado ya sostenible por s\u00ed mismo, se requiere que todos los recursos no est\u00e9n en el contenido del producto o en encontrar nuevos usos previstos, sino m\u00e1s bien en <strong>optimizar el proceso y especialmente el equipamiento<\/strong> de las plantas de galvanizado.<\/p>\n\t<p><strong>Las nuevas unidades de fabricaci\u00f3n, as\u00ed como las existentes, deben tomar decisiones estrat\u00e9gicas para:<\/strong><\/p>\n<ul>\n<li>Asegurar la producci\u00f3n a largo plazo<\/li>\n<li>Hacer que la producci\u00f3n tenga el menor impacto posible en el medio ambiente<\/li>\n<li>Reducir el estr\u00e9s sobre los recursos, mejorando la viabilidad<\/li>\n<li>Mejorar la tolerancia del entorno laboral<\/li>\n<li>Ayudar a reducir los peligros clim\u00e1ticos<em> (o al menos su amplitud)<\/em><\/li>\n<\/ul>\n<h5>\n\tLA NUESTRA PROPUESTA\n\t<\/h5>\n<h3>\n\t<b>Lograr la sostenibilidad <\/b>seg\u00fan GIMECO\n\t<\/h3>\n\t<p>Nos hemos mantenido a la vanguardia de la innovaci\u00f3n en galvanizaci\u00f3n en caliente, <strong>anticipando y abordando<\/strong> las crecientes demandas en consumo de energ\u00eda, descarbonizaci\u00f3n, eficiencia de recursos, incluido el compromiso con la econom\u00eda circular y la tolerancia del trabajo humano. Nuestro <strong>enfoque proactivo<\/strong> realmente ejemplifica una dedicaci\u00f3n a la sostenibilidad.<\/p>\n\t<p><strong>\u00bfCu\u00e1l es la receta para la sostenibilidad que promovemos con nuestras soluciones?<\/strong><\/p>\n<ul>\n<li>Sistemas de calentamiento optimizados, incluso mediante su conversi\u00f3n a fuentes de energ\u00eda m\u00e1s ecol\u00f3gicas.<\/li>\n<li>Consumo de energ\u00eda racionalizado mediante sinergias digitales y dise\u00f1os de sistemas modernizados.<\/li>\n<li>Confinamiento y filtrado de vapores y humos peligrosos.<\/li>\n<li>Reducci\u00f3n dr\u00e1stica de las emisiones de CO<sub>2<\/sub> y otros contaminantes.<\/li>\n<li>Servicios que promueven la extensi\u00f3n de la vida \u00fatil del equipo, lo que conduce a ahorros en gastos de capital.<\/li>\n<li>Mejora de la tolerancia del trabajo humano mediante el apoyo de soluciones ergon\u00f3micas y de automatizaci\u00f3n.<\/li>\n<li>Ambiente de trabajo m\u00e1s seguro y limpio.<\/li>\n<\/ul>\n\t<ul>\n<li><a href=\"https:\/\/gimeco.com\/es\/hornos\/#4\">Hornos el\u00e9ctricos<\/a><\/li>\n<li><a href=\"https:\/\/gimeco.com\/es\/hornos\/#3\">Hornos h\u00edbridos dual-chamber\u2122<\/a><\/li>\n<li><a href=\"https:\/\/gimeco.com\/es\/hornos\/#1\">Hornos dual-chamber\u2122\u00a0de alta velocidad<\/a><\/li>\n<li>Sistemas de calefacci\u00f3n de hidr\u00f3geno<\/li>\n<li><a href=\"https:\/\/gimeco.com\/es\/crisoles-y-equipo-auxiliar\/#1\">Equipos auxiliares para recuperaci\u00f3n de calor<\/a><\/li>\n<\/ul>\n\t<ul>\n<li><a href=\"https:\/\/gimeco.com\/es\/software\/#2\">Productivity Pack\u2122<\/a><\/li>\n<li><a href=\"https:\/\/gimeco.com\/es\/software\/#3\">Suite herMES\u2122<\/a><\/li>\n<li><a href=\"https:\/\/gimeco.com\/es\/software\/#4\">Gesti\u00f3n inteligente del horno<\/a><\/li>\n<li><a href=\"https:\/\/gimeco.com\/es\/software\/#5\">Gesti\u00f3n de recursos iknow\u2122<\/a><\/li>\n<\/ul>\n\t<ul>\n<li><a href=\"https:\/\/gimeco.com\/es\/manipulacion-automatizacion\/#2\">Sistemas altamente automatizados<\/a><\/li>\n<li><a href=\"https:\/\/gimeco.com\/es\/mover\/\">Manipulaci\u00f3n inteligente MOVER\u2122<\/a><\/li>\n<li><a href=\"https:\/\/gimeco.com\/es\/pretratamiento-postprocesamiento\/#2\">Estructuras de confinamiento de humo y vapores \u00e1cidos<\/a><\/li>\n<\/ul>\n\t<ul>\n<li><a href=\"https:\/\/gimeco.com\/es\/software\/#6\">Suite de gesti\u00f3n del mantenimiento AIM\u2122<\/a><\/li>\n<li><a href=\"https:\/\/gimeco.com\/es\/software\/#7\">Asistencia remota digital<\/a><\/li>\n<\/ul>\n\n<\/div><!-- .vgblk-rw-wrapper -->","protected":false},"excerpt":{"rendered":"<p>La sostenibilidad es un enfoque hol\u00edstico para satisfacer las necesidades del presente sin comprometer la capacidad de las futuras generaciones para satisfacer sus propias necesidades. El t\u00e9rmino \u00abdesarrollo sostenible\u00bb fue introducido por primera vez en el Informe Brundtland de 1987, y la primera vez que se mencion\u00f3 el concepto de sostenibilidad intergeneracional se remonta a&#8230;<\/p>\n","protected":false},"author":1,"featured_media":0,"parent":0,"menu_order":0,"comment_status":"closed","ping_status":"closed","template":"","meta":{"inline_featured_image":false,"footnotes":""},"class_list":["post-20571","page","type-page","status-publish","hentry"],"yoast_head":"<!-- This site is optimized with the Yoast SEO plugin v26.4 - https:\/\/yoast.com\/wordpress\/plugins\/seo\/ -->\n<title>Sostenibilidad | GIMECO Impianti<\/title>\n<meta name=\"description\" content=\"La sostenibilidad es un planteamiento para satisfacer las necesidades del presente sin comprometer la capacidad de las generaciones futuras para satisfacer las suyas.\" \/>\n<meta name=\"robots\" content=\"index, follow, max-snippet:-1, max-image-preview:large, max-video-preview:-1\" \/>\n<link rel=\"canonical\" href=\"https:\/\/gimeco.com\/es\/sostenibilidad\/\" \/>\n<meta property=\"og:locale\" content=\"es_ES\" \/>\n<meta property=\"og:type\" content=\"article\" \/>\n<meta property=\"og:title\" content=\"Sostenibilidad | GIMECO Impianti\" \/>\n<meta property=\"og:description\" content=\"La sostenibilidad es un planteamiento para satisfacer las necesidades del presente sin comprometer la capacidad de las generaciones futuras para satisfacer las suyas.\" \/>\n<meta property=\"og:url\" content=\"https:\/\/gimeco.com\/es\/sostenibilidad\/\" \/>\n<meta property=\"og:site_name\" content=\"GIMECO Impianti\" \/>\n<meta property=\"article:publisher\" content=\"https:\/\/www.facebook.com\/gimecogroup\" \/>\n<meta property=\"article:modified_time\" content=\"2025-08-28T14:04:27+00:00\" \/>\n<meta property=\"og:image\" content=\"https:\/\/gimeco.com\/wp-content\/uploads\/2023\/11\/venn-diagram-sustainable-development-630x630.webp\" \/>\n<script type=\"application\/ld+json\" class=\"yoast-schema-graph\">{\"@context\":\"https:\/\/schema.org\",\"@graph\":[{\"@type\":\"WebPage\",\"@id\":\"https:\/\/gimeco.com\/es\/sostenibilidad\/\",\"url\":\"https:\/\/gimeco.com\/es\/sostenibilidad\/\",\"name\":\"Sostenibilidad | GIMECO Impianti\",\"isPartOf\":{\"@id\":\"https:\/\/gimeco.com\/#website\"},\"primaryImageOfPage\":{\"@id\":\"https:\/\/gimeco.com\/es\/sostenibilidad\/#primaryimage\"},\"image\":{\"@id\":\"https:\/\/gimeco.com\/es\/sostenibilidad\/#primaryimage\"},\"thumbnailUrl\":\"https:\/\/gimeco.com\/wp-content\/uploads\/2023\/11\/venn-diagram-sustainable-development-630x630.webp\",\"datePublished\":\"2017-07-31T13:05:22+00:00\",\"dateModified\":\"2025-08-28T14:04:27+00:00\",\"description\":\"La sostenibilidad es un planteamiento para satisfacer las necesidades del presente sin comprometer la capacidad de las generaciones futuras para satisfacer las suyas.\",\"breadcrumb\":{\"@id\":\"https:\/\/gimeco.com\/es\/sostenibilidad\/#breadcrumb\"},\"inLanguage\":\"es\",\"potentialAction\":[{\"@type\":\"ReadAction\",\"target\":[\"https:\/\/gimeco.com\/es\/sostenibilidad\/\"]}]},{\"@type\":\"ImageObject\",\"inLanguage\":\"es\",\"@id\":\"https:\/\/gimeco.com\/es\/sostenibilidad\/#primaryimage\",\"url\":\"https:\/\/gimeco.com\/wp-content\/uploads\/2023\/11\/venn-diagram-sustainable-development-630x630.webp\",\"contentUrl\":\"https:\/\/gimeco.com\/wp-content\/uploads\/2023\/11\/venn-diagram-sustainable-development-630x630.webp\"},{\"@type\":\"BreadcrumbList\",\"@id\":\"https:\/\/gimeco.com\/es\/sostenibilidad\/#breadcrumb\",\"itemListElement\":[{\"@type\":\"ListItem\",\"position\":1,\"name\":\"Home\",\"item\":\"https:\/\/gimeco.com\/es\/\"},{\"@type\":\"ListItem\",\"position\":2,\"name\":\"Sostenibilidad\"}]},{\"@type\":\"WebSite\",\"@id\":\"https:\/\/gimeco.com\/#website\",\"url\":\"https:\/\/gimeco.com\/\",\"name\":\"gimeco.com\",\"description\":\"Your Partner from A to Zink\",\"publisher\":{\"@id\":\"https:\/\/gimeco.com\/#organization\"},\"alternateName\":\"Gimeco\",\"potentialAction\":[{\"@type\":\"SearchAction\",\"target\":{\"@type\":\"EntryPoint\",\"urlTemplate\":\"https:\/\/gimeco.com\/?s={search_term_string}\"},\"query-input\":{\"@type\":\"PropertyValueSpecification\",\"valueRequired\":true,\"valueName\":\"search_term_string\"}}],\"inLanguage\":\"es\"},{\"@type\":\"Organization\",\"@id\":\"https:\/\/gimeco.com\/#organization\",\"name\":\"Gimeco\",\"url\":\"https:\/\/gimeco.com\/\",\"logo\":{\"@type\":\"ImageObject\",\"inLanguage\":\"es\",\"@id\":\"https:\/\/gimeco.com\/#\/schema\/logo\/image\/\",\"url\":\"https:\/\/gimeco.com\/wp-content\/uploads\/2023\/11\/Logo_GIMECO_StringNoPayoff-250.png\",\"contentUrl\":\"https:\/\/gimeco.com\/wp-content\/uploads\/2023\/11\/Logo_GIMECO_StringNoPayoff-250.png\",\"width\":250,\"height\":98,\"caption\":\"Gimeco\"},\"image\":{\"@id\":\"https:\/\/gimeco.com\/#\/schema\/logo\/image\/\"},\"sameAs\":[\"https:\/\/www.facebook.com\/gimecogroup\"]}]}<\/script>\n<!-- \/ Yoast SEO plugin. -->","yoast_head_json":{"title":"Sostenibilidad | GIMECO Impianti","description":"La sostenibilidad es un planteamiento para satisfacer las necesidades del presente sin comprometer la capacidad de las generaciones futuras para satisfacer las suyas.","robots":{"index":"index","follow":"follow","max-snippet":"max-snippet:-1","max-image-preview":"max-image-preview:large","max-video-preview":"max-video-preview:-1"},"canonical":"https:\/\/gimeco.com\/es\/sostenibilidad\/","og_locale":"es_ES","og_type":"article","og_title":"Sostenibilidad | GIMECO Impianti","og_description":"La sostenibilidad es un planteamiento para satisfacer las necesidades del presente sin comprometer la capacidad de las generaciones futuras para satisfacer las suyas.","og_url":"https:\/\/gimeco.com\/es\/sostenibilidad\/","og_site_name":"GIMECO Impianti","article_publisher":"https:\/\/www.facebook.com\/gimecogroup","article_modified_time":"2025-08-28T14:04:27+00:00","og_image":[{"url":"https:\/\/gimeco.com\/wp-content\/uploads\/2023\/11\/venn-diagram-sustainable-development-630x630.webp","type":"","width":"","height":""}],"schema":{"@context":"https:\/\/schema.org","@graph":[{"@type":"WebPage","@id":"https:\/\/gimeco.com\/es\/sostenibilidad\/","url":"https:\/\/gimeco.com\/es\/sostenibilidad\/","name":"Sostenibilidad | GIMECO Impianti","isPartOf":{"@id":"https:\/\/gimeco.com\/#website"},"primaryImageOfPage":{"@id":"https:\/\/gimeco.com\/es\/sostenibilidad\/#primaryimage"},"image":{"@id":"https:\/\/gimeco.com\/es\/sostenibilidad\/#primaryimage"},"thumbnailUrl":"https:\/\/gimeco.com\/wp-content\/uploads\/2023\/11\/venn-diagram-sustainable-development-630x630.webp","datePublished":"2017-07-31T13:05:22+00:00","dateModified":"2025-08-28T14:04:27+00:00","description":"La sostenibilidad es un planteamiento para satisfacer las necesidades del presente sin comprometer la capacidad de las generaciones futuras para satisfacer las suyas.","breadcrumb":{"@id":"https:\/\/gimeco.com\/es\/sostenibilidad\/#breadcrumb"},"inLanguage":"es","potentialAction":[{"@type":"ReadAction","target":["https:\/\/gimeco.com\/es\/sostenibilidad\/"]}]},{"@type":"ImageObject","inLanguage":"es","@id":"https:\/\/gimeco.com\/es\/sostenibilidad\/#primaryimage","url":"https:\/\/gimeco.com\/wp-content\/uploads\/2023\/11\/venn-diagram-sustainable-development-630x630.webp","contentUrl":"https:\/\/gimeco.com\/wp-content\/uploads\/2023\/11\/venn-diagram-sustainable-development-630x630.webp"},{"@type":"BreadcrumbList","@id":"https:\/\/gimeco.com\/es\/sostenibilidad\/#breadcrumb","itemListElement":[{"@type":"ListItem","position":1,"name":"Home","item":"https:\/\/gimeco.com\/es\/"},{"@type":"ListItem","position":2,"name":"Sostenibilidad"}]},{"@type":"WebSite","@id":"https:\/\/gimeco.com\/#website","url":"https:\/\/gimeco.com\/","name":"gimeco.com","description":"Your Partner from A to Zink","publisher":{"@id":"https:\/\/gimeco.com\/#organization"},"alternateName":"Gimeco","potentialAction":[{"@type":"SearchAction","target":{"@type":"EntryPoint","urlTemplate":"https:\/\/gimeco.com\/?s={search_term_string}"},"query-input":{"@type":"PropertyValueSpecification","valueRequired":true,"valueName":"search_term_string"}}],"inLanguage":"es"},{"@type":"Organization","@id":"https:\/\/gimeco.com\/#organization","name":"Gimeco","url":"https:\/\/gimeco.com\/","logo":{"@type":"ImageObject","inLanguage":"es","@id":"https:\/\/gimeco.com\/#\/schema\/logo\/image\/","url":"https:\/\/gimeco.com\/wp-content\/uploads\/2023\/11\/Logo_GIMECO_StringNoPayoff-250.png","contentUrl":"https:\/\/gimeco.com\/wp-content\/uploads\/2023\/11\/Logo_GIMECO_StringNoPayoff-250.png","width":250,"height":98,"caption":"Gimeco"},"image":{"@id":"https:\/\/gimeco.com\/#\/schema\/logo\/image\/"},"sameAs":["https:\/\/www.facebook.com\/gimecogroup"]}]}},"_links":{"self":[{"href":"https:\/\/gimeco.com\/es\/wp-json\/wp\/v2\/pages\/20571","targetHints":{"allow":["GET"]}}],"collection":[{"href":"https:\/\/gimeco.com\/es\/wp-json\/wp\/v2\/pages"}],"about":[{"href":"https:\/\/gimeco.com\/es\/wp-json\/wp\/v2\/types\/page"}],"author":[{"embeddable":true,"href":"https:\/\/gimeco.com\/es\/wp-json\/wp\/v2\/users\/1"}],"replies":[{"embeddable":true,"href":"https:\/\/gimeco.com\/es\/wp-json\/wp\/v2\/comments?post=20571"}],"version-history":[{"count":18,"href":"https:\/\/gimeco.com\/es\/wp-json\/wp\/v2\/pages\/20571\/revisions"}],"predecessor-version":[{"id":25625,"href":"https:\/\/gimeco.com\/es\/wp-json\/wp\/v2\/pages\/20571\/revisions\/25625"}],"wp:attachment":[{"href":"https:\/\/gimeco.com\/es\/wp-json\/wp\/v2\/media?parent=20571"}],"curies":[{"name":"wp","href":"https:\/\/api.w.org\/{rel}","templated":true}]}}