{"id":20592,"date":"2023-10-16T12:59:45","date_gmt":"2023-10-16T12:59:45","guid":{"rendered":"https:\/\/gimeco.com\/tecnologias\/furnaces\/"},"modified":"2025-10-29T15:40:32","modified_gmt":"2025-10-29T15:40:32","slug":"hornos","status":"publish","type":"page","link":"https:\/\/gimeco.com\/es\/hornos\/","title":{"rendered":"Hornos"},"content":{"rendered":"<div class=\"vgblk-rw-wrapper limit-wrapper\">\n<h2>\n\t <b>En el coraz\u00f3n <\/b>de la planta\n\t<\/h2>\n\tEl horno es <strong>el coraz\u00f3n palpitante de toda la planta de galvanizado<\/strong>, y es crucial tanto para mantener el zinc fundido listo para su uso como para los procesos de preparaci\u00f3n del material, gracias a la <strong>gesti\u00f3n y recuperaci\u00f3n del calor<\/strong>.<br \/>\nLa <strong>calidad de ingenier\u00eda<\/strong> implementada en esta parte cr\u00edtica del sistema influye en una serie de factores clave que van m\u00e1s all\u00e1 de su estructura, como la <strong>eficiencia energ\u00e9tica general<\/strong> de la planta, la <strong>longevidad del crisol<\/strong> de galvanizaci\u00f3n, la <strong>calidad inherente del producto final<\/strong> y la <strong>econom\u00eda global<\/strong> de la planta. La c\u00e1mara aislada se ensambla con materiales precisamente seleccionados, y la unidad t\u00e9rmica se dise\u00f1a con extrema precisi\u00f3n, asegurando tanto la longevidad como la alta eficiencia.<br \/>\nDe hecho, aqu\u00ed es donde convergen soluciones tecnol\u00f3gicas innovadoras en t\u00e9rminos de mejora de la eficiencia, <strong>automatizaci\u00f3n digital<\/strong> y ahorro de energ\u00eda, contribuyendo a la <a href=\"https:\/\/gimeco.com\/es\/sostenibilidad\/\"><strong>sostenibilidad<\/strong><\/a> preservando una calidad sin compromisos.<br \/>\nCon el tiempo, GIMECO ha dado <strong>pasos revolucionarios<\/strong>, con la introducci\u00f3n de la tecnolog\u00eda dual-chamber\u2122, un horno innovador que representa un salto generacional en la gesti\u00f3n de la combusti\u00f3n. De manera similar, se han introducido hornos el\u00e9ctricos e h\u00edbridos gas-el\u00e9ctricos en respuesta a necesidades espec\u00edficas con respecto a <strong>pol\u00edticas energ\u00e9ticas y medioambientales<\/strong>; en este caso, GIMECO fue una de las primeras empresas en introducir hornos el\u00e9ctricos operativos en la industria del galvanizado por inmersi\u00f3n en caliente desde principios de la d\u00e9cada de 2000.\n<h4>\n\tSeleccione nuestros hornos\n\t<\/h4>\n\t<a href=\"https:\/\/gimeco.com\/es\/hornos\/#1\" target=\"_self\" role=\"button\">\n\t\t\t\t\tAlta velocidad y Llama plana\n\t<\/a>\n\t<a href=\"https:\/\/gimeco.com\/es\/hornos\/#3\" target=\"_self\" role=\"button\">\n\t\t\t\t\tH\u00edbrido y El\u00e9ctrico\n\t<\/a>\n\t<a href=\"https:\/\/gimeco.com\/es\/hornos\/#6\" target=\"_self\" role=\"button\">\n\t\t\t\t\tAlta temperatura\n\t<\/a>\n<h5>\n\tCL\u00c1SICO\n\t<\/h5>\n<h3>\n\t<strong>Alta velocidad dual-chamber\u2122<\/strong>\n\t<\/h3>\n\t<h3>Como dos hornos en uno<\/h3>\n<p>La experiencia acumulada en tecnolog\u00edas de calentamiento a lo largo de los a\u00f1os y una actitud natural hacia la innovaci\u00f3n llevaron a GIMECO a la introducci\u00f3n de un horno capaz de superar los l\u00edmites de hornos est\u00e1ndar de alta velocidad.<\/p>\n\t\t\tAspectos destacados\n\t\t<p><strong>Dise\u00f1o de doble c\u00e1mara<br \/><\/strong>Original de GIMECO, es como tener dos hornos independientes para cada caldera.<strong>Parte inferior m\u00e1s fr\u00eda<br \/><\/strong>Este horno asegura una diferencia sensible de temperatura entre el lado inferior y superior del ba\u00f1o de zinc. Esto se sabe que es un factor positivo para mantener la escoria separada del resto del zinc y reducir dr\u00e1sticamente su circulaci\u00f3n en el ba\u00f1o debido a la convecci\u00f3n t\u00e9rmica.<strong>Cambio de quemadores<br \/><\/strong>Permite invertir peri\u00f3dicamente los quemadores para hacer que el estr\u00e9s en la caldera sea lo m\u00e1s uniforme posible.<strong>Doble control de temperatura<br \/><\/strong>Cada c\u00e1mara tiene su propio control PID.<strong>Interfaz de pantalla t\u00e1ctil<br \/><\/strong>Control de delta de temperatura &#8211; Algoritmo adaptativo y predictivo &#8211; Registro de alarmas &#8211; Soluci\u00f3n de problemas remotos.<strong>Recuperaci\u00f3n de calor<\/strong><strong>\u00a0<\/strong><strong>Delta de temperatura<br \/><\/strong>Las temperaturas de la c\u00e1mara alta y baja se mantienen en un buen y constante grado de separaci\u00f3n, lo que permite un fondo m\u00e1s fr\u00edo. La diferencia entre el alto y el bajo del ba\u00f1o de zinc puede ser de m\u00e1s de 15\u00b0C <em>(59\u00b0F).<\/em><strong>Ajuste de delta de temperatura<br \/><\/strong>Gracias a las mediciones separadas, el galvanizador puede ajustar y mantener el gradiente de temperatura preferido entre la parte superior e inferior de la caldera.<strong>Instalaci\u00f3n f\u00e1cil<br \/><\/strong>En caso de que sea necesario reemplazar el horno actual, un horno alta velocidad dual-chamber\u2122\u00a0se puede instalar f\u00e1cilmente en lugar de un horno tradicional est\u00e1ndar si el espacio entre el antiguo horno y el lado de la pared es de 30 cm <em>(12&#8243;).<\/em><strong>Modernizado<br \/><\/strong>Nueva posici\u00f3n de quemadores &#8211; Nuevo algoritmo de quemador pulsado &#8211; Nuevo camino de evacuaci\u00f3n de gases de combusti\u00f3n.<\/p>\n\t\t\tVentajas\n\t\t<p><strong>ora en la calidad del producto terminado<br \/><\/strong>GIMECO cambi\u00f3 el paradigma al centrarse en la tecnolog\u00eda del horno y pensar en el producto final m\u00e1s deseable. Esta es la primera vez que un horno est\u00e1 dise\u00f1ado en torno al producto final en lugar de centrarse en su propio rendimiento, incluso mostrando una gran eficiencia. El principio de fondo m\u00e1s fr\u00edo garantiza que la escoria se separe mejor del resto del zinc. Seg\u00fan una encuesta entre galvanizadores, la escoria flotante se reduce en un justo 50%, lo que permite reducir a la mitad el desperdicio de productos acabados.<strong>Ahorro de energ\u00eda<br \/><\/strong>Gracias al concepto de doble c\u00e1mara, se accede a la energ\u00eda solo cuando se necesita. Nuestro algoritmo reacciona a la demanda de energ\u00eda adaptando las secuencias de encendido entre las dos c\u00e1maras separadas, brind\u00e1ndote justo lo que necesitas en cada momento. Seg\u00fan una encuesta entre galvanizadores, los ahorros son de alrededor del 15% en comparaci\u00f3n con los hornos de alta velocidad tradicionales.<strong>F\u00e1cil de usar<\/strong><strong>Menor corrosi\u00f3n del crisol<\/strong><\/p>\n\t\t\tCorrosi\u00f3n del crisol\n\t\t<p>Los hornos alta velocidad dual-chamber\u2122 generan tensiones que se localizan en \u00e1reas espec\u00edficas del crisol. Sin embargo, el dise\u00f1o de doble c\u00e1mara y la instalaci\u00f3n de soluciones adecuadas resultan en una corrosi\u00f3n significativamente menor en comparaci\u00f3n con los hornos de alta velocidad tradicionales.<br \/>Los hornos alta velocidad dual-chamber\u2122\u00a0tambi\u00e9n incluyen la posibilidad de que los quemadores se inviertan peri\u00f3dicamente, con el objetivo de obtener una distribuci\u00f3n m\u00e1s homog\u00e9nea de la tensi\u00f3n en la superficie del crisol y, por lo tanto, extender su vida \u00fatil.<\/p>\n\t\t\t\t\t\t\t<img decoding=\"async\" src=\"https:\/\/gimeco.com\/wp-content\/plugins\/beaver-builder-lite-version\/img\/pixel.png\" alt=\"\" itemprop=\"image\" onerror=\"this.style.display='none'\"  \/>\n<h5>\n\tCL\u00c1SICO\n\t<\/h5>\n<h3>\n\t<strong> Llama plana<\/strong>\n\t<\/h3>\n\t<h3>Para demandas de alta producci\u00f3n<\/h3>\n\t\t\tAspectos destacados\n\t\t<ul><li>Calentamiento por radiaci\u00f3n<\/li><li>Solo combustible gaseoso<\/li><li>Ajuste dif\u00edcil de los quemadores<\/li><li>Sin control sobre el gradiente de temperatura<\/li><li>Sin separaci\u00f3n de la c\u00e1mara de combusti\u00f3n<\/li><\/ul>\n\t\t\tVentajas\n\t\t<ul><li>Permite instalar una potencia mayor si es necesario <em>(mayor espacio en los lados largos del horno)<\/em><\/li><li>Se adapta a las demandas de alta productividad<\/li><\/ul>\n\t\t\tCorrosi\u00f3n del crisol\n\t\t<p>Los hornos de llama plana producen estr\u00e9s en el crisol correspondiente a la posici\u00f3n de los quemadores, lo que resulta en un patr\u00f3n de corrosi\u00f3n en forma de manchas a lo largo de las paredes del crisol.<\/p>\n\t\t\t\t\t\t\t<img decoding=\"async\" src=\"https:\/\/gimeco.com\/wp-content\/plugins\/beaver-builder-lite-version\/img\/pixel.png\" alt=\"\" itemprop=\"image\" onerror=\"this.style.display='none'\"  \/>\n<h5>\n\tBAJAS EMISIONES\n\t<\/h5>\n<h3>\n\t<strong>H\u00edbrido<\/strong> dual-chamber\u2122\n\t<\/h3>\n\t<h3>Sostenibilidad a trav\u00e9s de la flexibilidad<\/h3>\n<p>La versatilidad del horno dual-chamber<sup>TM<\/sup> se une a la flexibilidad y viabilidad del horno el\u00e9ctrico.<\/p>\n\t\t\tAspectos destacados\n\t\t<ul><li>Sistema gas-el\u00e9ctrico optimizado<\/li><li>Ejecuciones h\u00edbrido ligero o h\u00edbrido total<\/li><li>Suministro el\u00e9ctrico <em>(o de gas)<\/em> como energ\u00eda de respaldo <em>(en tiempo de inactividad)<\/em> o plena energ\u00eda<\/li><li>Modo de respaldo durante turnos nocturnos o fines de semana<\/li><li>Redundancia de resistencias de calefacci\u00f3n para reducir el estr\u00e9s sobre el equipo<\/li><li>Adecuado para energ\u00eda renovable <em>(fotovoltaica o e\u00f3lica)<\/em><\/li><\/ul>\n\t\t\tVentajas\n\t\t<ul><li>Alta flexibilidad del sistema *<\/li><li>Menor estr\u00e9s en el crisol *<\/li><li>Ahorro de energ\u00eda *<\/li><li>Menos emisiones *<\/li><li>Reducci\u00f3n de emisiones de CO<sub>2<\/sub> *<\/li><\/ul><p>(*) comparado con los hornos tradicionales de gas.<br \/><\/p>\n\t\t\tCorrosi\u00f3n del crisol\n\t\t<p>Los hornos h\u00edbridos de gas-el\u00e9ctricos producen estr\u00e9s en el crisol que es t\u00edpico del modo de funcionamiento para el cual se utilizan principalmente: un mayor estr\u00e9s en las esquinas si la operaci\u00f3n es principalmente a gas, uniforme y suave si la operaci\u00f3n es principalmente el\u00e9ctrica.<br \/>Sin embargo, en ambos casos, la corrosi\u00f3n del crisol debido a los hornos h\u00edbridos se mitiga.<\/p>\n\t\t\t\t\t\t\t<img decoding=\"async\" src=\"https:\/\/gimeco.com\/wp-content\/plugins\/beaver-builder-lite-version\/img\/pixel.png\" alt=\"\" itemprop=\"image\" onerror=\"this.style.display='none'\"  \/>\n<h5>\n\tCERO EMISIONES\n\t<\/h5>\n<h3>\n\t<strong>El\u00e9ctrico <\/strong>con resistencias de panel\n\t<\/h3>\n\t<h3>Calidad del producto, sin CO<sub>2<\/sub><\/h3>\n\t\t\tAspectos destacados\n\t\t<ul><li>Estratificaci\u00f3n controlable de la temperatura del ba\u00f1o<\/li><li>Redundancia de resistencias de calefacci\u00f3n para reducir el estr\u00e9s sobre el equipo<\/li><li>Temperatura de c\u00e1mara m\u00e1s baja y estable *<\/li><li>Adecuado para energ\u00eda renovable <em>(fotovoltaica o e\u00f3lica)<\/em><\/li><\/ul><p>(*) comparado con los hornos tradicionales de gas<br \/><\/p>\n\t\t\tVentajas\n\t\t<ul><li>Instalaci\u00f3n general m\u00e1s sencilla *<\/li><li>Menor potencia instalada<em> (hasta un -30%) *<\/em><\/li><li>Consumo de energ\u00eda mucho m\u00e1s bajo <em>(-35\/40%) *<\/em><\/li><li>Bajo estr\u00e9s en el crisol <em>(aumento significativo de la vida \u00fatil del crisol) *<\/em><\/li><li>Mantenimiento m\u00ednimo<\/li><li>Sin emisiones locales de CO<sub>2<\/sub> *<\/li><li>Sin gases de escape de gas *<\/li><li>Sin polvo, sin ruido *<\/li><\/ul><p>(*) comparado con los hornos tradicionales de gas<br \/><\/p>\n\t\t\tCorrosi\u00f3n del crisol\n\t\t<p>Los hornos el\u00e9ctricos producen un menor estr\u00e9s en el crisol con un patr\u00f3n de corrosi\u00f3n uniforme y estratificado. Esto permite que la vida \u00fatil del crisol se extienda dr\u00e1sticamente con un espesor de pared del crisol que disminuye menos de 2mm <em>(0.07&#8243;) <\/em>por a\u00f1o, en promedio.<\/p>\n<h5>\n\tCERO EMISIONES &#8211; ALTA TEMPERATURA\n\t<\/h5>\n<h3>\n\t<strong>El\u00e9ctricos<\/strong> de alta temperatura a recipiente\n\t<\/h3>\n\t<h3>Sin CO<sub>2<\/sub>, alta temperatura<\/h3>\n\t\t\tAspectos destacados\n\t\t<ul><li data-start=\"1073\" data-end=\"1171\">Alta temperatura de hasta 550\u00b0C <em>(1022\u00b0F)<\/em>, ideal para tratar aceros con alto contenido de silicio<\/li><li data-start=\"1073\" data-end=\"1171\">Elementos calefactores cer\u00e1micos sumergidos de alta calidad<\/li><li data-start=\"1073\" data-end=\"1171\">Mayor resistencia a los choques t\u00e9rmicos<\/li><li data-start=\"1073\" data-end=\"1171\">Redundancia de los elementos calefactores para reducir el esfuerzo del equipo<\/li><li data-start=\"1073\" data-end=\"1171\">Termopares tipo K f\u00e1cilmente reemplazables<\/li><li data-start=\"1073\" data-end=\"1171\">Temperatura de c\u00e1mara m\u00e1s baja, uniforme y estable *<\/li><li data-start=\"1073\" data-end=\"1171\">Adecuado para energ\u00edas renovables <em>(fotovoltaica o e\u00f3lica)<\/em><\/li><\/ul><p>(*) comparado con los hornos tradicionales de gas<br \/><\/p>\n\t\t\tVentajas\n\t\t<ul><li>Menor potencia instalada <em>(hasta un -30%) *<\/em><\/li><li>Consumo de energ\u00eda mucho m\u00e1s bajo <em>(-35\/40%) *<\/em><\/li><li>Muy alta eficiencia de los elementos calefactores <em>(baja dispersi\u00f3n de calor)<\/em><\/li><li>Mantenimiento m\u00ednimo<\/li><li>Sin emisiones locales de CO<sub>2<\/sub> *<\/li><li>Sin gases de escape de gas *<\/li><li>Sin polvo, sin ruido *<\/li><\/ul><p>(*) comparado con los hornos tradicionales de gas<br \/><\/p>\n<h5>\n\tALTA TEMPERATURA\n\t<\/h5>\n<h3>\n\t<strong>C\u00fapula superior de calentamiento<\/strong>\n\t<\/h3>\n\t<h3>De larga duraci\u00f3n, para prop\u00f3sitos espec\u00edficos<\/h3>\n\t\t\tAspectos destacados\n\t\t<ul><li>Alta temperatura de 520\u00b0C <em>(968\u00b0F)<\/em><\/li><li>Crisol cer\u00e1mico de larga duraci\u00f3n <em>(sin crisol de acero)<\/em><\/li><li>Se necesita una puesta en marcha cuidadosa<\/li><\/ul>\n\t\t\tVentajas\n\t\t<ul><li>Ideal para el ba\u00f1o perfiles particulares<\/li><li>Mantenimiento muy bajo<\/li><\/ul>\n<h5>\n\tALTA TEMPERATURA\n\t<\/h5>\n<h3>\n\t<b>Tubos radiantes sumergidos<\/b>\n\t<\/h3>\n\t<h3>Ideal para galvanizar aceros de alto contenido de silicio<\/h3>\n\t\t\tAspectos destacados\n\t\t<ul><li>Alta temperatura de hasta 530\u00b0C <em>(986\u00b0F)<\/em><\/li><li>Precalefacci\u00f3n eficiente<\/li><li>Quemadores de tubos radiantes de carburo de silicio<em> (SiC) <\/em>auto-recuperativos sumergidos<\/li><li>Crisol de material refractario de larga duraci\u00f3n<em> (sin crisol de acero)<\/em><\/li><\/ul>\n\t\t\tVentajas\n\t\t<ul><li>Ideal para ba\u00f1ar aceros de alto contenido de silicio<\/li><li>Alta eficiencia<\/li><li>Bajo consumo de zinc debido al tama\u00f1o reducido del crisol<\/li><li>Mantenimiento muy bajo<\/li><\/ul>\n<h3>\n\t<b>Software de gesti\u00f3n inteligente<\/b> <br \/>y supervisi\u00f3n de hornos\n\t<\/h3>\n\t<a href=\"https:\/\/gimeco.com\/es\/software\/#4\" target=\"_self\" role=\"button\">\n\t\t\t\t\tSaber <b>m\u00e1s<\/b>\n\t<\/a>\n\n<\/div><!-- .vgblk-rw-wrapper -->","protected":false},"excerpt":{"rendered":"<p>En el coraz\u00f3n de la planta El horno es el coraz\u00f3n palpitante de toda la planta de galvanizado, y es crucial tanto para mantener el zinc fundido listo para su uso como para los procesos de preparaci\u00f3n del material, gracias a la gesti\u00f3n y recuperaci\u00f3n del calor. La calidad de ingenier\u00eda implementada en esta parte&#8230;<\/p>\n","protected":false},"author":1,"featured_media":0,"parent":0,"menu_order":0,"comment_status":"closed","ping_status":"closed","template":"","meta":{"inline_featured_image":false,"footnotes":""},"class_list":["post-20592","page","type-page","status-publish","hentry"],"yoast_head":"<!-- This site is optimized with the Yoast SEO plugin v26.4 - https:\/\/yoast.com\/wordpress\/plugins\/seo\/ -->\n<title>Hornos | GIMECO Impianti<\/title>\n<meta name=\"description\" content=\"El horno es el coraz\u00f3n palpitante de toda la planta de galvanizaci\u00f3n, y es crucial tanto para mantener el zinc fundido...\" \/>\n<meta name=\"robots\" content=\"index, follow, max-snippet:-1, max-image-preview:large, max-video-preview:-1\" \/>\n<link rel=\"canonical\" href=\"https:\/\/gimeco.com\/es\/hornos\/\" \/>\n<meta property=\"og:locale\" content=\"es_ES\" \/>\n<meta property=\"og:type\" content=\"article\" \/>\n<meta property=\"og:title\" content=\"Hornos | GIMECO Impianti\" \/>\n<meta property=\"og:description\" content=\"El horno es el coraz\u00f3n palpitante de toda la planta de galvanizaci\u00f3n, y es crucial tanto para mantener el zinc fundido...\" \/>\n<meta property=\"og:url\" content=\"https:\/\/gimeco.com\/es\/hornos\/\" \/>\n<meta property=\"og:site_name\" content=\"GIMECO Impianti\" \/>\n<meta property=\"article:publisher\" content=\"https:\/\/www.facebook.com\/gimecogroup\" \/>\n<meta property=\"article:modified_time\" content=\"2025-10-29T15:40:32+00:00\" \/>\n<meta property=\"og:image\" content=\"https:\/\/gimeco.com\/wp-content\/plugins\/beaver-builder-lite-version\/img\/pixel.png\" \/>\n<script type=\"application\/ld+json\" class=\"yoast-schema-graph\">{\"@context\":\"https:\/\/schema.org\",\"@graph\":[{\"@type\":\"WebPage\",\"@id\":\"https:\/\/gimeco.com\/es\/hornos\/\",\"url\":\"https:\/\/gimeco.com\/es\/hornos\/\",\"name\":\"Hornos | GIMECO Impianti\",\"isPartOf\":{\"@id\":\"https:\/\/gimeco.com\/#website\"},\"primaryImageOfPage\":{\"@id\":\"https:\/\/gimeco.com\/es\/hornos\/#primaryimage\"},\"image\":{\"@id\":\"https:\/\/gimeco.com\/es\/hornos\/#primaryimage\"},\"thumbnailUrl\":\"https:\/\/gimeco.com\/wp-content\/plugins\/beaver-builder-lite-version\/img\/pixel.png\",\"datePublished\":\"2023-10-16T12:59:45+00:00\",\"dateModified\":\"2025-10-29T15:40:32+00:00\",\"description\":\"El horno es el coraz\u00f3n palpitante de toda la planta de galvanizaci\u00f3n, y es crucial tanto para mantener el zinc fundido...\",\"breadcrumb\":{\"@id\":\"https:\/\/gimeco.com\/es\/hornos\/#breadcrumb\"},\"inLanguage\":\"es\",\"potentialAction\":[{\"@type\":\"ReadAction\",\"target\":[\"https:\/\/gimeco.com\/es\/hornos\/\"]}]},{\"@type\":\"ImageObject\",\"inLanguage\":\"es\",\"@id\":\"https:\/\/gimeco.com\/es\/hornos\/#primaryimage\",\"url\":\"https:\/\/gimeco.com\/wp-content\/plugins\/beaver-builder-lite-version\/img\/pixel.png\",\"contentUrl\":\"https:\/\/gimeco.com\/wp-content\/plugins\/beaver-builder-lite-version\/img\/pixel.png\"},{\"@type\":\"BreadcrumbList\",\"@id\":\"https:\/\/gimeco.com\/es\/hornos\/#breadcrumb\",\"itemListElement\":[{\"@type\":\"ListItem\",\"position\":1,\"name\":\"Home\",\"item\":\"https:\/\/gimeco.com\/es\/\"},{\"@type\":\"ListItem\",\"position\":2,\"name\":\"Hornos\"}]},{\"@type\":\"WebSite\",\"@id\":\"https:\/\/gimeco.com\/#website\",\"url\":\"https:\/\/gimeco.com\/\",\"name\":\"gimeco.com\",\"description\":\"Your Partner from A to Zink\",\"publisher\":{\"@id\":\"https:\/\/gimeco.com\/#organization\"},\"alternateName\":\"Gimeco\",\"potentialAction\":[{\"@type\":\"SearchAction\",\"target\":{\"@type\":\"EntryPoint\",\"urlTemplate\":\"https:\/\/gimeco.com\/?s={search_term_string}\"},\"query-input\":{\"@type\":\"PropertyValueSpecification\",\"valueRequired\":true,\"valueName\":\"search_term_string\"}}],\"inLanguage\":\"es\"},{\"@type\":\"Organization\",\"@id\":\"https:\/\/gimeco.com\/#organization\",\"name\":\"Gimeco\",\"url\":\"https:\/\/gimeco.com\/\",\"logo\":{\"@type\":\"ImageObject\",\"inLanguage\":\"es\",\"@id\":\"https:\/\/gimeco.com\/#\/schema\/logo\/image\/\",\"url\":\"https:\/\/gimeco.com\/wp-content\/uploads\/2023\/11\/Logo_GIMECO_StringNoPayoff-250.png\",\"contentUrl\":\"https:\/\/gimeco.com\/wp-content\/uploads\/2023\/11\/Logo_GIMECO_StringNoPayoff-250.png\",\"width\":250,\"height\":98,\"caption\":\"Gimeco\"},\"image\":{\"@id\":\"https:\/\/gimeco.com\/#\/schema\/logo\/image\/\"},\"sameAs\":[\"https:\/\/www.facebook.com\/gimecogroup\"]}]}<\/script>\n<!-- \/ Yoast SEO plugin. -->","yoast_head_json":{"title":"Hornos | GIMECO Impianti","description":"El horno es el coraz\u00f3n palpitante de toda la planta de galvanizaci\u00f3n, y es crucial tanto para mantener el zinc fundido...","robots":{"index":"index","follow":"follow","max-snippet":"max-snippet:-1","max-image-preview":"max-image-preview:large","max-video-preview":"max-video-preview:-1"},"canonical":"https:\/\/gimeco.com\/es\/hornos\/","og_locale":"es_ES","og_type":"article","og_title":"Hornos | GIMECO Impianti","og_description":"El horno es el coraz\u00f3n palpitante de toda la planta de galvanizaci\u00f3n, y es crucial tanto para mantener el zinc fundido...","og_url":"https:\/\/gimeco.com\/es\/hornos\/","og_site_name":"GIMECO Impianti","article_publisher":"https:\/\/www.facebook.com\/gimecogroup","article_modified_time":"2025-10-29T15:40:32+00:00","og_image":[{"url":"https:\/\/gimeco.com\/wp-content\/plugins\/beaver-builder-lite-version\/img\/pixel.png","type":"","width":"","height":""}],"schema":{"@context":"https:\/\/schema.org","@graph":[{"@type":"WebPage","@id":"https:\/\/gimeco.com\/es\/hornos\/","url":"https:\/\/gimeco.com\/es\/hornos\/","name":"Hornos | GIMECO Impianti","isPartOf":{"@id":"https:\/\/gimeco.com\/#website"},"primaryImageOfPage":{"@id":"https:\/\/gimeco.com\/es\/hornos\/#primaryimage"},"image":{"@id":"https:\/\/gimeco.com\/es\/hornos\/#primaryimage"},"thumbnailUrl":"https:\/\/gimeco.com\/wp-content\/plugins\/beaver-builder-lite-version\/img\/pixel.png","datePublished":"2023-10-16T12:59:45+00:00","dateModified":"2025-10-29T15:40:32+00:00","description":"El horno es el coraz\u00f3n palpitante de toda la planta de galvanizaci\u00f3n, y es crucial tanto para mantener el zinc fundido...","breadcrumb":{"@id":"https:\/\/gimeco.com\/es\/hornos\/#breadcrumb"},"inLanguage":"es","potentialAction":[{"@type":"ReadAction","target":["https:\/\/gimeco.com\/es\/hornos\/"]}]},{"@type":"ImageObject","inLanguage":"es","@id":"https:\/\/gimeco.com\/es\/hornos\/#primaryimage","url":"https:\/\/gimeco.com\/wp-content\/plugins\/beaver-builder-lite-version\/img\/pixel.png","contentUrl":"https:\/\/gimeco.com\/wp-content\/plugins\/beaver-builder-lite-version\/img\/pixel.png"},{"@type":"BreadcrumbList","@id":"https:\/\/gimeco.com\/es\/hornos\/#breadcrumb","itemListElement":[{"@type":"ListItem","position":1,"name":"Home","item":"https:\/\/gimeco.com\/es\/"},{"@type":"ListItem","position":2,"name":"Hornos"}]},{"@type":"WebSite","@id":"https:\/\/gimeco.com\/#website","url":"https:\/\/gimeco.com\/","name":"gimeco.com","description":"Your Partner from A to Zink","publisher":{"@id":"https:\/\/gimeco.com\/#organization"},"alternateName":"Gimeco","potentialAction":[{"@type":"SearchAction","target":{"@type":"EntryPoint","urlTemplate":"https:\/\/gimeco.com\/?s={search_term_string}"},"query-input":{"@type":"PropertyValueSpecification","valueRequired":true,"valueName":"search_term_string"}}],"inLanguage":"es"},{"@type":"Organization","@id":"https:\/\/gimeco.com\/#organization","name":"Gimeco","url":"https:\/\/gimeco.com\/","logo":{"@type":"ImageObject","inLanguage":"es","@id":"https:\/\/gimeco.com\/#\/schema\/logo\/image\/","url":"https:\/\/gimeco.com\/wp-content\/uploads\/2023\/11\/Logo_GIMECO_StringNoPayoff-250.png","contentUrl":"https:\/\/gimeco.com\/wp-content\/uploads\/2023\/11\/Logo_GIMECO_StringNoPayoff-250.png","width":250,"height":98,"caption":"Gimeco"},"image":{"@id":"https:\/\/gimeco.com\/#\/schema\/logo\/image\/"},"sameAs":["https:\/\/www.facebook.com\/gimecogroup"]}]}},"_links":{"self":[{"href":"https:\/\/gimeco.com\/es\/wp-json\/wp\/v2\/pages\/20592","targetHints":{"allow":["GET"]}}],"collection":[{"href":"https:\/\/gimeco.com\/es\/wp-json\/wp\/v2\/pages"}],"about":[{"href":"https:\/\/gimeco.com\/es\/wp-json\/wp\/v2\/types\/page"}],"author":[{"embeddable":true,"href":"https:\/\/gimeco.com\/es\/wp-json\/wp\/v2\/users\/1"}],"replies":[{"embeddable":true,"href":"https:\/\/gimeco.com\/es\/wp-json\/wp\/v2\/comments?post=20592"}],"version-history":[{"count":22,"href":"https:\/\/gimeco.com\/es\/wp-json\/wp\/v2\/pages\/20592\/revisions"}],"predecessor-version":[{"id":25684,"href":"https:\/\/gimeco.com\/es\/wp-json\/wp\/v2\/pages\/20592\/revisions\/25684"}],"wp:attachment":[{"href":"https:\/\/gimeco.com\/es\/wp-json\/wp\/v2\/media?parent=20592"}],"curies":[{"name":"wp","href":"https:\/\/api.w.org\/{rel}","templated":true}]}}