{"id":20594,"date":"2023-09-19T12:56:57","date_gmt":"2023-09-19T12:56:57","guid":{"rendered":"https:\/\/gimeco.com\/tecnologias\/kettles-and-auxiliary-equipment\/"},"modified":"2024-06-04T10:40:03","modified_gmt":"2024-06-04T10:40:03","slug":"crisoles-y-equipo-auxiliar","status":"publish","type":"page","link":"https:\/\/gimeco.com\/es\/crisoles-y-equipo-auxiliar\/","title":{"rendered":"Crisoles y equipo auxiliar"},"content":{"rendered":"<div class=\"vgblk-rw-wrapper limit-wrapper\">\n\n\t<p>Entre los componentes clave de toda la l\u00ednea de galvanizado por inmersi\u00f3n en caliente, los crisoles y el equipo auxiliar relacionado desempe\u00f1an un <strong>papel crucial<\/strong>.<\/p>\n<p>Mientras que los crisoles contienen intuitivamente el <strong>zinc fundido<\/strong> <em>(o ba\u00f1o de zinc)<\/em> en el que se sumergen los artefactos de acero, otras unidades y sistemas auxiliares mejoran la <strong>productividad<\/strong>, reducen la necesidad de mantenimiento, ayudan a <strong>ahorrar energ\u00eda<\/strong> y mantienen un <strong>ambiente seguro<\/strong>.<\/p>\n<h2>\n\t<b>Crisoles<\/b>\n\t<\/h2>\n\tLos crisoles son los recipientes que contienen el <strong>zinc fundido<\/strong> y se ensamblan dentro del equipo del horno.<br \/>\nNuestra oferta, gracias a la cooperaci\u00f3n con el fabricante alem\u00e1n <a href=\"https:\/\/www.pilling.de\/en\/\" target=\"_blank\" rel=\"noopener\">W. PILLING GmbH<\/a>, incluye crisoles de vanguardia <strong>pr\u00e1cticamente sin limitaciones en dimensiones y formas<\/strong>.<br \/>\nLos crisoles se fabrican con <strong>acero de bajo contenido de carbono<\/strong> para que sean lo menos reactivos posible al estar en contacto con el zinc fundido y, durante su fabricaci\u00f3n, solo se deforman a temperaturas elevadas para <strong>minimizar el estr\u00e9s mec\u00e1nico<\/strong> de los materiales. Adem\u00e1s, se utiliza el m\u00e9todo de <strong>soldadura por electroescoria<\/strong> <em>(ESW)<\/em>, utilizando una sola capa para soldar a trav\u00e9s de todo el espesor del crisol, asegurando una integridad consistente.\n\t\t\tAspectos destacados\n\t\t<p><strong>Sin l\u00edmites de dimensionamiento<br \/><\/strong>Dependiendo de las necesidades del galvanizador, un crisol espec\u00edfico puede ser dise\u00f1ado virtualmente con cualquier dimensi\u00f3n.<strong>Robusto<br \/><\/strong>Espesor de hasta 70 mm <em>(2.76&#8243;)<\/em><strong>Sin estr\u00e9s mec\u00e1nico<br \/><\/strong>Durante la fabricaci\u00f3n del crisol, las operaciones de doblado se llevan a cabo solo con l\u00e1minas templadas.<strong>Soldadura uniforme<br \/><\/strong>Solo una capa en todo el proceso de soldadura <em>(por ESW)<\/em><\/p>\n<h2>\n\t<strong>Equipamiento <\/strong>auxiliar\n\t<\/h2>\n\t<h3>Confinamiento de humo blanco y campana de escape &#8211; Sistema de depuraci\u00f3n<\/h3>\nCuando el acero se sumerge en zinc fundido en el crisol, se libera una densa humareda blanca rica en part\u00edculas diminutas en el aire debido a la generaci\u00f3n de \u00f3xido de zinc y a la combusti\u00f3n del cloruro de amonio del fundente.<br \/>\nEl crisol puede estar equipado con una campana de <strong>paredes herm\u00e9ticas<\/strong> con <strong>ventanas mecanizadas<\/strong> y <strong>puertas batientes<\/strong>. Incluye <strong>tuber\u00edas, conductos, filtros<\/strong> y <strong>ventilaci\u00f3n<\/strong> para la <strong>extracci\u00f3n adecuada<\/strong> de los humos, canalizados a trav\u00e9s del efecto de chimenea, hacia el sistema de depuraci\u00f3n.<br \/>\nFinalmente, la campana proporciona a los operadores protecci\u00f3n contra salpicaduras de zinc fundido.<br \/>\nEl estado y la operaci\u00f3n de la <strong>unidad de depuraci\u00f3n<\/strong> se pueden verificar y gestionar en tiempo real a trav\u00e9s de un sistema digital dedicado.\n<h3>Sistema mecanizado para la eliminaci\u00f3n de escorias y cenizas<\/h3>\nPor lo general, el mantenimiento del ba\u00f1o de zinc requiere la extracci\u00f3n manual de escorias (generalmente cada dos semanas) con la ayuda de herramientas fijadas a una gr\u00faa suspendida.<br \/>\nEste proceso suele ser agotador, peligroso e inseguro, lo que resulta en un entorno de trabajo sucio y desagradable con una limpieza deficiente del ba\u00f1o de zinc.<br \/>\nEl objetivo de un dispositivo para la eliminaci\u00f3n de escorias y cenizas es <strong>simplificar y mecanizar las operaciones de recuperaci\u00f3n de escorias y cenizas<\/strong>, haci\u00e9ndolas m\u00e1s <strong>f\u00e1ciles<\/strong>, <strong>seguras<\/strong> y <strong>efectivas<\/strong>.<br \/>\nEl sistema incluye un robusto trasbordador de acero que viaja sobre v\u00edas por encima del crisol, equipado con un cubo que se adapta a la forma del crisol mientras, en el otro extremo, una cuchilla de metal limpia la superficie del zinc fundido eliminando las cenizas. Las escorias y cenizas recogidas se depositan fuera de la estructura de contenci\u00f3n de humos blancos para su disposici\u00f3n adecuada.\n<h3>Sistema de extracci\u00f3n r\u00e1pida del crisol kettle-out\u2122<\/h3>\nPermite extraer el crisol simplemente movi\u00e9ndolo sobre v\u00edas o rieles dedicados<em> (y, de manera similar, posicionando el nuevo).<\/em> El sistema elimina la necesidad de operaciones a\u00e9reas para quitar el crisol antiguo, utilizando gr\u00faas o equipos similares.<br \/>\nPermite <strong>ahorrar tiempo y costos en caso de reemplazo del crisol<\/strong>, asegurando reanudar las operaciones en poco tiempo.\n<h3>Sistema autom\u00e1tico de cubierta del crisol<\/h3>\n<p>Permite el posicionamiento autom\u00e1tico de una cubierta de crisol para <strong>evitar la p\u00e9rdida de calor<\/strong> durante los per\u00edodos de parada y de inactividad, ahorrando en el consumo de energ\u00eda.<\/p>\n<h3>Alimentador autom\u00e1tico de lingotes de zinc jumbo-feeder\u2122<\/h3>\n<p>El <strong>rellenado del crisol<\/strong> con lingotes de zinc se facilita, acelera y hace m\u00e1s seguro para los operadores.<\/p>\n\t\t\t\t\t\t\t<img loading=\"lazy\" decoding=\"async\" src=\"https:\/\/gimeco.com\/wp-content\/uploads\/2024\/01\/ingots-feeder-2.jpg\" alt=\"ingots-feeder\" itemprop=\"image\" height=\"822\" width=\"1096\" title=\"ingots-feeder\" onerror=\"this.style.display='none'\"  sizes=\"auto, (max-width: 768px) 100vw, 100vw\" srcset=\"https:\/\/gimeco.com\/wp-content\/uploads\/2024\/01\/ingots-feeder-2.jpg 1096w, https:\/\/gimeco.com\/wp-content\/uploads\/2024\/01\/ingots-feeder-2-300x225.jpg 300w, https:\/\/gimeco.com\/wp-content\/uploads\/2024\/01\/ingots-feeder-2-1024x768.jpg 1024w, https:\/\/gimeco.com\/wp-content\/uploads\/2024\/01\/ingots-feeder-2-768x576.jpg 768w, https:\/\/gimeco.com\/wp-content\/uploads\/2024\/01\/ingots-feeder-2-630x473.jpg 630w, https:\/\/gimeco.com\/wp-content\/uploads\/2024\/01\/ingots-feeder-2-420x315.jpg 420w, https:\/\/gimeco.com\/wp-content\/uploads\/2024\/01\/ingots-feeder-2-840x630.jpg 840w, https:\/\/gimeco.com\/wp-content\/uploads\/2024\/01\/ingots-feeder-2-315x236.jpg 315w\" \/>\t\t\t\t\t\t\t\n\t\t\t\t\t\t\t<img loading=\"lazy\" decoding=\"async\" src=\"https:\/\/gimeco.com\/wp-content\/uploads\/2024\/05\/IMG20230331111129-new.jpg\" alt=\"IMG20230331111129-new\" itemprop=\"image\" height=\"1920\" width=\"2560\" title=\"IMG20230331111129-new\" onerror=\"this.style.display='none'\"  sizes=\"auto, (max-width: 768px) 100vw, 100vw\" srcset=\"https:\/\/gimeco.com\/wp-content\/uploads\/2024\/05\/IMG20230331111129-new.jpg 2560w, https:\/\/gimeco.com\/wp-content\/uploads\/2024\/05\/IMG20230331111129-new-300x225.jpg 300w, https:\/\/gimeco.com\/wp-content\/uploads\/2024\/05\/IMG20230331111129-new-1024x768.jpg 1024w, https:\/\/gimeco.com\/wp-content\/uploads\/2024\/05\/IMG20230331111129-new-768x576.jpg 768w, https:\/\/gimeco.com\/wp-content\/uploads\/2024\/05\/IMG20230331111129-new-1536x1152.jpg 1536w, https:\/\/gimeco.com\/wp-content\/uploads\/2024\/05\/IMG20230331111129-new-2048x1536.jpg 2048w, https:\/\/gimeco.com\/wp-content\/uploads\/2024\/05\/IMG20230331111129-new-200x150.jpg 200w, https:\/\/gimeco.com\/wp-content\/uploads\/2024\/05\/IMG20230331111129-new-1260x945.jpg 1260w, https:\/\/gimeco.com\/wp-content\/uploads\/2024\/05\/IMG20230331111129-new-630x473.jpg 630w, https:\/\/gimeco.com\/wp-content\/uploads\/2024\/05\/IMG20230331111129-new-420x315.jpg 420w, https:\/\/gimeco.com\/wp-content\/uploads\/2024\/05\/IMG20230331111129-new-840x630.jpg 840w, https:\/\/gimeco.com\/wp-content\/uploads\/2024\/05\/IMG20230331111129-new-315x236.jpg 315w\" \/>\t\t\t\t\t\t\t\n\t\t\t\t\t\t\t<img loading=\"lazy\" decoding=\"async\" src=\"https:\/\/gimeco.com\/wp-content\/uploads\/2024\/01\/IMG20230331101129_01.jpg\" alt=\"IMG20230331101129_01\" itemprop=\"image\" height=\"1080\" width=\"1920\" title=\"IMG20230331101129_01\" onerror=\"this.style.display='none'\"  sizes=\"auto, (max-width: 768px) 100vw, 100vw\" srcset=\"https:\/\/gimeco.com\/wp-content\/uploads\/2024\/01\/IMG20230331101129_01.jpg 1920w, https:\/\/gimeco.com\/wp-content\/uploads\/2024\/01\/IMG20230331101129_01-300x169.jpg 300w, https:\/\/gimeco.com\/wp-content\/uploads\/2024\/01\/IMG20230331101129_01-1024x576.jpg 1024w, https:\/\/gimeco.com\/wp-content\/uploads\/2024\/01\/IMG20230331101129_01-768x432.jpg 768w, https:\/\/gimeco.com\/wp-content\/uploads\/2024\/01\/IMG20230331101129_01-1536x864.jpg 1536w, https:\/\/gimeco.com\/wp-content\/uploads\/2024\/01\/IMG20230331101129_01-1260x709.jpg 1260w, https:\/\/gimeco.com\/wp-content\/uploads\/2024\/01\/IMG20230331101129_01-630x354.jpg 630w, https:\/\/gimeco.com\/wp-content\/uploads\/2024\/01\/IMG20230331101129_01-420x236.jpg 420w, https:\/\/gimeco.com\/wp-content\/uploads\/2024\/01\/IMG20230331101129_01-840x473.jpg 840w, https:\/\/gimeco.com\/wp-content\/uploads\/2024\/01\/IMG20230331101129_01-315x177.jpg 315w\" \/>\t\t\t\t\t\t\t\n\n<\/div><!-- .vgblk-rw-wrapper -->","protected":false},"excerpt":{"rendered":"<p>Entre los componentes clave de toda la l\u00ednea de galvanizado por inmersi\u00f3n en caliente, los crisoles y el equipo auxiliar relacionado desempe\u00f1an un papel crucial. Mientras que los crisoles contienen intuitivamente el zinc fundido (o ba\u00f1o de zinc) en el que se sumergen los artefactos de acero, otras unidades y sistemas auxiliares mejoran la productividad,&#8230;<\/p>\n","protected":false},"author":1,"featured_media":0,"parent":0,"menu_order":0,"comment_status":"closed","ping_status":"closed","template":"","meta":{"inline_featured_image":false,"footnotes":""},"class_list":["post-20594","page","type-page","status-publish","hentry"],"yoast_head":"<!-- This site is optimized with the Yoast SEO plugin v26.4 - https:\/\/yoast.com\/wordpress\/plugins\/seo\/ -->\n<title>Crisoles y equipo auxiliar | GIMECO Impianti<\/title>\n<meta name=\"description\" content=\"Entre los componentes clave de toda la l\u00ednea de galvanizado en caliente, las calderas y los equipos auxiliares relacionados desempe\u00f1an un...\" \/>\n<meta name=\"robots\" content=\"index, follow, max-snippet:-1, max-image-preview:large, max-video-preview:-1\" \/>\n<link rel=\"canonical\" href=\"https:\/\/gimeco.com\/es\/crisoles-y-equipo-auxiliar\/\" \/>\n<meta property=\"og:locale\" content=\"es_ES\" \/>\n<meta property=\"og:type\" content=\"article\" \/>\n<meta property=\"og:title\" content=\"Crisoles y equipo auxiliar | GIMECO Impianti\" \/>\n<meta property=\"og:description\" content=\"Entre los componentes clave de toda la l\u00ednea de galvanizado en caliente, las calderas y los equipos auxiliares relacionados desempe\u00f1an un...\" \/>\n<meta property=\"og:url\" content=\"https:\/\/gimeco.com\/es\/crisoles-y-equipo-auxiliar\/\" \/>\n<meta property=\"og:site_name\" content=\"GIMECO Impianti\" \/>\n<meta property=\"article:publisher\" content=\"https:\/\/www.facebook.com\/gimecogroup\" \/>\n<meta property=\"article:modified_time\" content=\"2024-06-04T10:40:03+00:00\" \/>\n<meta property=\"og:image\" content=\"https:\/\/gimeco.com\/wp-content\/uploads\/2024\/01\/ingots-feeder-2.jpg\" \/>\n<script type=\"application\/ld+json\" class=\"yoast-schema-graph\">{\"@context\":\"https:\/\/schema.org\",\"@graph\":[{\"@type\":\"WebPage\",\"@id\":\"https:\/\/gimeco.com\/es\/crisoles-y-equipo-auxiliar\/\",\"url\":\"https:\/\/gimeco.com\/es\/crisoles-y-equipo-auxiliar\/\",\"name\":\"Crisoles y equipo auxiliar | GIMECO Impianti\",\"isPartOf\":{\"@id\":\"https:\/\/gimeco.com\/#website\"},\"primaryImageOfPage\":{\"@id\":\"https:\/\/gimeco.com\/es\/crisoles-y-equipo-auxiliar\/#primaryimage\"},\"image\":{\"@id\":\"https:\/\/gimeco.com\/es\/crisoles-y-equipo-auxiliar\/#primaryimage\"},\"thumbnailUrl\":\"https:\/\/gimeco.com\/wp-content\/uploads\/2024\/01\/ingots-feeder-2.jpg\",\"datePublished\":\"2023-09-19T12:56:57+00:00\",\"dateModified\":\"2024-06-04T10:40:03+00:00\",\"description\":\"Entre los componentes clave de toda la l\u00ednea de galvanizado en caliente, las calderas y los equipos auxiliares relacionados desempe\u00f1an un...\",\"breadcrumb\":{\"@id\":\"https:\/\/gimeco.com\/es\/crisoles-y-equipo-auxiliar\/#breadcrumb\"},\"inLanguage\":\"es\",\"potentialAction\":[{\"@type\":\"ReadAction\",\"target\":[\"https:\/\/gimeco.com\/es\/crisoles-y-equipo-auxiliar\/\"]}]},{\"@type\":\"ImageObject\",\"inLanguage\":\"es\",\"@id\":\"https:\/\/gimeco.com\/es\/crisoles-y-equipo-auxiliar\/#primaryimage\",\"url\":\"https:\/\/gimeco.com\/wp-content\/uploads\/2024\/01\/ingots-feeder-2.jpg\",\"contentUrl\":\"https:\/\/gimeco.com\/wp-content\/uploads\/2024\/01\/ingots-feeder-2.jpg\"},{\"@type\":\"BreadcrumbList\",\"@id\":\"https:\/\/gimeco.com\/es\/crisoles-y-equipo-auxiliar\/#breadcrumb\",\"itemListElement\":[{\"@type\":\"ListItem\",\"position\":1,\"name\":\"Home\",\"item\":\"https:\/\/gimeco.com\/es\/\"},{\"@type\":\"ListItem\",\"position\":2,\"name\":\"Crisoles y equipo auxiliar\"}]},{\"@type\":\"WebSite\",\"@id\":\"https:\/\/gimeco.com\/#website\",\"url\":\"https:\/\/gimeco.com\/\",\"name\":\"gimeco.com\",\"description\":\"Your Partner from A to Zink\",\"publisher\":{\"@id\":\"https:\/\/gimeco.com\/#organization\"},\"alternateName\":\"Gimeco\",\"potentialAction\":[{\"@type\":\"SearchAction\",\"target\":{\"@type\":\"EntryPoint\",\"urlTemplate\":\"https:\/\/gimeco.com\/?s={search_term_string}\"},\"query-input\":{\"@type\":\"PropertyValueSpecification\",\"valueRequired\":true,\"valueName\":\"search_term_string\"}}],\"inLanguage\":\"es\"},{\"@type\":\"Organization\",\"@id\":\"https:\/\/gimeco.com\/#organization\",\"name\":\"Gimeco\",\"url\":\"https:\/\/gimeco.com\/\",\"logo\":{\"@type\":\"ImageObject\",\"inLanguage\":\"es\",\"@id\":\"https:\/\/gimeco.com\/#\/schema\/logo\/image\/\",\"url\":\"https:\/\/gimeco.com\/wp-content\/uploads\/2023\/11\/Logo_GIMECO_StringNoPayoff-250.png\",\"contentUrl\":\"https:\/\/gimeco.com\/wp-content\/uploads\/2023\/11\/Logo_GIMECO_StringNoPayoff-250.png\",\"width\":250,\"height\":98,\"caption\":\"Gimeco\"},\"image\":{\"@id\":\"https:\/\/gimeco.com\/#\/schema\/logo\/image\/\"},\"sameAs\":[\"https:\/\/www.facebook.com\/gimecogroup\"]}]}<\/script>\n<!-- \/ Yoast SEO plugin. -->","yoast_head_json":{"title":"Crisoles y equipo auxiliar | GIMECO Impianti","description":"Entre los componentes clave de toda la l\u00ednea de galvanizado en caliente, las calderas y los equipos auxiliares relacionados desempe\u00f1an un...","robots":{"index":"index","follow":"follow","max-snippet":"max-snippet:-1","max-image-preview":"max-image-preview:large","max-video-preview":"max-video-preview:-1"},"canonical":"https:\/\/gimeco.com\/es\/crisoles-y-equipo-auxiliar\/","og_locale":"es_ES","og_type":"article","og_title":"Crisoles y equipo auxiliar | GIMECO Impianti","og_description":"Entre los componentes clave de toda la l\u00ednea de galvanizado en caliente, las calderas y los equipos auxiliares relacionados desempe\u00f1an un...","og_url":"https:\/\/gimeco.com\/es\/crisoles-y-equipo-auxiliar\/","og_site_name":"GIMECO Impianti","article_publisher":"https:\/\/www.facebook.com\/gimecogroup","article_modified_time":"2024-06-04T10:40:03+00:00","og_image":[{"url":"https:\/\/gimeco.com\/wp-content\/uploads\/2024\/01\/ingots-feeder-2.jpg","type":"","width":"","height":""}],"schema":{"@context":"https:\/\/schema.org","@graph":[{"@type":"WebPage","@id":"https:\/\/gimeco.com\/es\/crisoles-y-equipo-auxiliar\/","url":"https:\/\/gimeco.com\/es\/crisoles-y-equipo-auxiliar\/","name":"Crisoles y equipo auxiliar | GIMECO Impianti","isPartOf":{"@id":"https:\/\/gimeco.com\/#website"},"primaryImageOfPage":{"@id":"https:\/\/gimeco.com\/es\/crisoles-y-equipo-auxiliar\/#primaryimage"},"image":{"@id":"https:\/\/gimeco.com\/es\/crisoles-y-equipo-auxiliar\/#primaryimage"},"thumbnailUrl":"https:\/\/gimeco.com\/wp-content\/uploads\/2024\/01\/ingots-feeder-2.jpg","datePublished":"2023-09-19T12:56:57+00:00","dateModified":"2024-06-04T10:40:03+00:00","description":"Entre los componentes clave de toda la l\u00ednea de galvanizado en caliente, las calderas y los equipos auxiliares relacionados desempe\u00f1an un...","breadcrumb":{"@id":"https:\/\/gimeco.com\/es\/crisoles-y-equipo-auxiliar\/#breadcrumb"},"inLanguage":"es","potentialAction":[{"@type":"ReadAction","target":["https:\/\/gimeco.com\/es\/crisoles-y-equipo-auxiliar\/"]}]},{"@type":"ImageObject","inLanguage":"es","@id":"https:\/\/gimeco.com\/es\/crisoles-y-equipo-auxiliar\/#primaryimage","url":"https:\/\/gimeco.com\/wp-content\/uploads\/2024\/01\/ingots-feeder-2.jpg","contentUrl":"https:\/\/gimeco.com\/wp-content\/uploads\/2024\/01\/ingots-feeder-2.jpg"},{"@type":"BreadcrumbList","@id":"https:\/\/gimeco.com\/es\/crisoles-y-equipo-auxiliar\/#breadcrumb","itemListElement":[{"@type":"ListItem","position":1,"name":"Home","item":"https:\/\/gimeco.com\/es\/"},{"@type":"ListItem","position":2,"name":"Crisoles y equipo auxiliar"}]},{"@type":"WebSite","@id":"https:\/\/gimeco.com\/#website","url":"https:\/\/gimeco.com\/","name":"gimeco.com","description":"Your Partner from A to Zink","publisher":{"@id":"https:\/\/gimeco.com\/#organization"},"alternateName":"Gimeco","potentialAction":[{"@type":"SearchAction","target":{"@type":"EntryPoint","urlTemplate":"https:\/\/gimeco.com\/?s={search_term_string}"},"query-input":{"@type":"PropertyValueSpecification","valueRequired":true,"valueName":"search_term_string"}}],"inLanguage":"es"},{"@type":"Organization","@id":"https:\/\/gimeco.com\/#organization","name":"Gimeco","url":"https:\/\/gimeco.com\/","logo":{"@type":"ImageObject","inLanguage":"es","@id":"https:\/\/gimeco.com\/#\/schema\/logo\/image\/","url":"https:\/\/gimeco.com\/wp-content\/uploads\/2023\/11\/Logo_GIMECO_StringNoPayoff-250.png","contentUrl":"https:\/\/gimeco.com\/wp-content\/uploads\/2023\/11\/Logo_GIMECO_StringNoPayoff-250.png","width":250,"height":98,"caption":"Gimeco"},"image":{"@id":"https:\/\/gimeco.com\/#\/schema\/logo\/image\/"},"sameAs":["https:\/\/www.facebook.com\/gimecogroup"]}]}},"_links":{"self":[{"href":"https:\/\/gimeco.com\/es\/wp-json\/wp\/v2\/pages\/20594","targetHints":{"allow":["GET"]}}],"collection":[{"href":"https:\/\/gimeco.com\/es\/wp-json\/wp\/v2\/pages"}],"about":[{"href":"https:\/\/gimeco.com\/es\/wp-json\/wp\/v2\/types\/page"}],"author":[{"embeddable":true,"href":"https:\/\/gimeco.com\/es\/wp-json\/wp\/v2\/users\/1"}],"replies":[{"embeddable":true,"href":"https:\/\/gimeco.com\/es\/wp-json\/wp\/v2\/comments?post=20594"}],"version-history":[{"count":9,"href":"https:\/\/gimeco.com\/es\/wp-json\/wp\/v2\/pages\/20594\/revisions"}],"predecessor-version":[{"id":24942,"href":"https:\/\/gimeco.com\/es\/wp-json\/wp\/v2\/pages\/20594\/revisions\/24942"}],"wp:attachment":[{"href":"https:\/\/gimeco.com\/es\/wp-json\/wp\/v2\/media?parent=20594"}],"curies":[{"name":"wp","href":"https:\/\/api.w.org\/{rel}","templated":true}]}}