{"id":20666,"date":"2023-09-25T08:47:03","date_gmt":"2023-09-25T08:47:03","guid":{"rendered":"https:\/\/gimeco.com\/tecnologias\/neutralization-regeneration\/"},"modified":"2024-06-03T10:21:30","modified_gmt":"2024-06-03T10:21:30","slug":"neutralizacion-regeneracion","status":"publish","type":"page","link":"https:\/\/gimeco.com\/es\/neutralizacion-regeneracion\/","title":{"rendered":"Neutralizaci\u00f3n \u2013 Regeneraci\u00f3n"},"content":{"rendered":"<div class=\"vgblk-rw-wrapper limit-wrapper\">\r\n\r\n\tRegeneraci\u00f3n de \u00e1cidos, regeneraci\u00f3n de fundente y sistemas de neutralizaci\u00f3n representan la culminaci\u00f3n l\u00f3gica de una planta de galvanizaci\u00f3n en caliente. Con ellos, es posible mejorar significativamente tanto el <strong>impacto ambiental<\/strong> como la <strong>eficiencia de producci\u00f3n<\/strong> de la l\u00ednea de galvanizado. La industria necesita renovar su imagen, y la l\u00f3gica del <strong>respeto ambiental<\/strong> es el principal camino para mejorar la reputaci\u00f3n social.<br \/>\r\nOtra ventaja notable de introducir unidades de regeneraci\u00f3n y neutralizaci\u00f3n dentro de su empresa se refiere a importantes <strong>ahorros de costos<\/strong> logrados mediante la reducci\u00f3n de desechos.\r\n<p>De manera similar, en el caso de la regeneraci\u00f3n de \u00e1cidos gastados, la producci\u00f3n resultante de <strong>sulfatos ferrosos<\/strong>, potentes fertilizantes para el suelo, sirve como un excelente ejemplo de <strong>econom\u00eda circular<\/strong>. El valor agregado generado por la disminuci\u00f3n de la huella ecol\u00f3gica permite que la galvanizaci\u00f3n surja en senderos certificados de preservaci\u00f3n de la naturaleza; por lo tanto, estas unidades no pueden faltar en las plantas modernas.<\/p>\r\n<h3>\r\n\t<strong>Unidades de regeneraci\u00f3n de fundente gastado<\/strong>\r\n\t<\/h3>\r\n\t<p>Este proceso implica el <strong>reciclaje<\/strong> de la soluci\u00f3n de fundente en una unidad de <strong>reprocesamiento<\/strong> de circuito cerrado. Al agregar per\u00f3xido de hidr\u00f3geno y amon\u00edaco, el hierro en la soluci\u00f3n se separa como lodo de hidr\u00f3xido de hierro no peligroso, que puede ser eliminado f\u00e1cilmente en vertederos de residuos s\u00f3lidos autorizados. La soluci\u00f3n del tanque de fluxado pasa por una secuencia de pasos, que incluyen oxidaci\u00f3n, neutralizaci\u00f3n, asentamiento de lodos y prensa de filtro para limpiarla.<\/p>\r\nEl pH de la soluci\u00f3n se monitorea y ajusta autom\u00e1ticamente con el reactivo alcalino apropiado. Simult\u00e1neamente, se verifican los niveles de redox para dosificar la cantidad correcta de per\u00f3xido de hidr\u00f3geno para la oxidaci\u00f3n del hierro, lo que resulta en la precipitaci\u00f3n de hidr\u00f3xido f\u00e9rrico en el tanque de asentamiento de lodos.<br \/>\r\nLa <strong>prensa de filtro<\/strong> separa el lodo s\u00f3lido de la <strong>soluci\u00f3n clara de fundente<\/strong>, que se devuelve al tanque de fluxado para operaciones de pretratamiento. Esta unidad funciona autom\u00e1ticamente, con descargas manuales peri\u00f3dicas del lodo de la prensa de filtro.\r\n\t\t\tAspectos destacados\r\n\t\t<p><strong>Control del contenido de hierro<br \/><\/strong>El contenido de hierro en la soluci\u00f3n de fundente se mantiene por debajo de una concentraci\u00f3n de 5g\/l (0.667 oz\/gal).<strong>Ahorro de zinc<br \/><\/strong>Al reducir el contenido de hierro en el fundente, se produce menos escoria y ceniza, lo que conduce a un menor consumo de zinc.<strong>Calidad mejorada<br \/><\/strong>Un ba\u00f1o de zinc m\u00e1s limpio conduce a una mejor calidad de los productos acabados.<strong>Vers\u00e1til<\/strong><\/p>\r\n<h3>\r\n\t<b>Unidades de regeneraci\u00f3n de \u00e1cido gastado<\/b>\r\n\t<\/h3>\r\n\t<p>La unidad de regeneraci\u00f3n de \u00e1cido <strong>recupera el \u00e1cido clorh\u00eddrico<\/strong> de los \u00e1cidos gastados y las soluciones de decapado. A diferencia de los procesos de regeneraci\u00f3n comunes, se utiliza \u00e1cido sulf\u00farico como reactivo. El \u00e1cido regenerado est\u00e1 libre de contaminantes como sulfatos, hierro y zinc. La unidad de evaporaci\u00f3n del equipo opera bajo un vac\u00edo fuerte.<\/p>\r\n<p>El subproducto del proceso de regeneraci\u00f3n es el sulfato ferroso, un potente <strong>agente fertilizante del suelo<\/strong>, que se produce como un cristal s\u00f3lido y se separa a trav\u00e9s de una prensa de filtro. Esta tecnolog\u00eda puede manejar una presencia significativa de cloruro de zinc en el \u00e1cido de decapado gastado. El equipo est\u00e1 dise\u00f1ado para trabajar con tanques de almacenamiento tanto para \u00e1cidos gastados como regenerados.<\/p>\r\n\t\t\tAspectos destacados\r\n\t\t<p><strong>Ciclo basado en \u00e1cido sulf\u00farico<br \/><\/strong>Se utiliza H2SO4 como reactivo para la recuperaci\u00f3n de HCl.<strong>Gran eficacia<br \/><\/strong>Se puede regenerar hasta el 95\u00f797% del \u00e1cido clorh\u00eddrico en las soluciones de decapado gastadas. El HCl se recupera con una concentraci\u00f3n del 19\u00f721%.<strong>Subproductos ecol\u00f3gicos<br \/><\/strong>La reacci\u00f3n genera principalmente FeSO<sub>4<\/sub> hidratado <em>(sulfato ferroso),<\/em> un agente fertilizante del suelo.<strong>Balance econ\u00f3mico positivo<\/strong><\/p>\r\n<h3>\r\n\t<strong> Unidades de neutralizaci\u00f3n de \u00e1cidos y reciclaje de agua<\/strong>\r\n\t<\/h3>\r\n\t<p>El proceso de tratamiento de aguas residuales implica la recopilaci\u00f3n y mezcla de aguas de enjuague de los tanques, neutralizando su nivel \u00e1cido al agregarles la cantidad adecuada de \u00e1cido gastado y sosa. El sistema opera incluso sin flujo de aguas de enjuague.<\/p>\r\n<p>Posteriormente, la oxidaci\u00f3n convierte ciertos compuestos, la sedimentaci\u00f3n separa los s\u00f3lidos y la filtraci\u00f3n produce lodos semis\u00f3lidos. Esta planta puede manejar licores residuales de galvanizado, reciclar aguas de enjuague y mantener los niveles de pH. Opera de forma autom\u00e1tica y requiere la remoci\u00f3n manual ocasional de lodos.<\/p>\r\n\t\t\tAspectos destacados\r\n\t\t<p><strong>Tratamiento del \u00e1cido clorh\u00eddrico gastado<br \/><\/strong>El objetivo principal es el tratamiento de la soluci\u00f3n agotada de \u00e1cido HCl de decapado destinada a la eliminaci\u00f3n.<strong>Vers\u00e1til<br \/><\/strong>La planta es capaz de tratar \u00e1cido gastado con diferentes concentraciones de hierro disuelto y acidez libre <em>(t\u00edpicamente: 130\u00f7170 g\/l o 17,37\u00f722,71 oz\/gal de hierro y 50\u00f730 g\/l o 4\u00f76,6 oz\/gal de acidez libre).<\/em><strong>Confiable<br \/><\/strong>Mediante la planta de neutralizaci\u00f3n, el hierro y otros metales disueltos en \u00e1cido precipitan en forma de hidr\u00f3xido; la sosa se utiliza para neutralizar la acidez, alcanzando el pH adecuado para que el compuesto de hidr\u00f3xido precipite.<strong>Producci\u00f3n de agua<\/strong><\/p>\r\n\r\n<\/div><!-- .vgblk-rw-wrapper -->","protected":false},"excerpt":{"rendered":"<p>Regeneraci\u00f3n de \u00e1cidos, regeneraci\u00f3n de fundente y sistemas de neutralizaci\u00f3n representan la culminaci\u00f3n l\u00f3gica de una planta de galvanizaci\u00f3n en caliente. Con ellos, es posible mejorar significativamente tanto el impacto ambiental como la eficiencia de producci\u00f3n de la l\u00ednea de galvanizado. La industria necesita renovar su imagen, y la l\u00f3gica del respeto ambiental es el&#8230;<\/p>\n","protected":false},"author":1,"featured_media":0,"parent":0,"menu_order":0,"comment_status":"closed","ping_status":"closed","template":"","meta":{"inline_featured_image":false,"footnotes":""},"class_list":["post-20666","page","type-page","status-publish","hentry"],"yoast_head":"<!-- This site is optimized with the Yoast SEO plugin v26.4 - https:\/\/yoast.com\/wordpress\/plugins\/seo\/ -->\n<title>Neutralizaci\u00f3n \u2013 Regeneraci\u00f3n | GIMECO Impianti<\/title>\n<meta name=\"description\" content=\"Neutralizaci\u00f3n y regeneraci\u00f3n son una mejora significativa tanto del impacto medioambiental como de la producci\u00f3n de la l\u00ednea de galvanizado...\" \/>\n<meta name=\"robots\" content=\"index, follow, max-snippet:-1, max-image-preview:large, max-video-preview:-1\" \/>\n<link rel=\"canonical\" href=\"https:\/\/gimeco.com\/neutralisation-regeneration\/\" \/>\n<meta property=\"og:locale\" content=\"es_ES\" \/>\n<meta property=\"og:type\" content=\"article\" \/>\n<meta property=\"og:title\" content=\"Neutralizaci\u00f3n \u2013 Regeneraci\u00f3n | GIMECO Impianti\" \/>\n<meta property=\"og:description\" content=\"Neutralizaci\u00f3n y regeneraci\u00f3n son una mejora significativa tanto del impacto medioambiental como de la producci\u00f3n de la l\u00ednea de galvanizado...\" \/>\n<meta property=\"og:url\" content=\"https:\/\/gimeco.com\/neutralisation-regeneration\/\" \/>\n<meta property=\"og:site_name\" content=\"GIMECO Impianti\" \/>\n<meta property=\"article:publisher\" content=\"https:\/\/www.facebook.com\/gimecogroup\" \/>\n<meta property=\"article:modified_time\" content=\"2024-06-03T10:21:30+00:00\" \/>\n<meta property=\"og:image\" content=\"https:\/\/gimeco.com\/wp-content\/uploads\/2023\/11\/Logo_GIMECO_StringNoPayoff-250.png\" \/>\n\t<meta property=\"og:image:width\" content=\"250\" \/>\n\t<meta property=\"og:image:height\" content=\"98\" \/>\n\t<meta property=\"og:image:type\" content=\"image\/png\" \/>\n<script type=\"application\/ld+json\" class=\"yoast-schema-graph\">{\"@context\":\"https:\/\/schema.org\",\"@graph\":[{\"@type\":\"WebPage\",\"@id\":\"https:\/\/gimeco.com\/neutralisation-regeneration\/\",\"url\":\"https:\/\/gimeco.com\/neutralisation-regeneration\/\",\"name\":\"Neutralizaci\u00f3n \u2013 Regeneraci\u00f3n | GIMECO Impianti\",\"isPartOf\":{\"@id\":\"https:\/\/gimeco.com\/#website\"},\"datePublished\":\"2023-09-25T08:47:03+00:00\",\"dateModified\":\"2024-06-03T10:21:30+00:00\",\"description\":\"Neutralizaci\u00f3n y regeneraci\u00f3n son una mejora significativa tanto del impacto medioambiental como de la producci\u00f3n de la l\u00ednea de galvanizado...\",\"breadcrumb\":{\"@id\":\"https:\/\/gimeco.com\/neutralisation-regeneration\/#breadcrumb\"},\"inLanguage\":\"es\",\"potentialAction\":[{\"@type\":\"ReadAction\",\"target\":[\"https:\/\/gimeco.com\/neutralisation-regeneration\/\"]}]},{\"@type\":\"BreadcrumbList\",\"@id\":\"https:\/\/gimeco.com\/neutralisation-regeneration\/#breadcrumb\",\"itemListElement\":[{\"@type\":\"ListItem\",\"position\":1,\"name\":\"Home\",\"item\":\"https:\/\/gimeco.com\/es\/\"},{\"@type\":\"ListItem\",\"position\":2,\"name\":\"Neutralizaci\u00f3n \u2013 Regeneraci\u00f3n\"}]},{\"@type\":\"WebSite\",\"@id\":\"https:\/\/gimeco.com\/#website\",\"url\":\"https:\/\/gimeco.com\/\",\"name\":\"gimeco.com\",\"description\":\"Your Partner from A to Zink\",\"publisher\":{\"@id\":\"https:\/\/gimeco.com\/#organization\"},\"alternateName\":\"Gimeco\",\"potentialAction\":[{\"@type\":\"SearchAction\",\"target\":{\"@type\":\"EntryPoint\",\"urlTemplate\":\"https:\/\/gimeco.com\/?s={search_term_string}\"},\"query-input\":{\"@type\":\"PropertyValueSpecification\",\"valueRequired\":true,\"valueName\":\"search_term_string\"}}],\"inLanguage\":\"es\"},{\"@type\":\"Organization\",\"@id\":\"https:\/\/gimeco.com\/#organization\",\"name\":\"Gimeco\",\"url\":\"https:\/\/gimeco.com\/\",\"logo\":{\"@type\":\"ImageObject\",\"inLanguage\":\"es\",\"@id\":\"https:\/\/gimeco.com\/#\/schema\/logo\/image\/\",\"url\":\"https:\/\/gimeco.com\/wp-content\/uploads\/2023\/11\/Logo_GIMECO_StringNoPayoff-250.png\",\"contentUrl\":\"https:\/\/gimeco.com\/wp-content\/uploads\/2023\/11\/Logo_GIMECO_StringNoPayoff-250.png\",\"width\":250,\"height\":98,\"caption\":\"Gimeco\"},\"image\":{\"@id\":\"https:\/\/gimeco.com\/#\/schema\/logo\/image\/\"},\"sameAs\":[\"https:\/\/www.facebook.com\/gimecogroup\"]}]}<\/script>\n<!-- \/ Yoast SEO plugin. -->","yoast_head_json":{"title":"Neutralizaci\u00f3n \u2013 Regeneraci\u00f3n | GIMECO Impianti","description":"Neutralizaci\u00f3n y regeneraci\u00f3n son una mejora significativa tanto del impacto medioambiental como de la producci\u00f3n de la l\u00ednea de galvanizado...","robots":{"index":"index","follow":"follow","max-snippet":"max-snippet:-1","max-image-preview":"max-image-preview:large","max-video-preview":"max-video-preview:-1"},"canonical":"https:\/\/gimeco.com\/neutralisation-regeneration\/","og_locale":"es_ES","og_type":"article","og_title":"Neutralizaci\u00f3n \u2013 Regeneraci\u00f3n | GIMECO Impianti","og_description":"Neutralizaci\u00f3n y regeneraci\u00f3n son una mejora significativa tanto del impacto medioambiental como de la producci\u00f3n de la l\u00ednea de galvanizado...","og_url":"https:\/\/gimeco.com\/neutralisation-regeneration\/","og_site_name":"GIMECO Impianti","article_publisher":"https:\/\/www.facebook.com\/gimecogroup","article_modified_time":"2024-06-03T10:21:30+00:00","og_image":[{"width":250,"height":98,"url":"https:\/\/gimeco.com\/wp-content\/uploads\/2023\/11\/Logo_GIMECO_StringNoPayoff-250.png","type":"image\/png"}],"schema":{"@context":"https:\/\/schema.org","@graph":[{"@type":"WebPage","@id":"https:\/\/gimeco.com\/neutralisation-regeneration\/","url":"https:\/\/gimeco.com\/neutralisation-regeneration\/","name":"Neutralizaci\u00f3n \u2013 Regeneraci\u00f3n | GIMECO Impianti","isPartOf":{"@id":"https:\/\/gimeco.com\/#website"},"datePublished":"2023-09-25T08:47:03+00:00","dateModified":"2024-06-03T10:21:30+00:00","description":"Neutralizaci\u00f3n y regeneraci\u00f3n son una mejora significativa tanto del impacto medioambiental como de la producci\u00f3n de la l\u00ednea de galvanizado...","breadcrumb":{"@id":"https:\/\/gimeco.com\/neutralisation-regeneration\/#breadcrumb"},"inLanguage":"es","potentialAction":[{"@type":"ReadAction","target":["https:\/\/gimeco.com\/neutralisation-regeneration\/"]}]},{"@type":"BreadcrumbList","@id":"https:\/\/gimeco.com\/neutralisation-regeneration\/#breadcrumb","itemListElement":[{"@type":"ListItem","position":1,"name":"Home","item":"https:\/\/gimeco.com\/es\/"},{"@type":"ListItem","position":2,"name":"Neutralizaci\u00f3n \u2013 Regeneraci\u00f3n"}]},{"@type":"WebSite","@id":"https:\/\/gimeco.com\/#website","url":"https:\/\/gimeco.com\/","name":"gimeco.com","description":"Your Partner from A to Zink","publisher":{"@id":"https:\/\/gimeco.com\/#organization"},"alternateName":"Gimeco","potentialAction":[{"@type":"SearchAction","target":{"@type":"EntryPoint","urlTemplate":"https:\/\/gimeco.com\/?s={search_term_string}"},"query-input":{"@type":"PropertyValueSpecification","valueRequired":true,"valueName":"search_term_string"}}],"inLanguage":"es"},{"@type":"Organization","@id":"https:\/\/gimeco.com\/#organization","name":"Gimeco","url":"https:\/\/gimeco.com\/","logo":{"@type":"ImageObject","inLanguage":"es","@id":"https:\/\/gimeco.com\/#\/schema\/logo\/image\/","url":"https:\/\/gimeco.com\/wp-content\/uploads\/2023\/11\/Logo_GIMECO_StringNoPayoff-250.png","contentUrl":"https:\/\/gimeco.com\/wp-content\/uploads\/2023\/11\/Logo_GIMECO_StringNoPayoff-250.png","width":250,"height":98,"caption":"Gimeco"},"image":{"@id":"https:\/\/gimeco.com\/#\/schema\/logo\/image\/"},"sameAs":["https:\/\/www.facebook.com\/gimecogroup"]}]}},"_links":{"self":[{"href":"https:\/\/gimeco.com\/es\/wp-json\/wp\/v2\/pages\/20666","targetHints":{"allow":["GET"]}}],"collection":[{"href":"https:\/\/gimeco.com\/es\/wp-json\/wp\/v2\/pages"}],"about":[{"href":"https:\/\/gimeco.com\/es\/wp-json\/wp\/v2\/types\/page"}],"author":[{"embeddable":true,"href":"https:\/\/gimeco.com\/es\/wp-json\/wp\/v2\/users\/1"}],"replies":[{"embeddable":true,"href":"https:\/\/gimeco.com\/es\/wp-json\/wp\/v2\/comments?post=20666"}],"version-history":[{"count":10,"href":"https:\/\/gimeco.com\/es\/wp-json\/wp\/v2\/pages\/20666\/revisions"}],"predecessor-version":[{"id":22405,"href":"https:\/\/gimeco.com\/es\/wp-json\/wp\/v2\/pages\/20666\/revisions\/22405"}],"wp:attachment":[{"href":"https:\/\/gimeco.com\/es\/wp-json\/wp\/v2\/media?parent=20666"}],"curies":[{"name":"wp","href":"https:\/\/api.w.org\/{rel}","templated":true}]}}