{"id":20670,"date":"2023-10-03T09:41:44","date_gmt":"2023-10-03T09:41:44","guid":{"rendered":"https:\/\/gimeco.com\/tecnologias\/tubes-and-pipes-galvanizing\/"},"modified":"2024-06-03T10:06:20","modified_gmt":"2024-06-03T10:06:20","slug":"galvanizado-de-tubos-y-tuberias","status":"publish","type":"page","link":"https:\/\/gimeco.com\/es\/galvanizado-de-tubos-y-tuberias\/","title":{"rendered":"Galvanizado de tubos y tuber\u00edas"},"content":{"rendered":"<div class=\"vgblk-rw-wrapper limit-wrapper\">\r\n\r\n\t<p>A lo largo de los a\u00f1os, y con un conocimiento mejorado tras la adquisici\u00f3n de la empresa CO.T.IMP.I, en GIMECO hemos desarrollado equipos para l\u00edneas completas de galvanizado en caliente de tubos y ca\u00f1os que son altamente confiables, con el objetivo de optimizar y e<strong>standarizar el proceso de producci\u00f3n<\/strong> a niveles de alta calidad al controlar y gestionar sus diversas fases.<\/p>\r\n<p>Ofrecemos plantas de galvanizado de tubos y ca\u00f1os con un <strong>alto nivel de automatizaci\u00f3n<\/strong>. Desde la fase de pretratamiento qu\u00edmico hasta la fase de pasivaci\u00f3n, todas las operaciones se llevan a cabo completamente de forma autom\u00e1tica con supervisi\u00f3n ocasional del operador. Se ha prestado gran atenci\u00f3n a la gesti\u00f3n de la l\u00ednea para <strong>preservar el entorno de trabajo circundante<\/strong>, cumpliendo con los l\u00edmites m\u00e1s estrictos impuestos por las autoridades pertinentes.<\/p>\r\n<p>Toda la l\u00ednea de galvanizado en caliente de tubos y ca\u00f1os est\u00e1 dise\u00f1ada para operar con alta eficiencia, logrando una <strong>alta productividad y rendimiento de calidad<\/strong>. Estos, combinados con un control de producci\u00f3n integral, han dado lugar a resultados significativos en eficiencia energ\u00e9tica y de materia prima.<\/p>\r\n<h3>\r\n\t<strong>Transportadores continuos de fardos de tuber\u00edas<\/strong>\r\n\t<\/h3>\r\n<h3>\r\n\t<strong>M\u00e1quinas desenredadoras de fardos<br \/><\/strong>\r\n\t<\/h3>\r\n<h3>\r\n\t<strong>M\u00e1quinas alimentadoras de secadoras<\/strong>\r\n\t<\/h3>\r\n\tTubos y tuber\u00edas se alimentan en la l\u00ednea en fardos y se enganchan directamente al bastidor universal para su manipulaci\u00f3n durante todo el proceso de pretratamiento.<br \/>\r\nLos fardos que provienen del ba\u00f1o de fluxado se colocan en una cinta transportadora inclinada, dimensionada para contener y recibir varios fardos simult\u00e1neamente mientras se preserva la trazabilidad completa. Los fardos se mueven hacia el dispositivo que los abre, luego alinea los tubos individuales. Estos luego se env\u00edan a la entrada del secador.<br \/>\r\nEste equipo es completamente autom\u00e1tico y requiere intervenci\u00f3n ocasional del operador.\r\n\t\t\t\t\t\t\t<img decoding=\"async\" src=\"https:\/\/gimeco.com\/wp-content\/plugins\/beaver-builder-lite-version\/img\/pixel.png\" alt=\"\" itemprop=\"image\" onerror=\"this.style.display='none'\"  \/>\r\n<h3>\r\n\t<b>Secadores de transportador de cadena<\/b>\r\n\t<\/h3>\r\n\tNuestras secadores garantizan un secado total y un precalentamiento sensible de los tubos al permitir altas tasas de inmersi\u00f3n en zinc fundido, evitando la quema del fundente y limitando la deformaci\u00f3n por choque t\u00e9rmico.<br \/>\r\nEl rendimiento de secado es alto gracias a la gran cantidad de flujo de aire que pasa alrededor y a trav\u00e9s de los tubos que se van a secar, <strong>sin exceder el punto de ajuste de temperatura<\/strong>.<br \/>\r\nEl aire de secado se calienta hasta la temperatura deseada mediante un intercambiador de calor indirecto alimentado normalmente con vapor.\r\n<h3>\r\n\t<strong>Alimentaci\u00f3n continua para el sumergimiento<\/strong>\r\n\t<\/h3>\r\n\tLas tuber\u00edas secas son recogidas por un dispositivo de \u00abviga m\u00f3vil\u00bb que alimenta las tuber\u00edas a los rodillos de lanzamiento para tener la l\u00ednea de inmersi\u00f3n alimentada de manera continua.<br \/>\r\nEste equipo es totalmente autom\u00e1tico y requiere la asistencia ocasional de un operador de control.\r\n<h3>\r\n\t<strong>M\u00e1quinas de inmersi\u00f3n y extracci\u00f3n<\/strong>\r\n\t<\/h3>\r\n\tEsta m\u00e1quina de inmersi\u00f3n est\u00e1 equipada con un doble juego de tornillos sincronizados para la inmersi\u00f3n y extracci\u00f3n de tubos en pares; el dise\u00f1o innovador permite reducir el ancho del crisol al tiempo que se <strong>maximiza el n\u00famero de tubos procesados simult\u00e1neamente<\/strong>.<br \/>\r\nLos juegos de tornillos de inmersi\u00f3n pueden manejar varios tama\u00f1os de tubos, con un conjunto disponible para mantenimiento mientras que el otro est\u00e1 en funcionamiento.<br \/>\r\nEl sistema de tornillos helicoidales garantiza una adhesi\u00f3n uniforme de zinc <em>(administrado por recetas de trabajo).<\/em><br \/>\r\nDespu\u00e9s de la inmersi\u00f3n, los tubos se extraen con ganchos verticales. La m\u00e1quina puede desmontarse f\u00e1cilmente para mantenimiento o mejoras.<br \/>\r\nEste equipo es completamente autom\u00e1tico y requiere intervenci\u00f3n ocasional por parte del operador.\r\n<h3>\r\n\t<b>M\u00e1quinas de extracci\u00f3n, limpieza y soplado<\/b>\r\n\t<\/h3>\r\n<h3>\r\n\t<b> Recuperaci\u00f3n y filtraci\u00f3n de \u00f3xidos de zinc<\/b>\r\n\t<\/h3>\r\n\tEsta m\u00e1quina permite limpiar los tubos del exceso de zinc despu\u00e9s de su extracci\u00f3n del crisol, tanto externa como internamente.<br \/>\r\nLa m\u00e1quina es adecuada para tubos de di\u00e1metro peque\u00f1o a grande <em>(en el caso de di\u00e1metros m\u00e1s grandes, la m\u00e1quina est\u00e1 equipada con un mandril de soplado protruyente)<\/em> y prev\u00e9 la recuperaci\u00f3n y recogida de los humos blancos hacia el filtro de la planta.<br \/>\r\nEste equipo es completamente autom\u00e1tico y requiere la intervenci\u00f3n ocasional de un operador.\r\n<h3>\r\n\t<b>Ruedas dentadas para tanques de enfriamiento<\/b>\r\n\t<\/h3>\r\n<h3>\r\n\t<b>Capuchas recolectoras de vapor<\/b>\r\n\t<\/h3>\r\n\t<p>Despu\u00e9s de las operaciones de inmersi\u00f3n, los tubos se liberan en un tanque de enfriamiento con agua, que presenta un elemento de rueda dentada <em>(f\u00e1cilmente extra\u00edble del ba\u00f1o para inspecciones y mantenimiento)<\/em> que mejora la eficiencia operativa al guiar y extraer el material del ba\u00f1o. Los vapores generados por el enfriamiento de los tubos calientes son recolectados por una capucha dedicada.<\/p>\r\n<h3>\r\n\t<strong>Mesas de cadena para inspecci\u00f3n y almacenamiento <\/strong>\r\n\t<\/h3>\r\n<h3>\r\n\t<b>Rodillos de transferencia<\/b>\r\n\t<\/h3>\r\n<h3>\r\n\t<b>Cunas separadoras de tubos defectuosos<\/b>\r\n\t<\/h3>\r\n\r\n<\/div><!-- .vgblk-rw-wrapper -->","protected":false},"excerpt":{"rendered":"<p>A lo largo de los a\u00f1os, y con un conocimiento mejorado tras la adquisici\u00f3n de la empresa CO.T.IMP.I, en GIMECO hemos desarrollado equipos para l\u00edneas completas de galvanizado en caliente de tubos y ca\u00f1os que son altamente confiables, con el objetivo de optimizar y estandarizar el proceso de producci\u00f3n a niveles de alta calidad al&#8230;<\/p>\n","protected":false},"author":1,"featured_media":0,"parent":0,"menu_order":0,"comment_status":"closed","ping_status":"closed","template":"","meta":{"inline_featured_image":false,"footnotes":""},"class_list":["post-20670","page","type-page","status-publish","hentry"],"yoast_head":"<!-- This site is optimized with the Yoast SEO plugin v26.4 - https:\/\/yoast.com\/wordpress\/plugins\/seo\/ -->\n<title>Galvanizado de tubos y tuber\u00edas | GIMECO Impianti<\/title>\n<meta name=\"description\" content=\"Sistemas dedicados a la manipulaci\u00f3n de tubos y tuber\u00edas. A lo largo de los a\u00f1os, y con un know-how mejorado tras la adquisici\u00f3n de la empresa CO.T.IMP.I.\" \/>\n<meta name=\"robots\" content=\"index, follow, max-snippet:-1, max-image-preview:large, max-video-preview:-1\" \/>\n<link rel=\"canonical\" href=\"https:\/\/gimeco.com\/tubes-and-pipes-galvanizing\/\" \/>\n<meta property=\"og:locale\" content=\"es_ES\" \/>\n<meta property=\"og:type\" content=\"article\" \/>\n<meta property=\"og:title\" content=\"Galvanizado de tubos y tuber\u00edas | GIMECO Impianti\" \/>\n<meta property=\"og:description\" content=\"Sistemas dedicados a la manipulaci\u00f3n de tubos y tuber\u00edas. A lo largo de los a\u00f1os, y con un know-how mejorado tras la adquisici\u00f3n de la empresa CO.T.IMP.I.\" \/>\n<meta property=\"og:url\" content=\"https:\/\/gimeco.com\/tubes-and-pipes-galvanizing\/\" \/>\n<meta property=\"og:site_name\" content=\"GIMECO Impianti\" \/>\n<meta property=\"article:publisher\" content=\"https:\/\/www.facebook.com\/gimecogroup\" \/>\n<meta property=\"article:modified_time\" content=\"2024-06-03T10:06:20+00:00\" \/>\n<meta property=\"og:image\" content=\"https:\/\/gimeco.com\/wp-content\/plugins\/beaver-builder-lite-version\/img\/pixel.png\" \/>\n<script type=\"application\/ld+json\" class=\"yoast-schema-graph\">{\"@context\":\"https:\/\/schema.org\",\"@graph\":[{\"@type\":\"WebPage\",\"@id\":\"https:\/\/gimeco.com\/tubes-and-pipes-galvanizing\/\",\"url\":\"https:\/\/gimeco.com\/tubes-and-pipes-galvanizing\/\",\"name\":\"Galvanizado de tubos y tuber\u00edas | GIMECO Impianti\",\"isPartOf\":{\"@id\":\"https:\/\/gimeco.com\/#website\"},\"primaryImageOfPage\":{\"@id\":\"https:\/\/gimeco.com\/tubes-and-pipes-galvanizing\/#primaryimage\"},\"image\":{\"@id\":\"https:\/\/gimeco.com\/tubes-and-pipes-galvanizing\/#primaryimage\"},\"thumbnailUrl\":\"https:\/\/gimeco.com\/wp-content\/plugins\/beaver-builder-lite-version\/img\/pixel.png\",\"datePublished\":\"2023-10-03T09:41:44+00:00\",\"dateModified\":\"2024-06-03T10:06:20+00:00\",\"description\":\"Sistemas dedicados a la manipulaci\u00f3n de tubos y tuber\u00edas. A lo largo de los a\u00f1os, y con un know-how mejorado tras la adquisici\u00f3n de la empresa CO.T.IMP.I.\",\"breadcrumb\":{\"@id\":\"https:\/\/gimeco.com\/tubes-and-pipes-galvanizing\/#breadcrumb\"},\"inLanguage\":\"es\",\"potentialAction\":[{\"@type\":\"ReadAction\",\"target\":[\"https:\/\/gimeco.com\/tubes-and-pipes-galvanizing\/\"]}]},{\"@type\":\"ImageObject\",\"inLanguage\":\"es\",\"@id\":\"https:\/\/gimeco.com\/tubes-and-pipes-galvanizing\/#primaryimage\",\"url\":\"https:\/\/gimeco.com\/wp-content\/plugins\/beaver-builder-lite-version\/img\/pixel.png\",\"contentUrl\":\"https:\/\/gimeco.com\/wp-content\/plugins\/beaver-builder-lite-version\/img\/pixel.png\"},{\"@type\":\"BreadcrumbList\",\"@id\":\"https:\/\/gimeco.com\/tubes-and-pipes-galvanizing\/#breadcrumb\",\"itemListElement\":[{\"@type\":\"ListItem\",\"position\":1,\"name\":\"Home\",\"item\":\"https:\/\/gimeco.com\/es\/\"},{\"@type\":\"ListItem\",\"position\":2,\"name\":\"Galvanizado de tubos y tuber\u00edas\"}]},{\"@type\":\"WebSite\",\"@id\":\"https:\/\/gimeco.com\/#website\",\"url\":\"https:\/\/gimeco.com\/\",\"name\":\"gimeco.com\",\"description\":\"Your Partner from A to Zink\",\"publisher\":{\"@id\":\"https:\/\/gimeco.com\/#organization\"},\"alternateName\":\"Gimeco\",\"potentialAction\":[{\"@type\":\"SearchAction\",\"target\":{\"@type\":\"EntryPoint\",\"urlTemplate\":\"https:\/\/gimeco.com\/?s={search_term_string}\"},\"query-input\":{\"@type\":\"PropertyValueSpecification\",\"valueRequired\":true,\"valueName\":\"search_term_string\"}}],\"inLanguage\":\"es\"},{\"@type\":\"Organization\",\"@id\":\"https:\/\/gimeco.com\/#organization\",\"name\":\"Gimeco\",\"url\":\"https:\/\/gimeco.com\/\",\"logo\":{\"@type\":\"ImageObject\",\"inLanguage\":\"es\",\"@id\":\"https:\/\/gimeco.com\/#\/schema\/logo\/image\/\",\"url\":\"https:\/\/gimeco.com\/wp-content\/uploads\/2023\/11\/Logo_GIMECO_StringNoPayoff-250.png\",\"contentUrl\":\"https:\/\/gimeco.com\/wp-content\/uploads\/2023\/11\/Logo_GIMECO_StringNoPayoff-250.png\",\"width\":250,\"height\":98,\"caption\":\"Gimeco\"},\"image\":{\"@id\":\"https:\/\/gimeco.com\/#\/schema\/logo\/image\/\"},\"sameAs\":[\"https:\/\/www.facebook.com\/gimecogroup\"]}]}<\/script>\n<!-- \/ Yoast SEO plugin. -->","yoast_head_json":{"title":"Galvanizado de tubos y tuber\u00edas | GIMECO Impianti","description":"Sistemas dedicados a la manipulaci\u00f3n de tubos y tuber\u00edas. A lo largo de los a\u00f1os, y con un know-how mejorado tras la adquisici\u00f3n de la empresa CO.T.IMP.I.","robots":{"index":"index","follow":"follow","max-snippet":"max-snippet:-1","max-image-preview":"max-image-preview:large","max-video-preview":"max-video-preview:-1"},"canonical":"https:\/\/gimeco.com\/tubes-and-pipes-galvanizing\/","og_locale":"es_ES","og_type":"article","og_title":"Galvanizado de tubos y tuber\u00edas | GIMECO Impianti","og_description":"Sistemas dedicados a la manipulaci\u00f3n de tubos y tuber\u00edas. A lo largo de los a\u00f1os, y con un know-how mejorado tras la adquisici\u00f3n de la empresa CO.T.IMP.I.","og_url":"https:\/\/gimeco.com\/tubes-and-pipes-galvanizing\/","og_site_name":"GIMECO Impianti","article_publisher":"https:\/\/www.facebook.com\/gimecogroup","article_modified_time":"2024-06-03T10:06:20+00:00","og_image":[{"url":"https:\/\/gimeco.com\/wp-content\/plugins\/beaver-builder-lite-version\/img\/pixel.png","type":"","width":"","height":""}],"schema":{"@context":"https:\/\/schema.org","@graph":[{"@type":"WebPage","@id":"https:\/\/gimeco.com\/tubes-and-pipes-galvanizing\/","url":"https:\/\/gimeco.com\/tubes-and-pipes-galvanizing\/","name":"Galvanizado de tubos y tuber\u00edas | GIMECO Impianti","isPartOf":{"@id":"https:\/\/gimeco.com\/#website"},"primaryImageOfPage":{"@id":"https:\/\/gimeco.com\/tubes-and-pipes-galvanizing\/#primaryimage"},"image":{"@id":"https:\/\/gimeco.com\/tubes-and-pipes-galvanizing\/#primaryimage"},"thumbnailUrl":"https:\/\/gimeco.com\/wp-content\/plugins\/beaver-builder-lite-version\/img\/pixel.png","datePublished":"2023-10-03T09:41:44+00:00","dateModified":"2024-06-03T10:06:20+00:00","description":"Sistemas dedicados a la manipulaci\u00f3n de tubos y tuber\u00edas. A lo largo de los a\u00f1os, y con un know-how mejorado tras la adquisici\u00f3n de la empresa CO.T.IMP.I.","breadcrumb":{"@id":"https:\/\/gimeco.com\/tubes-and-pipes-galvanizing\/#breadcrumb"},"inLanguage":"es","potentialAction":[{"@type":"ReadAction","target":["https:\/\/gimeco.com\/tubes-and-pipes-galvanizing\/"]}]},{"@type":"ImageObject","inLanguage":"es","@id":"https:\/\/gimeco.com\/tubes-and-pipes-galvanizing\/#primaryimage","url":"https:\/\/gimeco.com\/wp-content\/plugins\/beaver-builder-lite-version\/img\/pixel.png","contentUrl":"https:\/\/gimeco.com\/wp-content\/plugins\/beaver-builder-lite-version\/img\/pixel.png"},{"@type":"BreadcrumbList","@id":"https:\/\/gimeco.com\/tubes-and-pipes-galvanizing\/#breadcrumb","itemListElement":[{"@type":"ListItem","position":1,"name":"Home","item":"https:\/\/gimeco.com\/es\/"},{"@type":"ListItem","position":2,"name":"Galvanizado de tubos y tuber\u00edas"}]},{"@type":"WebSite","@id":"https:\/\/gimeco.com\/#website","url":"https:\/\/gimeco.com\/","name":"gimeco.com","description":"Your Partner from A to Zink","publisher":{"@id":"https:\/\/gimeco.com\/#organization"},"alternateName":"Gimeco","potentialAction":[{"@type":"SearchAction","target":{"@type":"EntryPoint","urlTemplate":"https:\/\/gimeco.com\/?s={search_term_string}"},"query-input":{"@type":"PropertyValueSpecification","valueRequired":true,"valueName":"search_term_string"}}],"inLanguage":"es"},{"@type":"Organization","@id":"https:\/\/gimeco.com\/#organization","name":"Gimeco","url":"https:\/\/gimeco.com\/","logo":{"@type":"ImageObject","inLanguage":"es","@id":"https:\/\/gimeco.com\/#\/schema\/logo\/image\/","url":"https:\/\/gimeco.com\/wp-content\/uploads\/2023\/11\/Logo_GIMECO_StringNoPayoff-250.png","contentUrl":"https:\/\/gimeco.com\/wp-content\/uploads\/2023\/11\/Logo_GIMECO_StringNoPayoff-250.png","width":250,"height":98,"caption":"Gimeco"},"image":{"@id":"https:\/\/gimeco.com\/#\/schema\/logo\/image\/"},"sameAs":["https:\/\/www.facebook.com\/gimecogroup"]}]}},"_links":{"self":[{"href":"https:\/\/gimeco.com\/es\/wp-json\/wp\/v2\/pages\/20670","targetHints":{"allow":["GET"]}}],"collection":[{"href":"https:\/\/gimeco.com\/es\/wp-json\/wp\/v2\/pages"}],"about":[{"href":"https:\/\/gimeco.com\/es\/wp-json\/wp\/v2\/types\/page"}],"author":[{"embeddable":true,"href":"https:\/\/gimeco.com\/es\/wp-json\/wp\/v2\/users\/1"}],"replies":[{"embeddable":true,"href":"https:\/\/gimeco.com\/es\/wp-json\/wp\/v2\/comments?post=20670"}],"version-history":[{"count":9,"href":"https:\/\/gimeco.com\/es\/wp-json\/wp\/v2\/pages\/20670\/revisions"}],"predecessor-version":[{"id":22589,"href":"https:\/\/gimeco.com\/es\/wp-json\/wp\/v2\/pages\/20670\/revisions\/22589"}],"wp:attachment":[{"href":"https:\/\/gimeco.com\/es\/wp-json\/wp\/v2\/media?parent=20670"}],"curies":[{"name":"wp","href":"https:\/\/api.w.org\/{rel}","templated":true}]}}