{"id":20757,"date":"2023-10-03T12:21:16","date_gmt":"2023-10-03T12:21:16","guid":{"rendered":"https:\/\/gimeco.com\/servicios\/kettle-management\/"},"modified":"2024-06-03T10:27:01","modified_gmt":"2024-06-03T10:27:01","slug":"gestion-de-crisoles","status":"publish","type":"page","link":"https:\/\/gimeco.com\/es\/servicios\/gestion-de-crisoles\/","title":{"rendered":"Gesti\u00f3n de crisoles"},"content":{"rendered":"<div class=\"vgblk-rw-wrapper limit-wrapper\">\r\n\r\n\t<p>Nuestras soluciones de vanguardia para la gesti\u00f3n de zinc y de crisoles son dise\u00f1adas espec\u00edficamente para plantas de galvanizado en caliente, con el objetivo de optimizar las <strong>sustituciones de crisoles<\/strong> y ofrecer importantes <strong>ahorros de costos<\/strong>. Entendemos la importancia cr\u00edtica de minimizar el tiempo de inactividad, y nuestros servicios innovadores est\u00e1n dise\u00f1ados para hacer que este <strong>proceso sea m\u00e1s r\u00e1pido<\/strong> y rentable para usted.<\/p>\r\n<h2>\r\n\tReemplazos de crisoles\r\n\t<\/h2>\r\n<h2>\r\n\tTransferencias de zinc fundido\r\n\t<\/h2>\r\n<h2>\r\n\tHornos de estacionamiento\r\n\t<\/h2>\r\n<h3>\r\n\tEquipo\r\n\t<\/h3>\r\n\t\t\t\t\t\t\t<img loading=\"lazy\" decoding=\"async\" src=\"https:\/\/gimeco.com\/wp-content\/uploads\/2024\/01\/Immagine3-1.jpg\" alt=\"Immagine3\" itemprop=\"image\" height=\"387\" width=\"590\" title=\"Immagine3\" onerror=\"this.style.display='none'\"  sizes=\"auto, (max-width: 768px) 100vw, 100vw\" srcset=\"https:\/\/gimeco.com\/wp-content\/uploads\/2024\/01\/Immagine3-1.jpg 590w, https:\/\/gimeco.com\/wp-content\/uploads\/2024\/01\/Immagine3-1-300x197.jpg 300w, https:\/\/gimeco.com\/wp-content\/uploads\/2024\/01\/Immagine3-1-420x275.jpg 420w, https:\/\/gimeco.com\/wp-content\/uploads\/2024\/01\/Immagine3-1-315x207.jpg 315w\" \/>\t\t\t\t\t\t\t\r\n\t<strong>Hornos de estacionamiento<\/strong><br \/>\r\nUnidades transportables para mantener el zinc en estado fundido a 450\u00b0C<em> (842\u00b0F),<\/em> durante las operaciones de cambio de crisol.<br \/>\r\nDisponibles en diferentes versiones, con capacidad de hasta 90 toneladas <em>(200000 lbs)<\/em> cada una.\r\n\t\t\t\t\t\t\t<img loading=\"lazy\" decoding=\"async\" src=\"https:\/\/gimeco.com\/wp-content\/uploads\/2023\/12\/pompeg.jpg\" alt=\"pompeg\" itemprop=\"image\" height=\"420\" width=\"640\" title=\"pompeg\" onerror=\"this.style.display='none'\"  sizes=\"auto, (max-width: 768px) 100vw, 100vw\" srcset=\"https:\/\/gimeco.com\/wp-content\/uploads\/2023\/12\/pompeg.jpg 640w, https:\/\/gimeco.com\/wp-content\/uploads\/2023\/12\/pompeg-300x197.jpg 300w, https:\/\/gimeco.com\/wp-content\/uploads\/2023\/12\/pompeg-630x413.jpg 630w, https:\/\/gimeco.com\/wp-content\/uploads\/2023\/12\/pompeg-420x276.jpg 420w, https:\/\/gimeco.com\/wp-content\/uploads\/2023\/12\/pompeg-315x207.jpg 315w\" \/>\t\t\t\t\t\t\t\r\n\t<p><strong>Bombas el\u00e9ctricas<\/strong><\/p>\r\n<p>Excepcionalmente silenciosas para el trabajo y completamente dise\u00f1adas internamente, est\u00e1n disponibles en cuatro tama\u00f1os y permiten operaciones de bombeo r\u00e1pido de hasta 4,5 toneladas\u00a0 <em>(9920 lbs)<\/em> por minuto de caudal.<\/p>\r\n\t\t\t\t\t\t\t<img loading=\"lazy\" decoding=\"async\" src=\"https:\/\/gimeco.com\/wp-content\/uploads\/2023\/12\/heated-pipes-1.jpg\" alt=\"heated-pipes\" itemprop=\"image\" height=\"420\" width=\"640\" title=\"heated-pipes\" onerror=\"this.style.display='none'\"  sizes=\"auto, (max-width: 768px) 100vw, 100vw\" srcset=\"https:\/\/gimeco.com\/wp-content\/uploads\/2023\/12\/heated-pipes-1.jpg 640w, https:\/\/gimeco.com\/wp-content\/uploads\/2023\/12\/heated-pipes-1-300x197.jpg 300w, https:\/\/gimeco.com\/wp-content\/uploads\/2023\/12\/heated-pipes-1-630x413.jpg 630w, https:\/\/gimeco.com\/wp-content\/uploads\/2023\/12\/heated-pipes-1-420x276.jpg 420w, https:\/\/gimeco.com\/wp-content\/uploads\/2023\/12\/heated-pipes-1-315x207.jpg 315w\" \/>\t\t\t\t\t\t\t\r\n\t<p><strong>Tubos el\u00e9ctricamente calentados<\/strong><\/p>\r\n\t\t\t\t\t\t\t<img loading=\"lazy\" decoding=\"async\" src=\"https:\/\/gimeco.com\/wp-content\/uploads\/2023\/11\/easy.jpg\" alt=\"easy\" itemprop=\"image\" height=\"420\" width=\"640\" title=\"easy\" onerror=\"this.style.display='none'\"  sizes=\"auto, (max-width: 768px) 100vw, 100vw\" srcset=\"https:\/\/gimeco.com\/wp-content\/uploads\/2023\/11\/easy.jpg 640w, https:\/\/gimeco.com\/wp-content\/uploads\/2023\/11\/easy-300x197.jpg 300w, https:\/\/gimeco.com\/wp-content\/uploads\/2023\/11\/easy-630x413.jpg 630w, https:\/\/gimeco.com\/wp-content\/uploads\/2023\/11\/easy-420x276.jpg 420w, https:\/\/gimeco.com\/wp-content\/uploads\/2023\/11\/easy-315x207.jpg 315w\" \/>\t\t\t\t\t\t\t\r\n\t<p><strong>Moldes<\/strong><\/p>\r\n<p>De hasta 2,2 toneladas <em>(4850 lbs)<\/em> de zinc cada uno<\/p>\r\n<h3>\r\n\tOperaciones\r\n\t<\/h3>\r\n\t<ol>\r\n<li><strong>Programaci\u00f3n<\/strong><\/li>\r\n<li><strong>Preparaci\u00f3n y coordinaci\u00f3n<\/strong><\/li>\r\n<li><strong>Extracci\u00f3n del antiguo crisol<\/strong><\/li>\r\n<li><strong>Renovaci\u00f3n de cerramientos y carpinter\u00eda<\/strong><\/li>\r\n<li><strong>Renovaci\u00f3n de refractarios y aislamiento<\/strong><\/li>\r\n<li><strong>Instalaci\u00f3n del nuevo crisol<\/strong><\/li>\r\n<li><strong>Revisi\u00f3n del horno<\/strong><\/li>\r\n<li><strong>Reanudaci\u00f3n de las operaciones de galvanizado<\/strong><\/li>\r\n<\/ol>\r\n\t<h4><strong>Rapidez<\/strong><\/h4>\r\n<p>Operaciones debidamente desarrolladas y coordinadas, equipos eficientes y especialistas altamente capacitados garantizan que el servicio se realice en el menor tiempo posible para reducir los tiempos de inactividad en la producci\u00f3n.<\/p>\r\n<h4><strong>Versatilidad<\/strong><\/h4>\r\n<p>Gracias a nuestros hornos de estacionamiento, se pueden mantener hasta cientos de toneladas de zinc en estado fundido a 450\u00b0C <em>(842\u00b0F),<\/em> lo que ayuda a reducir el tiempo de reinicio despu\u00e9s del cambio de crisol.<\/p>\r\n<h4><strong>Ahorro de dinero<\/strong><\/h4>\r\n<p>Todo el proceso permite reducir los tiempos de inactividad de 3 a 7 d\u00edas para que el galvanizador pueda reanudar las actividades r\u00e1pidamente.<\/p>\r\n<h4><strong>Sin desperdicio<\/strong><\/h4>\r\n<p>Nuestro personal experimentado y nuestras bombas eficientes secan el crisol hasta dejar solo 4 cm <em>(1,5&#8243;)<\/em> de zinc residual; pr\u00e1cticamente no se desperdicia zinc.<\/p>\r\n<h4><strong>Total seguridad<\/strong><\/h4>\r\n<p>Las operaciones se planifican debidamente para garantizar el proceso m\u00e1s seguro para los trabajadores y el equipo. Los galvanizadores locales reciben capacitaci\u00f3n con herramientas de medios variados.<\/p>\r\n<h4><strong>Llave en mano<\/strong><\/h4>\r\n<h4>\r\n\t<b>Inspecciones ultras\u00f3nicas de crisoles<\/b><br \/> Revise su crisol con el KID\u2122\r\n\t<\/h4>\r\n\t<a href=\"https:\/\/gimeco.com\/es\/servicios\/kid\/\" target=\"_self\" role=\"button\" rel=\"noopener\">\r\n\t\t\t\t\tSaber <b>m\u00e1s<\/b>\r\n\t<\/a>\r\n\r\n<\/div><!-- .vgblk-rw-wrapper -->","protected":false},"excerpt":{"rendered":"<p>Nuestras soluciones de vanguardia para la gesti\u00f3n de zinc y de crisoles son dise\u00f1adas espec\u00edficamente para plantas de galvanizado en caliente, con el objetivo de optimizar las sustituciones de crisoles y ofrecer importantes ahorros de costos. Entendemos la importancia cr\u00edtica de minimizar el tiempo de inactividad, y nuestros servicios innovadores est\u00e1n dise\u00f1ados para hacer que&#8230;<\/p>\n","protected":false},"author":1,"featured_media":0,"parent":20521,"menu_order":0,"comment_status":"closed","ping_status":"closed","template":"","meta":{"inline_featured_image":false,"footnotes":""},"class_list":["post-20757","page","type-page","status-publish","hentry"],"yoast_head":"<!-- This site is optimized with the Yoast SEO plugin v26.4 - https:\/\/yoast.com\/wordpress\/plugins\/seo\/ -->\n<title>Gesti\u00f3n de crisoles | GIMECO Impianti<\/title>\n<meta name=\"description\" content=\"Cambio de crisoles, bombeo y recipientes mobiles de almacenamiento: nuestras vanguardistas soluciones de gesti\u00f3n de crisoles est\u00e1n dise\u00f1adas para...\" \/>\n<meta name=\"robots\" content=\"index, follow, max-snippet:-1, max-image-preview:large, max-video-preview:-1\" \/>\n<link rel=\"canonical\" href=\"https:\/\/gimeco.com\/es\/servicios\/gestion-de-crisoles\/\" \/>\n<meta property=\"og:locale\" content=\"es_ES\" \/>\n<meta property=\"og:type\" content=\"article\" \/>\n<meta property=\"og:title\" content=\"Gesti\u00f3n de crisoles | GIMECO Impianti\" \/>\n<meta property=\"og:description\" content=\"Cambio de crisoles, bombeo y recipientes mobiles de almacenamiento: nuestras vanguardistas soluciones de gesti\u00f3n de crisoles est\u00e1n dise\u00f1adas para...\" \/>\n<meta property=\"og:url\" content=\"https:\/\/gimeco.com\/es\/servicios\/gestion-de-crisoles\/\" \/>\n<meta property=\"og:site_name\" content=\"GIMECO Impianti\" \/>\n<meta property=\"article:publisher\" content=\"https:\/\/www.facebook.com\/gimecogroup\" \/>\n<meta property=\"article:modified_time\" content=\"2024-06-03T10:27:01+00:00\" \/>\n<meta property=\"og:image\" content=\"https:\/\/gimeco.com\/wp-content\/uploads\/2024\/01\/Immagine3-1.jpg\" \/>\n<script type=\"application\/ld+json\" class=\"yoast-schema-graph\">{\"@context\":\"https:\/\/schema.org\",\"@graph\":[{\"@type\":\"WebPage\",\"@id\":\"https:\/\/gimeco.com\/es\/servicios\/gestion-de-crisoles\/\",\"url\":\"https:\/\/gimeco.com\/es\/servicios\/gestion-de-crisoles\/\",\"name\":\"Gesti\u00f3n de crisoles | GIMECO Impianti\",\"isPartOf\":{\"@id\":\"https:\/\/gimeco.com\/#website\"},\"primaryImageOfPage\":{\"@id\":\"https:\/\/gimeco.com\/es\/servicios\/gestion-de-crisoles\/#primaryimage\"},\"image\":{\"@id\":\"https:\/\/gimeco.com\/es\/servicios\/gestion-de-crisoles\/#primaryimage\"},\"thumbnailUrl\":\"https:\/\/gimeco.com\/wp-content\/uploads\/2024\/01\/Immagine3-1.jpg\",\"datePublished\":\"2023-10-03T12:21:16+00:00\",\"dateModified\":\"2024-06-03T10:27:01+00:00\",\"description\":\"Cambio de crisoles, bombeo y recipientes mobiles de almacenamiento: nuestras vanguardistas soluciones de gesti\u00f3n de crisoles est\u00e1n dise\u00f1adas para...\",\"breadcrumb\":{\"@id\":\"https:\/\/gimeco.com\/es\/servicios\/gestion-de-crisoles\/#breadcrumb\"},\"inLanguage\":\"es\",\"potentialAction\":[{\"@type\":\"ReadAction\",\"target\":[\"https:\/\/gimeco.com\/es\/servicios\/gestion-de-crisoles\/\"]}]},{\"@type\":\"ImageObject\",\"inLanguage\":\"es\",\"@id\":\"https:\/\/gimeco.com\/es\/servicios\/gestion-de-crisoles\/#primaryimage\",\"url\":\"https:\/\/gimeco.com\/wp-content\/uploads\/2024\/01\/Immagine3-1.jpg\",\"contentUrl\":\"https:\/\/gimeco.com\/wp-content\/uploads\/2024\/01\/Immagine3-1.jpg\"},{\"@type\":\"BreadcrumbList\",\"@id\":\"https:\/\/gimeco.com\/es\/servicios\/gestion-de-crisoles\/#breadcrumb\",\"itemListElement\":[{\"@type\":\"ListItem\",\"position\":1,\"name\":\"Home\",\"item\":\"https:\/\/gimeco.com\/es\/\"},{\"@type\":\"ListItem\",\"position\":2,\"name\":\"Servicios\",\"item\":\"https:\/\/gimeco.com\/services\/\"},{\"@type\":\"ListItem\",\"position\":3,\"name\":\"Gesti\u00f3n de crisoles\"}]},{\"@type\":\"WebSite\",\"@id\":\"https:\/\/gimeco.com\/#website\",\"url\":\"https:\/\/gimeco.com\/\",\"name\":\"gimeco.com\",\"description\":\"Your Partner from A to Zink\",\"publisher\":{\"@id\":\"https:\/\/gimeco.com\/#organization\"},\"alternateName\":\"Gimeco\",\"potentialAction\":[{\"@type\":\"SearchAction\",\"target\":{\"@type\":\"EntryPoint\",\"urlTemplate\":\"https:\/\/gimeco.com\/?s={search_term_string}\"},\"query-input\":{\"@type\":\"PropertyValueSpecification\",\"valueRequired\":true,\"valueName\":\"search_term_string\"}}],\"inLanguage\":\"es\"},{\"@type\":\"Organization\",\"@id\":\"https:\/\/gimeco.com\/#organization\",\"name\":\"Gimeco\",\"url\":\"https:\/\/gimeco.com\/\",\"logo\":{\"@type\":\"ImageObject\",\"inLanguage\":\"es\",\"@id\":\"https:\/\/gimeco.com\/#\/schema\/logo\/image\/\",\"url\":\"https:\/\/gimeco.com\/wp-content\/uploads\/2023\/11\/Logo_GIMECO_StringNoPayoff-250.png\",\"contentUrl\":\"https:\/\/gimeco.com\/wp-content\/uploads\/2023\/11\/Logo_GIMECO_StringNoPayoff-250.png\",\"width\":250,\"height\":98,\"caption\":\"Gimeco\"},\"image\":{\"@id\":\"https:\/\/gimeco.com\/#\/schema\/logo\/image\/\"},\"sameAs\":[\"https:\/\/www.facebook.com\/gimecogroup\"]}]}<\/script>\n<!-- \/ Yoast SEO plugin. -->","yoast_head_json":{"title":"Gesti\u00f3n de crisoles | GIMECO Impianti","description":"Cambio de crisoles, bombeo y recipientes mobiles de almacenamiento: nuestras vanguardistas soluciones de gesti\u00f3n de crisoles est\u00e1n dise\u00f1adas para...","robots":{"index":"index","follow":"follow","max-snippet":"max-snippet:-1","max-image-preview":"max-image-preview:large","max-video-preview":"max-video-preview:-1"},"canonical":"https:\/\/gimeco.com\/es\/servicios\/gestion-de-crisoles\/","og_locale":"es_ES","og_type":"article","og_title":"Gesti\u00f3n de crisoles | GIMECO Impianti","og_description":"Cambio de crisoles, bombeo y recipientes mobiles de almacenamiento: nuestras vanguardistas soluciones de gesti\u00f3n de crisoles est\u00e1n dise\u00f1adas para...","og_url":"https:\/\/gimeco.com\/es\/servicios\/gestion-de-crisoles\/","og_site_name":"GIMECO Impianti","article_publisher":"https:\/\/www.facebook.com\/gimecogroup","article_modified_time":"2024-06-03T10:27:01+00:00","og_image":[{"url":"https:\/\/gimeco.com\/wp-content\/uploads\/2024\/01\/Immagine3-1.jpg","type":"","width":"","height":""}],"schema":{"@context":"https:\/\/schema.org","@graph":[{"@type":"WebPage","@id":"https:\/\/gimeco.com\/es\/servicios\/gestion-de-crisoles\/","url":"https:\/\/gimeco.com\/es\/servicios\/gestion-de-crisoles\/","name":"Gesti\u00f3n de crisoles | GIMECO Impianti","isPartOf":{"@id":"https:\/\/gimeco.com\/#website"},"primaryImageOfPage":{"@id":"https:\/\/gimeco.com\/es\/servicios\/gestion-de-crisoles\/#primaryimage"},"image":{"@id":"https:\/\/gimeco.com\/es\/servicios\/gestion-de-crisoles\/#primaryimage"},"thumbnailUrl":"https:\/\/gimeco.com\/wp-content\/uploads\/2024\/01\/Immagine3-1.jpg","datePublished":"2023-10-03T12:21:16+00:00","dateModified":"2024-06-03T10:27:01+00:00","description":"Cambio de crisoles, bombeo y recipientes mobiles de almacenamiento: nuestras vanguardistas soluciones de gesti\u00f3n de crisoles est\u00e1n dise\u00f1adas para...","breadcrumb":{"@id":"https:\/\/gimeco.com\/es\/servicios\/gestion-de-crisoles\/#breadcrumb"},"inLanguage":"es","potentialAction":[{"@type":"ReadAction","target":["https:\/\/gimeco.com\/es\/servicios\/gestion-de-crisoles\/"]}]},{"@type":"ImageObject","inLanguage":"es","@id":"https:\/\/gimeco.com\/es\/servicios\/gestion-de-crisoles\/#primaryimage","url":"https:\/\/gimeco.com\/wp-content\/uploads\/2024\/01\/Immagine3-1.jpg","contentUrl":"https:\/\/gimeco.com\/wp-content\/uploads\/2024\/01\/Immagine3-1.jpg"},{"@type":"BreadcrumbList","@id":"https:\/\/gimeco.com\/es\/servicios\/gestion-de-crisoles\/#breadcrumb","itemListElement":[{"@type":"ListItem","position":1,"name":"Home","item":"https:\/\/gimeco.com\/es\/"},{"@type":"ListItem","position":2,"name":"Servicios","item":"https:\/\/gimeco.com\/services\/"},{"@type":"ListItem","position":3,"name":"Gesti\u00f3n de crisoles"}]},{"@type":"WebSite","@id":"https:\/\/gimeco.com\/#website","url":"https:\/\/gimeco.com\/","name":"gimeco.com","description":"Your Partner from A to Zink","publisher":{"@id":"https:\/\/gimeco.com\/#organization"},"alternateName":"Gimeco","potentialAction":[{"@type":"SearchAction","target":{"@type":"EntryPoint","urlTemplate":"https:\/\/gimeco.com\/?s={search_term_string}"},"query-input":{"@type":"PropertyValueSpecification","valueRequired":true,"valueName":"search_term_string"}}],"inLanguage":"es"},{"@type":"Organization","@id":"https:\/\/gimeco.com\/#organization","name":"Gimeco","url":"https:\/\/gimeco.com\/","logo":{"@type":"ImageObject","inLanguage":"es","@id":"https:\/\/gimeco.com\/#\/schema\/logo\/image\/","url":"https:\/\/gimeco.com\/wp-content\/uploads\/2023\/11\/Logo_GIMECO_StringNoPayoff-250.png","contentUrl":"https:\/\/gimeco.com\/wp-content\/uploads\/2023\/11\/Logo_GIMECO_StringNoPayoff-250.png","width":250,"height":98,"caption":"Gimeco"},"image":{"@id":"https:\/\/gimeco.com\/#\/schema\/logo\/image\/"},"sameAs":["https:\/\/www.facebook.com\/gimecogroup"]}]}},"_links":{"self":[{"href":"https:\/\/gimeco.com\/es\/wp-json\/wp\/v2\/pages\/20757","targetHints":{"allow":["GET"]}}],"collection":[{"href":"https:\/\/gimeco.com\/es\/wp-json\/wp\/v2\/pages"}],"about":[{"href":"https:\/\/gimeco.com\/es\/wp-json\/wp\/v2\/types\/page"}],"author":[{"embeddable":true,"href":"https:\/\/gimeco.com\/es\/wp-json\/wp\/v2\/users\/1"}],"replies":[{"embeddable":true,"href":"https:\/\/gimeco.com\/es\/wp-json\/wp\/v2\/comments?post=20757"}],"version-history":[{"count":11,"href":"https:\/\/gimeco.com\/es\/wp-json\/wp\/v2\/pages\/20757\/revisions"}],"predecessor-version":[{"id":22593,"href":"https:\/\/gimeco.com\/es\/wp-json\/wp\/v2\/pages\/20757\/revisions\/22593"}],"up":[{"embeddable":true,"href":"https:\/\/gimeco.com\/es\/wp-json\/wp\/v2\/pages\/20521"}],"wp:attachment":[{"href":"https:\/\/gimeco.com\/es\/wp-json\/wp\/v2\/media?parent=20757"}],"curies":[{"name":"wp","href":"https:\/\/api.w.org\/{rel}","templated":true}]}}