{"id":20759,"date":"2023-11-10T10:11:50","date_gmt":"2023-11-10T10:11:50","guid":{"rendered":"https:\/\/gimeco.com\/servicios\/coil-line-services\/"},"modified":"2024-06-03T10:31:54","modified_gmt":"2024-06-03T10:31:54","slug":"servicios-de-linea-de-bobinas","status":"publish","type":"page","link":"https:\/\/gimeco.com\/es\/servicios\/servicios-de-linea-de-bobinas\/","title":{"rendered":"Servicios de l\u00ednea de bobinas"},"content":{"rendered":"<div class=\"vgblk-rw-wrapper limit-wrapper\">\r\n\r\n\t<p>Entre los servicios m\u00e1s recientes ofrecidos por GIMECO se encuentran aquellos dedicados al manejo de crisoles, reemplazo y renovaci\u00f3n de inductores para <strong>l\u00edneas continuas de bobinas<\/strong> de galvanizado en caliente. Nos basamos en nuestras bombas el\u00e9ctricas, recipientes m\u00f3viles de retenci\u00f3n y otros equipos operados por nuestro equipo calificado de especialistas. Ofrecemos <strong>soluciones llave en mano<\/strong> desarrolladas con un enfoque especial en minimizar el tiempo de inactividad y los costos de producci\u00f3n.<\/p>\r\n<h2>\r\n\tReemplazo y ajuste de elementos de inducci\u00f3n\r\n\t<\/h2>\r\n<h2>\r\n\tRenovaci\u00f3n de crisoles\r\n\t<\/h2>\r\n<h2>\r\n\tTransferencias de zinc fundido\r\n\t<\/h2>\r\n<h2>\r\n\tHornos de estacionamiento\r\n\t<\/h2>\r\n<h3>\r\n\tEquipo\r\n\t<\/h3>\r\n\t\t\t\t\t\t\t<img loading=\"lazy\" decoding=\"async\" src=\"https:\/\/gimeco.com\/wp-content\/uploads\/2023\/11\/coil-line-sefvice.png\" alt=\"coil-line-sefvice\" itemprop=\"image\" height=\"420\" width=\"640\" title=\"coil-line-sefvice\" onerror=\"this.style.display='none'\"  sizes=\"auto, (max-width: 768px) 100vw, 100vw\" srcset=\"https:\/\/gimeco.com\/wp-content\/uploads\/2023\/11\/coil-line-sefvice.png 640w, https:\/\/gimeco.com\/wp-content\/uploads\/2023\/11\/coil-line-sefvice-300x197.png 300w, https:\/\/gimeco.com\/wp-content\/uploads\/2023\/11\/coil-line-sefvice-630x413.png 630w, https:\/\/gimeco.com\/wp-content\/uploads\/2023\/11\/coil-line-sefvice-420x276.png 420w, https:\/\/gimeco.com\/wp-content\/uploads\/2023\/11\/coil-line-sefvice-315x207.png 315w\" \/>\t\t\t\t\t\t\t\r\n\t<p><strong>Hornos de estacionamiento<\/strong><\/p>\r\nUnidades transportables para mantener el zinc en estado fundido a 450\u00b0C <em>(842\u00b0F),<\/em> durante las operaciones de cambio de crisol.<br \/>\r\nDisponibles en diferentes versiones, con capacidad de hasta 90 toneladas<em> (200000 lbs)<\/em> cada una.\r\n\t\t\t\t\t\t\t<img loading=\"lazy\" decoding=\"async\" src=\"https:\/\/gimeco.com\/wp-content\/uploads\/2023\/11\/fast-silent.jpg\" alt=\"fast-silent\" itemprop=\"image\" height=\"420\" width=\"640\" title=\"fast-silent\" onerror=\"this.style.display='none'\"  sizes=\"auto, (max-width: 768px) 100vw, 100vw\" srcset=\"https:\/\/gimeco.com\/wp-content\/uploads\/2023\/11\/fast-silent.jpg 640w, https:\/\/gimeco.com\/wp-content\/uploads\/2023\/11\/fast-silent-300x197.jpg 300w, https:\/\/gimeco.com\/wp-content\/uploads\/2023\/11\/fast-silent-630x413.jpg 630w, https:\/\/gimeco.com\/wp-content\/uploads\/2023\/11\/fast-silent-420x276.jpg 420w, https:\/\/gimeco.com\/wp-content\/uploads\/2023\/11\/fast-silent-315x207.jpg 315w\" \/>\t\t\t\t\t\t\t\r\n\t<h4><strong>Bombas el\u00e9ctricas<\/strong><\/h4>\r\n<p>Excepcionalmente silenciosas para el trabajo y completamente dise\u00f1adas internamente, est\u00e1n disponibles en cuatro tama\u00f1os y permiten operaciones de bombeo r\u00e1pido de hasta 4,5 toneladas <em>(9920 lbs)<\/em> por minuto de caudal.<\/p>\r\n\t\t\t\t\t\t\t<img loading=\"lazy\" decoding=\"async\" src=\"https:\/\/gimeco.com\/wp-content\/uploads\/2023\/12\/heated-pipes-1.jpg\" alt=\"heated-pipes\" itemprop=\"image\" height=\"420\" width=\"640\" title=\"heated-pipes\" onerror=\"this.style.display='none'\"  sizes=\"auto, (max-width: 768px) 100vw, 100vw\" srcset=\"https:\/\/gimeco.com\/wp-content\/uploads\/2023\/12\/heated-pipes-1.jpg 640w, https:\/\/gimeco.com\/wp-content\/uploads\/2023\/12\/heated-pipes-1-300x197.jpg 300w, https:\/\/gimeco.com\/wp-content\/uploads\/2023\/12\/heated-pipes-1-630x413.jpg 630w, https:\/\/gimeco.com\/wp-content\/uploads\/2023\/12\/heated-pipes-1-420x276.jpg 420w, https:\/\/gimeco.com\/wp-content\/uploads\/2023\/12\/heated-pipes-1-315x207.jpg 315w\" \/>\t\t\t\t\t\t\t\r\n\t<h4><b>Tubos el\u00e9ctricamente calentados<\/b><\/h4>\r\n\t\t\t\t\t\t\t<img loading=\"lazy\" decoding=\"async\" src=\"https:\/\/gimeco.com\/wp-content\/uploads\/2023\/11\/easy.jpg\" alt=\"easy\" itemprop=\"image\" height=\"420\" width=\"640\" title=\"easy\" onerror=\"this.style.display='none'\"  sizes=\"auto, (max-width: 768px) 100vw, 100vw\" srcset=\"https:\/\/gimeco.com\/wp-content\/uploads\/2023\/11\/easy.jpg 640w, https:\/\/gimeco.com\/wp-content\/uploads\/2023\/11\/easy-300x197.jpg 300w, https:\/\/gimeco.com\/wp-content\/uploads\/2023\/11\/easy-630x413.jpg 630w, https:\/\/gimeco.com\/wp-content\/uploads\/2023\/11\/easy-420x276.jpg 420w, https:\/\/gimeco.com\/wp-content\/uploads\/2023\/11\/easy-315x207.jpg 315w\" \/>\t\t\t\t\t\t\t\r\n\t<h4><strong>Moldes<\/strong><\/h4>\r\n<p>De hasta 2,2 toneladas <em>(4850 lbs)<\/em> de zinc cada uno<\/p>\r\n<h3>\r\n\tOperaciones\r\n\t<\/h3>\r\n\t<ol>\r\n<li><strong>Programaci\u00f3n<\/strong><\/li>\r\n<li><strong>Preparaci\u00f3n y coordinaci\u00f3n<\/strong><\/li>\r\n<li><strong>Bombeo completo o parcial del crisol<\/strong><\/li>\r\n<li><strong>Limpieza de las ranuras del inductor<\/strong><\/li>\r\n<li><strong>Renovaci\u00f3n completa o parcial del material refractario<\/strong><\/li>\r\n<li><strong>Desacoplamiento del antiguo inductor<\/strong><\/li>\r\n<li><strong>Preparaci\u00f3n y acoplamiento del nuevo inductor<\/strong><\/li>\r\n<li><strong>Instalaci\u00f3n de la placa avanzada de cubierta<\/strong><\/li>\r\n<li><strong>Inicio del ciclo de precalentamiento<\/strong><\/li>\r\n<li><strong>Cebado del inductor<\/strong><\/li>\r\n<\/ol>\r\n\t<h4><strong>Rapidez<\/strong><\/h4>\r\n<p>Operaciones debidamente desarrolladas y coordinadas, equipos eficientes y especialistas altamente calificados garantizan que el servicio se realice en el menor tiempo posible para reducir los tiempos de inactividad en la producci\u00f3n.<\/p>\r\n<h4><strong>Versatilidad<\/strong><\/h4>\r\n<p>Gracias a nuestros hornos de estacionamiento se pueden mantener hasta cientos de toneladas de zinc en estado fundido a 450\u00b0C<em> (842\u00b0F),<\/em> lo que ayuda a reanudar las operaciones r\u00e1pidamente.<\/p>\r\n<h4><strong>Ahorro de dinero<\/strong><\/h4>\r\n<p>Todo el proceso permite reducir el tiempo de inactividad de 3 a 7 d\u00edas para que el galvanizador pueda reanudar sus actividades r\u00e1pidamente.<\/p>\r\n<h4><strong>Sin desperdicio<\/strong><\/h4>\r\n<p>Nuestro personal experimentado y nuestras bombas eficientes secan el crisol hasta dejar solo 4 cm <em>(1,5&#8243;)<\/em> de zinc residual; pr\u00e1cticamente no se desperdicia zinc.<\/p>\r\n<h4><strong>Total seguridad<\/strong><\/h4>\r\n<p>Las operaciones se planifican debidamente para garantizar el proceso m\u00e1s seguro para los trabajadores y el equipo. Los galvanizadores locales est\u00e1n capacitados con herramientas variadas.<\/p>\r\n<h4><strong>Llave en mano<\/strong><\/h4>\r\n\r\n<\/div><!-- .vgblk-rw-wrapper -->","protected":false},"excerpt":{"rendered":"<p>Entre los servicios m\u00e1s recientes ofrecidos por GIMECO se encuentran aquellos dedicados al manejo de crisoles, reemplazo y renovaci\u00f3n de inductores para l\u00edneas continuas de bobinas de galvanizado en caliente. Nos basamos en nuestras bombas el\u00e9ctricas, recipientes m\u00f3viles de retenci\u00f3n y otros equipos operados por nuestro equipo calificado de especialistas. Ofrecemos soluciones llave en mano&#8230;<\/p>\n","protected":false},"author":1,"featured_media":0,"parent":20521,"menu_order":0,"comment_status":"closed","ping_status":"closed","template":"","meta":{"inline_featured_image":false,"footnotes":""},"class_list":["post-20759","page","type-page","status-publish","hentry"],"yoast_head":"<!-- This site is optimized with the Yoast SEO plugin v26.4 - https:\/\/yoast.com\/wordpress\/plugins\/seo\/ -->\n<title>Servicios de l\u00ednea de bobinas | GIMECO Impianti<\/title>\n<meta name=\"description\" content=\"Entre los \u00faltimos servicios prestados por GIMECO se encuentran soluciones espec\u00edficas para la gesti\u00f3n de crisoles, la sustituci\u00f3n y renovaci\u00f3n de inductores para lineas de bobinas.\" \/>\n<meta name=\"robots\" content=\"index, follow, max-snippet:-1, max-image-preview:large, max-video-preview:-1\" \/>\n<link rel=\"canonical\" href=\"https:\/\/gimeco.com\/es\/servicios\/servicios-de-linea-de-bobinas\/\" \/>\n<meta property=\"og:locale\" content=\"es_ES\" \/>\n<meta property=\"og:type\" content=\"article\" \/>\n<meta property=\"og:title\" content=\"Servicios de l\u00ednea de bobinas | GIMECO Impianti\" \/>\n<meta property=\"og:description\" content=\"Entre los \u00faltimos servicios prestados por GIMECO se encuentran soluciones espec\u00edficas para la gesti\u00f3n de crisoles, la sustituci\u00f3n y renovaci\u00f3n de inductores para lineas de bobinas.\" \/>\n<meta property=\"og:url\" content=\"https:\/\/gimeco.com\/es\/servicios\/servicios-de-linea-de-bobinas\/\" \/>\n<meta property=\"og:site_name\" content=\"GIMECO Impianti\" \/>\n<meta property=\"article:publisher\" content=\"https:\/\/www.facebook.com\/gimecogroup\" \/>\n<meta property=\"article:modified_time\" content=\"2024-06-03T10:31:54+00:00\" \/>\n<meta property=\"og:image\" content=\"https:\/\/gimeco.com\/wp-content\/uploads\/2023\/11\/coil-line-sefvice.png\" \/>\n<script type=\"application\/ld+json\" class=\"yoast-schema-graph\">{\"@context\":\"https:\/\/schema.org\",\"@graph\":[{\"@type\":\"WebPage\",\"@id\":\"https:\/\/gimeco.com\/es\/servicios\/servicios-de-linea-de-bobinas\/\",\"url\":\"https:\/\/gimeco.com\/es\/servicios\/servicios-de-linea-de-bobinas\/\",\"name\":\"Servicios de l\u00ednea de bobinas | GIMECO Impianti\",\"isPartOf\":{\"@id\":\"https:\/\/gimeco.com\/#website\"},\"primaryImageOfPage\":{\"@id\":\"https:\/\/gimeco.com\/es\/servicios\/servicios-de-linea-de-bobinas\/#primaryimage\"},\"image\":{\"@id\":\"https:\/\/gimeco.com\/es\/servicios\/servicios-de-linea-de-bobinas\/#primaryimage\"},\"thumbnailUrl\":\"https:\/\/gimeco.com\/wp-content\/uploads\/2023\/11\/coil-line-sefvice.png\",\"datePublished\":\"2023-11-10T10:11:50+00:00\",\"dateModified\":\"2024-06-03T10:31:54+00:00\",\"description\":\"Entre los \u00faltimos servicios prestados por GIMECO se encuentran soluciones espec\u00edficas para la gesti\u00f3n de crisoles, la sustituci\u00f3n y renovaci\u00f3n de inductores para lineas de bobinas.\",\"breadcrumb\":{\"@id\":\"https:\/\/gimeco.com\/es\/servicios\/servicios-de-linea-de-bobinas\/#breadcrumb\"},\"inLanguage\":\"es\",\"potentialAction\":[{\"@type\":\"ReadAction\",\"target\":[\"https:\/\/gimeco.com\/es\/servicios\/servicios-de-linea-de-bobinas\/\"]}]},{\"@type\":\"ImageObject\",\"inLanguage\":\"es\",\"@id\":\"https:\/\/gimeco.com\/es\/servicios\/servicios-de-linea-de-bobinas\/#primaryimage\",\"url\":\"https:\/\/gimeco.com\/wp-content\/uploads\/2023\/11\/coil-line-sefvice.png\",\"contentUrl\":\"https:\/\/gimeco.com\/wp-content\/uploads\/2023\/11\/coil-line-sefvice.png\"},{\"@type\":\"BreadcrumbList\",\"@id\":\"https:\/\/gimeco.com\/es\/servicios\/servicios-de-linea-de-bobinas\/#breadcrumb\",\"itemListElement\":[{\"@type\":\"ListItem\",\"position\":1,\"name\":\"Home\",\"item\":\"https:\/\/gimeco.com\/es\/\"},{\"@type\":\"ListItem\",\"position\":2,\"name\":\"Servicios\",\"item\":\"https:\/\/gimeco.com\/services\/\"},{\"@type\":\"ListItem\",\"position\":3,\"name\":\"Servicios de l\u00ednea de bobinas\"}]},{\"@type\":\"WebSite\",\"@id\":\"https:\/\/gimeco.com\/#website\",\"url\":\"https:\/\/gimeco.com\/\",\"name\":\"gimeco.com\",\"description\":\"Your Partner from A to Zink\",\"publisher\":{\"@id\":\"https:\/\/gimeco.com\/#organization\"},\"alternateName\":\"Gimeco\",\"potentialAction\":[{\"@type\":\"SearchAction\",\"target\":{\"@type\":\"EntryPoint\",\"urlTemplate\":\"https:\/\/gimeco.com\/?s={search_term_string}\"},\"query-input\":{\"@type\":\"PropertyValueSpecification\",\"valueRequired\":true,\"valueName\":\"search_term_string\"}}],\"inLanguage\":\"es\"},{\"@type\":\"Organization\",\"@id\":\"https:\/\/gimeco.com\/#organization\",\"name\":\"Gimeco\",\"url\":\"https:\/\/gimeco.com\/\",\"logo\":{\"@type\":\"ImageObject\",\"inLanguage\":\"es\",\"@id\":\"https:\/\/gimeco.com\/#\/schema\/logo\/image\/\",\"url\":\"https:\/\/gimeco.com\/wp-content\/uploads\/2023\/11\/Logo_GIMECO_StringNoPayoff-250.png\",\"contentUrl\":\"https:\/\/gimeco.com\/wp-content\/uploads\/2023\/11\/Logo_GIMECO_StringNoPayoff-250.png\",\"width\":250,\"height\":98,\"caption\":\"Gimeco\"},\"image\":{\"@id\":\"https:\/\/gimeco.com\/#\/schema\/logo\/image\/\"},\"sameAs\":[\"https:\/\/www.facebook.com\/gimecogroup\"]}]}<\/script>\n<!-- \/ Yoast SEO plugin. -->","yoast_head_json":{"title":"Servicios de l\u00ednea de bobinas | GIMECO Impianti","description":"Entre los \u00faltimos servicios prestados por GIMECO se encuentran soluciones espec\u00edficas para la gesti\u00f3n de crisoles, la sustituci\u00f3n y renovaci\u00f3n de inductores para lineas de bobinas.","robots":{"index":"index","follow":"follow","max-snippet":"max-snippet:-1","max-image-preview":"max-image-preview:large","max-video-preview":"max-video-preview:-1"},"canonical":"https:\/\/gimeco.com\/es\/servicios\/servicios-de-linea-de-bobinas\/","og_locale":"es_ES","og_type":"article","og_title":"Servicios de l\u00ednea de bobinas | GIMECO Impianti","og_description":"Entre los \u00faltimos servicios prestados por GIMECO se encuentran soluciones espec\u00edficas para la gesti\u00f3n de crisoles, la sustituci\u00f3n y renovaci\u00f3n de inductores para lineas de bobinas.","og_url":"https:\/\/gimeco.com\/es\/servicios\/servicios-de-linea-de-bobinas\/","og_site_name":"GIMECO Impianti","article_publisher":"https:\/\/www.facebook.com\/gimecogroup","article_modified_time":"2024-06-03T10:31:54+00:00","og_image":[{"url":"https:\/\/gimeco.com\/wp-content\/uploads\/2023\/11\/coil-line-sefvice.png","type":"","width":"","height":""}],"schema":{"@context":"https:\/\/schema.org","@graph":[{"@type":"WebPage","@id":"https:\/\/gimeco.com\/es\/servicios\/servicios-de-linea-de-bobinas\/","url":"https:\/\/gimeco.com\/es\/servicios\/servicios-de-linea-de-bobinas\/","name":"Servicios de l\u00ednea de bobinas | GIMECO Impianti","isPartOf":{"@id":"https:\/\/gimeco.com\/#website"},"primaryImageOfPage":{"@id":"https:\/\/gimeco.com\/es\/servicios\/servicios-de-linea-de-bobinas\/#primaryimage"},"image":{"@id":"https:\/\/gimeco.com\/es\/servicios\/servicios-de-linea-de-bobinas\/#primaryimage"},"thumbnailUrl":"https:\/\/gimeco.com\/wp-content\/uploads\/2023\/11\/coil-line-sefvice.png","datePublished":"2023-11-10T10:11:50+00:00","dateModified":"2024-06-03T10:31:54+00:00","description":"Entre los \u00faltimos servicios prestados por GIMECO se encuentran soluciones espec\u00edficas para la gesti\u00f3n de crisoles, la sustituci\u00f3n y renovaci\u00f3n de inductores para lineas de bobinas.","breadcrumb":{"@id":"https:\/\/gimeco.com\/es\/servicios\/servicios-de-linea-de-bobinas\/#breadcrumb"},"inLanguage":"es","potentialAction":[{"@type":"ReadAction","target":["https:\/\/gimeco.com\/es\/servicios\/servicios-de-linea-de-bobinas\/"]}]},{"@type":"ImageObject","inLanguage":"es","@id":"https:\/\/gimeco.com\/es\/servicios\/servicios-de-linea-de-bobinas\/#primaryimage","url":"https:\/\/gimeco.com\/wp-content\/uploads\/2023\/11\/coil-line-sefvice.png","contentUrl":"https:\/\/gimeco.com\/wp-content\/uploads\/2023\/11\/coil-line-sefvice.png"},{"@type":"BreadcrumbList","@id":"https:\/\/gimeco.com\/es\/servicios\/servicios-de-linea-de-bobinas\/#breadcrumb","itemListElement":[{"@type":"ListItem","position":1,"name":"Home","item":"https:\/\/gimeco.com\/es\/"},{"@type":"ListItem","position":2,"name":"Servicios","item":"https:\/\/gimeco.com\/services\/"},{"@type":"ListItem","position":3,"name":"Servicios de l\u00ednea de bobinas"}]},{"@type":"WebSite","@id":"https:\/\/gimeco.com\/#website","url":"https:\/\/gimeco.com\/","name":"gimeco.com","description":"Your Partner from A to Zink","publisher":{"@id":"https:\/\/gimeco.com\/#organization"},"alternateName":"Gimeco","potentialAction":[{"@type":"SearchAction","target":{"@type":"EntryPoint","urlTemplate":"https:\/\/gimeco.com\/?s={search_term_string}"},"query-input":{"@type":"PropertyValueSpecification","valueRequired":true,"valueName":"search_term_string"}}],"inLanguage":"es"},{"@type":"Organization","@id":"https:\/\/gimeco.com\/#organization","name":"Gimeco","url":"https:\/\/gimeco.com\/","logo":{"@type":"ImageObject","inLanguage":"es","@id":"https:\/\/gimeco.com\/#\/schema\/logo\/image\/","url":"https:\/\/gimeco.com\/wp-content\/uploads\/2023\/11\/Logo_GIMECO_StringNoPayoff-250.png","contentUrl":"https:\/\/gimeco.com\/wp-content\/uploads\/2023\/11\/Logo_GIMECO_StringNoPayoff-250.png","width":250,"height":98,"caption":"Gimeco"},"image":{"@id":"https:\/\/gimeco.com\/#\/schema\/logo\/image\/"},"sameAs":["https:\/\/www.facebook.com\/gimecogroup"]}]}},"_links":{"self":[{"href":"https:\/\/gimeco.com\/es\/wp-json\/wp\/v2\/pages\/20759","targetHints":{"allow":["GET"]}}],"collection":[{"href":"https:\/\/gimeco.com\/es\/wp-json\/wp\/v2\/pages"}],"about":[{"href":"https:\/\/gimeco.com\/es\/wp-json\/wp\/v2\/types\/page"}],"author":[{"embeddable":true,"href":"https:\/\/gimeco.com\/es\/wp-json\/wp\/v2\/users\/1"}],"replies":[{"embeddable":true,"href":"https:\/\/gimeco.com\/es\/wp-json\/wp\/v2\/comments?post=20759"}],"version-history":[{"count":6,"href":"https:\/\/gimeco.com\/es\/wp-json\/wp\/v2\/pages\/20759\/revisions"}],"predecessor-version":[{"id":22414,"href":"https:\/\/gimeco.com\/es\/wp-json\/wp\/v2\/pages\/20759\/revisions\/22414"}],"up":[{"embeddable":true,"href":"https:\/\/gimeco.com\/es\/wp-json\/wp\/v2\/pages\/20521"}],"wp:attachment":[{"href":"https:\/\/gimeco.com\/es\/wp-json\/wp\/v2\/media?parent=20759"}],"curies":[{"name":"wp","href":"https:\/\/api.w.org\/{rel}","templated":true}]}}