{"id":20761,"date":"2023-09-19T12:36:45","date_gmt":"2023-09-19T12:36:45","guid":{"rendered":"https:\/\/gimeco.com\/servicios\/revamping-of-equipments\/"},"modified":"2024-06-03T10:30:43","modified_gmt":"2024-06-03T10:30:43","slug":"renovacion","status":"publish","type":"page","link":"https:\/\/gimeco.com\/es\/servicios\/renovacion\/","title":{"rendered":"Renovaci\u00f3n"},"content":{"rendered":"<div class=\"vgblk-rw-wrapper limit-wrapper\">\r\n<h2>\r\n\t<strong>Una nueva vida <\/strong> para el equipo existente\r\n\t<\/h2>\r\n\t<p>GIMECO siempre se ha especializado no solo en el dise\u00f1o de nuevas plantas, sino tambi\u00e9n en la renovaci\u00f3n completa de l\u00edneas existentes, sus componentes y equipos relacionados, garantizando altos niveles de <strong>eficiencia<\/strong> en t\u00e9rminos de <strong>productividad<\/strong> y <strong>sostenibilidad<\/strong> para instalaciones antiguas.<\/p>\r\n<p>Nuestro equipo de ingenier\u00eda altamente calificado tiene una amplia experiencia en la modernizaci\u00f3n y actualizaci\u00f3n de plantas de galvanizado por inmersi\u00f3n en caliente, asegurando que cumplan con los <strong>est\u00e1ndares m\u00e1s recientes posibles<\/strong>.<\/p>\r\n<p>Con nuestros servicios de renovaci\u00f3n, puede optimizar su <strong>planta existente<\/strong> de manera eficiente y sostenible, ahorrando tiempo y recursos valiosos.<\/p>\r\n\t<h4>Dise\u00f1o de un nuevo departamento de pretratamiento con t\u00fanel de encierro<\/h4>\r\n<h4>Mejora del secador<\/h4>\r\n<h4>Reemplazo o optimizaci\u00f3n del horno y del sistema de calefacci\u00f3n<\/h4>\r\n<h4>Nuevo o mejorado sistema de manipulaci\u00f3n y log\u00edstica<\/h4>\r\n<h4>Implementaci\u00f3n de equipos de seguridad<\/h4>\r\n<h4>Optimizaci\u00f3n del flujo de materiales<\/h4>\r\n<h4>Otros<\/h4>\r\n\t\t\t\t\t\t\t<img loading=\"lazy\" decoding=\"async\" src=\"https:\/\/gimeco.com\/wp-content\/uploads\/2023\/12\/Immagine3.png\" alt=\"Immagine3\" itemprop=\"image\" height=\"982\" width=\"2791\" title=\"Immagine3\" onerror=\"this.style.display='none'\"  sizes=\"auto, (max-width: 768px) 100vw, 100vw\" srcset=\"https:\/\/gimeco.com\/wp-content\/uploads\/2023\/12\/Immagine3.png 2791w, https:\/\/gimeco.com\/wp-content\/uploads\/2023\/12\/Immagine3-300x106.png 300w, https:\/\/gimeco.com\/wp-content\/uploads\/2023\/12\/Immagine3-1024x360.png 1024w, https:\/\/gimeco.com\/wp-content\/uploads\/2023\/12\/Immagine3-768x270.png 768w, https:\/\/gimeco.com\/wp-content\/uploads\/2023\/12\/Immagine3-1536x540.png 1536w, https:\/\/gimeco.com\/wp-content\/uploads\/2023\/12\/Immagine3-2048x721.png 2048w, https:\/\/gimeco.com\/wp-content\/uploads\/2023\/12\/Immagine3-1260x443.png 1260w, https:\/\/gimeco.com\/wp-content\/uploads\/2023\/12\/Immagine3-630x222.png 630w, https:\/\/gimeco.com\/wp-content\/uploads\/2023\/12\/Immagine3-420x148.png 420w, https:\/\/gimeco.com\/wp-content\/uploads\/2023\/12\/Immagine3-840x296.png 840w, https:\/\/gimeco.com\/wp-content\/uploads\/2023\/12\/Immagine3-315x111.png 315w\" \/>\t\t\t\t\t\t\t\r\n\t\t\t\t\t\t\t<img loading=\"lazy\" decoding=\"async\" src=\"https:\/\/gimeco.com\/wp-content\/uploads\/2023\/12\/Immagine4.png\" alt=\"Immagine4\" itemprop=\"image\" height=\"884\" width=\"3126\" title=\"Immagine4\" onerror=\"this.style.display='none'\"  sizes=\"auto, (max-width: 768px) 100vw, 100vw\" srcset=\"https:\/\/gimeco.com\/wp-content\/uploads\/2023\/12\/Immagine4.png 3126w, https:\/\/gimeco.com\/wp-content\/uploads\/2023\/12\/Immagine4-300x85.png 300w, https:\/\/gimeco.com\/wp-content\/uploads\/2023\/12\/Immagine4-1024x290.png 1024w, https:\/\/gimeco.com\/wp-content\/uploads\/2023\/12\/Immagine4-768x217.png 768w, https:\/\/gimeco.com\/wp-content\/uploads\/2023\/12\/Immagine4-1536x434.png 1536w, https:\/\/gimeco.com\/wp-content\/uploads\/2023\/12\/Immagine4-2048x579.png 2048w, https:\/\/gimeco.com\/wp-content\/uploads\/2023\/12\/Immagine4-1260x356.png 1260w, https:\/\/gimeco.com\/wp-content\/uploads\/2023\/12\/Immagine4-630x178.png 630w, https:\/\/gimeco.com\/wp-content\/uploads\/2023\/12\/Immagine4-420x119.png 420w, https:\/\/gimeco.com\/wp-content\/uploads\/2023\/12\/Immagine4-840x238.png 840w, https:\/\/gimeco.com\/wp-content\/uploads\/2023\/12\/Immagine4-315x89.png 315w\" \/>\t\t\t\t\t\t\t\r\n\t\t\t\t\t\t\t<img loading=\"lazy\" decoding=\"async\" src=\"https:\/\/gimeco.com\/wp-content\/uploads\/2023\/12\/Immagine5.png\" alt=\"Immagine5\" itemprop=\"image\" height=\"879\" width=\"2780\" title=\"Immagine5\" onerror=\"this.style.display='none'\"  sizes=\"auto, (max-width: 768px) 100vw, 100vw\" srcset=\"https:\/\/gimeco.com\/wp-content\/uploads\/2023\/12\/Immagine5.png 2780w, https:\/\/gimeco.com\/wp-content\/uploads\/2023\/12\/Immagine5-300x95.png 300w, https:\/\/gimeco.com\/wp-content\/uploads\/2023\/12\/Immagine5-1024x324.png 1024w, https:\/\/gimeco.com\/wp-content\/uploads\/2023\/12\/Immagine5-768x243.png 768w, https:\/\/gimeco.com\/wp-content\/uploads\/2023\/12\/Immagine5-1536x486.png 1536w, https:\/\/gimeco.com\/wp-content\/uploads\/2023\/12\/Immagine5-2048x648.png 2048w, https:\/\/gimeco.com\/wp-content\/uploads\/2023\/12\/Immagine5-1260x398.png 1260w, https:\/\/gimeco.com\/wp-content\/uploads\/2023\/12\/Immagine5-630x199.png 630w, https:\/\/gimeco.com\/wp-content\/uploads\/2023\/12\/Immagine5-420x133.png 420w, https:\/\/gimeco.com\/wp-content\/uploads\/2023\/12\/Immagine5-840x266.png 840w, https:\/\/gimeco.com\/wp-content\/uploads\/2023\/12\/Immagine5-315x100.png 315w\" \/>\t\t\t\t\t\t\t\r\n\t\t\t\t\t\t\t<img loading=\"lazy\" decoding=\"async\" src=\"https:\/\/gimeco.com\/wp-content\/uploads\/2023\/12\/Immagine2.png\" alt=\"Immagine2\" itemprop=\"image\" height=\"1147\" width=\"3653\" title=\"Immagine2\" onerror=\"this.style.display='none'\"  sizes=\"auto, (max-width: 768px) 100vw, 100vw\" srcset=\"https:\/\/gimeco.com\/wp-content\/uploads\/2023\/12\/Immagine2.png 3653w, https:\/\/gimeco.com\/wp-content\/uploads\/2023\/12\/Immagine2-300x94.png 300w, https:\/\/gimeco.com\/wp-content\/uploads\/2023\/12\/Immagine2-1024x322.png 1024w, https:\/\/gimeco.com\/wp-content\/uploads\/2023\/12\/Immagine2-768x241.png 768w, https:\/\/gimeco.com\/wp-content\/uploads\/2023\/12\/Immagine2-1536x482.png 1536w, https:\/\/gimeco.com\/wp-content\/uploads\/2023\/12\/Immagine2-2048x643.png 2048w, https:\/\/gimeco.com\/wp-content\/uploads\/2023\/12\/Immagine2-1260x396.png 1260w, https:\/\/gimeco.com\/wp-content\/uploads\/2023\/12\/Immagine2-630x198.png 630w, https:\/\/gimeco.com\/wp-content\/uploads\/2023\/12\/Immagine2-420x132.png 420w, https:\/\/gimeco.com\/wp-content\/uploads\/2023\/12\/Immagine2-840x264.png 840w, https:\/\/gimeco.com\/wp-content\/uploads\/2023\/12\/Immagine2-315x99.png 315w\" \/>\t\t\t\t\t\t\t\r\n\r\n<\/div><!-- .vgblk-rw-wrapper -->","protected":false},"excerpt":{"rendered":"<p>Una nueva vida para el equipo existente GIMECO siempre se ha especializado no solo en el dise\u00f1o de nuevas plantas, sino tambi\u00e9n en la renovaci\u00f3n completa de l\u00edneas existentes, sus componentes y equipos relacionados, garantizando altos niveles de eficiencia en t\u00e9rminos de productividad y sostenibilidad para instalaciones antiguas. Nuestro equipo de ingenier\u00eda altamente calificado tiene&#8230;<\/p>\n","protected":false},"author":1,"featured_media":0,"parent":20521,"menu_order":0,"comment_status":"closed","ping_status":"closed","template":"","meta":{"inline_featured_image":false,"footnotes":""},"class_list":["post-20761","page","type-page","status-publish","hentry"],"yoast_head":"<!-- This site is optimized with the Yoast SEO plugin v26.4 - https:\/\/yoast.com\/wordpress\/plugins\/seo\/ -->\n<title>Renovaci\u00f3n | GIMECO Impianti<\/title>\n<meta name=\"description\" content=\"GIMECO siempre se ha especializado no s\u00f3lo en el dise\u00f1o de nuevas plantas, sino tambi\u00e9n en la renovaci\u00f3n completa de las l\u00edneas existentes...\" \/>\n<meta name=\"robots\" content=\"index, follow, max-snippet:-1, max-image-preview:large, max-video-preview:-1\" \/>\n<link rel=\"canonical\" href=\"https:\/\/gimeco.com\/services\/revamping-of-equipments\/\" \/>\n<meta property=\"og:locale\" content=\"es_ES\" \/>\n<meta property=\"og:type\" content=\"article\" \/>\n<meta property=\"og:title\" content=\"Renovaci\u00f3n | GIMECO Impianti\" \/>\n<meta property=\"og:description\" content=\"GIMECO siempre se ha especializado no s\u00f3lo en el dise\u00f1o de nuevas plantas, sino tambi\u00e9n en la renovaci\u00f3n completa de las l\u00edneas existentes...\" \/>\n<meta property=\"og:url\" content=\"https:\/\/gimeco.com\/services\/revamping-of-equipments\/\" \/>\n<meta property=\"og:site_name\" content=\"GIMECO Impianti\" \/>\n<meta property=\"article:publisher\" content=\"https:\/\/www.facebook.com\/gimecogroup\" \/>\n<meta property=\"article:modified_time\" content=\"2024-06-03T10:30:43+00:00\" \/>\n<meta property=\"og:image\" content=\"https:\/\/gimeco.com\/wp-content\/uploads\/2023\/12\/Immagine3.png\" \/>\n<script type=\"application\/ld+json\" class=\"yoast-schema-graph\">{\"@context\":\"https:\/\/schema.org\",\"@graph\":[{\"@type\":\"WebPage\",\"@id\":\"https:\/\/gimeco.com\/services\/revamping-of-equipments\/\",\"url\":\"https:\/\/gimeco.com\/services\/revamping-of-equipments\/\",\"name\":\"Renovaci\u00f3n | GIMECO Impianti\",\"isPartOf\":{\"@id\":\"https:\/\/gimeco.com\/#website\"},\"primaryImageOfPage\":{\"@id\":\"https:\/\/gimeco.com\/services\/revamping-of-equipments\/#primaryimage\"},\"image\":{\"@id\":\"https:\/\/gimeco.com\/services\/revamping-of-equipments\/#primaryimage\"},\"thumbnailUrl\":\"https:\/\/gimeco.com\/wp-content\/uploads\/2023\/12\/Immagine3.png\",\"datePublished\":\"2023-09-19T12:36:45+00:00\",\"dateModified\":\"2024-06-03T10:30:43+00:00\",\"description\":\"GIMECO siempre se ha especializado no s\u00f3lo en el dise\u00f1o de nuevas plantas, sino tambi\u00e9n en la renovaci\u00f3n completa de las l\u00edneas existentes...\",\"breadcrumb\":{\"@id\":\"https:\/\/gimeco.com\/services\/revamping-of-equipments\/#breadcrumb\"},\"inLanguage\":\"es\",\"potentialAction\":[{\"@type\":\"ReadAction\",\"target\":[\"https:\/\/gimeco.com\/services\/revamping-of-equipments\/\"]}]},{\"@type\":\"ImageObject\",\"inLanguage\":\"es\",\"@id\":\"https:\/\/gimeco.com\/services\/revamping-of-equipments\/#primaryimage\",\"url\":\"https:\/\/gimeco.com\/wp-content\/uploads\/2023\/12\/Immagine3.png\",\"contentUrl\":\"https:\/\/gimeco.com\/wp-content\/uploads\/2023\/12\/Immagine3.png\"},{\"@type\":\"BreadcrumbList\",\"@id\":\"https:\/\/gimeco.com\/services\/revamping-of-equipments\/#breadcrumb\",\"itemListElement\":[{\"@type\":\"ListItem\",\"position\":1,\"name\":\"Home\",\"item\":\"https:\/\/gimeco.com\/es\/\"},{\"@type\":\"ListItem\",\"position\":2,\"name\":\"Servicios\",\"item\":\"https:\/\/gimeco.com\/services\/\"},{\"@type\":\"ListItem\",\"position\":3,\"name\":\"Renovaci\u00f3n\"}]},{\"@type\":\"WebSite\",\"@id\":\"https:\/\/gimeco.com\/#website\",\"url\":\"https:\/\/gimeco.com\/\",\"name\":\"gimeco.com\",\"description\":\"Your Partner from A to Zink\",\"publisher\":{\"@id\":\"https:\/\/gimeco.com\/#organization\"},\"alternateName\":\"Gimeco\",\"potentialAction\":[{\"@type\":\"SearchAction\",\"target\":{\"@type\":\"EntryPoint\",\"urlTemplate\":\"https:\/\/gimeco.com\/?s={search_term_string}\"},\"query-input\":{\"@type\":\"PropertyValueSpecification\",\"valueRequired\":true,\"valueName\":\"search_term_string\"}}],\"inLanguage\":\"es\"},{\"@type\":\"Organization\",\"@id\":\"https:\/\/gimeco.com\/#organization\",\"name\":\"Gimeco\",\"url\":\"https:\/\/gimeco.com\/\",\"logo\":{\"@type\":\"ImageObject\",\"inLanguage\":\"es\",\"@id\":\"https:\/\/gimeco.com\/#\/schema\/logo\/image\/\",\"url\":\"https:\/\/gimeco.com\/wp-content\/uploads\/2023\/11\/Logo_GIMECO_StringNoPayoff-250.png\",\"contentUrl\":\"https:\/\/gimeco.com\/wp-content\/uploads\/2023\/11\/Logo_GIMECO_StringNoPayoff-250.png\",\"width\":250,\"height\":98,\"caption\":\"Gimeco\"},\"image\":{\"@id\":\"https:\/\/gimeco.com\/#\/schema\/logo\/image\/\"},\"sameAs\":[\"https:\/\/www.facebook.com\/gimecogroup\"]}]}<\/script>\n<!-- \/ Yoast SEO plugin. -->","yoast_head_json":{"title":"Renovaci\u00f3n | GIMECO Impianti","description":"GIMECO siempre se ha especializado no s\u00f3lo en el dise\u00f1o de nuevas plantas, sino tambi\u00e9n en la renovaci\u00f3n completa de las l\u00edneas existentes...","robots":{"index":"index","follow":"follow","max-snippet":"max-snippet:-1","max-image-preview":"max-image-preview:large","max-video-preview":"max-video-preview:-1"},"canonical":"https:\/\/gimeco.com\/services\/revamping-of-equipments\/","og_locale":"es_ES","og_type":"article","og_title":"Renovaci\u00f3n | GIMECO Impianti","og_description":"GIMECO siempre se ha especializado no s\u00f3lo en el dise\u00f1o de nuevas plantas, sino tambi\u00e9n en la renovaci\u00f3n completa de las l\u00edneas existentes...","og_url":"https:\/\/gimeco.com\/services\/revamping-of-equipments\/","og_site_name":"GIMECO Impianti","article_publisher":"https:\/\/www.facebook.com\/gimecogroup","article_modified_time":"2024-06-03T10:30:43+00:00","og_image":[{"url":"https:\/\/gimeco.com\/wp-content\/uploads\/2023\/12\/Immagine3.png","type":"","width":"","height":""}],"schema":{"@context":"https:\/\/schema.org","@graph":[{"@type":"WebPage","@id":"https:\/\/gimeco.com\/services\/revamping-of-equipments\/","url":"https:\/\/gimeco.com\/services\/revamping-of-equipments\/","name":"Renovaci\u00f3n | GIMECO Impianti","isPartOf":{"@id":"https:\/\/gimeco.com\/#website"},"primaryImageOfPage":{"@id":"https:\/\/gimeco.com\/services\/revamping-of-equipments\/#primaryimage"},"image":{"@id":"https:\/\/gimeco.com\/services\/revamping-of-equipments\/#primaryimage"},"thumbnailUrl":"https:\/\/gimeco.com\/wp-content\/uploads\/2023\/12\/Immagine3.png","datePublished":"2023-09-19T12:36:45+00:00","dateModified":"2024-06-03T10:30:43+00:00","description":"GIMECO siempre se ha especializado no s\u00f3lo en el dise\u00f1o de nuevas plantas, sino tambi\u00e9n en la renovaci\u00f3n completa de las l\u00edneas existentes...","breadcrumb":{"@id":"https:\/\/gimeco.com\/services\/revamping-of-equipments\/#breadcrumb"},"inLanguage":"es","potentialAction":[{"@type":"ReadAction","target":["https:\/\/gimeco.com\/services\/revamping-of-equipments\/"]}]},{"@type":"ImageObject","inLanguage":"es","@id":"https:\/\/gimeco.com\/services\/revamping-of-equipments\/#primaryimage","url":"https:\/\/gimeco.com\/wp-content\/uploads\/2023\/12\/Immagine3.png","contentUrl":"https:\/\/gimeco.com\/wp-content\/uploads\/2023\/12\/Immagine3.png"},{"@type":"BreadcrumbList","@id":"https:\/\/gimeco.com\/services\/revamping-of-equipments\/#breadcrumb","itemListElement":[{"@type":"ListItem","position":1,"name":"Home","item":"https:\/\/gimeco.com\/es\/"},{"@type":"ListItem","position":2,"name":"Servicios","item":"https:\/\/gimeco.com\/services\/"},{"@type":"ListItem","position":3,"name":"Renovaci\u00f3n"}]},{"@type":"WebSite","@id":"https:\/\/gimeco.com\/#website","url":"https:\/\/gimeco.com\/","name":"gimeco.com","description":"Your Partner from A to Zink","publisher":{"@id":"https:\/\/gimeco.com\/#organization"},"alternateName":"Gimeco","potentialAction":[{"@type":"SearchAction","target":{"@type":"EntryPoint","urlTemplate":"https:\/\/gimeco.com\/?s={search_term_string}"},"query-input":{"@type":"PropertyValueSpecification","valueRequired":true,"valueName":"search_term_string"}}],"inLanguage":"es"},{"@type":"Organization","@id":"https:\/\/gimeco.com\/#organization","name":"Gimeco","url":"https:\/\/gimeco.com\/","logo":{"@type":"ImageObject","inLanguage":"es","@id":"https:\/\/gimeco.com\/#\/schema\/logo\/image\/","url":"https:\/\/gimeco.com\/wp-content\/uploads\/2023\/11\/Logo_GIMECO_StringNoPayoff-250.png","contentUrl":"https:\/\/gimeco.com\/wp-content\/uploads\/2023\/11\/Logo_GIMECO_StringNoPayoff-250.png","width":250,"height":98,"caption":"Gimeco"},"image":{"@id":"https:\/\/gimeco.com\/#\/schema\/logo\/image\/"},"sameAs":["https:\/\/www.facebook.com\/gimecogroup"]}]}},"_links":{"self":[{"href":"https:\/\/gimeco.com\/es\/wp-json\/wp\/v2\/pages\/20761","targetHints":{"allow":["GET"]}}],"collection":[{"href":"https:\/\/gimeco.com\/es\/wp-json\/wp\/v2\/pages"}],"about":[{"href":"https:\/\/gimeco.com\/es\/wp-json\/wp\/v2\/types\/page"}],"author":[{"embeddable":true,"href":"https:\/\/gimeco.com\/es\/wp-json\/wp\/v2\/users\/1"}],"replies":[{"embeddable":true,"href":"https:\/\/gimeco.com\/es\/wp-json\/wp\/v2\/comments?post=20761"}],"version-history":[{"count":5,"href":"https:\/\/gimeco.com\/es\/wp-json\/wp\/v2\/pages\/20761\/revisions"}],"predecessor-version":[{"id":21861,"href":"https:\/\/gimeco.com\/es\/wp-json\/wp\/v2\/pages\/20761\/revisions\/21861"}],"up":[{"embeddable":true,"href":"https:\/\/gimeco.com\/es\/wp-json\/wp\/v2\/pages\/20521"}],"wp:attachment":[{"href":"https:\/\/gimeco.com\/es\/wp-json\/wp\/v2\/media?parent=20761"}],"curies":[{"name":"wp","href":"https:\/\/api.w.org\/{rel}","templated":true}]}}