{"id":20763,"date":"2023-09-19T12:28:47","date_gmt":"2023-09-19T12:28:47","guid":{"rendered":"https:\/\/gimeco.com\/servicios\/industry-4-0\/"},"modified":"2024-06-03T10:27:43","modified_gmt":"2024-06-03T10:27:43","slug":"industria-4-0","status":"publish","type":"page","link":"https:\/\/gimeco.com\/es\/servicios\/industria-4-0\/","title":{"rendered":"Industria 4.0"},"content":{"rendered":"<div class=\"vgblk-rw-wrapper limit-wrapper\">\r\n<h2>\r\n\t<strong>La transformaci\u00f3n digital <\/strong>en el galvanizado<br \/>por inmersi\u00f3n en caliente\r\n\t<\/h2>\r\n\tLa transformaci\u00f3n digital, o Industria 4.0, representa un <strong>cambio profundo<\/strong> en c\u00f3mo las empresas e industrias utilizan tecnolog\u00edas digitales de vanguardia para redefinir operaciones, mejorar la eficiencia y fomentar la innovaci\u00f3n. Esto incluye la integraci\u00f3n de tecnolog\u00edas como Internet de las Cosas <em>(IoT),<\/em> an\u00e1lisis de big data, inteligencia artificial y computaci\u00f3n en la nube.<br \/>\r\nEn el contexto de la fabricaci\u00f3n e Industria 4.0, el n\u00facleo gira en torno a la <strong>f\u00e1brica inteligente<\/strong>, equipada con sensores y dispositivos que recopilan datos en tiempo real de m\u00e1quinas y procesos. Los algoritmos luego analizan estos datos para <strong>optimizar la producci\u00f3n, predecir el mantenimiento y reducir el tiempo de inactividad<\/strong>, lo que resulta en un aumento de la productividad, ahorro de costos y mejora de la calidad del producto.<br \/>\r\nLa Industria 4.0 tambi\u00e9n promueve la <strong>flexibilidad<\/strong> y <strong>personalizaci\u00f3n<\/strong> en la fabricaci\u00f3n, lo que permite a las empresas adaptarse a las demandas del mercado en tiempo real.<br \/>\r\nAbrazar la transformaci\u00f3n digital es vital para mantenerse <strong>competitivo<\/strong> en nuestro mundo en constante evoluci\u00f3n. Sin embargo, tambi\u00e9n conlleva desaf\u00edos, como preocupaciones de ciberseguridad y la necesidad de capacitar a la fuerza laboral.\r\n<p>Conociendo la importancia de este tema incluso para el mercado de galvanizado por inmersi\u00f3n en caliente, en GIMECO lo apoyamos en el desarrollo de <strong>automatizaci\u00f3n, informaci\u00f3n, interconexi\u00f3n y planificaci\u00f3n<\/strong>, proponiendo soluciones acordes con la cuarta revoluci\u00f3n industrial al combinar nuestro esp\u00edritu natural de innovaci\u00f3n con experiencia y capacidad tecnol\u00f3gica.<\/p>\r\n<h3>\r\n\tElementos para <b>el galvanizado por inmersi\u00f3n en caliente 4.0<\/b>\r\n\t<\/h3>\r\n\t<h4><strong>Control completo<\/strong><\/h4>\r\n<p>Automatizaci\u00f3n y control a trav\u00e9s de PLC de sensores como termopares, interruptores de presi\u00f3n, sistemas de pesaje, interruptores de l\u00edmite, c\u00e1maras de matriz de datos, barreras fotoel\u00e9ctricas, etc.<\/p>\r\n<h4><strong>Interconexi\u00f3n completa<\/strong><\/h4>\r\n<p>Con sistemas de informaci\u00f3n de la empresa como software de gesti\u00f3n, ERP, &#8230;<\/p>\r\n<h4><strong>Integraci\u00f3n fluida<\/strong><\/h4>\r\n<p>Entre componentes y m\u00e1quinas mediante protocolos TCP-IP<\/p>\r\n<h4><strong>Interfaz hombre-m\u00e1quina inteligente<\/strong><\/h4>\r\n<p>A trav\u00e9s de sistemas SCADA altamente digitalizados<\/p>\r\n<h4><strong>Procesos orientados a la seguridad<\/strong><\/h4>\r\n<p>A trav\u00e9s de PLC a prueba de fallos de las mejores marcas, para una programaci\u00f3n l\u00f3gica de procesos segura<\/p>\r\n<h4><strong>Control remoto<\/strong><\/h4>\r\n<p>De cada elemento y componente involucrado en el proceso de producci\u00f3n<\/p>\r\n<h4><strong>Monitoreo continuo<\/strong><\/h4>\r\n<p>De par\u00e1metros del proceso<\/p>\r\n<h4><strong>Aumento de la productividad, trazabilidad y experiencia del cliente<\/strong><\/h4>\r\n<p>Gracias a los paquetes de software Productivity Pack\u2122 y herMES\u2122, desarrollados en Microsoft SQL Server<\/p>\r\n<h4><strong>Beneficios fiscales<\/strong><\/h4>\r\n<p>Elegir implementar soluciones orientadas a la transformaci\u00f3n digital para su instalaci\u00f3n se beneficia de incentivos y deducciones fiscales de acuerdo con la legislaci\u00f3n local.<\/p>\r\n\r\n<\/div><!-- .vgblk-rw-wrapper -->","protected":false},"excerpt":{"rendered":"<p>La transformaci\u00f3n digital en el galvanizadopor inmersi\u00f3n en caliente La transformaci\u00f3n digital, o Industria 4.0, representa un cambio profundo en c\u00f3mo las empresas e industrias utilizan tecnolog\u00edas digitales de vanguardia para redefinir operaciones, mejorar la eficiencia y fomentar la innovaci\u00f3n. Esto incluye la integraci\u00f3n de tecnolog\u00edas como Internet de las Cosas (IoT), an\u00e1lisis de big&#8230;<\/p>\n","protected":false},"author":1,"featured_media":0,"parent":20521,"menu_order":0,"comment_status":"closed","ping_status":"closed","template":"","meta":{"inline_featured_image":false,"footnotes":""},"class_list":["post-20763","page","type-page","status-publish","hentry"],"yoast_head":"<!-- This site is optimized with the Yoast SEO plugin v26.4 - https:\/\/yoast.com\/wordpress\/plugins\/seo\/ -->\n<title>Industria 4.0 | GIMECO Impianti<\/title>\n<meta name=\"description\" content=\"La transformaci\u00f3n digital, o Industria 4.0, representa un cambio en la forma en que las empresas y las industrias utilizan las tecnolog\u00edas digitales de vanguardia.\" \/>\n<meta name=\"robots\" content=\"index, follow, max-snippet:-1, max-image-preview:large, max-video-preview:-1\" \/>\n<link rel=\"canonical\" href=\"https:\/\/gimeco.com\/services\/industry-4-0\/\" \/>\n<meta property=\"og:locale\" content=\"es_ES\" \/>\n<meta property=\"og:type\" content=\"article\" \/>\n<meta property=\"og:title\" content=\"Industria 4.0 | GIMECO Impianti\" \/>\n<meta property=\"og:description\" content=\"La transformaci\u00f3n digital, o Industria 4.0, representa un cambio en la forma en que las empresas y las industrias utilizan las tecnolog\u00edas digitales de vanguardia.\" \/>\n<meta property=\"og:url\" content=\"https:\/\/gimeco.com\/services\/industry-4-0\/\" \/>\n<meta property=\"og:site_name\" content=\"GIMECO Impianti\" \/>\n<meta property=\"article:publisher\" content=\"https:\/\/www.facebook.com\/gimecogroup\" \/>\n<meta property=\"article:modified_time\" content=\"2024-06-03T10:27:43+00:00\" \/>\n<meta property=\"og:image\" content=\"https:\/\/gimeco.com\/wp-content\/uploads\/2023\/11\/Logo_GIMECO_StringNoPayoff-250.png\" \/>\n\t<meta property=\"og:image:width\" content=\"250\" \/>\n\t<meta property=\"og:image:height\" content=\"98\" \/>\n\t<meta property=\"og:image:type\" content=\"image\/png\" \/>\n<script type=\"application\/ld+json\" class=\"yoast-schema-graph\">{\"@context\":\"https:\/\/schema.org\",\"@graph\":[{\"@type\":\"WebPage\",\"@id\":\"https:\/\/gimeco.com\/services\/industry-4-0\/\",\"url\":\"https:\/\/gimeco.com\/services\/industry-4-0\/\",\"name\":\"Industria 4.0 | GIMECO Impianti\",\"isPartOf\":{\"@id\":\"https:\/\/gimeco.com\/#website\"},\"datePublished\":\"2023-09-19T12:28:47+00:00\",\"dateModified\":\"2024-06-03T10:27:43+00:00\",\"description\":\"La transformaci\u00f3n digital, o Industria 4.0, representa un cambio en la forma en que las empresas y las industrias utilizan las tecnolog\u00edas digitales de vanguardia.\",\"breadcrumb\":{\"@id\":\"https:\/\/gimeco.com\/services\/industry-4-0\/#breadcrumb\"},\"inLanguage\":\"es\",\"potentialAction\":[{\"@type\":\"ReadAction\",\"target\":[\"https:\/\/gimeco.com\/services\/industry-4-0\/\"]}]},{\"@type\":\"BreadcrumbList\",\"@id\":\"https:\/\/gimeco.com\/services\/industry-4-0\/#breadcrumb\",\"itemListElement\":[{\"@type\":\"ListItem\",\"position\":1,\"name\":\"Home\",\"item\":\"https:\/\/gimeco.com\/es\/\"},{\"@type\":\"ListItem\",\"position\":2,\"name\":\"Servicios\",\"item\":\"https:\/\/gimeco.com\/services\/\"},{\"@type\":\"ListItem\",\"position\":3,\"name\":\"Industria 4.0\"}]},{\"@type\":\"WebSite\",\"@id\":\"https:\/\/gimeco.com\/#website\",\"url\":\"https:\/\/gimeco.com\/\",\"name\":\"gimeco.com\",\"description\":\"Your Partner from A to Zink\",\"publisher\":{\"@id\":\"https:\/\/gimeco.com\/#organization\"},\"alternateName\":\"Gimeco\",\"potentialAction\":[{\"@type\":\"SearchAction\",\"target\":{\"@type\":\"EntryPoint\",\"urlTemplate\":\"https:\/\/gimeco.com\/?s={search_term_string}\"},\"query-input\":{\"@type\":\"PropertyValueSpecification\",\"valueRequired\":true,\"valueName\":\"search_term_string\"}}],\"inLanguage\":\"es\"},{\"@type\":\"Organization\",\"@id\":\"https:\/\/gimeco.com\/#organization\",\"name\":\"Gimeco\",\"url\":\"https:\/\/gimeco.com\/\",\"logo\":{\"@type\":\"ImageObject\",\"inLanguage\":\"es\",\"@id\":\"https:\/\/gimeco.com\/#\/schema\/logo\/image\/\",\"url\":\"https:\/\/gimeco.com\/wp-content\/uploads\/2023\/11\/Logo_GIMECO_StringNoPayoff-250.png\",\"contentUrl\":\"https:\/\/gimeco.com\/wp-content\/uploads\/2023\/11\/Logo_GIMECO_StringNoPayoff-250.png\",\"width\":250,\"height\":98,\"caption\":\"Gimeco\"},\"image\":{\"@id\":\"https:\/\/gimeco.com\/#\/schema\/logo\/image\/\"},\"sameAs\":[\"https:\/\/www.facebook.com\/gimecogroup\"]}]}<\/script>\n<!-- \/ Yoast SEO plugin. -->","yoast_head_json":{"title":"Industria 4.0 | GIMECO Impianti","description":"La transformaci\u00f3n digital, o Industria 4.0, representa un cambio en la forma en que las empresas y las industrias utilizan las tecnolog\u00edas digitales de vanguardia.","robots":{"index":"index","follow":"follow","max-snippet":"max-snippet:-1","max-image-preview":"max-image-preview:large","max-video-preview":"max-video-preview:-1"},"canonical":"https:\/\/gimeco.com\/services\/industry-4-0\/","og_locale":"es_ES","og_type":"article","og_title":"Industria 4.0 | GIMECO Impianti","og_description":"La transformaci\u00f3n digital, o Industria 4.0, representa un cambio en la forma en que las empresas y las industrias utilizan las tecnolog\u00edas digitales de vanguardia.","og_url":"https:\/\/gimeco.com\/services\/industry-4-0\/","og_site_name":"GIMECO Impianti","article_publisher":"https:\/\/www.facebook.com\/gimecogroup","article_modified_time":"2024-06-03T10:27:43+00:00","og_image":[{"width":250,"height":98,"url":"https:\/\/gimeco.com\/wp-content\/uploads\/2023\/11\/Logo_GIMECO_StringNoPayoff-250.png","type":"image\/png"}],"schema":{"@context":"https:\/\/schema.org","@graph":[{"@type":"WebPage","@id":"https:\/\/gimeco.com\/services\/industry-4-0\/","url":"https:\/\/gimeco.com\/services\/industry-4-0\/","name":"Industria 4.0 | GIMECO Impianti","isPartOf":{"@id":"https:\/\/gimeco.com\/#website"},"datePublished":"2023-09-19T12:28:47+00:00","dateModified":"2024-06-03T10:27:43+00:00","description":"La transformaci\u00f3n digital, o Industria 4.0, representa un cambio en la forma en que las empresas y las industrias utilizan las tecnolog\u00edas digitales de vanguardia.","breadcrumb":{"@id":"https:\/\/gimeco.com\/services\/industry-4-0\/#breadcrumb"},"inLanguage":"es","potentialAction":[{"@type":"ReadAction","target":["https:\/\/gimeco.com\/services\/industry-4-0\/"]}]},{"@type":"BreadcrumbList","@id":"https:\/\/gimeco.com\/services\/industry-4-0\/#breadcrumb","itemListElement":[{"@type":"ListItem","position":1,"name":"Home","item":"https:\/\/gimeco.com\/es\/"},{"@type":"ListItem","position":2,"name":"Servicios","item":"https:\/\/gimeco.com\/services\/"},{"@type":"ListItem","position":3,"name":"Industria 4.0"}]},{"@type":"WebSite","@id":"https:\/\/gimeco.com\/#website","url":"https:\/\/gimeco.com\/","name":"gimeco.com","description":"Your Partner from A to Zink","publisher":{"@id":"https:\/\/gimeco.com\/#organization"},"alternateName":"Gimeco","potentialAction":[{"@type":"SearchAction","target":{"@type":"EntryPoint","urlTemplate":"https:\/\/gimeco.com\/?s={search_term_string}"},"query-input":{"@type":"PropertyValueSpecification","valueRequired":true,"valueName":"search_term_string"}}],"inLanguage":"es"},{"@type":"Organization","@id":"https:\/\/gimeco.com\/#organization","name":"Gimeco","url":"https:\/\/gimeco.com\/","logo":{"@type":"ImageObject","inLanguage":"es","@id":"https:\/\/gimeco.com\/#\/schema\/logo\/image\/","url":"https:\/\/gimeco.com\/wp-content\/uploads\/2023\/11\/Logo_GIMECO_StringNoPayoff-250.png","contentUrl":"https:\/\/gimeco.com\/wp-content\/uploads\/2023\/11\/Logo_GIMECO_StringNoPayoff-250.png","width":250,"height":98,"caption":"Gimeco"},"image":{"@id":"https:\/\/gimeco.com\/#\/schema\/logo\/image\/"},"sameAs":["https:\/\/www.facebook.com\/gimecogroup"]}]}},"_links":{"self":[{"href":"https:\/\/gimeco.com\/es\/wp-json\/wp\/v2\/pages\/20763","targetHints":{"allow":["GET"]}}],"collection":[{"href":"https:\/\/gimeco.com\/es\/wp-json\/wp\/v2\/pages"}],"about":[{"href":"https:\/\/gimeco.com\/es\/wp-json\/wp\/v2\/types\/page"}],"author":[{"embeddable":true,"href":"https:\/\/gimeco.com\/es\/wp-json\/wp\/v2\/users\/1"}],"replies":[{"embeddable":true,"href":"https:\/\/gimeco.com\/es\/wp-json\/wp\/v2\/comments?post=20763"}],"version-history":[{"count":8,"href":"https:\/\/gimeco.com\/es\/wp-json\/wp\/v2\/pages\/20763\/revisions"}],"predecessor-version":[{"id":22583,"href":"https:\/\/gimeco.com\/es\/wp-json\/wp\/v2\/pages\/20763\/revisions\/22583"}],"up":[{"embeddable":true,"href":"https:\/\/gimeco.com\/es\/wp-json\/wp\/v2\/pages\/20521"}],"wp:attachment":[{"href":"https:\/\/gimeco.com\/es\/wp-json\/wp\/v2\/media?parent=20763"}],"curies":[{"name":"wp","href":"https:\/\/api.w.org\/{rel}","templated":true}]}}