{"id":20767,"date":"2023-11-03T06:57:00","date_gmt":"2023-11-03T06:57:00","guid":{"rendered":"https:\/\/gimeco.com\/servicios\/chemical-products\/"},"modified":"2025-10-22T12:45:50","modified_gmt":"2025-10-22T12:45:50","slug":"productos-quimicos","status":"publish","type":"page","link":"https:\/\/gimeco.com\/es\/servicios\/productos-quimicos\/","title":{"rendered":"Productos qu\u00edmicos"},"content":{"rendered":"<div class=\"vgblk-rw-wrapper limit-wrapper\">\n\n\t<p>La tecnolog\u00eda de galvanizado en caliente evoluciona constantemente a trav\u00e9s de las demandas de calidad, econom\u00eda, medio ambiente y condiciones de trabajo: todo lo cual no puede prescindir del uso de <strong>productos qu\u00edmicos y aditivos dedicados<\/strong> \u00fatiles en las diversas etapas del proceso.<\/p>\n<p>Para ofrecerle un <strong>apoyo integral<\/strong> a sus tareas de producci\u00f3n, nuestra gama de soluciones incluye productos qu\u00edmicos especialmente estudiados y desarrollados por la empresa sueca <a href=\"https:\/\/www.recyclean.se\/\" target=\"_blank\" rel=\"noopener\">RECYCLEAN SYSTEMS AB<\/a>, con la que establecimos una s\u00f3lida y mutuamente beneficiosa colaboraci\u00f3n.<\/p>\n<p>Durante su experiencia de m\u00e1s de veinticinco a\u00f1os, la intenci\u00f3n de <a href=\"https:\/\/www.recyclean.se\/\" target=\"_blank\" rel=\"noopener\">RECYCLEAN SYSTEMS AB<\/a> siempre ha sido satisfacer <strong>las crecientes demandas de calidad y productividad<\/strong> de los galvanizadores, sabiendo que los efectos de los aditivos y productos qu\u00edmicos afectan profundamente todo el proceso.<\/p>\n\t\t\t\t<a href=\"https:\/\/recyclean.se\/\" target=\"_blank\" rel=\"noopener\"  itemprop=\"url\" title=\"rect1388\">\n\t\t\t\t\t\t\t<img loading=\"lazy\" decoding=\"async\" src=\"https:\/\/gimeco.com\/wp-content\/uploads\/2023\/12\/rect1388.png\" alt=\"rect1388\" itemprop=\"image\" height=\"100\" width=\"340\" data-link-type=\"url\" title=\"rect1388\" onerror=\"this.style.display='none'\"  sizes=\"auto, (max-width: 768px) 100vw, 100vw\" srcset=\"https:\/\/gimeco.com\/wp-content\/uploads\/2023\/12\/rect1388.png 340w, https:\/\/gimeco.com\/wp-content\/uploads\/2023\/12\/rect1388-300x88.png 300w, https:\/\/gimeco.com\/wp-content\/uploads\/2023\/12\/rect1388-315x93.png 315w\" \/>\t\t\t\t\t\t<\/a>\n<h3>\n\tProductos <b>desengrasantes<\/b> \n\t<\/h3>\n\t<p>\u00a1Deje que los productos que se van a tratar elijan el m\u00e9todo de desengrase! Las piezas mecanizadas pueden contener grandes cantidades de aceites de mecanizado que necesitan un desengrasante potente con buenas propiedades de separaci\u00f3n.<\/p>\n\t<ul>\n<li>Desengrasante biol\u00f3gico de alto impacto<\/li>\n<li>Temperatura 25-50\u00b0C <em>(77-122\u00b0F)<\/em><\/li>\n<li>No requiere enjuague posterior<\/li>\n<li>Vida \u00fatil muy larga <em>(hasta 10 a\u00f1os)<\/em><\/li>\n<li>Ofrece la mejor calidad<\/li>\n<li>Mejor resultado de desengrase<\/li>\n<\/ul>\n\t<ul>\n<li>Bajo alcalino<\/li>\n<li>Temperatura 25-70\u00b0C<em> (77-158\u00b0F)<\/em><\/li>\n<li>No requiere enjuague posterior<\/li>\n<li>Excelente resultado de desengrase<\/li>\n<li>Econ\u00f3mico<\/li>\n<\/ul>\n\t<ul>\n<li>Permite un decapado r\u00e1pido<\/li>\n<li>Compatible con capacidades de decapado limitadas<\/li>\n<li>Desengrasante \u00e1cido<\/li>\n<li>Temperatura 25-70\u00b0C <em>(77-158\u00b0F)<\/em><\/li>\n<li>No requiere enjuague posterior<\/li>\n<li>Excelente resultado de desengrase<\/li>\n<\/ul>\n<h3>\n\tAditivos de <b>decapado<\/b>\n\t<\/h3>\n\t<p>El material met\u00e1lico que muestra oxidaci\u00f3n <em>(\u00f3xido)<\/em> requiere \u00e1cido clorh\u00eddrico para limpiarse del \u00f3xido. Tambi\u00e9n se pueden usar \u00e1cidos fosf\u00f3rico o sulf\u00farico. El proceso puede combinarse con aditivos de decapado que ayudan a reducir el consumo de \u00e1cido y mejoran las condiciones de trabajo.<\/p>\n\t<p>Protege el metal, reduce el consumo de \u00e1cido, acelera el decapado de los productos, reduce el riesgo de fragilizaci\u00f3n por hidr\u00f3geno de los productos acabados.<\/p>\n\t<p>Ayuda a crear un ambiente de trabajo libre de vapores \u00e1cidos, proporciona una vida \u00fatil m\u00e1s larga a la planta y al equipo, reduciendo los costos de mantenimiento.<\/p>\n<h3>\n\tProductos de <b>fluxado<\/b>\n\t<\/h3>\n\t<p>El fluxado moderno no se limita solo a sal doble, tambi\u00e9n puede contener aditivos para hacer frente mejor al acero de alto contenido de silicio o a los ba\u00f1os de zinc de alto contenido de aluminio para obtener superficies m\u00e1s brillantes y suaves, o quiz\u00e1s lo m\u00e1s importante, evitar la formaci\u00f3n de manchas negras en la superficie de los artefactos galvanizados.<\/p>\n\t<p>Un aditivo para el ba\u00f1o de fluxado que aumenta el mojado del fundente y aumenta la eficiencia del tratamiento. Ayuda a acelerar el proceso de secado posterior ya que las superficies tratadas drenan los l\u00edquidos m\u00e1s f\u00e1cilmente.<\/p>\n\t<p>Una pasta de fluxado con un 85% de contenido en sal doble. Excelente para eliminar la formaci\u00f3n de polvo y f\u00e1cil de dosificar mediante bombas o simplemente verti\u00e9ndola en el ba\u00f1o de fluxado.<\/p>\n\t<p>Un aditivo de fluxado que asegura una galvanizaci\u00f3n sin problemas, reduciendo el riesgo de manchas negras. Es adecuado para ba\u00f1os de zinc con alto contenido de aluminio. Asegura superficies m\u00e1s brillantes y reduce radicalmente la necesidad de volver a galvanizar.<\/p>\n\t<p>Podemos suministrar tanto sales de fluxado tradicionales en forma seca como sales de fluxado a base de agua para una dosificaci\u00f3n sin polvo y automatizada.<\/p>\n<h3>\n\tProductos de <b>pasivaci\u00f3n y sellado<\/b>\n\t<\/h3>\n\t<p>La necesidad de productos terminados sin \u00f3xido blanco requiere un paso adicional para proporcionar protecci\u00f3n a largo plazo: nuestros productos de pasivaci\u00f3n crean una verdadera barrera protectora para las superficies de los materiales galvanizados, extendiendo su resistencia a la exposici\u00f3n ambiental.<\/p>\n\t<p>Protecci\u00f3n muy efectiva contra el \u00f3xido blanco inorg\u00e1nico que dura mucho tiempo. Totalmente libre de cromo. Excelente para la protecci\u00f3n durante el transporte y almacenamiento al aire libre.<\/p>\n<h3>\n\tAditivos para <b>ba\u00f1os de zinc<\/b>\n\t<\/h3>\n\t<p>La metalurgia moderna del zinc ha desarrollado aleaciones con aluminio y n\u00edquel que reducen el consumo de zinc, as\u00ed como superficies m\u00e1s brillantes; los aditivos para reciclar zinc de cenizas y escorias pueden proporcionar ahorros significativos adicionales en el consumo de zinc.<\/p>\n\t<p>El producto se agrega a las cenizas recolectadas. Por reacci\u00f3n, se recicla el 60-70% del zinc presente en las cenizas.<\/p>\n<h3>\n\t<b>Neutralizaci\u00f3n &#8211; Regeneraci\u00f3n<\/b><br \/>equipos espec\u00edficos\n\t<\/h3>\n\t<a href=\"https:\/\/gimeco.com\/es\/neutralizacion-regeneracion\/\" target=\"_self\" role=\"button\">\n\t\t\t\t\tSaber <b>m\u00e1s<\/b>\n\t<\/a>\n\n<\/div><!-- .vgblk-rw-wrapper -->","protected":false},"excerpt":{"rendered":"<p>La tecnolog\u00eda de galvanizado en caliente evoluciona constantemente a trav\u00e9s de las demandas de calidad, econom\u00eda, medio ambiente y condiciones de trabajo: todo lo cual no puede prescindir del uso de productos qu\u00edmicos y aditivos dedicados \u00fatiles en las diversas etapas del proceso. Para ofrecerle un apoyo integral a sus tareas de producci\u00f3n, nuestra gama&#8230;<\/p>\n","protected":false},"author":1,"featured_media":0,"parent":20521,"menu_order":0,"comment_status":"closed","ping_status":"closed","template":"","meta":{"inline_featured_image":false,"footnotes":""},"class_list":["post-20767","page","type-page","status-publish","hentry"],"yoast_head":"<!-- This site is optimized with the Yoast SEO plugin v26.4 - https:\/\/yoast.com\/wordpress\/plugins\/seo\/ -->\n<title>Productos qu\u00edmicos | GIMECO Impianti<\/title>\n<meta name=\"description\" content=\"La tecnolog\u00eda del galvanizado en caliente evoluciona constantemente en funci\u00f3n de las exigencias de calidad, econom\u00eda, medio ambiente y condiciones de trabajo.\" \/>\n<meta name=\"robots\" content=\"index, follow, max-snippet:-1, max-image-preview:large, max-video-preview:-1\" \/>\n<link rel=\"canonical\" href=\"https:\/\/gimeco.com\/es\/servicios\/productos-quimicos\/\" \/>\n<meta property=\"og:locale\" content=\"es_ES\" \/>\n<meta property=\"og:type\" content=\"article\" \/>\n<meta property=\"og:title\" content=\"Productos qu\u00edmicos | GIMECO Impianti\" \/>\n<meta property=\"og:description\" content=\"La tecnolog\u00eda del galvanizado en caliente evoluciona constantemente en funci\u00f3n de las exigencias de calidad, econom\u00eda, medio ambiente y condiciones de trabajo.\" \/>\n<meta property=\"og:url\" content=\"https:\/\/gimeco.com\/es\/servicios\/productos-quimicos\/\" \/>\n<meta property=\"og:site_name\" content=\"GIMECO Impianti\" \/>\n<meta property=\"article:publisher\" content=\"https:\/\/www.facebook.com\/gimecogroup\" \/>\n<meta property=\"article:modified_time\" content=\"2025-10-22T12:45:50+00:00\" \/>\n<meta property=\"og:image\" content=\"https:\/\/gimeco.com\/wp-content\/uploads\/2023\/12\/rect1388.png\" \/>\n<script type=\"application\/ld+json\" class=\"yoast-schema-graph\">{\"@context\":\"https:\/\/schema.org\",\"@graph\":[{\"@type\":\"WebPage\",\"@id\":\"https:\/\/gimeco.com\/es\/servicios\/productos-quimicos\/\",\"url\":\"https:\/\/gimeco.com\/es\/servicios\/productos-quimicos\/\",\"name\":\"Productos qu\u00edmicos | GIMECO Impianti\",\"isPartOf\":{\"@id\":\"https:\/\/gimeco.com\/#website\"},\"primaryImageOfPage\":{\"@id\":\"https:\/\/gimeco.com\/es\/servicios\/productos-quimicos\/#primaryimage\"},\"image\":{\"@id\":\"https:\/\/gimeco.com\/es\/servicios\/productos-quimicos\/#primaryimage\"},\"thumbnailUrl\":\"https:\/\/gimeco.com\/wp-content\/uploads\/2023\/12\/rect1388.png\",\"datePublished\":\"2023-11-03T06:57:00+00:00\",\"dateModified\":\"2025-10-22T12:45:50+00:00\",\"description\":\"La tecnolog\u00eda del galvanizado en caliente evoluciona constantemente en funci\u00f3n de las exigencias de calidad, econom\u00eda, medio ambiente y condiciones de trabajo.\",\"breadcrumb\":{\"@id\":\"https:\/\/gimeco.com\/es\/servicios\/productos-quimicos\/#breadcrumb\"},\"inLanguage\":\"es\",\"potentialAction\":[{\"@type\":\"ReadAction\",\"target\":[\"https:\/\/gimeco.com\/es\/servicios\/productos-quimicos\/\"]}]},{\"@type\":\"ImageObject\",\"inLanguage\":\"es\",\"@id\":\"https:\/\/gimeco.com\/es\/servicios\/productos-quimicos\/#primaryimage\",\"url\":\"https:\/\/gimeco.com\/wp-content\/uploads\/2023\/12\/rect1388.png\",\"contentUrl\":\"https:\/\/gimeco.com\/wp-content\/uploads\/2023\/12\/rect1388.png\"},{\"@type\":\"BreadcrumbList\",\"@id\":\"https:\/\/gimeco.com\/es\/servicios\/productos-quimicos\/#breadcrumb\",\"itemListElement\":[{\"@type\":\"ListItem\",\"position\":1,\"name\":\"Home\",\"item\":\"https:\/\/gimeco.com\/es\/\"},{\"@type\":\"ListItem\",\"position\":2,\"name\":\"Servicios\",\"item\":\"https:\/\/gimeco.com\/services\/\"},{\"@type\":\"ListItem\",\"position\":3,\"name\":\"Productos qu\u00edmicos\"}]},{\"@type\":\"WebSite\",\"@id\":\"https:\/\/gimeco.com\/#website\",\"url\":\"https:\/\/gimeco.com\/\",\"name\":\"gimeco.com\",\"description\":\"Your Partner from A to Zink\",\"publisher\":{\"@id\":\"https:\/\/gimeco.com\/#organization\"},\"alternateName\":\"Gimeco\",\"potentialAction\":[{\"@type\":\"SearchAction\",\"target\":{\"@type\":\"EntryPoint\",\"urlTemplate\":\"https:\/\/gimeco.com\/?s={search_term_string}\"},\"query-input\":{\"@type\":\"PropertyValueSpecification\",\"valueRequired\":true,\"valueName\":\"search_term_string\"}}],\"inLanguage\":\"es\"},{\"@type\":\"Organization\",\"@id\":\"https:\/\/gimeco.com\/#organization\",\"name\":\"Gimeco\",\"url\":\"https:\/\/gimeco.com\/\",\"logo\":{\"@type\":\"ImageObject\",\"inLanguage\":\"es\",\"@id\":\"https:\/\/gimeco.com\/#\/schema\/logo\/image\/\",\"url\":\"https:\/\/gimeco.com\/wp-content\/uploads\/2023\/11\/Logo_GIMECO_StringNoPayoff-250.png\",\"contentUrl\":\"https:\/\/gimeco.com\/wp-content\/uploads\/2023\/11\/Logo_GIMECO_StringNoPayoff-250.png\",\"width\":250,\"height\":98,\"caption\":\"Gimeco\"},\"image\":{\"@id\":\"https:\/\/gimeco.com\/#\/schema\/logo\/image\/\"},\"sameAs\":[\"https:\/\/www.facebook.com\/gimecogroup\"]}]}<\/script>\n<!-- \/ Yoast SEO plugin. -->","yoast_head_json":{"title":"Productos qu\u00edmicos | GIMECO Impianti","description":"La tecnolog\u00eda del galvanizado en caliente evoluciona constantemente en funci\u00f3n de las exigencias de calidad, econom\u00eda, medio ambiente y condiciones de trabajo.","robots":{"index":"index","follow":"follow","max-snippet":"max-snippet:-1","max-image-preview":"max-image-preview:large","max-video-preview":"max-video-preview:-1"},"canonical":"https:\/\/gimeco.com\/es\/servicios\/productos-quimicos\/","og_locale":"es_ES","og_type":"article","og_title":"Productos qu\u00edmicos | GIMECO Impianti","og_description":"La tecnolog\u00eda del galvanizado en caliente evoluciona constantemente en funci\u00f3n de las exigencias de calidad, econom\u00eda, medio ambiente y condiciones de trabajo.","og_url":"https:\/\/gimeco.com\/es\/servicios\/productos-quimicos\/","og_site_name":"GIMECO Impianti","article_publisher":"https:\/\/www.facebook.com\/gimecogroup","article_modified_time":"2025-10-22T12:45:50+00:00","og_image":[{"url":"https:\/\/gimeco.com\/wp-content\/uploads\/2023\/12\/rect1388.png","type":"","width":"","height":""}],"schema":{"@context":"https:\/\/schema.org","@graph":[{"@type":"WebPage","@id":"https:\/\/gimeco.com\/es\/servicios\/productos-quimicos\/","url":"https:\/\/gimeco.com\/es\/servicios\/productos-quimicos\/","name":"Productos qu\u00edmicos | GIMECO Impianti","isPartOf":{"@id":"https:\/\/gimeco.com\/#website"},"primaryImageOfPage":{"@id":"https:\/\/gimeco.com\/es\/servicios\/productos-quimicos\/#primaryimage"},"image":{"@id":"https:\/\/gimeco.com\/es\/servicios\/productos-quimicos\/#primaryimage"},"thumbnailUrl":"https:\/\/gimeco.com\/wp-content\/uploads\/2023\/12\/rect1388.png","datePublished":"2023-11-03T06:57:00+00:00","dateModified":"2025-10-22T12:45:50+00:00","description":"La tecnolog\u00eda del galvanizado en caliente evoluciona constantemente en funci\u00f3n de las exigencias de calidad, econom\u00eda, medio ambiente y condiciones de trabajo.","breadcrumb":{"@id":"https:\/\/gimeco.com\/es\/servicios\/productos-quimicos\/#breadcrumb"},"inLanguage":"es","potentialAction":[{"@type":"ReadAction","target":["https:\/\/gimeco.com\/es\/servicios\/productos-quimicos\/"]}]},{"@type":"ImageObject","inLanguage":"es","@id":"https:\/\/gimeco.com\/es\/servicios\/productos-quimicos\/#primaryimage","url":"https:\/\/gimeco.com\/wp-content\/uploads\/2023\/12\/rect1388.png","contentUrl":"https:\/\/gimeco.com\/wp-content\/uploads\/2023\/12\/rect1388.png"},{"@type":"BreadcrumbList","@id":"https:\/\/gimeco.com\/es\/servicios\/productos-quimicos\/#breadcrumb","itemListElement":[{"@type":"ListItem","position":1,"name":"Home","item":"https:\/\/gimeco.com\/es\/"},{"@type":"ListItem","position":2,"name":"Servicios","item":"https:\/\/gimeco.com\/services\/"},{"@type":"ListItem","position":3,"name":"Productos qu\u00edmicos"}]},{"@type":"WebSite","@id":"https:\/\/gimeco.com\/#website","url":"https:\/\/gimeco.com\/","name":"gimeco.com","description":"Your Partner from A to Zink","publisher":{"@id":"https:\/\/gimeco.com\/#organization"},"alternateName":"Gimeco","potentialAction":[{"@type":"SearchAction","target":{"@type":"EntryPoint","urlTemplate":"https:\/\/gimeco.com\/?s={search_term_string}"},"query-input":{"@type":"PropertyValueSpecification","valueRequired":true,"valueName":"search_term_string"}}],"inLanguage":"es"},{"@type":"Organization","@id":"https:\/\/gimeco.com\/#organization","name":"Gimeco","url":"https:\/\/gimeco.com\/","logo":{"@type":"ImageObject","inLanguage":"es","@id":"https:\/\/gimeco.com\/#\/schema\/logo\/image\/","url":"https:\/\/gimeco.com\/wp-content\/uploads\/2023\/11\/Logo_GIMECO_StringNoPayoff-250.png","contentUrl":"https:\/\/gimeco.com\/wp-content\/uploads\/2023\/11\/Logo_GIMECO_StringNoPayoff-250.png","width":250,"height":98,"caption":"Gimeco"},"image":{"@id":"https:\/\/gimeco.com\/#\/schema\/logo\/image\/"},"sameAs":["https:\/\/www.facebook.com\/gimecogroup"]}]}},"_links":{"self":[{"href":"https:\/\/gimeco.com\/es\/wp-json\/wp\/v2\/pages\/20767","targetHints":{"allow":["GET"]}}],"collection":[{"href":"https:\/\/gimeco.com\/es\/wp-json\/wp\/v2\/pages"}],"about":[{"href":"https:\/\/gimeco.com\/es\/wp-json\/wp\/v2\/types\/page"}],"author":[{"embeddable":true,"href":"https:\/\/gimeco.com\/es\/wp-json\/wp\/v2\/users\/1"}],"replies":[{"embeddable":true,"href":"https:\/\/gimeco.com\/es\/wp-json\/wp\/v2\/comments?post=20767"}],"version-history":[{"count":12,"href":"https:\/\/gimeco.com\/es\/wp-json\/wp\/v2\/pages\/20767\/revisions"}],"predecessor-version":[{"id":25651,"href":"https:\/\/gimeco.com\/es\/wp-json\/wp\/v2\/pages\/20767\/revisions\/25651"}],"up":[{"embeddable":true,"href":"https:\/\/gimeco.com\/es\/wp-json\/wp\/v2\/pages\/20521"}],"wp:attachment":[{"href":"https:\/\/gimeco.com\/es\/wp-json\/wp\/v2\/media?parent=20767"}],"curies":[{"name":"wp","href":"https:\/\/api.w.org\/{rel}","templated":true}]}}