{"id":22100,"date":"2024-05-17T09:10:06","date_gmt":"2024-05-17T09:10:06","guid":{"rendered":"https:\/\/gimeco.com\/technologies\/"},"modified":"2026-03-13T09:18:48","modified_gmt":"2026-03-13T09:18:48","slug":"tecnologias","status":"publish","type":"page","link":"https:\/\/gimeco.com\/es\/tecnologias\/","title":{"rendered":"Tecnolog\u00edas"},"content":{"rendered":"<div class=\"vgblk-rw-wrapper limit-wrapper\">\n\n\t<p>El negocio principal de GIMECO desde su fundaci\u00f3n es el dise\u00f1o y puesta en marcha de l\u00edneas completas de galvanizado en <strong>caliente llave en mano<\/strong>, que incluyen sistemas y m\u00e1quinas, equipos auxiliares y soluciones digitales para cada paso del procesamiento.<\/p>\nNuestras soluciones incluyen configuraciones est\u00e1ndar con <strong>unidades t\u00e9rmicas<\/strong><em> (horno-secador)<\/em> y <strong>procesos qu\u00edmicos<\/strong><em> (desengrasado, decapado, fundente),<\/em> as\u00ed como configuraciones m\u00e1s complejas que incorporan <strong>manipulaci\u00f3n y log\u00edstica<\/strong> y <strong>automatizaci\u00f3n<\/strong> de elevaci\u00f3n.<br \/>\nUna planta industrial de GIMECO siempre se personaliza profundamente para cumplir con sus requisitos espec\u00edficos y se <strong>dise\u00f1a meticulosamente<\/strong> hasta el \u00faltimo detalle, incluso ayud\u00e1ndole durante la evaluaci\u00f3n de la inversi\u00f3n, los gastos operativos y el consumo de energ\u00eda.\n<p>Nuestros t\u00e9cnicos pueden trabajar con usted para encontrar la soluci\u00f3n m\u00e1s adecuada para su empresa, ya sea <strong>construyendo desde cero en un terreno bald\u00edo<\/strong> o dentro de un edificio ya dise\u00f1ado, as\u00ed como la <strong>renovaci\u00f3n<\/strong> completa de instalaciones industriales existentes.<\/p>\n<p>Una planta de galvanizado industrial de GIMECO est\u00e1 configurada para garantizar que todo el flujo de producci\u00f3n funcione con la <strong>m\u00e1xima eficiencia<\/strong>, los costos m\u00ednimos, el menor impacto en el <strong>medio ambiente<\/strong> posible y el mayor <strong>retorno econ\u00f3mico<\/strong>.<\/p>\n<h3>\n\t<strong>C\u00f3mo <\/strong>trabajamos\n\t<\/h3>\n\t<p>GIMECO tiene una <strong>visi\u00f3n integral<\/strong> de cada proyecto. Todo se planifica, verifica e implementa cuidadosamente desde la <strong>primera consulta<\/strong>, incluso destacando <strong>necesidades no expresadas<\/strong>, y brind\u00e1ndole apoyo desde la <strong>instalaci\u00f3n<\/strong> hasta toda la vida \u00fatil de la planta.<\/p>\n<ol>\n<li><strong>Propuesta + dise\u00f1o<\/strong><\/li>\n<li><strong> Gesti\u00f3n de proyectos<\/strong><\/li>\n<li><strong> Ingenier\u00eda interna<\/strong><\/li>\n<li><strong> Fabricaci\u00f3n<\/strong><\/li>\n<li><strong> Instalaci\u00f3n en el sitio<\/strong><\/li>\n<li><strong> Puesta en marcha, ajuste, capacitaci\u00f3n<\/strong><\/li>\n<li><strong> Seguridad y control de procesos: desarrollo interno de software y soluciones digitales<\/strong><\/li>\n<li><strong>Servicios, asistencia t\u00e9cnica y repuestos<\/strong><\/li>\n<\/ol>\n<h3>\n\tTipos de <strong>plantas<\/strong>\n\t<\/h3>\n<h3>\n\t<strong>Layouting<\/strong> y dise\u00f1o\n\t<\/h3>\n\t<p>Al dise\u00f1ar l\u00edneas productivas, un <strong>layout correcto<\/strong> es una condici\u00f3n fundamental para determinar si la planta ser\u00e1 exitosa en t\u00e9rminos de productividad, garantizando un <strong>retorno efectivo de la inversi\u00f3n<\/strong> y proporcionando <strong>comodidad<\/strong> para los operadores.<\/p>\n<p>De hecho, la implementaci\u00f3n exitosa de una l\u00ednea de galvanizado en caliente requiere <strong>la integraci\u00f3n correcta y fluida<\/strong> de varios elementos como las caracter\u00edsticas geogr\u00e1ficas del sitio de construcci\u00f3n y la accesibilidad, materiales, recursos y energ\u00eda, creando el <strong>mejor compromiso<\/strong> para satisfacer las necesidades y, en \u00faltima instancia, garantizar la optimizaci\u00f3n de los flujos de producci\u00f3n incluso a trav\u00e9s del an\u00e1lisis de los tiempos de producci\u00f3n.<\/p>\n<p>Con d\u00e9cadas de experiencia, construida a trav\u00e9s de un continuo impulso hacia la innovaci\u00f3n tecnol\u00f3gica y la capacidad para satisfacer las demandas de las empresas asociadas, GIMECO ofrece ocho <strong>dise\u00f1os maestros<\/strong> que pueden ser <strong>altamente personalizados<\/strong> seg\u00fan los requisitos espec\u00edficos:<\/p>\n<h3>\n\t<b>Sistemas<\/b> y equipos\n\t<\/h3>\n<h3>\n\t\t\t<a href=\"https:\/\/gimeco.com\/es\/pretratamiento-postprocesamiento\/\" title=\"Pretratamiento y Postprocesamiento\" target=\"_self\">\n\tPretratamiento y Postprocesamiento\n\t\t\t<\/a>\n\t<\/h3>\n\t<p>La <strong>preparaci\u00f3n precisa<\/strong> de las superficies met\u00e1licas es crucial para garantizar la confiabilidad y durabilidad de la aleaci\u00f3n protectora de acero y zinc&#8230;<\/p>\n\t<a href=\"https:\/\/gimeco.com\/es\/pretratamiento-postprocesamiento\/\" target=\"_self\" role=\"button\">\n\t\t\t\t\tSaber <b>m\u00e1s<\/b>\n\t<\/a>\n<h3>\n\t\t\t<a href=\"https:\/\/gimeco.com\/es\/secadores\/\" title=\"Secadores\" target=\"_self\">\n\tSecadores\n\t\t\t<\/a>\n\t<\/h3>\n\t<p>El secador, tambi\u00e9n conocido como horno de precalentamiento, es una <strong>etapa crucial<\/strong> en el proceso de galvanizado de piezas met\u00e1licas&#8230;<\/p>\n\t<a href=\"https:\/\/gimeco.com\/es\/secadores\/\" target=\"_self\" role=\"button\">\n\t\t\t\t\tSaber <b>m\u00e1s<\/b>\n\t<\/a>\n<h3>\n\t\t\t<a href=\"https:\/\/gimeco.com\/es\/hornos\/\" title=\"Hornos\" target=\"_self\">\n\tHornos\n\t\t\t<\/a>\n\t<\/h3>\n\t<p>El horno es el <strong>coraz\u00f3n palpitante de toda la planta de galvanizado<\/strong>, y es crucial tanto para&#8230;<\/p>\n\t<a href=\"https:\/\/gimeco.com\/es\/hornos\/\" target=\"_self\" role=\"button\">\n\t\t\t\t\tSaber <b>m\u00e1s<\/b>\n\t<\/a>\n<h3>\n\t\t\t<a href=\"https:\/\/gimeco.com\/es\/crisoles-y-equipo-auxiliar\/\" title=\"Crisoles y Equipo Auxiliar\" target=\"_self\">\n\tCrisoles y Equipo Auxiliar\n\t\t\t<\/a>\n\t<\/h3>\n\t<p>Entre los <strong>componentes clave<\/strong> de toda la l\u00ednea de galvanizado en caliente&#8230;<\/p>\n\t<a href=\"https:\/\/gimeco.com\/es\/crisoles-y-equipo-auxiliar\/\" target=\"_self\" role=\"button\">\n\t\t\t\t\tSaber <b>m\u00e1s<\/b>\n\t<\/a>\n<h3>\n\t\t\t<a href=\"https:\/\/gimeco.com\/es\/manipulacion-automatizacion\/\" title=\"Manipulaci\u00f3n - Automatizaci\u00f3n\" target=\"_self\">\n\tManipulaci\u00f3n &#8211; Automatizaci\u00f3n\n\t\t\t<\/a>\n\t<\/h3>\n\t<p>Nuestras propuestas de manipulaci\u00f3n representan una <strong>innovaci\u00f3n crucial<\/strong> para la eficiencia industrial&#8230;<\/p>\n\t<a href=\"https:\/\/gimeco.com\/es\/manipulacion-automatizacion\/\" target=\"_self\" role=\"button\">\n\t\t\t\t\tSaber <b>m\u00e1s<\/b>\n\t<\/a>\n<h3>\n\t\t\t<a href=\"https:\/\/gimeco.com\/es\/galvanizado-de-tubos-y-tuberias\/\" title=\"Galvanizado de tubos y tuber\u00edas\" target=\"_self\">\n\tGalvanizado de tubos y tuber\u00edas\n\t\t\t<\/a>\n\t<\/h3>\n\t<p>Con el paso de los a\u00f1os, y con un <strong>conocimiento mejorado<\/strong> tras la adquisici\u00f3n de la empresa CO.T.IMP.I, nosotros&#8230;<\/p>\n\t<a href=\"https:\/\/gimeco.com\/es\/galvanizado-de-tubos-y-tuberias\/\" target=\"_self\" role=\"button\">\n\t\t\t\t\tSaber <b>m\u00e1s<\/b>\n\t<\/a>\n<h3>\n\t\t\t<a href=\"https:\/\/gimeco.com\/es\/galvanizado-por-centrifugado\/\" title=\"Galvanizado autom\u00e1tico por centrifugado\" target=\"_self\">\n\tGalvanizado autom\u00e1tico por centrifugado\n\t\t\t<\/a>\n\t<\/h3>\n\t<p>Las l\u00edneas de galvanizado en caliente por centrifugaci\u00f3n de hardware met\u00e1lico est\u00e1n dedicadas al <strong>manejo de piezas y componentes de tama\u00f1o peque\u00f1o<\/strong>&#8230;<\/p>\n\t<a href=\"https:\/\/gimeco.com\/es\/galvanizado-por-centrifugado\/\" target=\"_self\" role=\"button\">\n\t\t\t\t\tSaber <b>m\u00e1s<\/b>\n\t<\/a>\n<h3>\n\t\t\t<a href=\"https:\/\/gimeco.com\/es\/mover\/\" title=\"MOVER\u2122&lt;br&gt;Manipulaci\u00f3n inteligente\" target=\"_self\">\n\tMOVER\u2122<br \/>Manipulaci\u00f3n inteligente\n\t\t\t<\/a>\n\t<\/h3>\n\t<p>En muchas <strong>industrias manufactureras<\/strong>, particularmente en el galvanizado en caliente, que es el principal&#8230;<\/p>\n\t<a href=\"https:\/\/gimeco.com\/es\/mover\/\" target=\"_self\" role=\"button\">\n\t\t\t\t\tSaber <b>m\u00e1s<\/b>\n\t<\/a>\n<h3>\n\t\t\t<a href=\"https:\/\/gimeco.com\/es\/neutralizacion-regeneracion\/\" title=\"Neutralizaci\u00f3n y Regeneraci\u00f3n\" target=\"_self\">\n\tNeutralizaci\u00f3n y Regeneraci\u00f3n\n\t\t\t<\/a>\n\t<\/h3>\n\t<p>Los sistemas de regeneraci\u00f3n de \u00e1cido, regeneraci\u00f3n de flujo y neutralizaci\u00f3n de \u00e1cido representan la conclusi\u00f3n l\u00f3gica de una planta de galvanizado en caliente&#8230;<\/p>\n\t<a href=\"https:\/\/gimeco.com\/es\/neutralizacion-regeneracion\/\" target=\"_self\" role=\"button\">\n\t\t\t\t\tSaber <b>m\u00e1s<\/b>\n\t<\/a>\n<h3>\n\t\t\t<a href=\"https:\/\/gimeco.com\/es\/software\/\" title=\"Software\" target=\"_self\">\n\tSoftware\n\t\t\t<\/a>\n\t<\/h3>\n\t<p>GIMECO ofrece soluciones de software <strong>dise\u00f1adas internamente y personalizables<\/strong> para la industria de galvanizado en caliente&#8230;<\/p>\n\t<a href=\"https:\/\/gimeco.com\/es\/software\/\" target=\"_self\" role=\"button\">\n\t\t\t\t\tSaber <b>m\u00e1s<\/b>\n\t<\/a>\n\n<\/div><!-- .vgblk-rw-wrapper -->","protected":false},"excerpt":{"rendered":"<p>El negocio principal de GIMECO desde su fundaci\u00f3n es el dise\u00f1o y puesta en marcha de l\u00edneas completas de galvanizado en caliente llave en mano, que incluyen sistemas y m\u00e1quinas, equipos auxiliares y soluciones digitales para cada paso del procesamiento. Nuestras soluciones incluyen configuraciones est\u00e1ndar con unidades t\u00e9rmicas (horno-secador) y procesos qu\u00edmicos (desengrasado, decapado, fundente),&#8230;<\/p>\n","protected":false},"author":1,"featured_media":0,"parent":0,"menu_order":0,"comment_status":"closed","ping_status":"closed","template":"","meta":{"inline_featured_image":false,"footnotes":""},"class_list":["post-22100","page","type-page","status-publish","hentry"],"yoast_head":"<!-- This site is optimized with the Yoast SEO plugin v26.4 - https:\/\/yoast.com\/wordpress\/plugins\/seo\/ -->\n<title>Tecnolog\u00edas para la galvanizaci\u00f3n en caliente | GIMECO Impianti<\/title>\n<meta name=\"description\" content=\"La actividad principal de GIMECO es el dise\u00f1o y la puesta en marcha de l\u00edneas completas de galvanizaci\u00f3n en caliente, incluidos sistemas y m\u00e1quinas.\" \/>\n<meta name=\"robots\" content=\"index, follow, max-snippet:-1, max-image-preview:large, max-video-preview:-1\" \/>\n<link rel=\"canonical\" href=\"https:\/\/gimeco.com\/es\/tecnologias\/\" \/>\n<meta property=\"og:locale\" content=\"es_ES\" \/>\n<meta property=\"og:type\" content=\"article\" \/>\n<meta property=\"og:title\" content=\"Tecnolog\u00edas para la galvanizaci\u00f3n en caliente | GIMECO Impianti\" \/>\n<meta property=\"og:description\" content=\"La actividad principal de GIMECO es el dise\u00f1o y la puesta en marcha de l\u00edneas completas de galvanizaci\u00f3n en caliente, incluidos sistemas y m\u00e1quinas.\" \/>\n<meta property=\"og:url\" content=\"https:\/\/gimeco.com\/es\/tecnologias\/\" \/>\n<meta property=\"og:site_name\" content=\"GIMECO Impianti\" \/>\n<meta property=\"article:publisher\" content=\"https:\/\/www.facebook.com\/gimecogroup\" \/>\n<meta property=\"article:modified_time\" content=\"2026-03-13T09:18:48+00:00\" \/>\n<meta property=\"og:image\" content=\"https:\/\/gimeco.com\/wp-content\/uploads\/2023\/11\/Logo_GIMECO_StringNoPayoff-250.png\" \/>\n\t<meta property=\"og:image:width\" content=\"250\" \/>\n\t<meta property=\"og:image:height\" content=\"98\" \/>\n\t<meta property=\"og:image:type\" content=\"image\/png\" \/>\n<script type=\"application\/ld+json\" class=\"yoast-schema-graph\">{\"@context\":\"https:\/\/schema.org\",\"@graph\":[{\"@type\":\"WebPage\",\"@id\":\"https:\/\/gimeco.com\/es\/tecnologias\/\",\"url\":\"https:\/\/gimeco.com\/es\/tecnologias\/\",\"name\":\"Tecnolog\u00edas para la galvanizaci\u00f3n en caliente | GIMECO Impianti\",\"isPartOf\":{\"@id\":\"https:\/\/gimeco.com\/#website\"},\"datePublished\":\"2024-05-17T09:10:06+00:00\",\"dateModified\":\"2026-03-13T09:18:48+00:00\",\"description\":\"La actividad principal de GIMECO es el dise\u00f1o y la puesta en marcha de l\u00edneas completas de galvanizaci\u00f3n en caliente, incluidos sistemas y m\u00e1quinas.\",\"breadcrumb\":{\"@id\":\"https:\/\/gimeco.com\/es\/tecnologias\/#breadcrumb\"},\"inLanguage\":\"es\",\"potentialAction\":[{\"@type\":\"ReadAction\",\"target\":[\"https:\/\/gimeco.com\/es\/tecnologias\/\"]}]},{\"@type\":\"BreadcrumbList\",\"@id\":\"https:\/\/gimeco.com\/es\/tecnologias\/#breadcrumb\",\"itemListElement\":[{\"@type\":\"ListItem\",\"position\":1,\"name\":\"Home\",\"item\":\"https:\/\/gimeco.com\/es\/\"},{\"@type\":\"ListItem\",\"position\":2,\"name\":\"Tecnolog\u00edas\"}]},{\"@type\":\"WebSite\",\"@id\":\"https:\/\/gimeco.com\/#website\",\"url\":\"https:\/\/gimeco.com\/\",\"name\":\"gimeco.com\",\"description\":\"Your Partner from A to Zink\",\"publisher\":{\"@id\":\"https:\/\/gimeco.com\/#organization\"},\"alternateName\":\"Gimeco\",\"potentialAction\":[{\"@type\":\"SearchAction\",\"target\":{\"@type\":\"EntryPoint\",\"urlTemplate\":\"https:\/\/gimeco.com\/?s={search_term_string}\"},\"query-input\":{\"@type\":\"PropertyValueSpecification\",\"valueRequired\":true,\"valueName\":\"search_term_string\"}}],\"inLanguage\":\"es\"},{\"@type\":\"Organization\",\"@id\":\"https:\/\/gimeco.com\/#organization\",\"name\":\"Gimeco\",\"url\":\"https:\/\/gimeco.com\/\",\"logo\":{\"@type\":\"ImageObject\",\"inLanguage\":\"es\",\"@id\":\"https:\/\/gimeco.com\/#\/schema\/logo\/image\/\",\"url\":\"https:\/\/gimeco.com\/wp-content\/uploads\/2023\/11\/Logo_GIMECO_StringNoPayoff-250.png\",\"contentUrl\":\"https:\/\/gimeco.com\/wp-content\/uploads\/2023\/11\/Logo_GIMECO_StringNoPayoff-250.png\",\"width\":250,\"height\":98,\"caption\":\"Gimeco\"},\"image\":{\"@id\":\"https:\/\/gimeco.com\/#\/schema\/logo\/image\/\"},\"sameAs\":[\"https:\/\/www.facebook.com\/gimecogroup\"]}]}<\/script>\n<!-- \/ Yoast SEO plugin. -->","yoast_head_json":{"title":"Tecnolog\u00edas para la galvanizaci\u00f3n en caliente | GIMECO Impianti","description":"La actividad principal de GIMECO es el dise\u00f1o y la puesta en marcha de l\u00edneas completas de galvanizaci\u00f3n en caliente, incluidos sistemas y m\u00e1quinas.","robots":{"index":"index","follow":"follow","max-snippet":"max-snippet:-1","max-image-preview":"max-image-preview:large","max-video-preview":"max-video-preview:-1"},"canonical":"https:\/\/gimeco.com\/es\/tecnologias\/","og_locale":"es_ES","og_type":"article","og_title":"Tecnolog\u00edas para la galvanizaci\u00f3n en caliente | GIMECO Impianti","og_description":"La actividad principal de GIMECO es el dise\u00f1o y la puesta en marcha de l\u00edneas completas de galvanizaci\u00f3n en caliente, incluidos sistemas y m\u00e1quinas.","og_url":"https:\/\/gimeco.com\/es\/tecnologias\/","og_site_name":"GIMECO Impianti","article_publisher":"https:\/\/www.facebook.com\/gimecogroup","article_modified_time":"2026-03-13T09:18:48+00:00","og_image":[{"width":250,"height":98,"url":"https:\/\/gimeco.com\/wp-content\/uploads\/2023\/11\/Logo_GIMECO_StringNoPayoff-250.png","type":"image\/png"}],"schema":{"@context":"https:\/\/schema.org","@graph":[{"@type":"WebPage","@id":"https:\/\/gimeco.com\/es\/tecnologias\/","url":"https:\/\/gimeco.com\/es\/tecnologias\/","name":"Tecnolog\u00edas para la galvanizaci\u00f3n en caliente | GIMECO Impianti","isPartOf":{"@id":"https:\/\/gimeco.com\/#website"},"datePublished":"2024-05-17T09:10:06+00:00","dateModified":"2026-03-13T09:18:48+00:00","description":"La actividad principal de GIMECO es el dise\u00f1o y la puesta en marcha de l\u00edneas completas de galvanizaci\u00f3n en caliente, incluidos sistemas y m\u00e1quinas.","breadcrumb":{"@id":"https:\/\/gimeco.com\/es\/tecnologias\/#breadcrumb"},"inLanguage":"es","potentialAction":[{"@type":"ReadAction","target":["https:\/\/gimeco.com\/es\/tecnologias\/"]}]},{"@type":"BreadcrumbList","@id":"https:\/\/gimeco.com\/es\/tecnologias\/#breadcrumb","itemListElement":[{"@type":"ListItem","position":1,"name":"Home","item":"https:\/\/gimeco.com\/es\/"},{"@type":"ListItem","position":2,"name":"Tecnolog\u00edas"}]},{"@type":"WebSite","@id":"https:\/\/gimeco.com\/#website","url":"https:\/\/gimeco.com\/","name":"gimeco.com","description":"Your Partner from A to Zink","publisher":{"@id":"https:\/\/gimeco.com\/#organization"},"alternateName":"Gimeco","potentialAction":[{"@type":"SearchAction","target":{"@type":"EntryPoint","urlTemplate":"https:\/\/gimeco.com\/?s={search_term_string}"},"query-input":{"@type":"PropertyValueSpecification","valueRequired":true,"valueName":"search_term_string"}}],"inLanguage":"es"},{"@type":"Organization","@id":"https:\/\/gimeco.com\/#organization","name":"Gimeco","url":"https:\/\/gimeco.com\/","logo":{"@type":"ImageObject","inLanguage":"es","@id":"https:\/\/gimeco.com\/#\/schema\/logo\/image\/","url":"https:\/\/gimeco.com\/wp-content\/uploads\/2023\/11\/Logo_GIMECO_StringNoPayoff-250.png","contentUrl":"https:\/\/gimeco.com\/wp-content\/uploads\/2023\/11\/Logo_GIMECO_StringNoPayoff-250.png","width":250,"height":98,"caption":"Gimeco"},"image":{"@id":"https:\/\/gimeco.com\/#\/schema\/logo\/image\/"},"sameAs":["https:\/\/www.facebook.com\/gimecogroup"]}]}},"_links":{"self":[{"href":"https:\/\/gimeco.com\/es\/wp-json\/wp\/v2\/pages\/22100","targetHints":{"allow":["GET"]}}],"collection":[{"href":"https:\/\/gimeco.com\/es\/wp-json\/wp\/v2\/pages"}],"about":[{"href":"https:\/\/gimeco.com\/es\/wp-json\/wp\/v2\/types\/page"}],"author":[{"embeddable":true,"href":"https:\/\/gimeco.com\/es\/wp-json\/wp\/v2\/users\/1"}],"replies":[{"embeddable":true,"href":"https:\/\/gimeco.com\/es\/wp-json\/wp\/v2\/comments?post=22100"}],"version-history":[{"count":15,"href":"https:\/\/gimeco.com\/es\/wp-json\/wp\/v2\/pages\/22100\/revisions"}],"predecessor-version":[{"id":25835,"href":"https:\/\/gimeco.com\/es\/wp-json\/wp\/v2\/pages\/22100\/revisions\/25835"}],"wp:attachment":[{"href":"https:\/\/gimeco.com\/es\/wp-json\/wp\/v2\/media?parent=22100"}],"curies":[{"name":"wp","href":"https:\/\/api.w.org\/{rel}","templated":true}]}}