{"id":21340,"date":"2023-06-30T12:54:58","date_gmt":"2023-06-30T12:54:58","guid":{"rendered":"https:\/\/gimeco.com\/home\/"},"modified":"2025-12-23T14:46:03","modified_gmt":"2025-12-23T14:46:03","slug":"home","status":"publish","type":"page","link":"https:\/\/gimeco.com\/fr\/","title":{"rendered":"Home"},"content":{"rendered":"<div class=\"vgblk-rw-wrapper limit-wrapper\">\n<h2>\n\tUsines de galvanisation \u00e0 chaud <br \/>et connaissance du processus <br \/><b>de A \u00e0 Zinc<\/b>\n\t<\/h2>\n\t<a href=\"https:\/\/gimeco.com\/fr\/#3\" target=\"_self\" role=\"button\">\n\t\t\t\t\tTrouvez votre solution\n\t<\/a>\n<h5>\n\tQUI NOUS SOMMES\n\t<\/h5>\n<h2>\n\tAussi r\u00e9sistants que le <b>zinc<\/b>\n\t<\/h2>\n\t<p>Nous sommes n\u00e9s en <strong>1976<\/strong> \u00e0 Milan, dans le nord de l&rsquo;<strong>Italie<\/strong>, et nous avons grandi en faisant ce que nous faisons de mieux: <strong>concevoir et installer des \u00e9quipements et des installations pour la galvanisation \u00e0 chaud<\/strong> et offrir toute une gamme de services d\u00e9di\u00e9s.<\/p>\n<p>Notre instinct naturel pour l&rsquo;<strong>innovation<\/strong> et l&rsquo;analyse approfondie nous a toujours guid\u00e9s, et nos choix parfois pionniers ont contribu\u00e9 \u00e0 am\u00e9liorer la mani\u00e8re de \u00ab\u00a0devenir un galvaniseur\u00a0\u00bb en Italie et dans le monde, en \u00e9tablissant de nouvelles normes.<\/p>\n<p>Au fil des ans, nous avons acquis un <strong>savoir-faire complet<\/strong>, en mettant en \u0153uvre des centaines de lignes compl\u00e8tes \u00e0 l&rsquo;\u00e9chelle mondiale et en tissant un r\u00e9seau de partenaires pour nouer des relations et rapprocher les galvaniseurs de nous.<\/p>\n\t<a href=\"https:\/\/gimeco.com\/fr\/societe\/\" target=\"_self\" role=\"button\">\n\t\t\t\t\t\u00c0 propos de nous\n\t<\/a>\n\t<strong>LES GENS <\/strong><br \/>\nDE GIMECO\n\t\t\t70\n\t<strong>CLIENT<\/strong><br \/>\nACTIFS\n\t\t\t308\n\t<strong>AFFAIRES<br \/>\n<\/strong>\u00c0 L&rsquo;\u00c9TRANGER\n\t\t\t82%\n\t<strong>PAYS<\/strong><br \/>\nSERVIS\n\t\t\t49\n\t<strong>INSTALLATIONS <\/strong><br \/>\nCOMPL\u00c8TES\n\t\t\t151\n\t<strong>ASSOCIATIONS <\/strong><br \/>\nDE GALVANISEURS\n\t\t\t13\n<h5>\n\tNOS TECHNOLOGIES\n\t<\/h5>\n<h2>\n\t<b>Si vous avez besoin <\/b>d&rsquo;une usine\n\t<\/h2>\n\t<p><strong>Solutions cl\u00e9s en main<\/strong> pour la galvanisation \u00e0 chaud, englobant des \u00e9quipements individuels, des syst\u00e8mes et des <strong>lignes de production\u00a0compl\u00e8tes.<\/strong><\/p>\n\t<a href=\"https:\/\/gimeco.com\/fr\/technologie\/\" target=\"_self\" role=\"button\">\n\t\t\t\t\tTechnologies\n\t<\/a>\n<h5>\n\tNOS SERVICES\n\t<\/h5>\n<h2>\n\t<b>Si vous poss\u00e9dez <\/b><br \/>une usine\n\t<\/h2>\n\t<p><strong>Services techniques<\/strong> \u00e0 valeur ajout\u00e9e pour maintenir les niveaux de productivit\u00e9 les plus \u00e9lev\u00e9s possibles tout au long de la vie de votre usine.<\/p>\n\t<a href=\"https:\/\/gimeco.com\/fr\/services\/\" target=\"_self\" role=\"button\">\n\t\t\t\t\tServices\n\t<\/a>\n<h2>\n\tSoyez l&rsquo;avenir,<br \/><b>soyez durable<\/b>\n\t<\/h2>\n\t<a href=\"https:\/\/gimeco.com\/fr\/durabilite\/\" target=\"_self\" role=\"button\">\n\t\t\t\t\tD\u00e9couvrez-en plus\n\t<\/a>\n<h2>\n\t<b>Actualit\u00e9s <\/b>de A \u00e0 Zinc\n\t<\/h2>\n<h2>\n\t<b>Quelqu&rsquo;un<\/b> qui nous a choisis\n\t<\/h2>\n\t<div class='white' style='background:rgba(0,0,0,0); border:solid 0px rgba(0,0,0,0); border-radius:0px; padding:0px 0px 0px 0px;'>\n<div id='slider_21334' class='owl-carousel sa_owl_theme owl-pagination-true autohide-arrows' data-slider-id='slider_21334' style='visibility:hidden;'>\n<div id='slider_21334_slide01' class='sa_hover_container' style='padding:5% 5%; margin:0px 0%; background-image:url(&quot;https:\/\/gimeco.com\/wp-content\/uploads\/2025\/08\/bordj-steel-logo-BLU-08.2025.png&quot;); background-position:center center; background-size:contain; background-repeat:no-repeat; '><div class='sa_hover_buttons' style='top:50%; left:50%; margin-top:-20px; margin-left:-20px;'><a class='sa_slide_link_icon' href='https:\/\/www.bordjsteel.dz\/' target='_blank' title='' aria-label=''><\/a><\/div>\n<\/div>\n<div id='slider_21334_slide02' class='sa_hover_container' style='padding:5% 5%; margin:0px 0%; background-image:url(&quot;https:\/\/gimeco.com\/wp-content\/uploads\/2018\/01\/dsi.png&quot;); background-position:center center; background-size:contain; background-repeat:no-repeat; '><div class='sa_hover_buttons' style='top:50%; left:50%; margin-top:-20px; margin-left:-20px;'><a class='sa_slide_link_icon' href='https:\/\/www.dsiunderground.com.au\/' target='_blank' title='' aria-label=''><\/a><\/div>\n<\/div>\n<div id='slider_21334_slide03' class='sa_hover_container' style='padding:5% 5%; margin:0px 0%; background-image:url(&quot;https:\/\/gimeco.com\/wp-content\/uploads\/2018\/01\/metal.png&quot;); background-position:left top; background-size:contain; background-repeat:no-repeat; '><div class='sa_hover_buttons' style='top:50%; left:50%; margin-top:-20px; margin-left:-20px;'><a class='sa_slide_link_icon' href='https:\/\/www.metaltech.pl\/en\/' target='_blank' title='' aria-label=''><\/a><\/div>\n<\/div>\n<div id='slider_21334_slide04' class='sa_hover_container' style='padding:5% 5%; margin:0px 0%; background-image:url(&quot;https:\/\/gimeco.com\/wp-content\/uploads\/2018\/01\/thielco.png&quot;); background-position:center center; background-size:contain; background-repeat:no-repeat; '><div class='sa_hover_buttons' style='top:50%; left:50%; margin-top:-20px; margin-left:-20px;'><a class='sa_slide_link_icon' href='https:\/\/www.thielco.nl\/home' target='_blank' title='' aria-label=''><\/a><\/div>\n<\/div>\n<div id='slider_21334_slide05' class='sa_hover_container' style='padding:5% 5%; margin:0px 0%; background-image:url(&quot;https:\/\/gimeco.com\/wp-content\/uploads\/2018\/01\/vm.png&quot;); background-position:center center; background-size:contain; background-repeat:no-repeat; '><div class='sa_hover_buttons' style='top:50%; left:50%; margin-top:-20px; margin-left:-20px;'><a class='sa_slide_link_icon' href='https:\/\/centrumvoorverduurzamen.nl\/verzinkerij-meerveldhoven\/' target='_blank' title='' aria-label=''><\/a><\/div>\n<\/div>\n<div id='slider_21334_slide06' class='sa_hover_container' style='padding:5% 5%; margin:0px 0%; background-image:url(&quot;https:\/\/gimeco.com\/wp-content\/uploads\/2018\/01\/cordivari.png&quot;); background-position:center center; background-size:contain; background-repeat:no-repeat; '><div class='sa_hover_buttons' style='top:50%; left:50%; margin-top:-20px; margin-left:-20px;'><a class='sa_slide_link_icon' href='https:\/\/www.cordivari.it\/' target='_blank' title='' aria-label=''><\/a><\/div>\n<\/div>\n<div id='slider_21334_slide07' class='sa_hover_container' style='padding:5% 5%; margin:0px 0%; background-image:url(&quot;https:\/\/gimeco.com\/wp-content\/uploads\/2018\/01\/zincol.png&quot;); background-position:left top; background-size:contain; background-repeat:no-repeat; '><div class='sa_hover_buttons' style='top:50%; left:50%; margin-top:-20px; margin-left:-20px;'><a class='sa_slide_link_icon' href='https:\/\/www.zincolitalia.it\/' target='_blank' title='' aria-label=''><\/a><\/div>\n<\/div>\n<div id='slider_21334_slide08' class='sa_hover_container' style='padding:5% 5%; margin:0px 0%; background-image:url(&quot;https:\/\/gimeco.com\/wp-content\/uploads\/2018\/01\/maksim.png&quot;); background-position:center center; background-size:contain; background-repeat:no-repeat; '><div class='sa_hover_buttons' style='top:50%; left:50%; margin-top:-20px; margin-left:-20px;'><a class='sa_slide_link_icon' href='http:\/\/www.maksim.si\/en\/home\/' target='_blank' title='' aria-label=''><\/a><\/div>\n<\/div>\n<div id='slider_21334_slide09' class='sa_hover_container' style='padding:5% 5%; margin:0px 0%; background-image:url(&quot;https:\/\/gimeco.com\/wp-content\/uploads\/2018\/01\/nucor.png&quot;); background-position:center center; background-size:contain; background-repeat:no-repeat; '><div class='sa_hover_buttons' style='top:50%; left:50%; margin-top:-20px; margin-left:-20px;'><a class='sa_slide_link_icon' href='https:\/\/nucor.com\/' target='_blank' title='' aria-label=''><\/a><\/div>\n<\/div>\n<div id='slider_21334_slide10' class='sa_hover_container' style='padding:5% 5%; margin:0px 0%; background-image:url(&quot;https:\/\/gimeco.com\/wp-content\/uploads\/2018\/01\/saferod.png&quot;); background-position:center center; background-size:contain; background-repeat:no-repeat; '><div class='sa_hover_buttons' style='top:50%; left:50%; margin-top:-20px; margin-left:-20px;'><a class='sa_slide_link_icon' href='https:\/\/www.saferoad.com\/' target='_blank' title='' aria-label=''><\/a><\/div>\n<\/div>\n<div id='slider_21334_slide11' class='sa_hover_container' style='padding:5% 5%; margin:0px 0%; background-image:url(&quot;https:\/\/gimeco.com\/wp-content\/uploads\/2024\/05\/Logo-Meiser-Aximum-2024-BLU.png&quot;); background-position:center center; background-size:contain; background-repeat:no-repeat; '><div class='sa_hover_buttons' style='top:50%; left:50%; margin-top:-20px; margin-left:-20px;'><a class='sa_slide_link_icon' href='https:\/\/www.meiser-group.com\/en\/' target='_blank' title='' aria-label=''><\/a><\/div>\n<\/div>\n<div id='slider_21334_slide12' class='sa_hover_container' style='padding:5% 5%; margin:0px 0%; background-image:url(&quot;https:\/\/gimeco.com\/wp-content\/uploads\/2024\/06\/gm-zincatura-LOGO-1.png&quot;); background-position:center center; background-size:contain; background-repeat:no-repeat; '><div class='sa_hover_buttons' style='top:50%; left:50%; margin-top:-20px; margin-left:-20px;'><a class='sa_slide_link_icon' href='https:\/\/www.gmzincatura.it\/' target='_blank' title='' aria-label=''><\/a><\/div>\n<\/div>\n<div id='slider_21334_slide13' class='sa_hover_container' style='padding:5% 5%; margin:0px 0%; background-image:url(&quot;https:\/\/gimeco.com\/wp-content\/uploads\/2024\/07\/Logo-Collini-2024-BLU.png&quot;); background-position:center center; background-size:contain; background-repeat:no-repeat; '><div class='sa_hover_buttons' style='top:50%; left:50%; margin-top:-20px; margin-left:-20px;'><a class='sa_slide_link_icon' href='https:\/\/www.collini.eu\/en\/' target='_blank' title='' aria-label=''><\/a><\/div>\n<\/div>\n<\/div>\n<\/div>\n<script type='text\/javascript'>\n\tjQuery(document).ready(function() {\n\t\tjQuery('#slider_21334').owlCarousel({\n\t\t\tresponsive:{\n\t\t\t\t0:{ items:2 },\n\t\t\t\t480:{ items:2 },\n\t\t\t\t768:{ items:3 },\n\t\t\t\t980:{ items:5 },\n\t\t\t\t1200:{ items:5 },\n\t\t\t\t1500:{ items:5 }\n\t\t\t},\n\t\t\tautoplay : true,\n\t\t\tautoplayTimeout : 5000,\n\t\t\tautoplayHoverPause : true,\n\t\t\tsmartSpeed : 200,\n\t\t\tfluidSpeed : 200,\n\t\t\tautoplaySpeed : 200,\n\t\t\tnavSpeed : 200,\n\t\t\tdotsSpeed : 200,\n\t\t\tloop : true,\n\t\t\tnav : true,\n\t\t\tnavText : ['Previous','Next'],\n\t\t\tdots : true,\n\t\t\tresponsiveRefreshRate : 200,\n\t\t\tslideBy : 1,\n\t\t\tmergeFit : true,\n\t\t\tautoHeight : false,\n\t\t\tmouseDrag : false,\n\t\t\ttouchDrag : true\n\t\t});\n\t\tjQuery('#slider_21334').css('visibility', 'visible');\n\t\tsa_resize_slider_21334();\n\t\twindow.addEventListener('resize', sa_resize_slider_21334);\n\t\tfunction sa_resize_slider_21334() {\n\t\t\tvar min_height = '50';\n\t\t\tvar win_width = jQuery(window).width();\n\t\t\tvar slider_width = jQuery('#slider_21334').width();\n\t\t\tif (win_width < 480) {\n\t\t\t\tvar slide_width = slider_width \/ 2;\n\t\t\t} else if (win_width < 768) {\n\t\t\t\tvar slide_width = slider_width \/ 2;\n\t\t\t} else if (win_width < 980) {\n\t\t\t\tvar slide_width = slider_width \/ 3;\n\t\t\t} else if (win_width < 1200) {\n\t\t\t\tvar slide_width = slider_width \/ 5;\n\t\t\t} else if (win_width < 1500) {\n\t\t\t\tvar slide_width = slider_width \/ 5;\n\t\t\t} else {\n\t\t\t\tvar slide_width = slider_width \/ 5;\n\t\t\t}\n\t\t\tslide_width = Math.round(slide_width);\n\t\t\tvar slide_height = '0';\n\t\t\tif (min_height == 'aspect43') {\n\t\t\t\tslide_height = (slide_width \/ 4) * 3;\t\t\t\tslide_height = Math.round(slide_height);\n\t\t\t} else if (min_height == 'aspect169') {\n\t\t\t\tslide_height = (slide_width \/ 16) * 9;\t\t\t\tslide_height = Math.round(slide_height);\n\t\t\t} else {\n\t\t\t\tslide_height = (slide_width \/ 100) * min_height;\t\t\t\tslide_height = Math.round(slide_height);\n\t\t\t}\n\t\t\tjQuery('#slider_21334 .owl-item .sa_hover_container').css('min-height', slide_height+'px');\n\t\t}\n\t\tvar owl_goto = jQuery('#slider_21334');\n\t\tjQuery('.slider_21334_goto1').click(function(event){\n\t\t\towl_goto.trigger('to.owl.carousel', 0);\n\t\t});\n\t\tjQuery('.slider_21334_goto2').click(function(event){\n\t\t\towl_goto.trigger('to.owl.carousel', 1);\n\t\t});\n\t\tjQuery('.slider_21334_goto3').click(function(event){\n\t\t\towl_goto.trigger('to.owl.carousel', 2);\n\t\t});\n\t\tjQuery('.slider_21334_goto4').click(function(event){\n\t\t\towl_goto.trigger('to.owl.carousel', 3);\n\t\t});\n\t\tjQuery('.slider_21334_goto5').click(function(event){\n\t\t\towl_goto.trigger('to.owl.carousel', 4);\n\t\t});\n\t\tjQuery('.slider_21334_goto6').click(function(event){\n\t\t\towl_goto.trigger('to.owl.carousel', 5);\n\t\t});\n\t\tjQuery('.slider_21334_goto7').click(function(event){\n\t\t\towl_goto.trigger('to.owl.carousel', 6);\n\t\t});\n\t\tjQuery('.slider_21334_goto8').click(function(event){\n\t\t\towl_goto.trigger('to.owl.carousel', 7);\n\t\t});\n\t\tjQuery('.slider_21334_goto9').click(function(event){\n\t\t\towl_goto.trigger('to.owl.carousel', 8);\n\t\t});\n\t\tjQuery('.slider_21334_goto10').click(function(event){\n\t\t\towl_goto.trigger('to.owl.carousel', 9);\n\t\t});\n\t\tjQuery('.slider_21334_goto11').click(function(event){\n\t\t\towl_goto.trigger('to.owl.carousel', 10);\n\t\t});\n\t\tjQuery('.slider_21334_goto12').click(function(event){\n\t\t\towl_goto.trigger('to.owl.carousel', 11);\n\t\t});\n\t\tjQuery('.slider_21334_goto13').click(function(event){\n\t\t\towl_goto.trigger('to.owl.carousel', 12);\n\t\t});\n\t\tvar resize_21334 = jQuery('.owl-carousel');\n\t\tresize_21334.on('initialized.owl.carousel', function(e) {\n\t\t\tif (typeof(Event) === 'function') {\n\t\t\t\twindow.dispatchEvent(new Event('resize'));\n\t\t\t} else {\n\t\t\t\tvar evt = window.document.createEvent('UIEvents');\n\t\t\t\tevt.initUIEvent('resize', true, false, window, 0);\n\t\t\t\twindow.dispatchEvent(evt);\n\t\t\t}\n\t\t});\n\t});\n<\/script>\n\n\n<\/div><!-- .vgblk-rw-wrapper -->","protected":false},"excerpt":{"rendered":"<p>Usines de galvanisation \u00e0 chaud et connaissance du processus de A \u00e0 Zinc Trouvez votre solution QUI NOUS SOMMES Aussi r\u00e9sistants que le zinc Nous sommes n\u00e9s en 1976 \u00e0 Milan, dans le nord de l&rsquo;Italie, et nous avons grandi en faisant ce que nous faisons de mieux: concevoir et installer des \u00e9quipements et des&#8230;<\/p>\n","protected":false},"author":1,"featured_media":0,"parent":0,"menu_order":0,"comment_status":"closed","ping_status":"closed","template":"","meta":{"inline_featured_image":false,"footnotes":""},"class_list":["post-21340","page","type-page","status-publish","hentry"],"yoast_head":"<!-- This site is optimized with the Yoast SEO plugin v26.4 - https:\/\/yoast.com\/wordpress\/plugins\/seo\/ -->\n<title>La galvanisation \u00e0 chaud: votre partenaire de A \u00e0 Zinc | GIMECO Impianti<\/title>\n<meta name=\"description\" content=\"Installations compl\u00e8tes, \u00e9quipements, syst\u00e8mes, logiciels, services et connaissances des processus pour la galvanisation \u00e0 chaud.\" \/>\n<meta name=\"robots\" content=\"index, follow, max-snippet:-1, max-image-preview:large, max-video-preview:-1\" \/>\n<link rel=\"canonical\" href=\"https:\/\/gimeco.com\/fr\/\" \/>\n<meta property=\"og:locale\" content=\"fr_FR\" \/>\n<meta property=\"og:type\" content=\"article\" \/>\n<meta property=\"og:title\" content=\"La galvanisation \u00e0 chaud: votre partenaire de A \u00e0 Zinc | GIMECO Impianti\" \/>\n<meta property=\"og:description\" content=\"Installations compl\u00e8tes, \u00e9quipements, syst\u00e8mes, logiciels, services et connaissances des processus pour la galvanisation \u00e0 chaud.\" \/>\n<meta property=\"og:url\" content=\"https:\/\/gimeco.com\/fr\/\" \/>\n<meta property=\"og:site_name\" content=\"GIMECO Impianti\" \/>\n<meta property=\"article:publisher\" content=\"https:\/\/www.facebook.com\/gimecogroup\" \/>\n<meta property=\"article:modified_time\" content=\"2025-12-23T14:46:03+00:00\" \/>\n<meta property=\"og:image\" content=\"https:\/\/gimeco.com\/wp-content\/uploads\/2023\/11\/Logo_GIMECO_StringNoPayoff-250.png\" \/>\n\t<meta property=\"og:image:width\" content=\"250\" \/>\n\t<meta property=\"og:image:height\" content=\"98\" \/>\n\t<meta property=\"og:image:type\" content=\"image\/png\" \/>\n<script type=\"application\/ld+json\" class=\"yoast-schema-graph\">{\"@context\":\"https:\/\/schema.org\",\"@graph\":[{\"@type\":\"WebPage\",\"@id\":\"https:\/\/gimeco.com\/fr\/\",\"url\":\"https:\/\/gimeco.com\/fr\/\",\"name\":\"La galvanisation \u00e0 chaud: votre partenaire de A \u00e0 Zinc | GIMECO Impianti\",\"isPartOf\":{\"@id\":\"https:\/\/gimeco.com\/#website\"},\"datePublished\":\"2023-06-30T12:54:58+00:00\",\"dateModified\":\"2025-12-23T14:46:03+00:00\",\"description\":\"Installations compl\u00e8tes, \u00e9quipements, syst\u00e8mes, logiciels, services et connaissances des processus pour la galvanisation \u00e0 chaud.\",\"breadcrumb\":{\"@id\":\"https:\/\/gimeco.com\/fr\/#breadcrumb\"},\"inLanguage\":\"fr-FR\",\"potentialAction\":[{\"@type\":\"ReadAction\",\"target\":[\"https:\/\/gimeco.com\/fr\/\"]}]},{\"@type\":\"BreadcrumbList\",\"@id\":\"https:\/\/gimeco.com\/fr\/#breadcrumb\",\"itemListElement\":[{\"@type\":\"ListItem\",\"position\":1,\"name\":\"Home\",\"item\":\"https:\/\/gimeco.com\/fr\/\"},{\"@type\":\"ListItem\",\"position\":2,\"name\":\"Home\"}]},{\"@type\":\"WebSite\",\"@id\":\"https:\/\/gimeco.com\/#website\",\"url\":\"https:\/\/gimeco.com\/\",\"name\":\"gimeco.com\",\"description\":\"Your Partner from A to Zink\",\"publisher\":{\"@id\":\"https:\/\/gimeco.com\/#organization\"},\"alternateName\":\"Gimeco\",\"potentialAction\":[{\"@type\":\"SearchAction\",\"target\":{\"@type\":\"EntryPoint\",\"urlTemplate\":\"https:\/\/gimeco.com\/?s={search_term_string}\"},\"query-input\":{\"@type\":\"PropertyValueSpecification\",\"valueRequired\":true,\"valueName\":\"search_term_string\"}}],\"inLanguage\":\"fr-FR\"},{\"@type\":\"Organization\",\"@id\":\"https:\/\/gimeco.com\/#organization\",\"name\":\"Gimeco\",\"url\":\"https:\/\/gimeco.com\/\",\"logo\":{\"@type\":\"ImageObject\",\"inLanguage\":\"fr-FR\",\"@id\":\"https:\/\/gimeco.com\/#\/schema\/logo\/image\/\",\"url\":\"https:\/\/gimeco.com\/wp-content\/uploads\/2023\/11\/Logo_GIMECO_StringNoPayoff-250.png\",\"contentUrl\":\"https:\/\/gimeco.com\/wp-content\/uploads\/2023\/11\/Logo_GIMECO_StringNoPayoff-250.png\",\"width\":250,\"height\":98,\"caption\":\"Gimeco\"},\"image\":{\"@id\":\"https:\/\/gimeco.com\/#\/schema\/logo\/image\/\"},\"sameAs\":[\"https:\/\/www.facebook.com\/gimecogroup\"]}]}<\/script>\n<!-- \/ Yoast SEO plugin. -->","yoast_head_json":{"title":"La galvanisation \u00e0 chaud: votre partenaire de A \u00e0 Zinc | GIMECO Impianti","description":"Installations compl\u00e8tes, \u00e9quipements, syst\u00e8mes, logiciels, services et connaissances des processus pour la galvanisation \u00e0 chaud.","robots":{"index":"index","follow":"follow","max-snippet":"max-snippet:-1","max-image-preview":"max-image-preview:large","max-video-preview":"max-video-preview:-1"},"canonical":"https:\/\/gimeco.com\/fr\/","og_locale":"fr_FR","og_type":"article","og_title":"La galvanisation \u00e0 chaud: votre partenaire de A \u00e0 Zinc | GIMECO Impianti","og_description":"Installations compl\u00e8tes, \u00e9quipements, syst\u00e8mes, logiciels, services et connaissances des processus pour la galvanisation \u00e0 chaud.","og_url":"https:\/\/gimeco.com\/fr\/","og_site_name":"GIMECO Impianti","article_publisher":"https:\/\/www.facebook.com\/gimecogroup","article_modified_time":"2025-12-23T14:46:03+00:00","og_image":[{"width":250,"height":98,"url":"https:\/\/gimeco.com\/wp-content\/uploads\/2023\/11\/Logo_GIMECO_StringNoPayoff-250.png","type":"image\/png"}],"schema":{"@context":"https:\/\/schema.org","@graph":[{"@type":"WebPage","@id":"https:\/\/gimeco.com\/fr\/","url":"https:\/\/gimeco.com\/fr\/","name":"La galvanisation \u00e0 chaud: votre partenaire de A \u00e0 Zinc | GIMECO Impianti","isPartOf":{"@id":"https:\/\/gimeco.com\/#website"},"datePublished":"2023-06-30T12:54:58+00:00","dateModified":"2025-12-23T14:46:03+00:00","description":"Installations compl\u00e8tes, \u00e9quipements, syst\u00e8mes, logiciels, services et connaissances des processus pour la galvanisation \u00e0 chaud.","breadcrumb":{"@id":"https:\/\/gimeco.com\/fr\/#breadcrumb"},"inLanguage":"fr-FR","potentialAction":[{"@type":"ReadAction","target":["https:\/\/gimeco.com\/fr\/"]}]},{"@type":"BreadcrumbList","@id":"https:\/\/gimeco.com\/fr\/#breadcrumb","itemListElement":[{"@type":"ListItem","position":1,"name":"Home","item":"https:\/\/gimeco.com\/fr\/"},{"@type":"ListItem","position":2,"name":"Home"}]},{"@type":"WebSite","@id":"https:\/\/gimeco.com\/#website","url":"https:\/\/gimeco.com\/","name":"gimeco.com","description":"Your Partner from A to Zink","publisher":{"@id":"https:\/\/gimeco.com\/#organization"},"alternateName":"Gimeco","potentialAction":[{"@type":"SearchAction","target":{"@type":"EntryPoint","urlTemplate":"https:\/\/gimeco.com\/?s={search_term_string}"},"query-input":{"@type":"PropertyValueSpecification","valueRequired":true,"valueName":"search_term_string"}}],"inLanguage":"fr-FR"},{"@type":"Organization","@id":"https:\/\/gimeco.com\/#organization","name":"Gimeco","url":"https:\/\/gimeco.com\/","logo":{"@type":"ImageObject","inLanguage":"fr-FR","@id":"https:\/\/gimeco.com\/#\/schema\/logo\/image\/","url":"https:\/\/gimeco.com\/wp-content\/uploads\/2023\/11\/Logo_GIMECO_StringNoPayoff-250.png","contentUrl":"https:\/\/gimeco.com\/wp-content\/uploads\/2023\/11\/Logo_GIMECO_StringNoPayoff-250.png","width":250,"height":98,"caption":"Gimeco"},"image":{"@id":"https:\/\/gimeco.com\/#\/schema\/logo\/image\/"},"sameAs":["https:\/\/www.facebook.com\/gimecogroup"]}]}},"_links":{"self":[{"href":"https:\/\/gimeco.com\/fr\/wp-json\/wp\/v2\/pages\/21340","targetHints":{"allow":["GET"]}}],"collection":[{"href":"https:\/\/gimeco.com\/fr\/wp-json\/wp\/v2\/pages"}],"about":[{"href":"https:\/\/gimeco.com\/fr\/wp-json\/wp\/v2\/types\/page"}],"author":[{"embeddable":true,"href":"https:\/\/gimeco.com\/fr\/wp-json\/wp\/v2\/users\/1"}],"replies":[{"embeddable":true,"href":"https:\/\/gimeco.com\/fr\/wp-json\/wp\/v2\/comments?post=21340"}],"version-history":[{"count":16,"href":"https:\/\/gimeco.com\/fr\/wp-json\/wp\/v2\/pages\/21340\/revisions"}],"predecessor-version":[{"id":25791,"href":"https:\/\/gimeco.com\/fr\/wp-json\/wp\/v2\/pages\/21340\/revisions\/25791"}],"wp:attachment":[{"href":"https:\/\/gimeco.com\/fr\/wp-json\/wp\/v2\/media?parent=21340"}],"curies":[{"name":"wp","href":"https:\/\/api.w.org\/{rel}","templated":true}]}}