{"id":21373,"date":"2023-11-16T15:38:29","date_gmt":"2023-11-16T15:38:29","guid":{"rendered":"https:\/\/gimeco.com\/services\/"},"modified":"2024-06-03T11:47:25","modified_gmt":"2024-06-03T11:47:25","slug":"services","status":"publish","type":"page","link":"https:\/\/gimeco.com\/fr\/services\/","title":{"rendered":"Services"},"content":{"rendered":"<div class=\"vgblk-rw-wrapper limit-wrapper\">\r\n\r\n\t<p>La philosophie de GIMECO a toujours \u00e9t\u00e9 d&rsquo;<strong>accompagner les clients <\/strong>tout au long de la vie de leur \u00e9quipement de galvanisation. Cela signifie qu&rsquo;apr\u00e8s la mise en service d&rsquo;une ligne, notre engagement est de vous fournir la meilleure <strong>assistance<\/strong> possible afin de maintenir ses <strong>performances d&rsquo;origine<\/strong> et de garantir que, avec le temps, les <strong>attentes<\/strong> en mati\u00e8re de durabilit\u00e9 \u00e9conomique soient satisfaites comme initialement promises.<\/p>\r\n<p>Au fil des ans, GIMECO a d\u00e9velopp\u00e9, mis en \u0153uvre et affin\u00e9 une s\u00e9rie de <strong>services<\/strong> techniques et de conseil de haute qualit\u00e9 disponibles pour l&rsquo;industrie de la galvanisation \u00e0 chaud, dont beaucoup sont <strong>pionniers<\/strong> et comptent d\u00e9sormais de nombreuses imitations et d\u00e9riv\u00e9s.<\/p>\r\n<h3>\r\n\t<b>Services techniques, assistance, conseil<\/b>\r\n\t<\/h3>\r\n<h3>\r\n\t\t\t<a href=\"https:\/\/gimeco.com\/fr\/services\/kid\/\" title=\"KID\u2122&lt;br&gt;Inspections de cuves\" target=\"_self\" rel=\"noopener\">\r\n\tKID\u2122<br \/>Inspections de cuves\r\n\t\t\t<\/a>\r\n\t<\/h3>\r\n\t<p>En <strong>2006<\/strong>, apr\u00e8s des ann\u00e9es de recherche et d&rsquo;\u00e9tudes en collaboration avec le Conseil national de recherches du Canada&#8230;<\/p>\r\n\t<a href=\"https:\/\/gimeco.com\/fr\/services\/kid\/\" target=\"_self\" role=\"button\" rel=\"noopener\">\r\n\t\t\t\t\tEn savoir <b>plus<\/b>\r\n\t<\/a>\r\n<h3>\r\n\t\t\t<a href=\"https:\/\/gimeco.com\/fr\/services\/gestion-des-cuves\/\" title=\"Gestion des cuves et zinc\" target=\"_self\" rel=\"noopener\">\r\n\tGestion des cuves et zinc\r\n\t\t\t<\/a>\r\n\t<\/h3>\r\n\t<p>Nos solutions de <strong>gestion des cuves<\/strong> de pointe sont sp\u00e9cifiquement con\u00e7ues pour la galvanisation \u00e0 chaud&#8230;<\/p>\r\n\t<a href=\"https:\/\/gimeco.com\/fr\/services\/gestion-des-cuves\/\" target=\"_self\" role=\"button\" rel=\"noopener\">\r\n\t\t\t\t\tEn savoir <b>plus<\/b>\r\n\t<\/a>\r\n<h3>\r\n\t\t\t<a href=\"https:\/\/gimeco.com\/fr\/services\/services-de-ligne-de-bobines\/\" title=\"Services de lignes de bobines\" target=\"_self\" rel=\"noopener\">\r\n\tServices de lignes de bobines\r\n\t\t\t<\/a>\r\n\t<\/h3>\r\n\t<p>Parmi les <strong>derniers services<\/strong> cr\u00e9\u00e9s par GIMECO, il existe des solutions d\u00e9di\u00e9es \u00e0 la gestion des cuves, au remplacement des inducteurs&#8230;<\/p>\r\n\t<a href=\"https:\/\/gimeco.com\/fr\/services\/services-de-ligne-de-bobines\/\" target=\"_self\" role=\"button\" rel=\"noopener\">\r\n\t\t\t\t\tEn savoir <b>plus<\/b>\r\n\t<\/a>\r\n<h3>\r\n\t\t\t<a href=\"https:\/\/gimeco.com\/fr\/services\/modernisation\/\" title=\"R\u00e9novation\" target=\"_self\" rel=\"noopener\">\r\n\tR\u00e9novation\r\n\t\t\t<\/a>\r\n\t<\/h3>\r\n\t<p>GIMECO s&rsquo;est toujours sp\u00e9cialis\u00e9 non seulement dans la conception de nouvelles installations, mais aussi dans la r\u00e9novation compl\u00e8te&#8230;<\/p>\r\n\t<a href=\"https:\/\/gimeco.com\/fr\/services\/modernisation\/\" target=\"_self\" role=\"button\" rel=\"noopener\">\r\n\t\t\t\t\tEn savoir <b>plus<\/b>\r\n\t<\/a>\r\n<h3>\r\n\t\t\t<a href=\"https:\/\/gimeco.com\/fr\/services\/industrie-4-0\/\" title=\"Industrie 4.0\" target=\"_self\" rel=\"noopener\">\r\n\tIndustrie 4.0\r\n\t\t\t<\/a>\r\n\t<\/h3>\r\n\t<p>La transformation num\u00e9rique, ou Industrie 4.0, repr\u00e9sente un <strong>changement profond<\/strong> dans la mani\u00e8re dont les entreprises et les industries&#8230;<\/p>\r\n\t<a href=\"https:\/\/gimeco.com\/fr\/services\/industrie-4-0\/\" target=\"_self\" role=\"button\" rel=\"noopener\">\r\n\t\t\t\t\tEn savoir <b>plus<\/b>\r\n\t<\/a>\r\n<h3>\r\n\t\t\t<a href=\"https:\/\/gimeco.com\/fr\/services\/assistance-technique-pieces-de-rechange\/\" title=\"Assistance technique\" target=\"_self\" rel=\"noopener\">\r\n\tAssistance technique\r\n\t\t\t<\/a>\r\n\t<\/h3>\r\n\t<p>En tant qu&rsquo;extension naturelle de nos activit\u00e9s, nous sommes fiers d&rsquo;offrir une gamme compl\u00e8te de <strong>services de soutien<\/strong>&#8230;<\/p>\r\n\t<a href=\"https:\/\/gimeco.com\/fr\/services\/assistance-technique-pieces-de-rechange\/\" target=\"_self\" role=\"button\" rel=\"noopener\">\r\n\t\t\t\t\tEn savoir <b>plus<\/b>\r\n\t<\/a>\r\n<h3>\r\n\t\t\t<a href=\"https:\/\/gimeco.com\/fr\/services\/produits-chimiques\/\" title=\"Produits chimiques\" target=\"_self\" rel=\"noopener\">\r\n\tProduits chimiques\r\n\t\t\t<\/a>\r\n\t<\/h3>\r\n\t<p>La technologie de la galvanisation \u00e0 chaud <strong>\u00e9volue constamment<\/strong> \u00e0 travers les exigences en mati\u00e8re de qualit\u00e9&#8230;<\/p>\r\n\t<a href=\"https:\/\/gimeco.com\/fr\/services\/produits-chimiques\/\" target=\"_self\" role=\"button\" rel=\"noopener\">\r\n\t\t\t\t\tEn savoir <b>plus<\/b>\r\n\t<\/a>\r\n<h5>\r\n\tR\u00c9SEAU INTERNATIONAL\r\n\t<\/h5>\r\n<h3>\r\n\tNotre soutien, <b>partout<\/b>\r\n\t<\/h3>\r\n<h4>\r\n\tItalie<br \/><b>GIMECO [HQ]<\/b>\r\n\t<\/h4>\r\n\t<p>Notre si\u00e8ge en Italie r\u00e9pond aux demandes d&rsquo;assistance et de soutien partout dans le monde, gr\u00e2ce \u00e0 notre \u00e9quipe sp\u00e9cialis\u00e9e de techniciens et d&rsquo;ing\u00e9nieurs.<\/p>\r\n<h4>\r\n\t\u00c9tats-Unis<br \/><b>GIMECO USA<\/b>\r\n\t<\/h4>\r\n\t<p>Notre succursale, situ\u00e9e en Caroline du Sud, est d\u00e9di\u00e9e au march\u00e9 nord-am\u00e9ricain avec des bureaux commerciaux et un entrep\u00f4t. Le personnel est en mesure de r\u00e9pondre rapidement aux demandes d&rsquo;assistance d&rsquo;une c\u00f4te \u00e0 l&rsquo;autre.<\/p>\r\n<h4>\r\n\tCanada<br \/><b>ZINCO TECHNOLOGIES<\/b>\r\n\t<\/h4>\r\n\t<p>Branche sp\u00e9cialis\u00e9e dans les services de gestion des fours et des cuves (<em>inspection de l&rsquo;\u00e9paisseur de la cuve, vidanges\/remplissages, r\u00e9servoirs mobiles de maintien, r\u00e9glage des fours, assistance<\/em>) pour le march\u00e9 nord-am\u00e9ricain.<\/p>\r\n<h4>\r\n\tSu\u00e8de<br \/><b>RECYCLEAN SYSTEMS<\/b>\r\n\t<\/h4>\r\n\t<p>Notre soci\u00e9t\u00e9 s\u0153ur su\u00e9doise compl\u00e8te notre assistance globale aux galvaniseurs en d\u00e9veloppant et fournissant des produits de haute qualit\u00e9 pour le traitement chimique.<\/p>\r\n\t\t\t<a href=\"https:\/\/recyclean.se\/\" target=\"_blank\" rel=\"noopener\">\r\n\t\t\t\t\t\t\tVisite\r\n\t\t\t\t\t<\/a>\r\n<h4>\r\n\tAustralie<br \/><b>FURPHY ENGINEERING<\/b>\r\n\t<\/h4>\r\n\t<p>Les inspections ultrasonores des cuves avec la technologie KID<sup>TM <\/sup>sont plus accessibles aux galvaniseurs australiens gr\u00e2ce \u00e0 notre pr\u00e9par\u00e9 partenaire \u00e0 Shepparton.<\/p>\r\n\t\t\t<a href=\"https:\/\/www.furphyengineering.com.au\/\" target=\"_blank\" rel=\"noopener\">\r\n\t\t\t\t\t\t\tVisite\r\n\t\t\t\t\t<\/a>\r\n\r\n<\/div><!-- .vgblk-rw-wrapper -->","protected":false},"excerpt":{"rendered":"<p>La philosophie de GIMECO a toujours \u00e9t\u00e9 d&rsquo;accompagner les clients tout au long de la vie de leur \u00e9quipement de galvanisation. Cela signifie qu&rsquo;apr\u00e8s la mise en service d&rsquo;une ligne, notre engagement est de vous fournir la meilleure assistance possible afin de maintenir ses performances d&rsquo;origine et de garantir que, avec le temps, les attentes&#8230;<\/p>\n","protected":false},"author":1,"featured_media":0,"parent":0,"menu_order":0,"comment_status":"closed","ping_status":"closed","template":"","meta":{"inline_featured_image":false,"footnotes":""},"class_list":["post-21373","page","type-page","status-publish","hentry"],"yoast_head":"<!-- This site is optimized with the Yoast SEO plugin v26.4 - https:\/\/yoast.com\/wordpress\/plugins\/seo\/ -->\n<title>Services pour la galvanisation \u00e0 chaud | GIMECO Impianti<\/title>\n<meta name=\"description\" content=\"La philosophie de GIMECO a toujours \u00e9t\u00e9 d&#039;accompagner ses clients tout au long de la vie de leurs installations de galvanisation.\" \/>\n<meta name=\"robots\" content=\"index, follow, max-snippet:-1, max-image-preview:large, max-video-preview:-1\" \/>\n<link rel=\"canonical\" href=\"https:\/\/gimeco.com\/services\/\" \/>\n<meta property=\"og:locale\" content=\"fr_FR\" \/>\n<meta property=\"og:type\" content=\"article\" \/>\n<meta property=\"og:title\" content=\"Services pour la galvanisation \u00e0 chaud | GIMECO Impianti\" \/>\n<meta property=\"og:description\" content=\"La philosophie de GIMECO a toujours \u00e9t\u00e9 d&#039;accompagner ses clients tout au long de la vie de leurs installations de galvanisation.\" \/>\n<meta property=\"og:url\" content=\"https:\/\/gimeco.com\/services\/\" \/>\n<meta property=\"og:site_name\" content=\"GIMECO Impianti\" \/>\n<meta property=\"article:publisher\" content=\"https:\/\/www.facebook.com\/gimecogroup\" \/>\n<meta property=\"article:modified_time\" content=\"2024-06-03T11:47:25+00:00\" \/>\n<meta property=\"og:image\" content=\"https:\/\/gimeco.com\/wp-content\/uploads\/2023\/11\/Logo_GIMECO_StringNoPayoff-250.png\" \/>\n\t<meta property=\"og:image:width\" content=\"250\" \/>\n\t<meta property=\"og:image:height\" content=\"98\" \/>\n\t<meta property=\"og:image:type\" content=\"image\/png\" \/>\n<script type=\"application\/ld+json\" class=\"yoast-schema-graph\">{\"@context\":\"https:\/\/schema.org\",\"@graph\":[{\"@type\":\"WebPage\",\"@id\":\"https:\/\/gimeco.com\/services\/\",\"url\":\"https:\/\/gimeco.com\/services\/\",\"name\":\"Services pour la galvanisation \u00e0 chaud | GIMECO Impianti\",\"isPartOf\":{\"@id\":\"https:\/\/gimeco.com\/#website\"},\"datePublished\":\"2023-11-16T15:38:29+00:00\",\"dateModified\":\"2024-06-03T11:47:25+00:00\",\"description\":\"La philosophie de GIMECO a toujours \u00e9t\u00e9 d'accompagner ses clients tout au long de la vie de leurs installations de galvanisation.\",\"breadcrumb\":{\"@id\":\"https:\/\/gimeco.com\/services\/#breadcrumb\"},\"inLanguage\":\"fr-FR\",\"potentialAction\":[{\"@type\":\"ReadAction\",\"target\":[\"https:\/\/gimeco.com\/services\/\"]}]},{\"@type\":\"BreadcrumbList\",\"@id\":\"https:\/\/gimeco.com\/services\/#breadcrumb\",\"itemListElement\":[{\"@type\":\"ListItem\",\"position\":1,\"name\":\"Home\",\"item\":\"https:\/\/gimeco.com\/fr\/\"},{\"@type\":\"ListItem\",\"position\":2,\"name\":\"Services\"}]},{\"@type\":\"WebSite\",\"@id\":\"https:\/\/gimeco.com\/#website\",\"url\":\"https:\/\/gimeco.com\/\",\"name\":\"gimeco.com\",\"description\":\"Your Partner from A to Zink\",\"publisher\":{\"@id\":\"https:\/\/gimeco.com\/#organization\"},\"alternateName\":\"Gimeco\",\"potentialAction\":[{\"@type\":\"SearchAction\",\"target\":{\"@type\":\"EntryPoint\",\"urlTemplate\":\"https:\/\/gimeco.com\/?s={search_term_string}\"},\"query-input\":{\"@type\":\"PropertyValueSpecification\",\"valueRequired\":true,\"valueName\":\"search_term_string\"}}],\"inLanguage\":\"fr-FR\"},{\"@type\":\"Organization\",\"@id\":\"https:\/\/gimeco.com\/#organization\",\"name\":\"Gimeco\",\"url\":\"https:\/\/gimeco.com\/\",\"logo\":{\"@type\":\"ImageObject\",\"inLanguage\":\"fr-FR\",\"@id\":\"https:\/\/gimeco.com\/#\/schema\/logo\/image\/\",\"url\":\"https:\/\/gimeco.com\/wp-content\/uploads\/2023\/11\/Logo_GIMECO_StringNoPayoff-250.png\",\"contentUrl\":\"https:\/\/gimeco.com\/wp-content\/uploads\/2023\/11\/Logo_GIMECO_StringNoPayoff-250.png\",\"width\":250,\"height\":98,\"caption\":\"Gimeco\"},\"image\":{\"@id\":\"https:\/\/gimeco.com\/#\/schema\/logo\/image\/\"},\"sameAs\":[\"https:\/\/www.facebook.com\/gimecogroup\"]}]}<\/script>\n<!-- \/ Yoast SEO plugin. -->","yoast_head_json":{"title":"Services pour la galvanisation \u00e0 chaud | GIMECO Impianti","description":"La philosophie de GIMECO a toujours \u00e9t\u00e9 d'accompagner ses clients tout au long de la vie de leurs installations de galvanisation.","robots":{"index":"index","follow":"follow","max-snippet":"max-snippet:-1","max-image-preview":"max-image-preview:large","max-video-preview":"max-video-preview:-1"},"canonical":"https:\/\/gimeco.com\/services\/","og_locale":"fr_FR","og_type":"article","og_title":"Services pour la galvanisation \u00e0 chaud | GIMECO Impianti","og_description":"La philosophie de GIMECO a toujours \u00e9t\u00e9 d'accompagner ses clients tout au long de la vie de leurs installations de galvanisation.","og_url":"https:\/\/gimeco.com\/services\/","og_site_name":"GIMECO Impianti","article_publisher":"https:\/\/www.facebook.com\/gimecogroup","article_modified_time":"2024-06-03T11:47:25+00:00","og_image":[{"width":250,"height":98,"url":"https:\/\/gimeco.com\/wp-content\/uploads\/2023\/11\/Logo_GIMECO_StringNoPayoff-250.png","type":"image\/png"}],"schema":{"@context":"https:\/\/schema.org","@graph":[{"@type":"WebPage","@id":"https:\/\/gimeco.com\/services\/","url":"https:\/\/gimeco.com\/services\/","name":"Services pour la galvanisation \u00e0 chaud | GIMECO Impianti","isPartOf":{"@id":"https:\/\/gimeco.com\/#website"},"datePublished":"2023-11-16T15:38:29+00:00","dateModified":"2024-06-03T11:47:25+00:00","description":"La philosophie de GIMECO a toujours \u00e9t\u00e9 d'accompagner ses clients tout au long de la vie de leurs installations de galvanisation.","breadcrumb":{"@id":"https:\/\/gimeco.com\/services\/#breadcrumb"},"inLanguage":"fr-FR","potentialAction":[{"@type":"ReadAction","target":["https:\/\/gimeco.com\/services\/"]}]},{"@type":"BreadcrumbList","@id":"https:\/\/gimeco.com\/services\/#breadcrumb","itemListElement":[{"@type":"ListItem","position":1,"name":"Home","item":"https:\/\/gimeco.com\/fr\/"},{"@type":"ListItem","position":2,"name":"Services"}]},{"@type":"WebSite","@id":"https:\/\/gimeco.com\/#website","url":"https:\/\/gimeco.com\/","name":"gimeco.com","description":"Your Partner from A to Zink","publisher":{"@id":"https:\/\/gimeco.com\/#organization"},"alternateName":"Gimeco","potentialAction":[{"@type":"SearchAction","target":{"@type":"EntryPoint","urlTemplate":"https:\/\/gimeco.com\/?s={search_term_string}"},"query-input":{"@type":"PropertyValueSpecification","valueRequired":true,"valueName":"search_term_string"}}],"inLanguage":"fr-FR"},{"@type":"Organization","@id":"https:\/\/gimeco.com\/#organization","name":"Gimeco","url":"https:\/\/gimeco.com\/","logo":{"@type":"ImageObject","inLanguage":"fr-FR","@id":"https:\/\/gimeco.com\/#\/schema\/logo\/image\/","url":"https:\/\/gimeco.com\/wp-content\/uploads\/2023\/11\/Logo_GIMECO_StringNoPayoff-250.png","contentUrl":"https:\/\/gimeco.com\/wp-content\/uploads\/2023\/11\/Logo_GIMECO_StringNoPayoff-250.png","width":250,"height":98,"caption":"Gimeco"},"image":{"@id":"https:\/\/gimeco.com\/#\/schema\/logo\/image\/"},"sameAs":["https:\/\/www.facebook.com\/gimecogroup"]}]}},"_links":{"self":[{"href":"https:\/\/gimeco.com\/fr\/wp-json\/wp\/v2\/pages\/21373","targetHints":{"allow":["GET"]}}],"collection":[{"href":"https:\/\/gimeco.com\/fr\/wp-json\/wp\/v2\/pages"}],"about":[{"href":"https:\/\/gimeco.com\/fr\/wp-json\/wp\/v2\/types\/page"}],"author":[{"embeddable":true,"href":"https:\/\/gimeco.com\/fr\/wp-json\/wp\/v2\/users\/1"}],"replies":[{"embeddable":true,"href":"https:\/\/gimeco.com\/fr\/wp-json\/wp\/v2\/comments?post=21373"}],"version-history":[{"count":8,"href":"https:\/\/gimeco.com\/fr\/wp-json\/wp\/v2\/pages\/21373\/revisions"}],"predecessor-version":[{"id":22530,"href":"https:\/\/gimeco.com\/fr\/wp-json\/wp\/v2\/pages\/21373\/revisions\/22530"}],"wp:attachment":[{"href":"https:\/\/gimeco.com\/fr\/wp-json\/wp\/v2\/media?parent=21373"}],"curies":[{"name":"wp","href":"https:\/\/api.w.org\/{rel}","templated":true}]}}