{"id":21375,"date":"2017-07-31T13:05:22","date_gmt":"2017-07-31T13:05:22","guid":{"rendered":"https:\/\/gimeco.com\/sustainability\/"},"modified":"2025-08-28T14:07:40","modified_gmt":"2025-08-28T14:07:40","slug":"durabilite","status":"publish","type":"page","link":"https:\/\/gimeco.com\/fr\/durabilite\/","title":{"rendered":"Durabilit\u00e9"},"content":{"rendered":"<div class=\"vgblk-rw-wrapper limit-wrapper\">\n\n\tLa <a href=\"https:\/\/fr.wikipedia.org\/wiki\/Durabilit%C3%A9\" target=\"_blank\" rel=\"noopener\">durabilit\u00e9<\/a> est une approche holistique visant \u00e0 r\u00e9pondre aux besoins du pr\u00e9sent <strong>sans compromettre la capacit\u00e9 <\/strong>des g\u00e9n\u00e9rations futures \u00e0 r\u00e9pondre aux leurs. Le terme \u00ab\u00a0d\u00e9veloppement durable\u00a0\u00bb a \u00e9t\u00e9 introduit pour la premi\u00e8re fois dans le <a href=\"https:\/\/sustainabledevelopment.un.org\/content\/documents\/5987our-common-future.pdf\" target=\"_blank\" rel=\"noopener\">rapport Brundtland<\/a> de <strong>1987<\/strong>, et la premi\u00e8re fois que le concept de durabilit\u00e9 interg\u00e9n\u00e9rationnelle a \u00e9t\u00e9 mentionn\u00e9 remonte \u00e0 la constitution pastorale <a href=\"https:\/\/www.vatican.va\/archive\/hist_councils\/ii_vatican_council\/documents\/vat-ii_const_19651207_gaudium-et-spes_en.html\" target=\"_blank\" rel=\"noopener\">Gaudium et Spes<\/a> de 1965.<br \/>\nCe principe repose sur le d\u00e9veloppement durable, une approche interconnect\u00e9e qui implique trois piliers principaux: <strong>l&rsquo;environnement<\/strong>, <strong>l&rsquo;\u00e9conomie<\/strong> et la <strong>soci\u00e9t\u00e9<\/strong>.\n\t\t\t\t\t\t\t<img loading=\"lazy\" decoding=\"async\" src=\"https:\/\/gimeco.com\/wp-content\/uploads\/2023\/11\/venn-diagram-sustainable-development-630x630.webp\" alt=\"venn-diagram-sustainable-development\" itemprop=\"image\" height=\"630\" width=\"630\" title=\"venn-diagram-sustainable-development\" onerror=\"this.style.display='none'\"  sizes=\"auto, (max-width: 768px) 100vw, 100vw\" srcset=\"https:\/\/gimeco.com\/wp-content\/uploads\/2023\/11\/venn-diagram-sustainable-development-630x630.webp 630w, https:\/\/gimeco.com\/wp-content\/uploads\/2023\/11\/venn-diagram-sustainable-development-300x300.webp 300w, https:\/\/gimeco.com\/wp-content\/uploads\/2023\/11\/venn-diagram-sustainable-development-150x150.webp 150w, https:\/\/gimeco.com\/wp-content\/uploads\/2023\/11\/venn-diagram-sustainable-development-768x768.webp 768w, https:\/\/gimeco.com\/wp-content\/uploads\/2023\/11\/venn-diagram-sustainable-development-420x420.webp 420w, https:\/\/gimeco.com\/wp-content\/uploads\/2023\/11\/venn-diagram-sustainable-development-315x315.webp 315w, https:\/\/gimeco.com\/wp-content\/uploads\/2023\/11\/venn-diagram-sustainable-development-100x100.webp 100w, https:\/\/gimeco.com\/wp-content\/uploads\/2023\/11\/venn-diagram-sustainable-development.webp 800w\" \/>\t\t\t\t\t\t\t\n\tDurabilit\u00e9 environnementale<br \/>\nElle se concentre sur la r\u00e9duction de l&rsquo;impact des activit\u00e9s humaines sur le monde naturel. Cela comprend des efforts pour conserver les ressources, r\u00e9duire la pollution, prot\u00e9ger les \u00e9cosyst\u00e8mes et att\u00e9nuer le changement climatique.\nDurabilit\u00e9 \u00e9conomique<br \/>\nElle met l&rsquo;accent sur l&rsquo;utilisation responsable des ressources pour soutenir le bien-\u00eatre \u00e9conomique actuel et futur. Cela implique des pratiques telles que la consommation responsable, le commerce \u00e9quitable et les investissements dans les \u00e9nergies renouvelables et les technologies.\nDurabilit\u00e9 sociale<br \/>\nElle vise \u00e0 garantir que les soci\u00e9t\u00e9s sont inclusives, \u00e9quitables et justes. Elle aborde des probl\u00e8mes tels que la pauvret\u00e9, les in\u00e9galit\u00e9s sociales, l&rsquo;acc\u00e8s \u00e0 l&rsquo;\u00e9ducation et aux soins de sant\u00e9, ainsi que le bien-\u00eatre g\u00e9n\u00e9ral et la qualit\u00e9 de vie de tous les membres d&rsquo;une communaut\u00e9.\n\tLa durabilit\u00e9 dans son ensemble cherche \u00e0 <strong>\u00e9quilibrer ces trois \u00e9l\u00e9ments<\/strong> pour cr\u00e9er un mode de vie harmonieux et durable. Cela implique souvent de faire des choix qui favorisent le bien-\u00eatre \u00e0 long terme, minimisent les impacts environnementaux n\u00e9gatifs et assurent l&rsquo;\u00e9quit\u00e9 sociale. Diverses strat\u00e9gies et initiatives, tant au niveau individuel que collectif, visent \u00e0 atteindre la durabilit\u00e9 dans des domaines tels que le mode de vie personnel, l&rsquo;\u00e9nergie, l&rsquo;agriculture, l&rsquo;industrie, l&rsquo;urbanisme et la <strong>gestion des ressources<\/strong>.<br \/>\nMalgr\u00e9 la popularit\u00e9 croissante du terme \u00ab\u00a0durabilit\u00e9\u00a0\u00bb, la r\u00e9alisation des objectifs <strong>reste incertaine<\/strong> en raison de la d\u00e9gradation de l&rsquo;environnement, du changement climatique, de la surconsommation, de la croissance d\u00e9mographique et de la croissance \u00e9conomique illimit\u00e9e dans un syst\u00e8me clos.\n<h2>\n\t<strong>La durabilit\u00e9<\/strong> dans la galvanisation \u00e0 chaud\n\t<\/h2>\n\t<p>La galvanisation, processus de protection contre la corrosion dans lequel la surface de l&rsquo;acier s&rsquo;allie avec le zinc pour g\u00e9n\u00e9rer une couche solide qui emp\u00eache l&rsquo;acier de rouiller, est naturellement <strong>engag\u00e9e envers la durabilit\u00e9<\/strong> et r\u00e9pond aux besoins architecturaux, techniques, de construction et de protection dans de nombreux domaines.<\/p>\n<p>Lorsque deux mati\u00e8res premi\u00e8res naturelles telles que l&rsquo;acier et le zinc se lient, elles donnent naissance \u00e0 quelque chose de <strong>presque \u00e9ternel<\/strong> qui contribue \u00e0 <strong>l&rsquo;\u00e9conomie circulaire<\/strong>.<\/p>\n\t<p><strong>La durabilit\u00e9 de l&rsquo;acier galvanis\u00e9 peut \u00eatre synth\u00e9tis\u00e9e comme suit:<\/strong><\/p>\n<ul>\n<li>Utilisation de ressources naturelles<\/li>\n<li>Absence \u00e0 n\u00e9gligeable de pollution hydrique<\/li>\n<li>Faible impact environnemental gr\u00e2ce \u00e0 la protection de longue dur\u00e9e de l&rsquo;acier<\/li>\n<li>Investissements initiaux mod\u00e9r\u00e9s avec un retour \u00e9lev\u00e9<\/li>\n<li>Recyclabilit\u00e9<\/li>\n<\/ul>\n\t<p>La population mondiale est confront\u00e9e aux <strong>effets dangereux<\/strong> du r\u00e9chauffement climatique, ainsi qu&rsquo;aux risques connexes, aux p\u00e9nuries de ressources et de main-d&rsquo;\u0153uvre sp\u00e9cialis\u00e9e, ainsi qu&rsquo;\u00e0 la r\u00e9duction des flux de tr\u00e9sorerie: tous ces \u00e9l\u00e9ments repr\u00e9sentent des <strong>menaces majeures<\/strong> pour la soci\u00e9t\u00e9 et l&rsquo;\u00e9conomie mondiales, tant maintenant que dans le futur.<\/p>\n<p>\u00c9tant donn\u00e9 que l&rsquo;acier galvanis\u00e9 est d\u00e9j\u00e0 durable en soi, il est n\u00e9cessaire que tous les leviers ne se trouvent pas dans le contenu du produit ou dans la recherche de nouveaux usages pr\u00e9vus, mais plut\u00f4t dans l&rsquo;optimisation du processus et surtout de l&rsquo;\u00e9quipement des usines de galvanisation.<\/p>\n\t<p><strong>New to existing manufacturing units shall undergo strategic decisions in order to:<\/strong><\/p>\n<ul>\n<li>Assurer la production \u00e0 long terme<\/li>\n<li>Rendre la production aussi peu impactante que possible pour l&rsquo;environnement<\/li>\n<li>R\u00e9duire la pression sur les ressources, am\u00e9liorant ainsi la viabilit\u00e9<\/li>\n<li>Am\u00e9liorer la tol\u00e9rance de l&rsquo;environnement de travail<\/li>\n<li>Contribuer \u00e0 r\u00e9duire les risques climatiques (<em>ou du moins leur \u00e9tendue<\/em>)<\/li>\n<\/ul>\n<h5>\n\tNOTRE PROPOSITION\n\t<\/h5>\n<h3>\n\t<b>Atteindre la durabilit\u00e9<\/b> selon GIMECO\n\t<\/h3>\n\t<p>Nous sommes en t\u00eate de l&rsquo;innovation en galvanisation \u00e0 chaud, <strong>anticipant et r\u00e9pondant<\/strong> aux demandes croissantes en mati\u00e8re de consommation d&rsquo;\u00e9nergie, de d\u00e9carbonisation, d&rsquo;efficacit\u00e9 des ressources, y compris un engagement en faveur de l&rsquo;\u00e9conomie circulaire et de la tol\u00e9rance du travail humain. Notre <strong>approche proactive<\/strong> illustre v\u00e9ritablement notre d\u00e9vouement \u00e0 la durabilit\u00e9.<\/p>\n\t<p><strong>Quel est la recette pour la durabilit\u00e9 que nous promouvons avec nos solutions?<\/strong><\/p>\n<ul>\n<li>Syst\u00e8mes de chauffage optimis\u00e9s, m\u00eame par leur conversion vers des sources d&rsquo;\u00e9nergie plus \u00e9cologiques<\/li>\n<li>Consommation d&rsquo;\u00e9nergie rationalis\u00e9e gr\u00e2ce \u00e0 des synergies num\u00e9riques et des conceptions de syst\u00e8mes modernis\u00e9es<\/li>\n<li>Confinement et filtration des vapeurs et fum\u00e9es dangereuses<\/li>\n<li>R\u00e9duction drastique des \u00e9missions de CO<sub>2<\/sub> et d&rsquo;autres polluants<\/li>\n<li>Services qui favorisent la prolongation de la dur\u00e9e de vie de l&rsquo;\u00e9quipement, entra\u00eenant des \u00e9conomies sur les d\u00e9penses en capital<\/li>\n<li>Am\u00e9lioration de la tol\u00e9rance du travail humain gr\u00e2ce au soutien de l&rsquo;ergonomie et des solutions d&rsquo;automatisation<\/li>\n<\/ul>\n\t<ul>\n<li><a href=\"https:\/\/gimeco.com\/fr\/fours\/#4\">Fours \u00e9lectriques<\/a><\/li>\n<li><a href=\"https:\/\/climate.ec.europa.eu\/eu-action\/eu-emissions-trading-system-eu-ets\/ets2-buildings-road-transport-and-additional-sectors_en\">Fours hybrids dual-chamber\u2122<\/a><\/li>\n<li><a href=\"https:\/\/gimeco.com\/fr\/fours\/#1\">Fours <\/a><a href=\"https:\/\/gimeco.com\/fr\/fours\/#1\">\u00e0 haute v\u00e9locit\u00e9 <\/a><a href=\"https:\/\/gimeco.com\/fr\/fours\/#1\">dual-chamber\u2122<\/a><\/li>\n<li>Syst\u00e8mes de chauffage \u00e0 l&rsquo;hydrog\u00e8ne<\/li>\n<li><a href=\"https:\/\/gimeco.com\/fr\/cuves-et-equipements-auxiliaires\/#1\">\u00c9quipements auxiliaires pour la r\u00e9cup\u00e9ration de chaleur<\/a><\/li>\n<\/ul>\n\t<ul>\n<li><a href=\"https:\/\/gimeco.com\/fr\/logiciel\/#2\">Productivity pack\u2122<\/a><\/li>\n<li><a href=\"https:\/\/gimeco.com\/fr\/logiciel\/#3\">Suite herMES\u2122<\/a><\/li>\n<li><a href=\"https:\/\/gimeco.com\/fr\/logiciel\/#4\">Gestion intelligente des fours<\/a><\/li>\n<li><a href=\"https:\/\/gimeco.com\/fr\/logiciel\/#5\">Gestion des ressources iknow\u2122<\/a><\/li>\n<\/ul>\n\t<ul>\n<li><a href=\"https:\/\/gimeco.com\/fr\/manipulation-automatisation\/#2\">Syst\u00e8mes hautement automatis\u00e9s<\/a><\/li>\n<li><a href=\"https:\/\/gimeco.com\/fr\/mover\/\">Manipulation intelligente MOVER\u2122<\/a><\/li>\n<li><a href=\"https:\/\/gimeco.com\/fr\/pretraitement-post-traitement\/#2\">Structures de confinement des fum\u00e9es et des vapeurs acides<\/a><\/li>\n<\/ul>\n\t<ul>\n<li><a href=\"https:\/\/gimeco.com\/fr\/software\/#6\">Suite de gestion de maintenance AIM\u2122<\/a><\/li>\n<li><a href=\"https:\/\/gimeco.com\/fr\/logiciel\/#7\">Assistance \u00e0 distance num\u00e9rique<\/a><\/li>\n<\/ul>\n\n<\/div><!-- .vgblk-rw-wrapper -->","protected":false},"excerpt":{"rendered":"<p>La durabilit\u00e9 est une approche holistique visant \u00e0 r\u00e9pondre aux besoins du pr\u00e9sent sans compromettre la capacit\u00e9 des g\u00e9n\u00e9rations futures \u00e0 r\u00e9pondre aux leurs. Le terme \u00ab\u00a0d\u00e9veloppement durable\u00a0\u00bb a \u00e9t\u00e9 introduit pour la premi\u00e8re fois dans le rapport Brundtland de 1987, et la premi\u00e8re fois que le concept de durabilit\u00e9 interg\u00e9n\u00e9rationnelle a \u00e9t\u00e9 mentionn\u00e9 remonte&#8230;<\/p>\n","protected":false},"author":1,"featured_media":0,"parent":0,"menu_order":0,"comment_status":"closed","ping_status":"closed","template":"","meta":{"inline_featured_image":false,"footnotes":""},"class_list":["post-21375","page","type-page","status-publish","hentry"],"yoast_head":"<!-- This site is optimized with the Yoast SEO plugin v26.4 - https:\/\/yoast.com\/wordpress\/plugins\/seo\/ -->\n<title>Durabilit\u00e9 | GIMECO Impianti<\/title>\n<meta name=\"description\" content=\"La durabilit\u00e9 est une approche visant \u00e0 r\u00e9pondre aux besoins du pr\u00e9sent sans compromettre la capacit\u00e9 des g\u00e9n\u00e9rations futures \u00e0 r\u00e9pondre...\" \/>\n<meta name=\"robots\" content=\"index, follow, max-snippet:-1, max-image-preview:large, max-video-preview:-1\" \/>\n<link rel=\"canonical\" href=\"https:\/\/gimeco.com\/fr\/durabilite\/\" \/>\n<meta property=\"og:locale\" content=\"fr_FR\" \/>\n<meta property=\"og:type\" content=\"article\" \/>\n<meta property=\"og:title\" content=\"Durabilit\u00e9 | GIMECO Impianti\" \/>\n<meta property=\"og:description\" content=\"La durabilit\u00e9 est une approche visant \u00e0 r\u00e9pondre aux besoins du pr\u00e9sent sans compromettre la capacit\u00e9 des g\u00e9n\u00e9rations futures \u00e0 r\u00e9pondre...\" \/>\n<meta property=\"og:url\" content=\"https:\/\/gimeco.com\/fr\/durabilite\/\" \/>\n<meta property=\"og:site_name\" content=\"GIMECO Impianti\" \/>\n<meta property=\"article:publisher\" content=\"https:\/\/www.facebook.com\/gimecogroup\" \/>\n<meta property=\"article:modified_time\" content=\"2025-08-28T14:07:40+00:00\" \/>\n<meta property=\"og:image\" content=\"https:\/\/gimeco.com\/wp-content\/uploads\/2023\/11\/venn-diagram-sustainable-development-630x630.webp\" \/>\n<script type=\"application\/ld+json\" class=\"yoast-schema-graph\">{\"@context\":\"https:\/\/schema.org\",\"@graph\":[{\"@type\":\"WebPage\",\"@id\":\"https:\/\/gimeco.com\/fr\/durabilite\/\",\"url\":\"https:\/\/gimeco.com\/fr\/durabilite\/\",\"name\":\"Durabilit\u00e9 | GIMECO Impianti\",\"isPartOf\":{\"@id\":\"https:\/\/gimeco.com\/#website\"},\"primaryImageOfPage\":{\"@id\":\"https:\/\/gimeco.com\/fr\/durabilite\/#primaryimage\"},\"image\":{\"@id\":\"https:\/\/gimeco.com\/fr\/durabilite\/#primaryimage\"},\"thumbnailUrl\":\"https:\/\/gimeco.com\/wp-content\/uploads\/2023\/11\/venn-diagram-sustainable-development-630x630.webp\",\"datePublished\":\"2017-07-31T13:05:22+00:00\",\"dateModified\":\"2025-08-28T14:07:40+00:00\",\"description\":\"La durabilit\u00e9 est une approche visant \u00e0 r\u00e9pondre aux besoins du pr\u00e9sent sans compromettre la capacit\u00e9 des g\u00e9n\u00e9rations futures \u00e0 r\u00e9pondre...\",\"breadcrumb\":{\"@id\":\"https:\/\/gimeco.com\/fr\/durabilite\/#breadcrumb\"},\"inLanguage\":\"fr-FR\",\"potentialAction\":[{\"@type\":\"ReadAction\",\"target\":[\"https:\/\/gimeco.com\/fr\/durabilite\/\"]}]},{\"@type\":\"ImageObject\",\"inLanguage\":\"fr-FR\",\"@id\":\"https:\/\/gimeco.com\/fr\/durabilite\/#primaryimage\",\"url\":\"https:\/\/gimeco.com\/wp-content\/uploads\/2023\/11\/venn-diagram-sustainable-development-630x630.webp\",\"contentUrl\":\"https:\/\/gimeco.com\/wp-content\/uploads\/2023\/11\/venn-diagram-sustainable-development-630x630.webp\"},{\"@type\":\"BreadcrumbList\",\"@id\":\"https:\/\/gimeco.com\/fr\/durabilite\/#breadcrumb\",\"itemListElement\":[{\"@type\":\"ListItem\",\"position\":1,\"name\":\"Home\",\"item\":\"https:\/\/gimeco.com\/fr\/\"},{\"@type\":\"ListItem\",\"position\":2,\"name\":\"Durabilit\u00e9\"}]},{\"@type\":\"WebSite\",\"@id\":\"https:\/\/gimeco.com\/#website\",\"url\":\"https:\/\/gimeco.com\/\",\"name\":\"gimeco.com\",\"description\":\"Your Partner from A to Zink\",\"publisher\":{\"@id\":\"https:\/\/gimeco.com\/#organization\"},\"alternateName\":\"Gimeco\",\"potentialAction\":[{\"@type\":\"SearchAction\",\"target\":{\"@type\":\"EntryPoint\",\"urlTemplate\":\"https:\/\/gimeco.com\/?s={search_term_string}\"},\"query-input\":{\"@type\":\"PropertyValueSpecification\",\"valueRequired\":true,\"valueName\":\"search_term_string\"}}],\"inLanguage\":\"fr-FR\"},{\"@type\":\"Organization\",\"@id\":\"https:\/\/gimeco.com\/#organization\",\"name\":\"Gimeco\",\"url\":\"https:\/\/gimeco.com\/\",\"logo\":{\"@type\":\"ImageObject\",\"inLanguage\":\"fr-FR\",\"@id\":\"https:\/\/gimeco.com\/#\/schema\/logo\/image\/\",\"url\":\"https:\/\/gimeco.com\/wp-content\/uploads\/2023\/11\/Logo_GIMECO_StringNoPayoff-250.png\",\"contentUrl\":\"https:\/\/gimeco.com\/wp-content\/uploads\/2023\/11\/Logo_GIMECO_StringNoPayoff-250.png\",\"width\":250,\"height\":98,\"caption\":\"Gimeco\"},\"image\":{\"@id\":\"https:\/\/gimeco.com\/#\/schema\/logo\/image\/\"},\"sameAs\":[\"https:\/\/www.facebook.com\/gimecogroup\"]}]}<\/script>\n<!-- \/ Yoast SEO plugin. -->","yoast_head_json":{"title":"Durabilit\u00e9 | GIMECO Impianti","description":"La durabilit\u00e9 est une approche visant \u00e0 r\u00e9pondre aux besoins du pr\u00e9sent sans compromettre la capacit\u00e9 des g\u00e9n\u00e9rations futures \u00e0 r\u00e9pondre...","robots":{"index":"index","follow":"follow","max-snippet":"max-snippet:-1","max-image-preview":"max-image-preview:large","max-video-preview":"max-video-preview:-1"},"canonical":"https:\/\/gimeco.com\/fr\/durabilite\/","og_locale":"fr_FR","og_type":"article","og_title":"Durabilit\u00e9 | GIMECO Impianti","og_description":"La durabilit\u00e9 est une approche visant \u00e0 r\u00e9pondre aux besoins du pr\u00e9sent sans compromettre la capacit\u00e9 des g\u00e9n\u00e9rations futures \u00e0 r\u00e9pondre...","og_url":"https:\/\/gimeco.com\/fr\/durabilite\/","og_site_name":"GIMECO Impianti","article_publisher":"https:\/\/www.facebook.com\/gimecogroup","article_modified_time":"2025-08-28T14:07:40+00:00","og_image":[{"url":"https:\/\/gimeco.com\/wp-content\/uploads\/2023\/11\/venn-diagram-sustainable-development-630x630.webp","type":"","width":"","height":""}],"schema":{"@context":"https:\/\/schema.org","@graph":[{"@type":"WebPage","@id":"https:\/\/gimeco.com\/fr\/durabilite\/","url":"https:\/\/gimeco.com\/fr\/durabilite\/","name":"Durabilit\u00e9 | GIMECO Impianti","isPartOf":{"@id":"https:\/\/gimeco.com\/#website"},"primaryImageOfPage":{"@id":"https:\/\/gimeco.com\/fr\/durabilite\/#primaryimage"},"image":{"@id":"https:\/\/gimeco.com\/fr\/durabilite\/#primaryimage"},"thumbnailUrl":"https:\/\/gimeco.com\/wp-content\/uploads\/2023\/11\/venn-diagram-sustainable-development-630x630.webp","datePublished":"2017-07-31T13:05:22+00:00","dateModified":"2025-08-28T14:07:40+00:00","description":"La durabilit\u00e9 est une approche visant \u00e0 r\u00e9pondre aux besoins du pr\u00e9sent sans compromettre la capacit\u00e9 des g\u00e9n\u00e9rations futures \u00e0 r\u00e9pondre...","breadcrumb":{"@id":"https:\/\/gimeco.com\/fr\/durabilite\/#breadcrumb"},"inLanguage":"fr-FR","potentialAction":[{"@type":"ReadAction","target":["https:\/\/gimeco.com\/fr\/durabilite\/"]}]},{"@type":"ImageObject","inLanguage":"fr-FR","@id":"https:\/\/gimeco.com\/fr\/durabilite\/#primaryimage","url":"https:\/\/gimeco.com\/wp-content\/uploads\/2023\/11\/venn-diagram-sustainable-development-630x630.webp","contentUrl":"https:\/\/gimeco.com\/wp-content\/uploads\/2023\/11\/venn-diagram-sustainable-development-630x630.webp"},{"@type":"BreadcrumbList","@id":"https:\/\/gimeco.com\/fr\/durabilite\/#breadcrumb","itemListElement":[{"@type":"ListItem","position":1,"name":"Home","item":"https:\/\/gimeco.com\/fr\/"},{"@type":"ListItem","position":2,"name":"Durabilit\u00e9"}]},{"@type":"WebSite","@id":"https:\/\/gimeco.com\/#website","url":"https:\/\/gimeco.com\/","name":"gimeco.com","description":"Your Partner from A to Zink","publisher":{"@id":"https:\/\/gimeco.com\/#organization"},"alternateName":"Gimeco","potentialAction":[{"@type":"SearchAction","target":{"@type":"EntryPoint","urlTemplate":"https:\/\/gimeco.com\/?s={search_term_string}"},"query-input":{"@type":"PropertyValueSpecification","valueRequired":true,"valueName":"search_term_string"}}],"inLanguage":"fr-FR"},{"@type":"Organization","@id":"https:\/\/gimeco.com\/#organization","name":"Gimeco","url":"https:\/\/gimeco.com\/","logo":{"@type":"ImageObject","inLanguage":"fr-FR","@id":"https:\/\/gimeco.com\/#\/schema\/logo\/image\/","url":"https:\/\/gimeco.com\/wp-content\/uploads\/2023\/11\/Logo_GIMECO_StringNoPayoff-250.png","contentUrl":"https:\/\/gimeco.com\/wp-content\/uploads\/2023\/11\/Logo_GIMECO_StringNoPayoff-250.png","width":250,"height":98,"caption":"Gimeco"},"image":{"@id":"https:\/\/gimeco.com\/#\/schema\/logo\/image\/"},"sameAs":["https:\/\/www.facebook.com\/gimecogroup"]}]}},"_links":{"self":[{"href":"https:\/\/gimeco.com\/fr\/wp-json\/wp\/v2\/pages\/21375","targetHints":{"allow":["GET"]}}],"collection":[{"href":"https:\/\/gimeco.com\/fr\/wp-json\/wp\/v2\/pages"}],"about":[{"href":"https:\/\/gimeco.com\/fr\/wp-json\/wp\/v2\/types\/page"}],"author":[{"embeddable":true,"href":"https:\/\/gimeco.com\/fr\/wp-json\/wp\/v2\/users\/1"}],"replies":[{"embeddable":true,"href":"https:\/\/gimeco.com\/fr\/wp-json\/wp\/v2\/comments?post=21375"}],"version-history":[{"count":17,"href":"https:\/\/gimeco.com\/fr\/wp-json\/wp\/v2\/pages\/21375\/revisions"}],"predecessor-version":[{"id":25628,"href":"https:\/\/gimeco.com\/fr\/wp-json\/wp\/v2\/pages\/21375\/revisions\/25628"}],"wp:attachment":[{"href":"https:\/\/gimeco.com\/fr\/wp-json\/wp\/v2\/media?parent=21375"}],"curies":[{"name":"wp","href":"https:\/\/api.w.org\/{rel}","templated":true}]}}