{"id":21380,"date":"2023-11-22T07:21:59","date_gmt":"2023-11-22T07:21:59","guid":{"rendered":"https:\/\/gimeco.com\/company\/"},"modified":"2025-12-23T10:53:01","modified_gmt":"2025-12-23T10:53:01","slug":"societe","status":"publish","type":"page","link":"https:\/\/gimeco.com\/fr\/societe\/","title":{"rendered":"Soci\u00e9t\u00e9"},"content":{"rendered":"<div class=\"vgblk-rw-wrapper limit-wrapper\">\n<h2>\n\tVotre partenaire, <b>de A \u00e0 Zinc<\/b>\n\t<\/h2>\n\tN\u00e9e \u00e0 <a href=\"https:\/\/fr.wikipedia.org\/wiki\/Milan\" target=\"_blank\" rel=\"noopener\"><strong>Milan<\/strong><\/a>, dans le nord de l&rsquo;<a href=\"https:\/\/fr.wikipedia.org\/wiki\/Italie\" target=\"_blank\" rel=\"noopener\"><strong>Italie<\/strong><\/a>, nous concevons, construisons, installons et r\u00e9novons des <a href=\"https:\/\/fr.wikipedia.org\/wiki\/Galvanisation#Zingage_%C3%A0_chaud\" target=\"_blank\" rel=\"noopener\"><strong>usines de galvanisation \u00e0 chaud<\/strong><\/a> depuis <strong>1976<\/strong> et, ayant un pass\u00e9 de galvaniseurs, nous sommes bien conscients des besoins, des caract\u00e9ristiques sp\u00e9cifiques et des points critiques de la galvanisation et, plus g\u00e9n\u00e9ralement, des <strong>processus m\u00e9tallurgiques<\/strong>.<br \/>\nNous avons \u00e9t\u00e9 la <strong>premi\u00e8re entreprise<\/strong> au monde capable de proposer une <strong>offre compl\u00e8te<\/strong>, de la manipulation et de la logistique au pr\u00e9traitement, aux produits chimiques et aux syst\u00e8mes de chauffage, en passant par les logiciels et les services, satisfaisant ainsi des milliers d&rsquo;exigences.<br \/>\nC&rsquo;est pourquoi nous sommes le seul partenaire et r\u00e9f\u00e9rence des galvaniseurs pour toute solution de galvanisation.<br \/>\nNotre fondateur, <strong>Ermes Moroni<\/strong>, a toujours inspir\u00e9 et aliment\u00e9 <strong>l&rsquo;instinct d&rsquo;innovation<\/strong> et l&rsquo;analyse approfondie de ce que nous faisons, et nos choix parfois pionniers ont \u00e9galement contribu\u00e9 \u00e0 am\u00e9liorer la mani\u00e8re de <em>\u00ab\u00a0\u00eatre un galvaniseur\u00a0\u00bb<\/em> en Italie et dans le monde.\nNous collaborons avec vous \u00e0 <strong>chaque \u00e9tape<\/strong> du processus, couvrant toutes les n\u00e9cessit\u00e9s op\u00e9rationnelles: de la consultation \u00e0 l&rsquo;ing\u00e9nierie, de la fabrication \u00e0 l&rsquo;installation, en passant par la mise en service, l&rsquo;assistance technique et la formation technologique pour ceux qui exploiteront la ligne.<br \/>\nEn plus des solutions <strong>cl\u00e9s en main<\/strong>, strictement sur mesure et de pointe, nous offrons une large gamme de <strong>services<\/strong> suppl\u00e9mentaires visant \u00e0 garantir \u00e0 l&rsquo;\u00e9quipement ses meilleures performances en termes de productivit\u00e9 et de gestion \u00e9conomique.\n<h2>\n\t<b>D\u00e9claration <\/b>de mission\n\t<\/h2>\n\t<p><em>\u00ab\u00a0Apposer notre logo bleu sur n&rsquo;importe quelle usine de galvanisation \u00e0 chaud, renfor\u00e7ant ainsi notre positionnement et notre fiabilit\u00e9 dans le monde entier\u00a0\u00bb<\/em><\/p>\n\t<p><em>\u00ab\u00a0Fournir les meilleures solutions int\u00e9gr\u00e9es, innovantes et durables pour le march\u00e9 de la galvanisation \u00e0 chaud, en am\u00e9liorant continuellement nos processus pour la satisfaction des clients.\u00a0\u00bb<\/em><\/p>\n\tEngagement envers les clients<br \/>\n\u00c9thique de travail<br \/>\nDurabilit\u00e9 et inclusion<br \/>\nOser l&rsquo;innovation<br \/>\nFiabilit\u00e9<br \/>\nObsession de l&rsquo;am\u00e9lioration<br \/>\nPens\u00e9e ax\u00e9e sur le risque<br \/>\nEsprit d&rsquo;\u00e9quipe\n<h2>\n\t<b>\u00c9tapes importantes<\/b>\n\t<\/h2>\n\t\t\t1976-1979\n\t\t<p>\u00a0<strong>1976, Fondation<\/strong><br \/>Ermes Moroni \u00e9tablit l&rsquo;entreprise \u00e0 Bresso, une petite ville aux alentours de Milan, en mettant \u00e0 profit l&rsquo;exp\u00e9rience d\u00e9j\u00e0 acquise dans la galvanisation \u00e0 chaud.<strong>1979, Premier projet vendu<\/strong><br \/>Depuis un appartement \u00e0 Bresso, pr\u00e8s de Milan, avec le soutien de sa femme Vilma, Ermes vend la premi\u00e8re usine compl\u00e8te, de plus en plus compl\u00e8te et avec des solutions qui r\u00e9volutionnent le processus traditionnel de galvanisation \u00e0 chaud.<\/p>\n\t\t\t1980-1989\n\t\t<p>\u00a0<strong>1980, Ouverture du march\u00e9 international<\/strong><br \/>Une commande est pass\u00e9e par une entreprise \u00e0 l&rsquo;\u00e9tranger, la premi\u00e8re d&rsquo;une longue s\u00e9rie pour le march\u00e9 international. Pendant ce temps, GIMECO se d\u00e9veloppe \u00e0 la fois en termes de personnel et de structure.<strong>1985, Affaires en Inde<\/strong><br \/>La tendance positive de croissance se confirme et nous \u00e9tendons \u00e9galement nos activit\u00e9s en Inde.<strong>1989, Premier syst\u00e8me d&rsquo;extraction rapide de cuve<\/strong><br \/>Nous concevons le premier syst\u00e8me d&rsquo;extraction rapide de cuve, le syst\u00e8me Kettle-out<sup>TM<\/sup>, une solution qui confirme l&rsquo;orientation innovante de GIMECO.<\/p>\n\t\t\t1990-1999\n\t\t<p>\u00a0<strong>1992, Une ann\u00e9e charni\u00e8re<\/strong><br \/>Nous d\u00e9m\u00e9nageons notre si\u00e8ge de Bresso \u00e0 Trezzano Rosa, \u00e9galement dans l&rsquo;arri\u00e8re-pays de Milan, dans un b\u00e2timent que nous poss\u00e9dons. Les connaissances et les comp\u00e9tences se d\u00e9veloppent de pair avec le chiffre d&rsquo;affaires et le d\u00e9sir de continuer \u00e0 exp\u00e9rimenter: nous pr\u00e9sentons le premier syst\u00e8me de manipulation de racks automatique.<strong>1996, Premi\u00e8re ligne automatis\u00e9e de galvanisation \u00e0 chaud pour tubes<\/strong><br \/>Un autre record technologique de GIMECO. Nous concevons et mettons en \u0153uvre notre premi\u00e8re ligne automatis\u00e9e de galvanisation \u00e0 chaud pour tubes.<strong>1997, Organisation manag\u00e9riale<\/strong><br \/>Une nouvelle g\u00e9n\u00e9ration rejoint l&rsquo;entreprise: la fille d&rsquo;Ermes, Eleonora, apprend le m\u00e9tier et soutient l&rsquo;organisation interne, qui se tourne de plus en plus vers une structure qui devient plus solide et avec une organisation manag\u00e9riale.<\/p>\n\t\t\t2000-2009\n\t\t<p>\u00a0<strong>2001, Encore plus d&rsquo;innovation<\/strong><br \/>Nous r\u00e9alisons deux r\u00e9alisations technologiques importantes avec la construction d&rsquo;une usine de galvanisation par centrifugation suspendue et la conception du premier syst\u00e8me de transport a\u00e9rien automatis\u00e9.<strong>2004, Produits chimiques<\/strong><br \/>Pour fournir un service de plus en plus complet et avoir un contr\u00f4le r\u00e9el sur la qualit\u00e9 et la s\u00e9curit\u00e9, nous mettons en place le service d&rsquo;approvisionnement en produits chimiques de processus.<strong>2005, Une expansion suppl\u00e9mentaire<\/strong><br \/>GIMECO continue de s&rsquo;\u00e9tendre. Nous acqu\u00e9rons le b\u00e2timent voisin du n\u00f4tre et r\u00e9organisons les d\u00e9partements pour am\u00e9liorer l&rsquo;efficacit\u00e9 et l&rsquo;op\u00e9rabilit\u00e9.<strong>2008, Devenir un Groupe<\/strong><br \/>L&rsquo;id\u00e9e de devenir un groupe progresse chez GIMECO. En effet, nous commen\u00e7ons l&rsquo;ann\u00e9e avec l&rsquo;acquisition de CO.T.IMP.I., une entreprise concevant des usines de galvanisation \u00e0 chaud automatis\u00e9es pour les tuyaux. Pendant ce temps, le syst\u00e8me de r\u00e9g\u00e9n\u00e9ration des acides est test\u00e9 et commence \u00e0 fonctionner.<strong>2009, Innovation dans la technologie des fours<\/strong><br \/>Notre capacit\u00e9 \u00e0 innover se poursuit et est confirm\u00e9e par deux nouvelles solutions avanc\u00e9es: nous avons con\u00e7u le premier four dual-chamber\u2122\u00a0\u00e0 haute v\u00e9locit\u00e9\u00a0et mis en service le premier four enti\u00e8rement \u00e9lectrique \u00e0 haute efficacit\u00e9.<\/p>\n\t\t\t2010-2019\n\t\t<p>\u00a0<strong>2013, Cuves de maintien de zinc<\/strong><br \/>GIMECO consolide sa structure de service pour les galvaniseurs avec la fourniture de cuves de r\u00e9tention de zinc transportables en liquide.<strong>2014, Expansion du Groupe<\/strong><br \/>Nous renfor\u00e7ons notre groupe avec les acquisitions cl\u00e9s de ZINCO Service, une entreprise sp\u00e9cialis\u00e9e \u00e0 Brescia, en Italie, qui a brevet\u00e9 une m\u00e9thode de diagnostic de cuve avanc\u00e9e et pr\u00e9cise (KID\u2122, pr\u00e9sent\u00e9e \u00e0 INTERGALVA 2006), sa soci\u00e9t\u00e9 s\u0153ur canadienne Zinco Technologies et Recyclean Systems, une soci\u00e9t\u00e9 su\u00e9doise d\u00e9veloppant des solutions chimiques et des \u00e9quipements pour le traitement industriel.<strong>2015, Nouvelles solutions logicielles<\/strong><br \/>Pour compl\u00e9ter le package pour la gestion efficace des usines de galvanisation \u00e0 chaud, nous lan\u00e7ons deux suites logicielles propri\u00e9taires con\u00e7ues en interne: HerMES\u2122, fournissant le contr\u00f4le complet de l&rsquo;usine et la tra\u00e7abilit\u00e9 des produits, et Zephyr\u2122, un logiciel de gestion de la consommation \u00e9nerg\u00e9tique.<strong>2016, Introduction de la robotique<\/strong><br \/>Nous concevons la premi\u00e8re usine de galvanisation \u00e0 chaud automatis\u00e9e et assist\u00e9e par des robots. Un effort remarquable qui renforce encore nos comp\u00e9tences technologiques et de r\u00e9solution de probl\u00e8mes. <br \/>Le si\u00e8ge de Trezzano Rosa s&rsquo;agrandit avec un nouveau b\u00e2timent moderne et fonctionnel exclusivement d\u00e9di\u00e9 aux bureaux.<strong>2017, Premier s\u00e9choir \u00e0 infrarouge<\/strong><br \/>GIMECO frappe \u00e0 nouveau et introduit le premier s\u00e9choir infrarouge: l&rsquo;innovation est toujours au c\u0153ur de l&rsquo;entreprise.<strong>2019, GIMECO USA<\/strong><br \/>C&rsquo;est le moment de la cr\u00e9ation de GIMECO USA, ouverte \u00e0 Spartanburg, en Caroline du Sud, pour piloter les activit\u00e9s li\u00e9es aux ventes, aux services et au support plus pr\u00e8s des clients am\u00e9ricains.<\/p>\n\t\t\t2020-Aujourd&rsquo;hui\n\t\t<p>\u00a0<strong>2021, 45 &lsquo;bougies&rsquo;<\/strong><br \/>GIMECO c\u00e9l\u00e8bre un anniversaire important en soufflant 45 bougies. La m\u00eame ann\u00e9e, l&rsquo;orientation naturelle vers la qualit\u00e9 porte ses fruits et GIMECO obtient la certification du syst\u00e8me de gestion de la qualit\u00e9 normalis\u00e9 ISO 9001:2015.<strong>2022, Premier dispositif de manipulation d\u00e9di\u00e9 aux galvaniseurs<\/strong><br \/>Lors de l&rsquo;INTERGALVA 2022 \u00e0 Rome, MOVER\u2122, un dispositif de manipulation intelligent d\u00e9di\u00e9 aux galvaniseurs, est pr\u00e9sent\u00e9 ainsi que la suite d&rsquo;assistance \u00e0 distance intelligente, un syst\u00e8me d&rsquo;assistance \u00e0 distance et de gestion des tickets pour am\u00e9liorer notre soutien aux clients.<strong>2024, Usines verticales \u00e0 haute densit\u00e9<\/strong><br \/>Une fois de plus, GIMECO confirme son orientation vers des solutions de pointe en concevant et en mettant en service des usines de galvanisation \u00e0 chaud verticales. Le principe fondamental de la conception est l&rsquo;am\u00e9lioration drastique de la densit\u00e9 des profils d&rsquo;acier tremp\u00e9s par unit\u00e9 de temps, ce qui acc\u00e9l\u00e8re le cycle de production<strong>2026, Un demi-si\u00e8cle de solutions pour la galvanisation \u00e0 chaud.<\/strong><br \/>Cinquante ans d&rsquo;histoire, un lien qui d\u00e9fie le temps. Notre vision reste solide et en constante \u00e9volution. Un jalon qui marque notre engagement envers l&rsquo;innovation. Nous sommes aussi r\u00e9sistants que le zinc.<\/p>\n<h2>\n\tPr\u00e9sence <b>mondiale<\/b> \n\t<\/h2>\n\t<p>Au fil des d\u00e9cennies, en plus du si\u00e8ge de l&rsquo;entreprise en Italie, un groupe s&rsquo;est d\u00e9velopp\u00e9 \u00e0 l&rsquo;\u00e9chelle mondiale avec des succursales locales, des soci\u00e9t\u00e9s s\u0153urs et des \u00e9quipes \u00e0 distance assurant une <strong>pr\u00e9sence \u00e9tendue<\/strong> sur diff\u00e9rents continents.<\/p>\n\t\t\t\t\t\t\t<img loading=\"lazy\" decoding=\"async\" src=\"https:\/\/gimeco.com\/wp-content\/uploads\/2024\/01\/mappa-global-presence-sito-3.png\" alt=\"mappa-global-presence-sito\" itemprop=\"image\" height=\"1466\" width=\"2700\" title=\"mappa-global-presence-sito\" onerror=\"this.style.display='none'\"  sizes=\"auto, (max-width: 768px) 100vw, 100vw\" srcset=\"https:\/\/gimeco.com\/wp-content\/uploads\/2024\/01\/mappa-global-presence-sito-3.png 2700w, https:\/\/gimeco.com\/wp-content\/uploads\/2024\/01\/mappa-global-presence-sito-3-300x163.png 300w, https:\/\/gimeco.com\/wp-content\/uploads\/2024\/01\/mappa-global-presence-sito-3-1024x556.png 1024w, https:\/\/gimeco.com\/wp-content\/uploads\/2024\/01\/mappa-global-presence-sito-3-768x417.png 768w, https:\/\/gimeco.com\/wp-content\/uploads\/2024\/01\/mappa-global-presence-sito-3-1536x834.png 1536w, https:\/\/gimeco.com\/wp-content\/uploads\/2024\/01\/mappa-global-presence-sito-3-2048x1112.png 2048w, https:\/\/gimeco.com\/wp-content\/uploads\/2024\/01\/mappa-global-presence-sito-3-1260x684.png 1260w, https:\/\/gimeco.com\/wp-content\/uploads\/2024\/01\/mappa-global-presence-sito-3-630x342.png 630w, https:\/\/gimeco.com\/wp-content\/uploads\/2024\/01\/mappa-global-presence-sito-3-420x228.png 420w, https:\/\/gimeco.com\/wp-content\/uploads\/2024\/01\/mappa-global-presence-sito-3-840x456.png 840w, https:\/\/gimeco.com\/wp-content\/uploads\/2024\/01\/mappa-global-presence-sito-3-315x171.png 315w\" \/>\t\t\t\t\t\t\t\n<h2>\n\t<b>Associations<\/b>\n\t<\/h2>\n\t<ul>\n<li><a href=\"https:\/\/www.aiz.it\/wp1\/\" target=\"_blank\" rel=\"noopener\">ASSOCIAZIONE ITALIANA ZINCATURA (AIZ)<\/a><\/li>\n<li><a href=\"https:\/\/www.ateg.es\/\" target=\"_blank\" rel=\"noopener\">ASOCIACI\u00d3N T\u00c9CNICA ESPA\u00d1OLA DE GALVANIZACI\u00d3N (ATEG)<\/a><\/li>\n<li><a href=\"https:\/\/www.galvazinc.com\/\" target=\"_blank\" rel=\"noopener\">GALVAZINC<\/a><\/li>\n<li><a href=\"https:\/\/www.feuerverzinken.com\/\" target=\"_blank\" rel=\"noopener\">INDUSTRIEVERBAND FEUERVERZINKEN<\/a><\/li>\n<li><a href=\"https:\/\/www.zinkinfobenelux.com\/fr\">ZINKINFO BENELUX<\/a><\/li>\n<li><a href=\"https:\/\/galvanizing.org.uk\/\" target=\"_blank\" rel=\"noopener\">GALVANIZERS ASSOCIATION (GA)<\/a><\/li>\n<li><a href=\"http:\/\/www.acsz.cz\/\" target=\"_blank\" rel=\"noopener\">ASSOCIATION OF CZECH AND SLOVAK GALVANIZERS (ACSG)<\/a><\/li>\n<li><a href=\"https:\/\/www.galvanizingeurope.org\/\" target=\"_blank\" rel=\"noopener\">EUROPEAN GENERAL GALVANIZERS ASSOCIATION (EGGA)<\/a><\/li>\n<li><a href=\"https:\/\/galvanizeit.org\/\" target=\"_blank\" rel=\"noopener\">AMERICAN GALVANIZERS ASSOCIATION (AGA)<\/a><\/li>\n<li>JAPAN GALVANIZERS ASSOCIATION (JGA)<\/li>\n<li><a href=\"https:\/\/www.hdgasa.org.za\/\" target=\"_blank\" rel=\"noopener\">HOT-DIP GALVANIZERS ASSOCIATION OF SOUTH AFRICA (HDGASA)<\/a><\/li>\n<li><a href=\"https:\/\/www.ilzda.com\/\" target=\"_blank\" rel=\"noopener\">INDIA LEAD ZINC DEVELOPMENT ASSOCIATION (ILZDA)<\/a><\/li>\n<li><a href=\"https:\/\/zdc.ru\/\" target=\"_blank\" rel=\"noopener\">ZINC DEVELOPMENT CENTER (ZDC)<\/a><\/li>\n<\/ul>\n<h3>\n\t<strong>Pourquoi <\/strong>la galvanisation \u00e0 chaud?\n\t<\/h3>\n\t<p>La galvanisation \u00e0 chaud est le processus fondamental pour <strong>prot\u00e9ger les surfaces<\/strong> des objets m\u00e9talliques, en particulier ceux en acier. Elle trouve son origine dans l&rsquo;intuition du chimiste fran\u00e7ais Melouin en <strong>1740<\/strong> et des exp\u00e9riences ult\u00e9rieures au cours du 19e si\u00e8cle, y compris le premier brevet d\u00e9pos\u00e9 par Sorel en 1837.<\/p>\n<p>La galvanisation \u00e0 chaud implique <strong>l&rsquo;immersion compl\u00e8te<\/strong> d&rsquo;un mat\u00e9riau m\u00e9tallique correctement pr\u00e9par\u00e9 dans un bain de <strong>zinc fondu<\/strong>, ce qui entra\u00eene une modification de la composition de la surface par la <strong>formation d&rsquo;un alliage<\/strong> entre le fer de l&rsquo;objet et le zinc. Dans ce cas, puisque le zinc a une \u00e9lectronegativit\u00e9 plus \u00e9lev\u00e9e que le fer, il agit comme une <strong>anode sacrificielle<\/strong> en cas de corrosion \u00e9lectrolytique, formant un compos\u00e9 d&rsquo;oxydes et de carbonates qui assure une <strong>protection s\u00fbre et durable<\/strong> de l&rsquo;acier.<\/p>\n<p>Par cons\u00e9quent, en tant que v\u00e9ritable <strong>processus m\u00e9tallurgique<\/strong>, la galvanisation \u00e0 chaud se distingue et l&rsquo;<strong>emporte<\/strong> sur tout autre traitement de surface tel que les rev\u00eatements ou la peinture lorsqu&rsquo;il s&rsquo;agit d&rsquo;assurer la protection des objets.<\/p>\n\t<ul>\n<li>Construction et architecture<br \/>\nPoutres, colonnes, balustrades, t\u00f4les de toiture et grilles, ponts, barres d&rsquo;armature<\/li>\n<li>Industrie \u00e9nerg\u00e9tique et des t\u00e9l\u00e9communications<br \/>\nTour \u00e9oliennes, structures de support pour panneaux solaires, tours en treillis, tours de communication, antennes<\/li>\n<li>Industrie ferroviaire<br \/>\nRails, structures pour la signalisation ferroviaire<\/li>\n<li>Industrie automobile<\/li>\n<li>Construction navale<\/li>\n<li>Industrie agricole<br \/>\n\u00c9quipements agricoles, serres, cl\u00f4tures<\/li>\n<li>Industrie \u00e9lectrique et \u00e9lectronique<\/li>\n<li>Industrie p\u00e9trochimique<br \/>\nR\u00e9servoirs, duc, structures d&rsquo;usine<\/li>\n<li>Am\u00e9nagements urbains et routiers<br \/>\nPoteaux d&rsquo;\u00e9clairage de rue, balustrades, cl\u00f4tures, garde-corps, structures de signalisation<\/li>\n<li>Quincaillerie de montage<br \/>\nBoulons, rondelles, vis<\/li>\n<li>Tuyauterie et tubes<\/li>\n<li>M\u00e9tallurgie en g\u00e9n\u00e9ral<\/li>\n<\/ul>\n\n<\/div><!-- .vgblk-rw-wrapper -->","protected":false},"excerpt":{"rendered":"<p>Votre partenaire, de A \u00e0 Zinc N\u00e9e \u00e0 Milan, dans le nord de l&rsquo;Italie, nous concevons, construisons, installons et r\u00e9novons des usines de galvanisation \u00e0 chaud depuis 1976 et, ayant un pass\u00e9 de galvaniseurs, nous sommes bien conscients des besoins, des caract\u00e9ristiques sp\u00e9cifiques et des points critiques de la galvanisation et, plus g\u00e9n\u00e9ralement, des processus&#8230;<\/p>\n","protected":false},"author":1,"featured_media":0,"parent":0,"menu_order":0,"comment_status":"closed","ping_status":"closed","template":"","meta":{"inline_featured_image":false,"footnotes":""},"class_list":["post-21380","page","type-page","status-publish","hentry"],"yoast_head":"<!-- This site is optimized with the Yoast SEO plugin v26.4 - https:\/\/yoast.com\/wordpress\/plugins\/seo\/ -->\n<title>Soci\u00e9t\u00e9 | GIMECO Impianti<\/title>\n<meta name=\"description\" content=\"N\u00e9e \u00e0 Milan, dans le nord de l&#039;Italie, nous concevons, construisons, installons et r\u00e9novons des usines de galvanisation \u00e0 chaud...\" \/>\n<meta name=\"robots\" content=\"index, follow, max-snippet:-1, max-image-preview:large, max-video-preview:-1\" \/>\n<link rel=\"canonical\" href=\"https:\/\/gimeco.com\/fr\/societe\/\" \/>\n<meta property=\"og:locale\" content=\"fr_FR\" \/>\n<meta property=\"og:type\" content=\"article\" \/>\n<meta property=\"og:title\" content=\"Soci\u00e9t\u00e9 | GIMECO Impianti\" \/>\n<meta property=\"og:description\" content=\"N\u00e9e \u00e0 Milan, dans le nord de l&#039;Italie, nous concevons, construisons, installons et r\u00e9novons des usines de galvanisation \u00e0 chaud...\" \/>\n<meta property=\"og:url\" content=\"https:\/\/gimeco.com\/fr\/societe\/\" \/>\n<meta property=\"og:site_name\" content=\"GIMECO Impianti\" \/>\n<meta property=\"article:publisher\" content=\"https:\/\/www.facebook.com\/gimecogroup\" \/>\n<meta property=\"article:modified_time\" content=\"2025-12-23T10:53:01+00:00\" \/>\n<meta property=\"og:image\" content=\"https:\/\/gimeco.com\/wp-content\/uploads\/2024\/01\/mappa-global-presence-sito-3.png\" \/>\n<script type=\"application\/ld+json\" class=\"yoast-schema-graph\">{\"@context\":\"https:\/\/schema.org\",\"@graph\":[{\"@type\":\"WebPage\",\"@id\":\"https:\/\/gimeco.com\/fr\/societe\/\",\"url\":\"https:\/\/gimeco.com\/fr\/societe\/\",\"name\":\"Soci\u00e9t\u00e9 | GIMECO Impianti\",\"isPartOf\":{\"@id\":\"https:\/\/gimeco.com\/#website\"},\"primaryImageOfPage\":{\"@id\":\"https:\/\/gimeco.com\/fr\/societe\/#primaryimage\"},\"image\":{\"@id\":\"https:\/\/gimeco.com\/fr\/societe\/#primaryimage\"},\"thumbnailUrl\":\"https:\/\/gimeco.com\/wp-content\/uploads\/2024\/01\/mappa-global-presence-sito-3.png\",\"datePublished\":\"2023-11-22T07:21:59+00:00\",\"dateModified\":\"2025-12-23T10:53:01+00:00\",\"description\":\"N\u00e9e \u00e0 Milan, dans le nord de l'Italie, nous concevons, construisons, installons et r\u00e9novons des usines de galvanisation \u00e0 chaud...\",\"breadcrumb\":{\"@id\":\"https:\/\/gimeco.com\/fr\/societe\/#breadcrumb\"},\"inLanguage\":\"fr-FR\",\"potentialAction\":[{\"@type\":\"ReadAction\",\"target\":[\"https:\/\/gimeco.com\/fr\/societe\/\"]}]},{\"@type\":\"ImageObject\",\"inLanguage\":\"fr-FR\",\"@id\":\"https:\/\/gimeco.com\/fr\/societe\/#primaryimage\",\"url\":\"https:\/\/gimeco.com\/wp-content\/uploads\/2024\/01\/mappa-global-presence-sito-3.png\",\"contentUrl\":\"https:\/\/gimeco.com\/wp-content\/uploads\/2024\/01\/mappa-global-presence-sito-3.png\"},{\"@type\":\"BreadcrumbList\",\"@id\":\"https:\/\/gimeco.com\/fr\/societe\/#breadcrumb\",\"itemListElement\":[{\"@type\":\"ListItem\",\"position\":1,\"name\":\"Home\",\"item\":\"https:\/\/gimeco.com\/fr\/\"},{\"@type\":\"ListItem\",\"position\":2,\"name\":\"Soci\u00e9t\u00e9\"}]},{\"@type\":\"WebSite\",\"@id\":\"https:\/\/gimeco.com\/#website\",\"url\":\"https:\/\/gimeco.com\/\",\"name\":\"gimeco.com\",\"description\":\"Your Partner from A to Zink\",\"publisher\":{\"@id\":\"https:\/\/gimeco.com\/#organization\"},\"alternateName\":\"Gimeco\",\"potentialAction\":[{\"@type\":\"SearchAction\",\"target\":{\"@type\":\"EntryPoint\",\"urlTemplate\":\"https:\/\/gimeco.com\/?s={search_term_string}\"},\"query-input\":{\"@type\":\"PropertyValueSpecification\",\"valueRequired\":true,\"valueName\":\"search_term_string\"}}],\"inLanguage\":\"fr-FR\"},{\"@type\":\"Organization\",\"@id\":\"https:\/\/gimeco.com\/#organization\",\"name\":\"Gimeco\",\"url\":\"https:\/\/gimeco.com\/\",\"logo\":{\"@type\":\"ImageObject\",\"inLanguage\":\"fr-FR\",\"@id\":\"https:\/\/gimeco.com\/#\/schema\/logo\/image\/\",\"url\":\"https:\/\/gimeco.com\/wp-content\/uploads\/2023\/11\/Logo_GIMECO_StringNoPayoff-250.png\",\"contentUrl\":\"https:\/\/gimeco.com\/wp-content\/uploads\/2023\/11\/Logo_GIMECO_StringNoPayoff-250.png\",\"width\":250,\"height\":98,\"caption\":\"Gimeco\"},\"image\":{\"@id\":\"https:\/\/gimeco.com\/#\/schema\/logo\/image\/\"},\"sameAs\":[\"https:\/\/www.facebook.com\/gimecogroup\"]}]}<\/script>\n<!-- \/ Yoast SEO plugin. -->","yoast_head_json":{"title":"Soci\u00e9t\u00e9 | GIMECO Impianti","description":"N\u00e9e \u00e0 Milan, dans le nord de l'Italie, nous concevons, construisons, installons et r\u00e9novons des usines de galvanisation \u00e0 chaud...","robots":{"index":"index","follow":"follow","max-snippet":"max-snippet:-1","max-image-preview":"max-image-preview:large","max-video-preview":"max-video-preview:-1"},"canonical":"https:\/\/gimeco.com\/fr\/societe\/","og_locale":"fr_FR","og_type":"article","og_title":"Soci\u00e9t\u00e9 | GIMECO Impianti","og_description":"N\u00e9e \u00e0 Milan, dans le nord de l'Italie, nous concevons, construisons, installons et r\u00e9novons des usines de galvanisation \u00e0 chaud...","og_url":"https:\/\/gimeco.com\/fr\/societe\/","og_site_name":"GIMECO Impianti","article_publisher":"https:\/\/www.facebook.com\/gimecogroup","article_modified_time":"2025-12-23T10:53:01+00:00","og_image":[{"url":"https:\/\/gimeco.com\/wp-content\/uploads\/2024\/01\/mappa-global-presence-sito-3.png","type":"","width":"","height":""}],"schema":{"@context":"https:\/\/schema.org","@graph":[{"@type":"WebPage","@id":"https:\/\/gimeco.com\/fr\/societe\/","url":"https:\/\/gimeco.com\/fr\/societe\/","name":"Soci\u00e9t\u00e9 | GIMECO Impianti","isPartOf":{"@id":"https:\/\/gimeco.com\/#website"},"primaryImageOfPage":{"@id":"https:\/\/gimeco.com\/fr\/societe\/#primaryimage"},"image":{"@id":"https:\/\/gimeco.com\/fr\/societe\/#primaryimage"},"thumbnailUrl":"https:\/\/gimeco.com\/wp-content\/uploads\/2024\/01\/mappa-global-presence-sito-3.png","datePublished":"2023-11-22T07:21:59+00:00","dateModified":"2025-12-23T10:53:01+00:00","description":"N\u00e9e \u00e0 Milan, dans le nord de l'Italie, nous concevons, construisons, installons et r\u00e9novons des usines de galvanisation \u00e0 chaud...","breadcrumb":{"@id":"https:\/\/gimeco.com\/fr\/societe\/#breadcrumb"},"inLanguage":"fr-FR","potentialAction":[{"@type":"ReadAction","target":["https:\/\/gimeco.com\/fr\/societe\/"]}]},{"@type":"ImageObject","inLanguage":"fr-FR","@id":"https:\/\/gimeco.com\/fr\/societe\/#primaryimage","url":"https:\/\/gimeco.com\/wp-content\/uploads\/2024\/01\/mappa-global-presence-sito-3.png","contentUrl":"https:\/\/gimeco.com\/wp-content\/uploads\/2024\/01\/mappa-global-presence-sito-3.png"},{"@type":"BreadcrumbList","@id":"https:\/\/gimeco.com\/fr\/societe\/#breadcrumb","itemListElement":[{"@type":"ListItem","position":1,"name":"Home","item":"https:\/\/gimeco.com\/fr\/"},{"@type":"ListItem","position":2,"name":"Soci\u00e9t\u00e9"}]},{"@type":"WebSite","@id":"https:\/\/gimeco.com\/#website","url":"https:\/\/gimeco.com\/","name":"gimeco.com","description":"Your Partner from A to Zink","publisher":{"@id":"https:\/\/gimeco.com\/#organization"},"alternateName":"Gimeco","potentialAction":[{"@type":"SearchAction","target":{"@type":"EntryPoint","urlTemplate":"https:\/\/gimeco.com\/?s={search_term_string}"},"query-input":{"@type":"PropertyValueSpecification","valueRequired":true,"valueName":"search_term_string"}}],"inLanguage":"fr-FR"},{"@type":"Organization","@id":"https:\/\/gimeco.com\/#organization","name":"Gimeco","url":"https:\/\/gimeco.com\/","logo":{"@type":"ImageObject","inLanguage":"fr-FR","@id":"https:\/\/gimeco.com\/#\/schema\/logo\/image\/","url":"https:\/\/gimeco.com\/wp-content\/uploads\/2023\/11\/Logo_GIMECO_StringNoPayoff-250.png","contentUrl":"https:\/\/gimeco.com\/wp-content\/uploads\/2023\/11\/Logo_GIMECO_StringNoPayoff-250.png","width":250,"height":98,"caption":"Gimeco"},"image":{"@id":"https:\/\/gimeco.com\/#\/schema\/logo\/image\/"},"sameAs":["https:\/\/www.facebook.com\/gimecogroup"]}]}},"_links":{"self":[{"href":"https:\/\/gimeco.com\/fr\/wp-json\/wp\/v2\/pages\/21380","targetHints":{"allow":["GET"]}}],"collection":[{"href":"https:\/\/gimeco.com\/fr\/wp-json\/wp\/v2\/pages"}],"about":[{"href":"https:\/\/gimeco.com\/fr\/wp-json\/wp\/v2\/types\/page"}],"author":[{"embeddable":true,"href":"https:\/\/gimeco.com\/fr\/wp-json\/wp\/v2\/users\/1"}],"replies":[{"embeddable":true,"href":"https:\/\/gimeco.com\/fr\/wp-json\/wp\/v2\/comments?post=21380"}],"version-history":[{"count":17,"href":"https:\/\/gimeco.com\/fr\/wp-json\/wp\/v2\/pages\/21380\/revisions"}],"predecessor-version":[{"id":25780,"href":"https:\/\/gimeco.com\/fr\/wp-json\/wp\/v2\/pages\/21380\/revisions\/25780"}],"wp:attachment":[{"href":"https:\/\/gimeco.com\/fr\/wp-json\/wp\/v2\/media?parent=21380"}],"curies":[{"name":"wp","href":"https:\/\/api.w.org\/{rel}","templated":true}]}}