{"id":21445,"date":"2023-10-16T12:59:45","date_gmt":"2023-10-16T12:59:45","guid":{"rendered":"https:\/\/gimeco.com\/furnaces\/"},"modified":"2025-10-29T15:40:35","modified_gmt":"2025-10-29T15:40:35","slug":"fours","status":"publish","type":"page","link":"https:\/\/gimeco.com\/fr\/fours\/","title":{"rendered":"Fours"},"content":{"rendered":"<div class=\"vgblk-rw-wrapper limit-wrapper\">\n<h2>\n\t<b>Au c\u0153ur <\/b>de l&rsquo;usine\n\t<\/h2>\n\t<p>Le four est le <strong>c\u0153ur battant<\/strong> de toute l&rsquo;usine de galvanisation, et il est crucial \u00e0 la fois pour maintenir le zinc fondu pr\u00eat \u00e0 l&#8217;emploi et pour les processus de pr\u00e9paration des mat\u00e9riaux, gr\u00e2ce \u00e0 la <strong>gestion et \u00e0 la r\u00e9cup\u00e9ration de la chaleur<\/strong>.<\/p>\n<p>La <strong>qualit\u00e9 de l&rsquo;ing\u00e9nierie<\/strong> mise en \u0153uvre dans cette partie critique du syst\u00e8me influence une s\u00e9rie de facteurs cl\u00e9s qui vont bien au-del\u00e0 de sa structure, tels que <strong>l&rsquo;efficacit\u00e9 \u00e9nerg\u00e9tique globale<\/strong> de l&rsquo;usine, la long\u00e9vit\u00e9 de la cuve de galvanisation, la <strong>qualit\u00e9 inh\u00e9rente du produit final<\/strong> et l&rsquo;\u00e9conomie <strong>globale de l&rsquo;usine<\/strong>. La chambre isol\u00e9e est assembl\u00e9e avec des mat\u00e9riaux s\u00e9lectionn\u00e9s avec pr\u00e9cision, et l&rsquo;unit\u00e9 thermique est con\u00e7ue avec une extr\u00eame pr\u00e9cision, ce qui garantit \u00e0 la fois la long\u00e9vit\u00e9 et une grande efficacit\u00e9.<\/p>\n<p>En effet, c&rsquo;est ici que convergent les solutions technologiques innovantes en termes d&rsquo;am\u00e9lioration de l&rsquo;efficacit\u00e9, <strong>d&rsquo;automatisation num\u00e9rique<\/strong> et d&rsquo;\u00e9conomies d&rsquo;\u00e9nergie, contribuant \u00e0 la <a href=\"https:\/\/gimeco.com\/fr\/durabilite\/\">durabilit\u00e9<\/a> en pr\u00e9servant une qualit\u00e9 sans compromis.<\/p>\n<p>Au fil du temps, GIMECO a franchi des <strong>\u00e9tapes r\u00e9volutionnaires<\/strong>, avec l&rsquo;introduction de la technologie dual-chamber\u2122, un four innovant qui repr\u00e9sente un saut g\u00e9n\u00e9rationnel dans la gestion de la combustion. De m\u00eame, les fours \u00e9lectriques et hybrides gaz-\u00e9lectricit\u00e9 ont \u00e9t\u00e9 introduits en r\u00e9ponse \u00e0 des besoins sp\u00e9cifiques en mati\u00e8re de <strong>politiques \u00e9nerg\u00e9tiques et environnementales<\/strong>; dans ce cas, GIMECO a \u00e9t\u00e9 parmi les premi\u00e8res entreprises \u00e0 introduire des fours \u00e9lectriques op\u00e9rationnels dans l&rsquo;industrie de la galvanisation \u00e0 chaud depuis le d\u00e9but des ann\u00e9es 2000.<\/p>\n<h4>\n\tS\u00e9lectionnez nos chaudi\u00e8res\n\t<\/h4>\n\t<a href=\"https:\/\/gimeco.com\/fr\/fours\/#1\" target=\"_self\" role=\"button\">\n\t\t\t\t\tHaute v\u00e9locit\u00e9 et<br \/>Flamme plate\n\t<\/a>\n\t<a href=\"https:\/\/gimeco.com\/fr\/fours\/#3\" target=\"_self\" role=\"button\">\n\t\t\t\t\tHybride et \u00c9lectrique\n\t<\/a>\n\t<a href=\"https:\/\/gimeco.com\/fr\/fours\/#6\" target=\"_self\" role=\"button\">\n\t\t\t\t\tHaute temp\u00e9rature\n\t<\/a>\n<h5>\n\tCLASSIQUE\n\t<\/h5>\n<h3>\n\t<strong>Dual-chamber\u2122 \u00e0 haute v\u00e9locit\u00e9<\/strong>\n\t<\/h3>\n\t<h3>Comme deux fours en un<\/h3>\n<p>L&rsquo;exp\u00e9rience accumul\u00e9e au fil des ans dans les technologies de chauffage et une attitude naturelle \u00e0 l&rsquo;\u00e9gard de l&rsquo;inn ovation ont conduit GIMECO \u00e0 introduire un four capable de d\u00e9passer les limites du four standard \u00e0 haute v\u00e9locit\u00e9.<\/p>\n\t\t\tPoints forts\n\t\t<p><strong>Conception \u00e0 double chambre<br \/><\/strong>Original de GIMECO, c&rsquo;est comme si vous aviez deux fours ind\u00e9pendants pour chaque cuve.<strong>Fond plus froid<br \/><\/strong>Ce four assure une diff\u00e9rence de temp\u00e9rature sensible entre la partie inf\u00e9rieure et la partie sup\u00e9rieure du bain de zinc. Ceci est reconnu comme un facteur positif pour garder les crasses s\u00e9par\u00e9es du reste du zinc et r\u00e9duire drastiquement leur circulation dans le bain \u00e0 cause de la convection thermique.<strong>Commutation des br\u00fbleurs<br \/><\/strong>Permet d&rsquo;inverser p\u00e9riodiquement les br\u00fbleurs afin d&rsquo;uniformiser autant que possible la pression exerc\u00e9e sur la bouilloire.<strong>Double contr\u00f4le de la temp\u00e9rature<br \/><\/strong>Chaque chambre a son propre contr\u00f4le PID.<strong>Interface \u00e0 \u00e9cran tactile<br \/><\/strong>Contr\u00f4le du delta de temp\u00e9rature &#8211; Algorithme adaptatif et pr\u00e9dictif &#8211; Journal des alarmes &#8211; D\u00e9pannage \u00e0 distance.<strong>R\u00e9cup\u00e9ration de chaleur<\/strong><strong>Delta de temp\u00e9rature<br \/><\/strong>Les temp\u00e9ratures de la chambre haute et de la chambre basse sont maintenues \u00e0 un degr\u00e9 de s\u00e9paration bon et constant, ce qui permet d&rsquo;obtenir un fond plus froid. La diff\u00e9rence entre le bain de zinc haut et le bain de zinc bas peut atteindre plus de 15\u00b0C <em>(59\u00b0F).<\/em><strong>R\u00e9glage du delta de temp\u00e9rature<br \/><\/strong>Gr\u00e2ce \u00e0 des mesures s\u00e9par\u00e9es, le galvanisateur peut ajuster et maintenir le gradient de temp\u00e9rature souhait\u00e9 entre la partie sup\u00e9rieure et la partie inf\u00e9rieure de la marmite.<strong>Installation facile<br \/><\/strong>En cas de remplacement du four actuel, un four dual-chamber\u2122 \u00e0 haute v\u00e9locit\u00e9 peut \u00eatre install\u00e9 facilement \u00e0 la place d&rsquo;un four traditionnel standard si l&rsquo;espace entre l&rsquo;ancien four et le c\u00f4t\u00e9 du mur est de 30cm <em>(12&Prime;).<\/em><strong>Modernis\u00e9<br \/><\/strong>Nouveau positionnement des br\u00fbleurs &#8211; Nouvel algorithme de br\u00fbleur puls\u00e9 &#8211; Nouvelle voie d&rsquo;\u00e9vacuation des gaz de combustion.<\/p>\n\t\t\tAvantages\n\t\t<p><strong>Am\u00e9lioration de la qualit\u00e9 du produit fini<br \/><\/strong>GIMECO a chang\u00e9 de paradigme en se concentrant non plus sur la technologie du four, mais sur le produit final le plus souhaitable. C&rsquo;est la premi\u00e8re fois qu&rsquo;un four est con\u00e7u en fonction du produit fini plut\u00f4t qu&rsquo;en fonction de ses propres performances, m\u00eame s&rsquo;il fait preuve d&rsquo;une grande efficacit\u00e9. Le principe du fond plus froid permet de mieux s\u00e9parer les crasses du reste du zinc. D&rsquo;apr\u00e8s une enqu\u00eate men\u00e9e aupr\u00e8s de galvanisateurs, les crasses flottantes sont r\u00e9duites d&rsquo;environ 50%, ce qui permet de r\u00e9duire de moiti\u00e9 le nombre de rebuts sur les produits finis.<strong>\u00c9conomie d&rsquo;\u00e9nergie<br \/><\/strong>Gr\u00e2ce au concept \u00e0 double chambre, vous n&rsquo;avez acc\u00e8s \u00e0 l&rsquo;\u00e9nergie que lorsque vous en avez besoin. Notre algorithme r\u00e9agit \u00e0 la demande d&rsquo;\u00e9nergie en adaptant les s\u00e9quences de cuisson entre les deux chambres s\u00e9par\u00e9es, vous donnant juste ce dont vous avez besoin, \u00e0 chaque fois. Selon une \u00e9tude r\u00e9alis\u00e9e aupr\u00e8s de galvanisateurs, les \u00e9conomies r\u00e9alis\u00e9es sont de l&rsquo;ordre de 15% par rapport aux fours traditionnels \u00e0 grande v\u00e9locit\u00e9.<strong>Interface convivial<\/strong><strong>Moins de corrosion de la cuve<\/strong><\/p>\n\t\t\tCorrosion de la cuve\n\t\t<p>Les fours dual-chamber\u2122 \u00e0 haute v\u00e9locit\u00e9 g\u00e9n\u00e8rent des contraintes localis\u00e9es sur des zones sp\u00e9cifiques de la cuve. Cependant, la conception \u00e0 double chambre et l&rsquo;installation de solutions appropri\u00e9es permettent une corrosion significativement r\u00e9duite par rapport aux fours \u00e0 haute v\u00e9locit\u00e9 traditionnels.<br \/>Les fours dual-chamber\u2122 incluent \u00e9galement la possibilit\u00e9 pour les br\u00fbleurs d&rsquo;\u00eatre p\u00e9riodiquement invers\u00e9s, dans le but d&rsquo;obtenir une distribution plus homog\u00e8ne des contraintes sur la surface de la cuve et ainsi prolonger sa dur\u00e9e de vie.<\/p>\n\t\t\t\t\t\t\t<img decoding=\"async\" src=\"https:\/\/gimeco.com\/wp-content\/plugins\/beaver-builder-lite-version\/img\/pixel.png\" alt=\"\" itemprop=\"image\" onerror=\"this.style.display='none'\"  \/>\n<h5>\n\tCLASSIQUE\n\t<\/h5>\n<h3>\n\t<strong> Flamme plate<\/strong>\n\t<\/h3>\n\t<h3>Pour des demandes de production \u00e9lev\u00e9es<\/h3>\n\t\t\tPoints forts\n\t\t<ul><li>Chauffage par rayonnement<\/li><li>Uniquement du combustible gazeux<\/li><li>Ajustement difficile des br\u00fbleurs<\/li><li>Pas de contr\u00f4le sur le gradient de temp\u00e9rature<\/li><li>Pas de s\u00e9paration de la chambre de combustion<\/li><\/ul>\n\t\t\tAvantages\n\t\t<ul><li>Permet d&rsquo;installer une puissance plus importante si n\u00e9cessaire<em> (plus d&rsquo;espace sur les c\u00f4t\u00e9s longs du four)<\/em><\/li><li>Convient aux exigences de productivit\u00e9 \u00e9lev\u00e9e<\/li><\/ul>\n\t\t\tCorrosion de la cuve\n\t\t<p>Les fours \u00e0 flamme plate produisent du stress sur la cuve en fonction de la position des br\u00fbleurs, ce qui entra\u00eene un motif de corrosion en forme de taches le long des parois de la cuve.<\/p>\n\t\t\t\t\t\t\t<img decoding=\"async\" src=\"https:\/\/gimeco.com\/wp-content\/plugins\/beaver-builder-lite-version\/img\/pixel.png\" alt=\"\" itemprop=\"image\" onerror=\"this.style.display='none'\"  \/>\n<h5>\n\t\u00c9MISSIONS FAIBLES\n\t<\/h5>\n<h3>\n\t<strong>Hybride<\/strong> dual-chamber\u2122\n\t<\/h3>\n\t<h3>Durabilit\u00e9 par la flexibilit\u00e9<\/h3>\n<p>La polyvalence du four dual-chamber\u2122\u00a0s&rsquo;associe \u00e0 la flexibilit\u00e9 et \u00e0 la viabilit\u00e9 du four \u00e9lectrique<\/p>\n\t\t\tPoints forts\n\t\t<ul><li>Syst\u00e8me gaz-\u00e9lectrique optimis\u00e9<\/li><li>Ex\u00e9cutions hybride-l\u00e9g\u00e8re ou hybrid-compl\u00e8te<\/li><li>Alimentation \u00e9lectrique <em>(ou gaz)<\/em> en tant que source de secours <em>(en cas d&rsquo;inactivit\u00e9)<\/em> ou pleine puissance<\/li><li>Mode de secours pour les quarts de nuit ou les week-ends<\/li><li>Redondance des r\u00e9sistances de chauffage pour r\u00e9duire le stress sur l&rsquo;\u00e9quipement<\/li><li>Adapt\u00e9 aux \u00e9nergies renouvelables <em>(photovolta\u00efque ou \u00e9olienne)<\/em><\/li><\/ul>\n\t\t\tAvantages\n\t\t<ul><li>Grande flexibilit\u00e9 du syst\u00e8me *<\/li><li>Consommation de gaz r\u00e9duite *<\/li><li>Moindre stress sur la cuve *<\/li><li>\u00c9conomies d&rsquo;\u00e9nergie *<\/li><li>Moins d&rsquo;\u00e9missions *<\/li><li>R\u00e9duction des \u00e9missions de CO<sub>2<\/sub> *<\/li><\/ul><p>(*) par rapport aux fours traditionnels \u00e0 gaz<br \/><\/p>\n\t\t\tCorrosion de la cuve\n\t\t<p>Les fours hybrides gaz-\u00e9lectrique produisent un stress sur la cuve qui est typique du mode de fonctionnement pour lequel ils sont principalement utilis\u00e9s : un stress plus important sur les coins si l&rsquo;op\u00e9ration est principalement bas\u00e9e sur le gaz, uniforme et doux si l&rsquo;op\u00e9ration est principalement \u00e9lectrique.<br \/>Cependant, dans les deux cas, la corrosion de la cuve due aux fours hybrides est att\u00e9nu\u00e9e.<\/p>\n\t\t\t\t\t\t\t<img decoding=\"async\" src=\"https:\/\/gimeco.com\/wp-content\/plugins\/beaver-builder-lite-version\/img\/pixel.png\" alt=\"\" itemprop=\"image\" onerror=\"this.style.display='none'\"  \/>\n<h5>\n\tZ\u00c9RO \u00c9MISSIONS\n\t<\/h5>\n<h3>\n\t<strong>\u00c9lectrique<\/strong> avec r\u00e9sistances en panneau\n\t<\/h3>\n\t<h3>Qualit\u00e9 du produit, sans CO<sub>2<\/sub><\/h3>\n\t\t\tPoints forts\n\t\t<ul><li>Stratification de temp\u00e9rature contr\u00f4lable du bain<\/li><li>Redondance des r\u00e9sistances chauffantes pour r\u00e9duire le stress sur l&rsquo;\u00e9quipement<\/li><li>Temp\u00e9rature de chambre inf\u00e9rieure et stable *<\/li><li>Adapt\u00e9 aux \u00e9nergies renouvelables <em>(photovolta\u00efque ou \u00e9olienne)<\/em><\/li><\/ul><p>(*) compar\u00e9 aux fours traditionnels \u00e0 gaz<br \/><\/p>\n\t\t\tAvantages\n\t\t<ul><li>Installation globale plus simple *<\/li><li>Moins de puissance install\u00e9e <em>(jusqu&rsquo;\u00e0 -30%) *<\/em><\/li><li>Consommation d&rsquo;\u00e9nergie beaucoup plus faible<em> (-35\/40%) *<\/em><\/li><li>Faible stress sur la cuve <em>(augmentation significative de la dur\u00e9e de vie de la cuve) *<\/em><\/li><li>Peu d&rsquo;entretien<\/li><li>Aucune \u00e9mission locale de CO<sub>2 <\/sub>*<\/li><li>Aucun rejet de gaz *<\/li><li>Aucune poussi\u00e8re, aucun bruit *<\/li><\/ul><p>(*) compar\u00e9 aux fours traditionnels \u00e0 gaz<br \/><\/p>\n\t\t\tCorrosion de la cuve\n\t\t<p>Les fours \u00e9lectriques produisent un stress moindre sur la cuve avec un motif de corrosion uniforme et stratifi\u00e9. Cela permet de prolonger consid\u00e9rablement la dur\u00e9e de vie de la cuve, avec une diminution de l&rsquo;\u00e9paisseur de paroi de la cuve de moins de 2 mm <em>(0.07&Prime;)<\/em> par an en moyenne.<\/p>\n<h5>\n\tZ\u00c9RO \u00c9MISSIONS &#8211; HAUTE TEMP\u00c9RATURE\n\t<\/h5>\n<h3>\n\t<strong>Cuves \u00e9lectriques <\/strong> haute temp\u00e9rature\n\t<\/h3>\n\t<h3>Pas de CO<sub>2<\/sub>, haute temp\u00e9rature<\/h3>\n\t\t\tPoints forts\n\t\t<ul><li data-start=\"1568\" data-end=\"1675\">Haute temp\u00e9rature jusqu&rsquo;\u00e0 550\u00b0C <em>(1022\u00b0F)<\/em>, id\u00e9ale pour le traitement des aciers \u00e0 haute teneur en silicium<\/li><li data-start=\"1568\" data-end=\"1675\">\u00c9l\u00e9ments chauffants c\u00e9ramiques immerg\u00e9s de haute qualit\u00e9<\/li><li data-start=\"1568\" data-end=\"1675\">Meilleure r\u00e9sistance aux chocs thermiques<\/li><li data-start=\"1568\" data-end=\"1675\">Redondance des \u00e9l\u00e9ments chauffants pour r\u00e9duire les contraintes sur l&rsquo;\u00e9quipement<\/li><li data-start=\"1568\" data-end=\"1675\">Thermocouples de type K facilement rempla\u00e7ables<\/li><li data-start=\"1568\" data-end=\"1675\">Temp\u00e9rature de chambre plus basse, uniforme et stable *<\/li><li data-start=\"1568\" data-end=\"1675\">Adapt\u00e9 aux \u00e9nergies renouvelables <em>(photovolta\u00efque ou \u00e9olienne)<\/em><\/li><\/ul><p>(*) compar\u00e9 aux fours traditionnels \u00e0 gaz<br \/><\/p>\n\t\t\tAvantages\n\t\t<ul><li>Moins de puissance install\u00e9e <em>(jusqu&rsquo;\u00e0 -30%)<\/em> *<\/li><li>Consommation d&rsquo;\u00e9nergie beaucoup plus faible <em>(-35\/40%)<\/em> *<\/li><li>Tr\u00e8s haute efficacit\u00e9 des \u00e9l\u00e9ments chauffants <em>(faible dispersion de chaleur)<\/em><\/li><li>Peu d&rsquo;entretien<\/li><li>Aucune \u00e9mission locale de CO<sub>2<\/sub> *<\/li><li>Aucun rejet de gaz *<\/li><li>Pas de poussi\u00e8re, pas de bruit *<\/li><\/ul><p>(*) compar\u00e9 aux fours traditionnels \u00e0 gaz<br \/><\/p>\n<h5>\n\tHAUTE TEMP\u00c9RATURE\n\t<\/h5>\n<h3>\n\t<strong>Coupole de chauffage<\/strong>\n\t<\/h3>\n\t<h3>Longue dur\u00e9e, pour des utilisations sp\u00e9cifiques<\/h3>\n\t\t\tPoints forts\n\t\t<ul><li>Temp\u00e9rature \u00e9lev\u00e9e de 520\u00b0C <em>(968\u00b0F)<\/em><\/li><li>Cuve en c\u00e9ramique de longue dur\u00e9e<em> (pas de cuve en acier)<\/em><\/li><li>Mise en service prudente n\u00e9cessaire<\/li><\/ul>\n\t\t\tAvantages\n\t\t<ul><li>Id\u00e9al pour baigner des profils particuliers<\/li><li>Tr\u00e8s faible maintenance<\/li><\/ul>\n<h5>\n\tHaute temp\u00e9rature\n\t<\/h5>\n<h3>\n\t<b>Tubes rayonnants immerg\u00e9s<\/b>\n\t<\/h3>\n\t<h3>Id\u00e9al pour galvaniser les aciers de haute teneur en silicium<\/h3>\n\t\t\tPoints forts\n\t\t<ul><li>Haute temp\u00e9rature jusqu&rsquo;\u00e0 530\u00b0C<em> (986\u00b0F)<\/em><\/li><li>Pr\u00e9chauffage efficace<\/li><li>Br\u00fbleurs \u00e0 tube radiant auto-r\u00e9cup\u00e9rateurs immerg\u00e9s en carbure de silicium <em>(SiC)<\/em><\/li><li>Cuve en mat\u00e9riau r\u00e9fractaire durable<em> (pas de cuve en acier)<\/em><\/li><\/ul>\n\t\t\tAvantages\n\t\t<ul><li>Id\u00e9al pour le traitement des aciers \u00e0 haute teneur en silicium<\/li><li>Haute efficacit\u00e9<\/li><li>Faible consommation de zinc gr\u00e2ce \u00e0 une taille de cuve r\u00e9duite<\/li><li>Tr\u00e8s faible maintenance<\/li><\/ul>\n<h3>\n\tLogiciel de supervision et de<br \/><b>gestion intelligent des fours<\/b>\n\t<\/h3>\n\t<a href=\"https:\/\/gimeco.com\/fr\/logiciel\/#4\" target=\"_self\" role=\"button\">\n\t\t\t\t\tEn savoir <b>plus<\/b>\n\t<\/a>\n\n<\/div><!-- .vgblk-rw-wrapper -->","protected":false},"excerpt":{"rendered":"<p>Au c\u0153ur de l&rsquo;usine Le four est le c\u0153ur battant de toute l&rsquo;usine de galvanisation, et il est crucial \u00e0 la fois pour maintenir le zinc fondu pr\u00eat \u00e0 l&#8217;emploi et pour les processus de pr\u00e9paration des mat\u00e9riaux, gr\u00e2ce \u00e0 la gestion et \u00e0 la r\u00e9cup\u00e9ration de la chaleur. La qualit\u00e9 de l&rsquo;ing\u00e9nierie mise en&#8230;<\/p>\n","protected":false},"author":1,"featured_media":0,"parent":0,"menu_order":0,"comment_status":"closed","ping_status":"closed","template":"","meta":{"inline_featured_image":false,"footnotes":""},"class_list":["post-21445","page","type-page","status-publish","hentry"],"yoast_head":"<!-- This site is optimized with the Yoast SEO plugin v26.4 - https:\/\/yoast.com\/wordpress\/plugins\/seo\/ -->\n<title>Fours | GIMECO Impianti<\/title>\n<meta name=\"description\" content=\"Le four est le c\u0153ur battant de l&#039;ensemble de l&#039;usine de galvanisation. Il est essentiel pour maintenir le zinc fondu...\" \/>\n<meta name=\"robots\" content=\"index, follow, max-snippet:-1, max-image-preview:large, max-video-preview:-1\" \/>\n<link rel=\"canonical\" href=\"https:\/\/gimeco.com\/fr\/fours\/\" \/>\n<meta property=\"og:locale\" content=\"fr_FR\" \/>\n<meta property=\"og:type\" content=\"article\" \/>\n<meta property=\"og:title\" content=\"Fours | GIMECO Impianti\" \/>\n<meta property=\"og:description\" content=\"Le four est le c\u0153ur battant de l&#039;ensemble de l&#039;usine de galvanisation. Il est essentiel pour maintenir le zinc fondu...\" \/>\n<meta property=\"og:url\" content=\"https:\/\/gimeco.com\/fr\/fours\/\" \/>\n<meta property=\"og:site_name\" content=\"GIMECO Impianti\" \/>\n<meta property=\"article:publisher\" content=\"https:\/\/www.facebook.com\/gimecogroup\" \/>\n<meta property=\"article:modified_time\" content=\"2025-10-29T15:40:35+00:00\" \/>\n<meta property=\"og:image\" content=\"https:\/\/gimeco.com\/wp-content\/plugins\/beaver-builder-lite-version\/img\/pixel.png\" \/>\n<script type=\"application\/ld+json\" class=\"yoast-schema-graph\">{\"@context\":\"https:\/\/schema.org\",\"@graph\":[{\"@type\":\"WebPage\",\"@id\":\"https:\/\/gimeco.com\/fr\/fours\/\",\"url\":\"https:\/\/gimeco.com\/fr\/fours\/\",\"name\":\"Fours | GIMECO Impianti\",\"isPartOf\":{\"@id\":\"https:\/\/gimeco.com\/#website\"},\"primaryImageOfPage\":{\"@id\":\"https:\/\/gimeco.com\/fr\/fours\/#primaryimage\"},\"image\":{\"@id\":\"https:\/\/gimeco.com\/fr\/fours\/#primaryimage\"},\"thumbnailUrl\":\"https:\/\/gimeco.com\/wp-content\/plugins\/beaver-builder-lite-version\/img\/pixel.png\",\"datePublished\":\"2023-10-16T12:59:45+00:00\",\"dateModified\":\"2025-10-29T15:40:35+00:00\",\"description\":\"Le four est le c\u0153ur battant de l'ensemble de l'usine de galvanisation. Il est essentiel pour maintenir le zinc fondu...\",\"breadcrumb\":{\"@id\":\"https:\/\/gimeco.com\/fr\/fours\/#breadcrumb\"},\"inLanguage\":\"fr-FR\",\"potentialAction\":[{\"@type\":\"ReadAction\",\"target\":[\"https:\/\/gimeco.com\/fr\/fours\/\"]}]},{\"@type\":\"ImageObject\",\"inLanguage\":\"fr-FR\",\"@id\":\"https:\/\/gimeco.com\/fr\/fours\/#primaryimage\",\"url\":\"https:\/\/gimeco.com\/wp-content\/plugins\/beaver-builder-lite-version\/img\/pixel.png\",\"contentUrl\":\"https:\/\/gimeco.com\/wp-content\/plugins\/beaver-builder-lite-version\/img\/pixel.png\"},{\"@type\":\"BreadcrumbList\",\"@id\":\"https:\/\/gimeco.com\/fr\/fours\/#breadcrumb\",\"itemListElement\":[{\"@type\":\"ListItem\",\"position\":1,\"name\":\"Home\",\"item\":\"https:\/\/gimeco.com\/fr\/\"},{\"@type\":\"ListItem\",\"position\":2,\"name\":\"Fours\"}]},{\"@type\":\"WebSite\",\"@id\":\"https:\/\/gimeco.com\/#website\",\"url\":\"https:\/\/gimeco.com\/\",\"name\":\"gimeco.com\",\"description\":\"Your Partner from A to Zink\",\"publisher\":{\"@id\":\"https:\/\/gimeco.com\/#organization\"},\"alternateName\":\"Gimeco\",\"potentialAction\":[{\"@type\":\"SearchAction\",\"target\":{\"@type\":\"EntryPoint\",\"urlTemplate\":\"https:\/\/gimeco.com\/?s={search_term_string}\"},\"query-input\":{\"@type\":\"PropertyValueSpecification\",\"valueRequired\":true,\"valueName\":\"search_term_string\"}}],\"inLanguage\":\"fr-FR\"},{\"@type\":\"Organization\",\"@id\":\"https:\/\/gimeco.com\/#organization\",\"name\":\"Gimeco\",\"url\":\"https:\/\/gimeco.com\/\",\"logo\":{\"@type\":\"ImageObject\",\"inLanguage\":\"fr-FR\",\"@id\":\"https:\/\/gimeco.com\/#\/schema\/logo\/image\/\",\"url\":\"https:\/\/gimeco.com\/wp-content\/uploads\/2023\/11\/Logo_GIMECO_StringNoPayoff-250.png\",\"contentUrl\":\"https:\/\/gimeco.com\/wp-content\/uploads\/2023\/11\/Logo_GIMECO_StringNoPayoff-250.png\",\"width\":250,\"height\":98,\"caption\":\"Gimeco\"},\"image\":{\"@id\":\"https:\/\/gimeco.com\/#\/schema\/logo\/image\/\"},\"sameAs\":[\"https:\/\/www.facebook.com\/gimecogroup\"]}]}<\/script>\n<!-- \/ Yoast SEO plugin. -->","yoast_head_json":{"title":"Fours | GIMECO Impianti","description":"Le four est le c\u0153ur battant de l'ensemble de l'usine de galvanisation. Il est essentiel pour maintenir le zinc fondu...","robots":{"index":"index","follow":"follow","max-snippet":"max-snippet:-1","max-image-preview":"max-image-preview:large","max-video-preview":"max-video-preview:-1"},"canonical":"https:\/\/gimeco.com\/fr\/fours\/","og_locale":"fr_FR","og_type":"article","og_title":"Fours | GIMECO Impianti","og_description":"Le four est le c\u0153ur battant de l'ensemble de l'usine de galvanisation. Il est essentiel pour maintenir le zinc fondu...","og_url":"https:\/\/gimeco.com\/fr\/fours\/","og_site_name":"GIMECO Impianti","article_publisher":"https:\/\/www.facebook.com\/gimecogroup","article_modified_time":"2025-10-29T15:40:35+00:00","og_image":[{"url":"https:\/\/gimeco.com\/wp-content\/plugins\/beaver-builder-lite-version\/img\/pixel.png","type":"","width":"","height":""}],"schema":{"@context":"https:\/\/schema.org","@graph":[{"@type":"WebPage","@id":"https:\/\/gimeco.com\/fr\/fours\/","url":"https:\/\/gimeco.com\/fr\/fours\/","name":"Fours | GIMECO Impianti","isPartOf":{"@id":"https:\/\/gimeco.com\/#website"},"primaryImageOfPage":{"@id":"https:\/\/gimeco.com\/fr\/fours\/#primaryimage"},"image":{"@id":"https:\/\/gimeco.com\/fr\/fours\/#primaryimage"},"thumbnailUrl":"https:\/\/gimeco.com\/wp-content\/plugins\/beaver-builder-lite-version\/img\/pixel.png","datePublished":"2023-10-16T12:59:45+00:00","dateModified":"2025-10-29T15:40:35+00:00","description":"Le four est le c\u0153ur battant de l'ensemble de l'usine de galvanisation. Il est essentiel pour maintenir le zinc fondu...","breadcrumb":{"@id":"https:\/\/gimeco.com\/fr\/fours\/#breadcrumb"},"inLanguage":"fr-FR","potentialAction":[{"@type":"ReadAction","target":["https:\/\/gimeco.com\/fr\/fours\/"]}]},{"@type":"ImageObject","inLanguage":"fr-FR","@id":"https:\/\/gimeco.com\/fr\/fours\/#primaryimage","url":"https:\/\/gimeco.com\/wp-content\/plugins\/beaver-builder-lite-version\/img\/pixel.png","contentUrl":"https:\/\/gimeco.com\/wp-content\/plugins\/beaver-builder-lite-version\/img\/pixel.png"},{"@type":"BreadcrumbList","@id":"https:\/\/gimeco.com\/fr\/fours\/#breadcrumb","itemListElement":[{"@type":"ListItem","position":1,"name":"Home","item":"https:\/\/gimeco.com\/fr\/"},{"@type":"ListItem","position":2,"name":"Fours"}]},{"@type":"WebSite","@id":"https:\/\/gimeco.com\/#website","url":"https:\/\/gimeco.com\/","name":"gimeco.com","description":"Your Partner from A to Zink","publisher":{"@id":"https:\/\/gimeco.com\/#organization"},"alternateName":"Gimeco","potentialAction":[{"@type":"SearchAction","target":{"@type":"EntryPoint","urlTemplate":"https:\/\/gimeco.com\/?s={search_term_string}"},"query-input":{"@type":"PropertyValueSpecification","valueRequired":true,"valueName":"search_term_string"}}],"inLanguage":"fr-FR"},{"@type":"Organization","@id":"https:\/\/gimeco.com\/#organization","name":"Gimeco","url":"https:\/\/gimeco.com\/","logo":{"@type":"ImageObject","inLanguage":"fr-FR","@id":"https:\/\/gimeco.com\/#\/schema\/logo\/image\/","url":"https:\/\/gimeco.com\/wp-content\/uploads\/2023\/11\/Logo_GIMECO_StringNoPayoff-250.png","contentUrl":"https:\/\/gimeco.com\/wp-content\/uploads\/2023\/11\/Logo_GIMECO_StringNoPayoff-250.png","width":250,"height":98,"caption":"Gimeco"},"image":{"@id":"https:\/\/gimeco.com\/#\/schema\/logo\/image\/"},"sameAs":["https:\/\/www.facebook.com\/gimecogroup"]}]}},"_links":{"self":[{"href":"https:\/\/gimeco.com\/fr\/wp-json\/wp\/v2\/pages\/21445","targetHints":{"allow":["GET"]}}],"collection":[{"href":"https:\/\/gimeco.com\/fr\/wp-json\/wp\/v2\/pages"}],"about":[{"href":"https:\/\/gimeco.com\/fr\/wp-json\/wp\/v2\/types\/page"}],"author":[{"embeddable":true,"href":"https:\/\/gimeco.com\/fr\/wp-json\/wp\/v2\/users\/1"}],"replies":[{"embeddable":true,"href":"https:\/\/gimeco.com\/fr\/wp-json\/wp\/v2\/comments?post=21445"}],"version-history":[{"count":16,"href":"https:\/\/gimeco.com\/fr\/wp-json\/wp\/v2\/pages\/21445\/revisions"}],"predecessor-version":[{"id":25685,"href":"https:\/\/gimeco.com\/fr\/wp-json\/wp\/v2\/pages\/21445\/revisions\/25685"}],"wp:attachment":[{"href":"https:\/\/gimeco.com\/fr\/wp-json\/wp\/v2\/media?parent=21445"}],"curies":[{"name":"wp","href":"https:\/\/api.w.org\/{rel}","templated":true}]}}