{"id":21447,"date":"2023-09-19T12:52:43","date_gmt":"2023-09-19T12:52:43","guid":{"rendered":"https:\/\/gimeco.com\/dryers\/"},"modified":"2024-06-03T12:01:00","modified_gmt":"2024-06-03T12:01:00","slug":"sechoirs","status":"publish","type":"page","link":"https:\/\/gimeco.com\/fr\/sechoirs\/","title":{"rendered":"S\u00e9choirs"},"content":{"rendered":"<div class=\"vgblk-rw-wrapper limit-wrapper\">\r\n\r\n\tLe s\u00e9choir, \u00e9galement appel\u00e9 four de pr\u00e9chauffage, est une \u00e9tape cruciale du processus de galvanisation des pi\u00e8ces m\u00e9talliques.<br \/>\r\nAvant l&rsquo;immersion dans les bains de zinc, cette phase consiste \u00e0 <strong>s\u00e9cher et \u00e0 pr\u00e9chauffer le mat\u00e9riau<\/strong> \u00e0 une temp\u00e9rature comprise entre 60 et 80\u00b0C <em>(140 et 176\u00b0F).<\/em><br \/>\r\nSa fonction principale est de <strong>pr\u00e9parer les pi\u00e8ces<\/strong>, en r\u00e9duisant les \u00e9claboussures et les \u00e9jections lors de la descente dans le bain de zinc, <strong>minimisant ainsi le choc thermique et la charge de travail des fours.<\/strong>\r\n<p>La <strong>technologie infrarouge<\/strong>, introduite par GIMECO, repr\u00e9sente une contribution significative \u00e0 la rationalisation des op\u00e9rations de s\u00e9chage.<\/p>\r\n<p>Les principaux types de s\u00e9cheurs sont con\u00e7us sur mesure en fonction des exigences et des sp\u00e9cifications de l&rsquo;usine. Les s\u00e9cheurs peuvent \u00eatre <strong>statiques<\/strong> ou <strong>dynamiques<\/strong>, le premier \u00e9tant traditionnel et courant, tandis que le second est plus flexible en cas de dimensions diff\u00e9rentes de l&rsquo;enveloppe.<\/p>\r\n<p>En r\u00e9sum\u00e9, le <strong>s\u00e9choir est essentiel pour pr\u00e9parer les pi\u00e8ces<\/strong> avant de proc\u00e9der au trempage, garantissant ainsi un produit fini de haute qualit\u00e9.<\/p>\r\n<h3>\r\n\t<b>Chauffage direct<\/b>\r\n\t<\/h3>\r\n\t<ul>\r\n<li>Conception et mise en service simplifi\u00e9es<\/li>\r\n<li>Id\u00e9al dans les espaces restreints<\/li>\r\n<li>Convient aux petits budgets<\/li>\r\n<li>\u00c9conomiseur de chaleur facilement installable dans une deuxi\u00e8me phase<\/li>\r\n<li>Ventilateurs de grande capacit\u00e9<\/li>\r\n<li>Combustible gazeux uniquement<\/li>\r\n<li>Transfert d&rsquo;eau \u00e0 l&rsquo;int\u00e9rieur du s\u00e9choir<\/li>\r\n<li>Inertie \u00e0 haute temp\u00e9rature<\/li>\r\n<\/ul>\r\n<h3>\r\n\t<b>Chauffage indirect<\/b><br \/>technologie infrarouge\r\n\t<\/h3>\r\n\t<ul>\r\n<li>Pas de contamination de l&rsquo;eau ou d&rsquo;autres mat\u00e9riaux<\/li>\r\n<li>D\u00e9bit de recirculation \u00e9lev\u00e9<\/li>\r\n<li>Rendement \u00e9lev\u00e9<\/li>\r\n<li>Contribution de l&rsquo;infrarouge au pr\u00e9chauffage<\/li>\r\n<li>Peut fonctionner avec notre \u00e9conomiseur, optimisant l&rsquo;ensemble de la r\u00e9cup\u00e9ration de chaleur<\/li>\r\n<li>Le syst\u00e8me isol\u00e9 garantit un environnement exempt de toute contamination<\/li>\r\n<\/ul>\r\n<h3>\r\n\t<b>Chauffage indirect<\/b><br \/> huile thermique\r\n\t<\/h3>\r\n\t<ul>\r\n<li>Pas de contamination par l&rsquo;eau ou d&rsquo;autres mati\u00e8res<\/li>\r\n<li>D\u00e9bit de recirculation \u00e9lev\u00e9<\/li>\r\n<li>Rendement plus \u00e9lev\u00e9<\/li>\r\n<li>Huile thermique<\/li>\r\n<li>Peut fonctionner avec notre \u00e9conomiseur, optimisant l&rsquo;ensemble de la r\u00e9cup\u00e9ration de chaleur<\/li>\r\n<li>Le syst\u00e8me isol\u00e9 prot\u00e8ge l&rsquo;environnement de toute contamination<\/li>\r\n<\/ul>\r\n<h3>\r\n\tEx\u00e9cutions <b>constructives<\/b>\r\n\t<\/h3>\r\n\t<p>Construits dans des murs en b\u00e9ton ou en acier, les s\u00e9choirs en fosse sont \u00e9quip\u00e9s de couvercles roulants. Les mat\u00e9riaux sont manutentionn\u00e9s par des grues ou des convoyeurs \u00e0 cha\u00eene.<\/p>\r\n\t<p>Install\u00e9 dans des usines hautement automatis\u00e9es, il garantit une plus grande efficacit\u00e9 et moins de pertes de chaleur \u00e0 la sortie. Le mat\u00e9riel est g\u00e9r\u00e9 par le syst\u00e8me logistique interne.<\/p>\r\n\tCe s\u00e9cheur \u00e0 haute temp\u00e9rature est sp\u00e9cialement con\u00e7u pour le s\u00e9chage complet et rapide et le pr\u00e9chauffage des petits articles dans le cadre de la galvanisation automatique par centrifugation.<br \/>\r\nLe mat\u00e9riau est transport\u00e9 soit par un convoyeur \u00e0 bande, soit par un tambour rotatif dot\u00e9 d&rsquo;une vis d&rsquo;Archim\u00e8de.\r\n\t<p>Destin\u00e9 au s\u00e9chage et au pr\u00e9chauffage efficaces des tubes et des tuyaux, ce s\u00e9cheur \u00e0 haute temp\u00e9rature utilise un syst\u00e8me d&rsquo;air de s\u00e9chage \u00e0 grand volume, ce qui lui permet de ne pas n\u00e9cessiter de temp\u00e9ratures excessives. Le mat\u00e9riau est transport\u00e9 par un convoyeur \u00e0 cha\u00eene tout au long du s\u00e9choir.<\/p>\r\n\r\n<\/div><!-- .vgblk-rw-wrapper -->","protected":false},"excerpt":{"rendered":"<p>Le s\u00e9choir, \u00e9galement appel\u00e9 four de pr\u00e9chauffage, est une \u00e9tape cruciale du processus de galvanisation des pi\u00e8ces m\u00e9talliques. Avant l&rsquo;immersion dans les bains de zinc, cette phase consiste \u00e0 s\u00e9cher et \u00e0 pr\u00e9chauffer le mat\u00e9riau \u00e0 une temp\u00e9rature comprise entre 60 et 80\u00b0C (140 et 176\u00b0F). Sa fonction principale est de pr\u00e9parer les pi\u00e8ces, en&#8230;<\/p>\n","protected":false},"author":1,"featured_media":0,"parent":0,"menu_order":0,"comment_status":"closed","ping_status":"closed","template":"","meta":{"inline_featured_image":false,"footnotes":""},"class_list":["post-21447","page","type-page","status-publish","hentry"],"yoast_head":"<!-- This site is optimized with the Yoast SEO plugin v26.4 - https:\/\/yoast.com\/wordpress\/plugins\/seo\/ -->\n<title>S\u00e9choirs | GIMECO Impianti<\/title>\n<meta name=\"description\" content=\"Les principaux types de s\u00e9choirs sont con\u00e7us sur mesure en fonction des exigences et des sp\u00e9cifications de l&#039;usine. Les s\u00e9cheurs peuvent...\" \/>\n<meta name=\"robots\" content=\"index, follow, max-snippet:-1, max-image-preview:large, max-video-preview:-1\" \/>\n<link rel=\"canonical\" href=\"https:\/\/gimeco.com\/dryers\/\" \/>\n<meta property=\"og:locale\" content=\"fr_FR\" \/>\n<meta property=\"og:type\" content=\"article\" \/>\n<meta property=\"og:title\" content=\"S\u00e9choirs | GIMECO Impianti\" \/>\n<meta property=\"og:description\" content=\"Les principaux types de s\u00e9choirs sont con\u00e7us sur mesure en fonction des exigences et des sp\u00e9cifications de l&#039;usine. Les s\u00e9cheurs peuvent...\" \/>\n<meta property=\"og:url\" content=\"https:\/\/gimeco.com\/dryers\/\" \/>\n<meta property=\"og:site_name\" content=\"GIMECO Impianti\" \/>\n<meta property=\"article:publisher\" content=\"https:\/\/www.facebook.com\/gimecogroup\" \/>\n<meta property=\"article:modified_time\" content=\"2024-06-03T12:01:00+00:00\" \/>\n<meta property=\"og:image\" content=\"https:\/\/gimeco.com\/wp-content\/uploads\/2023\/11\/Logo_GIMECO_StringNoPayoff-250.png\" \/>\n\t<meta property=\"og:image:width\" content=\"250\" \/>\n\t<meta property=\"og:image:height\" content=\"98\" \/>\n\t<meta property=\"og:image:type\" content=\"image\/png\" \/>\n<script type=\"application\/ld+json\" class=\"yoast-schema-graph\">{\"@context\":\"https:\/\/schema.org\",\"@graph\":[{\"@type\":\"WebPage\",\"@id\":\"https:\/\/gimeco.com\/dryers\/\",\"url\":\"https:\/\/gimeco.com\/dryers\/\",\"name\":\"S\u00e9choirs | GIMECO Impianti\",\"isPartOf\":{\"@id\":\"https:\/\/gimeco.com\/#website\"},\"datePublished\":\"2023-09-19T12:52:43+00:00\",\"dateModified\":\"2024-06-03T12:01:00+00:00\",\"description\":\"Les principaux types de s\u00e9choirs sont con\u00e7us sur mesure en fonction des exigences et des sp\u00e9cifications de l'usine. Les s\u00e9cheurs peuvent...\",\"breadcrumb\":{\"@id\":\"https:\/\/gimeco.com\/dryers\/#breadcrumb\"},\"inLanguage\":\"fr-FR\",\"potentialAction\":[{\"@type\":\"ReadAction\",\"target\":[\"https:\/\/gimeco.com\/dryers\/\"]}]},{\"@type\":\"BreadcrumbList\",\"@id\":\"https:\/\/gimeco.com\/dryers\/#breadcrumb\",\"itemListElement\":[{\"@type\":\"ListItem\",\"position\":1,\"name\":\"Home\",\"item\":\"https:\/\/gimeco.com\/fr\/\"},{\"@type\":\"ListItem\",\"position\":2,\"name\":\"S\u00e9choirs\"}]},{\"@type\":\"WebSite\",\"@id\":\"https:\/\/gimeco.com\/#website\",\"url\":\"https:\/\/gimeco.com\/\",\"name\":\"gimeco.com\",\"description\":\"Your Partner from A to Zink\",\"publisher\":{\"@id\":\"https:\/\/gimeco.com\/#organization\"},\"alternateName\":\"Gimeco\",\"potentialAction\":[{\"@type\":\"SearchAction\",\"target\":{\"@type\":\"EntryPoint\",\"urlTemplate\":\"https:\/\/gimeco.com\/?s={search_term_string}\"},\"query-input\":{\"@type\":\"PropertyValueSpecification\",\"valueRequired\":true,\"valueName\":\"search_term_string\"}}],\"inLanguage\":\"fr-FR\"},{\"@type\":\"Organization\",\"@id\":\"https:\/\/gimeco.com\/#organization\",\"name\":\"Gimeco\",\"url\":\"https:\/\/gimeco.com\/\",\"logo\":{\"@type\":\"ImageObject\",\"inLanguage\":\"fr-FR\",\"@id\":\"https:\/\/gimeco.com\/#\/schema\/logo\/image\/\",\"url\":\"https:\/\/gimeco.com\/wp-content\/uploads\/2023\/11\/Logo_GIMECO_StringNoPayoff-250.png\",\"contentUrl\":\"https:\/\/gimeco.com\/wp-content\/uploads\/2023\/11\/Logo_GIMECO_StringNoPayoff-250.png\",\"width\":250,\"height\":98,\"caption\":\"Gimeco\"},\"image\":{\"@id\":\"https:\/\/gimeco.com\/#\/schema\/logo\/image\/\"},\"sameAs\":[\"https:\/\/www.facebook.com\/gimecogroup\"]}]}<\/script>\n<!-- \/ Yoast SEO plugin. -->","yoast_head_json":{"title":"S\u00e9choirs | GIMECO Impianti","description":"Les principaux types de s\u00e9choirs sont con\u00e7us sur mesure en fonction des exigences et des sp\u00e9cifications de l'usine. Les s\u00e9cheurs peuvent...","robots":{"index":"index","follow":"follow","max-snippet":"max-snippet:-1","max-image-preview":"max-image-preview:large","max-video-preview":"max-video-preview:-1"},"canonical":"https:\/\/gimeco.com\/dryers\/","og_locale":"fr_FR","og_type":"article","og_title":"S\u00e9choirs | GIMECO Impianti","og_description":"Les principaux types de s\u00e9choirs sont con\u00e7us sur mesure en fonction des exigences et des sp\u00e9cifications de l'usine. Les s\u00e9cheurs peuvent...","og_url":"https:\/\/gimeco.com\/dryers\/","og_site_name":"GIMECO Impianti","article_publisher":"https:\/\/www.facebook.com\/gimecogroup","article_modified_time":"2024-06-03T12:01:00+00:00","og_image":[{"width":250,"height":98,"url":"https:\/\/gimeco.com\/wp-content\/uploads\/2023\/11\/Logo_GIMECO_StringNoPayoff-250.png","type":"image\/png"}],"schema":{"@context":"https:\/\/schema.org","@graph":[{"@type":"WebPage","@id":"https:\/\/gimeco.com\/dryers\/","url":"https:\/\/gimeco.com\/dryers\/","name":"S\u00e9choirs | GIMECO Impianti","isPartOf":{"@id":"https:\/\/gimeco.com\/#website"},"datePublished":"2023-09-19T12:52:43+00:00","dateModified":"2024-06-03T12:01:00+00:00","description":"Les principaux types de s\u00e9choirs sont con\u00e7us sur mesure en fonction des exigences et des sp\u00e9cifications de l'usine. Les s\u00e9cheurs peuvent...","breadcrumb":{"@id":"https:\/\/gimeco.com\/dryers\/#breadcrumb"},"inLanguage":"fr-FR","potentialAction":[{"@type":"ReadAction","target":["https:\/\/gimeco.com\/dryers\/"]}]},{"@type":"BreadcrumbList","@id":"https:\/\/gimeco.com\/dryers\/#breadcrumb","itemListElement":[{"@type":"ListItem","position":1,"name":"Home","item":"https:\/\/gimeco.com\/fr\/"},{"@type":"ListItem","position":2,"name":"S\u00e9choirs"}]},{"@type":"WebSite","@id":"https:\/\/gimeco.com\/#website","url":"https:\/\/gimeco.com\/","name":"gimeco.com","description":"Your Partner from A to Zink","publisher":{"@id":"https:\/\/gimeco.com\/#organization"},"alternateName":"Gimeco","potentialAction":[{"@type":"SearchAction","target":{"@type":"EntryPoint","urlTemplate":"https:\/\/gimeco.com\/?s={search_term_string}"},"query-input":{"@type":"PropertyValueSpecification","valueRequired":true,"valueName":"search_term_string"}}],"inLanguage":"fr-FR"},{"@type":"Organization","@id":"https:\/\/gimeco.com\/#organization","name":"Gimeco","url":"https:\/\/gimeco.com\/","logo":{"@type":"ImageObject","inLanguage":"fr-FR","@id":"https:\/\/gimeco.com\/#\/schema\/logo\/image\/","url":"https:\/\/gimeco.com\/wp-content\/uploads\/2023\/11\/Logo_GIMECO_StringNoPayoff-250.png","contentUrl":"https:\/\/gimeco.com\/wp-content\/uploads\/2023\/11\/Logo_GIMECO_StringNoPayoff-250.png","width":250,"height":98,"caption":"Gimeco"},"image":{"@id":"https:\/\/gimeco.com\/#\/schema\/logo\/image\/"},"sameAs":["https:\/\/www.facebook.com\/gimecogroup"]}]}},"_links":{"self":[{"href":"https:\/\/gimeco.com\/fr\/wp-json\/wp\/v2\/pages\/21447","targetHints":{"allow":["GET"]}}],"collection":[{"href":"https:\/\/gimeco.com\/fr\/wp-json\/wp\/v2\/pages"}],"about":[{"href":"https:\/\/gimeco.com\/fr\/wp-json\/wp\/v2\/types\/page"}],"author":[{"embeddable":true,"href":"https:\/\/gimeco.com\/fr\/wp-json\/wp\/v2\/users\/1"}],"replies":[{"embeddable":true,"href":"https:\/\/gimeco.com\/fr\/wp-json\/wp\/v2\/comments?post=21447"}],"version-history":[{"count":5,"href":"https:\/\/gimeco.com\/fr\/wp-json\/wp\/v2\/pages\/21447\/revisions"}],"predecessor-version":[{"id":22599,"href":"https:\/\/gimeco.com\/fr\/wp-json\/wp\/v2\/pages\/21447\/revisions\/22599"}],"wp:attachment":[{"href":"https:\/\/gimeco.com\/fr\/wp-json\/wp\/v2\/media?parent=21447"}],"curies":[{"name":"wp","href":"https:\/\/api.w.org\/{rel}","templated":true}]}}