{"id":21449,"date":"2017-05-08T17:30:45","date_gmt":"2017-05-08T17:30:45","guid":{"rendered":"https:\/\/gimeco.com\/pretreatment-and-postprocessing\/"},"modified":"2024-06-03T12:00:04","modified_gmt":"2024-06-03T12:00:04","slug":"pretraitement-post-traitement","status":"publish","type":"page","link":"https:\/\/gimeco.com\/fr\/pretraitement-post-traitement\/","title":{"rendered":"Pr\u00e9traitement \u2013 Post-traitement"},"content":{"rendered":"<div class=\"vgblk-rw-wrapper limit-wrapper\">\r\n<h2>\r\n\t<b>Pr\u00e9traitement <\/b>\r\n\t<\/h2>\r\n\t<p>La <strong>pr\u00e9paration<\/strong> pr\u00e9cise des surfaces m\u00e9talliques est <strong>essentielle pour garantir la fiabilit\u00e9 et la durabilit\u00e9 de l&rsquo;alliage protecteur acier-zinc<\/strong>, en particulier dans le processus de galvanisation \u00e0 chaud. \u00c0 l&rsquo;entr\u00e9e de l&rsquo;usine de galvanisation, les surfaces des m\u00e9taux bruts pr\u00e9sentent des contaminants tels que la rouille, le calamine, les huiles, les peintures et les r\u00e9sidus de processus pr\u00e9c\u00e9dents. Ces \u00e9l\u00e9ments \u00e9trangers, r\u00e9sultant de l&rsquo;oxydation et d&rsquo;autres sources, peuvent compromettre l&rsquo;<strong>efficacit\u00e9 et l&rsquo;adh\u00e9rence du rev\u00eatement de zinc<\/strong>, d&rsquo;o\u00f9 la n\u00e9cessit\u00e9 d&rsquo;une pr\u00e9paration m\u00e9ticuleuse.<\/p>\r\n<p>L&rsquo;\u00e9limination des contaminants est r\u00e9alis\u00e9e par des traitements chimiques de d\u00e9graissage, de d\u00e9capage et de fluxage. Dans les cas o\u00f9 les pi\u00e8ces sont fortement marqu\u00e9es par des substances tenaces comme les peintures, les \u00e9maux ou les r\u00e9sines de silicone anti-\u00e9claboussures utilis\u00e9es en soudage, le nettoyage m\u00e9canique devient \u00e9galement indispensable. Bien qu&rsquo;un examen visuel pr\u00e9liminaire ne r\u00e9v\u00e8le pas toujours tous les contaminants, la <strong>pr\u00e9cision du processus de pr\u00e9paration est essentielle<\/strong>. Une \u00e9limination incompl\u00e8te peut entra\u00eener des d\u00e9fauts \u00e9vidents dans le rev\u00eatement de zinc, tels qu&rsquo;une mauvaise adh\u00e9rence et des marques de br\u00fblure fonc\u00e9es. Ces d\u00e9fauts nuisent \u00e0 la r\u00e9sistance \u00e0 la corrosion et \u00e0 l&rsquo;aspect esth\u00e9tique des produits finis. Une synergie entre les <strong>traitements chimiques et m\u00e9caniques<\/strong>, associ\u00e9e \u00e0 un contr\u00f4le de qualit\u00e9 rigoureux, \u00e0 la fois visuel et instrumental, permet d&rsquo;obtenir des r\u00e9sultats uniformes et fiables.<\/p>\r\n<p>En r\u00e9sum\u00e9, la pr\u00e9paration m\u00e9ticuleuse du m\u00e9tal avant la galvanisation \u00e0 chaud exige une <strong>approche int\u00e9gr\u00e9e<\/strong>, o\u00f9 le souci du d\u00e9tail et le nettoyage approfondi priment. La protection contre la contamination et la mise en \u0153uvre de processus pr\u00e9paratoires pr\u00e9cis sont essentielles pour produire des produits finis durables et de haute qualit\u00e9.<\/p>\r\n\t\t\tD\u00e9graissage\r\n\t\t<p>Les bains de d\u00e9graissage \u00e9liminent les huiles et les graisses issues de la fabrication de l&rsquo;acier des surfaces m\u00e9talliques. Les bains alcalins, contenant de la soude caustique et des r\u00e9actifs, \u00e9mulsionnent les huiles et les graisses ; la temp\u00e9rature et le temps influencent l&rsquo;efficacit\u00e9. Les bains acides, \u00e0 base d&rsquo;acides dilu\u00e9s, cr\u00e9ent des \u00e9mulsions stables n\u00e9cessitant moins d&rsquo;eau. Les lavages post-traitement emp\u00eachent les r\u00e9sidus alcalins.<br \/>Le chauffage se fait au mazout\/gaz ou, plus g\u00e9n\u00e9ralement, \u00e0 partir des gaz d&rsquo;\u00e9chappement du four de galvanisation. L&rsquo;efficacit\u00e9 du bain de d\u00e9graissage dure 1 \u00e0 2 ans, parfois plus de 5 ans, avant de n\u00e9cessiter une r\u00e9g\u00e9n\u00e9ration compl\u00e8te.<\/p>\r\n\t\t\tD\u00e9capage\r\n\t\t<p>Le deuxi\u00e8me \u00e9tape du pr\u00e9traitement est le d\u00e9capage acide, qui \u00e9limine les d\u00e9p\u00f4ts et la rouille des pi\u00e8ces. L&rsquo;acide chlorhydrique dilu\u00e9 est le plus courant, mais les acides sulfurique et fluorhydrique sont \u00e9galement utilis\u00e9s. Une usine de galvanisation dispose de bains de d\u00e9capage \u00e0 concentrations variables. Des inhibiteurs r\u00e9duisent l&rsquo;agressivit\u00e9 et l&rsquo;\u00e9vaporation de l&rsquo;acide. La teneur en fer augmente avec le temps, n\u00e9cessitant un renouvellement avec de l&rsquo;acide frais. Les tunnels chauff\u00e9s et ferm\u00e9s r\u00e9duisent la consommation d&rsquo;acide et permettent des concentrations plus \u00e9lev\u00e9es. Les \u00e9missions sont trait\u00e9es par des \u00e9quipements de traitement appropri\u00e9s.<\/p>\r\n\t\t\tRin\u00e7age\r\n\t\t<p>Apr\u00e8s le d\u00e9graissage et le d\u00e9capage, l&rsquo;acier est rinc\u00e9 dans des bains d&rsquo;eau \u00e0 temp\u00e9rature contr\u00f4l\u00e9e, ce qui emp\u00eache le transfert d&rsquo;acide et de fer aux \u00e9tapes suivantes. Le rin\u00e7age post-d\u00e9capage est essentiel pour la galvanisation, pr\u00e9servant les traitements ult\u00e9rieurs.<\/p>\r\n\t\t\tFluxage\r\n\t\t<p>Le fluxage est un processus crucial dans la galvanisation, indispensable pour le plong\u00e9e ult\u00e9rieur des pi\u00e8ces dans le bain de zinc fondu. Il est n\u00e9cessaire d&rsquo;\u00e9liminer les oxydes, de faciliter l&rsquo;adh\u00e9rence et d&rsquo;assurer une protection contre la corrosion. Le chlorure d&rsquo;ammonium pr\u00e9sent dans la solution de fluxage se d\u00e9compose en ammoniac et en acide chlorhydrique, contribuant au d\u00e9capage et \u00e0 l&rsquo;\u00e9limination des oxydes r\u00e9siduels. Les sels de fluxage r\u00e9duisent la tension superficielle, facilitant l&rsquo;adh\u00e9rence entre le zinc et l&rsquo;acier. La concentration et le ratio entre le chlorure d&rsquo;ammonium et le chlorure de zinc sont cruciaux, car ils influent sur l&rsquo;efficacit\u00e9 du processus et r\u00e9duisent la production de fum\u00e9e.<\/p>\r\n<h5>\r\n\tQUALIT\u00c9 DE L&rsquo;ENVIRONNEMENT\r\n\t<\/h5>\r\n<h3>\r\n\tEnceinte du tunnel de pr\u00e9traitement avec la technologie cleanbox\u2122\r\n\t<\/h3>\r\n\t<p>L&rsquo;enceinte du d\u00e9partement de pr\u00e9traitement \u00e0 l&rsquo;int\u00e9rieur d&rsquo;une structure autoportante, permet le confinement, l&rsquo;extraction et l&rsquo;\u00e9limination des fum\u00e9es et vapeurs acides g\u00e9n\u00e9r\u00e9es lors de l&rsquo;immersion des mat\u00e9riaux dans les cuves. L&rsquo;enceinte est con\u00e7ue selon le principe de la fuite z\u00e9ro, isolant le d\u00e9partement de pr\u00e9traitement du reste de la ligne de galvanisation, \u00e9liminant le risque de diffusion des fum\u00e9es dans l&rsquo;ensemble de l&rsquo;usine et donnant la priorit\u00e9 \u00e0 la s\u00e9curit\u00e9 des travailleurs et de l&rsquo;\u00e9quipement. Cette approche r\u00e9duit consid\u00e9rablement les risques potentiels pour les op\u00e9rateurs et diminue les d\u00e9penses d&rsquo;entretien des \u00e9quipements, ce qui se traduit par des d\u00e9penses op\u00e9rationnelles efficaces et un d\u00e9veloppement durable.<\/p>\r\n\t\t\tPoints forts\r\n\t\t<p><strong>Structure \u00e9tanche aux gaz<br \/><\/strong>La structure du tunnel et les mat\u00e9riaux utilis\u00e9s ont \u00e9t\u00e9 repens\u00e9s, avec l&rsquo;introduction de la technologie cleanbox\u2122 qui garantit une solution de confinement encore meilleure contre les fum\u00e9es et les vapeurs d&rsquo;acide, tout en permettant un montage rapide et facile du tunnel.<br \/>Le tunnel se compose d&rsquo;une structure l\u00e9g\u00e8re autoportante avec des extr\u00e9mit\u00e9s amovibles construites en panneaux de polyur\u00e9thane <em>(PUR)<\/em> de type sandwich, avec des c\u00f4t\u00e9s en PE renforc\u00e9 de fibre de verre, \u00e9quip\u00e9s de portes automatiques, et d&rsquo;une tour de lavage.<br \/>Cette conception permet \u00e0 la fois une construction rapide et une dur\u00e9e de vie prolong\u00e9e de la structure.<strong>Unit\u00e9 de lavage<br \/><\/strong>Elle r\u00e9duit consid\u00e9rablement la teneur en acide des fum\u00e9es et se compose d&rsquo;une tour de filtrage \u00e9quip\u00e9e d&rsquo;un syst\u00e8me d&rsquo;inverseur pour une r\u00e9gulation automatique et intelligente de la consommation d&rsquo;\u00e9nergie.<strong>Protection anticorrosion<br \/><\/strong>Les surfaces m\u00e9talliques de la structure sont dot\u00e9es d&rsquo;une protection dure contre la corrosion acide.<strong>Fen\u00eatres d&rsquo;inspection<br \/><\/strong>Permettent aux op\u00e9rateurs d&rsquo;avoir une vue d&rsquo;ensemble des op\u00e9rations \u00e0 l&rsquo;int\u00e9rieur du tunnel, sans y p\u00e9n\u00e9trer.<strong>Isolation en mousse de caoutchouc<br \/><\/strong>Les chemins de roulement des grues et les \u00e9quipements de levage sont \u00e9quip\u00e9s de profils en mousse de caoutchouc pour assurer une isolation compl\u00e8te.<strong>R\u00e9servoirs<br \/><\/strong>R\u00e9servoirs de pr\u00e9traitement en polym\u00e8re de haute qualit\u00e9, de dimensions standard ou plus grandes.<strong>Syst\u00e8me de distribution de produits chimiques<br \/><\/strong>Deux syst\u00e8mes ind\u00e9pendants de pompage et de distribution des produits chimiques acides et alcalins \u00e9liminent le risque de m\u00e9lange de la solution du r\u00e9servoir de d\u00e9graissage avec la solution des r\u00e9servoirs de d\u00e9capage.<strong>Turbo-tank\u2122<\/strong><br \/>Disponible sur demande, le turbo-tank\u2122<sup>\u00a0<\/sup>permet d&rsquo;acc\u00e9l\u00e9rer le processus de d\u00e9capage.<strong>Automatisation et contr\u00f4le \u00e0 distance<br \/><\/strong>Le processus de pr\u00e9traitement peut \u00eatre enti\u00e8rement g\u00e9r\u00e9 par des syst\u00e8mes SCADA, assurant un contr\u00f4le continu et une meilleure productivit\u00e9.<strong>Gestion de l&rsquo;\u00e9nergie<br \/><\/strong>Le syst\u00e8me optimise la capacit\u00e9 d&rsquo;extraction et la vitesse du ventilateur, en ajustant les param\u00e8tres en fonction des besoins op\u00e9rationnels pour \u00e9conomiser de l&rsquo;\u00e9nergie.<\/p>\r\n\t\t\tAvantages\r\n\t\t<p><strong>Efficacit\u00e9 maximale<br \/><\/strong>Les fum\u00e9es ne peuvent pas s&rsquo;\u00e9chapper car le tunnel est toujours en pression n\u00e9gative.<strong>\u00c9conomie d&rsquo;\u00e9nergie<br \/><\/strong>Un seul \u00e9purateur est n\u00e9cessaire, la puissance est r\u00e9gl\u00e9e par un inverseur qui r\u00e9duit la consommation lorsque toutes les portes sont ferm\u00e9es, ce qui permet d&rsquo;\u00e9conomiser de l&rsquo;\u00e9nergie.<strong>Am\u00e9lioration du confort<br \/><\/strong>Le tunnel assure le confort des travailleurs en \u00e9liminant leur exposition aux vapeurs d&rsquo;acide et aux fum\u00e9es.<strong>Environnement prot\u00e9g\u00e9<br \/><\/strong>L&rsquo;\u00e9quipement et l&rsquo;environnement en g\u00e9n\u00e9ral sont pr\u00e9serv\u00e9s des dommages caus\u00e9s par les vapeurs d&rsquo;acide, ce qui permet de r\u00e9aliser des \u00e9conomies lors du changement d&rsquo;\u00e9quipement.<strong>Pr\u00e9cision<br \/><\/strong>L&rsquo;utilisation de palans automatis\u00e9s permet une pr\u00e9cision du processus et un suivi complet des mat\u00e9riaux.<strong>Retour rapide sur investissement<\/strong><\/p>\r\n<h2>\r\n\t<b>Trempe<\/b>\r\n\t<\/h2>\r\n\tUn processus de trempe appropri\u00e9 <strong>emp\u00eache l&rsquo;\u00e9talement excessif de l&rsquo;alliage<\/strong> de zinc et <strong>limite l&rsquo;aspect gris <\/strong>terne en cas d&rsquo;utilisation d&rsquo;aciers \u00e0 haute teneur en silicium ou de temp\u00e9ratures \u00e9lev\u00e9es lors de la galvanisation. <strong>Il emp\u00eache \u00e9galement les articles de se d\u00e9former<\/strong> <em>(\u00ab\u00a0effet banane\u00a0\u00bb).<br \/>\r\n<\/em>Nos lignes de galvanisation peuvent \u00eatre \u00e9quip\u00e9es de cuves de trempe appropri\u00e9es, int\u00e9gr\u00e9es de mani\u00e8re efficace et transparente \u00e0 des syst\u00e8mes de manutention d\u00e9di\u00e9s.\r\n<h2>\r\n\t<strong>Passivation<\/strong>\r\n\t<\/h2>\r\n\tLa passivation est un traitement post-galvanisation qui retarde consid\u00e9rablement la formation d&rsquo;hydroxyde de zinc, commun\u00e9ment appel\u00e9 rouille blanche.<br \/>\r\nCe processus est particuli\u00e8rement utilis\u00e9 pour <strong>pr\u00e9server le mat\u00e9riau galvanis\u00e9<\/strong>, notamment lorsqu&rsquo;il est soumis \u00e0 des p\u00e9riodes de stockage prolong\u00e9es, et offre une <strong>protection accrue<\/strong> contre les agents atmosph\u00e9riques.\r\n\r\n<\/div><!-- .vgblk-rw-wrapper -->","protected":false},"excerpt":{"rendered":"<p>Pr\u00e9traitement La pr\u00e9paration pr\u00e9cise des surfaces m\u00e9talliques est essentielle pour garantir la fiabilit\u00e9 et la durabilit\u00e9 de l&rsquo;alliage protecteur acier-zinc, en particulier dans le processus de galvanisation \u00e0 chaud. \u00c0 l&rsquo;entr\u00e9e de l&rsquo;usine de galvanisation, les surfaces des m\u00e9taux bruts pr\u00e9sentent des contaminants tels que la rouille, le calamine, les huiles, les peintures et les&#8230;<\/p>\n","protected":false},"author":1,"featured_media":0,"parent":0,"menu_order":0,"comment_status":"closed","ping_status":"closed","template":"","meta":{"inline_featured_image":false,"footnotes":""},"class_list":["post-21449","page","type-page","status-publish","hentry"],"yoast_head":"<!-- This site is optimized with the Yoast SEO plugin v26.4 - https:\/\/yoast.com\/wordpress\/plugins\/seo\/ -->\n<title>Pr\u00e9traitement et post-traitement | GIMECO Impianti<\/title>\n<meta name=\"description\" content=\"La pr\u00e9paration pr\u00e9cise des surfaces m\u00e9talliques est cruciale pour garantir la fiabilit\u00e9 et la durabilit\u00e9 des alliages de protection...\" \/>\n<meta name=\"robots\" content=\"index, follow, max-snippet:-1, max-image-preview:large, max-video-preview:-1\" \/>\n<link rel=\"canonical\" href=\"https:\/\/gimeco.com\/pretreatment-and-postprocessing\/\" \/>\n<meta property=\"og:locale\" content=\"fr_FR\" \/>\n<meta property=\"og:type\" content=\"article\" \/>\n<meta property=\"og:title\" content=\"Pr\u00e9traitement et post-traitement | GIMECO Impianti\" \/>\n<meta property=\"og:description\" content=\"La pr\u00e9paration pr\u00e9cise des surfaces m\u00e9talliques est cruciale pour garantir la fiabilit\u00e9 et la durabilit\u00e9 des alliages de protection...\" \/>\n<meta property=\"og:url\" content=\"https:\/\/gimeco.com\/pretreatment-and-postprocessing\/\" \/>\n<meta property=\"og:site_name\" content=\"GIMECO Impianti\" \/>\n<meta property=\"article:publisher\" content=\"https:\/\/www.facebook.com\/gimecogroup\" \/>\n<meta property=\"article:modified_time\" content=\"2024-06-03T12:00:04+00:00\" \/>\n<meta property=\"og:image\" content=\"https:\/\/gimeco.com\/wp-content\/uploads\/2023\/11\/Logo_GIMECO_StringNoPayoff-250.png\" \/>\n\t<meta property=\"og:image:width\" content=\"250\" \/>\n\t<meta property=\"og:image:height\" content=\"98\" \/>\n\t<meta property=\"og:image:type\" content=\"image\/png\" \/>\n<script type=\"application\/ld+json\" class=\"yoast-schema-graph\">{\"@context\":\"https:\/\/schema.org\",\"@graph\":[{\"@type\":\"WebPage\",\"@id\":\"https:\/\/gimeco.com\/pretreatment-and-postprocessing\/\",\"url\":\"https:\/\/gimeco.com\/pretreatment-and-postprocessing\/\",\"name\":\"Pr\u00e9traitement et post-traitement | GIMECO Impianti\",\"isPartOf\":{\"@id\":\"https:\/\/gimeco.com\/#website\"},\"datePublished\":\"2017-05-08T17:30:45+00:00\",\"dateModified\":\"2024-06-03T12:00:04+00:00\",\"description\":\"La pr\u00e9paration pr\u00e9cise des surfaces m\u00e9talliques est cruciale pour garantir la fiabilit\u00e9 et la durabilit\u00e9 des alliages de protection...\",\"breadcrumb\":{\"@id\":\"https:\/\/gimeco.com\/pretreatment-and-postprocessing\/#breadcrumb\"},\"inLanguage\":\"fr-FR\",\"potentialAction\":[{\"@type\":\"ReadAction\",\"target\":[\"https:\/\/gimeco.com\/pretreatment-and-postprocessing\/\"]}]},{\"@type\":\"BreadcrumbList\",\"@id\":\"https:\/\/gimeco.com\/pretreatment-and-postprocessing\/#breadcrumb\",\"itemListElement\":[{\"@type\":\"ListItem\",\"position\":1,\"name\":\"Home\",\"item\":\"https:\/\/gimeco.com\/fr\/\"},{\"@type\":\"ListItem\",\"position\":2,\"name\":\"Pr\u00e9traitement \u2013 Post-traitement\"}]},{\"@type\":\"WebSite\",\"@id\":\"https:\/\/gimeco.com\/#website\",\"url\":\"https:\/\/gimeco.com\/\",\"name\":\"gimeco.com\",\"description\":\"Your Partner from A to Zink\",\"publisher\":{\"@id\":\"https:\/\/gimeco.com\/#organization\"},\"alternateName\":\"Gimeco\",\"potentialAction\":[{\"@type\":\"SearchAction\",\"target\":{\"@type\":\"EntryPoint\",\"urlTemplate\":\"https:\/\/gimeco.com\/?s={search_term_string}\"},\"query-input\":{\"@type\":\"PropertyValueSpecification\",\"valueRequired\":true,\"valueName\":\"search_term_string\"}}],\"inLanguage\":\"fr-FR\"},{\"@type\":\"Organization\",\"@id\":\"https:\/\/gimeco.com\/#organization\",\"name\":\"Gimeco\",\"url\":\"https:\/\/gimeco.com\/\",\"logo\":{\"@type\":\"ImageObject\",\"inLanguage\":\"fr-FR\",\"@id\":\"https:\/\/gimeco.com\/#\/schema\/logo\/image\/\",\"url\":\"https:\/\/gimeco.com\/wp-content\/uploads\/2023\/11\/Logo_GIMECO_StringNoPayoff-250.png\",\"contentUrl\":\"https:\/\/gimeco.com\/wp-content\/uploads\/2023\/11\/Logo_GIMECO_StringNoPayoff-250.png\",\"width\":250,\"height\":98,\"caption\":\"Gimeco\"},\"image\":{\"@id\":\"https:\/\/gimeco.com\/#\/schema\/logo\/image\/\"},\"sameAs\":[\"https:\/\/www.facebook.com\/gimecogroup\"]}]}<\/script>\n<!-- \/ Yoast SEO plugin. -->","yoast_head_json":{"title":"Pr\u00e9traitement et post-traitement | GIMECO Impianti","description":"La pr\u00e9paration pr\u00e9cise des surfaces m\u00e9talliques est cruciale pour garantir la fiabilit\u00e9 et la durabilit\u00e9 des alliages de protection...","robots":{"index":"index","follow":"follow","max-snippet":"max-snippet:-1","max-image-preview":"max-image-preview:large","max-video-preview":"max-video-preview:-1"},"canonical":"https:\/\/gimeco.com\/pretreatment-and-postprocessing\/","og_locale":"fr_FR","og_type":"article","og_title":"Pr\u00e9traitement et post-traitement | GIMECO Impianti","og_description":"La pr\u00e9paration pr\u00e9cise des surfaces m\u00e9talliques est cruciale pour garantir la fiabilit\u00e9 et la durabilit\u00e9 des alliages de protection...","og_url":"https:\/\/gimeco.com\/pretreatment-and-postprocessing\/","og_site_name":"GIMECO Impianti","article_publisher":"https:\/\/www.facebook.com\/gimecogroup","article_modified_time":"2024-06-03T12:00:04+00:00","og_image":[{"width":250,"height":98,"url":"https:\/\/gimeco.com\/wp-content\/uploads\/2023\/11\/Logo_GIMECO_StringNoPayoff-250.png","type":"image\/png"}],"schema":{"@context":"https:\/\/schema.org","@graph":[{"@type":"WebPage","@id":"https:\/\/gimeco.com\/pretreatment-and-postprocessing\/","url":"https:\/\/gimeco.com\/pretreatment-and-postprocessing\/","name":"Pr\u00e9traitement et post-traitement | GIMECO Impianti","isPartOf":{"@id":"https:\/\/gimeco.com\/#website"},"datePublished":"2017-05-08T17:30:45+00:00","dateModified":"2024-06-03T12:00:04+00:00","description":"La pr\u00e9paration pr\u00e9cise des surfaces m\u00e9talliques est cruciale pour garantir la fiabilit\u00e9 et la durabilit\u00e9 des alliages de protection...","breadcrumb":{"@id":"https:\/\/gimeco.com\/pretreatment-and-postprocessing\/#breadcrumb"},"inLanguage":"fr-FR","potentialAction":[{"@type":"ReadAction","target":["https:\/\/gimeco.com\/pretreatment-and-postprocessing\/"]}]},{"@type":"BreadcrumbList","@id":"https:\/\/gimeco.com\/pretreatment-and-postprocessing\/#breadcrumb","itemListElement":[{"@type":"ListItem","position":1,"name":"Home","item":"https:\/\/gimeco.com\/fr\/"},{"@type":"ListItem","position":2,"name":"Pr\u00e9traitement \u2013 Post-traitement"}]},{"@type":"WebSite","@id":"https:\/\/gimeco.com\/#website","url":"https:\/\/gimeco.com\/","name":"gimeco.com","description":"Your Partner from A to Zink","publisher":{"@id":"https:\/\/gimeco.com\/#organization"},"alternateName":"Gimeco","potentialAction":[{"@type":"SearchAction","target":{"@type":"EntryPoint","urlTemplate":"https:\/\/gimeco.com\/?s={search_term_string}"},"query-input":{"@type":"PropertyValueSpecification","valueRequired":true,"valueName":"search_term_string"}}],"inLanguage":"fr-FR"},{"@type":"Organization","@id":"https:\/\/gimeco.com\/#organization","name":"Gimeco","url":"https:\/\/gimeco.com\/","logo":{"@type":"ImageObject","inLanguage":"fr-FR","@id":"https:\/\/gimeco.com\/#\/schema\/logo\/image\/","url":"https:\/\/gimeco.com\/wp-content\/uploads\/2023\/11\/Logo_GIMECO_StringNoPayoff-250.png","contentUrl":"https:\/\/gimeco.com\/wp-content\/uploads\/2023\/11\/Logo_GIMECO_StringNoPayoff-250.png","width":250,"height":98,"caption":"Gimeco"},"image":{"@id":"https:\/\/gimeco.com\/#\/schema\/logo\/image\/"},"sameAs":["https:\/\/www.facebook.com\/gimecogroup"]}]}},"_links":{"self":[{"href":"https:\/\/gimeco.com\/fr\/wp-json\/wp\/v2\/pages\/21449","targetHints":{"allow":["GET"]}}],"collection":[{"href":"https:\/\/gimeco.com\/fr\/wp-json\/wp\/v2\/pages"}],"about":[{"href":"https:\/\/gimeco.com\/fr\/wp-json\/wp\/v2\/types\/page"}],"author":[{"embeddable":true,"href":"https:\/\/gimeco.com\/fr\/wp-json\/wp\/v2\/users\/1"}],"replies":[{"embeddable":true,"href":"https:\/\/gimeco.com\/fr\/wp-json\/wp\/v2\/comments?post=21449"}],"version-history":[{"count":9,"href":"https:\/\/gimeco.com\/fr\/wp-json\/wp\/v2\/pages\/21449\/revisions"}],"predecessor-version":[{"id":22617,"href":"https:\/\/gimeco.com\/fr\/wp-json\/wp\/v2\/pages\/21449\/revisions\/22617"}],"wp:attachment":[{"href":"https:\/\/gimeco.com\/fr\/wp-json\/wp\/v2\/media?parent=21449"}],"curies":[{"name":"wp","href":"https:\/\/api.w.org\/{rel}","templated":true}]}}