{"id":21452,"date":"2023-10-03T13:08:13","date_gmt":"2023-10-03T13:08:13","guid":{"rendered":"https:\/\/gimeco.com\/handling-automation\/"},"modified":"2024-06-03T11:58:27","modified_gmt":"2024-06-03T11:58:27","slug":"manipulation-automatisation","status":"publish","type":"page","link":"https:\/\/gimeco.com\/fr\/manipulation-automatisation\/","title":{"rendered":"Manipulation \u2013 Automatisation"},"content":{"rendered":"<div class=\"vgblk-rw-wrapper limit-wrapper\">\r\n<h2>\r\n\t<b>Logistique interne<\/b> et manutention des mat\u00e9riaux\r\n\t<\/h2>\r\n\tNos propositions en mati\u00e8re de manutention repr\u00e9sentent une <strong>innovation cruciale pour l&rsquo;efficacit\u00e9 industrielle<\/strong>. Nous personnalisons des <strong>solutions technologiques pour chaque d\u00e9partement<\/strong>, \u00e9liminant les goulots d&rsquo;\u00e9tranglement qui entravent la production. Chacun de nos syst\u00e8mes est <strong>m\u00e9ticuleusement con\u00e7u<\/strong> pour des performances optimales \u00e0 toutes les \u00e9tapes du processus. Nous utilisons des grues suspendues modernes, des palans monorails automatis\u00e9s et des chariots de transfert rapides.<br \/>\r\nNos machines et composants sont sp\u00e9cifiquement con\u00e7us pour la galvanisation \u00e0 chaud, avec des composants de <strong>haute qualit\u00e9<\/strong> pour des <strong>performances durables<\/strong> et adapt\u00e9s \u00e0 vos besoins sp\u00e9cifiques.<br \/>\r\nNous collaborons \u00e9troitement avec vous pour une int\u00e9gration efficace dans <strong>votre agencement industriel.<br \/>\r\n<\/strong>Nos syst\u00e8mes de levage sont r\u00e9glables en vitesse et \u00e9quip\u00e9s d&rsquo;encodeurs pour une pr\u00e9cision optimale. L&rsquo;\u00e9lectronique est con\u00e7ue pour des conditions difficiles. Naturellement, tous les syst\u00e8mes sont orient\u00e9s pour soutenir la transition vers <strong>l&rsquo;industrie 4.0.<br \/>\r\n<\/strong>En r\u00e9sum\u00e9, nos solutions de levage et de manutention respectent les <strong>normes industrielles les plus \u00e9lev\u00e9es <\/strong>et offrent des <strong>performances exceptionnelles.<\/strong>\r\n<h3>\r\n\t<b>Supports de levage &#8211; Poutres<\/b>\r\n\t<\/h3>\r\n\tLes supports de levage <em>(ou poutres) <\/em>sont cruciaux pour <strong>l&rsquo;ergonomie et l&rsquo;efficacit\u00e9<\/strong> dans une usine de galvanisation. Nos supports sont con\u00e7us pour \u00eatre aussi l\u00e9gers que possible par rapport \u00e0 la charge, tout en maintenant une <strong>efficacit\u00e9 de levage<\/strong> \u00e9lev\u00e9e. Ils fonctionnent aussi bien dans les usines traditionnelles que dans les installations enti\u00e8rement automatis\u00e9es, ils sont <strong>facilement tra\u00e7ables<\/strong> gr\u00e2ce \u00e0 un num\u00e9ro d&rsquo;identification m\u00e9tallique, et r\u00e9sistent m\u00eame aux conditions environnementales agressives.<br \/>\r\nChaque support de GIMECO est dot\u00e9 de <strong>crochets sp\u00e9cialement con\u00e7us<\/strong> pour \u00e9viter toute situation de basculement instable, qui peut parfois se produire avec des crochets commerciaux standard, entra\u00eenant des conditions extr\u00eamement dangereuses.\r\n<p>Les agencements par GIMECO garantissent que tout le processus, de l&rsquo;entr\u00e9e des mat\u00e9riaux \u00e0 la sortie des produits finis, peut \u00eatre effectu\u00e9 \u00e0 l&rsquo;aide d&rsquo;un <strong>seul support de levage<\/strong>: cela signifie une grande rationalisation de l&rsquo;\u00e9quipement et des \u00e9conomies de co\u00fbts.<\/p>\r\n\t\t\t\t\t\t\t<img decoding=\"async\" src=\"https:\/\/gimeco.com\/wp-content\/plugins\/beaver-builder-lite-version\/img\/pixel.png\" alt=\"\" itemprop=\"image\" onerror=\"this.style.display='none'\"  \/>\r\n<h3>\r\n\t<b>Ponts roulants<\/b>\r\n\t<\/h3>\r\n\tNous concevons des <strong>ponts roulants traditionnels \u00e0 multifonctionnels<\/strong> capables de transporter \u00e0 la fois des supports vides et pleins simultan\u00e9ment pour r\u00e9duire les temps d&rsquo;installation.<br \/>\r\nLe dimensionnement des ponts roulants est bas\u00e9 sur l&rsquo;espacement entre les voies de roulement et la capacit\u00e9 de levage maximale, suivant des <strong>normes internationales strictes <\/strong>et en tenant compte de la classe de service FEM\/DIN, qui \u00e9value les cycles op\u00e9rationnels et la dur\u00e9e de vie totale par rapport \u00e0 la charge.\r\n\t\t\tPoints forts\r\n\t\t<p><strong>Robustesse<br \/><\/strong>Classe ISO 4301-1 A6 \/ M6 ; capacit\u00e9 jusqu&rsquo;\u00e0 15+15 tonnes m\u00e9triques<strong>Positionnement spatial \u00e9lev\u00e9<br \/><\/strong>Disponible en conception \u00e0 6 axes ou en conception rotative, offrant d&rsquo;incroyables possibilit\u00e9s de positionnement spatial des charges.<strong>Double capacit\u00e9 de levage<\/strong><strong>Double syst\u00e8me de s\u00e9curit\u00e9<\/strong><\/p>\r\n<h3>\r\n\t<b>Palans &#8211; Monorails<\/b>\r\n\t<\/h3>\r\n\tLes palans et les monorails peuvent se combiner pour cr\u00e9er une partie fondamentale d&rsquo;un <strong>syst\u00e8me de levage complet et fonctionnel<\/strong>, garantissant une grande fiabilit\u00e9, une robustesse, une maintenance facile et une s\u00e9curit\u00e9 dans un \u00e9quipement compact.<br \/>\r\nNous concevons des palans pour s&rsquo;int\u00e9grer parfaitement dans le <strong>syst\u00e8me de levage automatique<\/strong> avec un monorail. Ils sont fabriqu\u00e9s avec une finition m\u00e9canique de haute qualit\u00e9 et les palans sont \u00e9quip\u00e9s des <strong>meilleurs composants \u00e9lectroniques <\/strong>disponibles sur le march\u00e9.<br \/>\r\nTous les mouvements sont contr\u00f4l\u00e9s par des <strong>codeurs<\/strong>, atteignant un niveau de <strong>pr\u00e9cision de commande<\/strong> jamais vu auparavant dans la galvanisation \u00e0 chaud.\r\n<p>Les <strong>passerelles de maintenance<\/strong> compl\u00e8tent l&rsquo;\u00e9quipement, permettant d&rsquo;effectuer confortablement la maintenance de routine en toute s\u00e9curit\u00e9.<\/p>\r\n\t\t\tPoints forts\r\n\t\t<p><strong>Ultra compact<br \/><\/strong>Le nouveau design permet d&rsquo;\u00e9conomiser jusqu&rsquo;\u00e0 30% de hauteur<strong>Haute capacit\u00e9 de chargement<br \/><\/strong>Versions \u00e0 c\u00e2ble en acier jusqu&rsquo;\u00e0 15 tonnes m\u00e9triques<strong>Double moteur<br \/><\/strong>Pour \u00e9viter les arr\u00eats en cas de d\u00e9faillance d&rsquo;un moteur<strong>Positionnement par code-barres ou QR code<br \/><\/strong>Les palans incluent un capteur optique pour d\u00e9tecter la bonne position en lisant les codes situ\u00e9s sur le monorail<\/p>\r\n\t\t\t\t\t\t\t<img decoding=\"async\" src=\"https:\/\/gimeco.com\/wp-content\/plugins\/beaver-builder-lite-version\/img\/pixel.png\" alt=\"\" itemprop=\"image\" onerror=\"this.style.display='none'\"  \/>\r\n<h5>\r\n\tAGILIT\u00c9 ET ROBUSTESSE\r\n\t<\/h5>\r\n<h3>\r\n\t<strong>Potences de levage <\/strong><br \/>hydraulique intelligentes\r\n\t<\/h3>\r\n\t<p>V\u00e9ritable <strong>centre d&rsquo;innovation et de s\u00e9curit\u00e9,<\/strong> les stations de levage permettent un accrochage et un retrait ergonomiques, s\u00e9curis\u00e9s et rapides des mat\u00e9riaux des racks. Le m\u00e9canisme de levage, actionn\u00e9 soit \u00e9lectriquement soit par un v\u00e9rin hydraulique, permet <strong>d&rsquo;ajuster la hauteur<\/strong> selon les besoins de travail et est \u00e9quip\u00e9 de dispositifs modernes de <strong>pesage<\/strong>, de <strong>s\u00e9curit\u00e9<\/strong> et <strong>d&rsquo;urgence<\/strong>. Le syst\u00e8me s&rsquo;int\u00e8gre parfaitement dans la configuration de votre usine, optimisant le <strong>flux de production<\/strong> entre les processus impliqu\u00e9s et assurant une <strong>grande soutenabilit\u00e9<\/strong> pour les op\u00e9rateurs.<\/p>\r\n\t\t\tPoints forts\r\n\t\t<p><strong>Configuration flexible<br \/><\/strong>Conception mini \u00e0 taille extra.<strong>Haute capacit\u00e9 de charge<br \/><\/strong>Design jusqu&rsquo;\u00e0 15+15 tonnes m\u00e9triques.<strong>Elevateur efficace<br \/><\/strong>Versions motoris\u00e9es ou \u00e9lectro-hydrauliques disponibles.<strong>Positionnement spatial \u00e9lev\u00e9<br \/><\/strong>Vers le haut et vers le bas &#8211; vers l&rsquo;avant et vers l&rsquo;arri\u00e8re &#8211; inclinaison<strong>Barri\u00e8re de s\u00e9curit\u00e9 pour op\u00e9rateurs<br \/><\/strong>Au moyen de barri\u00e8res non mat\u00e9rielles, le syst\u00e8me d\u00e9tecte si les personnes franchissent la limite de la baie de fixation pendant son fonctionnement et, dans le cas positif, arr\u00eate imm\u00e9diatement.<strong>Active safety lock\u2122<br \/><\/strong>Chaque poste de fixation est \u00e9quip\u00e9 de deux syst\u00e8mes de freinage hydraulique <em>(mont\u00e9s sur les supports),<\/em> qui offrent une action efficace en maintenant la fixation toujours en position verticale, \u00e9liminant ainsi le risque de chute.<strong>Dispositif de s\u00e9curit\u00e9 de d\u00e9bit d&rsquo;huile<br \/><\/strong>Arr\u00eate le flux d&rsquo;huile dans tout le syst\u00e8me hydraulique en cas de d\u00e9faillance d&rsquo;urgence.<strong>Cellules de charge<\/strong><strong>Interrupteurs d&rsquo;ajustement de vitesse<br \/><\/strong>Contr\u00f4le les deux moteurs de levage pour fonctionner toujours \u00e0 la m\u00eame vitesse.<strong>Interrupteurs de limite<\/strong><strong>\u00a0<\/strong><strong>Interverrouillages de s\u00e9curit\u00e9<\/strong><\/p>\r\n\t\t\tAvantages\r\n\t\t<p><strong>Moins de blessures et d&rsquo;arr\u00eats m\u00e9dicaux<\/strong><strong>Productivit\u00e9 et capacit\u00e9 accrues<\/strong><strong>Confort am\u00e9lior\u00e9 des travailleurs<br \/><\/strong>Il garantit la durabilit\u00e9 de l&#8217;emploi pour les ressources humaines<strong>Disposition optimis\u00e9e de l&rsquo;usine<\/strong><strong>Gestion intelligente des d\u00e9penses op\u00e9rationnelles<br \/><\/strong>Il contribue \u00e0 r\u00e9duire les co\u00fbts op\u00e9rationnels de l&rsquo;usine<\/p>\r\n<h3>\r\n\t<b>Navettes de transfert<\/b>\r\n\t<\/h3>\r\n\t<p>Les navettes de transfert sont des solutions hautement efficaces et fiables dans les syst\u00e8mes de manutention. Typiquement utilis\u00e9es pour <strong>transf\u00e9rer<\/strong> <strong>automatiquement<\/strong> ou <strong>semi-automatiquement<\/strong> des mat\u00e9riaux au sein de l&rsquo;installation, elles am\u00e9liorent la s\u00e9curit\u00e9 des op\u00e9rateurs et l&rsquo;efficacit\u00e9 des d\u00e9partements.<\/p>\r\n<p>Ces navettes r\u00e9duisent la d\u00e9pendance aux chariots \u00e9l\u00e9vateurs, ce qui <strong>permet des \u00e9conomies significatives<\/strong> en raison de la r\u00e9duction des investissements et des frais de manutention. Elles peuvent \u00eatre aliment\u00e9es par le <strong>r\u00e9seau \u00e9lectrique<\/strong> ou avec des syst\u00e8mes de <strong>batteries<\/strong> dot\u00e9s d&rsquo;un rechargement automatique. De plus, elles s&rsquo;int\u00e8grent parfaitement avec d&rsquo;autres syst\u00e8mes de manutention de GIMECO.<\/p>\r\n<h3>\r\n\t<b>Poumon automatique \u00e0 <br \/>double-niveau <\/b>pour poutres\r\n\t<\/h3>\r\n\tUne solution brillante pour tous les cas o\u00f9 il est n\u00e9cessaire <strong>d&rsquo;augmenter consid\u00e9rablement la productivit\u00e9 <\/strong>tout en garantissant la s\u00e9curit\u00e9 compl\u00e8te de l&rsquo;usine implique l&rsquo;installation de syst\u00e8mes poumon <em>(ou tampons accumulateurs)<\/em> pour les supports de levage <em>(ou poutres)<\/em>, <strong>r\u00e9duisant ainsi la d\u00e9pendance aux grues.<br \/>\r\n<\/strong>Chacun de ces tampons est situ\u00e9 dans les zones de chargement et de d\u00e9chargement et comprend toutes les fonctions automatiques li\u00e9es \u00e0 la gestion des racks de levage.<br \/>\r\n<strong>La manipulation se fait simultan\u00e9ment<\/strong> \u00e0 deux niveaux diff\u00e9rents : la partie inf\u00e9rieure est destin\u00e9e \u00e0 la manipulation des racks de mat\u00e9riau noir ou galvanis\u00e9, coupl\u00e9e \u00e0 la station de levage hydraulique positionn\u00e9e aux deux extr\u00e9mit\u00e9s du tampon et aux navettes de transfert, tandis que la partie sup\u00e9rieure est destin\u00e9e \u00e0 la manipulation des racks vides. Les mouvements sont entra\u00een\u00e9s \u00e9lectriquement et cycliques, ce qui garantit que la position initiale au d\u00e9but du tampon reste toujours vide.\r\n<h3>\r\n\t<strong>Stations d&rsquo;immersion et de levage<\/strong> post-traitement\r\n\t<\/h3>\r\n\t<p>Ces stations facilitent l&rsquo;immersion des mat\u00e9riaux dans les r\u00e9servoirs de trempe et de passivation tout en permettant des ajustements de hauteur et d&rsquo;inclinaison, ce qui rationalise le processus. En cas de d\u00e9faillance, les op\u00e9rations se poursuivent \u00e0 l&rsquo;aide de la grue suspendue.<\/p>\r\n<h3>\r\n\t<b>Galvanisation de tubes et tuyaux<\/b><br \/> \u00e9quipement sp\u00e9cifique\r\n\t<\/h3>\r\n\t<a href=\"https:\/\/gimeco.com\/fr\/galvanisation-de-tubes-et-tuyaux\/\" target=\"_self\" role=\"button\" rel=\"noopener\">\r\n\t\t\t\t\tEn savoir <b>plus<\/b>\r\n\t<\/a>\r\n<h3>\r\n\t<b>Galvanisation automatique par centrifugation<\/b><br \/>\u00e9quipement sp\u00e9cifique\r\n\t<\/h3>\r\n\t<a href=\"https:\/\/gimeco.com\/fr\/galvanisation-automatique-par-centrifugation\/\" target=\"_self\" role=\"button\" rel=\"noopener\">\r\n\t\t\t\t\tEn savoir <b>plus<\/b>\r\n\t<\/a>\r\n\r\n<\/div><!-- .vgblk-rw-wrapper -->","protected":false},"excerpt":{"rendered":"<p>Logistique interne et manutention des mat\u00e9riaux Nos propositions en mati\u00e8re de manutention repr\u00e9sentent une innovation cruciale pour l&rsquo;efficacit\u00e9 industrielle. Nous personnalisons des solutions technologiques pour chaque d\u00e9partement, \u00e9liminant les goulots d&rsquo;\u00e9tranglement qui entravent la production. Chacun de nos syst\u00e8mes est m\u00e9ticuleusement con\u00e7u pour des performances optimales \u00e0 toutes les \u00e9tapes du processus. Nous utilisons des&#8230;<\/p>\n","protected":false},"author":1,"featured_media":0,"parent":0,"menu_order":0,"comment_status":"closed","ping_status":"closed","template":"","meta":{"inline_featured_image":false,"footnotes":""},"class_list":["post-21452","page","type-page","status-publish","hentry"],"yoast_head":"<!-- This site is optimized with the Yoast SEO plugin v26.4 - https:\/\/yoast.com\/wordpress\/plugins\/seo\/ -->\n<title>Manipulation \u2013 Automatisation | GIMECO Impianti<\/title>\n<meta name=\"description\" content=\"Nos propositions de manutention repr\u00e9sentent une innovation cruciale pour l&#039;efficacit\u00e9 industrielle. Nous personnalisons des solutions...\" \/>\n<meta name=\"robots\" content=\"index, follow, max-snippet:-1, max-image-preview:large, max-video-preview:-1\" \/>\n<link rel=\"canonical\" href=\"https:\/\/gimeco.com\/handling-automation\/\" \/>\n<meta property=\"og:locale\" content=\"fr_FR\" \/>\n<meta property=\"og:type\" content=\"article\" \/>\n<meta property=\"og:title\" content=\"Manipulation \u2013 Automatisation | GIMECO Impianti\" \/>\n<meta property=\"og:description\" content=\"Nos propositions de manutention repr\u00e9sentent une innovation cruciale pour l&#039;efficacit\u00e9 industrielle. Nous personnalisons des solutions...\" \/>\n<meta property=\"og:url\" content=\"https:\/\/gimeco.com\/handling-automation\/\" \/>\n<meta property=\"og:site_name\" content=\"GIMECO Impianti\" \/>\n<meta property=\"article:publisher\" content=\"https:\/\/www.facebook.com\/gimecogroup\" \/>\n<meta property=\"article:modified_time\" content=\"2024-06-03T11:58:27+00:00\" \/>\n<meta property=\"og:image\" content=\"https:\/\/gimeco.com\/wp-content\/plugins\/beaver-builder-lite-version\/img\/pixel.png\" \/>\n<script type=\"application\/ld+json\" class=\"yoast-schema-graph\">{\"@context\":\"https:\/\/schema.org\",\"@graph\":[{\"@type\":\"WebPage\",\"@id\":\"https:\/\/gimeco.com\/handling-automation\/\",\"url\":\"https:\/\/gimeco.com\/handling-automation\/\",\"name\":\"Manipulation \u2013 Automatisation | GIMECO Impianti\",\"isPartOf\":{\"@id\":\"https:\/\/gimeco.com\/#website\"},\"primaryImageOfPage\":{\"@id\":\"https:\/\/gimeco.com\/handling-automation\/#primaryimage\"},\"image\":{\"@id\":\"https:\/\/gimeco.com\/handling-automation\/#primaryimage\"},\"thumbnailUrl\":\"https:\/\/gimeco.com\/wp-content\/plugins\/beaver-builder-lite-version\/img\/pixel.png\",\"datePublished\":\"2023-10-03T13:08:13+00:00\",\"dateModified\":\"2024-06-03T11:58:27+00:00\",\"description\":\"Nos propositions de manutention repr\u00e9sentent une innovation cruciale pour l'efficacit\u00e9 industrielle. Nous personnalisons des solutions...\",\"breadcrumb\":{\"@id\":\"https:\/\/gimeco.com\/handling-automation\/#breadcrumb\"},\"inLanguage\":\"fr-FR\",\"potentialAction\":[{\"@type\":\"ReadAction\",\"target\":[\"https:\/\/gimeco.com\/handling-automation\/\"]}]},{\"@type\":\"ImageObject\",\"inLanguage\":\"fr-FR\",\"@id\":\"https:\/\/gimeco.com\/handling-automation\/#primaryimage\",\"url\":\"https:\/\/gimeco.com\/wp-content\/plugins\/beaver-builder-lite-version\/img\/pixel.png\",\"contentUrl\":\"https:\/\/gimeco.com\/wp-content\/plugins\/beaver-builder-lite-version\/img\/pixel.png\"},{\"@type\":\"BreadcrumbList\",\"@id\":\"https:\/\/gimeco.com\/handling-automation\/#breadcrumb\",\"itemListElement\":[{\"@type\":\"ListItem\",\"position\":1,\"name\":\"Home\",\"item\":\"https:\/\/gimeco.com\/fr\/\"},{\"@type\":\"ListItem\",\"position\":2,\"name\":\"Manipulation \u2013 Automatisation\"}]},{\"@type\":\"WebSite\",\"@id\":\"https:\/\/gimeco.com\/#website\",\"url\":\"https:\/\/gimeco.com\/\",\"name\":\"gimeco.com\",\"description\":\"Your Partner from A to Zink\",\"publisher\":{\"@id\":\"https:\/\/gimeco.com\/#organization\"},\"alternateName\":\"Gimeco\",\"potentialAction\":[{\"@type\":\"SearchAction\",\"target\":{\"@type\":\"EntryPoint\",\"urlTemplate\":\"https:\/\/gimeco.com\/?s={search_term_string}\"},\"query-input\":{\"@type\":\"PropertyValueSpecification\",\"valueRequired\":true,\"valueName\":\"search_term_string\"}}],\"inLanguage\":\"fr-FR\"},{\"@type\":\"Organization\",\"@id\":\"https:\/\/gimeco.com\/#organization\",\"name\":\"Gimeco\",\"url\":\"https:\/\/gimeco.com\/\",\"logo\":{\"@type\":\"ImageObject\",\"inLanguage\":\"fr-FR\",\"@id\":\"https:\/\/gimeco.com\/#\/schema\/logo\/image\/\",\"url\":\"https:\/\/gimeco.com\/wp-content\/uploads\/2023\/11\/Logo_GIMECO_StringNoPayoff-250.png\",\"contentUrl\":\"https:\/\/gimeco.com\/wp-content\/uploads\/2023\/11\/Logo_GIMECO_StringNoPayoff-250.png\",\"width\":250,\"height\":98,\"caption\":\"Gimeco\"},\"image\":{\"@id\":\"https:\/\/gimeco.com\/#\/schema\/logo\/image\/\"},\"sameAs\":[\"https:\/\/www.facebook.com\/gimecogroup\"]}]}<\/script>\n<!-- \/ Yoast SEO plugin. -->","yoast_head_json":{"title":"Manipulation \u2013 Automatisation | GIMECO Impianti","description":"Nos propositions de manutention repr\u00e9sentent une innovation cruciale pour l'efficacit\u00e9 industrielle. Nous personnalisons des solutions...","robots":{"index":"index","follow":"follow","max-snippet":"max-snippet:-1","max-image-preview":"max-image-preview:large","max-video-preview":"max-video-preview:-1"},"canonical":"https:\/\/gimeco.com\/handling-automation\/","og_locale":"fr_FR","og_type":"article","og_title":"Manipulation \u2013 Automatisation | GIMECO Impianti","og_description":"Nos propositions de manutention repr\u00e9sentent une innovation cruciale pour l'efficacit\u00e9 industrielle. Nous personnalisons des solutions...","og_url":"https:\/\/gimeco.com\/handling-automation\/","og_site_name":"GIMECO Impianti","article_publisher":"https:\/\/www.facebook.com\/gimecogroup","article_modified_time":"2024-06-03T11:58:27+00:00","og_image":[{"url":"https:\/\/gimeco.com\/wp-content\/plugins\/beaver-builder-lite-version\/img\/pixel.png","type":"","width":"","height":""}],"schema":{"@context":"https:\/\/schema.org","@graph":[{"@type":"WebPage","@id":"https:\/\/gimeco.com\/handling-automation\/","url":"https:\/\/gimeco.com\/handling-automation\/","name":"Manipulation \u2013 Automatisation | GIMECO Impianti","isPartOf":{"@id":"https:\/\/gimeco.com\/#website"},"primaryImageOfPage":{"@id":"https:\/\/gimeco.com\/handling-automation\/#primaryimage"},"image":{"@id":"https:\/\/gimeco.com\/handling-automation\/#primaryimage"},"thumbnailUrl":"https:\/\/gimeco.com\/wp-content\/plugins\/beaver-builder-lite-version\/img\/pixel.png","datePublished":"2023-10-03T13:08:13+00:00","dateModified":"2024-06-03T11:58:27+00:00","description":"Nos propositions de manutention repr\u00e9sentent une innovation cruciale pour l'efficacit\u00e9 industrielle. Nous personnalisons des solutions...","breadcrumb":{"@id":"https:\/\/gimeco.com\/handling-automation\/#breadcrumb"},"inLanguage":"fr-FR","potentialAction":[{"@type":"ReadAction","target":["https:\/\/gimeco.com\/handling-automation\/"]}]},{"@type":"ImageObject","inLanguage":"fr-FR","@id":"https:\/\/gimeco.com\/handling-automation\/#primaryimage","url":"https:\/\/gimeco.com\/wp-content\/plugins\/beaver-builder-lite-version\/img\/pixel.png","contentUrl":"https:\/\/gimeco.com\/wp-content\/plugins\/beaver-builder-lite-version\/img\/pixel.png"},{"@type":"BreadcrumbList","@id":"https:\/\/gimeco.com\/handling-automation\/#breadcrumb","itemListElement":[{"@type":"ListItem","position":1,"name":"Home","item":"https:\/\/gimeco.com\/fr\/"},{"@type":"ListItem","position":2,"name":"Manipulation \u2013 Automatisation"}]},{"@type":"WebSite","@id":"https:\/\/gimeco.com\/#website","url":"https:\/\/gimeco.com\/","name":"gimeco.com","description":"Your Partner from A to Zink","publisher":{"@id":"https:\/\/gimeco.com\/#organization"},"alternateName":"Gimeco","potentialAction":[{"@type":"SearchAction","target":{"@type":"EntryPoint","urlTemplate":"https:\/\/gimeco.com\/?s={search_term_string}"},"query-input":{"@type":"PropertyValueSpecification","valueRequired":true,"valueName":"search_term_string"}}],"inLanguage":"fr-FR"},{"@type":"Organization","@id":"https:\/\/gimeco.com\/#organization","name":"Gimeco","url":"https:\/\/gimeco.com\/","logo":{"@type":"ImageObject","inLanguage":"fr-FR","@id":"https:\/\/gimeco.com\/#\/schema\/logo\/image\/","url":"https:\/\/gimeco.com\/wp-content\/uploads\/2023\/11\/Logo_GIMECO_StringNoPayoff-250.png","contentUrl":"https:\/\/gimeco.com\/wp-content\/uploads\/2023\/11\/Logo_GIMECO_StringNoPayoff-250.png","width":250,"height":98,"caption":"Gimeco"},"image":{"@id":"https:\/\/gimeco.com\/#\/schema\/logo\/image\/"},"sameAs":["https:\/\/www.facebook.com\/gimecogroup"]}]}},"_links":{"self":[{"href":"https:\/\/gimeco.com\/fr\/wp-json\/wp\/v2\/pages\/21452","targetHints":{"allow":["GET"]}}],"collection":[{"href":"https:\/\/gimeco.com\/fr\/wp-json\/wp\/v2\/pages"}],"about":[{"href":"https:\/\/gimeco.com\/fr\/wp-json\/wp\/v2\/types\/page"}],"author":[{"embeddable":true,"href":"https:\/\/gimeco.com\/fr\/wp-json\/wp\/v2\/users\/1"}],"replies":[{"embeddable":true,"href":"https:\/\/gimeco.com\/fr\/wp-json\/wp\/v2\/comments?post=21452"}],"version-history":[{"count":8,"href":"https:\/\/gimeco.com\/fr\/wp-json\/wp\/v2\/pages\/21452\/revisions"}],"predecessor-version":[{"id":22602,"href":"https:\/\/gimeco.com\/fr\/wp-json\/wp\/v2\/pages\/21452\/revisions\/22602"}],"wp:attachment":[{"href":"https:\/\/gimeco.com\/fr\/wp-json\/wp\/v2\/media?parent=21452"}],"curies":[{"name":"wp","href":"https:\/\/api.w.org\/{rel}","templated":true}]}}