{"id":21481,"date":"2023-10-03T09:41:44","date_gmt":"2023-10-03T09:41:44","guid":{"rendered":"https:\/\/gimeco.com\/tubes-and-pipes-galvanizing\/"},"modified":"2024-06-03T11:56:07","modified_gmt":"2024-06-03T11:56:07","slug":"galvanisation-de-tubes-et-tuyaux","status":"publish","type":"page","link":"https:\/\/gimeco.com\/fr\/galvanisation-de-tubes-et-tuyaux\/","title":{"rendered":"Galvanisation de tubes et tuyaux"},"content":{"rendered":"<div class=\"vgblk-rw-wrapper limit-wrapper\">\r\n\r\n\t<p>Au fil des ann\u00e9es et gr\u00e2ce \u00e0 un savoir-faire accru suite \u00e0 l&rsquo;acquisition de la soci\u00e9t\u00e9 CO.T.IMP.I, nous chez GIMECO avons d\u00e9velopp\u00e9 des \u00e9quipements pour des lignes compl\u00e8tes de galvanisation \u00e0 chaud de tubes et de tuyaux, qui sont hautement fiables, visant \u00e0 optimiser <strong>et standardiser le processus de production<\/strong> \u00e0 des niveaux de qualit\u00e9 \u00e9lev\u00e9s en contr\u00f4lant et en g\u00e9rant ses diff\u00e9rentes phases.<\/p>\r\n<p>Nous proposons des installations de galvanisation de tubes et de tuyaux dot\u00e9es d&rsquo;un <strong>haut niveau d&rsquo;automatisation<\/strong>. De la phase de pr\u00e9traitement chimique \u00e0 la phase de passivation, toutes les op\u00e9rations sont enti\u00e8rement automatis\u00e9es avec une supervision occasionnelle de l&rsquo;op\u00e9rateur. Une grande attention a \u00e9t\u00e9 port\u00e9e \u00e0 la gestion de la ligne pour <strong>pr\u00e9server l&rsquo;environnement de travail<\/strong> environnant, en respectant les limites les plus strictes impos\u00e9es par les autorit\u00e9s comp\u00e9tentes.<\/p>\r\n<p>Toute la ligne de galvanisation \u00e0 chaud de tubes et de tuyaux est con\u00e7ue pour fonctionner avec une grande efficacit\u00e9, atteignant des <strong>performances de productivit\u00e9 et de qualit\u00e9 \u00e9lev\u00e9es<\/strong>. Ces performances, combin\u00e9es \u00e0 un contr\u00f4le de production complet, ont conduit \u00e0 des r\u00e9sultats significatifs en termes d&rsquo;efficacit\u00e9 \u00e9nerg\u00e9tique et de mati\u00e8res premi\u00e8res.<\/p>\r\n<h3>\r\n\t<strong>Transporteurs de faisceaux de tuyaux en continu<\/strong>\r\n\t<\/h3>\r\n<h3>\r\n\t<strong>Machines de d\u00e9m\u00ealage de faisceaux<br \/><\/strong>\r\n\t<\/h3>\r\n<h3>\r\n\t<strong>Machines d&rsquo;alimentation de s\u00e9cheur<\/strong>\r\n\t<\/h3>\r\n\tLes tubes et tuyaux sont introduits dans la ligne par faisceaux et directement accroch\u00e9s au support universel pour leur manipulation tout au long du processus de pr\u00e9traitement.<br \/>\r\nLes faisceaux provenant du r\u00e9servoir de flux sont plac\u00e9s sur un tapis roulant inclin\u00e9, dimensionn\u00e9 pour contenir et recevoir plusieurs faisceaux simultan\u00e9ment tout en pr\u00e9servant une tra\u00e7abilit\u00e9 compl\u00e8te. Les faisceaux se dirigent vers le dispositif qui les ouvre, puis aligne les tubes individuels. Ceux-ci sont ensuite envoy\u00e9s \u00e0 l&rsquo;entr\u00e9e du s\u00e9cheur.<br \/>\r\nCet \u00e9quipement est enti\u00e8rement automatique et n\u00e9cessite une intervention occasionnelle de l&rsquo;op\u00e9rateur.\r\n\t\t\t\t\t\t\t<img decoding=\"async\" src=\"https:\/\/gimeco.com\/wp-content\/plugins\/beaver-builder-lite-version\/img\/pixel.png\" alt=\"\" itemprop=\"image\" onerror=\"this.style.display='none'\"  \/>\r\n<h3>\r\n\t<b>S\u00e9cheurs \u00e0 convoyeur \u00e0 cha\u00eene<\/b>\r\n\t<\/h3>\r\n\tNos s\u00e9cheurs garantissent un s\u00e9chage total et un pr\u00e9chauffage sensible des tubes en permettant des taux d&rsquo;immersion \u00e9lev\u00e9s dans le zinc fondu, \u00e9vitant ainsi la combustion du flux et limitant la d\u00e9formation par choc thermique.<br \/>\r\nLes performances de s\u00e9chage sont \u00e9lev\u00e9es gr\u00e2ce \u00e0 la grande quantit\u00e9 de d\u00e9bit de recirculation et au flux d&rsquo;air passant ainsi autour et \u00e0 travers les tuyaux \u00e0 s\u00e9cher, <strong>sans d\u00e9passement du point de consigne de temp\u00e9rature<\/strong>.<br \/>\r\nL&rsquo;air de s\u00e9chage est chauff\u00e9 \u00e0 la temp\u00e9rature souhait\u00e9e par un \u00e9changeur de chaleur indirect g\u00e9n\u00e9ralement aliment\u00e9 en vapeur.\r\n<h3>\r\n\t<strong>Alimentation continue pour le trempage<\/strong>\r\n\t<\/h3>\r\n\t<p>Les tuyaux s\u00e9ch\u00e9s sont r\u00e9cup\u00e9r\u00e9s par un dispositif de type \u00ab\u00a0poutre oscillante\u00a0\u00bb qui alimente les rouleaux de lancement des tuyaux pour assurer une alimentation continue de la ligne de trempage. Cet \u00e9quipement est enti\u00e8rement automatique et n\u00e9cessite une assistance occasionnelle de la part d&rsquo;un op\u00e9rateur de contr\u00f4le.<\/p>\r\n<h3>\r\n\t<strong>Machines de trempage et d&rsquo;extraction<\/strong>\r\n\t<\/h3>\r\n\tCette machine de trempage est \u00e9quip\u00e9e d&rsquo;un double jeu de vis synchronis\u00e9es pour le trempage et l&rsquo;extraction des tubes par paires ; la conception innovante permet de r\u00e9duire la largeur de la cuve tout en <strong>maximisant le nombre de tubes trait\u00e9s simultan\u00e9ment.<br \/>\r\n<\/strong>Les ensembles de vis de trempage peuvent g\u00e9rer diff\u00e9rentes tailles de tubes, avec un ensemble disponible pour la maintenance pendant que l&rsquo;autre est en fonctionnement.<br \/>\r\nLe syst\u00e8me de vis h\u00e9lico\u00efdales garantit une adh\u00e9rence uniforme du zinc <em>(g\u00e9r\u00e9e par des recettes de travail).<\/em><br \/>\r\nApr\u00e8s le trempage, les tubes sont retir\u00e9s avec des crochets verticaux. La machine peut \u00eatre facilement d\u00e9mont\u00e9e pour la maintenance ou l&rsquo;am\u00e9lioration.<br \/>\r\nCet \u00e9quipement est enti\u00e8rement automatique et n\u00e9cessite une intervention occasionnelle de la part de l&rsquo;op\u00e9rateur.\r\n<h3>\r\n\t<b>Machines de retrait par essuyage et soufflage <\/b>\r\n\t<\/h3>\r\n<h3>\r\n\t<b>R\u00e9cup\u00e9ration et filtration des oxydes de zinc<\/b>\r\n\t<\/h3>\r\n\tCette machine permet de nettoyer les tuyaux de l&rsquo;exc\u00e8s de zinc apr\u00e8s leur extraction de la cuve, \u00e0 la fois \u00e0 l&rsquo;ext\u00e9rieur et \u00e0 l&rsquo;int\u00e9rieur.<br \/>\r\nLa machine convient aux tuyaux de petit \u00e0 grand diam\u00e8tre<em> (dans le cas de diam\u00e8tres plus importants, la machine est \u00e9quip\u00e9e d&rsquo;un mandrin de soufflage saillant)<\/em> et permet la r\u00e9cup\u00e9ration et la collecte des fum\u00e9es blanches vers le filtre de l&rsquo;usine.<br \/>\r\nCet \u00e9quipement est enti\u00e8rement automatique et n\u00e9cessite l&rsquo;intervention occasionnelle d&rsquo;un op\u00e9rateur.\r\n<h3>\r\n\t<b>Roues dent\u00e9es pour les bacs de trempe<\/b>\r\n\t<\/h3>\r\n<h3>\r\n\t<b>Capots de collecte de vapeur<\/b>\r\n\t<\/h3>\r\n\t<p>Apr\u00e8s les op\u00e9rations de trempage, les tuyaux sont lib\u00e9r\u00e9s dans un bac de trempe d&rsquo;eau, \u00e9quip\u00e9 d&rsquo;un \u00e9l\u00e9ment en forme d&rsquo;\u00e9toile <em>(facilement amovible du bac pour les inspections et la maintenance)<\/em> qui am\u00e9liore l&rsquo;efficacit\u00e9 de fonctionnement en guidant et en extrayant le mat\u00e9riau du bain. Les vapeurs produites par le refroidissement des tuyaux chauds sont collect\u00e9es par un capot d\u00e9di\u00e9.<\/p>\r\n<h3>\r\n\t<strong>Tables d&rsquo;inspection et de tamponnage \u00e0 convoyeur \u00e0 cha\u00eene <\/strong>\r\n\t<\/h3>\r\n<h3>\r\n\t<b>Transfert rouleaux<\/b>\r\n\t<\/h3>\r\n<h3>\r\n\t<b>Berceaux de s\u00e9paration des tuyaux d\u00e9fectueux<\/b>\r\n\t<\/h3>\r\n\r\n<\/div><!-- .vgblk-rw-wrapper -->","protected":false},"excerpt":{"rendered":"<p>Au fil des ann\u00e9es et gr\u00e2ce \u00e0 un savoir-faire accru suite \u00e0 l&rsquo;acquisition de la soci\u00e9t\u00e9 CO.T.IMP.I, nous chez GIMECO avons d\u00e9velopp\u00e9 des \u00e9quipements pour des lignes compl\u00e8tes de galvanisation \u00e0 chaud de tubes et de tuyaux, qui sont hautement fiables, visant \u00e0 optimiser et standardiser le processus de production \u00e0 des niveaux de qualit\u00e9&#8230;<\/p>\n","protected":false},"author":1,"featured_media":0,"parent":0,"menu_order":0,"comment_status":"closed","ping_status":"closed","template":"","meta":{"inline_featured_image":false,"footnotes":""},"class_list":["post-21481","page","type-page","status-publish","hentry"],"yoast_head":"<!-- This site is optimized with the Yoast SEO plugin v26.4 - https:\/\/yoast.com\/wordpress\/plugins\/seo\/ -->\n<title>Galvanisation de tubes et tuyaux | GIMECO Impianti<\/title>\n<meta name=\"description\" content=\"Syst\u00e8mes d\u00e9di\u00e9s \u00e0 la manipulation des tubes et des tuyaux. Au fil des ann\u00e9es, et avec un savoir-faire renforc\u00e9 suite \u00e0 l&#039;acquisition...\" \/>\n<meta name=\"robots\" content=\"index, follow, max-snippet:-1, max-image-preview:large, max-video-preview:-1\" \/>\n<link rel=\"canonical\" href=\"https:\/\/gimeco.com\/tubes-and-pipes-galvanizing\/\" \/>\n<meta property=\"og:locale\" content=\"fr_FR\" \/>\n<meta property=\"og:type\" content=\"article\" \/>\n<meta property=\"og:title\" content=\"Galvanisation de tubes et tuyaux | GIMECO Impianti\" \/>\n<meta property=\"og:description\" content=\"Syst\u00e8mes d\u00e9di\u00e9s \u00e0 la manipulation des tubes et des tuyaux. Au fil des ann\u00e9es, et avec un savoir-faire renforc\u00e9 suite \u00e0 l&#039;acquisition...\" \/>\n<meta property=\"og:url\" content=\"https:\/\/gimeco.com\/tubes-and-pipes-galvanizing\/\" \/>\n<meta property=\"og:site_name\" content=\"GIMECO Impianti\" \/>\n<meta property=\"article:publisher\" content=\"https:\/\/www.facebook.com\/gimecogroup\" \/>\n<meta property=\"article:modified_time\" content=\"2024-06-03T11:56:07+00:00\" \/>\n<meta property=\"og:image\" content=\"https:\/\/gimeco.com\/wp-content\/plugins\/beaver-builder-lite-version\/img\/pixel.png\" \/>\n<script type=\"application\/ld+json\" class=\"yoast-schema-graph\">{\"@context\":\"https:\/\/schema.org\",\"@graph\":[{\"@type\":\"WebPage\",\"@id\":\"https:\/\/gimeco.com\/tubes-and-pipes-galvanizing\/\",\"url\":\"https:\/\/gimeco.com\/tubes-and-pipes-galvanizing\/\",\"name\":\"Galvanisation de tubes et tuyaux | GIMECO Impianti\",\"isPartOf\":{\"@id\":\"https:\/\/gimeco.com\/#website\"},\"primaryImageOfPage\":{\"@id\":\"https:\/\/gimeco.com\/tubes-and-pipes-galvanizing\/#primaryimage\"},\"image\":{\"@id\":\"https:\/\/gimeco.com\/tubes-and-pipes-galvanizing\/#primaryimage\"},\"thumbnailUrl\":\"https:\/\/gimeco.com\/wp-content\/plugins\/beaver-builder-lite-version\/img\/pixel.png\",\"datePublished\":\"2023-10-03T09:41:44+00:00\",\"dateModified\":\"2024-06-03T11:56:07+00:00\",\"description\":\"Syst\u00e8mes d\u00e9di\u00e9s \u00e0 la manipulation des tubes et des tuyaux. Au fil des ann\u00e9es, et avec un savoir-faire renforc\u00e9 suite \u00e0 l'acquisition...\",\"breadcrumb\":{\"@id\":\"https:\/\/gimeco.com\/tubes-and-pipes-galvanizing\/#breadcrumb\"},\"inLanguage\":\"fr-FR\",\"potentialAction\":[{\"@type\":\"ReadAction\",\"target\":[\"https:\/\/gimeco.com\/tubes-and-pipes-galvanizing\/\"]}]},{\"@type\":\"ImageObject\",\"inLanguage\":\"fr-FR\",\"@id\":\"https:\/\/gimeco.com\/tubes-and-pipes-galvanizing\/#primaryimage\",\"url\":\"https:\/\/gimeco.com\/wp-content\/plugins\/beaver-builder-lite-version\/img\/pixel.png\",\"contentUrl\":\"https:\/\/gimeco.com\/wp-content\/plugins\/beaver-builder-lite-version\/img\/pixel.png\"},{\"@type\":\"BreadcrumbList\",\"@id\":\"https:\/\/gimeco.com\/tubes-and-pipes-galvanizing\/#breadcrumb\",\"itemListElement\":[{\"@type\":\"ListItem\",\"position\":1,\"name\":\"Home\",\"item\":\"https:\/\/gimeco.com\/fr\/\"},{\"@type\":\"ListItem\",\"position\":2,\"name\":\"Galvanisation de tubes et tuyaux\"}]},{\"@type\":\"WebSite\",\"@id\":\"https:\/\/gimeco.com\/#website\",\"url\":\"https:\/\/gimeco.com\/\",\"name\":\"gimeco.com\",\"description\":\"Your Partner from A to Zink\",\"publisher\":{\"@id\":\"https:\/\/gimeco.com\/#organization\"},\"alternateName\":\"Gimeco\",\"potentialAction\":[{\"@type\":\"SearchAction\",\"target\":{\"@type\":\"EntryPoint\",\"urlTemplate\":\"https:\/\/gimeco.com\/?s={search_term_string}\"},\"query-input\":{\"@type\":\"PropertyValueSpecification\",\"valueRequired\":true,\"valueName\":\"search_term_string\"}}],\"inLanguage\":\"fr-FR\"},{\"@type\":\"Organization\",\"@id\":\"https:\/\/gimeco.com\/#organization\",\"name\":\"Gimeco\",\"url\":\"https:\/\/gimeco.com\/\",\"logo\":{\"@type\":\"ImageObject\",\"inLanguage\":\"fr-FR\",\"@id\":\"https:\/\/gimeco.com\/#\/schema\/logo\/image\/\",\"url\":\"https:\/\/gimeco.com\/wp-content\/uploads\/2023\/11\/Logo_GIMECO_StringNoPayoff-250.png\",\"contentUrl\":\"https:\/\/gimeco.com\/wp-content\/uploads\/2023\/11\/Logo_GIMECO_StringNoPayoff-250.png\",\"width\":250,\"height\":98,\"caption\":\"Gimeco\"},\"image\":{\"@id\":\"https:\/\/gimeco.com\/#\/schema\/logo\/image\/\"},\"sameAs\":[\"https:\/\/www.facebook.com\/gimecogroup\"]}]}<\/script>\n<!-- \/ Yoast SEO plugin. -->","yoast_head_json":{"title":"Galvanisation de tubes et tuyaux | GIMECO Impianti","description":"Syst\u00e8mes d\u00e9di\u00e9s \u00e0 la manipulation des tubes et des tuyaux. Au fil des ann\u00e9es, et avec un savoir-faire renforc\u00e9 suite \u00e0 l'acquisition...","robots":{"index":"index","follow":"follow","max-snippet":"max-snippet:-1","max-image-preview":"max-image-preview:large","max-video-preview":"max-video-preview:-1"},"canonical":"https:\/\/gimeco.com\/tubes-and-pipes-galvanizing\/","og_locale":"fr_FR","og_type":"article","og_title":"Galvanisation de tubes et tuyaux | GIMECO Impianti","og_description":"Syst\u00e8mes d\u00e9di\u00e9s \u00e0 la manipulation des tubes et des tuyaux. Au fil des ann\u00e9es, et avec un savoir-faire renforc\u00e9 suite \u00e0 l'acquisition...","og_url":"https:\/\/gimeco.com\/tubes-and-pipes-galvanizing\/","og_site_name":"GIMECO Impianti","article_publisher":"https:\/\/www.facebook.com\/gimecogroup","article_modified_time":"2024-06-03T11:56:07+00:00","og_image":[{"url":"https:\/\/gimeco.com\/wp-content\/plugins\/beaver-builder-lite-version\/img\/pixel.png","type":"","width":"","height":""}],"schema":{"@context":"https:\/\/schema.org","@graph":[{"@type":"WebPage","@id":"https:\/\/gimeco.com\/tubes-and-pipes-galvanizing\/","url":"https:\/\/gimeco.com\/tubes-and-pipes-galvanizing\/","name":"Galvanisation de tubes et tuyaux | GIMECO Impianti","isPartOf":{"@id":"https:\/\/gimeco.com\/#website"},"primaryImageOfPage":{"@id":"https:\/\/gimeco.com\/tubes-and-pipes-galvanizing\/#primaryimage"},"image":{"@id":"https:\/\/gimeco.com\/tubes-and-pipes-galvanizing\/#primaryimage"},"thumbnailUrl":"https:\/\/gimeco.com\/wp-content\/plugins\/beaver-builder-lite-version\/img\/pixel.png","datePublished":"2023-10-03T09:41:44+00:00","dateModified":"2024-06-03T11:56:07+00:00","description":"Syst\u00e8mes d\u00e9di\u00e9s \u00e0 la manipulation des tubes et des tuyaux. Au fil des ann\u00e9es, et avec un savoir-faire renforc\u00e9 suite \u00e0 l'acquisition...","breadcrumb":{"@id":"https:\/\/gimeco.com\/tubes-and-pipes-galvanizing\/#breadcrumb"},"inLanguage":"fr-FR","potentialAction":[{"@type":"ReadAction","target":["https:\/\/gimeco.com\/tubes-and-pipes-galvanizing\/"]}]},{"@type":"ImageObject","inLanguage":"fr-FR","@id":"https:\/\/gimeco.com\/tubes-and-pipes-galvanizing\/#primaryimage","url":"https:\/\/gimeco.com\/wp-content\/plugins\/beaver-builder-lite-version\/img\/pixel.png","contentUrl":"https:\/\/gimeco.com\/wp-content\/plugins\/beaver-builder-lite-version\/img\/pixel.png"},{"@type":"BreadcrumbList","@id":"https:\/\/gimeco.com\/tubes-and-pipes-galvanizing\/#breadcrumb","itemListElement":[{"@type":"ListItem","position":1,"name":"Home","item":"https:\/\/gimeco.com\/fr\/"},{"@type":"ListItem","position":2,"name":"Galvanisation de tubes et tuyaux"}]},{"@type":"WebSite","@id":"https:\/\/gimeco.com\/#website","url":"https:\/\/gimeco.com\/","name":"gimeco.com","description":"Your Partner from A to Zink","publisher":{"@id":"https:\/\/gimeco.com\/#organization"},"alternateName":"Gimeco","potentialAction":[{"@type":"SearchAction","target":{"@type":"EntryPoint","urlTemplate":"https:\/\/gimeco.com\/?s={search_term_string}"},"query-input":{"@type":"PropertyValueSpecification","valueRequired":true,"valueName":"search_term_string"}}],"inLanguage":"fr-FR"},{"@type":"Organization","@id":"https:\/\/gimeco.com\/#organization","name":"Gimeco","url":"https:\/\/gimeco.com\/","logo":{"@type":"ImageObject","inLanguage":"fr-FR","@id":"https:\/\/gimeco.com\/#\/schema\/logo\/image\/","url":"https:\/\/gimeco.com\/wp-content\/uploads\/2023\/11\/Logo_GIMECO_StringNoPayoff-250.png","contentUrl":"https:\/\/gimeco.com\/wp-content\/uploads\/2023\/11\/Logo_GIMECO_StringNoPayoff-250.png","width":250,"height":98,"caption":"Gimeco"},"image":{"@id":"https:\/\/gimeco.com\/#\/schema\/logo\/image\/"},"sameAs":["https:\/\/www.facebook.com\/gimecogroup"]}]}},"_links":{"self":[{"href":"https:\/\/gimeco.com\/fr\/wp-json\/wp\/v2\/pages\/21481","targetHints":{"allow":["GET"]}}],"collection":[{"href":"https:\/\/gimeco.com\/fr\/wp-json\/wp\/v2\/pages"}],"about":[{"href":"https:\/\/gimeco.com\/fr\/wp-json\/wp\/v2\/types\/page"}],"author":[{"embeddable":true,"href":"https:\/\/gimeco.com\/fr\/wp-json\/wp\/v2\/users\/1"}],"replies":[{"embeddable":true,"href":"https:\/\/gimeco.com\/fr\/wp-json\/wp\/v2\/comments?post=21481"}],"version-history":[{"count":6,"href":"https:\/\/gimeco.com\/fr\/wp-json\/wp\/v2\/pages\/21481\/revisions"}],"predecessor-version":[{"id":22603,"href":"https:\/\/gimeco.com\/fr\/wp-json\/wp\/v2\/pages\/21481\/revisions\/22603"}],"wp:attachment":[{"href":"https:\/\/gimeco.com\/fr\/wp-json\/wp\/v2\/media?parent=21481"}],"curies":[{"name":"wp","href":"https:\/\/api.w.org\/{rel}","templated":true}]}}