{"id":21483,"date":"2023-10-03T10:16:26","date_gmt":"2023-10-03T10:16:26","guid":{"rendered":"https:\/\/gimeco.com\/spin-galvanizing\/"},"modified":"2024-06-03T08:20:21","modified_gmt":"2024-06-03T08:20:21","slug":"galvanisation-automatique-par-centrifugation","status":"publish","type":"page","link":"https:\/\/gimeco.com\/fr\/galvanisation-automatique-par-centrifugation\/","title":{"rendered":"Galvanisation automatique par centrifugation"},"content":{"rendered":"<div class=\"vgblk-rw-wrapper limit-wrapper\">\r\n<h2>\r\n\tSyst\u00e8mes pour<strong> la galvanisation automatique des articles de quincaillerie<\/strong>\r\n\t<\/h2>\r\n\tLes lignes automatiques de galvanisation \u00e0 chaud par centrifugation pour les pi\u00e8ces m\u00e9talliques de quincaillerie sont d\u00e9di\u00e9es au traitement des <strong>pi\u00e8ces et composants<\/strong> de petite taille \u00e0 galvaniser, tels que les clous, les vis, les raccords, les \u00e9crous et boulons, les rondelles, la quincaillerie de montage en g\u00e9n\u00e9ral ou tout simplement des objets de forme unique.<br \/>\r\nG\u00e9n\u00e9ralement, les produits de quincaillerie de petite taille subissent les m\u00eames \u00e9tapes que ceux utilis\u00e9s pour les articles plus grands, mais b\u00e9n\u00e9ficient d&rsquo;\u00e9quipements d\u00e9di\u00e9s qui, gr\u00e2ce \u00e0 une <strong>automatisation \u00e9lev\u00e9e<\/strong>, permettent de standardiser la production \u00e0 des niveaux de qualit\u00e9 \u00e9lev\u00e9s, <strong>assurant ainsi la reproductibilit\u00e9.<br \/>\r\n<\/strong>De plus, nous proposons des <strong>solutions hybrides<\/strong>, ou des installations polyvalentes, qui permettent de travailler \u00e0 la fois avec de la petite quincaillerie et des ouvrages m\u00e9talliques g\u00e9n\u00e9raux, en utilisant potentiellement le m\u00eame \u00e9quipement selon vos demandes.\r\n<h3>\r\n\t<strong>Convoyeur vibrant <\/strong>\r\n\t<\/h3>\r\n\t<p>Les convoyeurs vibrants, ou les alimentateurs vibrants, sont couramment utilis\u00e9s dans les usines de galvanisation par centrifugation pour manipuler de petites pi\u00e8ces. Ce sont des solutions simples et efficaces avec des besoins d&rsquo;entretien r\u00e9duits, ce qui les rend largement utilis\u00e9s dans l&rsquo;industrie. Notre entreprise poss\u00e8de une exp\u00e9rience \u00e9tendue dans l&rsquo;optimisation des performances et de la robustesse de ces convoyeurs.<\/p>\r\n<p>Nous avons atteint un <strong>\u00e9quilibre significatif entre la vitesse, le faible niveau sonore et l&rsquo;am\u00e9lioration de l&rsquo;ergonomie <\/strong>dans les environnements de production, ce qui aide les op\u00e9rateurs. Ces convoyeurs sont utilis\u00e9s pour alimenter le processus, transf\u00e9rer les pi\u00e8ces du tambour au panier et aider l&rsquo;op\u00e9rateur lors du contr\u00f4le visuel de la qualit\u00e9. Ils peuvent \u00eatre int\u00e9gr\u00e9s de mani\u00e8re transparente avec divers outils de manutention et syst\u00e8mes automatis\u00e9s, tels que le pesage des charges, pour minimiser le travail manuel et la variabilit\u00e9 due au manque de formation ou \u00e0 l&rsquo;absence de personnel.<\/p>\r\n<h3>\r\n\t<strong>Dispositifs automatiques de remplissage de tambours<\/strong>\r\n\t<\/h3>\r\n\tLa quincaillerie minuscule \u00e0 galvaniser est livr\u00e9e dans des conteneurs dont le contenu est transf\u00e9r\u00e9 sur une table inclin\u00e9e qui alimente la goulotte de chargement des tambours de pr\u00e9traitement. Chaque conteneur est vid\u00e9 dans un seul tambour correspondant pour maintenir des <strong>lots de production coh\u00e9rents et assurer la tra\u00e7abilit\u00e9<\/strong>. Un syst\u00e8me de transport a\u00e9rien remplace ensuite le tambour rempli par un tambour vide pour le cycle suivant.<br \/>\r\nUn seul op\u00e9rateur est suffisant pour assister et g\u00e9rer les op\u00e9rations de remplissage.\r\n<h3>\r\n\t<strong>Tambours et cages de pr\u00e9traitement<\/strong>\r\n\t<\/h3>\r\n\t<p>Selon le type de produit, nous fournissons des tambours ou des cages rotatives personnalis\u00e9s pour simplifier la manipulation des mat\u00e9riaux, optimiser la coh\u00e9rence du pr\u00e9traitement et augmenter la vari\u00e9t\u00e9 des produits pouvant \u00eatre trait\u00e9s.<\/p>\r\n<h3>\r\n\t<b>\u00c9quipement rotatif pour les tambours de pr\u00e9traitement<\/b>\r\n\t<\/h3>\r\n\t<p>Dans le d\u00e9partement de pr\u00e9traitement, les tambours tournent dans des cuves pour am\u00e9liorer la pr\u00e9paration de surface. La rotation est assur\u00e9e par un syst\u00e8me motoris\u00e9 d\u00e9di\u00e9 \u00e0 faible entretien et elle se poursuit m\u00eame pendant le levage, facilitant le drainage des solutions de pr\u00e9traitement des surfaces.<\/p>\r\n<h3>\r\n\t<strong>S\u00e9choirs \u00e0 tambour rotatif<\/strong>\r\n\t<\/h3>\r\n<h3>\r\n\t<strong>S\u00e9choirs \u00e0 bande<\/strong>\r\n\t<\/h3>\r\n\t<p>Selon les besoins de production, le s\u00e9choir peut \u00eatre \u00e9quip\u00e9 d&rsquo;un convoyeur \u00e0 bande ou d&rsquo;un tambour rotatif avec une vis d&rsquo;Archim\u00e8de, selon les sp\u00e9cifications, pour transf\u00e9rer le mat\u00e9riau \u00e0 travers un tunnel en acier et assurer un s\u00e9chage complet.<\/p>\r\n<h3>\r\n\t<strong>Unit\u00e9s de pesage, dosage et remplissage de paniers<\/strong>\r\n\t<\/h3>\r\n\tCe syst\u00e8me m\u00e9canis\u00e9 hautement automatis\u00e9 permet le tri et le pesage pr\u00e9cis des petites pi\u00e8ces, facilitant le chargement des paniers pour le processus de galvanisation. Alors que cette unit\u00e9 fonctionne automatiquement pour les plus petites pi\u00e8ces, elle peut n\u00e9cessiter une supervision de l&rsquo;op\u00e9rateur pour d&rsquo;autres types de mat\u00e9riaux.<br \/>\r\nLe choix d&rsquo;un type de mat\u00e9riau uniforme pour chaque panier permet de d\u00e9finir des recettes sp\u00e9cifiques, garantissant des niveaux de qualit\u00e9 constants entre les lots de production.\r\n<h3>\r\n\t<b>Machines de galvanisation par centrifugation<\/b>\r\n\t<\/h3>\r\n\t<p>Ce sont des machines hautement automatis\u00e9es, con\u00e7ues pour manipuler des paniers dans le bain de galvanisation et effectuer le processus de centrifugation final. Elles fonctionnent automatiquement selon des <strong>prescriptions pr\u00e9d\u00e9finies<\/strong>, organis\u00e9es et contr\u00f4l\u00e9es via un logiciel.<\/p>\r\n<p>Disponibles en deux versions: <strong>suspendue<\/strong> ou \u00e0 <strong>portique<\/strong>.<\/p>\r\nLe syst\u00e8me se compose de plusieurs composants pour assurer la <strong>manipulation et la centrifugation des paniers<\/strong>, le <strong>basculement<\/strong> des paniers immerg\u00e9s, <strong>l&rsquo;\u00e9cumage de la surface du zinc<\/strong> et la <strong>collecte des cendres<\/strong> ; en fonction des niveaux de productivit\u00e9 \u00e0 atteindre, il peut \u00eatre \u00e9quip\u00e9 d&rsquo;un \u00e0 trois robots de manipulation ind\u00e9pendants.<br \/>\r\nCette solution permet de <strong>r\u00e9duire les co\u00fbts \u00e9nerg\u00e9tiques<\/strong> en \u00e9liminant le besoin de refroidir chaque panier, et elle permet une r\u00e9duction significative du nombre de paniers requis.<br \/>\r\nL&rsquo;int\u00e9gration avec un <strong>robot anthropomorphe<\/strong>, comme la derni\u00e8re solution propos\u00e9e par GIMECO, garantit une optimisation encore meilleure des cycles de temps et une productivit\u00e9 accrue.<br \/>\r\nEn g\u00e9n\u00e9ral, ces machines assurent un haut niveau de <strong>standardisation<\/strong> de la production et une <strong>s\u00e9curit\u00e9 totale<\/strong> pour les op\u00e9rateurs.\r\n<h3>\r\n\t<strong>Dispositifs de vidage rapide de panier<\/strong>\r\n\t<\/h3>\r\n\t<p>Apr\u00e8s le retrait de l&rsquo;exc\u00e8s de zinc, cette solution acc\u00e9l\u00e8re le d\u00e9but de la phase de refroidissement des pi\u00e8ces galvanis\u00e9es, tout en contr\u00f4lant la qualit\u00e9 du produit fini.<\/p>\r\n<h3>\r\n\t<strong>Distributeurs roulants intelligents de paniers<\/strong>\r\n\t<\/h3>\r\n\t<p>Ces syst\u00e8mes permettent une manipulation pr\u00e9cise, s&rsquo;adaptant aux caract\u00e9ristiques des mat\u00e9riaux et aux exigences de production, assurant une tra\u00e7abilit\u00e9 totale.<\/p>\r\n\r\n<\/div><!-- .vgblk-rw-wrapper -->","protected":false},"excerpt":{"rendered":"<p>Syst\u00e8mes pour la galvanisation automatique des articles de quincaillerie Les lignes automatiques de galvanisation \u00e0 chaud par centrifugation pour les pi\u00e8ces m\u00e9talliques de quincaillerie sont d\u00e9di\u00e9es au traitement des pi\u00e8ces et composants de petite taille \u00e0 galvaniser, tels que les clous, les vis, les raccords, les \u00e9crous et boulons, les rondelles, la quincaillerie de montage&#8230;<\/p>\n","protected":false},"author":1,"featured_media":0,"parent":0,"menu_order":0,"comment_status":"closed","ping_status":"closed","template":"","meta":{"inline_featured_image":false,"footnotes":""},"class_list":["post-21483","page","type-page","status-publish","hentry"],"yoast_head":"<!-- This site is optimized with the Yoast SEO plugin v26.4 - https:\/\/yoast.com\/wordpress\/plugins\/seo\/ -->\n<title>Galvanisation automatique par centrifugation | GIMECO Impianti<\/title>\n<meta name=\"description\" content=\"Les lignes de galvanisation \u00e0 chaud de la quincaillerie m\u00e9tallique sont con\u00e7ues pour traiter les pi\u00e8ces et les composants de petite...\" \/>\n<meta name=\"robots\" content=\"index, follow, max-snippet:-1, max-image-preview:large, max-video-preview:-1\" \/>\n<link rel=\"canonical\" href=\"https:\/\/gimeco.com\/fr\/galvanisation-automatique-par-centrifugation\/\" \/>\n<meta property=\"og:locale\" content=\"fr_FR\" \/>\n<meta property=\"og:type\" content=\"article\" \/>\n<meta property=\"og:title\" content=\"Galvanisation automatique par centrifugation | GIMECO Impianti\" \/>\n<meta property=\"og:description\" content=\"Les lignes de galvanisation \u00e0 chaud de la quincaillerie m\u00e9tallique sont con\u00e7ues pour traiter les pi\u00e8ces et les composants de petite...\" \/>\n<meta property=\"og:url\" content=\"https:\/\/gimeco.com\/fr\/galvanisation-automatique-par-centrifugation\/\" \/>\n<meta property=\"og:site_name\" content=\"GIMECO Impianti\" \/>\n<meta property=\"article:publisher\" content=\"https:\/\/www.facebook.com\/gimecogroup\" \/>\n<meta property=\"article:modified_time\" content=\"2024-06-03T08:20:21+00:00\" \/>\n<meta property=\"og:image\" content=\"https:\/\/gimeco.com\/wp-content\/uploads\/2023\/11\/Logo_GIMECO_StringNoPayoff-250.png\" \/>\n\t<meta property=\"og:image:width\" content=\"250\" \/>\n\t<meta property=\"og:image:height\" content=\"98\" \/>\n\t<meta property=\"og:image:type\" content=\"image\/png\" \/>\n<script type=\"application\/ld+json\" class=\"yoast-schema-graph\">{\"@context\":\"https:\/\/schema.org\",\"@graph\":[{\"@type\":\"WebPage\",\"@id\":\"https:\/\/gimeco.com\/fr\/galvanisation-automatique-par-centrifugation\/\",\"url\":\"https:\/\/gimeco.com\/fr\/galvanisation-automatique-par-centrifugation\/\",\"name\":\"Galvanisation automatique par centrifugation | GIMECO Impianti\",\"isPartOf\":{\"@id\":\"https:\/\/gimeco.com\/#website\"},\"datePublished\":\"2023-10-03T10:16:26+00:00\",\"dateModified\":\"2024-06-03T08:20:21+00:00\",\"description\":\"Les lignes de galvanisation \u00e0 chaud de la quincaillerie m\u00e9tallique sont con\u00e7ues pour traiter les pi\u00e8ces et les composants de petite...\",\"breadcrumb\":{\"@id\":\"https:\/\/gimeco.com\/fr\/galvanisation-automatique-par-centrifugation\/#breadcrumb\"},\"inLanguage\":\"fr-FR\",\"potentialAction\":[{\"@type\":\"ReadAction\",\"target\":[\"https:\/\/gimeco.com\/fr\/galvanisation-automatique-par-centrifugation\/\"]}]},{\"@type\":\"BreadcrumbList\",\"@id\":\"https:\/\/gimeco.com\/fr\/galvanisation-automatique-par-centrifugation\/#breadcrumb\",\"itemListElement\":[{\"@type\":\"ListItem\",\"position\":1,\"name\":\"Home\",\"item\":\"https:\/\/gimeco.com\/fr\/\"},{\"@type\":\"ListItem\",\"position\":2,\"name\":\"Galvanisation automatique par centrifugation\"}]},{\"@type\":\"WebSite\",\"@id\":\"https:\/\/gimeco.com\/#website\",\"url\":\"https:\/\/gimeco.com\/\",\"name\":\"gimeco.com\",\"description\":\"Your Partner from A to Zink\",\"publisher\":{\"@id\":\"https:\/\/gimeco.com\/#organization\"},\"alternateName\":\"Gimeco\",\"potentialAction\":[{\"@type\":\"SearchAction\",\"target\":{\"@type\":\"EntryPoint\",\"urlTemplate\":\"https:\/\/gimeco.com\/?s={search_term_string}\"},\"query-input\":{\"@type\":\"PropertyValueSpecification\",\"valueRequired\":true,\"valueName\":\"search_term_string\"}}],\"inLanguage\":\"fr-FR\"},{\"@type\":\"Organization\",\"@id\":\"https:\/\/gimeco.com\/#organization\",\"name\":\"Gimeco\",\"url\":\"https:\/\/gimeco.com\/\",\"logo\":{\"@type\":\"ImageObject\",\"inLanguage\":\"fr-FR\",\"@id\":\"https:\/\/gimeco.com\/#\/schema\/logo\/image\/\",\"url\":\"https:\/\/gimeco.com\/wp-content\/uploads\/2023\/11\/Logo_GIMECO_StringNoPayoff-250.png\",\"contentUrl\":\"https:\/\/gimeco.com\/wp-content\/uploads\/2023\/11\/Logo_GIMECO_StringNoPayoff-250.png\",\"width\":250,\"height\":98,\"caption\":\"Gimeco\"},\"image\":{\"@id\":\"https:\/\/gimeco.com\/#\/schema\/logo\/image\/\"},\"sameAs\":[\"https:\/\/www.facebook.com\/gimecogroup\"]}]}<\/script>\n<!-- \/ Yoast SEO plugin. -->","yoast_head_json":{"title":"Galvanisation automatique par centrifugation | GIMECO Impianti","description":"Les lignes de galvanisation \u00e0 chaud de la quincaillerie m\u00e9tallique sont con\u00e7ues pour traiter les pi\u00e8ces et les composants de petite...","robots":{"index":"index","follow":"follow","max-snippet":"max-snippet:-1","max-image-preview":"max-image-preview:large","max-video-preview":"max-video-preview:-1"},"canonical":"https:\/\/gimeco.com\/fr\/galvanisation-automatique-par-centrifugation\/","og_locale":"fr_FR","og_type":"article","og_title":"Galvanisation automatique par centrifugation | GIMECO Impianti","og_description":"Les lignes de galvanisation \u00e0 chaud de la quincaillerie m\u00e9tallique sont con\u00e7ues pour traiter les pi\u00e8ces et les composants de petite...","og_url":"https:\/\/gimeco.com\/fr\/galvanisation-automatique-par-centrifugation\/","og_site_name":"GIMECO Impianti","article_publisher":"https:\/\/www.facebook.com\/gimecogroup","article_modified_time":"2024-06-03T08:20:21+00:00","og_image":[{"width":250,"height":98,"url":"https:\/\/gimeco.com\/wp-content\/uploads\/2023\/11\/Logo_GIMECO_StringNoPayoff-250.png","type":"image\/png"}],"schema":{"@context":"https:\/\/schema.org","@graph":[{"@type":"WebPage","@id":"https:\/\/gimeco.com\/fr\/galvanisation-automatique-par-centrifugation\/","url":"https:\/\/gimeco.com\/fr\/galvanisation-automatique-par-centrifugation\/","name":"Galvanisation automatique par centrifugation | GIMECO Impianti","isPartOf":{"@id":"https:\/\/gimeco.com\/#website"},"datePublished":"2023-10-03T10:16:26+00:00","dateModified":"2024-06-03T08:20:21+00:00","description":"Les lignes de galvanisation \u00e0 chaud de la quincaillerie m\u00e9tallique sont con\u00e7ues pour traiter les pi\u00e8ces et les composants de petite...","breadcrumb":{"@id":"https:\/\/gimeco.com\/fr\/galvanisation-automatique-par-centrifugation\/#breadcrumb"},"inLanguage":"fr-FR","potentialAction":[{"@type":"ReadAction","target":["https:\/\/gimeco.com\/fr\/galvanisation-automatique-par-centrifugation\/"]}]},{"@type":"BreadcrumbList","@id":"https:\/\/gimeco.com\/fr\/galvanisation-automatique-par-centrifugation\/#breadcrumb","itemListElement":[{"@type":"ListItem","position":1,"name":"Home","item":"https:\/\/gimeco.com\/fr\/"},{"@type":"ListItem","position":2,"name":"Galvanisation automatique par centrifugation"}]},{"@type":"WebSite","@id":"https:\/\/gimeco.com\/#website","url":"https:\/\/gimeco.com\/","name":"gimeco.com","description":"Your Partner from A to Zink","publisher":{"@id":"https:\/\/gimeco.com\/#organization"},"alternateName":"Gimeco","potentialAction":[{"@type":"SearchAction","target":{"@type":"EntryPoint","urlTemplate":"https:\/\/gimeco.com\/?s={search_term_string}"},"query-input":{"@type":"PropertyValueSpecification","valueRequired":true,"valueName":"search_term_string"}}],"inLanguage":"fr-FR"},{"@type":"Organization","@id":"https:\/\/gimeco.com\/#organization","name":"Gimeco","url":"https:\/\/gimeco.com\/","logo":{"@type":"ImageObject","inLanguage":"fr-FR","@id":"https:\/\/gimeco.com\/#\/schema\/logo\/image\/","url":"https:\/\/gimeco.com\/wp-content\/uploads\/2023\/11\/Logo_GIMECO_StringNoPayoff-250.png","contentUrl":"https:\/\/gimeco.com\/wp-content\/uploads\/2023\/11\/Logo_GIMECO_StringNoPayoff-250.png","width":250,"height":98,"caption":"Gimeco"},"image":{"@id":"https:\/\/gimeco.com\/#\/schema\/logo\/image\/"},"sameAs":["https:\/\/www.facebook.com\/gimecogroup"]}]}},"_links":{"self":[{"href":"https:\/\/gimeco.com\/fr\/wp-json\/wp\/v2\/pages\/21483","targetHints":{"allow":["GET"]}}],"collection":[{"href":"https:\/\/gimeco.com\/fr\/wp-json\/wp\/v2\/pages"}],"about":[{"href":"https:\/\/gimeco.com\/fr\/wp-json\/wp\/v2\/types\/page"}],"author":[{"embeddable":true,"href":"https:\/\/gimeco.com\/fr\/wp-json\/wp\/v2\/users\/1"}],"replies":[{"embeddable":true,"href":"https:\/\/gimeco.com\/fr\/wp-json\/wp\/v2\/comments?post=21483"}],"version-history":[{"count":3,"href":"https:\/\/gimeco.com\/fr\/wp-json\/wp\/v2\/pages\/21483\/revisions"}],"predecessor-version":[{"id":21606,"href":"https:\/\/gimeco.com\/fr\/wp-json\/wp\/v2\/pages\/21483\/revisions\/21606"}],"wp:attachment":[{"href":"https:\/\/gimeco.com\/fr\/wp-json\/wp\/v2\/media?parent=21483"}],"curies":[{"name":"wp","href":"https:\/\/api.w.org\/{rel}","templated":true}]}}