{"id":21487,"date":"2023-09-25T08:47:03","date_gmt":"2023-09-25T08:47:03","guid":{"rendered":"https:\/\/gimeco.com\/neutralisation-regeneration\/"},"modified":"2024-06-04T15:14:42","modified_gmt":"2024-06-04T15:14:42","slug":"neutralisation-regeneration","status":"publish","type":"page","link":"https:\/\/gimeco.com\/fr\/neutralisation-regeneration\/","title":{"rendered":"Neutralisation \u2013 R\u00e9g\u00e9n\u00e9ration"},"content":{"rendered":"<div class=\"vgblk-rw-wrapper limit-wrapper\">\n\n\tLes syst\u00e8mes de r\u00e9g\u00e9n\u00e9ration des acides, de r\u00e9g\u00e9n\u00e9ration des flux et de neutralisation des acides repr\u00e9sentent l&rsquo;ach\u00e8vement logique d&rsquo;une usine de galvanisation \u00e0 chaud. Avec eux, il est possible <strong>d&rsquo;am\u00e9liorer significativement \u00e0 la fois l&rsquo;impact environnemental et l&rsquo;efficacit\u00e9 de production<\/strong> de la ligne de galvanisation. L&rsquo;industrie doit renouveler son image, et la <strong>logique du respect de l&rsquo;environnement<\/strong> est le principal chemin pour am\u00e9liorer la r\u00e9putation sociale.<br \/>\nUn autre avantage remarquable de l&rsquo;introduction d&rsquo;unit\u00e9s de r\u00e9g\u00e9n\u00e9ration et de neutralisation au sein de votre entreprise r\u00e9side dans les \u00e9conomies significatives r\u00e9alis\u00e9es gr\u00e2ce \u00e0 la r\u00e9duction des d\u00e9chets.\n<p>De m\u00eame, dans le cas de la r\u00e9g\u00e9n\u00e9ration des acides usag\u00e9s, la production r\u00e9sultante de <strong>sulfates ferreux<\/strong>, de puissants engrais pour le sol, constitue un excellent exemple <strong>d&rsquo;\u00e9conomie circulaire<\/strong>. La valeur ajout\u00e9e apport\u00e9e par la diminution de l&#8217;empreinte \u00e9cologique permet \u00e0 la galvanisation d&rsquo;\u00e9merger dans des voies certifi\u00e9es de pr\u00e9servation de la nature ; par cons\u00e9quent, ces unit\u00e9s ne peuvent pas manquer dans les installations modernes.<\/p>\n<h3>\n\t<strong>Unit\u00e9s de r\u00e9g\u00e9n\u00e9ration de solutions de fluxage usag\u00e9s<\/strong>\n\t<\/h3>\n\t<p>Ce processus implique le <strong>recyclage<\/strong> de la solution de fluxage dans une unit\u00e9 de <strong>retraitement<\/strong> en circuit ferm\u00e9. En ajoutant du peroxyde d&rsquo;hydrog\u00e8ne et de l&rsquo;ammoniac, le fer pr\u00e9sent dans la solution est s\u00e9par\u00e9 sous forme de boue de hydroxyde de fer non dangereuse, qui peut \u00eatre facilement \u00e9limin\u00e9e dans des d\u00e9charges autoris\u00e9es de d\u00e9chets solides. La solution du bac de fluxage subit une s\u00e9quence d&rsquo;\u00e9tapes, comprenant l&rsquo;oxydation, la neutralisation, le d\u00e9cantation des boues et la filtration sous presse pour la clarifier.<\/p>\nLe pH de la solution est automatiquement surveill\u00e9 et ajust\u00e9 avec le r\u00e9actif alcalin appropri\u00e9. Simultan\u00e9ment, les niveaux de redox sont v\u00e9rifi\u00e9s pour doser la bonne quantit\u00e9 de peroxyde d&rsquo;hydrog\u00e8ne pour l&rsquo;oxydation du fer, entra\u00eenant la pr\u00e9cipitation de l&rsquo;hydroxyde ferrique dans le bac de d\u00e9cantation des boues.<br \/>\nLa <strong>presse-filtre<\/strong> s\u00e9pare les boues solides de la solution de <strong>fluxage claire<\/strong>, qui est renvoy\u00e9e dans le bac de fluxage pour les op\u00e9rations de pr\u00e9traitement. Cette unit\u00e9 fonctionne automatiquement, avec un d\u00e9chargement manuel p\u00e9riodique des boues de la presse-filtre.\n\t\t\tPoints forts\n\t\t<p><strong>Contr\u00f4le de la teneur en fer<br \/><\/strong>La teneur en fer dans la solution de fluxage est maintenue \u00e0 une concentration inf\u00e9rieure \u00e0 5 g\/l<em> (0,667 oz\/gal).<\/em><strong>\u00c9conomie de zinc<br \/><\/strong>En r\u00e9duisant la teneur en fer dans le fluxage, moins de scories et de cendres sont produites, ce qui entra\u00eene une consommation de zinc moindre.<strong>Qualit\u00e9 am\u00e9lior\u00e9e<br \/><\/strong>Un bain de zinc plus propre conduit \u00e0 une am\u00e9lioration de la qualit\u00e9 des produits finis.<strong>Polyvalent<\/strong><\/p>\n<h3>\n\t<b>Unit\u00e9s de r\u00e9g\u00e9n\u00e9ration d&rsquo;acides usag\u00e9s<\/b>\n\t<\/h3>\n\t<p>L&rsquo;unit\u00e9 de r\u00e9g\u00e9n\u00e9ration d&rsquo;acides <strong>r\u00e9cup\u00e8re l&rsquo;acide chlorhydrique<\/strong> \u00e0 partir d&rsquo;acides usag\u00e9s et de solutions de d\u00e9capage. Contrairement aux processus de r\u00e9g\u00e9n\u00e9ration courants, l&rsquo;acide sulfurique est utilis\u00e9 comme r\u00e9actif. L&rsquo;acide r\u00e9g\u00e9n\u00e9r\u00e9 est exempt de contaminants tels que les sulfates, le fer et le zinc. L&rsquo;unit\u00e9 d&rsquo;\u00e9vaporation de l&rsquo;\u00e9quipement fonctionne sous un vide puissant.<\/p>\n<p>Le sous-produit du processus de r\u00e9g\u00e9n\u00e9ration est du sulfate ferreux, un ag<strong>ent fertilisant potentiel pour le sol<\/strong>, qui est produit sous forme de cristal solide et s\u00e9par\u00e9 par une presse-filtre. Cette technologie peut traiter une pr\u00e9sence significative de chlorure de zinc dans l&rsquo;acide de d\u00e9capage usag\u00e9. L&rsquo;\u00e9quipement est con\u00e7u pour fonctionner avec des r\u00e9servoirs de stockage pour les acides usag\u00e9s et r\u00e9g\u00e9n\u00e9r\u00e9s.<\/p>\n\t\t\tPoints forts\n\t\t<p><strong>Cycle bas\u00e9 sur l&rsquo;acide sulfurique<br \/><\/strong>Le H<sub>2<\/sub>SO<sub>4 <\/sub>est utilis\u00e9 comme r\u00e9actif pour la r\u00e9cup\u00e9ration de HCl.<strong>Grande efficacit\u00e9<br \/><\/strong>Jusqu&rsquo;\u00e0 95 \u00e0 97 % d&rsquo;acide chlorhydrique dans les solutions de d\u00e9capage usag\u00e9es peuvent \u00eatre r\u00e9g\u00e9n\u00e9r\u00e9s. Le HCl est r\u00e9cup\u00e9r\u00e9 \u00e0 une concentration de 19 \u00e0 21 %.<strong>Sous-produits \u00e9cologiques<br \/><\/strong>La r\u00e9action g\u00e9n\u00e8re principalement du sulfate ferreux hydrat\u00e9 <em>(FeSO4),<\/em> un agent fertilisant pour le sol.<strong>\u00c9quilibre \u00e9conomique positif<\/strong><\/p>\n<h3>\n\t<strong> Unit\u00e9s de neutralisation des acides et de recyclage de l&rsquo;eau<\/strong>\n\t<\/h3>\n\t<p>Le processus de traitement des <strong>eaux us\u00e9es<\/strong> implique la collecte et le m\u00e9lange des eaux de rin\u00e7age des cuves, la neutralisation de leur niveau d&rsquo;acidit\u00e9 en leur ajoutant la bonne quantit\u00e9 d&rsquo;acide usag\u00e9 et de soude. Le syst\u00e8me fonctionne m\u00eame sans l&rsquo;\u00e9coulement des eaux de rin\u00e7age.<\/p>\n<p>Ensuite, l&rsquo;oxydation convertit certains compos\u00e9s, la d\u00e9cantation s\u00e9pare les solides, et la filtration produit des boues semi-solides. Cette installation peut traiter les effluents liquides de la galvanisation, recycler les eaux de rin\u00e7age et maintenir les niveaux de pH. Elle fonctionne <strong>automatiquement<\/strong> et n\u00e9cessite un retrait p\u00e9riodique manuel des boues.<\/p>\n\t\t\tPoints forts\n\t\t<p><strong>Traitement de l&rsquo;acide chlorhydrique usag\u00e9<br \/><\/strong>Le principal objectif est le traitement de la solution \u00e9puis\u00e9e d&rsquo;acide HCl provenant du d\u00e9capage et destin\u00e9e \u00e0 l&rsquo;\u00e9limination.<strong>Polyvalent<br \/><\/strong>L&rsquo;usine est capable de traiter de l&rsquo;acide usag\u00e9 avec diff\u00e9rentes concentrations de fer dissous et d&rsquo;acidit\u00e9 libre <em>(typiquement : 130 \u00e0 170 g\/l ou 17,37 \u00e0 22,71 oz\/gal de fer et 50 \u00e0 30 g\/l ou 4 \u00e0 6,6 oz\/gal d&rsquo;acidit\u00e9 libre).<\/em><strong>Fiable<br \/><\/strong>Gr\u00e2ce \u00e0 l&rsquo;usine de neutralisation, le fer et autres m\u00e9taux dissous dans l&rsquo;acide pr\u00e9cipitent sous forme d&rsquo;hydroxyde ; la soude est utilis\u00e9e pour neutraliser l&rsquo;acidit\u00e9, atteignant le pH appropri\u00e9 pour que le compos\u00e9 d&rsquo;hydroxyde pr\u00e9cipite<\/p>\n\n<\/div><!-- .vgblk-rw-wrapper -->","protected":false},"excerpt":{"rendered":"<p>Les syst\u00e8mes de r\u00e9g\u00e9n\u00e9ration des acides, de r\u00e9g\u00e9n\u00e9ration des flux et de neutralisation des acides repr\u00e9sentent l&rsquo;ach\u00e8vement logique d&rsquo;une usine de galvanisation \u00e0 chaud. Avec eux, il est possible d&rsquo;am\u00e9liorer significativement \u00e0 la fois l&rsquo;impact environnemental et l&rsquo;efficacit\u00e9 de production de la ligne de galvanisation. L&rsquo;industrie doit renouveler son image, et la logique du respect&#8230;<\/p>\n","protected":false},"author":1,"featured_media":0,"parent":0,"menu_order":0,"comment_status":"closed","ping_status":"closed","template":"","meta":{"inline_featured_image":false,"footnotes":""},"class_list":["post-21487","page","type-page","status-publish","hentry"],"yoast_head":"<!-- This site is optimized with the Yoast SEO plugin v26.4 - https:\/\/yoast.com\/wordpress\/plugins\/seo\/ -->\n<title>Neutralisation \u2013 R\u00e9g\u00e9n\u00e9ration | GIMECO Impianti<\/title>\n<meta name=\"description\" content=\"La neutralisation et la r\u00e9g\u00e9n\u00e9ration am\u00e9liorent consid\u00e9rablement l&#039;impact environnemental et la production de la ligne de galvanisation.\" \/>\n<meta name=\"robots\" content=\"index, follow, max-snippet:-1, max-image-preview:large, max-video-preview:-1\" \/>\n<link rel=\"canonical\" href=\"https:\/\/gimeco.com\/fr\/neutralisation-regeneration\/\" \/>\n<meta property=\"og:locale\" content=\"fr_FR\" \/>\n<meta property=\"og:type\" content=\"article\" \/>\n<meta property=\"og:title\" content=\"Neutralisation \u2013 R\u00e9g\u00e9n\u00e9ration | GIMECO Impianti\" \/>\n<meta property=\"og:description\" content=\"La neutralisation et la r\u00e9g\u00e9n\u00e9ration am\u00e9liorent consid\u00e9rablement l&#039;impact environnemental et la production de la ligne de galvanisation.\" \/>\n<meta property=\"og:url\" content=\"https:\/\/gimeco.com\/fr\/neutralisation-regeneration\/\" \/>\n<meta property=\"og:site_name\" content=\"GIMECO Impianti\" \/>\n<meta property=\"article:publisher\" content=\"https:\/\/www.facebook.com\/gimecogroup\" \/>\n<meta property=\"article:modified_time\" content=\"2024-06-04T15:14:42+00:00\" \/>\n<meta property=\"og:image\" content=\"https:\/\/gimeco.com\/wp-content\/uploads\/2023\/11\/Logo_GIMECO_StringNoPayoff-250.png\" \/>\n\t<meta property=\"og:image:width\" content=\"250\" \/>\n\t<meta property=\"og:image:height\" content=\"98\" \/>\n\t<meta property=\"og:image:type\" content=\"image\/png\" \/>\n<script type=\"application\/ld+json\" class=\"yoast-schema-graph\">{\"@context\":\"https:\/\/schema.org\",\"@graph\":[{\"@type\":\"WebPage\",\"@id\":\"https:\/\/gimeco.com\/fr\/neutralisation-regeneration\/\",\"url\":\"https:\/\/gimeco.com\/fr\/neutralisation-regeneration\/\",\"name\":\"Neutralisation \u2013 R\u00e9g\u00e9n\u00e9ration | GIMECO Impianti\",\"isPartOf\":{\"@id\":\"https:\/\/gimeco.com\/#website\"},\"datePublished\":\"2023-09-25T08:47:03+00:00\",\"dateModified\":\"2024-06-04T15:14:42+00:00\",\"description\":\"La neutralisation et la r\u00e9g\u00e9n\u00e9ration am\u00e9liorent consid\u00e9rablement l'impact environnemental et la production de la ligne de galvanisation.\",\"breadcrumb\":{\"@id\":\"https:\/\/gimeco.com\/fr\/neutralisation-regeneration\/#breadcrumb\"},\"inLanguage\":\"fr-FR\",\"potentialAction\":[{\"@type\":\"ReadAction\",\"target\":[\"https:\/\/gimeco.com\/fr\/neutralisation-regeneration\/\"]}]},{\"@type\":\"BreadcrumbList\",\"@id\":\"https:\/\/gimeco.com\/fr\/neutralisation-regeneration\/#breadcrumb\",\"itemListElement\":[{\"@type\":\"ListItem\",\"position\":1,\"name\":\"Home\",\"item\":\"https:\/\/gimeco.com\/fr\/\"},{\"@type\":\"ListItem\",\"position\":2,\"name\":\"Neutralisation \u2013 R\u00e9g\u00e9n\u00e9ration\"}]},{\"@type\":\"WebSite\",\"@id\":\"https:\/\/gimeco.com\/#website\",\"url\":\"https:\/\/gimeco.com\/\",\"name\":\"gimeco.com\",\"description\":\"Your Partner from A to Zink\",\"publisher\":{\"@id\":\"https:\/\/gimeco.com\/#organization\"},\"alternateName\":\"Gimeco\",\"potentialAction\":[{\"@type\":\"SearchAction\",\"target\":{\"@type\":\"EntryPoint\",\"urlTemplate\":\"https:\/\/gimeco.com\/?s={search_term_string}\"},\"query-input\":{\"@type\":\"PropertyValueSpecification\",\"valueRequired\":true,\"valueName\":\"search_term_string\"}}],\"inLanguage\":\"fr-FR\"},{\"@type\":\"Organization\",\"@id\":\"https:\/\/gimeco.com\/#organization\",\"name\":\"Gimeco\",\"url\":\"https:\/\/gimeco.com\/\",\"logo\":{\"@type\":\"ImageObject\",\"inLanguage\":\"fr-FR\",\"@id\":\"https:\/\/gimeco.com\/#\/schema\/logo\/image\/\",\"url\":\"https:\/\/gimeco.com\/wp-content\/uploads\/2023\/11\/Logo_GIMECO_StringNoPayoff-250.png\",\"contentUrl\":\"https:\/\/gimeco.com\/wp-content\/uploads\/2023\/11\/Logo_GIMECO_StringNoPayoff-250.png\",\"width\":250,\"height\":98,\"caption\":\"Gimeco\"},\"image\":{\"@id\":\"https:\/\/gimeco.com\/#\/schema\/logo\/image\/\"},\"sameAs\":[\"https:\/\/www.facebook.com\/gimecogroup\"]}]}<\/script>\n<!-- \/ Yoast SEO plugin. -->","yoast_head_json":{"title":"Neutralisation \u2013 R\u00e9g\u00e9n\u00e9ration | GIMECO Impianti","description":"La neutralisation et la r\u00e9g\u00e9n\u00e9ration am\u00e9liorent consid\u00e9rablement l'impact environnemental et la production de la ligne de galvanisation.","robots":{"index":"index","follow":"follow","max-snippet":"max-snippet:-1","max-image-preview":"max-image-preview:large","max-video-preview":"max-video-preview:-1"},"canonical":"https:\/\/gimeco.com\/fr\/neutralisation-regeneration\/","og_locale":"fr_FR","og_type":"article","og_title":"Neutralisation \u2013 R\u00e9g\u00e9n\u00e9ration | GIMECO Impianti","og_description":"La neutralisation et la r\u00e9g\u00e9n\u00e9ration am\u00e9liorent consid\u00e9rablement l'impact environnemental et la production de la ligne de galvanisation.","og_url":"https:\/\/gimeco.com\/fr\/neutralisation-regeneration\/","og_site_name":"GIMECO Impianti","article_publisher":"https:\/\/www.facebook.com\/gimecogroup","article_modified_time":"2024-06-04T15:14:42+00:00","og_image":[{"width":250,"height":98,"url":"https:\/\/gimeco.com\/wp-content\/uploads\/2023\/11\/Logo_GIMECO_StringNoPayoff-250.png","type":"image\/png"}],"schema":{"@context":"https:\/\/schema.org","@graph":[{"@type":"WebPage","@id":"https:\/\/gimeco.com\/fr\/neutralisation-regeneration\/","url":"https:\/\/gimeco.com\/fr\/neutralisation-regeneration\/","name":"Neutralisation \u2013 R\u00e9g\u00e9n\u00e9ration | GIMECO Impianti","isPartOf":{"@id":"https:\/\/gimeco.com\/#website"},"datePublished":"2023-09-25T08:47:03+00:00","dateModified":"2024-06-04T15:14:42+00:00","description":"La neutralisation et la r\u00e9g\u00e9n\u00e9ration am\u00e9liorent consid\u00e9rablement l'impact environnemental et la production de la ligne de galvanisation.","breadcrumb":{"@id":"https:\/\/gimeco.com\/fr\/neutralisation-regeneration\/#breadcrumb"},"inLanguage":"fr-FR","potentialAction":[{"@type":"ReadAction","target":["https:\/\/gimeco.com\/fr\/neutralisation-regeneration\/"]}]},{"@type":"BreadcrumbList","@id":"https:\/\/gimeco.com\/fr\/neutralisation-regeneration\/#breadcrumb","itemListElement":[{"@type":"ListItem","position":1,"name":"Home","item":"https:\/\/gimeco.com\/fr\/"},{"@type":"ListItem","position":2,"name":"Neutralisation \u2013 R\u00e9g\u00e9n\u00e9ration"}]},{"@type":"WebSite","@id":"https:\/\/gimeco.com\/#website","url":"https:\/\/gimeco.com\/","name":"gimeco.com","description":"Your Partner from A to Zink","publisher":{"@id":"https:\/\/gimeco.com\/#organization"},"alternateName":"Gimeco","potentialAction":[{"@type":"SearchAction","target":{"@type":"EntryPoint","urlTemplate":"https:\/\/gimeco.com\/?s={search_term_string}"},"query-input":{"@type":"PropertyValueSpecification","valueRequired":true,"valueName":"search_term_string"}}],"inLanguage":"fr-FR"},{"@type":"Organization","@id":"https:\/\/gimeco.com\/#organization","name":"Gimeco","url":"https:\/\/gimeco.com\/","logo":{"@type":"ImageObject","inLanguage":"fr-FR","@id":"https:\/\/gimeco.com\/#\/schema\/logo\/image\/","url":"https:\/\/gimeco.com\/wp-content\/uploads\/2023\/11\/Logo_GIMECO_StringNoPayoff-250.png","contentUrl":"https:\/\/gimeco.com\/wp-content\/uploads\/2023\/11\/Logo_GIMECO_StringNoPayoff-250.png","width":250,"height":98,"caption":"Gimeco"},"image":{"@id":"https:\/\/gimeco.com\/#\/schema\/logo\/image\/"},"sameAs":["https:\/\/www.facebook.com\/gimecogroup"]}]}},"_links":{"self":[{"href":"https:\/\/gimeco.com\/fr\/wp-json\/wp\/v2\/pages\/21487","targetHints":{"allow":["GET"]}}],"collection":[{"href":"https:\/\/gimeco.com\/fr\/wp-json\/wp\/v2\/pages"}],"about":[{"href":"https:\/\/gimeco.com\/fr\/wp-json\/wp\/v2\/types\/page"}],"author":[{"embeddable":true,"href":"https:\/\/gimeco.com\/fr\/wp-json\/wp\/v2\/users\/1"}],"replies":[{"embeddable":true,"href":"https:\/\/gimeco.com\/fr\/wp-json\/wp\/v2\/comments?post=21487"}],"version-history":[{"count":8,"href":"https:\/\/gimeco.com\/fr\/wp-json\/wp\/v2\/pages\/21487\/revisions"}],"predecessor-version":[{"id":24959,"href":"https:\/\/gimeco.com\/fr\/wp-json\/wp\/v2\/pages\/21487\/revisions\/24959"}],"wp:attachment":[{"href":"https:\/\/gimeco.com\/fr\/wp-json\/wp\/v2\/media?parent=21487"}],"curies":[{"name":"wp","href":"https:\/\/api.w.org\/{rel}","templated":true}]}}