{"id":21648,"date":"2023-09-19T09:31:10","date_gmt":"2023-09-19T09:31:10","guid":{"rendered":"https:\/\/gimeco.com\/services\/kid\/"},"modified":"2024-06-04T15:10:05","modified_gmt":"2024-06-04T15:10:05","slug":"kid","status":"publish","type":"page","link":"https:\/\/gimeco.com\/fr\/services\/kid\/","title":{"rendered":"Inspections ultrasoniques des cuves"},"content":{"rendered":"<div class=\"vgblk-rw-wrapper limit-wrapper\">\n<h2>\n\t<strong>KID\u2122<\/strong>, le meilleur moyen de v\u00e9rifier<br \/> la sant\u00e9 de votre cuve\n\t<\/h2>\n\tApr\u00e8s des ann\u00e9es de recherche et d&rsquo;\u00e9tudes en collaboration avec le <a href=\"https:\/\/nrc.canada.ca\/fr\" target=\"_blank\" rel=\"noopener\">Conseil national de recherches du Canada<\/a>, une <strong>technologie r\u00e9volutionnaire <\/strong>pour v\u00e9rifier la sant\u00e9 des cuves a \u00e9t\u00e9 introduite en <strong>2006<\/strong> par la soci\u00e9t\u00e9 italienne ZINCO Service.<br \/>\nElle a \u00e9t\u00e9 nomm\u00e9e KID\u2122, qui signifie <strong><em>\u00ab\u00a0kettle inspection device\u00a0\u00bb<\/em><\/strong> et c&rsquo;est un syst\u00e8me sp\u00e9cial utilis\u00e9 pour le diagnostic de corrosion des cuves de galvanisation \u00e0 chaud, en utilisant la <strong>technologie de d\u00e9tection par ultrasons <\/strong>pour la lecture de l&rsquo;\u00e9paisseur des parois.<br \/>\nCette technologie permet d&rsquo;analyser l&rsquo;usure de la cuve en <strong>moins d&rsquo;une journ\u00e9e<\/strong>, sans avoir besoin de la vider du zinc fondu.<br \/>\nAvec l&rsquo;acquisition de la soci\u00e9t\u00e9 ZINCO Service, GIMECO a h\u00e9rit\u00e9 de la technologie, lui offrant un d\u00e9veloppement suppl\u00e9mentaire et un succ\u00e8s mondial avec <strong>des centaines d&rsquo;inspections r\u00e9alis\u00e9es<\/strong> jusqu&rsquo;\u00e0 pr\u00e9sent et une grande satisfaction client.\n<h3>\n\tLe <b>parcours<\/b> du KID\u2122\n\t<\/h3>\n\t<h4><strong>2002<\/strong><\/h4>\n<p>Premier contact avec le <strong>Conseil National de Recherches du Canada (CNRC).<\/strong> D\u00e9but de la recherche et du d\u00e9veloppement. Des exp\u00e9riences initiales sont men\u00e9es dans de petits creusets de zinc avec des sondes rudimentaires, construites avec de longues tiges de tampon. Les <strong>sondes refroidies <\/strong>au CO<sub>2<\/sub> sont choisies comme solution la plus robuste pour une utilisation industrielle. Des essais r\u00e9ussis sont r\u00e9alis\u00e9s pour la premi\u00e8re fois en mars 2006.<\/p>\n\t<h4><strong>2006<\/strong><\/h4>\n<p>La technologie KID\u2122\u00a0est <strong>pr\u00e9sent\u00e9e<\/strong> \u00e0 INTERGALVA \u00e0 Naples, en Italie. C&rsquo;est un <strong>succ\u00e8s instantan\u00e9<\/strong>.<\/p>\n\t<h4><strong>2007<\/strong><\/h4>\n<p>La <strong>premi\u00e8re g\u00e9n\u00e9ration<\/strong> de KID\u2122\u00a0est encombrante et fonctionne sur une structure entra\u00een\u00e9e par quatre moteurs diff\u00e9rents. Les sondes n\u00e9cessitent un refroidissement au CO<sub>2<\/sub>, donc un grand nombre de cylindres est d\u00e9ploy\u00e9 \u00e0 chaque inspection. Un nombre limit\u00e9 de lectures est pris et les rapports consistent uniquement en une base de donn\u00e9es. Avec le succ\u00e8s croissant du service KID\u2122, des <strong>licences mondiales<\/strong> sont d\u00e9velopp\u00e9es. \u00c0 mesure que de nouveaux clients sont acquis, des efforts sont d\u00e9ploy\u00e9s pour affiner les rapports, y compris des cartes de distribution de corrosion color\u00e9es. Une grande base de donn\u00e9es est construite pour comparer la dynamique de corrosion dans diff\u00e9rents environnements.<\/p>\n\t<h4><strong>2009<\/strong><\/h4>\n<p>Un premier aper\u00e7u de la <strong>dynamique de corrosion<\/strong> des cuves est pr\u00e9sent\u00e9 \u00e0 INTERGALVA 2009 \u00e0 Madrid, en Espagne.<\/p>\n\t<h4><strong>2010<\/strong><\/h4>\n<p>Avec l&rsquo;augmentation de la demande mondiale de l&rsquo;industrie, de nouveaux efforts sont d\u00e9ploy\u00e9s dans la R&amp;D pour d\u00e9velopper une <strong>deuxi\u00e8me g\u00e9n\u00e9ration<\/strong> de sondes non refroidies et rendre le service plus flexible.<\/p>\n\t<h4><strong>2012<\/strong><\/h4>\n<p>La grande quantit\u00e9 de donn\u00e9es accumul\u00e9es est enfin introduite dans un projet de <strong>simulation num\u00e9rique<\/strong> complexe appel\u00e9 Atlas, qui est officiellement pr\u00e9sent\u00e9 \u00e0 INTERGALVA 2012 \u00e0 Paris, en France. Le projet \u00e9volue rapidement et se propage dans le monde entier, impliquant des <strong>universit\u00e9s et des associations industrielles<\/strong>.<\/p>\n\t<h4><strong>2018<\/strong><\/h4>\n<p>Gr\u00e2ce \u00e0 l&rsquo;exp\u00e9rience acquise, une <strong>troisi\u00e8me g\u00e9n\u00e9ration<\/strong> de sondes non refroidies avec une sensibilit\u00e9 accrue est d\u00e9velopp\u00e9e en interne par GIMECO. Le syst\u00e8me KID\u2122\u00a0devient encore plus l\u00e9ger et polyvalent et comprend juste une sonde que les techniciens apportent avec eux dans une valise : la structure en treillis utilis\u00e9e jusqu&rsquo;\u00e0 pr\u00e9sent est abandonn\u00e9e.<\/p>\n\t<h4><strong>2021<\/strong><\/h4>\n<p>Les sondes re\u00e7oivent un coup de pouce d&rsquo;efficacit\u00e9. Le logiciel de lecture et l&rsquo;\u00e9quipement sont remplac\u00e9s par des solutions <strong>ultimes<\/strong>.<\/p>\n<h3>\n\t<b>Points forts <\/b>et caract\u00e9ristiques du KID\u2122\n\t<\/h3>\n\t<h4><strong>Premier et le plus avanc\u00e9<\/strong><\/h4>\n<p>Pr\u00e9sent\u00e9 en 2006 apr\u00e8s des ann\u00e9es de recherche, il en est maintenant \u00e0 sa 3<sup>e <\/sup>g\u00e9n\u00e9ration et continue de s&rsquo;am\u00e9liorer<\/p>\n<h4><strong>Grande pr\u00e9cision<\/strong><\/h4>\n<p>Une pr\u00e9cision des donn\u00e9es de \u00b10,7\u00f71,5mm <em>(\u00b10.028\u00f70.06&Prime;) <\/em>est fournie dans le rapport final<\/p>\n<h4><strong>Pas de pompage de zinc<\/strong><\/h4>\n<p>Utilisant la technologie ultrasonore et d\u00e9velopp\u00e9 pour r\u00e9sister aux hautes temp\u00e9ratures, la sonde KID\u2122\u00a0fonctionne directement dans le zinc fondu<\/p>\n<h4><strong>Service rapide en 6 heures<\/strong><\/h4>\n<p>Le KID\u2122\u00a0permet une collecte de donn\u00e9es tr\u00e8s rapide : les op\u00e9rations durent moins d&rsquo;une journ\u00e9e par cuve<\/p>\n<h4><strong>L\u00e9ger<\/strong><\/h4>\n<p>Seulement un sp\u00e9cialiste, une sonde compacte, un \u00e9cran et quelques outils r\u00e9utilisables l\u00e9gers sont n\u00e9cessaires : pas de mat\u00e9riel encombrant, pas de conteneur, tout vient dans un sac \u00e0 roulettes<\/p>\n<h4><strong>Polyvalent et flexible<\/strong><\/h4>\n<p>Gr\u00e2ce \u00e0 sa conception, le KID\u2122\u00a0peut facilement inspecter \u00e0 la fois les longs c\u00f4t\u00e9s et les c\u00f4t\u00e9s courts de la cuve, ainsi que les coins, qui sont g\u00e9n\u00e9ralement consid\u00e9r\u00e9s comme virtuellement impossibles \u00e0 analyser.<\/p>\n<h3>\n\t<b>Avantages<\/b> et b\u00e9n\u00e9fices du KID\u2122\n\t<\/h3>\n\t<p> R\u00e9alis\u00e9es tous les deux \u00e0 trois ans, les inspections KID\u2122\u00a0permettent de suivre l&rsquo;usure de votre cuve et de d\u00e9cider quand la remplacer. Ces inspections sont de v\u00e9ritables solutions compl\u00e8tes de bilans de sant\u00e9 qui dressent un \u00e9tat de sant\u00e9 r\u00e9el \u00e0 chaque fois.<\/p>\n\t<p>Les inspections KID\u2122 peuvent mettre en \u00e9vidence des probl\u00e8mes inattendus ou mena\u00e7ants sur votre syst\u00e8me de chauffage <em>(calibration des br\u00fbleurs, circulation des gaz de combustion, comportement des alliages de zinc, corrosion pr\u00e9matur\u00e9e des scories, etc.)<\/em> ou m\u00eame des habitudes de travail d\u00e9favorables \u00e0 v\u00e9rifier et \u00e0 ajuster.<\/p>\n\t<p>Les inspections KID\u2122<sup>\u00a0<\/sup>permettent de suivre l&rsquo;\u00e9volution de l&rsquo;\u00e2ge de votre cuve, vous pouvez donc pr\u00e9dire sa dur\u00e9e de vie attendue et planifier \u00e0 l&rsquo;avance les remplacements futurs, ce qui favorise une gestion intelligente des d\u00e9penses de votre installation.<\/p>\n<h3>\n\t<strong>Comment fonctionne<\/strong> le KID\u2122?\n\t<\/h3>\n\tLe KID\u2122\u00a0se compose d&rsquo;une <strong>sonde<\/strong> compacte qui, immerg\u00e9e dans le zinc en fusion, est capable de g\u00e9n\u00e9rer des <strong>signaux ultrasonores<\/strong> \u00e0 convertir par un logiciel propri\u00e9taire.<br \/>\nLa sonde est assembl\u00e9e sur une <strong>structure l\u00e9g\u00e8re et r\u00e9utilisable <\/strong>appartenant au galvaniseur, compos\u00e9e de quelques \u00e9l\u00e9ments en acier tr\u00e8s \u00e9conomiques : de cette mani\u00e8re, le dispositif d&rsquo;inspection de la cuve peut \u00eatre utilis\u00e9 \u00e0 l&rsquo;aide de <strong>palans suspendus.<br \/>\n<\/strong><strong>Un seul op\u00e9rateur<\/strong> hautement sp\u00e9cialis\u00e9 suffit pour g\u00e9rer l&rsquo;ensemble de l&rsquo;inspection sur site.\n\t\t\t\t\t\t\t<img loading=\"lazy\" decoding=\"async\" src=\"https:\/\/gimeco.com\/wp-content\/uploads\/2023\/11\/Immagine2.jpg\" alt=\"Immagine2\" itemprop=\"image\" height=\"1800\" width=\"1800\" title=\"Immagine2\" onerror=\"this.style.display='none'\"  sizes=\"auto, (max-width: 768px) 100vw, 100vw\" srcset=\"https:\/\/gimeco.com\/wp-content\/uploads\/2023\/11\/Immagine2.jpg 1800w, https:\/\/gimeco.com\/wp-content\/uploads\/2023\/11\/Immagine2-300x300.jpg 300w, https:\/\/gimeco.com\/wp-content\/uploads\/2023\/11\/Immagine2-1024x1024.jpg 1024w, https:\/\/gimeco.com\/wp-content\/uploads\/2023\/11\/Immagine2-150x150.jpg 150w, https:\/\/gimeco.com\/wp-content\/uploads\/2023\/11\/Immagine2-768x768.jpg 768w, https:\/\/gimeco.com\/wp-content\/uploads\/2023\/11\/Immagine2-1536x1536.jpg 1536w, https:\/\/gimeco.com\/wp-content\/uploads\/2023\/11\/Immagine2-1260x1260.jpg 1260w, https:\/\/gimeco.com\/wp-content\/uploads\/2023\/11\/Immagine2-630x630.jpg 630w, https:\/\/gimeco.com\/wp-content\/uploads\/2023\/11\/Immagine2-420x420.jpg 420w, https:\/\/gimeco.com\/wp-content\/uploads\/2023\/11\/Immagine2-840x840.jpg 840w, https:\/\/gimeco.com\/wp-content\/uploads\/2023\/11\/Immagine2-315x315.jpg 315w, https:\/\/gimeco.com\/wp-content\/uploads\/2023\/11\/Immagine2-100x100.jpg 100w\" \/>\t\t\t\t\t\t\t\n\tL&rsquo;\u00e9l\u00e9ment pi\u00e9zo\u00e9lectrique de la sonde transforme le signal \u00e9lectrique en une onde sonore \u00e9lastique qui se <strong>propage \u00e0 l&rsquo;int\u00e9rieur d&rsquo;un mat\u00e9riau<\/strong> donn\u00e9, comme cela se produit lors de la mesure des parois de la cuve.<br \/>\nSi une discontinuit\u00e9 est d\u00e9tect\u00e9e le long du chemin de l&rsquo;onde, une partie de son \u00e9nergie est \u00e0 nouveau transform\u00e9e par le transducteur en un signal \u00e9lectrique, envoy\u00e9 au r\u00e9cepteur et affich\u00e9 dans le <strong>diagramme oscilloscopique<\/strong>.<br \/>\nEn connaissant la vitesse de propagation de <strong>l&rsquo;onde sonore<\/strong> \u00e0 travers le mat\u00e9riau et le temps de trajet aller-retour pour traverser la paroi de la cuve et revenir \u00e0 sa source, il est possible de tracer directement la distance parcourue par la m\u00eame onde \u00e9lastique.<br \/>\nLa comparaison de ces distances parcourues donne une id\u00e9e de la surface inspect\u00e9e ou, en d&rsquo;autres termes, un <strong>profil d&rsquo;\u00e9paisseur.<\/strong>\n<p><em>Original par ZINCO Service, une unit\u00e9 commerciale de GIMECO, et d\u00e9velopp\u00e9 en collaboration avec le Conseil de Recherche du Canada.<\/em><\/p>\n<h3>\n\t <b>Comment se d\u00e9roule <\/b>une inspection?\n\t<\/h3>\n\t<strong>\u00c9valuation<br \/>\n<\/strong>\u00c0 la demande d&rsquo;un KID\u2122, une enqu\u00eate est soumise pour recueillir les principales caract\u00e9ristiques de construction et de fonctionnement de l&rsquo;usine, en se concentrant sur la cuve et sur le four.\n<strong>Planification<br \/>\n<\/strong>En fonction des cycles, des sp\u00e9cifications de la cuve et du four recueillies dans l&rsquo;enqu\u00eate, nos techniciens \u00e9laborent une grille d&rsquo;inspection personnalis\u00e9e. Cette grille donne une id\u00e9e des points de test o\u00f9 l&rsquo;inspection sera effectu\u00e9e et elle est personnalis\u00e9e en fonction de tout syst\u00e8me de chauffage <em>(\u00e0 haute vitesse ou \u00e0 flamme plate, \u00e9lectrique ou \u00e0 combustibles liquides)<\/em> et de vos conditions individuelles : il y a suffisamment de points de test pour couvrir toutes les parois de la cuve <em>(jusqu&rsquo;\u00e0 600 points).<\/em> En fonction des besoins, nous sugg\u00e9rons un calendrier et soumettons une offre.\n<strong>Pr\u00e9paration<br \/>\n<\/strong>Avant l&rsquo;inspection, vous recevez une liste de mat\u00e9riaux <em>(\u00e9l\u00e9ments en acier de faible co\u00fbt qui restent dans votre propri\u00e9t\u00e9)<\/em> pour fournir l&rsquo;outillage et la structure pour l&rsquo;inspection.\n\t\t\t\t\t\t\t<img loading=\"lazy\" decoding=\"async\" src=\"https:\/\/gimeco.com\/wp-content\/uploads\/2024\/01\/Immagine1-1.png\" alt=\"Immagine1\" itemprop=\"image\" height=\"214\" width=\"592\" title=\"Immagine1\" onerror=\"this.style.display='none'\"  sizes=\"auto, (max-width: 768px) 100vw, 100vw\" srcset=\"https:\/\/gimeco.com\/wp-content\/uploads\/2024\/01\/Immagine1-1.png 592w, https:\/\/gimeco.com\/wp-content\/uploads\/2024\/01\/Immagine1-1-300x108.png 300w, https:\/\/gimeco.com\/wp-content\/uploads\/2024\/01\/Immagine1-1-420x152.png 420w, https:\/\/gimeco.com\/wp-content\/uploads\/2024\/01\/Immagine1-1-315x114.png 315w\" \/>\t\t\t\t\t\t\t\n\t<strong>Ex\u00e9cution<br \/>\n<\/strong>Notre sp\u00e9cialiste KID\u2122\u00a0visite votre usine et ex\u00e9cute l&rsquo;inspection comme pr\u00e9vu. Chaque test de cuve prend en moyenne moins de 6 heures et 600 points de test sont diagnostiqu\u00e9s en moyenne. L&rsquo;inspection peut \u00eatre effectu\u00e9e sur les longs c\u00f4t\u00e9s de la cuve, les c\u00f4t\u00e9s courts, et si les conditions le permettent \u00e9galement sur les coins, gr\u00e2ce \u00e0 la flexibilit\u00e9 du syst\u00e8me.\n<strong>Post-traitement<br \/>\n<\/strong>Les donn\u00e9es collect\u00e9es sont trait\u00e9es rapidement. Un premier rapport pr\u00e9liminaire est \u00e9mis dans les 5 jours et vous est envoy\u00e9. Il comprend toutes les valeurs d&rsquo;\u00e9paisseur recueillies lors de l&rsquo;inspection.\n<strong>Collecte de donn\u00e9es<br \/>\n<\/strong>Les lectures d&rsquo;inspection sont enregistr\u00e9es pour l&rsquo;analyse et les r\u00e9f\u00e9rences futures.\n\t\t\t\t\t\t\t<img loading=\"lazy\" decoding=\"async\" src=\"https:\/\/gimeco.com\/wp-content\/uploads\/2024\/01\/Immagine42.png\" alt=\"Immagine42\" itemprop=\"image\" height=\"320\" width=\"542\" title=\"Immagine42\" onerror=\"this.style.display='none'\"  sizes=\"auto, (max-width: 768px) 100vw, 100vw\" srcset=\"https:\/\/gimeco.com\/wp-content\/uploads\/2024\/01\/Immagine42.png 542w, https:\/\/gimeco.com\/wp-content\/uploads\/2024\/01\/Immagine42-300x177.png 300w, https:\/\/gimeco.com\/wp-content\/uploads\/2024\/01\/Immagine42-420x248.png 420w, https:\/\/gimeco.com\/wp-content\/uploads\/2024\/01\/Immagine42-315x186.png 315w\" \/>\t\t\t\t\t\t\t\n\t<strong>Cartes de corrosion<br \/>\n<\/strong>Des cartes de corrosion, en vue absolue et relative <em>(une vue d&rsquo;ensemble du mur et une mise au point sur les zones les plus corrod\u00e9es)<\/em> pour donner un aper\u00e7u imm\u00e9diat des conditions de la cuve, sont fournies.\n<strong>Tableau de donn\u00e9es<br \/>\n<\/strong>Les \u00e9paisseurs r\u00e9siduelles des parois de la cuve, pr\u00e9sent\u00e9es dans des tableaux, mettant en \u00e9vidence les valeurs les plus basses et les plus \u00e9lev\u00e9es.\n<strong>Commentaires et suggestions<br \/>\n<\/strong>Une analyse \u00e9crite d\u00e9taill\u00e9e et des suggestions de mesures correctives sont fournies, y compris l&rsquo;\u00e9valuation des performances de chauffage du four, de la d\u00e9formation de la cuve, des points d&rsquo;alerte et des habitudes de travail. En cas de r\u00e9p\u00e9tition du KID\u2122, une analyse comparative de la perte survenue au fil des ans est r\u00e9alis\u00e9e.\n\t\t\t\t\t\t\t<img loading=\"lazy\" decoding=\"async\" src=\"https:\/\/gimeco.com\/wp-content\/uploads\/2024\/01\/graph-Front-abs-SI-1.png\" alt=\"graph Front abs SI\" itemprop=\"image\" height=\"210\" width=\"617\" title=\"graph Front abs SI\" onerror=\"this.style.display='none'\"  sizes=\"auto, (max-width: 768px) 100vw, 100vw\" srcset=\"https:\/\/gimeco.com\/wp-content\/uploads\/2024\/01\/graph-Front-abs-SI-1.png 617w, https:\/\/gimeco.com\/wp-content\/uploads\/2024\/01\/graph-Front-abs-SI-1-300x102.png 300w, https:\/\/gimeco.com\/wp-content\/uploads\/2024\/01\/graph-Front-abs-SI-1-420x143.png 420w, https:\/\/gimeco.com\/wp-content\/uploads\/2024\/01\/graph-Front-abs-SI-1-315x107.png 315w\" \/>\t\t\t\t\t\t\t\n\n<\/div><!-- .vgblk-rw-wrapper -->","protected":false},"excerpt":{"rendered":"<p>KID\u2122, le meilleur moyen de v\u00e9rifier la sant\u00e9 de votre cuve Apr\u00e8s des ann\u00e9es de recherche et d&rsquo;\u00e9tudes en collaboration avec le Conseil national de recherches du Canada, une technologie r\u00e9volutionnaire pour v\u00e9rifier la sant\u00e9 des cuves a \u00e9t\u00e9 introduite en 2006 par la soci\u00e9t\u00e9 italienne ZINCO Service. Elle a \u00e9t\u00e9 nomm\u00e9e KID\u2122, qui signifie&#8230;<\/p>\n","protected":false},"author":1,"featured_media":0,"parent":21373,"menu_order":0,"comment_status":"closed","ping_status":"closed","template":"","meta":{"inline_featured_image":false,"footnotes":""},"class_list":["post-21648","page","type-page","status-publish","hentry"],"yoast_head":"<!-- This site is optimized with the Yoast SEO plugin v26.4 - https:\/\/yoast.com\/wordpress\/plugins\/seo\/ -->\n<title>KID: Inspections par ultrasons des cuves | GIMECO Impianti<\/title>\n<meta name=\"description\" content=\"Apr\u00e8s des ann\u00e9es de recherche, l&#039;entreprise italienne a introduit en 2006 une technologie r\u00e9volutionnaire permettant de v\u00e9rifier l&#039;\u00e9tat de...\" \/>\n<meta name=\"robots\" content=\"index, follow, max-snippet:-1, max-image-preview:large, max-video-preview:-1\" \/>\n<link rel=\"canonical\" href=\"https:\/\/gimeco.com\/fr\/services\/kid\/\" \/>\n<meta property=\"og:locale\" content=\"fr_FR\" \/>\n<meta property=\"og:type\" content=\"article\" \/>\n<meta property=\"og:title\" content=\"KID: Inspections par ultrasons des cuves | GIMECO Impianti\" \/>\n<meta property=\"og:description\" content=\"Apr\u00e8s des ann\u00e9es de recherche, l&#039;entreprise italienne a introduit en 2006 une technologie r\u00e9volutionnaire permettant de v\u00e9rifier l&#039;\u00e9tat de...\" \/>\n<meta property=\"og:url\" content=\"https:\/\/gimeco.com\/fr\/services\/kid\/\" \/>\n<meta property=\"og:site_name\" content=\"GIMECO Impianti\" \/>\n<meta property=\"article:publisher\" content=\"https:\/\/www.facebook.com\/gimecogroup\" \/>\n<meta property=\"article:modified_time\" content=\"2024-06-04T15:10:05+00:00\" \/>\n<meta property=\"og:image\" content=\"https:\/\/gimeco.com\/wp-content\/uploads\/2023\/11\/Immagine2.jpg\" \/>\n<script type=\"application\/ld+json\" class=\"yoast-schema-graph\">{\"@context\":\"https:\/\/schema.org\",\"@graph\":[{\"@type\":\"WebPage\",\"@id\":\"https:\/\/gimeco.com\/fr\/services\/kid\/\",\"url\":\"https:\/\/gimeco.com\/fr\/services\/kid\/\",\"name\":\"KID: Inspections par ultrasons des cuves | GIMECO Impianti\",\"isPartOf\":{\"@id\":\"https:\/\/gimeco.com\/#website\"},\"primaryImageOfPage\":{\"@id\":\"https:\/\/gimeco.com\/fr\/services\/kid\/#primaryimage\"},\"image\":{\"@id\":\"https:\/\/gimeco.com\/fr\/services\/kid\/#primaryimage\"},\"thumbnailUrl\":\"https:\/\/gimeco.com\/wp-content\/uploads\/2023\/11\/Immagine2.jpg\",\"datePublished\":\"2023-09-19T09:31:10+00:00\",\"dateModified\":\"2024-06-04T15:10:05+00:00\",\"description\":\"Apr\u00e8s des ann\u00e9es de recherche, l'entreprise italienne a introduit en 2006 une technologie r\u00e9volutionnaire permettant de v\u00e9rifier l'\u00e9tat de...\",\"breadcrumb\":{\"@id\":\"https:\/\/gimeco.com\/fr\/services\/kid\/#breadcrumb\"},\"inLanguage\":\"fr-FR\",\"potentialAction\":[{\"@type\":\"ReadAction\",\"target\":[\"https:\/\/gimeco.com\/fr\/services\/kid\/\"]}]},{\"@type\":\"ImageObject\",\"inLanguage\":\"fr-FR\",\"@id\":\"https:\/\/gimeco.com\/fr\/services\/kid\/#primaryimage\",\"url\":\"https:\/\/gimeco.com\/wp-content\/uploads\/2023\/11\/Immagine2.jpg\",\"contentUrl\":\"https:\/\/gimeco.com\/wp-content\/uploads\/2023\/11\/Immagine2.jpg\"},{\"@type\":\"BreadcrumbList\",\"@id\":\"https:\/\/gimeco.com\/fr\/services\/kid\/#breadcrumb\",\"itemListElement\":[{\"@type\":\"ListItem\",\"position\":1,\"name\":\"Home\",\"item\":\"https:\/\/gimeco.com\/fr\/\"},{\"@type\":\"ListItem\",\"position\":2,\"name\":\"Services\",\"item\":\"https:\/\/gimeco.com\/services\/\"},{\"@type\":\"ListItem\",\"position\":3,\"name\":\"Inspections ultrasoniques des cuves\"}]},{\"@type\":\"WebSite\",\"@id\":\"https:\/\/gimeco.com\/#website\",\"url\":\"https:\/\/gimeco.com\/\",\"name\":\"gimeco.com\",\"description\":\"Your Partner from A to Zink\",\"publisher\":{\"@id\":\"https:\/\/gimeco.com\/#organization\"},\"alternateName\":\"Gimeco\",\"potentialAction\":[{\"@type\":\"SearchAction\",\"target\":{\"@type\":\"EntryPoint\",\"urlTemplate\":\"https:\/\/gimeco.com\/?s={search_term_string}\"},\"query-input\":{\"@type\":\"PropertyValueSpecification\",\"valueRequired\":true,\"valueName\":\"search_term_string\"}}],\"inLanguage\":\"fr-FR\"},{\"@type\":\"Organization\",\"@id\":\"https:\/\/gimeco.com\/#organization\",\"name\":\"Gimeco\",\"url\":\"https:\/\/gimeco.com\/\",\"logo\":{\"@type\":\"ImageObject\",\"inLanguage\":\"fr-FR\",\"@id\":\"https:\/\/gimeco.com\/#\/schema\/logo\/image\/\",\"url\":\"https:\/\/gimeco.com\/wp-content\/uploads\/2023\/11\/Logo_GIMECO_StringNoPayoff-250.png\",\"contentUrl\":\"https:\/\/gimeco.com\/wp-content\/uploads\/2023\/11\/Logo_GIMECO_StringNoPayoff-250.png\",\"width\":250,\"height\":98,\"caption\":\"Gimeco\"},\"image\":{\"@id\":\"https:\/\/gimeco.com\/#\/schema\/logo\/image\/\"},\"sameAs\":[\"https:\/\/www.facebook.com\/gimecogroup\"]}]}<\/script>\n<!-- \/ Yoast SEO plugin. -->","yoast_head_json":{"title":"KID: Inspections par ultrasons des cuves | GIMECO Impianti","description":"Apr\u00e8s des ann\u00e9es de recherche, l'entreprise italienne a introduit en 2006 une technologie r\u00e9volutionnaire permettant de v\u00e9rifier l'\u00e9tat de...","robots":{"index":"index","follow":"follow","max-snippet":"max-snippet:-1","max-image-preview":"max-image-preview:large","max-video-preview":"max-video-preview:-1"},"canonical":"https:\/\/gimeco.com\/fr\/services\/kid\/","og_locale":"fr_FR","og_type":"article","og_title":"KID: Inspections par ultrasons des cuves | GIMECO Impianti","og_description":"Apr\u00e8s des ann\u00e9es de recherche, l'entreprise italienne a introduit en 2006 une technologie r\u00e9volutionnaire permettant de v\u00e9rifier l'\u00e9tat de...","og_url":"https:\/\/gimeco.com\/fr\/services\/kid\/","og_site_name":"GIMECO Impianti","article_publisher":"https:\/\/www.facebook.com\/gimecogroup","article_modified_time":"2024-06-04T15:10:05+00:00","og_image":[{"url":"https:\/\/gimeco.com\/wp-content\/uploads\/2023\/11\/Immagine2.jpg","type":"","width":"","height":""}],"schema":{"@context":"https:\/\/schema.org","@graph":[{"@type":"WebPage","@id":"https:\/\/gimeco.com\/fr\/services\/kid\/","url":"https:\/\/gimeco.com\/fr\/services\/kid\/","name":"KID: Inspections par ultrasons des cuves | GIMECO Impianti","isPartOf":{"@id":"https:\/\/gimeco.com\/#website"},"primaryImageOfPage":{"@id":"https:\/\/gimeco.com\/fr\/services\/kid\/#primaryimage"},"image":{"@id":"https:\/\/gimeco.com\/fr\/services\/kid\/#primaryimage"},"thumbnailUrl":"https:\/\/gimeco.com\/wp-content\/uploads\/2023\/11\/Immagine2.jpg","datePublished":"2023-09-19T09:31:10+00:00","dateModified":"2024-06-04T15:10:05+00:00","description":"Apr\u00e8s des ann\u00e9es de recherche, l'entreprise italienne a introduit en 2006 une technologie r\u00e9volutionnaire permettant de v\u00e9rifier l'\u00e9tat de...","breadcrumb":{"@id":"https:\/\/gimeco.com\/fr\/services\/kid\/#breadcrumb"},"inLanguage":"fr-FR","potentialAction":[{"@type":"ReadAction","target":["https:\/\/gimeco.com\/fr\/services\/kid\/"]}]},{"@type":"ImageObject","inLanguage":"fr-FR","@id":"https:\/\/gimeco.com\/fr\/services\/kid\/#primaryimage","url":"https:\/\/gimeco.com\/wp-content\/uploads\/2023\/11\/Immagine2.jpg","contentUrl":"https:\/\/gimeco.com\/wp-content\/uploads\/2023\/11\/Immagine2.jpg"},{"@type":"BreadcrumbList","@id":"https:\/\/gimeco.com\/fr\/services\/kid\/#breadcrumb","itemListElement":[{"@type":"ListItem","position":1,"name":"Home","item":"https:\/\/gimeco.com\/fr\/"},{"@type":"ListItem","position":2,"name":"Services","item":"https:\/\/gimeco.com\/services\/"},{"@type":"ListItem","position":3,"name":"Inspections ultrasoniques des cuves"}]},{"@type":"WebSite","@id":"https:\/\/gimeco.com\/#website","url":"https:\/\/gimeco.com\/","name":"gimeco.com","description":"Your Partner from A to Zink","publisher":{"@id":"https:\/\/gimeco.com\/#organization"},"alternateName":"Gimeco","potentialAction":[{"@type":"SearchAction","target":{"@type":"EntryPoint","urlTemplate":"https:\/\/gimeco.com\/?s={search_term_string}"},"query-input":{"@type":"PropertyValueSpecification","valueRequired":true,"valueName":"search_term_string"}}],"inLanguage":"fr-FR"},{"@type":"Organization","@id":"https:\/\/gimeco.com\/#organization","name":"Gimeco","url":"https:\/\/gimeco.com\/","logo":{"@type":"ImageObject","inLanguage":"fr-FR","@id":"https:\/\/gimeco.com\/#\/schema\/logo\/image\/","url":"https:\/\/gimeco.com\/wp-content\/uploads\/2023\/11\/Logo_GIMECO_StringNoPayoff-250.png","contentUrl":"https:\/\/gimeco.com\/wp-content\/uploads\/2023\/11\/Logo_GIMECO_StringNoPayoff-250.png","width":250,"height":98,"caption":"Gimeco"},"image":{"@id":"https:\/\/gimeco.com\/#\/schema\/logo\/image\/"},"sameAs":["https:\/\/www.facebook.com\/gimecogroup"]}]}},"_links":{"self":[{"href":"https:\/\/gimeco.com\/fr\/wp-json\/wp\/v2\/pages\/21648","targetHints":{"allow":["GET"]}}],"collection":[{"href":"https:\/\/gimeco.com\/fr\/wp-json\/wp\/v2\/pages"}],"about":[{"href":"https:\/\/gimeco.com\/fr\/wp-json\/wp\/v2\/types\/page"}],"author":[{"embeddable":true,"href":"https:\/\/gimeco.com\/fr\/wp-json\/wp\/v2\/users\/1"}],"replies":[{"embeddable":true,"href":"https:\/\/gimeco.com\/fr\/wp-json\/wp\/v2\/comments?post=21648"}],"version-history":[{"count":7,"href":"https:\/\/gimeco.com\/fr\/wp-json\/wp\/v2\/pages\/21648\/revisions"}],"predecessor-version":[{"id":24958,"href":"https:\/\/gimeco.com\/fr\/wp-json\/wp\/v2\/pages\/21648\/revisions\/24958"}],"up":[{"embeddable":true,"href":"https:\/\/gimeco.com\/fr\/wp-json\/wp\/v2\/pages\/21373"}],"wp:attachment":[{"href":"https:\/\/gimeco.com\/fr\/wp-json\/wp\/v2\/media?parent=21648"}],"curies":[{"name":"wp","href":"https:\/\/api.w.org\/{rel}","templated":true}]}}