{"id":21650,"date":"2023-10-03T12:21:16","date_gmt":"2023-10-03T12:21:16","guid":{"rendered":"https:\/\/gimeco.com\/services\/kettle-management\/"},"modified":"2024-06-03T12:02:51","modified_gmt":"2024-06-03T12:02:51","slug":"gestion-des-cuves","status":"publish","type":"page","link":"https:\/\/gimeco.com\/fr\/services\/gestion-des-cuves\/","title":{"rendered":"Gestion des cuves"},"content":{"rendered":"<div class=\"vgblk-rw-wrapper limit-wrapper\">\r\n\r\n\t<p>Nos solutions de pointe pour la gestion des cuves et du zinc sont sp\u00e9cialement con\u00e7ues pour les usines de galvanisation \u00e0 chaud, dans le but de rationaliser le <strong>remplacement des cuves<\/strong> et de <strong>r\u00e9aliser des \u00e9conomies substantielles<\/strong>. Nous comprenons l&rsquo;importance cruciale de minimiser les temps d&rsquo;arr\u00eat, et nos services innovants sont con\u00e7us pour rendre ce <strong>processus plus rapide<\/strong> et plus rentable pour vous.<\/p>\r\n<h2>\r\n\tRemplacements de cuves\r\n\t<\/h2>\r\n<h2>\r\n\tTransferts de zinc fondu\r\n\t<\/h2>\r\n<h2>\r\n\tCuves de maintien mobiles\r\n\t<\/h2>\r\n<h3>\r\n\t\u00c9quipement\r\n\t<\/h3>\r\n\t\t\t\t\t\t\t<img loading=\"lazy\" decoding=\"async\" src=\"https:\/\/gimeco.com\/wp-content\/uploads\/2024\/01\/Immagine3-1.jpg\" alt=\"Immagine3\" itemprop=\"image\" height=\"387\" width=\"590\" title=\"Immagine3\" onerror=\"this.style.display='none'\"  sizes=\"auto, (max-width: 768px) 100vw, 100vw\" srcset=\"https:\/\/gimeco.com\/wp-content\/uploads\/2024\/01\/Immagine3-1.jpg 590w, https:\/\/gimeco.com\/wp-content\/uploads\/2024\/01\/Immagine3-1-300x197.jpg 300w, https:\/\/gimeco.com\/wp-content\/uploads\/2024\/01\/Immagine3-1-420x275.jpg 420w, https:\/\/gimeco.com\/wp-content\/uploads\/2024\/01\/Immagine3-1-315x207.jpg 315w\" \/>\t\t\t\t\t\t\t\r\n\t<p><strong>Cuves de maintien mobiles<\/strong><\/p>\r\nUnit\u00e9s transportables permettant de maintenir le <strong>zinc \u00e0 l&rsquo;\u00e9tat fondu<\/strong> \u00e0 450\u00b0C<em> (842\u00b0F)<\/em> pendant les op\u00e9rations de changement de cuve.<br \/>\r\nDisponibles dans diff\u00e9rentes versions, jusqu&rsquo;\u00e0 une capacit\u00e9 de 90 tonnes <em>(200000lbs)<\/em> chacune.\r\n\t\t\t\t\t\t\t<img loading=\"lazy\" decoding=\"async\" src=\"https:\/\/gimeco.com\/wp-content\/uploads\/2023\/12\/pompeg.jpg\" alt=\"pompeg\" itemprop=\"image\" height=\"420\" width=\"640\" title=\"pompeg\" onerror=\"this.style.display='none'\"  sizes=\"auto, (max-width: 768px) 100vw, 100vw\" srcset=\"https:\/\/gimeco.com\/wp-content\/uploads\/2023\/12\/pompeg.jpg 640w, https:\/\/gimeco.com\/wp-content\/uploads\/2023\/12\/pompeg-300x197.jpg 300w, https:\/\/gimeco.com\/wp-content\/uploads\/2023\/12\/pompeg-630x413.jpg 630w, https:\/\/gimeco.com\/wp-content\/uploads\/2023\/12\/pompeg-420x276.jpg 420w, https:\/\/gimeco.com\/wp-content\/uploads\/2023\/12\/pompeg-315x207.jpg 315w\" \/>\t\t\t\t\t\t\t\r\n\t<p><strong>Pompes \u00e9lectriques<\/strong><\/p>\r\n<p>Exceptionnellement <strong>silencieuses<\/strong> pour le travail et enti\u00e8rement con\u00e7ues en interne, elles sont disponibles en quatre tailles et permettent des op\u00e9rations de <strong>pompage rapides<\/strong> jusqu&rsquo;\u00e0 un d\u00e9bit de 4,5 tonnes <em>(9920lbs)<\/em> par minute.<\/p>\r\n\t\t\t\t\t\t\t<img loading=\"lazy\" decoding=\"async\" src=\"https:\/\/gimeco.com\/wp-content\/uploads\/2023\/12\/heated-pipes-1.jpg\" alt=\"heated-pipes\" itemprop=\"image\" height=\"420\" width=\"640\" title=\"heated-pipes\" onerror=\"this.style.display='none'\"  sizes=\"auto, (max-width: 768px) 100vw, 100vw\" srcset=\"https:\/\/gimeco.com\/wp-content\/uploads\/2023\/12\/heated-pipes-1.jpg 640w, https:\/\/gimeco.com\/wp-content\/uploads\/2023\/12\/heated-pipes-1-300x197.jpg 300w, https:\/\/gimeco.com\/wp-content\/uploads\/2023\/12\/heated-pipes-1-630x413.jpg 630w, https:\/\/gimeco.com\/wp-content\/uploads\/2023\/12\/heated-pipes-1-420x276.jpg 420w, https:\/\/gimeco.com\/wp-content\/uploads\/2023\/12\/heated-pipes-1-315x207.jpg 315w\" \/>\t\t\t\t\t\t\t\r\n\t<p><strong>Tuyaux chauff\u00e9s \u00e9lectriquement<\/strong><\/p>\r\n\t\t\t\t\t\t\t<img loading=\"lazy\" decoding=\"async\" src=\"https:\/\/gimeco.com\/wp-content\/uploads\/2023\/11\/easy.jpg\" alt=\"easy\" itemprop=\"image\" height=\"420\" width=\"640\" title=\"easy\" onerror=\"this.style.display='none'\"  sizes=\"auto, (max-width: 768px) 100vw, 100vw\" srcset=\"https:\/\/gimeco.com\/wp-content\/uploads\/2023\/11\/easy.jpg 640w, https:\/\/gimeco.com\/wp-content\/uploads\/2023\/11\/easy-300x197.jpg 300w, https:\/\/gimeco.com\/wp-content\/uploads\/2023\/11\/easy-630x413.jpg 630w, https:\/\/gimeco.com\/wp-content\/uploads\/2023\/11\/easy-420x276.jpg 420w, https:\/\/gimeco.com\/wp-content\/uploads\/2023\/11\/easy-315x207.jpg 315w\" \/>\t\t\t\t\t\t\t\r\n\t<p><strong>Moules<\/strong><\/p>\r\n<p>Jusqu&rsquo;\u00e0 2,2 tonnes <em>(4850lbs)<\/em> de zinc chacun<\/p>\r\n<h3>\r\n\tOp\u00e9rations\r\n\t<\/h3>\r\n\t<ol>\r\n<li><strong>Programmation<\/strong><\/li>\r\n<li><strong>Pr\u00e9paration et coordination<\/strong><\/li>\r\n<li><strong>Extraction de l&rsquo;ancienne cuve<\/strong><\/li>\r\n<li><strong>Renouvellement des enceintes et charpentes<\/strong><\/li>\r\n<li><strong>Renouvellement du r\u00e9fractaire et de l&rsquo;isolation<\/strong><\/li>\r\n<li><strong>Installation de la nouvelle cuve<\/strong><\/li>\r\n<li><strong>V\u00e9rification du four<\/strong><\/li>\r\n<li><strong>Reprise des op\u00e9rations de galvanisation<\/strong><\/li>\r\n<\/ol>\r\n\t<h4><strong>Rapidit\u00e9<\/strong><\/h4>\r\n<p>Des op\u00e9rations minutieusement d\u00e9velopp\u00e9es et coordonn\u00e9es, un \u00e9quipement efficace et des sp\u00e9cialistes hautement qualifi\u00e9s garantissent que le service est r\u00e9alis\u00e9 dans les d\u00e9lais les plus courts possibles afin de r\u00e9duire les temps d&rsquo;arr\u00eat de production.<\/p>\r\n<h4><strong>Polyvalence<\/strong><\/h4>\r\n<p>Gr\u00e2ce \u00e0 nos cuves mobiles de maintien, jusqu&rsquo;\u00e0 des centaines de tonnes de zinc peuvent \u00eatre maintenues \u00e0 l&rsquo;\u00e9tat fondu \u00e0 450\u00b0C <em>(842\u00b0F),<\/em> ce qui permet de r\u00e9duire le temps de red\u00e9marrage apr\u00e8s le remplacement de la cuve.<\/p>\r\n<h4><strong>\u00c9conomies<\/strong><\/h4>\r\n<p>L&rsquo;ensemble du processus permet de r\u00e9duire les temps d&rsquo;arr\u00eat de 3 \u00e0 7 jours afin que le galvaniseur puisse reprendre rapidement ses activit\u00e9s.<\/p>\r\n<h4><strong>Aucune perte<\/strong><\/h4>\r\n<p>Notre personnel exp\u00e9riment\u00e9 et nos pompes performantes ass\u00e8chent la cuve jusqu&rsquo;\u00e0 seulement 4 cm <em>(1,5&Prime;)<\/em> de zinc r\u00e9siduel ; pratiquement aucun zinc n&rsquo;est gaspill\u00e9.<\/p>\r\n<h4><strong>S\u00e9curit\u00e9 totale<\/strong><\/h4>\r\n<p>Les op\u00e9rations sont minutieusement planifi\u00e9es pour garantir le processus le plus s\u00fbr pour les travailleurs et l&rsquo;\u00e9quipement. Les galvaniseurs locaux sont form\u00e9s avec des outils m\u00e9diatiques assortis.<\/p>\r\n<h4><strong>Cl\u00e9 en main<\/strong><\/h4>\r\n<h4>\r\n\t<b>Inspections ultrasoniques de la cuve<\/b><br \/>V\u00e9rifiez votre cuve avec le KID\u2122\r\n\t<\/h4>\r\n\t<a href=\"https:\/\/gimeco.com\/fr\/services\/kid\/\" target=\"_self\" role=\"button\" rel=\"noopener\">\r\n\t\t\t\t\tEn savoir <b>plus<\/b>\r\n\t<\/a>\r\n\r\n<\/div><!-- .vgblk-rw-wrapper -->","protected":false},"excerpt":{"rendered":"<p>Nos solutions de pointe pour la gestion des cuves et du zinc sont sp\u00e9cialement con\u00e7ues pour les usines de galvanisation \u00e0 chaud, dans le but de rationaliser le remplacement des cuves et de r\u00e9aliser des \u00e9conomies substantielles. Nous comprenons l&rsquo;importance cruciale de minimiser les temps d&rsquo;arr\u00eat, et nos services innovants sont con\u00e7us pour rendre ce&#8230;<\/p>\n","protected":false},"author":1,"featured_media":0,"parent":21373,"menu_order":0,"comment_status":"closed","ping_status":"closed","template":"","meta":{"inline_featured_image":false,"footnotes":""},"class_list":["post-21650","page","type-page","status-publish","hentry"],"yoast_head":"<!-- This site is optimized with the Yoast SEO plugin v26.4 - https:\/\/yoast.com\/wordpress\/plugins\/seo\/ -->\n<title>Gestion de cuves | GIMECO Impianti<\/title>\n<meta name=\"description\" content=\"Remplacement des cuves, vidange avec pompes et cuves de r\u00e9tention: nos solutions de pointe en mati\u00e8re de gestion des cuves sont con\u00e7ues...\" \/>\n<meta name=\"robots\" content=\"index, follow, max-snippet:-1, max-image-preview:large, max-video-preview:-1\" \/>\n<link rel=\"canonical\" href=\"https:\/\/gimeco.com\/fr\/services\/gestion-des-cuves\/\" \/>\n<meta property=\"og:locale\" content=\"fr_FR\" \/>\n<meta property=\"og:type\" content=\"article\" \/>\n<meta property=\"og:title\" content=\"Gestion de cuves | GIMECO Impianti\" \/>\n<meta property=\"og:description\" content=\"Remplacement des cuves, vidange avec pompes et cuves de r\u00e9tention: nos solutions de pointe en mati\u00e8re de gestion des cuves sont con\u00e7ues...\" \/>\n<meta property=\"og:url\" content=\"https:\/\/gimeco.com\/fr\/services\/gestion-des-cuves\/\" \/>\n<meta property=\"og:site_name\" content=\"GIMECO Impianti\" \/>\n<meta property=\"article:publisher\" content=\"https:\/\/www.facebook.com\/gimecogroup\" \/>\n<meta property=\"article:modified_time\" content=\"2024-06-03T12:02:51+00:00\" \/>\n<meta property=\"og:image\" content=\"https:\/\/gimeco.com\/wp-content\/uploads\/2024\/01\/Immagine3-1.jpg\" \/>\n<script type=\"application\/ld+json\" class=\"yoast-schema-graph\">{\"@context\":\"https:\/\/schema.org\",\"@graph\":[{\"@type\":\"WebPage\",\"@id\":\"https:\/\/gimeco.com\/fr\/services\/gestion-des-cuves\/\",\"url\":\"https:\/\/gimeco.com\/fr\/services\/gestion-des-cuves\/\",\"name\":\"Gestion de cuves | GIMECO Impianti\",\"isPartOf\":{\"@id\":\"https:\/\/gimeco.com\/#website\"},\"primaryImageOfPage\":{\"@id\":\"https:\/\/gimeco.com\/fr\/services\/gestion-des-cuves\/#primaryimage\"},\"image\":{\"@id\":\"https:\/\/gimeco.com\/fr\/services\/gestion-des-cuves\/#primaryimage\"},\"thumbnailUrl\":\"https:\/\/gimeco.com\/wp-content\/uploads\/2024\/01\/Immagine3-1.jpg\",\"datePublished\":\"2023-10-03T12:21:16+00:00\",\"dateModified\":\"2024-06-03T12:02:51+00:00\",\"description\":\"Remplacement des cuves, vidange avec pompes et cuves de r\u00e9tention: nos solutions de pointe en mati\u00e8re de gestion des cuves sont con\u00e7ues...\",\"breadcrumb\":{\"@id\":\"https:\/\/gimeco.com\/fr\/services\/gestion-des-cuves\/#breadcrumb\"},\"inLanguage\":\"fr-FR\",\"potentialAction\":[{\"@type\":\"ReadAction\",\"target\":[\"https:\/\/gimeco.com\/fr\/services\/gestion-des-cuves\/\"]}]},{\"@type\":\"ImageObject\",\"inLanguage\":\"fr-FR\",\"@id\":\"https:\/\/gimeco.com\/fr\/services\/gestion-des-cuves\/#primaryimage\",\"url\":\"https:\/\/gimeco.com\/wp-content\/uploads\/2024\/01\/Immagine3-1.jpg\",\"contentUrl\":\"https:\/\/gimeco.com\/wp-content\/uploads\/2024\/01\/Immagine3-1.jpg\"},{\"@type\":\"BreadcrumbList\",\"@id\":\"https:\/\/gimeco.com\/fr\/services\/gestion-des-cuves\/#breadcrumb\",\"itemListElement\":[{\"@type\":\"ListItem\",\"position\":1,\"name\":\"Home\",\"item\":\"https:\/\/gimeco.com\/fr\/\"},{\"@type\":\"ListItem\",\"position\":2,\"name\":\"Services\",\"item\":\"https:\/\/gimeco.com\/services\/\"},{\"@type\":\"ListItem\",\"position\":3,\"name\":\"Gestion des cuves\"}]},{\"@type\":\"WebSite\",\"@id\":\"https:\/\/gimeco.com\/#website\",\"url\":\"https:\/\/gimeco.com\/\",\"name\":\"gimeco.com\",\"description\":\"Your Partner from A to Zink\",\"publisher\":{\"@id\":\"https:\/\/gimeco.com\/#organization\"},\"alternateName\":\"Gimeco\",\"potentialAction\":[{\"@type\":\"SearchAction\",\"target\":{\"@type\":\"EntryPoint\",\"urlTemplate\":\"https:\/\/gimeco.com\/?s={search_term_string}\"},\"query-input\":{\"@type\":\"PropertyValueSpecification\",\"valueRequired\":true,\"valueName\":\"search_term_string\"}}],\"inLanguage\":\"fr-FR\"},{\"@type\":\"Organization\",\"@id\":\"https:\/\/gimeco.com\/#organization\",\"name\":\"Gimeco\",\"url\":\"https:\/\/gimeco.com\/\",\"logo\":{\"@type\":\"ImageObject\",\"inLanguage\":\"fr-FR\",\"@id\":\"https:\/\/gimeco.com\/#\/schema\/logo\/image\/\",\"url\":\"https:\/\/gimeco.com\/wp-content\/uploads\/2023\/11\/Logo_GIMECO_StringNoPayoff-250.png\",\"contentUrl\":\"https:\/\/gimeco.com\/wp-content\/uploads\/2023\/11\/Logo_GIMECO_StringNoPayoff-250.png\",\"width\":250,\"height\":98,\"caption\":\"Gimeco\"},\"image\":{\"@id\":\"https:\/\/gimeco.com\/#\/schema\/logo\/image\/\"},\"sameAs\":[\"https:\/\/www.facebook.com\/gimecogroup\"]}]}<\/script>\n<!-- \/ Yoast SEO plugin. -->","yoast_head_json":{"title":"Gestion de cuves | GIMECO Impianti","description":"Remplacement des cuves, vidange avec pompes et cuves de r\u00e9tention: nos solutions de pointe en mati\u00e8re de gestion des cuves sont con\u00e7ues...","robots":{"index":"index","follow":"follow","max-snippet":"max-snippet:-1","max-image-preview":"max-image-preview:large","max-video-preview":"max-video-preview:-1"},"canonical":"https:\/\/gimeco.com\/fr\/services\/gestion-des-cuves\/","og_locale":"fr_FR","og_type":"article","og_title":"Gestion de cuves | GIMECO Impianti","og_description":"Remplacement des cuves, vidange avec pompes et cuves de r\u00e9tention: nos solutions de pointe en mati\u00e8re de gestion des cuves sont con\u00e7ues...","og_url":"https:\/\/gimeco.com\/fr\/services\/gestion-des-cuves\/","og_site_name":"GIMECO Impianti","article_publisher":"https:\/\/www.facebook.com\/gimecogroup","article_modified_time":"2024-06-03T12:02:51+00:00","og_image":[{"url":"https:\/\/gimeco.com\/wp-content\/uploads\/2024\/01\/Immagine3-1.jpg","type":"","width":"","height":""}],"schema":{"@context":"https:\/\/schema.org","@graph":[{"@type":"WebPage","@id":"https:\/\/gimeco.com\/fr\/services\/gestion-des-cuves\/","url":"https:\/\/gimeco.com\/fr\/services\/gestion-des-cuves\/","name":"Gestion de cuves | GIMECO Impianti","isPartOf":{"@id":"https:\/\/gimeco.com\/#website"},"primaryImageOfPage":{"@id":"https:\/\/gimeco.com\/fr\/services\/gestion-des-cuves\/#primaryimage"},"image":{"@id":"https:\/\/gimeco.com\/fr\/services\/gestion-des-cuves\/#primaryimage"},"thumbnailUrl":"https:\/\/gimeco.com\/wp-content\/uploads\/2024\/01\/Immagine3-1.jpg","datePublished":"2023-10-03T12:21:16+00:00","dateModified":"2024-06-03T12:02:51+00:00","description":"Remplacement des cuves, vidange avec pompes et cuves de r\u00e9tention: nos solutions de pointe en mati\u00e8re de gestion des cuves sont con\u00e7ues...","breadcrumb":{"@id":"https:\/\/gimeco.com\/fr\/services\/gestion-des-cuves\/#breadcrumb"},"inLanguage":"fr-FR","potentialAction":[{"@type":"ReadAction","target":["https:\/\/gimeco.com\/fr\/services\/gestion-des-cuves\/"]}]},{"@type":"ImageObject","inLanguage":"fr-FR","@id":"https:\/\/gimeco.com\/fr\/services\/gestion-des-cuves\/#primaryimage","url":"https:\/\/gimeco.com\/wp-content\/uploads\/2024\/01\/Immagine3-1.jpg","contentUrl":"https:\/\/gimeco.com\/wp-content\/uploads\/2024\/01\/Immagine3-1.jpg"},{"@type":"BreadcrumbList","@id":"https:\/\/gimeco.com\/fr\/services\/gestion-des-cuves\/#breadcrumb","itemListElement":[{"@type":"ListItem","position":1,"name":"Home","item":"https:\/\/gimeco.com\/fr\/"},{"@type":"ListItem","position":2,"name":"Services","item":"https:\/\/gimeco.com\/services\/"},{"@type":"ListItem","position":3,"name":"Gestion des cuves"}]},{"@type":"WebSite","@id":"https:\/\/gimeco.com\/#website","url":"https:\/\/gimeco.com\/","name":"gimeco.com","description":"Your Partner from A to Zink","publisher":{"@id":"https:\/\/gimeco.com\/#organization"},"alternateName":"Gimeco","potentialAction":[{"@type":"SearchAction","target":{"@type":"EntryPoint","urlTemplate":"https:\/\/gimeco.com\/?s={search_term_string}"},"query-input":{"@type":"PropertyValueSpecification","valueRequired":true,"valueName":"search_term_string"}}],"inLanguage":"fr-FR"},{"@type":"Organization","@id":"https:\/\/gimeco.com\/#organization","name":"Gimeco","url":"https:\/\/gimeco.com\/","logo":{"@type":"ImageObject","inLanguage":"fr-FR","@id":"https:\/\/gimeco.com\/#\/schema\/logo\/image\/","url":"https:\/\/gimeco.com\/wp-content\/uploads\/2023\/11\/Logo_GIMECO_StringNoPayoff-250.png","contentUrl":"https:\/\/gimeco.com\/wp-content\/uploads\/2023\/11\/Logo_GIMECO_StringNoPayoff-250.png","width":250,"height":98,"caption":"Gimeco"},"image":{"@id":"https:\/\/gimeco.com\/#\/schema\/logo\/image\/"},"sameAs":["https:\/\/www.facebook.com\/gimecogroup"]}]}},"_links":{"self":[{"href":"https:\/\/gimeco.com\/fr\/wp-json\/wp\/v2\/pages\/21650","targetHints":{"allow":["GET"]}}],"collection":[{"href":"https:\/\/gimeco.com\/fr\/wp-json\/wp\/v2\/pages"}],"about":[{"href":"https:\/\/gimeco.com\/fr\/wp-json\/wp\/v2\/types\/page"}],"author":[{"embeddable":true,"href":"https:\/\/gimeco.com\/fr\/wp-json\/wp\/v2\/users\/1"}],"replies":[{"embeddable":true,"href":"https:\/\/gimeco.com\/fr\/wp-json\/wp\/v2\/comments?post=21650"}],"version-history":[{"count":10,"href":"https:\/\/gimeco.com\/fr\/wp-json\/wp\/v2\/pages\/21650\/revisions"}],"predecessor-version":[{"id":22608,"href":"https:\/\/gimeco.com\/fr\/wp-json\/wp\/v2\/pages\/21650\/revisions\/22608"}],"up":[{"embeddable":true,"href":"https:\/\/gimeco.com\/fr\/wp-json\/wp\/v2\/pages\/21373"}],"wp:attachment":[{"href":"https:\/\/gimeco.com\/fr\/wp-json\/wp\/v2\/media?parent=21650"}],"curies":[{"name":"wp","href":"https:\/\/api.w.org\/{rel}","templated":true}]}}