{"id":21652,"date":"2023-11-10T10:11:50","date_gmt":"2023-11-10T10:11:50","guid":{"rendered":"https:\/\/gimeco.com\/services\/coil-line-services\/"},"modified":"2024-06-03T08:48:25","modified_gmt":"2024-06-03T08:48:25","slug":"services-de-ligne-de-bobines","status":"publish","type":"page","link":"https:\/\/gimeco.com\/fr\/services\/services-de-ligne-de-bobines\/","title":{"rendered":"Services de ligne de bobines"},"content":{"rendered":"<div class=\"vgblk-rw-wrapper limit-wrapper\">\r\n\r\n\t<p>Parmi les services les plus r\u00e9cents propos\u00e9s par GIMECO, figurent ceux d\u00e9di\u00e9s \u00e0 la gestion des pots, au remplacement des inducteurs et au renouvellement des lignes de <strong>galvanisation \u00e0 chaud en continue de bobines<\/strong>. Nous nous appuyons sur nos pompes \u00e9lectriques, nos r\u00e9cipients de maintien mobiles et d&rsquo;autres \u00e9quipements exploit\u00e9s par notre \u00e9quipe de sp\u00e9cialistes qualifi\u00e9s. Nous proposons des <strong>solutions cl\u00e9s en main<\/strong> d\u00e9velopp\u00e9es avec un souci particulier de minimiser les temps d&rsquo;arr\u00eat de production et les co\u00fbts.<\/p>\r\n<h2>\r\n\tRemplacement et ajustement des \u00e9l\u00e9ments \u00e0 induction\r\n\t<\/h2>\r\n<h2>\r\n\tRenouvellement des cuves\r\n\t<\/h2>\r\n<h2>\r\n\tTransferts de zinc fondu\r\n\t<\/h2>\r\n<h2>\r\n\tCuves de maintien mobiles\r\n\t<\/h2>\r\n<h3>\r\n\t\u00c9quipement\r\n\t<\/h3>\r\n\t\t\t\t\t\t\t<img loading=\"lazy\" decoding=\"async\" src=\"https:\/\/gimeco.com\/wp-content\/uploads\/2023\/11\/coil-line-sefvice.png\" alt=\"coil-line-sefvice\" itemprop=\"image\" height=\"420\" width=\"640\" title=\"coil-line-sefvice\" onerror=\"this.style.display='none'\"  sizes=\"auto, (max-width: 768px) 100vw, 100vw\" srcset=\"https:\/\/gimeco.com\/wp-content\/uploads\/2023\/11\/coil-line-sefvice.png 640w, https:\/\/gimeco.com\/wp-content\/uploads\/2023\/11\/coil-line-sefvice-300x197.png 300w, https:\/\/gimeco.com\/wp-content\/uploads\/2023\/11\/coil-line-sefvice-630x413.png 630w, https:\/\/gimeco.com\/wp-content\/uploads\/2023\/11\/coil-line-sefvice-420x276.png 420w, https:\/\/gimeco.com\/wp-content\/uploads\/2023\/11\/coil-line-sefvice-315x207.png 315w\" \/>\t\t\t\t\t\t\t\r\n\t<h4><strong>Cuves de maintien mobiles<\/strong><\/h4>\r\nUnit\u00e9s transportables permettant de maintenir le <strong>zinc \u00e0 l&rsquo;\u00e9tat fondu<\/strong> \u00e0 450\u00b0C <em>(842\u00b0F)<\/em> pendant les op\u00e9rations de changement de cuve.<br \/>\r\nDisponibles dans diff\u00e9rentes versions, jusqu&rsquo;\u00e0 une capacit\u00e9 de 90 tonnes <em>(200000lbs)<\/em> chacune.\r\n\t\t\t\t\t\t\t<img loading=\"lazy\" decoding=\"async\" src=\"https:\/\/gimeco.com\/wp-content\/uploads\/2023\/11\/fast-silent.jpg\" alt=\"fast-silent\" itemprop=\"image\" height=\"420\" width=\"640\" title=\"fast-silent\" onerror=\"this.style.display='none'\"  sizes=\"auto, (max-width: 768px) 100vw, 100vw\" srcset=\"https:\/\/gimeco.com\/wp-content\/uploads\/2023\/11\/fast-silent.jpg 640w, https:\/\/gimeco.com\/wp-content\/uploads\/2023\/11\/fast-silent-300x197.jpg 300w, https:\/\/gimeco.com\/wp-content\/uploads\/2023\/11\/fast-silent-630x413.jpg 630w, https:\/\/gimeco.com\/wp-content\/uploads\/2023\/11\/fast-silent-420x276.jpg 420w, https:\/\/gimeco.com\/wp-content\/uploads\/2023\/11\/fast-silent-315x207.jpg 315w\" \/>\t\t\t\t\t\t\t\r\n\t<h4><strong>Pompes \u00e9lectriques<\/strong><\/h4>\r\n<p>Exceptionnellement <strong>silencieuses<\/strong> pour le travail et enti\u00e8rement con\u00e7ues en interne, elles sont disponibles en quatre tailles et permettent des op\u00e9rations de <strong>pompage rapides<\/strong> jusqu&rsquo;\u00e0 un d\u00e9bit de 4,5 tonnes <em>(9920lbs)<\/em> par minute.<\/p>\r\n\t\t\t\t\t\t\t<img loading=\"lazy\" decoding=\"async\" src=\"https:\/\/gimeco.com\/wp-content\/uploads\/2023\/12\/heated-pipes-1.jpg\" alt=\"heated-pipes\" itemprop=\"image\" height=\"420\" width=\"640\" title=\"heated-pipes\" onerror=\"this.style.display='none'\"  sizes=\"auto, (max-width: 768px) 100vw, 100vw\" srcset=\"https:\/\/gimeco.com\/wp-content\/uploads\/2023\/12\/heated-pipes-1.jpg 640w, https:\/\/gimeco.com\/wp-content\/uploads\/2023\/12\/heated-pipes-1-300x197.jpg 300w, https:\/\/gimeco.com\/wp-content\/uploads\/2023\/12\/heated-pipes-1-630x413.jpg 630w, https:\/\/gimeco.com\/wp-content\/uploads\/2023\/12\/heated-pipes-1-420x276.jpg 420w, https:\/\/gimeco.com\/wp-content\/uploads\/2023\/12\/heated-pipes-1-315x207.jpg 315w\" \/>\t\t\t\t\t\t\t\r\n\t<h4><b>Tuyaux chauff\u00e9s \u00e9lectriquement<\/b><\/h4>\r\n\t\t\t\t\t\t\t<img loading=\"lazy\" decoding=\"async\" src=\"https:\/\/gimeco.com\/wp-content\/uploads\/2023\/11\/easy.jpg\" alt=\"easy\" itemprop=\"image\" height=\"420\" width=\"640\" title=\"easy\" onerror=\"this.style.display='none'\"  sizes=\"auto, (max-width: 768px) 100vw, 100vw\" srcset=\"https:\/\/gimeco.com\/wp-content\/uploads\/2023\/11\/easy.jpg 640w, https:\/\/gimeco.com\/wp-content\/uploads\/2023\/11\/easy-300x197.jpg 300w, https:\/\/gimeco.com\/wp-content\/uploads\/2023\/11\/easy-630x413.jpg 630w, https:\/\/gimeco.com\/wp-content\/uploads\/2023\/11\/easy-420x276.jpg 420w, https:\/\/gimeco.com\/wp-content\/uploads\/2023\/11\/easy-315x207.jpg 315w\" \/>\t\t\t\t\t\t\t\r\n\t<h4><strong>Moules<\/strong><\/h4>\r\n<p>Jusqu&rsquo;\u00e0 2,2 tonnes <em>(4850lbs)<\/em> de zinc chacun<\/p>\r\n<h3>\r\n\tOp\u00e9rations\r\n\t<\/h3>\r\n\t<ol>\r\n<li><strong>Planification<\/strong><\/li>\r\n<li><strong>Pr\u00e9paration et coordination<\/strong><\/li>\r\n<li><strong>Vidange compl\u00e8te ou partielle de la cuve<\/strong><\/li>\r\n<li><strong>Nettoyage des rainures de l&rsquo;inducteur<\/strong><\/li>\r\n<li><strong>R\u00e9fection partielle ou compl\u00e8te du rev\u00eatement r\u00e9fractaire<\/strong><\/li>\r\n<li><strong>D\u00e9montage de l&rsquo;ancien inducteur<\/strong><\/li>\r\n<li><strong>Pr\u00e9paration et installation du nouvel inducteur<\/strong><\/li>\r\n<li><strong>Installation de la plaque de couverture avanc\u00e9e<\/strong><\/li>\r\n<li><strong>D\u00e9marrage du cycle de pr\u00e9chauffage<\/strong><\/li>\r\n<li><strong>Amor\u00e7age de l&rsquo;inducteur<\/strong><\/li>\r\n<\/ol>\r\n\t<h4><strong>Rapidit\u00e9<\/strong><\/h4>\r\n<p>Des op\u00e9rations d\u00e9velopp\u00e9es et coordonn\u00e9es avec soin, un \u00e9quipement efficace et des sp\u00e9cialistes hautement qualifi\u00e9s garantissent que le service est effectu\u00e9 dans les d\u00e9lais les plus courts possibles afin de r\u00e9duire les temps d&rsquo;arr\u00eat de production.<\/p>\r\n<h4><strong>Polyvalence<\/strong><\/h4>\r\n<p>Gr\u00e2ce \u00e0 nos cuves mobiles de maintien, jusqu&rsquo;\u00e0 des centaines de tonnes de zinc peuvent \u00eatre maintenues \u00e0 l&rsquo;\u00e9tat fondu \u00e0 450\u00b0C <em>(842\u00b0F),<\/em> ce qui permet de reprendre les op\u00e9rations rapidement.<\/p>\r\n<h4><strong>\u00c9conomies<\/strong><\/h4>\r\n<p>L&rsquo;ensemble du processus permet de r\u00e9duire les temps d&rsquo;arr\u00eat de 3 \u00e0 7 jours afin que le galvaniseur puisse reprendre ses activit\u00e9s rapidement.<\/p>\r\n<h4><strong>Aucune perte de zinc<\/strong><\/h4>\r\n<p>Notre personnel exp\u00e9riment\u00e9 et nos pompes performantes permettent de vider la cuve jusqu&rsquo;\u00e0 seulement 4 cm <em>(1,5&Prime;)<\/em> de zinc r\u00e9siduel ; pratiquement aucun zinc n&rsquo;est gaspill\u00e9.<\/p>\r\n<h4><strong>S\u00e9curit\u00e9 totale<\/strong><\/h4>\r\n<p>Les op\u00e9rations sont soigneusement planifi\u00e9es pour garantir le processus le plus s\u00fbr possible pour les travailleurs et l&rsquo;\u00e9quipement. Les galvaniseurs locaux sont form\u00e9s avec divers outils multim\u00e9dias.<\/p>\r\n<h4><strong>Cl\u00e9 en main<\/strong><\/h4>\r\n\r\n<\/div><!-- .vgblk-rw-wrapper -->","protected":false},"excerpt":{"rendered":"<p>Parmi les services les plus r\u00e9cents propos\u00e9s par GIMECO, figurent ceux d\u00e9di\u00e9s \u00e0 la gestion des pots, au remplacement des inducteurs et au renouvellement des lignes de galvanisation \u00e0 chaud en continue de bobines. Nous nous appuyons sur nos pompes \u00e9lectriques, nos r\u00e9cipients de maintien mobiles et d&rsquo;autres \u00e9quipements exploit\u00e9s par notre \u00e9quipe de sp\u00e9cialistes&#8230;<\/p>\n","protected":false},"author":1,"featured_media":0,"parent":21373,"menu_order":0,"comment_status":"closed","ping_status":"closed","template":"","meta":{"inline_featured_image":false,"footnotes":""},"class_list":["post-21652","page","type-page","status-publish","hentry"],"yoast_head":"<!-- This site is optimized with the Yoast SEO plugin v26.4 - https:\/\/yoast.com\/wordpress\/plugins\/seo\/ -->\n<title>Services de lignes de bobines | GIMECO Impianti<\/title>\n<meta name=\"description\" content=\"Parmi les derniers services n\u00e9s de GIMECO, il y a des solutions d\u00e9di\u00e9es pour la gestion des cuves, le remplacement et le renouvellement...\" \/>\n<meta name=\"robots\" content=\"index, follow, max-snippet:-1, max-image-preview:large, max-video-preview:-1\" \/>\n<link rel=\"canonical\" href=\"https:\/\/gimeco.com\/fr\/services\/services-de-ligne-de-bobines\/\" \/>\n<meta property=\"og:locale\" content=\"fr_FR\" \/>\n<meta property=\"og:type\" content=\"article\" \/>\n<meta property=\"og:title\" content=\"Services de lignes de bobines | GIMECO Impianti\" \/>\n<meta property=\"og:description\" content=\"Parmi les derniers services n\u00e9s de GIMECO, il y a des solutions d\u00e9di\u00e9es pour la gestion des cuves, le remplacement et le renouvellement...\" \/>\n<meta property=\"og:url\" content=\"https:\/\/gimeco.com\/fr\/services\/services-de-ligne-de-bobines\/\" \/>\n<meta property=\"og:site_name\" content=\"GIMECO Impianti\" \/>\n<meta property=\"article:publisher\" content=\"https:\/\/www.facebook.com\/gimecogroup\" \/>\n<meta property=\"article:modified_time\" content=\"2024-06-03T08:48:25+00:00\" \/>\n<meta property=\"og:image\" content=\"https:\/\/gimeco.com\/wp-content\/uploads\/2023\/11\/coil-line-sefvice.png\" \/>\n<script type=\"application\/ld+json\" class=\"yoast-schema-graph\">{\"@context\":\"https:\/\/schema.org\",\"@graph\":[{\"@type\":\"WebPage\",\"@id\":\"https:\/\/gimeco.com\/fr\/services\/services-de-ligne-de-bobines\/\",\"url\":\"https:\/\/gimeco.com\/fr\/services\/services-de-ligne-de-bobines\/\",\"name\":\"Services de lignes de bobines | GIMECO Impianti\",\"isPartOf\":{\"@id\":\"https:\/\/gimeco.com\/#website\"},\"primaryImageOfPage\":{\"@id\":\"https:\/\/gimeco.com\/fr\/services\/services-de-ligne-de-bobines\/#primaryimage\"},\"image\":{\"@id\":\"https:\/\/gimeco.com\/fr\/services\/services-de-ligne-de-bobines\/#primaryimage\"},\"thumbnailUrl\":\"https:\/\/gimeco.com\/wp-content\/uploads\/2023\/11\/coil-line-sefvice.png\",\"datePublished\":\"2023-11-10T10:11:50+00:00\",\"dateModified\":\"2024-06-03T08:48:25+00:00\",\"description\":\"Parmi les derniers services n\u00e9s de GIMECO, il y a des solutions d\u00e9di\u00e9es pour la gestion des cuves, le remplacement et le renouvellement...\",\"breadcrumb\":{\"@id\":\"https:\/\/gimeco.com\/fr\/services\/services-de-ligne-de-bobines\/#breadcrumb\"},\"inLanguage\":\"fr-FR\",\"potentialAction\":[{\"@type\":\"ReadAction\",\"target\":[\"https:\/\/gimeco.com\/fr\/services\/services-de-ligne-de-bobines\/\"]}]},{\"@type\":\"ImageObject\",\"inLanguage\":\"fr-FR\",\"@id\":\"https:\/\/gimeco.com\/fr\/services\/services-de-ligne-de-bobines\/#primaryimage\",\"url\":\"https:\/\/gimeco.com\/wp-content\/uploads\/2023\/11\/coil-line-sefvice.png\",\"contentUrl\":\"https:\/\/gimeco.com\/wp-content\/uploads\/2023\/11\/coil-line-sefvice.png\"},{\"@type\":\"BreadcrumbList\",\"@id\":\"https:\/\/gimeco.com\/fr\/services\/services-de-ligne-de-bobines\/#breadcrumb\",\"itemListElement\":[{\"@type\":\"ListItem\",\"position\":1,\"name\":\"Home\",\"item\":\"https:\/\/gimeco.com\/fr\/\"},{\"@type\":\"ListItem\",\"position\":2,\"name\":\"Services\",\"item\":\"https:\/\/gimeco.com\/services\/\"},{\"@type\":\"ListItem\",\"position\":3,\"name\":\"Services de ligne de bobines\"}]},{\"@type\":\"WebSite\",\"@id\":\"https:\/\/gimeco.com\/#website\",\"url\":\"https:\/\/gimeco.com\/\",\"name\":\"gimeco.com\",\"description\":\"Your Partner from A to Zink\",\"publisher\":{\"@id\":\"https:\/\/gimeco.com\/#organization\"},\"alternateName\":\"Gimeco\",\"potentialAction\":[{\"@type\":\"SearchAction\",\"target\":{\"@type\":\"EntryPoint\",\"urlTemplate\":\"https:\/\/gimeco.com\/?s={search_term_string}\"},\"query-input\":{\"@type\":\"PropertyValueSpecification\",\"valueRequired\":true,\"valueName\":\"search_term_string\"}}],\"inLanguage\":\"fr-FR\"},{\"@type\":\"Organization\",\"@id\":\"https:\/\/gimeco.com\/#organization\",\"name\":\"Gimeco\",\"url\":\"https:\/\/gimeco.com\/\",\"logo\":{\"@type\":\"ImageObject\",\"inLanguage\":\"fr-FR\",\"@id\":\"https:\/\/gimeco.com\/#\/schema\/logo\/image\/\",\"url\":\"https:\/\/gimeco.com\/wp-content\/uploads\/2023\/11\/Logo_GIMECO_StringNoPayoff-250.png\",\"contentUrl\":\"https:\/\/gimeco.com\/wp-content\/uploads\/2023\/11\/Logo_GIMECO_StringNoPayoff-250.png\",\"width\":250,\"height\":98,\"caption\":\"Gimeco\"},\"image\":{\"@id\":\"https:\/\/gimeco.com\/#\/schema\/logo\/image\/\"},\"sameAs\":[\"https:\/\/www.facebook.com\/gimecogroup\"]}]}<\/script>\n<!-- \/ Yoast SEO plugin. -->","yoast_head_json":{"title":"Services de lignes de bobines | GIMECO Impianti","description":"Parmi les derniers services n\u00e9s de GIMECO, il y a des solutions d\u00e9di\u00e9es pour la gestion des cuves, le remplacement et le renouvellement...","robots":{"index":"index","follow":"follow","max-snippet":"max-snippet:-1","max-image-preview":"max-image-preview:large","max-video-preview":"max-video-preview:-1"},"canonical":"https:\/\/gimeco.com\/fr\/services\/services-de-ligne-de-bobines\/","og_locale":"fr_FR","og_type":"article","og_title":"Services de lignes de bobines | GIMECO Impianti","og_description":"Parmi les derniers services n\u00e9s de GIMECO, il y a des solutions d\u00e9di\u00e9es pour la gestion des cuves, le remplacement et le renouvellement...","og_url":"https:\/\/gimeco.com\/fr\/services\/services-de-ligne-de-bobines\/","og_site_name":"GIMECO Impianti","article_publisher":"https:\/\/www.facebook.com\/gimecogroup","article_modified_time":"2024-06-03T08:48:25+00:00","og_image":[{"url":"https:\/\/gimeco.com\/wp-content\/uploads\/2023\/11\/coil-line-sefvice.png","type":"","width":"","height":""}],"schema":{"@context":"https:\/\/schema.org","@graph":[{"@type":"WebPage","@id":"https:\/\/gimeco.com\/fr\/services\/services-de-ligne-de-bobines\/","url":"https:\/\/gimeco.com\/fr\/services\/services-de-ligne-de-bobines\/","name":"Services de lignes de bobines | GIMECO Impianti","isPartOf":{"@id":"https:\/\/gimeco.com\/#website"},"primaryImageOfPage":{"@id":"https:\/\/gimeco.com\/fr\/services\/services-de-ligne-de-bobines\/#primaryimage"},"image":{"@id":"https:\/\/gimeco.com\/fr\/services\/services-de-ligne-de-bobines\/#primaryimage"},"thumbnailUrl":"https:\/\/gimeco.com\/wp-content\/uploads\/2023\/11\/coil-line-sefvice.png","datePublished":"2023-11-10T10:11:50+00:00","dateModified":"2024-06-03T08:48:25+00:00","description":"Parmi les derniers services n\u00e9s de GIMECO, il y a des solutions d\u00e9di\u00e9es pour la gestion des cuves, le remplacement et le renouvellement...","breadcrumb":{"@id":"https:\/\/gimeco.com\/fr\/services\/services-de-ligne-de-bobines\/#breadcrumb"},"inLanguage":"fr-FR","potentialAction":[{"@type":"ReadAction","target":["https:\/\/gimeco.com\/fr\/services\/services-de-ligne-de-bobines\/"]}]},{"@type":"ImageObject","inLanguage":"fr-FR","@id":"https:\/\/gimeco.com\/fr\/services\/services-de-ligne-de-bobines\/#primaryimage","url":"https:\/\/gimeco.com\/wp-content\/uploads\/2023\/11\/coil-line-sefvice.png","contentUrl":"https:\/\/gimeco.com\/wp-content\/uploads\/2023\/11\/coil-line-sefvice.png"},{"@type":"BreadcrumbList","@id":"https:\/\/gimeco.com\/fr\/services\/services-de-ligne-de-bobines\/#breadcrumb","itemListElement":[{"@type":"ListItem","position":1,"name":"Home","item":"https:\/\/gimeco.com\/fr\/"},{"@type":"ListItem","position":2,"name":"Services","item":"https:\/\/gimeco.com\/services\/"},{"@type":"ListItem","position":3,"name":"Services de ligne de bobines"}]},{"@type":"WebSite","@id":"https:\/\/gimeco.com\/#website","url":"https:\/\/gimeco.com\/","name":"gimeco.com","description":"Your Partner from A to Zink","publisher":{"@id":"https:\/\/gimeco.com\/#organization"},"alternateName":"Gimeco","potentialAction":[{"@type":"SearchAction","target":{"@type":"EntryPoint","urlTemplate":"https:\/\/gimeco.com\/?s={search_term_string}"},"query-input":{"@type":"PropertyValueSpecification","valueRequired":true,"valueName":"search_term_string"}}],"inLanguage":"fr-FR"},{"@type":"Organization","@id":"https:\/\/gimeco.com\/#organization","name":"Gimeco","url":"https:\/\/gimeco.com\/","logo":{"@type":"ImageObject","inLanguage":"fr-FR","@id":"https:\/\/gimeco.com\/#\/schema\/logo\/image\/","url":"https:\/\/gimeco.com\/wp-content\/uploads\/2023\/11\/Logo_GIMECO_StringNoPayoff-250.png","contentUrl":"https:\/\/gimeco.com\/wp-content\/uploads\/2023\/11\/Logo_GIMECO_StringNoPayoff-250.png","width":250,"height":98,"caption":"Gimeco"},"image":{"@id":"https:\/\/gimeco.com\/#\/schema\/logo\/image\/"},"sameAs":["https:\/\/www.facebook.com\/gimecogroup"]}]}},"_links":{"self":[{"href":"https:\/\/gimeco.com\/fr\/wp-json\/wp\/v2\/pages\/21652","targetHints":{"allow":["GET"]}}],"collection":[{"href":"https:\/\/gimeco.com\/fr\/wp-json\/wp\/v2\/pages"}],"about":[{"href":"https:\/\/gimeco.com\/fr\/wp-json\/wp\/v2\/types\/page"}],"author":[{"embeddable":true,"href":"https:\/\/gimeco.com\/fr\/wp-json\/wp\/v2\/users\/1"}],"replies":[{"embeddable":true,"href":"https:\/\/gimeco.com\/fr\/wp-json\/wp\/v2\/comments?post=21652"}],"version-history":[{"count":5,"href":"https:\/\/gimeco.com\/fr\/wp-json\/wp\/v2\/pages\/21652\/revisions"}],"predecessor-version":[{"id":22609,"href":"https:\/\/gimeco.com\/fr\/wp-json\/wp\/v2\/pages\/21652\/revisions\/22609"}],"up":[{"embeddable":true,"href":"https:\/\/gimeco.com\/fr\/wp-json\/wp\/v2\/pages\/21373"}],"wp:attachment":[{"href":"https:\/\/gimeco.com\/fr\/wp-json\/wp\/v2\/media?parent=21652"}],"curies":[{"name":"wp","href":"https:\/\/api.w.org\/{rel}","templated":true}]}}