{"id":21653,"date":"2023-09-19T12:36:45","date_gmt":"2023-09-19T12:36:45","guid":{"rendered":"https:\/\/gimeco.com\/services\/revamping-of-equipments\/"},"modified":"2024-06-03T08:45:59","modified_gmt":"2024-06-03T08:45:59","slug":"modernisation","status":"publish","type":"page","link":"https:\/\/gimeco.com\/fr\/services\/modernisation\/","title":{"rendered":"Modernisation"},"content":{"rendered":"<div class=\"vgblk-rw-wrapper limit-wrapper\">\r\n<h2>\r\n\t<strong>Donnez une nouvelle vie <\/strong>\u00e0 vos \u00e9quipements existants\r\n\t<\/h2>\r\n\t<p>GIMECO s&rsquo;est toujours sp\u00e9cialis\u00e9 non seulement dans la conception de nouvelles installations, mais aussi dans le revamping complet des lignes existantes, de leurs composants et \u00e9quipements associ\u00e9s, garantissant des niveaux \u00e9lev\u00e9s <strong>d&rsquo;efficacit\u00e9<\/strong> en termes de <strong>productivit\u00e9<\/strong> et de <strong>durabilit\u00e9<\/strong> pour les installations vieillissantes.<\/p>\r\n<p>Notre \u00e9quipe d&rsquo;ing\u00e9nierie hautement qualifi\u00e9e poss\u00e8de une vaste exp\u00e9rience dans la modernisation et la mise \u00e0 niveau des installations de galvanisation \u00e0 chaud, garantissant qu&rsquo;elles respectent <strong>les normes les plus r\u00e9centes possibles.<\/strong><\/p>\r\n<p>Gr\u00e2ce \u00e0 nos services de modernisation, vous pouvez optimiser efficacement et durablement votre <strong>installation existante<\/strong>, en \u00e9conomisant ainsi du temps et des ressources pr\u00e9cieuses.<\/p>\r\n\t<h4>Conception d&rsquo;un nouveau d\u00e9partement de pr\u00e9traitement avec enceinte tunnel<\/h4>\r\n<h4>Am\u00e9lioration du s\u00e9choir<\/h4>\r\n<h4>Remplacement ou optimisation du four et du syst\u00e8me de chauffage<\/h4>\r\n<h4>Nouveau syst\u00e8me de manutention et de logistique am\u00e9lior\u00e9<\/h4>\r\n<h4>Mise en place d&rsquo;\u00e9quipements de s\u00e9curit\u00e9<\/h4>\r\n<h4>Optimisation du flux de mat\u00e9riau<\/h4>\r\n<h4>Autres<\/h4>\r\n\t\t\t\t\t\t\t<img loading=\"lazy\" decoding=\"async\" src=\"https:\/\/gimeco.com\/wp-content\/uploads\/2023\/12\/Immagine3.png\" alt=\"Immagine3\" itemprop=\"image\" height=\"982\" width=\"2791\" title=\"Immagine3\" onerror=\"this.style.display='none'\"  sizes=\"auto, (max-width: 768px) 100vw, 100vw\" srcset=\"https:\/\/gimeco.com\/wp-content\/uploads\/2023\/12\/Immagine3.png 2791w, https:\/\/gimeco.com\/wp-content\/uploads\/2023\/12\/Immagine3-300x106.png 300w, https:\/\/gimeco.com\/wp-content\/uploads\/2023\/12\/Immagine3-1024x360.png 1024w, https:\/\/gimeco.com\/wp-content\/uploads\/2023\/12\/Immagine3-768x270.png 768w, https:\/\/gimeco.com\/wp-content\/uploads\/2023\/12\/Immagine3-1536x540.png 1536w, https:\/\/gimeco.com\/wp-content\/uploads\/2023\/12\/Immagine3-2048x721.png 2048w, https:\/\/gimeco.com\/wp-content\/uploads\/2023\/12\/Immagine3-1260x443.png 1260w, https:\/\/gimeco.com\/wp-content\/uploads\/2023\/12\/Immagine3-630x222.png 630w, https:\/\/gimeco.com\/wp-content\/uploads\/2023\/12\/Immagine3-420x148.png 420w, https:\/\/gimeco.com\/wp-content\/uploads\/2023\/12\/Immagine3-840x296.png 840w, https:\/\/gimeco.com\/wp-content\/uploads\/2023\/12\/Immagine3-315x111.png 315w\" \/>\t\t\t\t\t\t\t\r\n\t\t\t\t\t\t\t<img loading=\"lazy\" decoding=\"async\" src=\"https:\/\/gimeco.com\/wp-content\/uploads\/2023\/12\/Immagine4.png\" alt=\"Immagine4\" itemprop=\"image\" height=\"884\" width=\"3126\" title=\"Immagine4\" onerror=\"this.style.display='none'\"  sizes=\"auto, (max-width: 768px) 100vw, 100vw\" srcset=\"https:\/\/gimeco.com\/wp-content\/uploads\/2023\/12\/Immagine4.png 3126w, https:\/\/gimeco.com\/wp-content\/uploads\/2023\/12\/Immagine4-300x85.png 300w, https:\/\/gimeco.com\/wp-content\/uploads\/2023\/12\/Immagine4-1024x290.png 1024w, https:\/\/gimeco.com\/wp-content\/uploads\/2023\/12\/Immagine4-768x217.png 768w, https:\/\/gimeco.com\/wp-content\/uploads\/2023\/12\/Immagine4-1536x434.png 1536w, https:\/\/gimeco.com\/wp-content\/uploads\/2023\/12\/Immagine4-2048x579.png 2048w, https:\/\/gimeco.com\/wp-content\/uploads\/2023\/12\/Immagine4-1260x356.png 1260w, https:\/\/gimeco.com\/wp-content\/uploads\/2023\/12\/Immagine4-630x178.png 630w, https:\/\/gimeco.com\/wp-content\/uploads\/2023\/12\/Immagine4-420x119.png 420w, https:\/\/gimeco.com\/wp-content\/uploads\/2023\/12\/Immagine4-840x238.png 840w, https:\/\/gimeco.com\/wp-content\/uploads\/2023\/12\/Immagine4-315x89.png 315w\" \/>\t\t\t\t\t\t\t\r\n\t\t\t\t\t\t\t<img loading=\"lazy\" decoding=\"async\" src=\"https:\/\/gimeco.com\/wp-content\/uploads\/2023\/12\/Immagine5.png\" alt=\"Immagine5\" itemprop=\"image\" height=\"879\" width=\"2780\" title=\"Immagine5\" onerror=\"this.style.display='none'\"  sizes=\"auto, (max-width: 768px) 100vw, 100vw\" srcset=\"https:\/\/gimeco.com\/wp-content\/uploads\/2023\/12\/Immagine5.png 2780w, https:\/\/gimeco.com\/wp-content\/uploads\/2023\/12\/Immagine5-300x95.png 300w, https:\/\/gimeco.com\/wp-content\/uploads\/2023\/12\/Immagine5-1024x324.png 1024w, https:\/\/gimeco.com\/wp-content\/uploads\/2023\/12\/Immagine5-768x243.png 768w, https:\/\/gimeco.com\/wp-content\/uploads\/2023\/12\/Immagine5-1536x486.png 1536w, https:\/\/gimeco.com\/wp-content\/uploads\/2023\/12\/Immagine5-2048x648.png 2048w, https:\/\/gimeco.com\/wp-content\/uploads\/2023\/12\/Immagine5-1260x398.png 1260w, https:\/\/gimeco.com\/wp-content\/uploads\/2023\/12\/Immagine5-630x199.png 630w, https:\/\/gimeco.com\/wp-content\/uploads\/2023\/12\/Immagine5-420x133.png 420w, https:\/\/gimeco.com\/wp-content\/uploads\/2023\/12\/Immagine5-840x266.png 840w, https:\/\/gimeco.com\/wp-content\/uploads\/2023\/12\/Immagine5-315x100.png 315w\" \/>\t\t\t\t\t\t\t\r\n\t\t\t\t\t\t\t<img loading=\"lazy\" decoding=\"async\" src=\"https:\/\/gimeco.com\/wp-content\/uploads\/2023\/12\/Immagine2.png\" alt=\"Immagine2\" itemprop=\"image\" height=\"1147\" width=\"3653\" title=\"Immagine2\" onerror=\"this.style.display='none'\"  sizes=\"auto, (max-width: 768px) 100vw, 100vw\" srcset=\"https:\/\/gimeco.com\/wp-content\/uploads\/2023\/12\/Immagine2.png 3653w, https:\/\/gimeco.com\/wp-content\/uploads\/2023\/12\/Immagine2-300x94.png 300w, https:\/\/gimeco.com\/wp-content\/uploads\/2023\/12\/Immagine2-1024x322.png 1024w, https:\/\/gimeco.com\/wp-content\/uploads\/2023\/12\/Immagine2-768x241.png 768w, https:\/\/gimeco.com\/wp-content\/uploads\/2023\/12\/Immagine2-1536x482.png 1536w, https:\/\/gimeco.com\/wp-content\/uploads\/2023\/12\/Immagine2-2048x643.png 2048w, https:\/\/gimeco.com\/wp-content\/uploads\/2023\/12\/Immagine2-1260x396.png 1260w, https:\/\/gimeco.com\/wp-content\/uploads\/2023\/12\/Immagine2-630x198.png 630w, https:\/\/gimeco.com\/wp-content\/uploads\/2023\/12\/Immagine2-420x132.png 420w, https:\/\/gimeco.com\/wp-content\/uploads\/2023\/12\/Immagine2-840x264.png 840w, https:\/\/gimeco.com\/wp-content\/uploads\/2023\/12\/Immagine2-315x99.png 315w\" \/>\t\t\t\t\t\t\t\r\n\r\n<\/div><!-- .vgblk-rw-wrapper -->","protected":false},"excerpt":{"rendered":"<p>Donnez une nouvelle vie \u00e0 vos \u00e9quipements existants GIMECO s&rsquo;est toujours sp\u00e9cialis\u00e9 non seulement dans la conception de nouvelles installations, mais aussi dans le revamping complet des lignes existantes, de leurs composants et \u00e9quipements associ\u00e9s, garantissant des niveaux \u00e9lev\u00e9s d&rsquo;efficacit\u00e9 en termes de productivit\u00e9 et de durabilit\u00e9 pour les installations vieillissantes. Notre \u00e9quipe d&rsquo;ing\u00e9nierie hautement&#8230;<\/p>\n","protected":false},"author":1,"featured_media":0,"parent":21373,"menu_order":0,"comment_status":"closed","ping_status":"closed","template":"","meta":{"inline_featured_image":false,"footnotes":""},"class_list":["post-21653","page","type-page","status-publish","hentry"],"yoast_head":"<!-- This site is optimized with the Yoast SEO plugin v26.4 - https:\/\/yoast.com\/wordpress\/plugins\/seo\/ -->\n<title>Modernisation des \u00e9quipements | GIMECO Impianti<\/title>\n<meta name=\"description\" content=\"GIMECO a toujours \u00e9t\u00e9 sp\u00e9cialis\u00e9 non seulement dans la conception de nouvelles usines, mais aussi dans la r\u00e9novation compl\u00e8te de lignes...\" \/>\n<meta name=\"robots\" content=\"index, follow, max-snippet:-1, max-image-preview:large, max-video-preview:-1\" \/>\n<link rel=\"canonical\" href=\"https:\/\/gimeco.com\/services\/revamping-of-equipments\/\" \/>\n<meta property=\"og:locale\" content=\"fr_FR\" \/>\n<meta property=\"og:type\" content=\"article\" \/>\n<meta property=\"og:title\" content=\"Modernisation des \u00e9quipements | GIMECO Impianti\" \/>\n<meta property=\"og:description\" content=\"GIMECO a toujours \u00e9t\u00e9 sp\u00e9cialis\u00e9 non seulement dans la conception de nouvelles usines, mais aussi dans la r\u00e9novation compl\u00e8te de lignes...\" \/>\n<meta property=\"og:url\" content=\"https:\/\/gimeco.com\/services\/revamping-of-equipments\/\" \/>\n<meta property=\"og:site_name\" content=\"GIMECO Impianti\" \/>\n<meta property=\"article:publisher\" content=\"https:\/\/www.facebook.com\/gimecogroup\" \/>\n<meta property=\"article:modified_time\" content=\"2024-06-03T08:45:59+00:00\" \/>\n<meta property=\"og:image\" content=\"https:\/\/gimeco.com\/wp-content\/uploads\/2023\/12\/Immagine3.png\" \/>\n<script type=\"application\/ld+json\" class=\"yoast-schema-graph\">{\"@context\":\"https:\/\/schema.org\",\"@graph\":[{\"@type\":\"WebPage\",\"@id\":\"https:\/\/gimeco.com\/services\/revamping-of-equipments\/\",\"url\":\"https:\/\/gimeco.com\/services\/revamping-of-equipments\/\",\"name\":\"Modernisation des \u00e9quipements | GIMECO Impianti\",\"isPartOf\":{\"@id\":\"https:\/\/gimeco.com\/#website\"},\"primaryImageOfPage\":{\"@id\":\"https:\/\/gimeco.com\/services\/revamping-of-equipments\/#primaryimage\"},\"image\":{\"@id\":\"https:\/\/gimeco.com\/services\/revamping-of-equipments\/#primaryimage\"},\"thumbnailUrl\":\"https:\/\/gimeco.com\/wp-content\/uploads\/2023\/12\/Immagine3.png\",\"datePublished\":\"2023-09-19T12:36:45+00:00\",\"dateModified\":\"2024-06-03T08:45:59+00:00\",\"description\":\"GIMECO a toujours \u00e9t\u00e9 sp\u00e9cialis\u00e9 non seulement dans la conception de nouvelles usines, mais aussi dans la r\u00e9novation compl\u00e8te de lignes...\",\"breadcrumb\":{\"@id\":\"https:\/\/gimeco.com\/services\/revamping-of-equipments\/#breadcrumb\"},\"inLanguage\":\"fr-FR\",\"potentialAction\":[{\"@type\":\"ReadAction\",\"target\":[\"https:\/\/gimeco.com\/services\/revamping-of-equipments\/\"]}]},{\"@type\":\"ImageObject\",\"inLanguage\":\"fr-FR\",\"@id\":\"https:\/\/gimeco.com\/services\/revamping-of-equipments\/#primaryimage\",\"url\":\"https:\/\/gimeco.com\/wp-content\/uploads\/2023\/12\/Immagine3.png\",\"contentUrl\":\"https:\/\/gimeco.com\/wp-content\/uploads\/2023\/12\/Immagine3.png\"},{\"@type\":\"BreadcrumbList\",\"@id\":\"https:\/\/gimeco.com\/services\/revamping-of-equipments\/#breadcrumb\",\"itemListElement\":[{\"@type\":\"ListItem\",\"position\":1,\"name\":\"Home\",\"item\":\"https:\/\/gimeco.com\/fr\/\"},{\"@type\":\"ListItem\",\"position\":2,\"name\":\"Services\",\"item\":\"https:\/\/gimeco.com\/services\/\"},{\"@type\":\"ListItem\",\"position\":3,\"name\":\"Modernisation\"}]},{\"@type\":\"WebSite\",\"@id\":\"https:\/\/gimeco.com\/#website\",\"url\":\"https:\/\/gimeco.com\/\",\"name\":\"gimeco.com\",\"description\":\"Your Partner from A to Zink\",\"publisher\":{\"@id\":\"https:\/\/gimeco.com\/#organization\"},\"alternateName\":\"Gimeco\",\"potentialAction\":[{\"@type\":\"SearchAction\",\"target\":{\"@type\":\"EntryPoint\",\"urlTemplate\":\"https:\/\/gimeco.com\/?s={search_term_string}\"},\"query-input\":{\"@type\":\"PropertyValueSpecification\",\"valueRequired\":true,\"valueName\":\"search_term_string\"}}],\"inLanguage\":\"fr-FR\"},{\"@type\":\"Organization\",\"@id\":\"https:\/\/gimeco.com\/#organization\",\"name\":\"Gimeco\",\"url\":\"https:\/\/gimeco.com\/\",\"logo\":{\"@type\":\"ImageObject\",\"inLanguage\":\"fr-FR\",\"@id\":\"https:\/\/gimeco.com\/#\/schema\/logo\/image\/\",\"url\":\"https:\/\/gimeco.com\/wp-content\/uploads\/2023\/11\/Logo_GIMECO_StringNoPayoff-250.png\",\"contentUrl\":\"https:\/\/gimeco.com\/wp-content\/uploads\/2023\/11\/Logo_GIMECO_StringNoPayoff-250.png\",\"width\":250,\"height\":98,\"caption\":\"Gimeco\"},\"image\":{\"@id\":\"https:\/\/gimeco.com\/#\/schema\/logo\/image\/\"},\"sameAs\":[\"https:\/\/www.facebook.com\/gimecogroup\"]}]}<\/script>\n<!-- \/ Yoast SEO plugin. -->","yoast_head_json":{"title":"Modernisation des \u00e9quipements | GIMECO Impianti","description":"GIMECO a toujours \u00e9t\u00e9 sp\u00e9cialis\u00e9 non seulement dans la conception de nouvelles usines, mais aussi dans la r\u00e9novation compl\u00e8te de lignes...","robots":{"index":"index","follow":"follow","max-snippet":"max-snippet:-1","max-image-preview":"max-image-preview:large","max-video-preview":"max-video-preview:-1"},"canonical":"https:\/\/gimeco.com\/services\/revamping-of-equipments\/","og_locale":"fr_FR","og_type":"article","og_title":"Modernisation des \u00e9quipements | GIMECO Impianti","og_description":"GIMECO a toujours \u00e9t\u00e9 sp\u00e9cialis\u00e9 non seulement dans la conception de nouvelles usines, mais aussi dans la r\u00e9novation compl\u00e8te de lignes...","og_url":"https:\/\/gimeco.com\/services\/revamping-of-equipments\/","og_site_name":"GIMECO Impianti","article_publisher":"https:\/\/www.facebook.com\/gimecogroup","article_modified_time":"2024-06-03T08:45:59+00:00","og_image":[{"url":"https:\/\/gimeco.com\/wp-content\/uploads\/2023\/12\/Immagine3.png","type":"","width":"","height":""}],"schema":{"@context":"https:\/\/schema.org","@graph":[{"@type":"WebPage","@id":"https:\/\/gimeco.com\/services\/revamping-of-equipments\/","url":"https:\/\/gimeco.com\/services\/revamping-of-equipments\/","name":"Modernisation des \u00e9quipements | GIMECO Impianti","isPartOf":{"@id":"https:\/\/gimeco.com\/#website"},"primaryImageOfPage":{"@id":"https:\/\/gimeco.com\/services\/revamping-of-equipments\/#primaryimage"},"image":{"@id":"https:\/\/gimeco.com\/services\/revamping-of-equipments\/#primaryimage"},"thumbnailUrl":"https:\/\/gimeco.com\/wp-content\/uploads\/2023\/12\/Immagine3.png","datePublished":"2023-09-19T12:36:45+00:00","dateModified":"2024-06-03T08:45:59+00:00","description":"GIMECO a toujours \u00e9t\u00e9 sp\u00e9cialis\u00e9 non seulement dans la conception de nouvelles usines, mais aussi dans la r\u00e9novation compl\u00e8te de lignes...","breadcrumb":{"@id":"https:\/\/gimeco.com\/services\/revamping-of-equipments\/#breadcrumb"},"inLanguage":"fr-FR","potentialAction":[{"@type":"ReadAction","target":["https:\/\/gimeco.com\/services\/revamping-of-equipments\/"]}]},{"@type":"ImageObject","inLanguage":"fr-FR","@id":"https:\/\/gimeco.com\/services\/revamping-of-equipments\/#primaryimage","url":"https:\/\/gimeco.com\/wp-content\/uploads\/2023\/12\/Immagine3.png","contentUrl":"https:\/\/gimeco.com\/wp-content\/uploads\/2023\/12\/Immagine3.png"},{"@type":"BreadcrumbList","@id":"https:\/\/gimeco.com\/services\/revamping-of-equipments\/#breadcrumb","itemListElement":[{"@type":"ListItem","position":1,"name":"Home","item":"https:\/\/gimeco.com\/fr\/"},{"@type":"ListItem","position":2,"name":"Services","item":"https:\/\/gimeco.com\/services\/"},{"@type":"ListItem","position":3,"name":"Modernisation"}]},{"@type":"WebSite","@id":"https:\/\/gimeco.com\/#website","url":"https:\/\/gimeco.com\/","name":"gimeco.com","description":"Your Partner from A to Zink","publisher":{"@id":"https:\/\/gimeco.com\/#organization"},"alternateName":"Gimeco","potentialAction":[{"@type":"SearchAction","target":{"@type":"EntryPoint","urlTemplate":"https:\/\/gimeco.com\/?s={search_term_string}"},"query-input":{"@type":"PropertyValueSpecification","valueRequired":true,"valueName":"search_term_string"}}],"inLanguage":"fr-FR"},{"@type":"Organization","@id":"https:\/\/gimeco.com\/#organization","name":"Gimeco","url":"https:\/\/gimeco.com\/","logo":{"@type":"ImageObject","inLanguage":"fr-FR","@id":"https:\/\/gimeco.com\/#\/schema\/logo\/image\/","url":"https:\/\/gimeco.com\/wp-content\/uploads\/2023\/11\/Logo_GIMECO_StringNoPayoff-250.png","contentUrl":"https:\/\/gimeco.com\/wp-content\/uploads\/2023\/11\/Logo_GIMECO_StringNoPayoff-250.png","width":250,"height":98,"caption":"Gimeco"},"image":{"@id":"https:\/\/gimeco.com\/#\/schema\/logo\/image\/"},"sameAs":["https:\/\/www.facebook.com\/gimecogroup"]}]}},"_links":{"self":[{"href":"https:\/\/gimeco.com\/fr\/wp-json\/wp\/v2\/pages\/21653","targetHints":{"allow":["GET"]}}],"collection":[{"href":"https:\/\/gimeco.com\/fr\/wp-json\/wp\/v2\/pages"}],"about":[{"href":"https:\/\/gimeco.com\/fr\/wp-json\/wp\/v2\/types\/page"}],"author":[{"embeddable":true,"href":"https:\/\/gimeco.com\/fr\/wp-json\/wp\/v2\/users\/1"}],"replies":[{"embeddable":true,"href":"https:\/\/gimeco.com\/fr\/wp-json\/wp\/v2\/comments?post=21653"}],"version-history":[{"count":4,"href":"https:\/\/gimeco.com\/fr\/wp-json\/wp\/v2\/pages\/21653\/revisions"}],"predecessor-version":[{"id":22610,"href":"https:\/\/gimeco.com\/fr\/wp-json\/wp\/v2\/pages\/21653\/revisions\/22610"}],"up":[{"embeddable":true,"href":"https:\/\/gimeco.com\/fr\/wp-json\/wp\/v2\/pages\/21373"}],"wp:attachment":[{"href":"https:\/\/gimeco.com\/fr\/wp-json\/wp\/v2\/media?parent=21653"}],"curies":[{"name":"wp","href":"https:\/\/api.w.org\/{rel}","templated":true}]}}