{"id":21654,"date":"2023-09-19T12:28:47","date_gmt":"2023-09-19T12:28:47","guid":{"rendered":"https:\/\/gimeco.com\/services\/industry-4-0\/"},"modified":"2024-06-03T12:03:24","modified_gmt":"2024-06-03T12:03:24","slug":"industrie-4-0","status":"publish","type":"page","link":"https:\/\/gimeco.com\/fr\/services\/industrie-4-0\/","title":{"rendered":"Industrie 4.0"},"content":{"rendered":"<div class=\"vgblk-rw-wrapper limit-wrapper\">\r\n<h2>\r\n\t<strong>La transformation num\u00e9rique<\/strong> dans le processus de galvanisation \u00e0 chaud\r\n\t<\/h2>\r\n\tLa transformation num\u00e9rique, ou Industrie 4.0, repr\u00e9sente un <strong>changement profond<\/strong> dans la mani\u00e8re dont les entreprises et les industries utilisent les technologies num\u00e9riques de pointe pour red\u00e9finir leurs op\u00e9rations, am\u00e9liorer leur efficacit\u00e9 et favoriser l&rsquo;innovation. Cela comprend l&rsquo;int\u00e9gration de technologies telles que l&rsquo;Internet des Objets <em>(IoT),<\/em> l&rsquo;analyse de donn\u00e9es volumineuses, l&rsquo;intelligence artificielle et l&rsquo;informatique en nuage.<br \/>\r\nDans le contexte de la fabrication et de l&rsquo;Industrie 4.0, le c\u0153ur du sujet tourne autour de <strong>l&rsquo;usine intelligente, <\/strong>\u00e9quip\u00e9e de capteurs et d&rsquo;appareils collectant des donn\u00e9es en temps r\u00e9el \u00e0 partir des machines et des processus. Des algorithmes analysent ensuite ces donn\u00e9es pour <strong>optimiser la production<\/strong>, <strong>pr\u00e9dire la maintenance<\/strong> et <strong>r\u00e9duire les temps d&rsquo;arr\u00eat<\/strong>, ce qui se traduit par une augmentation de la productivit\u00e9, des \u00e9conomies de co\u00fbts et une am\u00e9lioration de la qualit\u00e9 des produits.<br \/>\r\nL&rsquo;Industrie 4.0 favorise \u00e9galement la <strong>flexibilit\u00e9<\/strong> et la <strong>personnalisation<\/strong> de la fabrication, permettant aux entreprises de s&rsquo;adapter aux demandes du march\u00e9 en temps r\u00e9el.<br \/>\r\nAdopter la transformation num\u00e9rique est vital pour rester <strong>comp\u00e9titif<\/strong> dans notre monde en \u00e9volution rapide. Cela pr\u00e9sente cependant des d\u00e9fis, notamment en mati\u00e8re de cybers\u00e9curit\u00e9 et de besoin de perfectionnement des comp\u00e9tences de la main-d&rsquo;\u0153uvre.\r\n<p>Connaissant l&rsquo;importance de ce sujet m\u00eame pour le march\u00e9 de la galvanisation \u00e0 chaud, nous chez GIMECO vous soutenons dans le d\u00e9veloppement de <strong>l&rsquo;automatisation<\/strong>, de <strong>l&rsquo;information<\/strong>, de <strong>l&rsquo;interconnexion<\/strong> et de la <strong>planification<\/strong> en proposant des solutions conformes \u00e0 la quatri\u00e8me r\u00e9volution industrielle en associant notre esprit naturel d&rsquo;innovation \u00e0 notre exp\u00e9rience et \u00e0 notre capacit\u00e9 technologique.<\/p>\r\n<h3>\r\n\t\u00c9l\u00e9ments pour la <b>galvanisation \u00e0 chaud 4.0<\/b>\r\n\t<\/h3>\r\n\t<h4><strong>Contr\u00f4le complet<\/strong><\/h4>\r\n<p>Automatisation et contr\u00f4le via PLC des capteurs tels que les thermocouples, les pressostats, les syst\u00e8mes de pesage, les interrupteurs de fin de course, les cam\u00e9ras \u00e0 matrice de donn\u00e9es, les barri\u00e8res photo\u00e9lectriques, etc.<\/p>\r\n<h4><strong>Interconnexion compl\u00e8te<\/strong><\/h4>\r\n<p>Avec les syst\u00e8mes d&rsquo;information de l&rsquo;entreprise tels que les logiciels de gestion, les ERP, &#8230;<\/p>\r\n<h4><strong>Int\u00e9gration fluide<\/strong><\/h4>\r\n<p>Entre les composants et les machines par des protocoles TCP-IP<\/p>\r\n<h4><strong>Interface homme-machine intelligente<\/strong><\/h4>\r\n<p>Par le biais de syst\u00e8mes SCADA hautement num\u00e9ris\u00e9s<\/p>\r\n<h4><strong>Processus orient\u00e9s s\u00e9curit\u00e9<\/strong><\/h4>\r\n<p>Gr\u00e2ce \u00e0 des PLC \u00e0 s\u00e9curit\u00e9 int\u00e9gr\u00e9e des meilleures marques, pour une programmation logique de processus s\u00e9curis\u00e9e<\/p>\r\n<h4><strong>Contr\u00f4le \u00e0 distance<\/strong><\/h4>\r\n<p>De chaque \u00e9l\u00e9ment et composant impliqu\u00e9 dans le processus de production<\/p>\r\n<h4><strong>Surveillance continue<\/strong><\/h4>\r\n<p>Des param\u00e8tres du processus<\/p>\r\n<h4><strong>Productivit\u00e9 accrue, tra\u00e7abilit\u00e9 et exp\u00e9rience client<\/strong><\/h4>\r\n<p>Gr\u00e2ce aux suites logicielles Productivity Pack\u2122 et herMES\u2122, d\u00e9velopp\u00e9es sur Microsoft SQL Server<\/p>\r\n<h4><strong>Avantages et b\u00e9n\u00e9fices fiscaux<\/strong><\/h4>\r\n<p>Le choix de mettre en \u0153uvre des solutions orient\u00e9es vers la transformation num\u00e9rique pour votre installation b\u00e9n\u00e9ficie d&rsquo;incitations et de d\u00e9ductions fiscales conform\u00e9ment \u00e0 la l\u00e9gislation locale.<\/p>\r\n\r\n<\/div><!-- .vgblk-rw-wrapper -->","protected":false},"excerpt":{"rendered":"<p>La transformation num\u00e9rique dans le processus de galvanisation \u00e0 chaud La transformation num\u00e9rique, ou Industrie 4.0, repr\u00e9sente un changement profond dans la mani\u00e8re dont les entreprises et les industries utilisent les technologies num\u00e9riques de pointe pour red\u00e9finir leurs op\u00e9rations, am\u00e9liorer leur efficacit\u00e9 et favoriser l&rsquo;innovation. Cela comprend l&rsquo;int\u00e9gration de technologies telles que l&rsquo;Internet des Objets&#8230;<\/p>\n","protected":false},"author":1,"featured_media":0,"parent":21373,"menu_order":0,"comment_status":"closed","ping_status":"closed","template":"","meta":{"inline_featured_image":false,"footnotes":""},"class_list":["post-21654","page","type-page","status-publish","hentry"],"yoast_head":"<!-- This site is optimized with the Yoast SEO plugin v26.4 - https:\/\/yoast.com\/wordpress\/plugins\/seo\/ -->\n<title>Industrie 4.0 | GIMECO Impianti<\/title>\n<meta name=\"description\" content=\"La transformation num\u00e9rique, ou Industrie 4.0, repr\u00e9sente un changement dans la fa\u00e7on dont les entreprises et les industries utilisent les...\" \/>\n<meta name=\"robots\" content=\"index, follow, max-snippet:-1, max-image-preview:large, max-video-preview:-1\" \/>\n<link rel=\"canonical\" href=\"https:\/\/gimeco.com\/services\/industry-4-0\/\" \/>\n<meta property=\"og:locale\" content=\"fr_FR\" \/>\n<meta property=\"og:type\" content=\"article\" \/>\n<meta property=\"og:title\" content=\"Industrie 4.0 | GIMECO Impianti\" \/>\n<meta property=\"og:description\" content=\"La transformation num\u00e9rique, ou Industrie 4.0, repr\u00e9sente un changement dans la fa\u00e7on dont les entreprises et les industries utilisent les...\" \/>\n<meta property=\"og:url\" content=\"https:\/\/gimeco.com\/services\/industry-4-0\/\" \/>\n<meta property=\"og:site_name\" content=\"GIMECO Impianti\" \/>\n<meta property=\"article:publisher\" content=\"https:\/\/www.facebook.com\/gimecogroup\" \/>\n<meta property=\"article:modified_time\" content=\"2024-06-03T12:03:24+00:00\" \/>\n<meta property=\"og:image\" content=\"https:\/\/gimeco.com\/wp-content\/uploads\/2023\/11\/Logo_GIMECO_StringNoPayoff-250.png\" \/>\n\t<meta property=\"og:image:width\" content=\"250\" \/>\n\t<meta property=\"og:image:height\" content=\"98\" \/>\n\t<meta property=\"og:image:type\" content=\"image\/png\" \/>\n<script type=\"application\/ld+json\" class=\"yoast-schema-graph\">{\"@context\":\"https:\/\/schema.org\",\"@graph\":[{\"@type\":\"WebPage\",\"@id\":\"https:\/\/gimeco.com\/services\/industry-4-0\/\",\"url\":\"https:\/\/gimeco.com\/services\/industry-4-0\/\",\"name\":\"Industrie 4.0 | GIMECO Impianti\",\"isPartOf\":{\"@id\":\"https:\/\/gimeco.com\/#website\"},\"datePublished\":\"2023-09-19T12:28:47+00:00\",\"dateModified\":\"2024-06-03T12:03:24+00:00\",\"description\":\"La transformation num\u00e9rique, ou Industrie 4.0, repr\u00e9sente un changement dans la fa\u00e7on dont les entreprises et les industries utilisent les...\",\"breadcrumb\":{\"@id\":\"https:\/\/gimeco.com\/services\/industry-4-0\/#breadcrumb\"},\"inLanguage\":\"fr-FR\",\"potentialAction\":[{\"@type\":\"ReadAction\",\"target\":[\"https:\/\/gimeco.com\/services\/industry-4-0\/\"]}]},{\"@type\":\"BreadcrumbList\",\"@id\":\"https:\/\/gimeco.com\/services\/industry-4-0\/#breadcrumb\",\"itemListElement\":[{\"@type\":\"ListItem\",\"position\":1,\"name\":\"Home\",\"item\":\"https:\/\/gimeco.com\/fr\/\"},{\"@type\":\"ListItem\",\"position\":2,\"name\":\"Services\",\"item\":\"https:\/\/gimeco.com\/services\/\"},{\"@type\":\"ListItem\",\"position\":3,\"name\":\"Industrie 4.0\"}]},{\"@type\":\"WebSite\",\"@id\":\"https:\/\/gimeco.com\/#website\",\"url\":\"https:\/\/gimeco.com\/\",\"name\":\"gimeco.com\",\"description\":\"Your Partner from A to Zink\",\"publisher\":{\"@id\":\"https:\/\/gimeco.com\/#organization\"},\"alternateName\":\"Gimeco\",\"potentialAction\":[{\"@type\":\"SearchAction\",\"target\":{\"@type\":\"EntryPoint\",\"urlTemplate\":\"https:\/\/gimeco.com\/?s={search_term_string}\"},\"query-input\":{\"@type\":\"PropertyValueSpecification\",\"valueRequired\":true,\"valueName\":\"search_term_string\"}}],\"inLanguage\":\"fr-FR\"},{\"@type\":\"Organization\",\"@id\":\"https:\/\/gimeco.com\/#organization\",\"name\":\"Gimeco\",\"url\":\"https:\/\/gimeco.com\/\",\"logo\":{\"@type\":\"ImageObject\",\"inLanguage\":\"fr-FR\",\"@id\":\"https:\/\/gimeco.com\/#\/schema\/logo\/image\/\",\"url\":\"https:\/\/gimeco.com\/wp-content\/uploads\/2023\/11\/Logo_GIMECO_StringNoPayoff-250.png\",\"contentUrl\":\"https:\/\/gimeco.com\/wp-content\/uploads\/2023\/11\/Logo_GIMECO_StringNoPayoff-250.png\",\"width\":250,\"height\":98,\"caption\":\"Gimeco\"},\"image\":{\"@id\":\"https:\/\/gimeco.com\/#\/schema\/logo\/image\/\"},\"sameAs\":[\"https:\/\/www.facebook.com\/gimecogroup\"]}]}<\/script>\n<!-- \/ Yoast SEO plugin. -->","yoast_head_json":{"title":"Industrie 4.0 | GIMECO Impianti","description":"La transformation num\u00e9rique, ou Industrie 4.0, repr\u00e9sente un changement dans la fa\u00e7on dont les entreprises et les industries utilisent les...","robots":{"index":"index","follow":"follow","max-snippet":"max-snippet:-1","max-image-preview":"max-image-preview:large","max-video-preview":"max-video-preview:-1"},"canonical":"https:\/\/gimeco.com\/services\/industry-4-0\/","og_locale":"fr_FR","og_type":"article","og_title":"Industrie 4.0 | GIMECO Impianti","og_description":"La transformation num\u00e9rique, ou Industrie 4.0, repr\u00e9sente un changement dans la fa\u00e7on dont les entreprises et les industries utilisent les...","og_url":"https:\/\/gimeco.com\/services\/industry-4-0\/","og_site_name":"GIMECO Impianti","article_publisher":"https:\/\/www.facebook.com\/gimecogroup","article_modified_time":"2024-06-03T12:03:24+00:00","og_image":[{"width":250,"height":98,"url":"https:\/\/gimeco.com\/wp-content\/uploads\/2023\/11\/Logo_GIMECO_StringNoPayoff-250.png","type":"image\/png"}],"schema":{"@context":"https:\/\/schema.org","@graph":[{"@type":"WebPage","@id":"https:\/\/gimeco.com\/services\/industry-4-0\/","url":"https:\/\/gimeco.com\/services\/industry-4-0\/","name":"Industrie 4.0 | GIMECO Impianti","isPartOf":{"@id":"https:\/\/gimeco.com\/#website"},"datePublished":"2023-09-19T12:28:47+00:00","dateModified":"2024-06-03T12:03:24+00:00","description":"La transformation num\u00e9rique, ou Industrie 4.0, repr\u00e9sente un changement dans la fa\u00e7on dont les entreprises et les industries utilisent les...","breadcrumb":{"@id":"https:\/\/gimeco.com\/services\/industry-4-0\/#breadcrumb"},"inLanguage":"fr-FR","potentialAction":[{"@type":"ReadAction","target":["https:\/\/gimeco.com\/services\/industry-4-0\/"]}]},{"@type":"BreadcrumbList","@id":"https:\/\/gimeco.com\/services\/industry-4-0\/#breadcrumb","itemListElement":[{"@type":"ListItem","position":1,"name":"Home","item":"https:\/\/gimeco.com\/fr\/"},{"@type":"ListItem","position":2,"name":"Services","item":"https:\/\/gimeco.com\/services\/"},{"@type":"ListItem","position":3,"name":"Industrie 4.0"}]},{"@type":"WebSite","@id":"https:\/\/gimeco.com\/#website","url":"https:\/\/gimeco.com\/","name":"gimeco.com","description":"Your Partner from A to Zink","publisher":{"@id":"https:\/\/gimeco.com\/#organization"},"alternateName":"Gimeco","potentialAction":[{"@type":"SearchAction","target":{"@type":"EntryPoint","urlTemplate":"https:\/\/gimeco.com\/?s={search_term_string}"},"query-input":{"@type":"PropertyValueSpecification","valueRequired":true,"valueName":"search_term_string"}}],"inLanguage":"fr-FR"},{"@type":"Organization","@id":"https:\/\/gimeco.com\/#organization","name":"Gimeco","url":"https:\/\/gimeco.com\/","logo":{"@type":"ImageObject","inLanguage":"fr-FR","@id":"https:\/\/gimeco.com\/#\/schema\/logo\/image\/","url":"https:\/\/gimeco.com\/wp-content\/uploads\/2023\/11\/Logo_GIMECO_StringNoPayoff-250.png","contentUrl":"https:\/\/gimeco.com\/wp-content\/uploads\/2023\/11\/Logo_GIMECO_StringNoPayoff-250.png","width":250,"height":98,"caption":"Gimeco"},"image":{"@id":"https:\/\/gimeco.com\/#\/schema\/logo\/image\/"},"sameAs":["https:\/\/www.facebook.com\/gimecogroup"]}]}},"_links":{"self":[{"href":"https:\/\/gimeco.com\/fr\/wp-json\/wp\/v2\/pages\/21654","targetHints":{"allow":["GET"]}}],"collection":[{"href":"https:\/\/gimeco.com\/fr\/wp-json\/wp\/v2\/pages"}],"about":[{"href":"https:\/\/gimeco.com\/fr\/wp-json\/wp\/v2\/types\/page"}],"author":[{"embeddable":true,"href":"https:\/\/gimeco.com\/fr\/wp-json\/wp\/v2\/users\/1"}],"replies":[{"embeddable":true,"href":"https:\/\/gimeco.com\/fr\/wp-json\/wp\/v2\/comments?post=21654"}],"version-history":[{"count":5,"href":"https:\/\/gimeco.com\/fr\/wp-json\/wp\/v2\/pages\/21654\/revisions"}],"predecessor-version":[{"id":22580,"href":"https:\/\/gimeco.com\/fr\/wp-json\/wp\/v2\/pages\/21654\/revisions\/22580"}],"up":[{"embeddable":true,"href":"https:\/\/gimeco.com\/fr\/wp-json\/wp\/v2\/pages\/21373"}],"wp:attachment":[{"href":"https:\/\/gimeco.com\/fr\/wp-json\/wp\/v2\/media?parent=21654"}],"curies":[{"name":"wp","href":"https:\/\/api.w.org\/{rel}","templated":true}]}}