{"id":21678,"date":"2023-09-19T12:51:46","date_gmt":"2023-09-19T12:51:46","guid":{"rendered":"https:\/\/gimeco.com\/services\/technical-assistance-spare-parts\/"},"modified":"2024-06-03T12:01:44","modified_gmt":"2024-06-03T12:01:44","slug":"assistance-technique-pieces-de-rechange","status":"publish","type":"page","link":"https:\/\/gimeco.com\/fr\/services\/assistance-technique-pieces-de-rechange\/","title":{"rendered":"Assistance Technique \u2013 Pi\u00e8ces de Rechange"},"content":{"rendered":"<div class=\"vgblk-rw-wrapper limit-wrapper\">\r\n\r\n\t<p>En tant qu&rsquo;extension naturelle de nos activit\u00e9s, nous sommes fiers d&rsquo;offrir une <strong>gamme compl\u00e8te de services de support<\/strong> pour vous aider \u00e0 maintenir vos installations et \u00e9quipements <strong>au plus haut niveau de performance<\/strong>. Nous nous appuyons sur une \u00e9quipe d&rsquo;experts hautement qualifi\u00e9s qui ont accumul\u00e9 des ann\u00e9es d&rsquo;exp\u00e9rience dans la maintenance, la r\u00e9paration et l&rsquo;optimisation des \u00e9quipements de galvanisation \u00e0 chaud.<\/p>\r\n<p>Nous sommes pr\u00eats \u00e0 relever tous les d\u00e9fis, des r\u00e9parations mineures \u00e0 l&rsquo;ajustement fin des installations complexes. De plus, nous fournissons une vaste gamme de pi\u00e8ces de rechange d&rsquo;origine et compatibles, garantissant que vous avez acc\u00e8s \u00e0 tout ce dont vous avez besoin pour maintenir l&rsquo;efficacit\u00e9 de votre usine de galvanisation. Nous nous engageons \u00e0 fournir un service <strong>rapide, fiable et comp\u00e9titif.<\/strong><\/p>\r\n<h5>\r\n\tNOS SERVICES, \u00c0 VOTRE SERVICE\r\n\t<\/h5>\r\n<h3>\r\n\t<b>Activit\u00e9s<\/b>\r\n\t<\/h3>\r\n\t<h4>V\u00e9rification et ajustement des br\u00fbleurs de four<br \/>\r\n<em>(fours \u00e0 combustion)<\/em><\/h4>\r\n\t<h4>Contr\u00f4le du syst\u00e8me de combustion<\/h4>\r\n<ul>\r\n<li>R\u00e9glage du d\u00e9bit d&rsquo;air-gaz<\/li>\r\n<li>Interrupteurs \u00e0 vide<\/li>\r\n<li>Electrovalves<\/li>\r\n<li>Servomoteurs<\/li>\r\n<li>Instruments de mesure<\/li>\r\n<li>Thermocouples<\/li>\r\n<\/ul>\r\n\t<h4>Analyse des fum\u00e9es de combustion<\/h4>\r\n\t<h4>V\u00e9rification et ajustement des \u00e9l\u00e9ments chauffants<br \/>\r\n<em>(fours \u00e9lectriques)<\/em><\/h4>\r\n\t<h4>Remplacement des \u00e9l\u00e9ments d&rsquo;induction<em><br \/>\r\n<\/em><em>(fours \u00e0 induction)<\/em><\/h4>\r\n\t<h4>R\u00e9paration de composants m\u00e9caniques<\/h4>\r\n\t<h4>R\u00e9paration de composants \u00e9lectriques et \u00e9lectroniques<\/h4>\r\n\t<h4>\u00c9lectrotechnique<\/h4>\r\n\t<h4>Supervision<\/h4>\r\n\t<h4>Formation technique<\/h4>\r\n\t<h4>Services de consultation pour l&rsquo;optimisation des processus<\/h4>\r\n\t<h4>Rapports<\/h4>\r\n\t<h4>Pi\u00e8ces de rechange<\/h4>\r\n<h3>\r\n\t<b>Suite logicielle d&rsquo;assistance <\/b><br \/>\u00e0 distance intelligente\r\n\t<\/h3>\r\n\t<a href=\"https:\/\/gimeco.com\/fr\/logiciel\/#6\" target=\"_self\" role=\"button\" rel=\"noopener\">\r\n\t\t\t\t\tEn savoir <b>plus<\/b>\r\n\t<\/a>\r\n\r\n<\/div><!-- .vgblk-rw-wrapper -->","protected":false},"excerpt":{"rendered":"<p>En tant qu&rsquo;extension naturelle de nos activit\u00e9s, nous sommes fiers d&rsquo;offrir une gamme compl\u00e8te de services de support pour vous aider \u00e0 maintenir vos installations et \u00e9quipements au plus haut niveau de performance. Nous nous appuyons sur une \u00e9quipe d&rsquo;experts hautement qualifi\u00e9s qui ont accumul\u00e9 des ann\u00e9es d&rsquo;exp\u00e9rience dans la maintenance, la r\u00e9paration et l&rsquo;optimisation&#8230;<\/p>\n","protected":false},"author":1,"featured_media":0,"parent":21373,"menu_order":0,"comment_status":"closed","ping_status":"closed","template":"","meta":{"inline_featured_image":false,"footnotes":""},"class_list":["post-21678","page","type-page","status-publish","hentry"],"yoast_head":"<!-- This site is optimized with the Yoast SEO plugin v26.4 - https:\/\/yoast.com\/wordpress\/plugins\/seo\/ -->\n<title>Assistance technique et pi\u00e8ces de rechange| GIMECO Impianti<\/title>\n<meta name=\"description\" content=\"Prolongement naturel de nos activit\u00e9s, nous sommes fiers d&#039;offrir une gamme compl\u00e8te de services de soutien pour vous aider \u00e0 entretenir...\" \/>\n<meta name=\"robots\" content=\"index, follow, max-snippet:-1, max-image-preview:large, max-video-preview:-1\" \/>\n<link rel=\"canonical\" href=\"https:\/\/gimeco.com\/services\/technical-assistance-spare-parts\/\" \/>\n<meta property=\"og:locale\" content=\"fr_FR\" \/>\n<meta property=\"og:type\" content=\"article\" \/>\n<meta property=\"og:title\" content=\"Assistance technique et pi\u00e8ces de rechange| GIMECO Impianti\" \/>\n<meta property=\"og:description\" content=\"Prolongement naturel de nos activit\u00e9s, nous sommes fiers d&#039;offrir une gamme compl\u00e8te de services de soutien pour vous aider \u00e0 entretenir...\" \/>\n<meta property=\"og:url\" content=\"https:\/\/gimeco.com\/services\/technical-assistance-spare-parts\/\" \/>\n<meta property=\"og:site_name\" content=\"GIMECO Impianti\" \/>\n<meta property=\"article:publisher\" content=\"https:\/\/www.facebook.com\/gimecogroup\" \/>\n<meta property=\"article:modified_time\" content=\"2024-06-03T12:01:44+00:00\" \/>\n<meta property=\"og:image\" content=\"https:\/\/gimeco.com\/wp-content\/uploads\/2023\/11\/Logo_GIMECO_StringNoPayoff-250.png\" \/>\n\t<meta property=\"og:image:width\" content=\"250\" \/>\n\t<meta property=\"og:image:height\" content=\"98\" \/>\n\t<meta property=\"og:image:type\" content=\"image\/png\" \/>\n<script type=\"application\/ld+json\" class=\"yoast-schema-graph\">{\"@context\":\"https:\/\/schema.org\",\"@graph\":[{\"@type\":\"WebPage\",\"@id\":\"https:\/\/gimeco.com\/services\/technical-assistance-spare-parts\/\",\"url\":\"https:\/\/gimeco.com\/services\/technical-assistance-spare-parts\/\",\"name\":\"Assistance technique et pi\u00e8ces de rechange| GIMECO Impianti\",\"isPartOf\":{\"@id\":\"https:\/\/gimeco.com\/#website\"},\"datePublished\":\"2023-09-19T12:51:46+00:00\",\"dateModified\":\"2024-06-03T12:01:44+00:00\",\"description\":\"Prolongement naturel de nos activit\u00e9s, nous sommes fiers d'offrir une gamme compl\u00e8te de services de soutien pour vous aider \u00e0 entretenir...\",\"breadcrumb\":{\"@id\":\"https:\/\/gimeco.com\/services\/technical-assistance-spare-parts\/#breadcrumb\"},\"inLanguage\":\"fr-FR\",\"potentialAction\":[{\"@type\":\"ReadAction\",\"target\":[\"https:\/\/gimeco.com\/services\/technical-assistance-spare-parts\/\"]}]},{\"@type\":\"BreadcrumbList\",\"@id\":\"https:\/\/gimeco.com\/services\/technical-assistance-spare-parts\/#breadcrumb\",\"itemListElement\":[{\"@type\":\"ListItem\",\"position\":1,\"name\":\"Home\",\"item\":\"https:\/\/gimeco.com\/fr\/\"},{\"@type\":\"ListItem\",\"position\":2,\"name\":\"Services\",\"item\":\"https:\/\/gimeco.com\/services\/\"},{\"@type\":\"ListItem\",\"position\":3,\"name\":\"Assistance Technique \u2013 Pi\u00e8ces de Rechange\"}]},{\"@type\":\"WebSite\",\"@id\":\"https:\/\/gimeco.com\/#website\",\"url\":\"https:\/\/gimeco.com\/\",\"name\":\"gimeco.com\",\"description\":\"Your Partner from A to Zink\",\"publisher\":{\"@id\":\"https:\/\/gimeco.com\/#organization\"},\"alternateName\":\"Gimeco\",\"potentialAction\":[{\"@type\":\"SearchAction\",\"target\":{\"@type\":\"EntryPoint\",\"urlTemplate\":\"https:\/\/gimeco.com\/?s={search_term_string}\"},\"query-input\":{\"@type\":\"PropertyValueSpecification\",\"valueRequired\":true,\"valueName\":\"search_term_string\"}}],\"inLanguage\":\"fr-FR\"},{\"@type\":\"Organization\",\"@id\":\"https:\/\/gimeco.com\/#organization\",\"name\":\"Gimeco\",\"url\":\"https:\/\/gimeco.com\/\",\"logo\":{\"@type\":\"ImageObject\",\"inLanguage\":\"fr-FR\",\"@id\":\"https:\/\/gimeco.com\/#\/schema\/logo\/image\/\",\"url\":\"https:\/\/gimeco.com\/wp-content\/uploads\/2023\/11\/Logo_GIMECO_StringNoPayoff-250.png\",\"contentUrl\":\"https:\/\/gimeco.com\/wp-content\/uploads\/2023\/11\/Logo_GIMECO_StringNoPayoff-250.png\",\"width\":250,\"height\":98,\"caption\":\"Gimeco\"},\"image\":{\"@id\":\"https:\/\/gimeco.com\/#\/schema\/logo\/image\/\"},\"sameAs\":[\"https:\/\/www.facebook.com\/gimecogroup\"]}]}<\/script>\n<!-- \/ Yoast SEO plugin. -->","yoast_head_json":{"title":"Assistance technique et pi\u00e8ces de rechange| GIMECO Impianti","description":"Prolongement naturel de nos activit\u00e9s, nous sommes fiers d'offrir une gamme compl\u00e8te de services de soutien pour vous aider \u00e0 entretenir...","robots":{"index":"index","follow":"follow","max-snippet":"max-snippet:-1","max-image-preview":"max-image-preview:large","max-video-preview":"max-video-preview:-1"},"canonical":"https:\/\/gimeco.com\/services\/technical-assistance-spare-parts\/","og_locale":"fr_FR","og_type":"article","og_title":"Assistance technique et pi\u00e8ces de rechange| GIMECO Impianti","og_description":"Prolongement naturel de nos activit\u00e9s, nous sommes fiers d'offrir une gamme compl\u00e8te de services de soutien pour vous aider \u00e0 entretenir...","og_url":"https:\/\/gimeco.com\/services\/technical-assistance-spare-parts\/","og_site_name":"GIMECO Impianti","article_publisher":"https:\/\/www.facebook.com\/gimecogroup","article_modified_time":"2024-06-03T12:01:44+00:00","og_image":[{"width":250,"height":98,"url":"https:\/\/gimeco.com\/wp-content\/uploads\/2023\/11\/Logo_GIMECO_StringNoPayoff-250.png","type":"image\/png"}],"schema":{"@context":"https:\/\/schema.org","@graph":[{"@type":"WebPage","@id":"https:\/\/gimeco.com\/services\/technical-assistance-spare-parts\/","url":"https:\/\/gimeco.com\/services\/technical-assistance-spare-parts\/","name":"Assistance technique et pi\u00e8ces de rechange| GIMECO Impianti","isPartOf":{"@id":"https:\/\/gimeco.com\/#website"},"datePublished":"2023-09-19T12:51:46+00:00","dateModified":"2024-06-03T12:01:44+00:00","description":"Prolongement naturel de nos activit\u00e9s, nous sommes fiers d'offrir une gamme compl\u00e8te de services de soutien pour vous aider \u00e0 entretenir...","breadcrumb":{"@id":"https:\/\/gimeco.com\/services\/technical-assistance-spare-parts\/#breadcrumb"},"inLanguage":"fr-FR","potentialAction":[{"@type":"ReadAction","target":["https:\/\/gimeco.com\/services\/technical-assistance-spare-parts\/"]}]},{"@type":"BreadcrumbList","@id":"https:\/\/gimeco.com\/services\/technical-assistance-spare-parts\/#breadcrumb","itemListElement":[{"@type":"ListItem","position":1,"name":"Home","item":"https:\/\/gimeco.com\/fr\/"},{"@type":"ListItem","position":2,"name":"Services","item":"https:\/\/gimeco.com\/services\/"},{"@type":"ListItem","position":3,"name":"Assistance Technique \u2013 Pi\u00e8ces de Rechange"}]},{"@type":"WebSite","@id":"https:\/\/gimeco.com\/#website","url":"https:\/\/gimeco.com\/","name":"gimeco.com","description":"Your Partner from A to Zink","publisher":{"@id":"https:\/\/gimeco.com\/#organization"},"alternateName":"Gimeco","potentialAction":[{"@type":"SearchAction","target":{"@type":"EntryPoint","urlTemplate":"https:\/\/gimeco.com\/?s={search_term_string}"},"query-input":{"@type":"PropertyValueSpecification","valueRequired":true,"valueName":"search_term_string"}}],"inLanguage":"fr-FR"},{"@type":"Organization","@id":"https:\/\/gimeco.com\/#organization","name":"Gimeco","url":"https:\/\/gimeco.com\/","logo":{"@type":"ImageObject","inLanguage":"fr-FR","@id":"https:\/\/gimeco.com\/#\/schema\/logo\/image\/","url":"https:\/\/gimeco.com\/wp-content\/uploads\/2023\/11\/Logo_GIMECO_StringNoPayoff-250.png","contentUrl":"https:\/\/gimeco.com\/wp-content\/uploads\/2023\/11\/Logo_GIMECO_StringNoPayoff-250.png","width":250,"height":98,"caption":"Gimeco"},"image":{"@id":"https:\/\/gimeco.com\/#\/schema\/logo\/image\/"},"sameAs":["https:\/\/www.facebook.com\/gimecogroup"]}]}},"_links":{"self":[{"href":"https:\/\/gimeco.com\/fr\/wp-json\/wp\/v2\/pages\/21678","targetHints":{"allow":["GET"]}}],"collection":[{"href":"https:\/\/gimeco.com\/fr\/wp-json\/wp\/v2\/pages"}],"about":[{"href":"https:\/\/gimeco.com\/fr\/wp-json\/wp\/v2\/types\/page"}],"author":[{"embeddable":true,"href":"https:\/\/gimeco.com\/fr\/wp-json\/wp\/v2\/users\/1"}],"replies":[{"embeddable":true,"href":"https:\/\/gimeco.com\/fr\/wp-json\/wp\/v2\/comments?post=21678"}],"version-history":[{"count":3,"href":"https:\/\/gimeco.com\/fr\/wp-json\/wp\/v2\/pages\/21678\/revisions"}],"predecessor-version":[{"id":22140,"href":"https:\/\/gimeco.com\/fr\/wp-json\/wp\/v2\/pages\/21678\/revisions\/22140"}],"up":[{"embeddable":true,"href":"https:\/\/gimeco.com\/fr\/wp-json\/wp\/v2\/pages\/21373"}],"wp:attachment":[{"href":"https:\/\/gimeco.com\/fr\/wp-json\/wp\/v2\/media?parent=21678"}],"curies":[{"name":"wp","href":"https:\/\/api.w.org\/{rel}","templated":true}]}}