{"id":21680,"date":"2023-11-03T06:57:00","date_gmt":"2023-11-03T06:57:00","guid":{"rendered":"https:\/\/gimeco.com\/services\/chemical-products\/"},"modified":"2025-10-22T14:00:51","modified_gmt":"2025-10-22T14:00:51","slug":"produits-chimiques","status":"publish","type":"page","link":"https:\/\/gimeco.com\/fr\/services\/produits-chimiques\/","title":{"rendered":"Produits chimiques"},"content":{"rendered":"<div class=\"vgblk-rw-wrapper limit-wrapper\">\n\n\t<p>La technologie de galvanisation \u00e0 chaud \u00e9volue constamment \u00e0 travers les exigences en mati\u00e8re de qualit\u00e9, d&rsquo;\u00e9conomie, d&rsquo;environnement et de conditions de travail : tout cela ne peut se faire sans l&rsquo;utilisation de <strong>produits chimiques et d&rsquo;additifs d\u00e9di\u00e9s<\/strong> utiles dans les diff\u00e9rentes \u00e9tapes du processus.<\/p>\n<p>Pour vous offrir un <strong>soutien complet<\/strong> \u00e0 vos t\u00e2ches de production, notre gamme de solutions comprend des produits chimiques sp\u00e9cialement \u00e9tudi\u00e9s et d\u00e9velopp\u00e9s par la soci\u00e9t\u00e9 su\u00e9doise <a href=\"https:\/\/recyclean.se\/\" target=\"_blank\" rel=\"noopener\">RECYCLEAN SYSTEMS AB<\/a>, avec laquelle nous avons \u00e9tabli un partenariat solide et mutuellement b\u00e9n\u00e9fique.<\/p>\n<p>Au cours de ses plus de vingt-cinq ans d&rsquo;exp\u00e9rience, l&rsquo;intention de <a href=\"https:\/\/recyclean.se\/\" target=\"_blank\" rel=\"noopener\">RECYCLEAN SYSTEMS AB<\/a> a toujours \u00e9t\u00e9 de satisfaire les <strong>demandes croissantes en mati\u00e8re de qualit\u00e9 et de productivit\u00e9<\/strong> des galvaniseurs, sachant que les effets des additifs et des produits chimiques affectent profond\u00e9ment l&rsquo;ensemble du processus.<\/p>\n\t\t\t\t<a href=\"https:\/\/recyclean.se\/\" target=\"_blank\" rel=\"noopener\"  itemprop=\"url\" title=\"rect1388\">\n\t\t\t\t\t\t\t<img loading=\"lazy\" decoding=\"async\" src=\"https:\/\/gimeco.com\/wp-content\/uploads\/2023\/12\/rect1388.png\" alt=\"rect1388\" itemprop=\"image\" height=\"100\" width=\"340\" data-link-type=\"url\" title=\"rect1388\" onerror=\"this.style.display='none'\"  sizes=\"auto, (max-width: 768px) 100vw, 100vw\" srcset=\"https:\/\/gimeco.com\/wp-content\/uploads\/2023\/12\/rect1388.png 340w, https:\/\/gimeco.com\/wp-content\/uploads\/2023\/12\/rect1388-300x88.png 300w, https:\/\/gimeco.com\/wp-content\/uploads\/2023\/12\/rect1388-315x93.png 315w\" \/>\t\t\t\t\t\t<\/a>\n<h3>\n\tProduits de <b>d\u00e9graissage<\/b> \n\t<\/h3>\n\t<p>Laissez les produits \u00e0 traiter choisir la m\u00e9thode de d\u00e9graissage ! Les pi\u00e8ces usin\u00e9es peuvent contenir des huiles de coupe grasses en grande quantit\u00e9 qui n\u00e9cessitent un d\u00e9graissant puissant avec de bonnes propri\u00e9t\u00e9s de s\u00e9paration.<\/p>\n<p>&nbsp;<\/p>\n\t<ul>\n<li>D\u00e9graissant biologique \u00e0 fort impact<\/li>\n<li>Temp\u00e9rature 25-50\u00b0C <em>(77-122\u00b0F)<\/em><\/li>\n<li>Aucun rin\u00e7age ult\u00e9rieur n\u00e9cessaire<\/li>\n<li>Tr\u00e8s longue dur\u00e9e de vie<em> (jusqu&rsquo;\u00e0 10 ans)<\/em><\/li>\n<li>Offre la meilleure qualit\u00e9<\/li>\n<li>Meilleur r\u00e9sultat de d\u00e9graissage<\/li>\n<\/ul>\n\t<ul>\n<li>Faiblement alcalin<\/li>\n<li>Temp\u00e9rature 25-70\u00b0C <em>(77-158\u00b0F)<\/em><\/li>\n<li>Aucun rin\u00e7age ult\u00e9rieur n\u00e9cessaire<\/li>\n<li>Excellent r\u00e9sultat de d\u00e9graissage<\/li>\n<li>Abordable<\/li>\n<\/ul>\n\t<ul>\n<li>Permet un d\u00e9capage rapide<\/li>\n<li>Soutient des capacit\u00e9s de d\u00e9capage limit\u00e9es<\/li>\n<li>D\u00e9graissant acide<\/li>\n<li>Temp\u00e9rature 25-70\u00b0C <em>(77-158\u00b0F)<\/em><\/li>\n<li>Aucun rin\u00e7age ult\u00e9rieur n\u00e9cessaire<\/li>\n<li>Excellent r\u00e9sultat de d\u00e9graissage<\/li>\n<\/ul>\n<h3>\n\tAdditifs pour <b>d\u00e9capage<\/b> \n\t<\/h3>\n\t<p>Les mat\u00e9riaux m\u00e9talliques pr\u00e9sentant de l&rsquo;oxydation <em>(rouille)<\/em> n\u00e9cessitent de l&rsquo;acide chlorhydrique pour \u00eatre nettoy\u00e9s de l&rsquo;oxydation. Des acides phosphorique ou sulfurique peuvent \u00e9galement \u00eatre utilis\u00e9s. Le processus peut \u00eatre combin\u00e9 avec des additifs de d\u00e9capage qui aident \u00e0 r\u00e9duire la consommation d&rsquo;acide et am\u00e9liorent les conditions de travail.<\/p>\n<p>&nbsp;<\/p>\n\t<p>Prot\u00e8ge le m\u00e9tal, r\u00e9duit la consommation d&rsquo;acide, acc\u00e9l\u00e8re le d\u00e9capage des marchandises, r\u00e9duit le risque de fragilisation par l&rsquo;hydrog\u00e8ne des produits finis<\/p>\n\t<p>Aide \u00e0 cr\u00e9er un environnement de travail exempt de vapeurs acides, prolonge la dur\u00e9e de vie de l&rsquo;usine et de l&rsquo;\u00e9quipement, r\u00e9duisant les co\u00fbts de maintenance.<\/p>\n<h3>\n\tProduits de <b>fluxage<\/b> \n\t<\/h3>\n\t<p>Le fluxage moderne n&rsquo;est pas seulement un sel double, il peut \u00e9galement contenir des additifs pour mieux faire face \u00e0 l&rsquo;acier \u00e0 haute teneur en silicium ou aux bains de zinc \u00e0 haute teneur en aluminium pour des surfaces plus brillantes et plus lisses ou, peut-\u00eatre plus important encore, \u00e9viter la formation de taches noires sur la surface des artefacts galvanis\u00e9s.<\/p>\n\t<p>Un additif au bain de fluxage pour augmenter le mouillage du fluxage et augmenter l&rsquo;efficacit\u00e9 du traitement. Il aide \u00e0 acc\u00e9l\u00e9rer le processus de s\u00e9chage ult\u00e9rieur car les surfaces trait\u00e9es \u00e9vacuent plus facilement les liquides.<\/p>\n\t<p>Une p\u00e2te de fluxage contenant 85% de double sel. Excellente pour \u00e9liminer la formation de poussi\u00e8re et facile \u00e0 doser par des pompes ou en la versant simplement dans le bain de fluxage.<\/p>\n\t<p>Un additif de fluxage qui garantit une galvanisation sans probl\u00e8me en r\u00e9duisant le risque de taches noires. Il convient aux bains de zinc \u00e0 haute teneur en aluminium. Assure des surfaces plus brillantes et r\u00e9duit radicalement la regalvanisation.<\/p>\n\t<p>Nous pouvons fournir \u00e0 la fois des sels de fluxage traditionnels sous forme s\u00e8che et des sels de fluxage \u00e0 base d&rsquo;eau pour un dosage sans poussi\u00e8re et automatis\u00e9.<\/p>\n<h3>\n\tProduits de <b>passivation et de scellement<\/b> \n\t<\/h3>\n\t<p>Le besoin de produits finis sans rouille blanche n\u00e9cessite une \u00e9tape suppl\u00e9mentaire pour fournir une protection \u00e0 long terme : nos produits de passivation cr\u00e9ent une v\u00e9ritable barri\u00e8re protectrice pour les surfaces de mat\u00e9riaux galvanis\u00e9s, prolongeant ainsi leur r\u00e9sistance \u00e0 l&rsquo;exposition environnementale.<\/p>\n\t<p>Protection tr\u00e8s efficace contre la rouille blanche inorganique qui dure longtemps. Totalement sans chrome. Excellent pour la protection lors du transport et du stockage en ext\u00e9rieur.<\/p>\n<h3>\n\t<b>Additifs pour <\/b>bains de zinc\n\t<\/h3>\n\t<p>La m\u00e9tallurgie moderne du zinc a d\u00e9velopp\u00e9 des alliages avec de l&rsquo;aluminium et du nickel qui r\u00e9duisent la consommation de zinc ainsi que les surfaces plus brillantes ; des additifs pour le recyclage du zinc \u00e0 partir de cendres et de scories peuvent fournir des \u00e9conomies suppl\u00e9mentaires significatives en zinc.<\/p>\n\t<p>Le produit est ajout\u00e9 aux cendres collect\u00e9es. Par r\u00e9action, 60 \u00e0 70% du zinc pr\u00e9sent dans les cendres est recycl\u00e9.<\/p>\n<h3>\n\t<b>Neutralisation &#8211; R\u00e9g\u00e9n\u00e9ration<\/b><br \/>\u00e9quipement sp\u00e9cifique\n\t<\/h3>\n\t<a href=\"https:\/\/gimeco.com\/fr\/neutralisation-regeneration\/\" target=\"_self\" role=\"button\">\n\t\t\t\t\tEn savoir <b>plus<\/b>\n\t<\/a>\n\n<\/div><!-- .vgblk-rw-wrapper -->","protected":false},"excerpt":{"rendered":"<p>La technologie de galvanisation \u00e0 chaud \u00e9volue constamment \u00e0 travers les exigences en mati\u00e8re de qualit\u00e9, d&rsquo;\u00e9conomie, d&rsquo;environnement et de conditions de travail : tout cela ne peut se faire sans l&rsquo;utilisation de produits chimiques et d&rsquo;additifs d\u00e9di\u00e9s utiles dans les diff\u00e9rentes \u00e9tapes du processus. Pour vous offrir un soutien complet \u00e0 vos t\u00e2ches de&#8230;<\/p>\n","protected":false},"author":1,"featured_media":0,"parent":21373,"menu_order":0,"comment_status":"closed","ping_status":"closed","template":"","meta":{"inline_featured_image":false,"footnotes":""},"class_list":["post-21680","page","type-page","status-publish","hentry"],"yoast_head":"<!-- This site is optimized with the Yoast SEO plugin v26.4 - https:\/\/yoast.com\/wordpress\/plugins\/seo\/ -->\n<title>Produits chimiques | GIMECO Impianti<\/title>\n<meta name=\"description\" content=\"La technologie de la galvanisation \u00e0 chaud \u00e9volue constamment en fonction des exigences en mati\u00e8re de qualit\u00e9, d&#039;\u00e9conomie, d&#039;environnement...\" \/>\n<meta name=\"robots\" content=\"index, follow, max-snippet:-1, max-image-preview:large, max-video-preview:-1\" \/>\n<link rel=\"canonical\" href=\"https:\/\/gimeco.com\/fr\/services\/produits-chimiques\/\" \/>\n<meta property=\"og:locale\" content=\"fr_FR\" \/>\n<meta property=\"og:type\" content=\"article\" \/>\n<meta property=\"og:title\" content=\"Produits chimiques | GIMECO Impianti\" \/>\n<meta property=\"og:description\" content=\"La technologie de la galvanisation \u00e0 chaud \u00e9volue constamment en fonction des exigences en mati\u00e8re de qualit\u00e9, d&#039;\u00e9conomie, d&#039;environnement...\" \/>\n<meta property=\"og:url\" content=\"https:\/\/gimeco.com\/fr\/services\/produits-chimiques\/\" \/>\n<meta property=\"og:site_name\" content=\"GIMECO Impianti\" \/>\n<meta property=\"article:publisher\" content=\"https:\/\/www.facebook.com\/gimecogroup\" \/>\n<meta property=\"article:modified_time\" content=\"2025-10-22T14:00:51+00:00\" \/>\n<meta property=\"og:image\" content=\"https:\/\/gimeco.com\/wp-content\/uploads\/2023\/12\/rect1388.png\" \/>\n<script type=\"application\/ld+json\" class=\"yoast-schema-graph\">{\"@context\":\"https:\/\/schema.org\",\"@graph\":[{\"@type\":\"WebPage\",\"@id\":\"https:\/\/gimeco.com\/fr\/services\/produits-chimiques\/\",\"url\":\"https:\/\/gimeco.com\/fr\/services\/produits-chimiques\/\",\"name\":\"Produits chimiques | GIMECO Impianti\",\"isPartOf\":{\"@id\":\"https:\/\/gimeco.com\/#website\"},\"primaryImageOfPage\":{\"@id\":\"https:\/\/gimeco.com\/fr\/services\/produits-chimiques\/#primaryimage\"},\"image\":{\"@id\":\"https:\/\/gimeco.com\/fr\/services\/produits-chimiques\/#primaryimage\"},\"thumbnailUrl\":\"https:\/\/gimeco.com\/wp-content\/uploads\/2023\/12\/rect1388.png\",\"datePublished\":\"2023-11-03T06:57:00+00:00\",\"dateModified\":\"2025-10-22T14:00:51+00:00\",\"description\":\"La technologie de la galvanisation \u00e0 chaud \u00e9volue constamment en fonction des exigences en mati\u00e8re de qualit\u00e9, d'\u00e9conomie, d'environnement...\",\"breadcrumb\":{\"@id\":\"https:\/\/gimeco.com\/fr\/services\/produits-chimiques\/#breadcrumb\"},\"inLanguage\":\"fr-FR\",\"potentialAction\":[{\"@type\":\"ReadAction\",\"target\":[\"https:\/\/gimeco.com\/fr\/services\/produits-chimiques\/\"]}]},{\"@type\":\"ImageObject\",\"inLanguage\":\"fr-FR\",\"@id\":\"https:\/\/gimeco.com\/fr\/services\/produits-chimiques\/#primaryimage\",\"url\":\"https:\/\/gimeco.com\/wp-content\/uploads\/2023\/12\/rect1388.png\",\"contentUrl\":\"https:\/\/gimeco.com\/wp-content\/uploads\/2023\/12\/rect1388.png\"},{\"@type\":\"BreadcrumbList\",\"@id\":\"https:\/\/gimeco.com\/fr\/services\/produits-chimiques\/#breadcrumb\",\"itemListElement\":[{\"@type\":\"ListItem\",\"position\":1,\"name\":\"Home\",\"item\":\"https:\/\/gimeco.com\/fr\/\"},{\"@type\":\"ListItem\",\"position\":2,\"name\":\"Services\",\"item\":\"https:\/\/gimeco.com\/services\/\"},{\"@type\":\"ListItem\",\"position\":3,\"name\":\"Produits chimiques\"}]},{\"@type\":\"WebSite\",\"@id\":\"https:\/\/gimeco.com\/#website\",\"url\":\"https:\/\/gimeco.com\/\",\"name\":\"gimeco.com\",\"description\":\"Your Partner from A to Zink\",\"publisher\":{\"@id\":\"https:\/\/gimeco.com\/#organization\"},\"alternateName\":\"Gimeco\",\"potentialAction\":[{\"@type\":\"SearchAction\",\"target\":{\"@type\":\"EntryPoint\",\"urlTemplate\":\"https:\/\/gimeco.com\/?s={search_term_string}\"},\"query-input\":{\"@type\":\"PropertyValueSpecification\",\"valueRequired\":true,\"valueName\":\"search_term_string\"}}],\"inLanguage\":\"fr-FR\"},{\"@type\":\"Organization\",\"@id\":\"https:\/\/gimeco.com\/#organization\",\"name\":\"Gimeco\",\"url\":\"https:\/\/gimeco.com\/\",\"logo\":{\"@type\":\"ImageObject\",\"inLanguage\":\"fr-FR\",\"@id\":\"https:\/\/gimeco.com\/#\/schema\/logo\/image\/\",\"url\":\"https:\/\/gimeco.com\/wp-content\/uploads\/2023\/11\/Logo_GIMECO_StringNoPayoff-250.png\",\"contentUrl\":\"https:\/\/gimeco.com\/wp-content\/uploads\/2023\/11\/Logo_GIMECO_StringNoPayoff-250.png\",\"width\":250,\"height\":98,\"caption\":\"Gimeco\"},\"image\":{\"@id\":\"https:\/\/gimeco.com\/#\/schema\/logo\/image\/\"},\"sameAs\":[\"https:\/\/www.facebook.com\/gimecogroup\"]}]}<\/script>\n<!-- \/ Yoast SEO plugin. -->","yoast_head_json":{"title":"Produits chimiques | GIMECO Impianti","description":"La technologie de la galvanisation \u00e0 chaud \u00e9volue constamment en fonction des exigences en mati\u00e8re de qualit\u00e9, d'\u00e9conomie, d'environnement...","robots":{"index":"index","follow":"follow","max-snippet":"max-snippet:-1","max-image-preview":"max-image-preview:large","max-video-preview":"max-video-preview:-1"},"canonical":"https:\/\/gimeco.com\/fr\/services\/produits-chimiques\/","og_locale":"fr_FR","og_type":"article","og_title":"Produits chimiques | GIMECO Impianti","og_description":"La technologie de la galvanisation \u00e0 chaud \u00e9volue constamment en fonction des exigences en mati\u00e8re de qualit\u00e9, d'\u00e9conomie, d'environnement...","og_url":"https:\/\/gimeco.com\/fr\/services\/produits-chimiques\/","og_site_name":"GIMECO Impianti","article_publisher":"https:\/\/www.facebook.com\/gimecogroup","article_modified_time":"2025-10-22T14:00:51+00:00","og_image":[{"url":"https:\/\/gimeco.com\/wp-content\/uploads\/2023\/12\/rect1388.png","type":"","width":"","height":""}],"schema":{"@context":"https:\/\/schema.org","@graph":[{"@type":"WebPage","@id":"https:\/\/gimeco.com\/fr\/services\/produits-chimiques\/","url":"https:\/\/gimeco.com\/fr\/services\/produits-chimiques\/","name":"Produits chimiques | GIMECO Impianti","isPartOf":{"@id":"https:\/\/gimeco.com\/#website"},"primaryImageOfPage":{"@id":"https:\/\/gimeco.com\/fr\/services\/produits-chimiques\/#primaryimage"},"image":{"@id":"https:\/\/gimeco.com\/fr\/services\/produits-chimiques\/#primaryimage"},"thumbnailUrl":"https:\/\/gimeco.com\/wp-content\/uploads\/2023\/12\/rect1388.png","datePublished":"2023-11-03T06:57:00+00:00","dateModified":"2025-10-22T14:00:51+00:00","description":"La technologie de la galvanisation \u00e0 chaud \u00e9volue constamment en fonction des exigences en mati\u00e8re de qualit\u00e9, d'\u00e9conomie, d'environnement...","breadcrumb":{"@id":"https:\/\/gimeco.com\/fr\/services\/produits-chimiques\/#breadcrumb"},"inLanguage":"fr-FR","potentialAction":[{"@type":"ReadAction","target":["https:\/\/gimeco.com\/fr\/services\/produits-chimiques\/"]}]},{"@type":"ImageObject","inLanguage":"fr-FR","@id":"https:\/\/gimeco.com\/fr\/services\/produits-chimiques\/#primaryimage","url":"https:\/\/gimeco.com\/wp-content\/uploads\/2023\/12\/rect1388.png","contentUrl":"https:\/\/gimeco.com\/wp-content\/uploads\/2023\/12\/rect1388.png"},{"@type":"BreadcrumbList","@id":"https:\/\/gimeco.com\/fr\/services\/produits-chimiques\/#breadcrumb","itemListElement":[{"@type":"ListItem","position":1,"name":"Home","item":"https:\/\/gimeco.com\/fr\/"},{"@type":"ListItem","position":2,"name":"Services","item":"https:\/\/gimeco.com\/services\/"},{"@type":"ListItem","position":3,"name":"Produits chimiques"}]},{"@type":"WebSite","@id":"https:\/\/gimeco.com\/#website","url":"https:\/\/gimeco.com\/","name":"gimeco.com","description":"Your Partner from A to Zink","publisher":{"@id":"https:\/\/gimeco.com\/#organization"},"alternateName":"Gimeco","potentialAction":[{"@type":"SearchAction","target":{"@type":"EntryPoint","urlTemplate":"https:\/\/gimeco.com\/?s={search_term_string}"},"query-input":{"@type":"PropertyValueSpecification","valueRequired":true,"valueName":"search_term_string"}}],"inLanguage":"fr-FR"},{"@type":"Organization","@id":"https:\/\/gimeco.com\/#organization","name":"Gimeco","url":"https:\/\/gimeco.com\/","logo":{"@type":"ImageObject","inLanguage":"fr-FR","@id":"https:\/\/gimeco.com\/#\/schema\/logo\/image\/","url":"https:\/\/gimeco.com\/wp-content\/uploads\/2023\/11\/Logo_GIMECO_StringNoPayoff-250.png","contentUrl":"https:\/\/gimeco.com\/wp-content\/uploads\/2023\/11\/Logo_GIMECO_StringNoPayoff-250.png","width":250,"height":98,"caption":"Gimeco"},"image":{"@id":"https:\/\/gimeco.com\/#\/schema\/logo\/image\/"},"sameAs":["https:\/\/www.facebook.com\/gimecogroup"]}]}},"_links":{"self":[{"href":"https:\/\/gimeco.com\/fr\/wp-json\/wp\/v2\/pages\/21680","targetHints":{"allow":["GET"]}}],"collection":[{"href":"https:\/\/gimeco.com\/fr\/wp-json\/wp\/v2\/pages"}],"about":[{"href":"https:\/\/gimeco.com\/fr\/wp-json\/wp\/v2\/types\/page"}],"author":[{"embeddable":true,"href":"https:\/\/gimeco.com\/fr\/wp-json\/wp\/v2\/users\/1"}],"replies":[{"embeddable":true,"href":"https:\/\/gimeco.com\/fr\/wp-json\/wp\/v2\/comments?post=21680"}],"version-history":[{"count":13,"href":"https:\/\/gimeco.com\/fr\/wp-json\/wp\/v2\/pages\/21680\/revisions"}],"predecessor-version":[{"id":25654,"href":"https:\/\/gimeco.com\/fr\/wp-json\/wp\/v2\/pages\/21680\/revisions\/25654"}],"up":[{"embeddable":true,"href":"https:\/\/gimeco.com\/fr\/wp-json\/wp\/v2\/pages\/21373"}],"wp:attachment":[{"href":"https:\/\/gimeco.com\/fr\/wp-json\/wp\/v2\/media?parent=21680"}],"curies":[{"name":"wp","href":"https:\/\/api.w.org\/{rel}","templated":true}]}}