{"id":22097,"date":"2024-05-17T09:10:06","date_gmt":"2024-05-17T09:10:06","guid":{"rendered":"https:\/\/gimeco.com\/technologies\/"},"modified":"2026-03-13T09:21:11","modified_gmt":"2026-03-13T09:21:11","slug":"technologies","status":"publish","type":"page","link":"https:\/\/gimeco.com\/fr\/technologies\/","title":{"rendered":"Technologies"},"content":{"rendered":"<div class=\"vgblk-rw-wrapper limit-wrapper\">\n\n\t<p>Le c\u0153ur de m\u00e9tier de GIMECO depuis sa cr\u00e9ation est la conception et la mise en service de lignes compl\u00e8tes de galvanisation \u00e0 chaud <strong>cl\u00e9 en main<\/strong>, comprenant des syst\u00e8mes et des machines, des \u00e9quipements auxiliaires et des solutions num\u00e9riques pour chaque \u00e9tape du processus.<\/p>\nNos solutions comprennent des configurations standard avec des <strong>unit\u00e9s thermiques<\/strong> <em>(four-s\u00e9cheur)<\/em> et des <strong>processus chimiques<\/strong> <em>(d\u00e9graissage, d\u00e9capage, fluxage)<\/em>, ainsi que des installations plus complexes int\u00e9grant la <strong>manipulation<\/strong>, la <strong>logistique<\/strong> et <strong>l&rsquo;automatisation<\/strong> du levage.<br \/>\nUne usine industrielle de GIMECO est toujours profond\u00e9ment personnalis\u00e9e pour r\u00e9pondre \u00e0 vos besoins sp\u00e9cifiques et <strong>con\u00e7ue avec minutie<\/strong> jusqu&rsquo;au moindre d\u00e9tail, en vous accompagnant m\u00eame tout au long de l&rsquo;\u00e9valuation des investissements, des d\u00e9penses op\u00e9rationnelles et de la consommation \u00e9nerg\u00e9tique.\n<p>Nos techniciens peuvent travailler avec vous pour trouver la solution la plus adapt\u00e9e \u00e0 votre entreprise, que cela implique la <strong>construction \u00e0 partir de z\u00e9ro<\/strong> sur un terrain nu ou dans un b\u00e2timent d\u00e9j\u00e0 con\u00e7u, ainsi que la <strong>modernisation<\/strong> compl\u00e8te des installations industrielles existantes.<\/p>\n<p>Une usine de galvanisation industrielle par GIMECO est configur\u00e9e pour garantir que l&rsquo;ensemble du flux de production fonctionne avec une <strong>efficacit\u00e9 maximale<\/strong>, des co\u00fbts minimaux, le plus faible impact sur <strong>l&rsquo;environnement<\/strong> possible et le plus grand <strong>retour \u00e9conomique<\/strong>.<\/p>\n<h3>\n\t<strong>Comment<\/strong> nous travaillons\n\t<\/h3>\n\t<p>GIMECO a une <strong>vue d&rsquo;ensemble<\/strong> de chaque projet. Tout est soigneusement planifi\u00e9, v\u00e9rifi\u00e9 et mis en \u0153uvre \u00e0 partir de la <strong>premi\u00e8re demande<\/strong>, mettant m\u00eame en \u00e9vidence les <strong>besoins non exprim\u00e9s<\/strong>, et vous accompagnant depuis l&rsquo;<strong>installation<\/strong> jusqu&rsquo;\u00e0 toute la <strong>dur\u00e9e de vie de l&rsquo;usine<\/strong>.<\/p>\n<ol>\n<li><strong>Proposition + disposition<\/strong><\/li>\n<li><strong>Gestion de projet<\/strong><\/li>\n<li><strong>Ing\u00e9nierie interne<\/strong><\/li>\n<li><strong>Fabrication<\/strong><\/li>\n<li><strong>Installation sur site<\/strong><\/li>\n<li><strong>D\u00e9marrage, r\u00e9glage, formation<\/strong><\/li>\n<li><strong>S\u00e9curit\u00e9 et contr\u00f4le des processus &#8211; D\u00e9veloppement de logiciels internes et de solutions num\u00e9riques<\/strong><\/li>\n<li><strong>Services, assistance technique et pi\u00e8ces de rechange<\/strong><\/li>\n<\/ol>\n<h3>\n\t<strong>Types <\/strong>d&rsquo;installations\n\t<\/h3>\n<h3>\n\t<strong>Agencement<\/strong> et conception\n\t<\/h3>\n\t<p>Lors de la conception de lignes de production, un <strong>agencement correct<\/strong> est une condition fondamentale pour d\u00e9terminer si l&rsquo;usine sera un <strong>succ\u00e8s<\/strong> en termes de productivit\u00e9, assurant un <strong>retour sur investissement<\/strong> efficace et offrant un <strong>confort<\/strong> aux op\u00e9rateurs.<\/p>\n<p>En effet, la mise en \u0153uvre r\u00e9ussie d&rsquo;une ligne de galvanisation \u00e0 chaud n\u00e9cessite l&rsquo;<strong>int\u00e9gration correcte <\/strong>de divers \u00e9l\u00e9ments tels que les caract\u00e9ristiques g\u00e9ographiques du site de construction et l&rsquo;accessibilit\u00e9, les mat\u00e9riaux, les ressources et l&rsquo;\u00e9nergie, cr\u00e9ant le <strong>meilleur compromis<\/strong> pour r\u00e9pondre aux besoins et garantir finalement l&rsquo;optimisation des flux de production m\u00eame gr\u00e2ce \u00e0 l&rsquo;analyse des temps de production.<\/p>\n<p>Avec des d\u00e9cennies d&rsquo;exp\u00e9rience, acquise gr\u00e2ce \u00e0 un effort continu d&rsquo;innovation technologique et \u00e0 la capacit\u00e9 de r\u00e9pondre aux demandes des entreprises partenaires, GIMECO propose huit <strong>agencements ma\u00eetres<\/strong> qui peuvent \u00eatre <strong>hautement personnalis\u00e9s<\/strong> en fonction des besoins sp\u00e9cifiques:<\/p>\n<h3>\n\t<b>Syst\u00e8mes<\/b> et \u00e9quipements\n\t<\/h3>\n<h3>\n\t\t\t<a href=\"https:\/\/gimeco.com\/fr\/pretraitement-post-traitement\/\" title=\"Pr\u00e9traitement et post-traitement\" target=\"_self\">\n\tPr\u00e9traitement et post-traitement\n\t\t\t<\/a>\n\t<\/h3>\n\t<p>La <strong>pr\u00e9paration pr\u00e9cise<\/strong> des surfaces m\u00e9talliques est cruciale pour garantir la fiabilit\u00e9 et la durabilit\u00e9 de l&rsquo;alliage de zinc-acier protecteur&#8230;<\/p>\n\t<a href=\"https:\/\/gimeco.com\/fr\/pretraitement-post-traitement\/\" target=\"_self\" role=\"button\">\n\t\t\t\t\tEn savoir <b>plus<\/b>\n\t<\/a>\n<h3>\n\t\t\t<a href=\"https:\/\/gimeco.com\/fr\/sechoirs\/\" title=\"S\u00e9cheurs\" target=\"_self\">\n\tS\u00e9cheurs\n\t\t\t<\/a>\n\t<\/h3>\n\t<p>Le s\u00e9cheur, \u00e9galement connu sous le nom de four de pr\u00e9chauffage, est une <strong>\u00e9tape cruciale<\/strong> dans le processus de galvanisation des pi\u00e8ces m\u00e9talliques&#8230;<\/p>\n\t<a href=\"https:\/\/gimeco.com\/fr\/sechoirs\/\" target=\"_self\" role=\"button\">\n\t\t\t\t\tEn savoir <b>plus<\/b>\n\t<\/a>\n<h3>\n\t\t\t<a href=\"https:\/\/gimeco.com\/fr\/fours\/\" title=\"Fours\" target=\"_self\">\n\tFours\n\t\t\t<\/a>\n\t<\/h3>\n\t<p>Le four est le <strong>c\u0153ur battant<\/strong> de toute l&rsquo;usine de galvanisation, et il est crucial \u00e0 la fois pour&#8230;<\/p>\n\t<a href=\"https:\/\/gimeco.com\/fr\/fours\/\" target=\"_self\" role=\"button\">\n\t\t\t\t\tEn savoir <b>plus<\/b>\n\t<\/a>\n<h3>\n\t\t\t<a href=\"https:\/\/gimeco.com\/fr\/cuves-et-equipements-auxiliaires\/\" title=\"Cuves et \u00c9quipements auxiliaires\" target=\"_self\">\n\tCuves et \u00c9quipements auxiliaires\n\t\t\t<\/a>\n\t<\/h3>\n\t<p>Parmi les <strong>composants cl\u00e9s<\/strong> de l&rsquo;ensemble de la ligne de galvanisation \u00e0 chaud&#8230;<\/p>\n\t<a href=\"https:\/\/gimeco.com\/fr\/cuves-et-equipements-auxiliaires\/\" target=\"_self\" role=\"button\">\n\t\t\t\t\tEn savoir <b>plus<\/b>\n\t<\/a>\n<h3>\n\t\t\t<a href=\"https:\/\/gimeco.com\/fr\/manipulation-automatisation\/\" title=\"Manipulation - Automatisation\" target=\"_self\">\n\tManipulation &#8211; Automatisation\n\t\t\t<\/a>\n\t<\/h3>\n\t<p>Nos propositions de manipulation repr\u00e9sentent une <strong>innovation cruciale<\/strong> pour l&rsquo;efficacit\u00e9 industrielle&#8230;<\/p>\n\t<a href=\"https:\/\/gimeco.com\/fr\/manipulation-automatisation\/\" target=\"_self\" role=\"button\">\n\t\t\t\t\tEn savoir <b>plus<\/b>\n\t<\/a>\n<h3>\n\t\t\t<a href=\"https:\/\/gimeco.com\/fr\/galvanisation-de-tubes-et-tuyaux\/\" title=\"Galvanisation de tubes et de tuyaux\" target=\"_self\">\n\tGalvanisation de tubes et de tuyaux\n\t\t\t<\/a>\n\t<\/h3>\n\t<p>Au fil des ans, et avec un <strong>savoir-faire am\u00e9lior\u00e9<\/strong> suite \u00e0 l&rsquo;acquisition de la soci\u00e9t\u00e9 CO.T.IMP.I, nous&#8230;<\/p>\n\t<a href=\"https:\/\/gimeco.com\/fr\/galvanisation-de-tubes-et-tuyaux\/\" target=\"_self\" role=\"button\">\n\t\t\t\t\tEn savoir <b>plus<\/b>\n\t<\/a>\n<h3>\n\t\t\t<a href=\"https:\/\/gimeco.com\/fr\/galvanisation-automatique-par-centrifugation\/\" title=\"Galvanisation automatique par centrifugation\" target=\"_self\">\n\tGalvanisation automatique par centrifugation\n\t\t\t<\/a>\n\t<\/h3>\n\t<p>Les lignes de galvanisation \u00e0 chaud par centrifugation des articles m\u00e9talliques sont d\u00e9di\u00e9es au traitement des pi\u00e8ces et <strong>composants de petite taille<\/strong>&#8230;<\/p>\n\t<a href=\"https:\/\/gimeco.com\/fr\/galvanisation-automatique-par-centrifugation\/\" target=\"_self\" role=\"button\">\n\t\t\t\t\tEn savoir <b>plus<\/b>\n\t<\/a>\n<h3>\n\t\t\t<a href=\"https:\/\/gimeco.com\/fr\/mover\/\" title=\"MOVER\u2122&lt;br&gt;Manipulation intelligente\" target=\"_self\">\n\tMOVER\u2122<br \/>Manipulation intelligente\n\t\t\t<\/a>\n\t<\/h3>\n\t<p>Dans de nombreuses <strong>industries manufacturi\u00e8res<\/strong>, en particulier dans la galvanisation \u00e0 chaud, qui est la principale&#8230;<\/p>\n\t<a href=\"https:\/\/gimeco.com\/fr\/mover\/\" target=\"_self\" role=\"button\">\n\t\t\t\t\tEn savoir <b>plus<\/b>\n\t<\/a>\n<h3>\n\t\t\t<a href=\"https:\/\/gimeco.com\/fr\/neutralisation-regeneration\/\" title=\"Neutralisation et r\u00e9g\u00e9n\u00e9ration\" target=\"_self\">\n\tNeutralisation et r\u00e9g\u00e9n\u00e9ration\n\t\t\t<\/a>\n\t<\/h3>\n\t<p>La r\u00e9g\u00e9n\u00e9ration des acides, la r\u00e9g\u00e9n\u00e9ration des flux et les syst\u00e8mes de neutralisation des acides repr\u00e9sentent l&rsquo;ach\u00e8vement logique d&rsquo;une usine de galvanisation \u00e0 chaud&#8230;<\/p>\n\t<a href=\"https:\/\/gimeco.com\/fr\/neutralisation-regeneration\/\" target=\"_self\" role=\"button\">\n\t\t\t\t\tEn savoir <b>plus<\/b>\n\t<\/a>\n<h3>\n\t\t\t<a href=\"https:\/\/gimeco.com\/fr\/logiciel\/\" title=\"Software\" target=\"_self\">\n\tSoftware\n\t\t\t<\/a>\n\t<\/h3>\n\t<p>GIMECO fournit des solutions logicielles con\u00e7ues en interne et <strong>personnalisables<\/strong> pour l&rsquo;industrie de la galvanisation \u00e0 chaud&#8230;<\/p>\n\t<a href=\"https:\/\/gimeco.com\/fr\/logiciel\/\" target=\"_self\" role=\"button\">\n\t\t\t\t\tEn savoir <b>plus<\/b>\n\t<\/a>\n\n<\/div><!-- .vgblk-rw-wrapper -->","protected":false},"excerpt":{"rendered":"<p>Le c\u0153ur de m\u00e9tier de GIMECO depuis sa cr\u00e9ation est la conception et la mise en service de lignes compl\u00e8tes de galvanisation \u00e0 chaud cl\u00e9 en main, comprenant des syst\u00e8mes et des machines, des \u00e9quipements auxiliaires et des solutions num\u00e9riques pour chaque \u00e9tape du processus. Nos solutions comprennent des configurations standard avec des unit\u00e9s thermiques&#8230;<\/p>\n","protected":false},"author":1,"featured_media":0,"parent":0,"menu_order":0,"comment_status":"closed","ping_status":"closed","template":"","meta":{"inline_featured_image":false,"footnotes":""},"class_list":["post-22097","page","type-page","status-publish","hentry"],"yoast_head":"<!-- This site is optimized with the Yoast SEO plugin v26.4 - https:\/\/yoast.com\/wordpress\/plugins\/seo\/ -->\n<title>Technologies pour la galvanisation \u00e0 chaud | GIMECO Impianti<\/title>\n<meta name=\"description\" content=\"L&#039;activit\u00e9 principale de GIMECO est la conception et la mise en service de lignes compl\u00e8tes de galvanisation \u00e0 chaud, y compris les syst\u00e8mes\" \/>\n<meta name=\"robots\" content=\"index, follow, max-snippet:-1, max-image-preview:large, max-video-preview:-1\" \/>\n<link rel=\"canonical\" href=\"https:\/\/gimeco.com\/fr\/technologies\/\" \/>\n<meta property=\"og:locale\" content=\"fr_FR\" \/>\n<meta property=\"og:type\" content=\"article\" \/>\n<meta property=\"og:title\" content=\"Technologies pour la galvanisation \u00e0 chaud | GIMECO Impianti\" \/>\n<meta property=\"og:description\" content=\"L&#039;activit\u00e9 principale de GIMECO est la conception et la mise en service de lignes compl\u00e8tes de galvanisation \u00e0 chaud, y compris les syst\u00e8mes\" \/>\n<meta property=\"og:url\" content=\"https:\/\/gimeco.com\/fr\/technologies\/\" \/>\n<meta property=\"og:site_name\" content=\"GIMECO Impianti\" \/>\n<meta property=\"article:publisher\" content=\"https:\/\/www.facebook.com\/gimecogroup\" \/>\n<meta property=\"article:modified_time\" content=\"2026-03-13T09:21:11+00:00\" \/>\n<meta property=\"og:image\" content=\"https:\/\/gimeco.com\/wp-content\/uploads\/2023\/11\/Logo_GIMECO_StringNoPayoff-250.png\" \/>\n\t<meta property=\"og:image:width\" content=\"250\" \/>\n\t<meta property=\"og:image:height\" content=\"98\" \/>\n\t<meta property=\"og:image:type\" content=\"image\/png\" \/>\n<script type=\"application\/ld+json\" class=\"yoast-schema-graph\">{\"@context\":\"https:\/\/schema.org\",\"@graph\":[{\"@type\":\"WebPage\",\"@id\":\"https:\/\/gimeco.com\/fr\/technologies\/\",\"url\":\"https:\/\/gimeco.com\/fr\/technologies\/\",\"name\":\"Technologies pour la galvanisation \u00e0 chaud | GIMECO Impianti\",\"isPartOf\":{\"@id\":\"https:\/\/gimeco.com\/#website\"},\"datePublished\":\"2024-05-17T09:10:06+00:00\",\"dateModified\":\"2026-03-13T09:21:11+00:00\",\"description\":\"L'activit\u00e9 principale de GIMECO est la conception et la mise en service de lignes compl\u00e8tes de galvanisation \u00e0 chaud, y compris les syst\u00e8mes\",\"breadcrumb\":{\"@id\":\"https:\/\/gimeco.com\/fr\/technologies\/#breadcrumb\"},\"inLanguage\":\"fr-FR\",\"potentialAction\":[{\"@type\":\"ReadAction\",\"target\":[\"https:\/\/gimeco.com\/fr\/technologies\/\"]}]},{\"@type\":\"BreadcrumbList\",\"@id\":\"https:\/\/gimeco.com\/fr\/technologies\/#breadcrumb\",\"itemListElement\":[{\"@type\":\"ListItem\",\"position\":1,\"name\":\"Home\",\"item\":\"https:\/\/gimeco.com\/fr\/\"},{\"@type\":\"ListItem\",\"position\":2,\"name\":\"Technologies\"}]},{\"@type\":\"WebSite\",\"@id\":\"https:\/\/gimeco.com\/#website\",\"url\":\"https:\/\/gimeco.com\/\",\"name\":\"gimeco.com\",\"description\":\"Your Partner from A to Zink\",\"publisher\":{\"@id\":\"https:\/\/gimeco.com\/#organization\"},\"alternateName\":\"Gimeco\",\"potentialAction\":[{\"@type\":\"SearchAction\",\"target\":{\"@type\":\"EntryPoint\",\"urlTemplate\":\"https:\/\/gimeco.com\/?s={search_term_string}\"},\"query-input\":{\"@type\":\"PropertyValueSpecification\",\"valueRequired\":true,\"valueName\":\"search_term_string\"}}],\"inLanguage\":\"fr-FR\"},{\"@type\":\"Organization\",\"@id\":\"https:\/\/gimeco.com\/#organization\",\"name\":\"Gimeco\",\"url\":\"https:\/\/gimeco.com\/\",\"logo\":{\"@type\":\"ImageObject\",\"inLanguage\":\"fr-FR\",\"@id\":\"https:\/\/gimeco.com\/#\/schema\/logo\/image\/\",\"url\":\"https:\/\/gimeco.com\/wp-content\/uploads\/2023\/11\/Logo_GIMECO_StringNoPayoff-250.png\",\"contentUrl\":\"https:\/\/gimeco.com\/wp-content\/uploads\/2023\/11\/Logo_GIMECO_StringNoPayoff-250.png\",\"width\":250,\"height\":98,\"caption\":\"Gimeco\"},\"image\":{\"@id\":\"https:\/\/gimeco.com\/#\/schema\/logo\/image\/\"},\"sameAs\":[\"https:\/\/www.facebook.com\/gimecogroup\"]}]}<\/script>\n<!-- \/ Yoast SEO plugin. -->","yoast_head_json":{"title":"Technologies pour la galvanisation \u00e0 chaud | GIMECO Impianti","description":"L'activit\u00e9 principale de GIMECO est la conception et la mise en service de lignes compl\u00e8tes de galvanisation \u00e0 chaud, y compris les syst\u00e8mes","robots":{"index":"index","follow":"follow","max-snippet":"max-snippet:-1","max-image-preview":"max-image-preview:large","max-video-preview":"max-video-preview:-1"},"canonical":"https:\/\/gimeco.com\/fr\/technologies\/","og_locale":"fr_FR","og_type":"article","og_title":"Technologies pour la galvanisation \u00e0 chaud | GIMECO Impianti","og_description":"L'activit\u00e9 principale de GIMECO est la conception et la mise en service de lignes compl\u00e8tes de galvanisation \u00e0 chaud, y compris les syst\u00e8mes","og_url":"https:\/\/gimeco.com\/fr\/technologies\/","og_site_name":"GIMECO Impianti","article_publisher":"https:\/\/www.facebook.com\/gimecogroup","article_modified_time":"2026-03-13T09:21:11+00:00","og_image":[{"width":250,"height":98,"url":"https:\/\/gimeco.com\/wp-content\/uploads\/2023\/11\/Logo_GIMECO_StringNoPayoff-250.png","type":"image\/png"}],"schema":{"@context":"https:\/\/schema.org","@graph":[{"@type":"WebPage","@id":"https:\/\/gimeco.com\/fr\/technologies\/","url":"https:\/\/gimeco.com\/fr\/technologies\/","name":"Technologies pour la galvanisation \u00e0 chaud | GIMECO Impianti","isPartOf":{"@id":"https:\/\/gimeco.com\/#website"},"datePublished":"2024-05-17T09:10:06+00:00","dateModified":"2026-03-13T09:21:11+00:00","description":"L'activit\u00e9 principale de GIMECO est la conception et la mise en service de lignes compl\u00e8tes de galvanisation \u00e0 chaud, y compris les syst\u00e8mes","breadcrumb":{"@id":"https:\/\/gimeco.com\/fr\/technologies\/#breadcrumb"},"inLanguage":"fr-FR","potentialAction":[{"@type":"ReadAction","target":["https:\/\/gimeco.com\/fr\/technologies\/"]}]},{"@type":"BreadcrumbList","@id":"https:\/\/gimeco.com\/fr\/technologies\/#breadcrumb","itemListElement":[{"@type":"ListItem","position":1,"name":"Home","item":"https:\/\/gimeco.com\/fr\/"},{"@type":"ListItem","position":2,"name":"Technologies"}]},{"@type":"WebSite","@id":"https:\/\/gimeco.com\/#website","url":"https:\/\/gimeco.com\/","name":"gimeco.com","description":"Your Partner from A to Zink","publisher":{"@id":"https:\/\/gimeco.com\/#organization"},"alternateName":"Gimeco","potentialAction":[{"@type":"SearchAction","target":{"@type":"EntryPoint","urlTemplate":"https:\/\/gimeco.com\/?s={search_term_string}"},"query-input":{"@type":"PropertyValueSpecification","valueRequired":true,"valueName":"search_term_string"}}],"inLanguage":"fr-FR"},{"@type":"Organization","@id":"https:\/\/gimeco.com\/#organization","name":"Gimeco","url":"https:\/\/gimeco.com\/","logo":{"@type":"ImageObject","inLanguage":"fr-FR","@id":"https:\/\/gimeco.com\/#\/schema\/logo\/image\/","url":"https:\/\/gimeco.com\/wp-content\/uploads\/2023\/11\/Logo_GIMECO_StringNoPayoff-250.png","contentUrl":"https:\/\/gimeco.com\/wp-content\/uploads\/2023\/11\/Logo_GIMECO_StringNoPayoff-250.png","width":250,"height":98,"caption":"Gimeco"},"image":{"@id":"https:\/\/gimeco.com\/#\/schema\/logo\/image\/"},"sameAs":["https:\/\/www.facebook.com\/gimecogroup"]}]}},"_links":{"self":[{"href":"https:\/\/gimeco.com\/fr\/wp-json\/wp\/v2\/pages\/22097","targetHints":{"allow":["GET"]}}],"collection":[{"href":"https:\/\/gimeco.com\/fr\/wp-json\/wp\/v2\/pages"}],"about":[{"href":"https:\/\/gimeco.com\/fr\/wp-json\/wp\/v2\/types\/page"}],"author":[{"embeddable":true,"href":"https:\/\/gimeco.com\/fr\/wp-json\/wp\/v2\/users\/1"}],"replies":[{"embeddable":true,"href":"https:\/\/gimeco.com\/fr\/wp-json\/wp\/v2\/comments?post=22097"}],"version-history":[{"count":12,"href":"https:\/\/gimeco.com\/fr\/wp-json\/wp\/v2\/pages\/22097\/revisions"}],"predecessor-version":[{"id":25837,"href":"https:\/\/gimeco.com\/fr\/wp-json\/wp\/v2\/pages\/22097\/revisions\/25837"}],"wp:attachment":[{"href":"https:\/\/gimeco.com\/fr\/wp-json\/wp\/v2\/media?parent=22097"}],"curies":[{"name":"wp","href":"https:\/\/api.w.org\/{rel}","templated":true}]}}