{"id":20204,"date":"2023-11-22T07:21:59","date_gmt":"2023-11-22T07:21:59","guid":{"rendered":"https:\/\/gimeco.com\/company\/"},"modified":"2025-12-23T10:48:31","modified_gmt":"2025-12-23T10:48:31","slug":"azienda","status":"publish","type":"page","link":"https:\/\/gimeco.com\/it\/azienda\/","title":{"rendered":"Azienda"},"content":{"rendered":"<div class=\"vgblk-rw-wrapper limit-wrapper\">\n<h2>\n\tIl tuo partner, <b>dalla A allo Zinco<\/b>\n\t<\/h2>\n\tNati a <a href=\"https:\/\/it.wikipedia.org\/wiki\/Milano\" target=\"_blank\" rel=\"noopener\"><strong>Milano<\/strong><\/a>, nel nord <a href=\"https:\/\/it.wikipedia.org\/wiki\/Italia\" target=\"_blank\" rel=\"noopener\"><strong>Italia<\/strong><\/a>, progettiamo, costruiamo, installiamo e ristrutturiamo impianti di <a href=\"https:\/\/it.wikipedia.org\/wiki\/Zincatura\" target=\"_blank\" rel=\"noopener\"><strong>zincatura a caldo <\/strong><\/a>dal <strong>1976 <\/strong>e, avendo un passato da zincatori, conosciamo bene le esigenze, le specificit\u00e0 e le criticit\u00e0 della zincatura e, pi\u00f9 in generale, dei processi metallurgici.<br \/>\nSiamo stati la <strong>prima azienda al mondo <\/strong>in grado di proporre un&#8217;<strong>offerta circolare<\/strong>, dalla movimentazione e logistica al pretrattamento, dai prodotti chimici ai sistemi termici, dai software ai servizi, soddisfacendo centinaia di esigenze.<br \/>\nPer questo siamo il partner unico e il punto di riferimento di uno zincatore per qualsiasi soluzione di zincatura a caldo.<br \/>\nIl nostro fondatore <strong>Ermes Moroni<\/strong> ha sempre ispirato e alimentato l&#8217;<strong>istinto all&#8217;innovazione<\/strong> e l&#8217;analisi approfondita di ci\u00f2 che facciamo e le nostre scelte, a volte pionieristiche, hanno contribuito a migliorare il modo di <em>&#8220;essere zincatori&#8221;<\/em> in Italia e nel mondo.<br \/>\nCollaboriamo con voi in <strong>ogni fase del percorso<\/strong>, coprendo tutte le necessit\u00e0 operative: dalla consulenza all&#8217;ingegnerizzazione, dalla produzione all&#8217;installazione, all&#8217;avviamento, all&#8217;assistenza tecnica e alla formazione tecnica di chi operer\u00e0 sulla linea.<br \/>\nOltre alle <strong>soluzioni chiavi in mano<\/strong>, rigorosamente su misura e all&#8217;avanguardia, offriamo un&#8217;ulteriore ampia gamma di <strong>servizi<\/strong> volti a garantire all&#8217;impianto le migliori prestazioni in termini di produttivit\u00e0 e gestione economica.\n<h2>\n\tMissione  <b>aziendale<\/b>\n\t<\/h2>\n\t<p><em>&#8220;Apporre il nostro logo blu su qualsiasi impianto di zincatura a caldo, rafforzando il nostro posizionamento e la nostra affidabilit\u00e0 in tutto il mondo&#8221;.<\/em><\/p>\n\t<p><em>&#8220;Fornire le migliori soluzioni integrate, innovative e sostenibili per il mercato della zincatura a caldo, migliorando continuamente i nostri processi per la soddisfazione dei clienti.&#8221;<\/em><\/p>\n\t<em>Impegno verso i clienti<\/em><br \/>\n<em>Etica del lavoro<\/em><br \/>\n<em>Sostenibilit\u00e0 e inclusione<\/em><br \/>\n<em>Innovazione audace<\/em><br \/>\n<em>Affidabilit\u00e0<\/em><br \/>\n<em>Ossessione per il miglioramento<\/em><br \/>\n<em>Pensiero basato sul rischio<\/em><br \/>\n<em>Spirito di squadra<\/em>\n<h2>\n\t<b>Storia<\/b> e pietre miliari\n\t<\/h2>\n\t\t\t1976-1979\n\t\t<p><strong>1976, Costituzione<\/strong><br \/>Ermes Moroni fonda l&#8217;azienda a Bresso, una cittadina nei dintorni di Milano, mettendo a frutto l&#8217;esperienza gi\u00e0 maturata nella zincatura a caldo.<strong>1979, Primo progetto venduto<\/strong><br \/>Da un appartamento a Bresso, vicino a Milano, con il supporto della moglie Vilma, Ermes vende il primo impianto completo comprendente soluzioni che rivoluzionano il tradizionale processo di zincatura a caldo.<\/p>\n\t\t\t1980-1989\n\t\t<p>\u00a0<strong>1980, Apertura dei mercati internazionali<\/strong><br \/>Arriva un ordine da parte di un&#8217;azienda all&#8217;estero, il primo di una lunga serie per il mercato internazionale. Nel frattempo, GIMECO cresce sia in termini di personale che di struttura.<strong>1985, Attivit\u00e0 in India<\/strong><br \/>La tendenza di crescita \u00e8 confermata e noi espandiamo la nostra attivit\u00e0 anche in India.<strong>1989, Primo sistema di estrazione rapida delle vasche<\/strong><br \/>Progettiamo il primo sistema di estrazione rapida delle vasche, kettle-out\u2122, una soluzione che conferma la spinta innovativa di GIMECO.<\/p>\n\t\t\t1990-1999\n\t\t<p>\u00a0<strong>1992, Un anno cruciale<\/strong><br \/>Trasferiamo la sede da Bresso a Trezzano Rosa, sempre nell&#8217;hinterland milanese, in un edificio di propriet\u00e0. Conoscenze e competenze crescono di pari passo con i fatturati e la voglia di continuare a sperimentare: presentiamo il primo sistema di movimentazione automatica delle traverse.<strong>1996, Prima linea automatizzata di zincatura a caldo per tubi<\/strong><br \/>Un altro record tecnologico di GIMECO: progettiamo e realizziamo la nostra prima linea automatizzata di zincatura a caldo per tubi.<strong>1997, Assetto manageriale<\/strong><br \/>Una nuova generazione entra in azienda: la figlia di Ermes, Eleonora, impara il mestiere e supporta l&#8217;organizzazione interna, che si orienta sempre pi\u00f9 verso una struttura che diventa pi\u00f9 solida e con un assetto manageriale.<\/p>\n\t\t\t2000-2009\n\t\t<p>\u00a0<strong>2001, Ancora pi\u00f9 innovazione<\/strong><br \/>Raggiungiamo due importanti traguardi tecnologici con la costruzione di un impianto di zincatura a centrifuga e la progettazione del primo sistema di movimentazione aerea dei materiali automatizzato.<strong>2004, Prodotti chimici<\/strong><br \/>Per fornire un servizio sempre pi\u00f9 completo e per avere un controllo effettivo su qualit\u00e0 e sicurezza, implementiamo il nostro scopo di fornitura con i prodotti chimici.<strong>2008, Diventiamo un gruppo<\/strong><br \/>L&#8217;idea di diventare un gruppo si fa strada in GIMECO. Infatti, iniziamo l&#8217;anno con l&#8217;acquisizione di CO.T.IMP.I., un&#8217;azienda che progetta impianti automatizzati di zincatura a caldo per tubi. Nel frattempo, il sistema di rigenerazione degli acidi viene testato e inizia a funzionare.<strong>2009, Innovazione nella tecnologia dei forni<\/strong><br \/>La nostra capacit\u00e0 di innovare continua ed \u00e8 confermata da due nuove soluzioni avanzate: progettiamo il primo forno dual-chamber\u2122\u00a0ad alta velocit\u00e0 e mettiamo a punto il primo forno completamente elettrico ad alta efficienza.<\/p>\n\t\t\t2010-2019\n\t\t<p>\u00a0<strong>2013, Forni mobili<\/strong><br \/>GIMECO consolida la sua struttura di servizi per gli zincatori con la fornitura di forni mobili di mantenimento per lo zinco liquido <em>(&#8220;fornetti&#8221;).<\/em><strong>2014, Il Gruppo si espande<\/strong><br \/>Rafforziamo il nostro gruppo con le importanti acquisizioni di ZINCO Service, azienda specializzata bresciana che aveva brevettato un metodo avanzato e preciso di ispezione delle vasche (KID\u2122, presentato a INTERGALVA 2006), della sua associata canadese Zinco Technologies e di Recyclean Systems, azienda svedese che sviluppa soluzioni chimiche e attrezzature.<strong>2015, Nuove soluzioni software<\/strong><br \/>Per completare il pacchetto per la gestione efficiente degli impianti di zincatura a caldo, lanciamo due suite di software proprietari progettati internamente: HerMES\u2122, che fornisce il controllo completo dell&#8217;impianto e la tracciabilit\u00e0 dei prodotti e Zephyr\u2122, un software per la gestione dei consumi energetici.<strong>2016, Introduzione della robotica<\/strong><br \/>Progettiamo il primo impianto di zincatura a caldo automatizzato e assistito da robot. Uno sforzo notevole che valorizza ulteriormente le nostre capacit\u00e0 tecnologiche e di <em>problem solving. <\/em>La sede di Trezzano Rosa si amplia con un nuovo edificio, moderno e funzionale, dedicato esclusivamente agli uffici.<strong>2017, Primo essiccatoio a infrarossi<\/strong><br \/>GIMECO colpisce ancora e presenta il primo essiccatoio a infrarossi: l&#8217;innovazione \u00e8 sempre alla base dell&#8217;azienda.<strong>2019, GIMECO USA<\/strong><br \/>\u00c8 il momento della creazione di GIMECO USA, con sede a Spartanburg nella Carolina del Sud, per avvicinare le attivit\u00e0 di vendita, servizi e assistenza ai clienti nord americani.<\/p>\n\t\t\t2020-Oggi\n\t\t<p>\u00a0<strong>2021, 45 &#8216;candeline&#8217;<\/strong><br \/>GIMECO giunge a un importante anniversario, spegnendo 45 candeline.<br \/>Nello stesso anno, la naturale attitudine alla qualit\u00e0 viene messa a frutto e GIMECO riceve la certificazione del sistema di gestione della qualit\u00e0 standardizzato ISO 9001:2015.<strong>2022, Primo dispositivo di manipolazione dedicato alla zincatura<\/strong><br \/>In occasione di INTERGALVA 2022 a Roma, vengono presentati MOVER\u2122, un dispositivo di manipolazione intelligente dedicato agli zincatori, e la suite di Assistenza Remota Intelligente che consente supporto tecnico a distanza e ticketing per migliorare il nostro supporto ai clienti.<strong>2024, Impianti verticali ad alta densit\u00e0<\/strong><br \/>Ancora una volta sulla breccia, GIMECO conferma la sua attitudine a trovare soluzioni all&#8217;avanguardia progettando e mettendo in funzione i cosiddetti impianti verticali di zincatura a caldo. Principio fondamentale della progettazione \u00e8 il drastico aumento della densit\u00e0 di profili d&#8217;acciaio immersi per singolo ciclo, con un importante incremento della produttiva.<strong>2026, Cinquant&#8217;anni di soluzioni per la zincatura a caldo<br \/><\/strong>Cinquant&#8217;anni di storia, un legame che sfida il tempo. La nostra visione rimane solida e in continua evoluzione. Un traguardo che segna il nostro impegno verso l&#8217;innovazione. Siamo resistenti come lo zinco.<\/p>\n<h2>\n\t<b>Presenza<\/b> globale\n\t<\/h2>\n\t<p>Nel corso dei decenni, accanto alla sede centrale in Italia, il Gruppo si \u00e8 sviluppato in tutto il mondo con filiali locali, societ\u00e0 consociate e team remoti che garantiscono una <strong>presenza capillare<\/strong> nei diversi continenti.<\/p>\n\t\t\t\t\t\t\t<img loading=\"lazy\" decoding=\"async\" src=\"https:\/\/gimeco.com\/wp-content\/uploads\/2024\/01\/mappa-global-presence-sito-3.png\" alt=\"mappa-global-presence-sito\" itemprop=\"image\" height=\"1466\" width=\"2700\" title=\"mappa-global-presence-sito\" onerror=\"this.style.display='none'\"  sizes=\"auto, (max-width: 768px) 100vw, 100vw\" srcset=\"https:\/\/gimeco.com\/wp-content\/uploads\/2024\/01\/mappa-global-presence-sito-3.png 2700w, https:\/\/gimeco.com\/wp-content\/uploads\/2024\/01\/mappa-global-presence-sito-3-300x163.png 300w, https:\/\/gimeco.com\/wp-content\/uploads\/2024\/01\/mappa-global-presence-sito-3-1024x556.png 1024w, https:\/\/gimeco.com\/wp-content\/uploads\/2024\/01\/mappa-global-presence-sito-3-768x417.png 768w, https:\/\/gimeco.com\/wp-content\/uploads\/2024\/01\/mappa-global-presence-sito-3-1536x834.png 1536w, https:\/\/gimeco.com\/wp-content\/uploads\/2024\/01\/mappa-global-presence-sito-3-2048x1112.png 2048w, https:\/\/gimeco.com\/wp-content\/uploads\/2024\/01\/mappa-global-presence-sito-3-1260x684.png 1260w, https:\/\/gimeco.com\/wp-content\/uploads\/2024\/01\/mappa-global-presence-sito-3-630x342.png 630w, https:\/\/gimeco.com\/wp-content\/uploads\/2024\/01\/mappa-global-presence-sito-3-420x228.png 420w, https:\/\/gimeco.com\/wp-content\/uploads\/2024\/01\/mappa-global-presence-sito-3-840x456.png 840w, https:\/\/gimeco.com\/wp-content\/uploads\/2024\/01\/mappa-global-presence-sito-3-315x171.png 315w\" \/>\t\t\t\t\t\t\t\n<h2>\n\t<b>Associazioni<\/b>\n\t<\/h2>\n\t<ul>\n<li><a href=\"https:\/\/www.aiz.it\/wp1\/\" target=\"_blank\" rel=\"noopener\">ASSOCIAZIONE ITALIANA ZINCATURA (AIZ)<\/a><\/li>\n<li><a href=\"https:\/\/www.ateg.es\/\" target=\"_blank\" rel=\"noopener\">ASOCIACI\u00d3N T\u00c9CNICA ESPA\u00d1OLA DE GALVANIZACI\u00d3N (ATEG)<\/a><\/li>\n<li><a href=\"https:\/\/www.galvazinc.com\/\" target=\"_blank\" rel=\"noopener\">GALVAZINC<\/a><\/li>\n<li><a href=\"https:\/\/www.feuerverzinken.com\/\" target=\"_blank\" rel=\"noopener\">INDUSTRIEVERBAND FEUERVERZINKEN<\/a><\/li>\n<li><a href=\"https:\/\/www.zinkinfobenelux.com\/\">ZINKINFO BENELUX<\/a><\/li>\n<li><a href=\"https:\/\/galvanizing.org.uk\/\" target=\"_blank\" rel=\"noopener\">GALVANIZERS ASSOCIATION (GA)<\/a><\/li>\n<li><a href=\"http:\/\/www.acsz.cz\/\" target=\"_blank\" rel=\"noopener\">ASSOCIATION OF CZECH AND SLOVAK GALVANIZERS (ACSG)<\/a><\/li>\n<li><a href=\"https:\/\/www.galvanizingeurope.org\/\" target=\"_blank\" rel=\"noopener\">EUROPEAN GENERAL GALVANIZERS ASSOCIATION (EGGA)<\/a><\/li>\n<li><a href=\"https:\/\/galvanizeit.org\/\" target=\"_blank\" rel=\"noopener\">AMERICAN GALVANIZERS ASSOCIATION (AGA)<\/a><\/li>\n<li>JAPAN GALVANIZERS ASSOCIATION (JGA)<\/li>\n<li><a href=\"https:\/\/www.hdgasa.org.za\/\" target=\"_blank\" rel=\"noopener\">HOT-DIP GALVANIZERS ASSOCIATION OF SOUTH AFRICA (HDGASA)<\/a><\/li>\n<li><a href=\"https:\/\/www.ilzda.com\/\" target=\"_blank\" rel=\"noopener\">INDIA LEAD ZINC DEVELOPMENT ASSOCIATION (ILZDA)<\/a><\/li>\n<li><a href=\"https:\/\/zdc.ru\/\" target=\"_blank\" rel=\"noopener\">ZINC DEVELOPMENT CENTER (ZDC)<\/a><\/li>\n<\/ul>\n<h3>\n\t<strong>Perch\u00e9<\/strong> la zincatura a caldo?\n\t<\/h3>\n\t<p>La zincatura a caldo \u00e8 il processo fondamentale per <strong>proteggere le superfici<\/strong> dei manufatti metallici, in particolare quelli in acciaio. Nasce dall&#8217;intuizione del chimico francese Melouin nel <strong>1740<\/strong> e dalle successive sperimentazioni del XIX secolo, tra cui il primo brevetto di Sorel nel 1837.<\/p>\n<p>La zincatura a caldo prevede l&#8217;<strong>immersione completa<\/strong> di un materiale metallico opportunamente preparato in un bagno di <strong>zinco fuso<\/strong>, con conseguente modifica della composizione superficiale attraverso la <strong>formazione di una lega<\/strong> tra il ferro del manufatto e lo zinco. In questo caso, poich\u00e9 lo zinco ha una maggiore elettronegativit\u00e0 rispetto al ferro, esso agisce come <strong>anodo sacrificale<\/strong> in caso di corrosione elettrolitica, formando un composto di ossidi e carbonati che forniscono una <strong>protezione sicura e duratura<\/strong> all&#8217;acciaio.<\/p>\n<p>Pertanto, essendo un <strong>vero e proprio processo metallurgico<\/strong>, la zincatura a caldo si distingue e <strong>prevale<\/strong> su qualsiasi altro trattamento superficiale come rivestimenti o verniciature quando si tratta di garantire la protezione dei manufatti.<\/p>\n\t<ul>\n<li>Edilizia e architettura<br \/>\nTravi, colonne, ringhiere, lamiere e griglie per tetti, ponti, armature<\/li>\n<li>Industria energetica e delle telecomunicazioni<br \/>\nTorri eoliche, strutture di supporto per pannelli solari, torri a traliccio, torri di comunicazione, antenne<\/li>\n<li>Industria ferroviaria<br \/>\nRotaie, strutture per la segnalazione ferroviaria<\/li>\n<li>Industria automobilistica<\/li>\n<li>Cantieristica navale<\/li>\n<li>Industria agricola<br \/>\nAttrezzature agricole, serre, recinzioni<\/li>\n<li>Industria elettrica ed elettronica<\/li>\n<li>Industria petrolchimica<br \/>\nSerbatoi, condotte, strutture di impianti<\/li>\n<li>Arredo urbano e stradale<br \/>\nPali dell&#8217;illuminazione stradale, balaustre, recinzioni, guardrail, strutture di segnalazione<\/li>\n<li>Hardware di montaggio<br \/>\nBulloni, rondelle, viti<\/li>\n<li>Tubi e condutture<\/li>\n<li>Metallurgia in generale<\/li>\n<\/ul>\n\n<\/div><!-- .vgblk-rw-wrapper -->","protected":false},"excerpt":{"rendered":"<p>Il tuo partner, dalla A allo Zinco Nati a Milano, nel nord Italia, progettiamo, costruiamo, installiamo e ristrutturiamo impianti di zincatura a caldo dal 1976 e, avendo un passato da zincatori, conosciamo bene le esigenze, le specificit\u00e0 e le criticit\u00e0 della zincatura e, pi\u00f9 in generale, dei processi metallurgici. Siamo stati la prima azienda al&#8230;<\/p>\n","protected":false},"author":1,"featured_media":0,"parent":0,"menu_order":0,"comment_status":"closed","ping_status":"closed","template":"","meta":{"inline_featured_image":false,"footnotes":""},"class_list":["post-20204","page","type-page","status-publish","hentry"],"yoast_head":"<!-- This site is optimized with the Yoast SEO plugin v26.4 - https:\/\/yoast.com\/wordpress\/plugins\/seo\/ -->\n<title>Azienda | GIMECO Impianti<\/title>\n<meta name=\"description\" content=\"GIMECO nasce a Milano, Italia, nel 1976 e da allora progetta, costruisce, installa e rinnova impianti di zincatura a caldo...\" \/>\n<meta name=\"robots\" content=\"index, follow, max-snippet:-1, max-image-preview:large, max-video-preview:-1\" \/>\n<link rel=\"canonical\" href=\"https:\/\/gimeco.com\/it\/azienda\/\" \/>\n<meta property=\"og:locale\" content=\"it_IT\" \/>\n<meta property=\"og:type\" content=\"article\" \/>\n<meta property=\"og:title\" content=\"Azienda | GIMECO Impianti\" \/>\n<meta property=\"og:description\" content=\"GIMECO nasce a Milano, Italia, nel 1976 e da allora progetta, costruisce, installa e rinnova impianti di zincatura a caldo...\" \/>\n<meta property=\"og:url\" content=\"https:\/\/gimeco.com\/it\/azienda\/\" \/>\n<meta property=\"og:site_name\" content=\"GIMECO Impianti\" \/>\n<meta property=\"article:publisher\" content=\"https:\/\/www.facebook.com\/gimecogroup\" \/>\n<meta property=\"article:modified_time\" content=\"2025-12-23T10:48:31+00:00\" \/>\n<meta property=\"og:image\" content=\"https:\/\/gimeco.com\/wp-content\/uploads\/2024\/01\/mappa-global-presence-sito-3.png\" \/>\n<script type=\"application\/ld+json\" class=\"yoast-schema-graph\">{\"@context\":\"https:\/\/schema.org\",\"@graph\":[{\"@type\":\"WebPage\",\"@id\":\"https:\/\/gimeco.com\/it\/azienda\/\",\"url\":\"https:\/\/gimeco.com\/it\/azienda\/\",\"name\":\"Azienda | GIMECO Impianti\",\"isPartOf\":{\"@id\":\"https:\/\/gimeco.com\/#website\"},\"primaryImageOfPage\":{\"@id\":\"https:\/\/gimeco.com\/it\/azienda\/#primaryimage\"},\"image\":{\"@id\":\"https:\/\/gimeco.com\/it\/azienda\/#primaryimage\"},\"thumbnailUrl\":\"https:\/\/gimeco.com\/wp-content\/uploads\/2024\/01\/mappa-global-presence-sito-3.png\",\"datePublished\":\"2023-11-22T07:21:59+00:00\",\"dateModified\":\"2025-12-23T10:48:31+00:00\",\"description\":\"GIMECO nasce a Milano, Italia, nel 1976 e da allora progetta, costruisce, installa e rinnova impianti di zincatura a caldo...\",\"breadcrumb\":{\"@id\":\"https:\/\/gimeco.com\/it\/azienda\/#breadcrumb\"},\"inLanguage\":\"it-IT\",\"potentialAction\":[{\"@type\":\"ReadAction\",\"target\":[\"https:\/\/gimeco.com\/it\/azienda\/\"]}]},{\"@type\":\"ImageObject\",\"inLanguage\":\"it-IT\",\"@id\":\"https:\/\/gimeco.com\/it\/azienda\/#primaryimage\",\"url\":\"https:\/\/gimeco.com\/wp-content\/uploads\/2024\/01\/mappa-global-presence-sito-3.png\",\"contentUrl\":\"https:\/\/gimeco.com\/wp-content\/uploads\/2024\/01\/mappa-global-presence-sito-3.png\"},{\"@type\":\"BreadcrumbList\",\"@id\":\"https:\/\/gimeco.com\/it\/azienda\/#breadcrumb\",\"itemListElement\":[{\"@type\":\"ListItem\",\"position\":1,\"name\":\"Home\",\"item\":\"https:\/\/gimeco.com\/it\/\"},{\"@type\":\"ListItem\",\"position\":2,\"name\":\"Azienda\"}]},{\"@type\":\"WebSite\",\"@id\":\"https:\/\/gimeco.com\/#website\",\"url\":\"https:\/\/gimeco.com\/\",\"name\":\"gimeco.com\",\"description\":\"Your Partner from A to Zink\",\"publisher\":{\"@id\":\"https:\/\/gimeco.com\/#organization\"},\"alternateName\":\"Gimeco\",\"potentialAction\":[{\"@type\":\"SearchAction\",\"target\":{\"@type\":\"EntryPoint\",\"urlTemplate\":\"https:\/\/gimeco.com\/?s={search_term_string}\"},\"query-input\":{\"@type\":\"PropertyValueSpecification\",\"valueRequired\":true,\"valueName\":\"search_term_string\"}}],\"inLanguage\":\"it-IT\"},{\"@type\":\"Organization\",\"@id\":\"https:\/\/gimeco.com\/#organization\",\"name\":\"Gimeco\",\"url\":\"https:\/\/gimeco.com\/\",\"logo\":{\"@type\":\"ImageObject\",\"inLanguage\":\"it-IT\",\"@id\":\"https:\/\/gimeco.com\/#\/schema\/logo\/image\/\",\"url\":\"https:\/\/gimeco.com\/wp-content\/uploads\/2023\/11\/Logo_GIMECO_StringNoPayoff-250.png\",\"contentUrl\":\"https:\/\/gimeco.com\/wp-content\/uploads\/2023\/11\/Logo_GIMECO_StringNoPayoff-250.png\",\"width\":250,\"height\":98,\"caption\":\"Gimeco\"},\"image\":{\"@id\":\"https:\/\/gimeco.com\/#\/schema\/logo\/image\/\"},\"sameAs\":[\"https:\/\/www.facebook.com\/gimecogroup\"]}]}<\/script>\n<!-- \/ Yoast SEO plugin. -->","yoast_head_json":{"title":"Azienda | GIMECO Impianti","description":"GIMECO nasce a Milano, Italia, nel 1976 e da allora progetta, costruisce, installa e rinnova impianti di zincatura a caldo...","robots":{"index":"index","follow":"follow","max-snippet":"max-snippet:-1","max-image-preview":"max-image-preview:large","max-video-preview":"max-video-preview:-1"},"canonical":"https:\/\/gimeco.com\/it\/azienda\/","og_locale":"it_IT","og_type":"article","og_title":"Azienda | GIMECO Impianti","og_description":"GIMECO nasce a Milano, Italia, nel 1976 e da allora progetta, costruisce, installa e rinnova impianti di zincatura a caldo...","og_url":"https:\/\/gimeco.com\/it\/azienda\/","og_site_name":"GIMECO Impianti","article_publisher":"https:\/\/www.facebook.com\/gimecogroup","article_modified_time":"2025-12-23T10:48:31+00:00","og_image":[{"url":"https:\/\/gimeco.com\/wp-content\/uploads\/2024\/01\/mappa-global-presence-sito-3.png","type":"","width":"","height":""}],"schema":{"@context":"https:\/\/schema.org","@graph":[{"@type":"WebPage","@id":"https:\/\/gimeco.com\/it\/azienda\/","url":"https:\/\/gimeco.com\/it\/azienda\/","name":"Azienda | GIMECO Impianti","isPartOf":{"@id":"https:\/\/gimeco.com\/#website"},"primaryImageOfPage":{"@id":"https:\/\/gimeco.com\/it\/azienda\/#primaryimage"},"image":{"@id":"https:\/\/gimeco.com\/it\/azienda\/#primaryimage"},"thumbnailUrl":"https:\/\/gimeco.com\/wp-content\/uploads\/2024\/01\/mappa-global-presence-sito-3.png","datePublished":"2023-11-22T07:21:59+00:00","dateModified":"2025-12-23T10:48:31+00:00","description":"GIMECO nasce a Milano, Italia, nel 1976 e da allora progetta, costruisce, installa e rinnova impianti di zincatura a caldo...","breadcrumb":{"@id":"https:\/\/gimeco.com\/it\/azienda\/#breadcrumb"},"inLanguage":"it-IT","potentialAction":[{"@type":"ReadAction","target":["https:\/\/gimeco.com\/it\/azienda\/"]}]},{"@type":"ImageObject","inLanguage":"it-IT","@id":"https:\/\/gimeco.com\/it\/azienda\/#primaryimage","url":"https:\/\/gimeco.com\/wp-content\/uploads\/2024\/01\/mappa-global-presence-sito-3.png","contentUrl":"https:\/\/gimeco.com\/wp-content\/uploads\/2024\/01\/mappa-global-presence-sito-3.png"},{"@type":"BreadcrumbList","@id":"https:\/\/gimeco.com\/it\/azienda\/#breadcrumb","itemListElement":[{"@type":"ListItem","position":1,"name":"Home","item":"https:\/\/gimeco.com\/it\/"},{"@type":"ListItem","position":2,"name":"Azienda"}]},{"@type":"WebSite","@id":"https:\/\/gimeco.com\/#website","url":"https:\/\/gimeco.com\/","name":"gimeco.com","description":"Your Partner from A to Zink","publisher":{"@id":"https:\/\/gimeco.com\/#organization"},"alternateName":"Gimeco","potentialAction":[{"@type":"SearchAction","target":{"@type":"EntryPoint","urlTemplate":"https:\/\/gimeco.com\/?s={search_term_string}"},"query-input":{"@type":"PropertyValueSpecification","valueRequired":true,"valueName":"search_term_string"}}],"inLanguage":"it-IT"},{"@type":"Organization","@id":"https:\/\/gimeco.com\/#organization","name":"Gimeco","url":"https:\/\/gimeco.com\/","logo":{"@type":"ImageObject","inLanguage":"it-IT","@id":"https:\/\/gimeco.com\/#\/schema\/logo\/image\/","url":"https:\/\/gimeco.com\/wp-content\/uploads\/2023\/11\/Logo_GIMECO_StringNoPayoff-250.png","contentUrl":"https:\/\/gimeco.com\/wp-content\/uploads\/2023\/11\/Logo_GIMECO_StringNoPayoff-250.png","width":250,"height":98,"caption":"Gimeco"},"image":{"@id":"https:\/\/gimeco.com\/#\/schema\/logo\/image\/"},"sameAs":["https:\/\/www.facebook.com\/gimecogroup"]}]}},"_links":{"self":[{"href":"https:\/\/gimeco.com\/it\/wp-json\/wp\/v2\/pages\/20204","targetHints":{"allow":["GET"]}}],"collection":[{"href":"https:\/\/gimeco.com\/it\/wp-json\/wp\/v2\/pages"}],"about":[{"href":"https:\/\/gimeco.com\/it\/wp-json\/wp\/v2\/types\/page"}],"author":[{"embeddable":true,"href":"https:\/\/gimeco.com\/it\/wp-json\/wp\/v2\/users\/1"}],"replies":[{"embeddable":true,"href":"https:\/\/gimeco.com\/it\/wp-json\/wp\/v2\/comments?post=20204"}],"version-history":[{"count":33,"href":"https:\/\/gimeco.com\/it\/wp-json\/wp\/v2\/pages\/20204\/revisions"}],"predecessor-version":[{"id":25775,"href":"https:\/\/gimeco.com\/it\/wp-json\/wp\/v2\/pages\/20204\/revisions\/25775"}],"wp:attachment":[{"href":"https:\/\/gimeco.com\/it\/wp-json\/wp\/v2\/media?parent=20204"}],"curies":[{"name":"wp","href":"https:\/\/api.w.org\/{rel}","templated":true}]}}