{"id":20216,"date":"2023-09-19T09:31:10","date_gmt":"2023-09-19T09:31:10","guid":{"rendered":"https:\/\/gimeco.com\/kid\/"},"modified":"2026-03-05T08:12:47","modified_gmt":"2026-03-05T08:12:47","slug":"kid","status":"publish","type":"page","link":"https:\/\/gimeco.com\/it\/servizi\/kid\/","title":{"rendered":"Ispezioni vasche ad ultrasuoni"},"content":{"rendered":"<div class=\"vgblk-rw-wrapper limit-wrapper\">\n<h2>\n\t<strong>KID\u2122<\/strong>, il modo migliore per <br \/>controllare la salute della vasca\n\t<\/h2>\n\tDopo anni di ricerche e studi in collaborazione con il <a href=\"https:\/\/nrc.canada.ca\/en\" target=\"_blank\" rel=\"noopener\">Consiglio Nazionale Canadese delle Ricerche<\/a>, nel <strong>2006<\/strong> l&#8217;azienda italiana ZINCO Service ha introdotto una <strong>tecnologia rivoluzionaria<\/strong> per controllare lo stato di salute delle vasche di zincatura.<br \/>\nNominato KID\u2122, che sta per <strong><em>&#8220;kettle inspection device&#8221;<\/em><\/strong>, \u00e8 uno speciale sistema utilizzato per la <strong>diagnostica della corrosione<\/strong> delle vasche per la zincatura a caldo, utilizzando la <strong>tecnologia di rilevamento a ultrasuoni<\/strong> per la lettura dello spessore delle pareti.<br \/>\nQuesta tecnologia consente di analizzare lo stato di usura della vasca in <strong>meno di un giorno<\/strong>, senza doverla svuotare dallo zinco fuso.<br \/>\nCon l&#8217;acquisizione della societ\u00e0 ZINCO Service, GIMECO ha ereditato la tecnologia, garantendole un ulteriore sviluppo e un successo mondiale con <strong>centinaia di ispezioni completate<\/strong> finora e una grande esperienza per i clienti.\n<h3>\n\t<b>Il viaggio<\/b> di KID\u2122\n\t<\/h3>\n\t<h4><strong>2002<\/strong><\/h4>\n<p>Primo contatto con il <strong>Consiglio Nazionale Canadese delle Ricerche (NRCC).<\/strong> Inizia la fase di ricerca e sviluppo. Gli esperimenti iniziali vengono condotti in piccoli crogioli di zinco con sonde rudimentali, costruite con lunghe aste. Le <strong>sonde raffreddate <\/strong>a CO<sub>2<\/sub> vengono scelte come soluzione pi\u00f9 robusta per l&#8217;uso industriale e nel marzo 2006 vengono effettuate le prime prove di successo.<\/p>\n\t<h4><strong>2006<\/strong><\/h4>\n<p>La tecnologia KID\u2122\u00a0viene <strong>presentata<\/strong> a Napoli, durante la conferenza internazionale INTERGALVA. Il <strong>successo \u00e8 immediato.<\/strong><\/p>\n\t<h4><strong>2007<\/strong><\/h4>\n<p>La <strong>prima generazione<\/strong> di KID\u2122\u00a0\u00e8 ingombrante e funziona su una struttura azionata da quattro diversi motori. Le sonde necessitano di un raffreddamento a CO<sub>2<\/sub>, pertanto viene utilizzato un numero elevato di bombole per ogni ispezione. Viene effettuato un numero limitato di letture e i report consistono solo in un semplice database. Man mano che il servizio KID<sup>TM<\/sup> si afferma, vengono sottoscritte <strong>licenze a livello mondiale<\/strong>. Con l&#8217;acquisizione di nuovi clienti, ci si impegna a perfezionare analisi e reportistica, comprese le mappe della distribuzione della corrosione. Viene creato un ampio database per confrontare le dinamiche di corrosione in contesti diversi.<\/p>\n\t<h4><strong>2009<\/strong><\/h4>\n<p>Una prima panoramica delle <strong>dinamiche di corrosione<\/strong> delle vasche viene presentata a INTERGALVA 2009 a Madrid, Spagna.<\/p>\n\t<h4><strong>2010<\/strong><\/h4>\n<p>Con l&#8217;aumento della domanda dell&#8217;industria a livello globale, vengono profusi nuovi sforzi nella ricerca per sviluppare una <strong>seconda generazione<\/strong> di sonde non raffreddate e rendere il servizio pi\u00f9 snello.<\/p>\n\t<h4><strong>2012<\/strong><\/h4>\nLa grande quantit\u00e0 di dati accumulati viene finalmente inserita in un <strong>complesso progetto di simulazione analitica<\/strong> chiamato Atlas, che viene presentato ufficialmente a INTERGALVA 2012 a Parigi, Francia.<br \/>\nIl progetto si evolve rapidamente e si diffonde in tutto il mondo, coinvolgendo <strong>universit\u00e0 e associazioni industriali.<\/strong>\n\t<h4><strong>2018<\/strong><\/h4>\nGrazie all&#8217;esperienza acquisita, GIMECO sviluppa internamente una <strong>terza generazione<\/strong> di sonde non raffreddate con una maggiore sensibilit\u00e0.<br \/>\nIl sistema KID\u2122\u00a0diventa ancora pi\u00f9 <strong>leggero<\/strong> e <strong>versatile<\/strong> e comprende solo una sonda che i tecnici portano con s\u00e9 in una valigia: viene abbandonata la struttura a traliccio utilizzata fino a quel momento.\n\t<h4><strong>2021<\/strong><\/h4>\n<p>Le sonde ricevono una sensibile ottimizzazione in termini di efficacia e sensibilit\u00e0. Il software e le apparecchiature di lettura vengono sostituiti con <strong>soluzioni all&#8217;avanguardia<\/strong>.<\/p>\n<h3>\n\t<b>Caratteristiche e punti di forza <\/b> di KID\u2122\n\t<\/h3>\n\t<h4><strong>P<\/strong><strong>rimo in assoluto e pi\u00f9 avanzato<\/strong><\/h4>\n<p>Presentato nel 2006 dopo anni di ricerca, \u00e8 ora alla sua terza generazione e continua a migliorare<\/p>\n<h4><strong>Elevata accuratezza<\/strong><\/h4>\n<p>Accuratezza dei dati di \u00b10,7\u00f71,5mm<em> (\u00b10.028\u00f70.06&#8243;)<\/em> forniti nel report finale<\/p>\n<h4><strong>Nessuno svuotamento zinco dalla vasca<\/strong><\/h4>\n<p>Utilizzando la tecnologia a ultrasuoni e sviluppata per resistere alle alte temperature, la sonda KID\u2122<sup>\u00a0<\/sup>opera direttamente nello zinco fuso<\/p>\n<h4><strong>Servizio rapido in 6 ore<\/strong><\/h4>\n<p>KID\u2122\u00a0consente una raccolta dati molto rapida: le operazioni durano meno di un giorno per ogni vasca<\/p>\n<h4><strong>Leggero<\/strong><\/h4>\n<p>Sono necessari solo un tecnico, una sonda compatta, un display e pochi strumenti leggeri e riutilizzabili: nessun ingombro, nessun container, tutto in una borsa trolley.<\/p>\n<h4><strong>Versatile e flessibile<\/strong><\/h4>\n<p>Grazie al suo design, KID\u2122<sup>\u00a0<\/sup>\u00e8 in grado di ispezionare facilmente sia i lati lunghi che quelli corti delle vasche nonch\u00e9 gli angoli, generalmente considerati praticamente impossibili da analizzare.<\/p>\n<h3>\n\t<b>Vantaggi <\/b> e benefici del KID\u2122\n\t<\/h3>\n\t<p>Eseguite ogni due o tre anni, le ispezioni KID\u2122\u00a0tengono traccia dell&#8217;usura della vasca e permettono di decidere quando sostituirla. Queste ispezioni sono vere e proprie soluzioni di check-up completo che descrivono di volta in volta il reale scenario di usura.<\/p>\n<p>\u00a0<\/p>\n\t<p>Le ispezioni <b data-path-to-node=\"1\" data-index-in-node=\"13\">KID\u2122<\/b> possono evidenziare criticit\u00e0 impreviste o pericolose per il vostro impianto di riscaldamento <em>(calibrazione dei bruciatori, circolazione dei gas combusti, comportamento dei componenti della lega di zinco, corrosione precoce da scorie\/dross, ecc.)<\/em> o persino abitudini operative inadeguate da verificare e correggere.<\/p>\n\t<p>Le ispezioni di KID\u2122\u00a0consentono di seguire l&#8217;evoluzione delle condizioni della vasca, in modo da poterne prevedere la durata residua e pianificare in anticipo le future sostituzioni, favorendo una gestione intelligente delle spese dell&#8217;impianto.<\/p>\n<h3>\n\t <strong>Come funziona <\/strong>il KID\u2122?\n\t<\/h3>\n\tIl KID\u2122\u00a0\u00e8 costituito da una <strong>sonda<\/strong> compatta che, immersa nello zinco fuso, \u00e8 in grado di generare <strong>segnali ultrasonici<\/strong> che vengono convertiti da un software proprietario.<br \/>\nLa sonda \u00e8 assemblata su una <strong>struttura leggera e riutilizzabile<\/strong> di propriet\u00e0 dello zincatore, costituita da pochi ed economici elementi in acciaio: in questo modo il dispositivo di ispezione pu\u00f2 essere movimentato con <strong>paranchi aerei.<br \/>\n<\/strong>Un solo operatore altamente specializzato \u00e8 sufficiente per gestire l&#8217;intera ispezione.\n\t\t\t\t\t\t\t<img loading=\"lazy\" decoding=\"async\" src=\"https:\/\/gimeco.com\/wp-content\/uploads\/2023\/11\/Immagine2.jpg\" alt=\"Immagine2\" itemprop=\"image\" height=\"1800\" width=\"1800\" title=\"Immagine2\" onerror=\"this.style.display='none'\"  sizes=\"auto, (max-width: 768px) 100vw, 100vw\" srcset=\"https:\/\/gimeco.com\/wp-content\/uploads\/2023\/11\/Immagine2.jpg 1800w, https:\/\/gimeco.com\/wp-content\/uploads\/2023\/11\/Immagine2-300x300.jpg 300w, https:\/\/gimeco.com\/wp-content\/uploads\/2023\/11\/Immagine2-1024x1024.jpg 1024w, https:\/\/gimeco.com\/wp-content\/uploads\/2023\/11\/Immagine2-150x150.jpg 150w, https:\/\/gimeco.com\/wp-content\/uploads\/2023\/11\/Immagine2-768x768.jpg 768w, https:\/\/gimeco.com\/wp-content\/uploads\/2023\/11\/Immagine2-1536x1536.jpg 1536w, https:\/\/gimeco.com\/wp-content\/uploads\/2023\/11\/Immagine2-1260x1260.jpg 1260w, https:\/\/gimeco.com\/wp-content\/uploads\/2023\/11\/Immagine2-630x630.jpg 630w, https:\/\/gimeco.com\/wp-content\/uploads\/2023\/11\/Immagine2-420x420.jpg 420w, https:\/\/gimeco.com\/wp-content\/uploads\/2023\/11\/Immagine2-840x840.jpg 840w, https:\/\/gimeco.com\/wp-content\/uploads\/2023\/11\/Immagine2-315x315.jpg 315w, https:\/\/gimeco.com\/wp-content\/uploads\/2023\/11\/Immagine2-100x100.jpg 100w\" \/>\t\t\t\t\t\t\t\n\tL&#8217;elemento piezoelettrico della sonda trasforma il segnale elettrico in un&#8217;onda sonora elastica che si propaga all&#8217;interno di un <strong>determinato materiale<\/strong>, come avviene nella misurazione delle pareti della vasca.<br \/>\nSe lungo il percorso dell&#8217;onda si trova una discontinuit\u00e0, parte della sua energia viene trasformata dal trasduttore in un segnale elettrico, inviato al ricevitore e visualizzato nel <strong>diagramma oscilloscopico<\/strong>.<br \/>\nConoscendo la velocit\u00e0 di <strong>propagazione dell&#8217;onda sonora<\/strong> attraverso il materiale e il tempo di andata e ritorno per attraversare la parete della vasca e tornare alla sorgente, \u00e8 possibile risalire direttamente alla distanza percorsa dalla stessa onda elastica.<br \/>\nConfrontando queste distanze percorse si ottiene un&#8217;idea della superficie ispezionata o, in altre parole, un <strong>profilo spessimetrico.<\/strong>\n<p><em>Originale ZINCO Service, una Business Unit di GIMECO, e sviluppato insieme al Consiglio Nazionale Canadese delle Ricerche (NRCC).<\/em><\/p>\n<h3>\n\t<b>Come si svolge <\/b>un&#8217;ispezione?\n\t<\/h3>\n\t<strong>Valutazione<br \/>\n<\/strong>Alla richiesta di ispezione KID\u2122, viene presentato un formulario per raccogliere le principali caratteristiche costruttive e operative dell&#8217;impianto, con particolare attenzione alla vasca e al forno.\n<strong>Pianificazione<br \/>\n<\/strong>In base ai cicli, alle specifiche della vasca e del forno raccolte nel formulario, i nostri tecnici elaborano una griglia di ispezione dedicata. Questa griglia fornisce un&#8217;idea dei punti di test in cui verr\u00e0 effettuata l&#8217;ispezione ed \u00e8 specificamente designata in base al tipo di forno <em>(ad alta velocit\u00e0 o a fiamma piatta, elettrico o a combustibili liquidi)<\/em> e alle vostre condizioni di lavoro individuali: ci sono abbastanza punti di test da coprire tutte le pareti della vasca <em>(fino a 600 punti).<br \/>\n<\/em>In base ai requisiti, proponiamo un programma operativo e una offerta commerciale.\n<strong>Preparazione<br \/>\n<\/strong>Qualche tempo prima dell&#8217;ispezione, viene fornito un elenco di materiali <em>(elementi in acciaio a basso costo che rimangono di vostra propriet\u00e0)<\/em> per fornire strumenti utili per l&#8217;ispezione.\n\t\t\t\t\t\t\t<img loading=\"lazy\" decoding=\"async\" src=\"https:\/\/gimeco.com\/wp-content\/uploads\/2024\/01\/Immagine1-1.png\" alt=\"Immagine1\" itemprop=\"image\" height=\"214\" width=\"592\" title=\"Immagine1\" onerror=\"this.style.display='none'\"  sizes=\"auto, (max-width: 768px) 100vw, 100vw\" srcset=\"https:\/\/gimeco.com\/wp-content\/uploads\/2024\/01\/Immagine1-1.png 592w, https:\/\/gimeco.com\/wp-content\/uploads\/2024\/01\/Immagine1-1-300x108.png 300w, https:\/\/gimeco.com\/wp-content\/uploads\/2024\/01\/Immagine1-1-420x152.png 420w, https:\/\/gimeco.com\/wp-content\/uploads\/2024\/01\/Immagine1-1-315x114.png 315w\" \/>\t\t\t\t\t\t\t\n\t<strong>Esecuzione<br \/>\n<\/strong>Il nostro specialista KID\u2122\u00a0visita il vostro impianto ed esegue l&#8217;ispezione come previsto. Ogni test vasca richiede mediamente 6 ore e vengono diagnosticati fino a 600 punti. L&#8217;ispezione pu\u00f2 essere eseguita sulle pareti lunghe della vasca, sulle pareti corte e, se le condizioni lo consentono, anche sugli angoli, grazie alla flessibilit\u00e0 del sistema.\n<strong>Post elaborazione<br \/>\n<\/strong>I dati raccolti vengono elaborati rapidamente. Un primo rapporto preliminare viene emesso entro 5 giorni e inviato al cliente. Esso comprende tutti i valori di spessore raccolti durante l&#8217;ispezione.<strong>\u00a0<\/strong>\n<strong>Raccolta dati<br \/>\n<\/strong>Le letture dell&#8217;ispezione vengono registrate per analisi e rilievi futuri.\n<p>&nbsp;<\/p>\n\t\t\t\t\t\t\t<img loading=\"lazy\" decoding=\"async\" src=\"https:\/\/gimeco.com\/wp-content\/uploads\/2024\/01\/Immagine42.png\" alt=\"Immagine42\" itemprop=\"image\" height=\"320\" width=\"542\" title=\"Immagine42\" onerror=\"this.style.display='none'\"  sizes=\"auto, (max-width: 768px) 100vw, 100vw\" srcset=\"https:\/\/gimeco.com\/wp-content\/uploads\/2024\/01\/Immagine42.png 542w, https:\/\/gimeco.com\/wp-content\/uploads\/2024\/01\/Immagine42-300x177.png 300w, https:\/\/gimeco.com\/wp-content\/uploads\/2024\/01\/Immagine42-420x248.png 420w, https:\/\/gimeco.com\/wp-content\/uploads\/2024\/01\/Immagine42-315x186.png 315w\" \/>\t\t\t\t\t\t\t\n\t<strong>Mappe di corrosione<br \/>\n<\/strong>Vengono fornite mappe della corrosione, in vista assoluta e relativa <em>(vista complessiva della parete e focus sulle aree pi\u00f9 corrose)<\/em> per fornire una panoramica immediata delle condizioni della vasca.\n<strong>Database<br \/>\n<\/strong>Viene compilata una tabella dati con i valori di spessore residui delle pareti analizzate, con evidenza dei valori pi\u00f9 bassi e pi\u00f9 alti.\n<strong>Commenti e suggerimenti<br \/>\n<\/strong>Il report finale \u00e8 corredato da analisi dettagliata e suggerimenti circa misure correttive comprendenti, ad esempio, la valutazione delle prestazioni di riscaldamento del forno, la deformazione della vasca, i punti di allarme e le abitudini di lavoro.<br \/>\nIn caso di ripetizione di ispezione KID\u2122, viene eseguita un&#8217;analisi comparativa sulla perdita di spessore verificatesi nei vari anni.\n\t\t\t\t\t\t\t<img loading=\"lazy\" decoding=\"async\" src=\"https:\/\/gimeco.com\/wp-content\/uploads\/2024\/01\/graph-Front-abs-SI-1.png\" alt=\"graph Front abs SI\" itemprop=\"image\" height=\"210\" width=\"617\" title=\"graph Front abs SI\" onerror=\"this.style.display='none'\"  sizes=\"auto, (max-width: 768px) 100vw, 100vw\" srcset=\"https:\/\/gimeco.com\/wp-content\/uploads\/2024\/01\/graph-Front-abs-SI-1.png 617w, https:\/\/gimeco.com\/wp-content\/uploads\/2024\/01\/graph-Front-abs-SI-1-300x102.png 300w, https:\/\/gimeco.com\/wp-content\/uploads\/2024\/01\/graph-Front-abs-SI-1-420x143.png 420w, https:\/\/gimeco.com\/wp-content\/uploads\/2024\/01\/graph-Front-abs-SI-1-315x107.png 315w\" \/>\t\t\t\t\t\t\t\n\n<\/div><!-- .vgblk-rw-wrapper -->","protected":false},"excerpt":{"rendered":"<p>KID\u2122, il modo migliore per controllare la salute della vasca Dopo anni di ricerche e studi in collaborazione con il Consiglio Nazionale Canadese delle Ricerche, nel 2006 l&#8217;azienda italiana ZINCO Service ha introdotto una tecnologia rivoluzionaria per controllare lo stato di salute delle vasche di zincatura. Nominato KID\u2122, che sta per &#8220;kettle inspection device&#8221;, \u00e8&#8230;<\/p>\n","protected":false},"author":1,"featured_media":0,"parent":20255,"menu_order":0,"comment_status":"closed","ping_status":"closed","template":"","meta":{"inline_featured_image":false,"footnotes":""},"class_list":["post-20216","page","type-page","status-publish","hentry"],"yoast_head":"<!-- This site is optimized with the Yoast SEO plugin v26.4 - https:\/\/yoast.com\/wordpress\/plugins\/seo\/ -->\n<title>KID: ispezioni vasche ad ultrasuoni | GIMECO Impianti<\/title>\n<meta name=\"description\" content=\"Nel 2006 l&#039;azienda ZINCO Service, parte di GIMECO, ha introdotto una tecnologia rivoluzionaria per controllare lo stato di salute...\" \/>\n<meta name=\"robots\" content=\"index, follow, max-snippet:-1, max-image-preview:large, max-video-preview:-1\" \/>\n<link rel=\"canonical\" href=\"https:\/\/gimeco.com\/it\/servizi\/kid\/\" \/>\n<meta property=\"og:locale\" content=\"it_IT\" \/>\n<meta property=\"og:type\" content=\"article\" \/>\n<meta property=\"og:title\" content=\"KID: ispezioni vasche ad ultrasuoni | GIMECO Impianti\" \/>\n<meta property=\"og:description\" content=\"Nel 2006 l&#039;azienda ZINCO Service, parte di GIMECO, ha introdotto una tecnologia rivoluzionaria per controllare lo stato di salute...\" \/>\n<meta property=\"og:url\" content=\"https:\/\/gimeco.com\/it\/servizi\/kid\/\" \/>\n<meta property=\"og:site_name\" content=\"GIMECO Impianti\" \/>\n<meta property=\"article:publisher\" content=\"https:\/\/www.facebook.com\/gimecogroup\" \/>\n<meta property=\"article:modified_time\" content=\"2026-03-05T08:12:47+00:00\" \/>\n<meta property=\"og:image\" content=\"https:\/\/gimeco.com\/wp-content\/uploads\/2023\/11\/Immagine2.jpg\" \/>\n<script type=\"application\/ld+json\" class=\"yoast-schema-graph\">{\"@context\":\"https:\/\/schema.org\",\"@graph\":[{\"@type\":\"WebPage\",\"@id\":\"https:\/\/gimeco.com\/it\/servizi\/kid\/\",\"url\":\"https:\/\/gimeco.com\/it\/servizi\/kid\/\",\"name\":\"KID: ispezioni vasche ad ultrasuoni | GIMECO Impianti\",\"isPartOf\":{\"@id\":\"https:\/\/gimeco.com\/#website\"},\"primaryImageOfPage\":{\"@id\":\"https:\/\/gimeco.com\/it\/servizi\/kid\/#primaryimage\"},\"image\":{\"@id\":\"https:\/\/gimeco.com\/it\/servizi\/kid\/#primaryimage\"},\"thumbnailUrl\":\"https:\/\/gimeco.com\/wp-content\/uploads\/2023\/11\/Immagine2.jpg\",\"datePublished\":\"2023-09-19T09:31:10+00:00\",\"dateModified\":\"2026-03-05T08:12:47+00:00\",\"description\":\"Nel 2006 l'azienda ZINCO Service, parte di GIMECO, ha introdotto una tecnologia rivoluzionaria per controllare lo stato di salute...\",\"breadcrumb\":{\"@id\":\"https:\/\/gimeco.com\/it\/servizi\/kid\/#breadcrumb\"},\"inLanguage\":\"it-IT\",\"potentialAction\":[{\"@type\":\"ReadAction\",\"target\":[\"https:\/\/gimeco.com\/it\/servizi\/kid\/\"]}]},{\"@type\":\"ImageObject\",\"inLanguage\":\"it-IT\",\"@id\":\"https:\/\/gimeco.com\/it\/servizi\/kid\/#primaryimage\",\"url\":\"https:\/\/gimeco.com\/wp-content\/uploads\/2023\/11\/Immagine2.jpg\",\"contentUrl\":\"https:\/\/gimeco.com\/wp-content\/uploads\/2023\/11\/Immagine2.jpg\"},{\"@type\":\"BreadcrumbList\",\"@id\":\"https:\/\/gimeco.com\/it\/servizi\/kid\/#breadcrumb\",\"itemListElement\":[{\"@type\":\"ListItem\",\"position\":1,\"name\":\"Home\",\"item\":\"https:\/\/gimeco.com\/it\/\"},{\"@type\":\"ListItem\",\"position\":2,\"name\":\"Servizi\",\"item\":\"https:\/\/gimeco.com\/services\/\"},{\"@type\":\"ListItem\",\"position\":3,\"name\":\"Ispezioni vasche ad ultrasuoni\"}]},{\"@type\":\"WebSite\",\"@id\":\"https:\/\/gimeco.com\/#website\",\"url\":\"https:\/\/gimeco.com\/\",\"name\":\"gimeco.com\",\"description\":\"Your Partner from A to Zink\",\"publisher\":{\"@id\":\"https:\/\/gimeco.com\/#organization\"},\"alternateName\":\"Gimeco\",\"potentialAction\":[{\"@type\":\"SearchAction\",\"target\":{\"@type\":\"EntryPoint\",\"urlTemplate\":\"https:\/\/gimeco.com\/?s={search_term_string}\"},\"query-input\":{\"@type\":\"PropertyValueSpecification\",\"valueRequired\":true,\"valueName\":\"search_term_string\"}}],\"inLanguage\":\"it-IT\"},{\"@type\":\"Organization\",\"@id\":\"https:\/\/gimeco.com\/#organization\",\"name\":\"Gimeco\",\"url\":\"https:\/\/gimeco.com\/\",\"logo\":{\"@type\":\"ImageObject\",\"inLanguage\":\"it-IT\",\"@id\":\"https:\/\/gimeco.com\/#\/schema\/logo\/image\/\",\"url\":\"https:\/\/gimeco.com\/wp-content\/uploads\/2023\/11\/Logo_GIMECO_StringNoPayoff-250.png\",\"contentUrl\":\"https:\/\/gimeco.com\/wp-content\/uploads\/2023\/11\/Logo_GIMECO_StringNoPayoff-250.png\",\"width\":250,\"height\":98,\"caption\":\"Gimeco\"},\"image\":{\"@id\":\"https:\/\/gimeco.com\/#\/schema\/logo\/image\/\"},\"sameAs\":[\"https:\/\/www.facebook.com\/gimecogroup\"]}]}<\/script>\n<!-- \/ Yoast SEO plugin. -->","yoast_head_json":{"title":"KID: ispezioni vasche ad ultrasuoni | GIMECO Impianti","description":"Nel 2006 l'azienda ZINCO Service, parte di GIMECO, ha introdotto una tecnologia rivoluzionaria per controllare lo stato di salute...","robots":{"index":"index","follow":"follow","max-snippet":"max-snippet:-1","max-image-preview":"max-image-preview:large","max-video-preview":"max-video-preview:-1"},"canonical":"https:\/\/gimeco.com\/it\/servizi\/kid\/","og_locale":"it_IT","og_type":"article","og_title":"KID: ispezioni vasche ad ultrasuoni | GIMECO Impianti","og_description":"Nel 2006 l'azienda ZINCO Service, parte di GIMECO, ha introdotto una tecnologia rivoluzionaria per controllare lo stato di salute...","og_url":"https:\/\/gimeco.com\/it\/servizi\/kid\/","og_site_name":"GIMECO Impianti","article_publisher":"https:\/\/www.facebook.com\/gimecogroup","article_modified_time":"2026-03-05T08:12:47+00:00","og_image":[{"url":"https:\/\/gimeco.com\/wp-content\/uploads\/2023\/11\/Immagine2.jpg","type":"","width":"","height":""}],"schema":{"@context":"https:\/\/schema.org","@graph":[{"@type":"WebPage","@id":"https:\/\/gimeco.com\/it\/servizi\/kid\/","url":"https:\/\/gimeco.com\/it\/servizi\/kid\/","name":"KID: ispezioni vasche ad ultrasuoni | GIMECO Impianti","isPartOf":{"@id":"https:\/\/gimeco.com\/#website"},"primaryImageOfPage":{"@id":"https:\/\/gimeco.com\/it\/servizi\/kid\/#primaryimage"},"image":{"@id":"https:\/\/gimeco.com\/it\/servizi\/kid\/#primaryimage"},"thumbnailUrl":"https:\/\/gimeco.com\/wp-content\/uploads\/2023\/11\/Immagine2.jpg","datePublished":"2023-09-19T09:31:10+00:00","dateModified":"2026-03-05T08:12:47+00:00","description":"Nel 2006 l'azienda ZINCO Service, parte di GIMECO, ha introdotto una tecnologia rivoluzionaria per controllare lo stato di salute...","breadcrumb":{"@id":"https:\/\/gimeco.com\/it\/servizi\/kid\/#breadcrumb"},"inLanguage":"it-IT","potentialAction":[{"@type":"ReadAction","target":["https:\/\/gimeco.com\/it\/servizi\/kid\/"]}]},{"@type":"ImageObject","inLanguage":"it-IT","@id":"https:\/\/gimeco.com\/it\/servizi\/kid\/#primaryimage","url":"https:\/\/gimeco.com\/wp-content\/uploads\/2023\/11\/Immagine2.jpg","contentUrl":"https:\/\/gimeco.com\/wp-content\/uploads\/2023\/11\/Immagine2.jpg"},{"@type":"BreadcrumbList","@id":"https:\/\/gimeco.com\/it\/servizi\/kid\/#breadcrumb","itemListElement":[{"@type":"ListItem","position":1,"name":"Home","item":"https:\/\/gimeco.com\/it\/"},{"@type":"ListItem","position":2,"name":"Servizi","item":"https:\/\/gimeco.com\/services\/"},{"@type":"ListItem","position":3,"name":"Ispezioni vasche ad ultrasuoni"}]},{"@type":"WebSite","@id":"https:\/\/gimeco.com\/#website","url":"https:\/\/gimeco.com\/","name":"gimeco.com","description":"Your Partner from A to Zink","publisher":{"@id":"https:\/\/gimeco.com\/#organization"},"alternateName":"Gimeco","potentialAction":[{"@type":"SearchAction","target":{"@type":"EntryPoint","urlTemplate":"https:\/\/gimeco.com\/?s={search_term_string}"},"query-input":{"@type":"PropertyValueSpecification","valueRequired":true,"valueName":"search_term_string"}}],"inLanguage":"it-IT"},{"@type":"Organization","@id":"https:\/\/gimeco.com\/#organization","name":"Gimeco","url":"https:\/\/gimeco.com\/","logo":{"@type":"ImageObject","inLanguage":"it-IT","@id":"https:\/\/gimeco.com\/#\/schema\/logo\/image\/","url":"https:\/\/gimeco.com\/wp-content\/uploads\/2023\/11\/Logo_GIMECO_StringNoPayoff-250.png","contentUrl":"https:\/\/gimeco.com\/wp-content\/uploads\/2023\/11\/Logo_GIMECO_StringNoPayoff-250.png","width":250,"height":98,"caption":"Gimeco"},"image":{"@id":"https:\/\/gimeco.com\/#\/schema\/logo\/image\/"},"sameAs":["https:\/\/www.facebook.com\/gimecogroup"]}]}},"_links":{"self":[{"href":"https:\/\/gimeco.com\/it\/wp-json\/wp\/v2\/pages\/20216","targetHints":{"allow":["GET"]}}],"collection":[{"href":"https:\/\/gimeco.com\/it\/wp-json\/wp\/v2\/pages"}],"about":[{"href":"https:\/\/gimeco.com\/it\/wp-json\/wp\/v2\/types\/page"}],"author":[{"embeddable":true,"href":"https:\/\/gimeco.com\/it\/wp-json\/wp\/v2\/users\/1"}],"replies":[{"embeddable":true,"href":"https:\/\/gimeco.com\/it\/wp-json\/wp\/v2\/comments?post=20216"}],"version-history":[{"count":11,"href":"https:\/\/gimeco.com\/it\/wp-json\/wp\/v2\/pages\/20216\/revisions"}],"predecessor-version":[{"id":25826,"href":"https:\/\/gimeco.com\/it\/wp-json\/wp\/v2\/pages\/20216\/revisions\/25826"}],"up":[{"embeddable":true,"href":"https:\/\/gimeco.com\/it\/wp-json\/wp\/v2\/pages\/20255"}],"wp:attachment":[{"href":"https:\/\/gimeco.com\/it\/wp-json\/wp\/v2\/media?parent=20216"}],"curies":[{"name":"wp","href":"https:\/\/api.w.org\/{rel}","templated":true}]}}