{"id":20236,"date":"2023-11-03T06:57:00","date_gmt":"2023-11-03T06:57:00","guid":{"rendered":"https:\/\/gimeco.com\/chemical-products\/"},"modified":"2025-10-22T12:35:44","modified_gmt":"2025-10-22T12:35:44","slug":"prodotti-chimici","status":"publish","type":"page","link":"https:\/\/gimeco.com\/it\/servizi\/prodotti-chimici\/","title":{"rendered":"Prodotti chimici"},"content":{"rendered":"<div class=\"vgblk-rw-wrapper limit-wrapper\">\n\n\t<p>La tecnologia della zincatura a caldo si evolve costantemente grazie alle esigenze di qualit\u00e0, economia, ambiente e comfort di lavoro: tutto ci\u00f2 non pu\u00f2 prescindere dall&#8217;utilizzo di <strong>prodotti chimici dedicati<\/strong> e additivi utili nelle varie fasi del processo.<\/p>\n<p>Per offrirvi un <strong>supporto completo<\/strong> alle vostre attivit\u00e0 produttive, la nostra gamma di soluzioni comprende prodotti chimici appositamente studiati e sviluppati dall&#8217;azienda svedese <a href=\"https:\/\/www.recyclean.se\/\" target=\"_blank\" rel=\"noopener\">RECYCLEAN SYSTEMS AB<\/a>, con la quale abbiamo instaurato una solida e reciprocamente vantaggiosa partnership.<\/p>\n<p>Nel corso di oltre venticinque anni di esperienza, l&#8217;intento di <a href=\"https:\/\/www.recyclean.se\/\" target=\"_blank\" rel=\"noopener\">RECYCLEAN SYSTEMS AB<\/a> \u00e8 sempre stato quello di soddisfare le <strong>crescenti esigenze di qualit\u00e0 e produttivit\u00e0<\/strong> degli zincatori, sapendo che gli effetti degli additivi e dei prodotti chimici influenzano profondamente l&#8217;intero processo.<\/p>\n\t\t\t\t<a href=\"https:\/\/recyclean.se\/\" target=\"_blank\" rel=\"noopener\"  itemprop=\"url\" title=\"rect1388\">\n\t\t\t\t\t\t\t<img loading=\"lazy\" decoding=\"async\" src=\"https:\/\/gimeco.com\/wp-content\/uploads\/2023\/12\/rect1388.png\" alt=\"rect1388\" itemprop=\"image\" height=\"100\" width=\"340\" data-link-type=\"url\" title=\"rect1388\" onerror=\"this.style.display='none'\"  sizes=\"auto, (max-width: 768px) 100vw, 100vw\" srcset=\"https:\/\/gimeco.com\/wp-content\/uploads\/2023\/12\/rect1388.png 340w, https:\/\/gimeco.com\/wp-content\/uploads\/2023\/12\/rect1388-300x88.png 300w, https:\/\/gimeco.com\/wp-content\/uploads\/2023\/12\/rect1388-315x93.png 315w\" \/>\t\t\t\t\t\t<\/a>\n<h3>\n\tProdotti per <b>sgrassaggio<\/b> \n\t<\/h3>\n\t<p>Lasciate che siano i prodotti da trattare a scegliere il metodo di sgrassaggio! Le parti lavorate possono contenere oli di lavorazione in grandi quantit\u00e0 che necessitano di un potente sgrassatore con buone propriet\u00e0 di separazione.<\/p>\n\t<ul>\n<li>Sgrassatore biologico ad alta efficacia<\/li>\n<li>Temperatura 25-50\u00b0C <em>(77-122\u00b0F)<\/em><\/li>\n<li>Non \u00e8 necessario un risciacquo successivo<\/li>\n<li>Durevole <em>(fino a 10 anni)<\/em><\/li>\n<li>Offre la migliore qualit\u00e0 del prodotto finito<\/li>\n<li>Ottimo risultato di sgrassatura<\/li>\n<\/ul>\n\t<ul>\n<li>Ridotta alcalinit\u00e0<\/li>\n<li>Temperatura 25-70\u00b0C <em>(77-158\u00b0F)<\/em><\/li>\n<li>Non \u00e8 necessario il risciacquo successivo<\/li>\n<li>Ottimo risultato di sgrassatura<\/li>\n<li>Conveniente<\/li>\n<\/ul>\n\t<ul>\n<li>Consente un decapaggio rapido<\/li>\n<li>Supporta capacit\u00e0 di decapaggio limitate<\/li>\n<li>Sgrassatura acida<\/li>\n<li>Temperatura 25-70\u00b0C <em>(77-158\u00b0F)<\/em><\/li>\n<li>Non \u00e8 necessario un risciacquo successivo<\/li>\n<li>Ottimo risultato di sgrassatura<\/li>\n<\/ul>\n<h3>\n\tAdditivi per il <b>decapaggio<\/b>\n\t<\/h3>\n\tIl materiale metallico che presenta ossidazione <em>(ruggine)<\/em> richiede acido cloridrico per essere ripulito dall&#8217;ossidazione.<br \/>\nA volte possono essere utilizzati anche acidi fosforici o solforici. Il processo pu\u00f2 essere combinato con additivi per il decapaggio che contribuiscono a ridurre il consumo di acido e a migliorare le emissioni di vapori acidi.\n\t<p>Protegge il metallo, riduce il consumo di acido, accelera il decapaggio dei manufatti, riduce il rischio di infragilimento da idrogeno dei prodotti finiti.<\/p>\n\t<p>Contribuisce a creare un ambiente di lavoro privo di vapori acidi, garantisce una maggiore durata degli impianti e delle attrezzature riducendo i costi di manutenzione.<\/p>\n<h3>\n\tProdotti per il <b>flussaggio<\/b> \n\t<\/h3>\n\t<p>Il flussante moderno non \u00e8 solo sale-doppio, pu\u00f2 contenere anche additivi ottimizzati per gli acciai ad alto tenore di silicio o per i bagni di zinco e alluminio per ottenere superfici pi\u00f9 lucide ed uniformi o, cosa pi\u00f9 importante, per evitare l&#8217;insorgenza di macchie nere sulla superficie dei manufatti zincati.<\/p>\n\t<p>Additivo per aumentare l&#8217;efficacia del flussante e del trattamento. Contribuisce ad accelerare il successivo processo di asciugatura, in quanto le superfici trattate drenano pi\u00f9 facilmente i liquidi.<\/p>\n\t<p>Pasta flussante con contenuto di sale doppio pari all&#8217;85%. Ottima per eliminare la formazione di polvere e facile da dosare con pompe o semplicemente versandolo nella soluzione di flussaggio.<\/p>\n\t<p>Additivo disossidante che garantisce una zincatura senza problemi, riducendo il rischio di macchie nere sulle superficie zincate. \u00c8 adatto per bagni di zinco ad alto contenuto di alluminio. Garantisce superfici pi\u00f9 brillanti e riduce radicalmente la necessit\u00e0 di dover zincare nuovamente.<\/p>\n\t<p>Siamo in grado di fornire sia i tradizionali sali disossidanti in forma secca che quelli a base d&#8217;acqua per il dosaggio automatico e senza polvere.<\/p>\n<h3>\n\tProdotti per la <b>passivazione e la protezione<\/b>\n\t<\/h3>\n\t<p>La necessit\u00e0 di avere prodotti finiti senza ruggine bianca richiede un ulteriore passaggio per garantire una protezione a lungo termine: i nostri prodotti di passivazione creano una vera e propria barriera protettiva per le superfici dei materiali zincati, prolungandone la resistenza all&#8217;esposizione ambientale.<\/p>\n\t<p>Protezione inorganica dalla ruggine bianca molto efficace e di lunga durata. Totalmente priva di cromo. Eccellente come protezione per il trasporto e lo stoccaggio all&#8217;aperto<\/p>\n<h3>\n\tAdditivi per <b>bagni di zinco<\/b> \n\t<\/h3>\n\t<p>La moderna metallurgia ha sviluppato leghe con contenuti di alluminio e nichel che riducono il consumo di zinco e garantiscono superfici pi\u00f9 brillanti; gli additivi per il riciclo dello zinco dalle ceneri e dalle matte possono fornire ulteriori significativi risparmi nel consumo di zinco.<\/p>\n\t<p>Il prodotto viene aggiunto alle ceneri di zinco raccolte. Per reazione, il 60-70% dello zinco presente nelle ceneri viene riciclato.<\/p>\n<h3>\n\t<b>Neutralizzazione &#8211; Rigenerazione<\/b><br \/>unit\u00e0 dedicate\n\t<\/h3>\n\t<a href=\"https:\/\/gimeco.com\/it\/neutralizzazione-rigenerazione\/\" target=\"_self\" role=\"button\">\n\t\t\t\t\t<b>Approfondisci<\/b>\n\t<\/a>\n\n<\/div><!-- .vgblk-rw-wrapper -->","protected":false},"excerpt":{"rendered":"<p>La tecnologia della zincatura a caldo si evolve costantemente grazie alle esigenze di qualit\u00e0, economia, ambiente e comfort di lavoro: tutto ci\u00f2 non pu\u00f2 prescindere dall&#8217;utilizzo di prodotti chimici dedicati e additivi utili nelle varie fasi del processo. Per offrirvi un supporto completo alle vostre attivit\u00e0 produttive, la nostra gamma di soluzioni comprende prodotti chimici&#8230;<\/p>\n","protected":false},"author":1,"featured_media":0,"parent":20255,"menu_order":0,"comment_status":"closed","ping_status":"closed","template":"","meta":{"inline_featured_image":false,"footnotes":""},"class_list":["post-20236","page","type-page","status-publish","hentry"],"yoast_head":"<!-- This site is optimized with the Yoast SEO plugin v26.4 - https:\/\/yoast.com\/wordpress\/plugins\/seo\/ -->\n<title>Prodotti chimici | GIMECO Impianti<\/title>\n<meta name=\"description\" content=\"La tecnologia della zincatura a caldo si evolve costantemente grazie alle esigenze di qualit\u00e0, economia, ambiente e comfort di lavoro\" \/>\n<meta name=\"robots\" content=\"index, follow, max-snippet:-1, max-image-preview:large, max-video-preview:-1\" \/>\n<link rel=\"canonical\" href=\"https:\/\/gimeco.com\/it\/servizi\/prodotti-chimici\/\" \/>\n<meta property=\"og:locale\" content=\"it_IT\" \/>\n<meta property=\"og:type\" content=\"article\" \/>\n<meta property=\"og:title\" content=\"Prodotti chimici | GIMECO Impianti\" \/>\n<meta property=\"og:description\" content=\"La tecnologia della zincatura a caldo si evolve costantemente grazie alle esigenze di qualit\u00e0, economia, ambiente e comfort di lavoro\" \/>\n<meta property=\"og:url\" content=\"https:\/\/gimeco.com\/it\/servizi\/prodotti-chimici\/\" \/>\n<meta property=\"og:site_name\" content=\"GIMECO Impianti\" \/>\n<meta property=\"article:publisher\" content=\"https:\/\/www.facebook.com\/gimecogroup\" \/>\n<meta property=\"article:modified_time\" content=\"2025-10-22T12:35:44+00:00\" \/>\n<meta property=\"og:image\" content=\"https:\/\/gimeco.com\/wp-content\/uploads\/2023\/12\/rect1388.png\" \/>\n<script type=\"application\/ld+json\" class=\"yoast-schema-graph\">{\"@context\":\"https:\/\/schema.org\",\"@graph\":[{\"@type\":\"WebPage\",\"@id\":\"https:\/\/gimeco.com\/it\/servizi\/prodotti-chimici\/\",\"url\":\"https:\/\/gimeco.com\/it\/servizi\/prodotti-chimici\/\",\"name\":\"Prodotti chimici | GIMECO Impianti\",\"isPartOf\":{\"@id\":\"https:\/\/gimeco.com\/#website\"},\"primaryImageOfPage\":{\"@id\":\"https:\/\/gimeco.com\/it\/servizi\/prodotti-chimici\/#primaryimage\"},\"image\":{\"@id\":\"https:\/\/gimeco.com\/it\/servizi\/prodotti-chimici\/#primaryimage\"},\"thumbnailUrl\":\"https:\/\/gimeco.com\/wp-content\/uploads\/2023\/12\/rect1388.png\",\"datePublished\":\"2023-11-03T06:57:00+00:00\",\"dateModified\":\"2025-10-22T12:35:44+00:00\",\"description\":\"La tecnologia della zincatura a caldo si evolve costantemente grazie alle esigenze di qualit\u00e0, economia, ambiente e comfort di lavoro\",\"breadcrumb\":{\"@id\":\"https:\/\/gimeco.com\/it\/servizi\/prodotti-chimici\/#breadcrumb\"},\"inLanguage\":\"it-IT\",\"potentialAction\":[{\"@type\":\"ReadAction\",\"target\":[\"https:\/\/gimeco.com\/it\/servizi\/prodotti-chimici\/\"]}]},{\"@type\":\"ImageObject\",\"inLanguage\":\"it-IT\",\"@id\":\"https:\/\/gimeco.com\/it\/servizi\/prodotti-chimici\/#primaryimage\",\"url\":\"https:\/\/gimeco.com\/wp-content\/uploads\/2023\/12\/rect1388.png\",\"contentUrl\":\"https:\/\/gimeco.com\/wp-content\/uploads\/2023\/12\/rect1388.png\"},{\"@type\":\"BreadcrumbList\",\"@id\":\"https:\/\/gimeco.com\/it\/servizi\/prodotti-chimici\/#breadcrumb\",\"itemListElement\":[{\"@type\":\"ListItem\",\"position\":1,\"name\":\"Home\",\"item\":\"https:\/\/gimeco.com\/it\/\"},{\"@type\":\"ListItem\",\"position\":2,\"name\":\"Servizi\",\"item\":\"https:\/\/gimeco.com\/services\/\"},{\"@type\":\"ListItem\",\"position\":3,\"name\":\"Prodotti chimici\"}]},{\"@type\":\"WebSite\",\"@id\":\"https:\/\/gimeco.com\/#website\",\"url\":\"https:\/\/gimeco.com\/\",\"name\":\"gimeco.com\",\"description\":\"Your Partner from A to Zink\",\"publisher\":{\"@id\":\"https:\/\/gimeco.com\/#organization\"},\"alternateName\":\"Gimeco\",\"potentialAction\":[{\"@type\":\"SearchAction\",\"target\":{\"@type\":\"EntryPoint\",\"urlTemplate\":\"https:\/\/gimeco.com\/?s={search_term_string}\"},\"query-input\":{\"@type\":\"PropertyValueSpecification\",\"valueRequired\":true,\"valueName\":\"search_term_string\"}}],\"inLanguage\":\"it-IT\"},{\"@type\":\"Organization\",\"@id\":\"https:\/\/gimeco.com\/#organization\",\"name\":\"Gimeco\",\"url\":\"https:\/\/gimeco.com\/\",\"logo\":{\"@type\":\"ImageObject\",\"inLanguage\":\"it-IT\",\"@id\":\"https:\/\/gimeco.com\/#\/schema\/logo\/image\/\",\"url\":\"https:\/\/gimeco.com\/wp-content\/uploads\/2023\/11\/Logo_GIMECO_StringNoPayoff-250.png\",\"contentUrl\":\"https:\/\/gimeco.com\/wp-content\/uploads\/2023\/11\/Logo_GIMECO_StringNoPayoff-250.png\",\"width\":250,\"height\":98,\"caption\":\"Gimeco\"},\"image\":{\"@id\":\"https:\/\/gimeco.com\/#\/schema\/logo\/image\/\"},\"sameAs\":[\"https:\/\/www.facebook.com\/gimecogroup\"]}]}<\/script>\n<!-- \/ Yoast SEO plugin. -->","yoast_head_json":{"title":"Prodotti chimici | GIMECO Impianti","description":"La tecnologia della zincatura a caldo si evolve costantemente grazie alle esigenze di qualit\u00e0, economia, ambiente e comfort di lavoro","robots":{"index":"index","follow":"follow","max-snippet":"max-snippet:-1","max-image-preview":"max-image-preview:large","max-video-preview":"max-video-preview:-1"},"canonical":"https:\/\/gimeco.com\/it\/servizi\/prodotti-chimici\/","og_locale":"it_IT","og_type":"article","og_title":"Prodotti chimici | GIMECO Impianti","og_description":"La tecnologia della zincatura a caldo si evolve costantemente grazie alle esigenze di qualit\u00e0, economia, ambiente e comfort di lavoro","og_url":"https:\/\/gimeco.com\/it\/servizi\/prodotti-chimici\/","og_site_name":"GIMECO Impianti","article_publisher":"https:\/\/www.facebook.com\/gimecogroup","article_modified_time":"2025-10-22T12:35:44+00:00","og_image":[{"url":"https:\/\/gimeco.com\/wp-content\/uploads\/2023\/12\/rect1388.png","type":"","width":"","height":""}],"schema":{"@context":"https:\/\/schema.org","@graph":[{"@type":"WebPage","@id":"https:\/\/gimeco.com\/it\/servizi\/prodotti-chimici\/","url":"https:\/\/gimeco.com\/it\/servizi\/prodotti-chimici\/","name":"Prodotti chimici | GIMECO Impianti","isPartOf":{"@id":"https:\/\/gimeco.com\/#website"},"primaryImageOfPage":{"@id":"https:\/\/gimeco.com\/it\/servizi\/prodotti-chimici\/#primaryimage"},"image":{"@id":"https:\/\/gimeco.com\/it\/servizi\/prodotti-chimici\/#primaryimage"},"thumbnailUrl":"https:\/\/gimeco.com\/wp-content\/uploads\/2023\/12\/rect1388.png","datePublished":"2023-11-03T06:57:00+00:00","dateModified":"2025-10-22T12:35:44+00:00","description":"La tecnologia della zincatura a caldo si evolve costantemente grazie alle esigenze di qualit\u00e0, economia, ambiente e comfort di lavoro","breadcrumb":{"@id":"https:\/\/gimeco.com\/it\/servizi\/prodotti-chimici\/#breadcrumb"},"inLanguage":"it-IT","potentialAction":[{"@type":"ReadAction","target":["https:\/\/gimeco.com\/it\/servizi\/prodotti-chimici\/"]}]},{"@type":"ImageObject","inLanguage":"it-IT","@id":"https:\/\/gimeco.com\/it\/servizi\/prodotti-chimici\/#primaryimage","url":"https:\/\/gimeco.com\/wp-content\/uploads\/2023\/12\/rect1388.png","contentUrl":"https:\/\/gimeco.com\/wp-content\/uploads\/2023\/12\/rect1388.png"},{"@type":"BreadcrumbList","@id":"https:\/\/gimeco.com\/it\/servizi\/prodotti-chimici\/#breadcrumb","itemListElement":[{"@type":"ListItem","position":1,"name":"Home","item":"https:\/\/gimeco.com\/it\/"},{"@type":"ListItem","position":2,"name":"Servizi","item":"https:\/\/gimeco.com\/services\/"},{"@type":"ListItem","position":3,"name":"Prodotti chimici"}]},{"@type":"WebSite","@id":"https:\/\/gimeco.com\/#website","url":"https:\/\/gimeco.com\/","name":"gimeco.com","description":"Your Partner from A to Zink","publisher":{"@id":"https:\/\/gimeco.com\/#organization"},"alternateName":"Gimeco","potentialAction":[{"@type":"SearchAction","target":{"@type":"EntryPoint","urlTemplate":"https:\/\/gimeco.com\/?s={search_term_string}"},"query-input":{"@type":"PropertyValueSpecification","valueRequired":true,"valueName":"search_term_string"}}],"inLanguage":"it-IT"},{"@type":"Organization","@id":"https:\/\/gimeco.com\/#organization","name":"Gimeco","url":"https:\/\/gimeco.com\/","logo":{"@type":"ImageObject","inLanguage":"it-IT","@id":"https:\/\/gimeco.com\/#\/schema\/logo\/image\/","url":"https:\/\/gimeco.com\/wp-content\/uploads\/2023\/11\/Logo_GIMECO_StringNoPayoff-250.png","contentUrl":"https:\/\/gimeco.com\/wp-content\/uploads\/2023\/11\/Logo_GIMECO_StringNoPayoff-250.png","width":250,"height":98,"caption":"Gimeco"},"image":{"@id":"https:\/\/gimeco.com\/#\/schema\/logo\/image\/"},"sameAs":["https:\/\/www.facebook.com\/gimecogroup"]}]}},"_links":{"self":[{"href":"https:\/\/gimeco.com\/it\/wp-json\/wp\/v2\/pages\/20236","targetHints":{"allow":["GET"]}}],"collection":[{"href":"https:\/\/gimeco.com\/it\/wp-json\/wp\/v2\/pages"}],"about":[{"href":"https:\/\/gimeco.com\/it\/wp-json\/wp\/v2\/types\/page"}],"author":[{"embeddable":true,"href":"https:\/\/gimeco.com\/it\/wp-json\/wp\/v2\/users\/1"}],"replies":[{"embeddable":true,"href":"https:\/\/gimeco.com\/it\/wp-json\/wp\/v2\/comments?post=20236"}],"version-history":[{"count":10,"href":"https:\/\/gimeco.com\/it\/wp-json\/wp\/v2\/pages\/20236\/revisions"}],"predecessor-version":[{"id":25650,"href":"https:\/\/gimeco.com\/it\/wp-json\/wp\/v2\/pages\/20236\/revisions\/25650"}],"up":[{"embeddable":true,"href":"https:\/\/gimeco.com\/it\/wp-json\/wp\/v2\/pages\/20255"}],"wp:attachment":[{"href":"https:\/\/gimeco.com\/it\/wp-json\/wp\/v2\/media?parent=20236"}],"curies":[{"name":"wp","href":"https:\/\/api.w.org\/{rel}","templated":true}]}}