{"id":20255,"date":"2023-11-16T15:38:29","date_gmt":"2023-11-16T15:38:29","guid":{"rendered":"https:\/\/gimeco.com\/services\/"},"modified":"2024-06-03T11:48:14","modified_gmt":"2024-06-03T11:48:14","slug":"servizi","status":"publish","type":"page","link":"https:\/\/gimeco.com\/it\/servizi\/","title":{"rendered":"Servizi"},"content":{"rendered":"<div class=\"vgblk-rw-wrapper limit-wrapper\">\r\n\r\n\t<p>La filosofia di GIMECO \u00e8 sempre stata quella di <strong>accompagnare i clienti<\/strong> per tutta la durata di vita dei loro impianti di zincatura. Ci\u00f2 significa che anche dopo la messa in funzione di una linea, il nostro impegno \u00e8 quello di fornirvi la migliore <strong>assistenza<\/strong> possibile per mantenere le <strong>prestazioni originarie<\/strong> e garantire che, nel tempo, le <strong>aspettative<\/strong> di produzione e sostenibilit\u00e0 economica siano soddisfatte come promesso inizialmente.<\/p>\r\n<p>Nel corso degli anni GIMECO ha sviluppato, implementato e perfezionato una serie di servizi tecnici e di consulenza di alta qualit\u00e0 a disposizione dell&#8217;industria della zincatura a caldo, molti dei quali <strong>pionieristici<\/strong> e che oggi contano numerose imitazioni e <em>spin-off<\/em>.<\/p>\r\n<h3>\r\n\t<b>Servizi, assistenza, consulenza<\/b> tecnica\r\n\t<\/h3>\r\n<h3>\r\n\t\t\t<a href=\"https:\/\/gimeco.com\/it\/servizi\/kid\/\" title=\"KID\u2122&lt;br&gt;Ispezioni vasche\" target=\"_self\" rel=\"noopener\">\r\n\tKID\u2122<br \/>Ispezioni vasche\r\n\t\t\t<\/a>\r\n\t<\/h3>\r\n\t<p>Nel <strong>2006<\/strong>, dopo anni di ricerche e studi in collaborazione con il Consiglio Nazionale delle Ricerche del Canada &#8230;<\/p>\r\n\t<a href=\"https:\/\/gimeco.com\/it\/servizi\/kid\/\" target=\"_self\" role=\"button\" rel=\"noopener\">\r\n\t\t\t\t\t<b>Approfondisci<\/b>\r\n\t<\/a>\r\n<h3>\r\n\t\t\t<a href=\"https:\/\/gimeco.com\/it\/servizi\/gestione-vasche\/\" title=\"Gestione vasche e zinco\" target=\"_self\" rel=\"noopener\">\r\n\tGestione vasche e zinco\r\n\t\t\t<\/a>\r\n\t<\/h3>\r\n\t<p>Le nostre soluzioni all&#8217;avanguardia per la <strong>gestione delle vasche <\/strong>sono progettate specificamente per &#8230;<\/p>\r\n\t<a href=\"https:\/\/gimeco.com\/it\/servizi\/gestione-vasche\/\" target=\"_self\" role=\"button\" rel=\"noopener\">\r\n\t\t\t\t\t<b>Approfondisci<\/b>\r\n\t<\/a>\r\n<h3>\r\n\t\t\t<a href=\"https:\/\/gimeco.com\/it\/servizi\/gestione-linee-coil\/\" title=\"Gestione linee coil\" target=\"_self\" rel=\"noopener\">\r\n\tGestione linee coil\r\n\t\t\t<\/a>\r\n\t<\/h3>\r\n\t<p>Tra gli <strong>ultimi servizi nati<\/strong> in GIMECO ci sono soluzioni dedicate alla gestione dei bacini di zincatura, alla sostituzione degli induttori &#8230;<\/p>\r\n\t<a href=\"https:\/\/gimeco.com\/it\/servizi\/gestione-linee-coil\/\" target=\"_self\" role=\"button\" rel=\"noopener\">\r\n\t\t\t\t\t<b>Approfondisci<\/b>\r\n\t<\/a>\r\n<h3>\r\n\t\t\t<a href=\"https:\/\/gimeco.com\/it\/servizi\/rinnovo-equipaggiamenti\/\" title=\"Rinnovo equipaggiamenti\" target=\"_self\" rel=\"noopener\">\r\n\tRinnovo equipaggiamenti\r\n\t\t\t<\/a>\r\n\t<\/h3>\r\n\t<p>GIMECO \u00e8 da sempre specializzata non solo nella progettazione di nuovi impianti ma anche nel <strong>revamping completo<\/strong> &#8230;<\/p>\r\n\t<a href=\"https:\/\/gimeco.com\/it\/servizi\/rinnovo-equipaggiamenti\/\" target=\"_self\" role=\"button\" rel=\"noopener\">\r\n\t\t\t\t\t<b>Approfondisci<\/b>\r\n\t<\/a>\r\n<h3>\r\n\t\t\t<a href=\"https:\/\/gimeco.com\/it\/servizi\/transizione-4-0\/\" title=\"Industria 4.0\" target=\"_self\" rel=\"noopener\">\r\n\tIndustria 4.0\r\n\t\t\t<\/a>\r\n\t<\/h3>\r\n\t<p>La trasformazione digitale, o Industria 4.0, rappresenta un <strong>profondo cambiamento<\/strong> nel modo in cui le aziende e le industrie &#8230;<\/p>\r\n\t<a href=\"https:\/\/gimeco.com\/it\/servizi\/transizione-4-0\/\" target=\"_self\" role=\"button\" rel=\"noopener\">\r\n\t\t\t\t\t<b>Approfondisci<\/b>\r\n\t<\/a>\r\n<h3>\r\n\t\t\t<a href=\"https:\/\/gimeco.com\/it\/servizi\/assistenza-tecnica-ricambi\/\" title=\"Assistenza tecnica - Ricambi\" target=\"_self\" rel=\"noopener\">\r\n\tAssistenza tecnica &#8211; Ricambi\r\n\t\t\t<\/a>\r\n\t<\/h3>\r\n\t<p>Come naturale estensione delle nostre attivit\u00e0, siamo orgogliosi di offrire una gamma completa di <strong>servizi di assistenza<\/strong> &#8230;<\/p>\r\n\t<a href=\"https:\/\/gimeco.com\/it\/servizi\/assistenza-tecnica-ricambi\/\" target=\"_self\" role=\"button\" rel=\"noopener\">\r\n\t\t\t\t\t<b>Approfondisci<\/b>\r\n\t<\/a>\r\n<h3>\r\n\t\t\t<a href=\"https:\/\/gimeco.com\/it\/servizi\/prodotti-chimici\/\" title=\"Prodotti chimici\" target=\"_self\" rel=\"noopener\">\r\n\tProdotti chimici\r\n\t\t\t<\/a>\r\n\t<\/h3>\r\n\t<p>La tecnologia della zincatura a caldo si <strong>evolve costantemente<\/strong> grazie alle richieste di qualit\u00e0 &#8230;<\/p>\r\n\t<a href=\"https:\/\/gimeco.com\/it\/servizi\/prodotti-chimici\/\" target=\"_self\" role=\"button\" rel=\"noopener\">\r\n\t\t\t\t\t<b>Approfondisci<\/b>\r\n\t<\/a>\r\n<h5>\r\n\tRETE INTERNAZIONALE\r\n\t<\/h5>\r\n<h3>\r\n\tIl nostro sostegno, <b>ovunque<\/b>\r\n\t<\/h3>\r\n<h4>\r\n\tItalia<br \/><b>GIMECO [HQ]<\/b>\r\n\t<\/h4>\r\n\t<p>La nostra sede italiana risponde alle richieste di assistenza e supporto in tutto il mondo, grazie a un team specializzato di tecnici e ingegneri.<\/p>\r\n<h4>\r\n\tStati Uniti<br \/><b>GIMECO USA<\/b>\r\n\t<\/h4>\r\n\t<p>La nostra filiale, situata in South Carolina, \u00e8 dedicata al mercato nordamericano ed \u00e8 dotata di uffici commerciali e magazzino. Il personale \u00e8 in grado di rispondere prontamente alle richieste di assistenza coast-to-coast.<\/p>\r\n<h4>\r\n\tCanada<br \/><b>ZINCO TECHNOLOGIES<\/b>\r\n\t<\/h4>\r\n\t<p>La nostra filiale canadese, attiva per il mercato nordamericano, dedicata ai servizi di gestione di forni, vasche e trasferimenti zinco <i>(ispezioni ultrasoniche delle vasche, attivit\u00e0 di pompaggio di zinco, forni mobili di stazionamento, messa a punto dei forni, assistenza)<\/i><\/p>\r\n<h4>\r\n\tSvezia<br \/><b>RECYCLEAN SYSTEMS<\/b>\r\n\t<\/h4>\r\n\t<p>La nostra consociata svedese completa il nostro supporto agli zincatori sviluppando e fornendo prodotti di alta qualit\u00e0 per il trattamento chimico.<\/p>\r\n\t\t\t<a href=\"https:\/\/recyclean.se\/\" target=\"_blank\" rel=\"noopener\">\r\n\t\t\t\t\t\t\tVai\r\n\t\t\t\t\t<\/a>\r\n<h4>\r\n\tAustralia<br \/><b>FURPHY ENGINEERING<\/b>\r\n\t<\/h4>\r\n\t<p>Le ispezioni ultrasoniche delle vasche con la tecnologia KID<sup>TM<\/sup> sono pi\u00f9 vicine agli zincatori australiani grazie al nostro partner di Shepparton.<\/p>\r\n\t\t\t<a href=\"https:\/\/www.furphyengineering.com.au\/\" target=\"_blank\" rel=\"noopener\">\r\n\t\t\t\t\t\t\tVai\r\n\t\t\t\t\t<\/a>\r\n\r\n<\/div><!-- .vgblk-rw-wrapper -->","protected":false},"excerpt":{"rendered":"<p>La filosofia di GIMECO \u00e8 sempre stata quella di accompagnare i clienti per tutta la durata di vita dei loro impianti di zincatura. Ci\u00f2 significa che anche dopo la messa in funzione di una linea, il nostro impegno \u00e8 quello di fornirvi la migliore assistenza possibile per mantenere le prestazioni originarie e garantire che, nel&#8230;<\/p>\n","protected":false},"author":1,"featured_media":0,"parent":0,"menu_order":0,"comment_status":"closed","ping_status":"closed","template":"","meta":{"inline_featured_image":false,"footnotes":""},"class_list":["post-20255","page","type-page","status-publish","hentry"],"yoast_head":"<!-- This site is optimized with the Yoast SEO plugin v26.4 - https:\/\/yoast.com\/wordpress\/plugins\/seo\/ -->\n<title>Servizi per la zincatura a caldo | GIMECO Impianti<\/title>\n<meta name=\"description\" content=\"La filosofia di GIMECO \u00e8 sempre stata quella di accompagnare i clienti per tutta la durata di vita dei loro impianti di zincatura\" \/>\n<meta name=\"robots\" content=\"index, follow, max-snippet:-1, max-image-preview:large, max-video-preview:-1\" \/>\n<link rel=\"canonical\" href=\"https:\/\/gimeco.com\/services\/\" \/>\n<meta property=\"og:locale\" content=\"it_IT\" \/>\n<meta property=\"og:type\" content=\"article\" \/>\n<meta property=\"og:title\" content=\"Servizi per la zincatura a caldo | GIMECO Impianti\" \/>\n<meta property=\"og:description\" content=\"La filosofia di GIMECO \u00e8 sempre stata quella di accompagnare i clienti per tutta la durata di vita dei loro impianti di zincatura\" \/>\n<meta property=\"og:url\" content=\"https:\/\/gimeco.com\/services\/\" \/>\n<meta property=\"og:site_name\" content=\"GIMECO Impianti\" \/>\n<meta property=\"article:publisher\" content=\"https:\/\/www.facebook.com\/gimecogroup\" \/>\n<meta property=\"article:modified_time\" content=\"2024-06-03T11:48:14+00:00\" \/>\n<meta property=\"og:image\" content=\"https:\/\/gimeco.com\/wp-content\/uploads\/2023\/11\/Logo_GIMECO_StringNoPayoff-250.png\" \/>\n\t<meta property=\"og:image:width\" content=\"250\" \/>\n\t<meta property=\"og:image:height\" content=\"98\" \/>\n\t<meta property=\"og:image:type\" content=\"image\/png\" \/>\n<script type=\"application\/ld+json\" class=\"yoast-schema-graph\">{\"@context\":\"https:\/\/schema.org\",\"@graph\":[{\"@type\":\"WebPage\",\"@id\":\"https:\/\/gimeco.com\/services\/\",\"url\":\"https:\/\/gimeco.com\/services\/\",\"name\":\"Servizi per la zincatura a caldo | GIMECO Impianti\",\"isPartOf\":{\"@id\":\"https:\/\/gimeco.com\/#website\"},\"datePublished\":\"2023-11-16T15:38:29+00:00\",\"dateModified\":\"2024-06-03T11:48:14+00:00\",\"description\":\"La filosofia di GIMECO \u00e8 sempre stata quella di accompagnare i clienti per tutta la durata di vita dei loro impianti di zincatura\",\"breadcrumb\":{\"@id\":\"https:\/\/gimeco.com\/services\/#breadcrumb\"},\"inLanguage\":\"it-IT\",\"potentialAction\":[{\"@type\":\"ReadAction\",\"target\":[\"https:\/\/gimeco.com\/services\/\"]}]},{\"@type\":\"BreadcrumbList\",\"@id\":\"https:\/\/gimeco.com\/services\/#breadcrumb\",\"itemListElement\":[{\"@type\":\"ListItem\",\"position\":1,\"name\":\"Home\",\"item\":\"https:\/\/gimeco.com\/it\/\"},{\"@type\":\"ListItem\",\"position\":2,\"name\":\"Servizi\"}]},{\"@type\":\"WebSite\",\"@id\":\"https:\/\/gimeco.com\/#website\",\"url\":\"https:\/\/gimeco.com\/\",\"name\":\"gimeco.com\",\"description\":\"Your Partner from A to Zink\",\"publisher\":{\"@id\":\"https:\/\/gimeco.com\/#organization\"},\"alternateName\":\"Gimeco\",\"potentialAction\":[{\"@type\":\"SearchAction\",\"target\":{\"@type\":\"EntryPoint\",\"urlTemplate\":\"https:\/\/gimeco.com\/?s={search_term_string}\"},\"query-input\":{\"@type\":\"PropertyValueSpecification\",\"valueRequired\":true,\"valueName\":\"search_term_string\"}}],\"inLanguage\":\"it-IT\"},{\"@type\":\"Organization\",\"@id\":\"https:\/\/gimeco.com\/#organization\",\"name\":\"Gimeco\",\"url\":\"https:\/\/gimeco.com\/\",\"logo\":{\"@type\":\"ImageObject\",\"inLanguage\":\"it-IT\",\"@id\":\"https:\/\/gimeco.com\/#\/schema\/logo\/image\/\",\"url\":\"https:\/\/gimeco.com\/wp-content\/uploads\/2023\/11\/Logo_GIMECO_StringNoPayoff-250.png\",\"contentUrl\":\"https:\/\/gimeco.com\/wp-content\/uploads\/2023\/11\/Logo_GIMECO_StringNoPayoff-250.png\",\"width\":250,\"height\":98,\"caption\":\"Gimeco\"},\"image\":{\"@id\":\"https:\/\/gimeco.com\/#\/schema\/logo\/image\/\"},\"sameAs\":[\"https:\/\/www.facebook.com\/gimecogroup\"]}]}<\/script>\n<!-- \/ Yoast SEO plugin. -->","yoast_head_json":{"title":"Servizi per la zincatura a caldo | GIMECO Impianti","description":"La filosofia di GIMECO \u00e8 sempre stata quella di accompagnare i clienti per tutta la durata di vita dei loro impianti di zincatura","robots":{"index":"index","follow":"follow","max-snippet":"max-snippet:-1","max-image-preview":"max-image-preview:large","max-video-preview":"max-video-preview:-1"},"canonical":"https:\/\/gimeco.com\/services\/","og_locale":"it_IT","og_type":"article","og_title":"Servizi per la zincatura a caldo | GIMECO Impianti","og_description":"La filosofia di GIMECO \u00e8 sempre stata quella di accompagnare i clienti per tutta la durata di vita dei loro impianti di zincatura","og_url":"https:\/\/gimeco.com\/services\/","og_site_name":"GIMECO Impianti","article_publisher":"https:\/\/www.facebook.com\/gimecogroup","article_modified_time":"2024-06-03T11:48:14+00:00","og_image":[{"width":250,"height":98,"url":"https:\/\/gimeco.com\/wp-content\/uploads\/2023\/11\/Logo_GIMECO_StringNoPayoff-250.png","type":"image\/png"}],"schema":{"@context":"https:\/\/schema.org","@graph":[{"@type":"WebPage","@id":"https:\/\/gimeco.com\/services\/","url":"https:\/\/gimeco.com\/services\/","name":"Servizi per la zincatura a caldo | GIMECO Impianti","isPartOf":{"@id":"https:\/\/gimeco.com\/#website"},"datePublished":"2023-11-16T15:38:29+00:00","dateModified":"2024-06-03T11:48:14+00:00","description":"La filosofia di GIMECO \u00e8 sempre stata quella di accompagnare i clienti per tutta la durata di vita dei loro impianti di zincatura","breadcrumb":{"@id":"https:\/\/gimeco.com\/services\/#breadcrumb"},"inLanguage":"it-IT","potentialAction":[{"@type":"ReadAction","target":["https:\/\/gimeco.com\/services\/"]}]},{"@type":"BreadcrumbList","@id":"https:\/\/gimeco.com\/services\/#breadcrumb","itemListElement":[{"@type":"ListItem","position":1,"name":"Home","item":"https:\/\/gimeco.com\/it\/"},{"@type":"ListItem","position":2,"name":"Servizi"}]},{"@type":"WebSite","@id":"https:\/\/gimeco.com\/#website","url":"https:\/\/gimeco.com\/","name":"gimeco.com","description":"Your Partner from A to Zink","publisher":{"@id":"https:\/\/gimeco.com\/#organization"},"alternateName":"Gimeco","potentialAction":[{"@type":"SearchAction","target":{"@type":"EntryPoint","urlTemplate":"https:\/\/gimeco.com\/?s={search_term_string}"},"query-input":{"@type":"PropertyValueSpecification","valueRequired":true,"valueName":"search_term_string"}}],"inLanguage":"it-IT"},{"@type":"Organization","@id":"https:\/\/gimeco.com\/#organization","name":"Gimeco","url":"https:\/\/gimeco.com\/","logo":{"@type":"ImageObject","inLanguage":"it-IT","@id":"https:\/\/gimeco.com\/#\/schema\/logo\/image\/","url":"https:\/\/gimeco.com\/wp-content\/uploads\/2023\/11\/Logo_GIMECO_StringNoPayoff-250.png","contentUrl":"https:\/\/gimeco.com\/wp-content\/uploads\/2023\/11\/Logo_GIMECO_StringNoPayoff-250.png","width":250,"height":98,"caption":"Gimeco"},"image":{"@id":"https:\/\/gimeco.com\/#\/schema\/logo\/image\/"},"sameAs":["https:\/\/www.facebook.com\/gimecogroup"]}]}},"_links":{"self":[{"href":"https:\/\/gimeco.com\/it\/wp-json\/wp\/v2\/pages\/20255","targetHints":{"allow":["GET"]}}],"collection":[{"href":"https:\/\/gimeco.com\/it\/wp-json\/wp\/v2\/pages"}],"about":[{"href":"https:\/\/gimeco.com\/it\/wp-json\/wp\/v2\/types\/page"}],"author":[{"embeddable":true,"href":"https:\/\/gimeco.com\/it\/wp-json\/wp\/v2\/users\/1"}],"replies":[{"embeddable":true,"href":"https:\/\/gimeco.com\/it\/wp-json\/wp\/v2\/comments?post=20255"}],"version-history":[{"count":12,"href":"https:\/\/gimeco.com\/it\/wp-json\/wp\/v2\/pages\/20255\/revisions"}],"predecessor-version":[{"id":22528,"href":"https:\/\/gimeco.com\/it\/wp-json\/wp\/v2\/pages\/20255\/revisions\/22528"}],"wp:attachment":[{"href":"https:\/\/gimeco.com\/it\/wp-json\/wp\/v2\/media?parent=20255"}],"curies":[{"name":"wp","href":"https:\/\/api.w.org\/{rel}","templated":true}]}}