{"id":20259,"date":"2017-07-31T13:05:22","date_gmt":"2017-07-31T13:05:22","guid":{"rendered":"https:\/\/gimeco.com\/sustainability\/"},"modified":"2025-08-28T13:59:35","modified_gmt":"2025-08-28T13:59:35","slug":"sostenibilita","status":"publish","type":"page","link":"https:\/\/gimeco.com\/it\/sostenibilita\/","title":{"rendered":"Sostenibilit\u00e0"},"content":{"rendered":"<div class=\"vgblk-rw-wrapper limit-wrapper\">\n\n\tLa <a href=\"https:\/\/it.wikipedia.org\/wiki\/Sostenibilit%C3%A0\" target=\"_blank\" rel=\"noopener\">sostenibilit\u00e0<\/a> \u00e8 un approccio olistico che mira a \u00a0soddisfare i bisogni del presente <strong>senza compromettere la capacit\u00e0 delle generazioni future di soddisfare i propri<\/strong>. Il termine &#8220;sviluppo sostenibile&#8221; \u00e8 stato introdotto per la prima volta nel <a href=\"https:\/\/sustainabledevelopment.un.org\/content\/documents\/5987our-common-future.pdf\" target=\"_blank\" rel=\"noopener\">Rapporto Brundtland<\/a> del <strong>1987<\/strong>, mentre la prima volta che \u00e8 stato menzionato il concetto di sostenibilit\u00e0 intergenerazionale risale alla costituzione pastorale <a href=\"https:\/\/www.vatican.va\/archive\/hist_councils\/ii_vatican_council\/documents\/vat-ii_const_19651207_gaudium-et-spes_en.html\" target=\"_blank\" rel=\"noopener\">Gaudium et Spes<\/a> del 1965.<br \/>\nQuesto principio si basa sullo sviluppo sostenibile, un approccio interconnesso che coinvolge tre pilastri principali: l&#8217;<strong>ambiente<\/strong>, l&#8217;<strong>economia<\/strong> e la <strong>societ\u00e0<\/strong>.\n\t\t\t\t\t\t\t<img loading=\"lazy\" decoding=\"async\" src=\"https:\/\/gimeco.com\/wp-content\/uploads\/2023\/11\/venn-diagram-sustainable-development-630x630.webp\" alt=\"venn-diagram-sustainable-development\" itemprop=\"image\" height=\"630\" width=\"630\" title=\"venn-diagram-sustainable-development\" onerror=\"this.style.display='none'\"  sizes=\"auto, (max-width: 768px) 100vw, 100vw\" srcset=\"https:\/\/gimeco.com\/wp-content\/uploads\/2023\/11\/venn-diagram-sustainable-development-630x630.webp 630w, https:\/\/gimeco.com\/wp-content\/uploads\/2023\/11\/venn-diagram-sustainable-development-300x300.webp 300w, https:\/\/gimeco.com\/wp-content\/uploads\/2023\/11\/venn-diagram-sustainable-development-150x150.webp 150w, https:\/\/gimeco.com\/wp-content\/uploads\/2023\/11\/venn-diagram-sustainable-development-768x768.webp 768w, https:\/\/gimeco.com\/wp-content\/uploads\/2023\/11\/venn-diagram-sustainable-development-420x420.webp 420w, https:\/\/gimeco.com\/wp-content\/uploads\/2023\/11\/venn-diagram-sustainable-development-315x315.webp 315w, https:\/\/gimeco.com\/wp-content\/uploads\/2023\/11\/venn-diagram-sustainable-development-100x100.webp 100w, https:\/\/gimeco.com\/wp-content\/uploads\/2023\/11\/venn-diagram-sustainable-development.webp 800w\" \/>\t\t\t\t\t\t\t\n\tSostenibilit\u00e0 ambientale<br \/>\nSi concentra sulla riduzione dell&#8217;impatto delle attivit\u00e0 umane sul mondo naturale. Comprende gli sforzi per conservare le risorse, ridurre l&#8217;inquinamento, proteggere gli ecosistemi e mitigare i cambiamenti climatici.\nSostenibilit\u00e0 economica<br \/>\nSottolinea l&#8217;uso responsabile delle risorse per sostenere il benessere economico attuale e futuro. Comprende pratiche come il consumo responsabile, il commercio equo e solidale e gli investimenti in energie e tecnologie rinnovabili.\nSostenibilit\u00e0 sociale<br \/>\nSi concentra sulla garanzia che le societ\u00e0 siano inclusive, eque e giuste. Affronta questioni come la povert\u00e0, la disuguaglianza sociale, l&#8217;accesso all&#8217;istruzione e all&#8217;assistenza sanitaria e il benessere generale e la qualit\u00e0 della vita di tutti i membri di una comunit\u00e0.\n\tLa sostenibilit\u00e0 nel suo complesso cerca di <strong>bilanciare questi tre elementi<\/strong> per creare uno stile di vita armonioso e sostenibile. Spesso comporta scelte che promuovono il benessere a lungo termine, riducono al minimo gli impatti ambientali negativi e garantiscono l&#8217;equit\u00e0 sociale. Varie strategie e iniziative, sia a livello individuale che collettivo, mirano a raggiungere la sostenibilit\u00e0 in settori quali lo stile di vita personale, l&#8217;energia, l&#8217;agricoltura, l&#8217;industria, la pianificazione urbana e la <strong>gestione delle risorse<\/strong>.<br \/>\nNonostante la crescente popolarit\u00e0 del termine &#8220;sostenibilit\u00e0&#8221;, il raggiungimento degli obiettivi <strong>rimane incerto<\/strong> a causa del degrado ambientale, dei cambiamenti climatici, del consumo eccessivo, della crescita della popolazione e della crescita economica illimitata in un sistema chiuso.\n<h2>\n\t<strong>Sostenibilit\u00e0 <\/strong>nella zincatura a caldo\n\t<\/h2>\n\t<p>La zincatura, il processo di protezione dalla corrosione in cui la superficie dell&#8217;acciaio si lega con lo zinco generando uno strato resistente che impedisce all&#8217;acciaio di arrugginire, \u00e8 naturalmente <strong>votata alla sostenibilit\u00e0<\/strong> e risponde alle esigenze architettoniche, ingegneristiche, costruttive e di sicurezza in molti campi.<\/p>\n<p>Due beni naturali come l&#8217;acciaio e lo zinco, legandosi tra loro, danno origine a qualcosa di <strong>quasi indistruttibile<\/strong> che contribuisce all&#8217;<strong>economia circolare.<\/strong><\/p>\n\t<p><strong>La sostenibilit\u00e0 dell&#8217;acciaio zincato pu\u00f2 essere sintetizzata in:<\/strong><\/p>\n<ul>\n<li>Utilizzo di risorse naturali<\/li>\n<li>Nessun o trascurabile inquinamento idrico<\/li>\n<li>Basso impatto ambientale grazie alla protezione di lunga durata dell&#8217;acciaio<\/li>\n<li>Investimenti iniziali moderati con un elevato ritorno<\/li>\n<li>Riciclabilit\u00e0<\/li>\n<\/ul>\n\t<p>La popolazione mondiale sta affrontando i <strong>pericolosi effetti<\/strong> del riscaldamento globale, insieme ai rischi correlati, alla carenza di risorse e di manodopera specializzata e alla riduzione dei flussi di cassa; tutti questi elementi rappresentano le <strong>principali minacce<\/strong> per la societ\u00e0 e l&#8217;economia globali, ora e in futuro.<\/p>\n<p>Poich\u00e9 l&#8217;acciaio zincato \u00e8 gi\u00e0 sostenibile di per s\u00e9, \u00e8 necessario che le leve orientate alla sostenibilit\u00e0 non risiedano soltanto nel contenuto del prodotto o nella ricerca di nuove destinazioni d&#8217;uso, ma piuttosto nell&#8217;<strong>ottimizzazione del processo <\/strong>e soprattutto degli <strong>equipaggiamenti<\/strong> degli impianti di zincatura.<\/p>\n\t<p><strong>Le unit\u00e0 produttive nuove o gi\u00e0 esistenti devono essere sottoposte a decisioni strategiche al fine di:<\/strong><\/p>\n<ul>\n<li>Garantire la produzione a lungo termine<\/li>\n<li>Rendere la produzione il meno impattante possibile per l&#8217;ambiente<\/li>\n<li>Ridurre lo stress sulle risorse migliorando la redditivit\u00e0<\/li>\n<li>Migliorare la tollerabilit\u00e0 e il comfort dell&#8217;ambiente di lavoro<\/li>\n<li>Contribuire a ridurre i rischi climatici <em>(o almeno la loro intensit\u00e0)<\/em><\/li>\n<\/ul>\n<h5>\n\tLA NOSTRA PROPOSTA\n\t<\/h5>\n<h3>\n\t<b>Raggiungere la sostenibilit\u00e0 <\/b>secondo GIMECO\n\t<\/h3>\n\t<p>Siamo all&#8217;avanguardia nell&#8217;innovazione della zincatura a caldo, <strong>anticipando e rispondendo<\/strong> alle crescenti esigenze di consumo energetico, decarbonizzazione, efficienza delle risorse, compreso l&#8217;impegno per l&#8217;economia circolare e la sopportabilit\u00e0 del lavoro umano. Il nostro <strong>approccio proattivo<\/strong> esemplifica davvero la nostra dedizione alla sostenibilit\u00e0.<\/p>\n\t<p><strong>Qual \u00e8 la ricetta per la sostenibilit\u00e0 che promuoviamo con le nostre soluzioni?<\/strong><\/p>\n<ul>\n<li>Sistemi di riscaldamento ottimizzati, anche attraverso la conversione a fonti di energia pi\u00f9 ecologiche.<\/li>\n<li>Razionalizzazione dei consumi energetici grazie a sinergie digitali e a progetti modernizzati dei sistemi<\/li>\n<li>Confinamento e filtraggio di vapori e fumi dannosi<\/li>\n<li>Drastica riduzione delle emissioni di CO<sub>2 <\/sub>e di altri inquinanti<\/li>\n<li>Servizi che promuovono l&#8217;estensione della durata di vita dei sistemi con conseguente risparmio sulle spese in conto capitale<\/li>\n<li>Maggiore tollerabilit\u00e0 e comfort del lavoro grazie al supporto di soluzioni ergonomiche ed automatiche<\/li>\n<li>Ambiente di lavoro pi\u00f9 sicuro e pulito<\/li>\n<\/ul>\n\t<ul>\n<li><a href=\"https:\/\/gimeco.com\/it\/forni\/#4\">Forni elettrici<\/a><\/li>\n<li><a href=\"https:\/\/gimeco.com\/it\/forni\/#3\">Forni ibridi dual-chamber\u2122<\/a><\/li>\n<li><a href=\"https:\/\/gimeco.com\/it\/forni\/#1\">Forni a dual-chamber\u2122\u00a0ad alta velocit\u00e0<\/a><\/li>\n<li>Sistemi di riscaldamento a idrogeno<\/li>\n<li><a href=\"https:\/\/gimeco.com\/it\/vasche-ed-equipaggiamenti-ausiliari\/#1\">Sistemi ausiliari per il recupero del calore<\/a><\/li>\n<\/ul>\n\t<ul>\n<li><a href=\"https:\/\/gimeco.com\/it\/software\/#2\">Productivity pack\u2122<\/a><\/li>\n<li><a href=\"https:\/\/gimeco.com\/it\/software\/#3\">Suite herMES\u2122<\/a><\/li>\n<li><a href=\"https:\/\/gimeco.com\/it\/software\/#4\">Gestione intelligente forni<\/a><\/li>\n<li><a href=\"https:\/\/gimeco.com\/it\/software\/#5\">Gestione delle risorse iknow\u2122<\/a><\/li>\n<\/ul>\n\t<ul>\n<li><a href=\"https:\/\/gimeco.com\/it\/movimentazione-automazione\/#2\">Sistemi altamente automatizzati<\/a><\/li>\n<li><a href=\"https:\/\/gimeco.com\/it\/mover\/\">Movimentazione intelligente MOVER\u2122<\/a><\/li>\n<li><a href=\"https:\/\/gimeco.com\/it\/pretrattamento-post-processo\/#2\">Strutture per il confinamento dei fumi e dei vapori acidi<\/a><\/li>\n<\/ul>\n\t<ul>\n<li><a href=\"https:\/\/gimeco.com\/it\/software\/#6\">Suite di gestione della manutenzione AIM\u2122<\/a><\/li>\n<li><a href=\"https:\/\/gimeco.com\/it\/software\/#7\">Assistenza da remoto digitale<\/a><\/li>\n<\/ul>\n\n<\/div><!-- .vgblk-rw-wrapper -->","protected":false},"excerpt":{"rendered":"<p>La sostenibilit\u00e0 \u00e8 un approccio olistico che mira a \u00a0soddisfare i bisogni del presente senza compromettere la capacit\u00e0 delle generazioni future di soddisfare i propri. Il termine &#8220;sviluppo sostenibile&#8221; \u00e8 stato introdotto per la prima volta nel Rapporto Brundtland del 1987, mentre la prima volta che \u00e8 stato menzionato il concetto di sostenibilit\u00e0 intergenerazionale risale&#8230;<\/p>\n","protected":false},"author":1,"featured_media":0,"parent":0,"menu_order":0,"comment_status":"closed","ping_status":"closed","template":"","meta":{"inline_featured_image":false,"footnotes":""},"class_list":["post-20259","page","type-page","status-publish","hentry"],"yoast_head":"<!-- This site is optimized with the Yoast SEO plugin v26.4 - https:\/\/yoast.com\/wordpress\/plugins\/seo\/ -->\n<title>Sostenibilit\u00e0 | GIMECO Impianti<\/title>\n<meta name=\"description\" content=\"La sostenibilit\u00e0 \u00e8 un approccio olistico che mira a soddisfare i bisogni del presente senza compromettere la capacit\u00e0 di generazioni future\" \/>\n<meta name=\"robots\" content=\"index, follow, max-snippet:-1, max-image-preview:large, max-video-preview:-1\" \/>\n<link rel=\"canonical\" href=\"https:\/\/gimeco.com\/it\/sostenibilita\/\" \/>\n<meta property=\"og:locale\" content=\"it_IT\" \/>\n<meta property=\"og:type\" content=\"article\" \/>\n<meta property=\"og:title\" content=\"Sostenibilit\u00e0 | GIMECO Impianti\" \/>\n<meta property=\"og:description\" content=\"La sostenibilit\u00e0 \u00e8 un approccio olistico che mira a soddisfare i bisogni del presente senza compromettere la capacit\u00e0 di generazioni future\" \/>\n<meta property=\"og:url\" content=\"https:\/\/gimeco.com\/it\/sostenibilita\/\" \/>\n<meta property=\"og:site_name\" content=\"GIMECO Impianti\" \/>\n<meta property=\"article:publisher\" content=\"https:\/\/www.facebook.com\/gimecogroup\" \/>\n<meta property=\"article:modified_time\" content=\"2025-08-28T13:59:35+00:00\" \/>\n<meta property=\"og:image\" content=\"https:\/\/gimeco.com\/wp-content\/uploads\/2023\/11\/venn-diagram-sustainable-development-630x630.webp\" \/>\n<script type=\"application\/ld+json\" class=\"yoast-schema-graph\">{\"@context\":\"https:\/\/schema.org\",\"@graph\":[{\"@type\":\"WebPage\",\"@id\":\"https:\/\/gimeco.com\/it\/sostenibilita\/\",\"url\":\"https:\/\/gimeco.com\/it\/sostenibilita\/\",\"name\":\"Sostenibilit\u00e0 | GIMECO Impianti\",\"isPartOf\":{\"@id\":\"https:\/\/gimeco.com\/#website\"},\"primaryImageOfPage\":{\"@id\":\"https:\/\/gimeco.com\/it\/sostenibilita\/#primaryimage\"},\"image\":{\"@id\":\"https:\/\/gimeco.com\/it\/sostenibilita\/#primaryimage\"},\"thumbnailUrl\":\"https:\/\/gimeco.com\/wp-content\/uploads\/2023\/11\/venn-diagram-sustainable-development-630x630.webp\",\"datePublished\":\"2017-07-31T13:05:22+00:00\",\"dateModified\":\"2025-08-28T13:59:35+00:00\",\"description\":\"La sostenibilit\u00e0 \u00e8 un approccio olistico che mira a soddisfare i bisogni del presente senza compromettere la capacit\u00e0 di generazioni future\",\"breadcrumb\":{\"@id\":\"https:\/\/gimeco.com\/it\/sostenibilita\/#breadcrumb\"},\"inLanguage\":\"it-IT\",\"potentialAction\":[{\"@type\":\"ReadAction\",\"target\":[\"https:\/\/gimeco.com\/it\/sostenibilita\/\"]}]},{\"@type\":\"ImageObject\",\"inLanguage\":\"it-IT\",\"@id\":\"https:\/\/gimeco.com\/it\/sostenibilita\/#primaryimage\",\"url\":\"https:\/\/gimeco.com\/wp-content\/uploads\/2023\/11\/venn-diagram-sustainable-development-630x630.webp\",\"contentUrl\":\"https:\/\/gimeco.com\/wp-content\/uploads\/2023\/11\/venn-diagram-sustainable-development-630x630.webp\"},{\"@type\":\"BreadcrumbList\",\"@id\":\"https:\/\/gimeco.com\/it\/sostenibilita\/#breadcrumb\",\"itemListElement\":[{\"@type\":\"ListItem\",\"position\":1,\"name\":\"Home\",\"item\":\"https:\/\/gimeco.com\/it\/\"},{\"@type\":\"ListItem\",\"position\":2,\"name\":\"Sostenibilit\u00e0\"}]},{\"@type\":\"WebSite\",\"@id\":\"https:\/\/gimeco.com\/#website\",\"url\":\"https:\/\/gimeco.com\/\",\"name\":\"gimeco.com\",\"description\":\"Your Partner from A to Zink\",\"publisher\":{\"@id\":\"https:\/\/gimeco.com\/#organization\"},\"alternateName\":\"Gimeco\",\"potentialAction\":[{\"@type\":\"SearchAction\",\"target\":{\"@type\":\"EntryPoint\",\"urlTemplate\":\"https:\/\/gimeco.com\/?s={search_term_string}\"},\"query-input\":{\"@type\":\"PropertyValueSpecification\",\"valueRequired\":true,\"valueName\":\"search_term_string\"}}],\"inLanguage\":\"it-IT\"},{\"@type\":\"Organization\",\"@id\":\"https:\/\/gimeco.com\/#organization\",\"name\":\"Gimeco\",\"url\":\"https:\/\/gimeco.com\/\",\"logo\":{\"@type\":\"ImageObject\",\"inLanguage\":\"it-IT\",\"@id\":\"https:\/\/gimeco.com\/#\/schema\/logo\/image\/\",\"url\":\"https:\/\/gimeco.com\/wp-content\/uploads\/2023\/11\/Logo_GIMECO_StringNoPayoff-250.png\",\"contentUrl\":\"https:\/\/gimeco.com\/wp-content\/uploads\/2023\/11\/Logo_GIMECO_StringNoPayoff-250.png\",\"width\":250,\"height\":98,\"caption\":\"Gimeco\"},\"image\":{\"@id\":\"https:\/\/gimeco.com\/#\/schema\/logo\/image\/\"},\"sameAs\":[\"https:\/\/www.facebook.com\/gimecogroup\"]}]}<\/script>\n<!-- \/ Yoast SEO plugin. -->","yoast_head_json":{"title":"Sostenibilit\u00e0 | GIMECO Impianti","description":"La sostenibilit\u00e0 \u00e8 un approccio olistico che mira a soddisfare i bisogni del presente senza compromettere la capacit\u00e0 di generazioni future","robots":{"index":"index","follow":"follow","max-snippet":"max-snippet:-1","max-image-preview":"max-image-preview:large","max-video-preview":"max-video-preview:-1"},"canonical":"https:\/\/gimeco.com\/it\/sostenibilita\/","og_locale":"it_IT","og_type":"article","og_title":"Sostenibilit\u00e0 | GIMECO Impianti","og_description":"La sostenibilit\u00e0 \u00e8 un approccio olistico che mira a soddisfare i bisogni del presente senza compromettere la capacit\u00e0 di generazioni future","og_url":"https:\/\/gimeco.com\/it\/sostenibilita\/","og_site_name":"GIMECO Impianti","article_publisher":"https:\/\/www.facebook.com\/gimecogroup","article_modified_time":"2025-08-28T13:59:35+00:00","og_image":[{"url":"https:\/\/gimeco.com\/wp-content\/uploads\/2023\/11\/venn-diagram-sustainable-development-630x630.webp","type":"","width":"","height":""}],"schema":{"@context":"https:\/\/schema.org","@graph":[{"@type":"WebPage","@id":"https:\/\/gimeco.com\/it\/sostenibilita\/","url":"https:\/\/gimeco.com\/it\/sostenibilita\/","name":"Sostenibilit\u00e0 | GIMECO Impianti","isPartOf":{"@id":"https:\/\/gimeco.com\/#website"},"primaryImageOfPage":{"@id":"https:\/\/gimeco.com\/it\/sostenibilita\/#primaryimage"},"image":{"@id":"https:\/\/gimeco.com\/it\/sostenibilita\/#primaryimage"},"thumbnailUrl":"https:\/\/gimeco.com\/wp-content\/uploads\/2023\/11\/venn-diagram-sustainable-development-630x630.webp","datePublished":"2017-07-31T13:05:22+00:00","dateModified":"2025-08-28T13:59:35+00:00","description":"La sostenibilit\u00e0 \u00e8 un approccio olistico che mira a soddisfare i bisogni del presente senza compromettere la capacit\u00e0 di generazioni future","breadcrumb":{"@id":"https:\/\/gimeco.com\/it\/sostenibilita\/#breadcrumb"},"inLanguage":"it-IT","potentialAction":[{"@type":"ReadAction","target":["https:\/\/gimeco.com\/it\/sostenibilita\/"]}]},{"@type":"ImageObject","inLanguage":"it-IT","@id":"https:\/\/gimeco.com\/it\/sostenibilita\/#primaryimage","url":"https:\/\/gimeco.com\/wp-content\/uploads\/2023\/11\/venn-diagram-sustainable-development-630x630.webp","contentUrl":"https:\/\/gimeco.com\/wp-content\/uploads\/2023\/11\/venn-diagram-sustainable-development-630x630.webp"},{"@type":"BreadcrumbList","@id":"https:\/\/gimeco.com\/it\/sostenibilita\/#breadcrumb","itemListElement":[{"@type":"ListItem","position":1,"name":"Home","item":"https:\/\/gimeco.com\/it\/"},{"@type":"ListItem","position":2,"name":"Sostenibilit\u00e0"}]},{"@type":"WebSite","@id":"https:\/\/gimeco.com\/#website","url":"https:\/\/gimeco.com\/","name":"gimeco.com","description":"Your Partner from A to Zink","publisher":{"@id":"https:\/\/gimeco.com\/#organization"},"alternateName":"Gimeco","potentialAction":[{"@type":"SearchAction","target":{"@type":"EntryPoint","urlTemplate":"https:\/\/gimeco.com\/?s={search_term_string}"},"query-input":{"@type":"PropertyValueSpecification","valueRequired":true,"valueName":"search_term_string"}}],"inLanguage":"it-IT"},{"@type":"Organization","@id":"https:\/\/gimeco.com\/#organization","name":"Gimeco","url":"https:\/\/gimeco.com\/","logo":{"@type":"ImageObject","inLanguage":"it-IT","@id":"https:\/\/gimeco.com\/#\/schema\/logo\/image\/","url":"https:\/\/gimeco.com\/wp-content\/uploads\/2023\/11\/Logo_GIMECO_StringNoPayoff-250.png","contentUrl":"https:\/\/gimeco.com\/wp-content\/uploads\/2023\/11\/Logo_GIMECO_StringNoPayoff-250.png","width":250,"height":98,"caption":"Gimeco"},"image":{"@id":"https:\/\/gimeco.com\/#\/schema\/logo\/image\/"},"sameAs":["https:\/\/www.facebook.com\/gimecogroup"]}]}},"_links":{"self":[{"href":"https:\/\/gimeco.com\/it\/wp-json\/wp\/v2\/pages\/20259","targetHints":{"allow":["GET"]}}],"collection":[{"href":"https:\/\/gimeco.com\/it\/wp-json\/wp\/v2\/pages"}],"about":[{"href":"https:\/\/gimeco.com\/it\/wp-json\/wp\/v2\/types\/page"}],"author":[{"embeddable":true,"href":"https:\/\/gimeco.com\/it\/wp-json\/wp\/v2\/users\/1"}],"replies":[{"embeddable":true,"href":"https:\/\/gimeco.com\/it\/wp-json\/wp\/v2\/comments?post=20259"}],"version-history":[{"count":21,"href":"https:\/\/gimeco.com\/it\/wp-json\/wp\/v2\/pages\/20259\/revisions"}],"predecessor-version":[{"id":25622,"href":"https:\/\/gimeco.com\/it\/wp-json\/wp\/v2\/pages\/20259\/revisions\/25622"}],"wp:attachment":[{"href":"https:\/\/gimeco.com\/it\/wp-json\/wp\/v2\/media?parent=20259"}],"curies":[{"name":"wp","href":"https:\/\/api.w.org\/{rel}","templated":true}]}}